{"id":255133,"date":"2025-10-22T14:18:19","date_gmt":"2025-10-22T12:18:19","guid":{"rendered":"https:\/\/www.csj-emballages.com\/produit\/papel-kraft-ondulado-5-kg\/"},"modified":"2026-04-16T02:10:47","modified_gmt":"2026-04-16T00:10:47","slug":"papel-kraft-ondulado-5-kg","status":"publish","type":"product","link":"https:\/\/www.csj-emballages.com\/pt-pt\/produit\/papel-kraft-ondulado-5-kg\/","title":{"rendered":"Papel kraft ondulado 5 kg"},"content":{"rendered":"<h2 class=\"p1\">Crava\u00e7\u00e3o de papel<\/h2>\n<hr>\n<h3>Descri\u00e7\u00e3o do nosso papel kraft frisado 5 kg<\/h3>\n<p><!--more--><\/p>\n<p data-start=\"143\" data-end=\"539\"><strong data-start=\"146\" data-end=\"178\">O papel kraft frisado de 5 kg<\/strong> \u00e9 indispens\u00e1vel quando se pretende preparar encomendas atractivas sem complicar a vida. Protege, amortece e, acima de tudo, d\u00e1 imediatamente \u00e0 sua embalagem um aspeto limpo e quente. Quer esteja a enviar produtos fr\u00e1geis, a encher cestos gourmet ou simplesmente a fazer uma apresenta\u00e7\u00e3o bonita, faz realmente a diferen\u00e7a.<\/p>\n<p data-start=\"541\" data-end=\"917\">E o seu aspeto <strong>kraft<\/strong> vai a todo o lado. Est\u00e1 t\u00e3o \u00e0 vontade num ambiente natural como num ambiente mais moderno. Pode ser utilizado para artesanato, produtos alimentares, garrafas ou mesmo objectos de decora\u00e7\u00e3o. Gra\u00e7as \u00e0 sua leveza e boa fixa\u00e7\u00e3o, absorve os choques sem esmagar, ajudando os seus produtos a chegarem em perfeitas condi\u00e7\u00f5es.   <\/p>\n<p data-start=\"919\" data-end=\"1304\">A outra vantagem \u00e9 que \u00e9 f\u00e1cil de utilizar: basta pegar nele, coloc\u00e1-lo onde quiser e est\u00e1 pronto a usar. Preenche bem o espa\u00e7o e mant\u00e9m-se no lugar em caixas ou cestos. Como \u00e9 feito de <strong>papel recicl\u00e1vel<\/strong>, tamb\u00e9m faz parte de uma abordagem mais respons\u00e1vel, que os seus clientes ir\u00e3o sem d\u00favida notar.  <\/p>\n<p data-start=\"1306\" data-end=\"1530\">E como um quilo \u00e9 muito, tem o suficiente para preparar v\u00e1rias embalagens antes de se esgotar. \u00c9 ideal se tiver uma loja, um neg\u00f3cio online ou se preparar regularmente conjuntos de oferta. <\/p>\n<p><!--more--><\/p>\n<p><strong>Vantagens :<\/strong><\/p>\n<ul>\n<li data-start=\"1557\" data-end=\"1594\">D\u00e1 um acabamento quente e limpo<\/li>\n<li data-start=\"1597\" data-end=\"1624\">Protege bem os produtos<\/li>\n<li data-start=\"1627\" data-end=\"1660\">Simples de utilizar e distribuir<\/li>\n<li data-start=\"1663\" data-end=\"1692\"><strong>Recicl\u00e1vel<\/strong>, portanto mais ecol\u00f3gico<\/li>\n<li data-start=\"1695\" data-end=\"1730\">Formato <strong>de 5 kg<\/strong> perfeito para profissionais.<\/li>\n<\/ul>\n<p>&nbsp;<\/p>\n<p><!--more--><\/p>\n<h4>Outras informa\u00e7\u00f5es :<\/h4>\n<ul>\n<li><strong>Embalagem<\/strong>: Pacote de 5kg<\/li>\n<li><strong>Cor<\/strong>: castanho<\/li>\n<li><strong>Material<\/strong>: Papel<\/li>\n<\/ul>\n<p>&nbsp;<\/p>\n<p><!--more--><\/p>\n<p>Descubra tamb\u00e9m a nossa crava\u00e7\u00e3o para madeira : <span style=\"color: #d12727;\"><a style=\"color: #d12727;\" href=\"https:\/\/www.csj-emballages.com\/es\/produit\/virutas-de-madera-natural-5-kg\/\">80370<\/a><\/span><\/p>\n<p>&nbsp;<\/p>\n<p><!--more--><\/p>\n<p>Este rolo de papel de 5 kg tamb\u00e9m est\u00e1 dispon\u00edvel em 1 kg: <span style=\"color: #d12727;\"><a style=\"color: #d12727;\" href=\"https:\/\/www.csj-emballages.com\/es\/produit\/papel-kraft-rizado-1-kg\/\">80371<\/a><\/span><\/p>\n<p>&nbsp;<\/p>\n<p><!--more--><\/p>\n<p><a href=\"\/?product_cat=frisure\">Consulte o resto da nossa gama de frisados<\/a><\/p>\n","protected":false},"excerpt":{"rendered":"<p>Crava\u00e7\u00e3o de papel Descri\u00e7\u00e3o do nosso papel kraft frisado 5 kg<\/p>\n","protected":false},"featured_media":255127,"template":"","meta":{"_acf_changed":false},"product_brand":[],"product_cat":[1141,1482,3922,9388],"product_tag":[],"class_list":{"0":"post-255133","1":"product","2":"type-product","3":"status-publish","4":"has-post-thumbnail","6":"product_cat-embalagem-de-alimentos","7":"product_cat-loja-e-armazem","8":"product_cat-acessorios-e-equipamentos-pt-pt","9":"product_cat-frisado","11":"first","12":"instock","13":"taxable","14":"shipping-taxable","15":"purchasable","16":"product-type-simple"},"acf":[],"yoast_head":"<!-- This site is optimized with the Yoast SEO Premium plugin v26.6 (Yoast SEO v26.6) - https:\/\/yoast.com\/wordpress\/plugins\/seo\/ -->\n<title>Papel Kraft Ondulado 5 kg<\/title>\n<meta name=\"description\" content=\"Papel kraft ondulado de 5 kg: perfeito para proteger, acolchoar e embelezar as suas encomendas. Simples, natural e ideal para profissionais e designers.\" \/>\n<meta name=\"robots\" content=\"index, follow, max-snippet:-1, max-image-preview:large, max-video-preview:-1\" \/>\n<link rel=\"canonical\" href=\"https:\/\/www.csj-emballages.com\/pt-pt\/produit\/papel-kraft-ondulado-5-kg\/\" \/>\n<meta property=\"og:locale\" content=\"pt_PT\" \/>\n<meta property=\"og:type\" content=\"article\" \/>\n<meta property=\"og:title\" content=\"Papel kraft ondulado 5 kg\" \/>\n<meta property=\"og:description\" content=\"Papel kraft ondulado de 5 kg: perfeito para proteger, acolchoar e embelezar as suas encomendas. Simples, natural e ideal para profissionais e designers.\" \/>\n<meta property=\"og:url\" content=\"https:\/\/www.csj-emballages.com\/pt-pt\/produit\/papel-kraft-ondulado-5-kg\/\" \/>\n<meta property=\"og:site_name\" content=\"CSJ Emballages\" \/>\n<meta property=\"article:publisher\" content=\"https:\/\/www.facebook.com\/csjemballages\" \/>\n<meta property=\"article:modified_time\" content=\"2026-04-16T00:10:47+00:00\" \/>\n<meta property=\"og:image\" content=\"https:\/\/www.csj-emballages.com\/wp-content\/uploads\/2025\/10\/frisure-2-Photoroom.webp\" \/>\n\t<meta property=\"og:image:width\" content=\"800\" \/>\n\t<meta property=\"og:image:height\" content=\"800\" \/>\n\t<meta property=\"og:image:type\" content=\"image\/png\" \/>\n<meta name=\"twitter:card\" content=\"summary_large_image\" \/>\n<meta name=\"twitter:label1\" content=\"Tempo estimado de leitura\" \/>\n\t<meta name=\"twitter:data1\" content=\"1 minuto\" \/>\n<script type=\"application\/ld+json\" class=\"yoast-schema-graph\">{\"@context\":\"https:\/\/schema.org\",\"@graph\":[{\"@type\":\"WebPage\",\"@id\":\"https:\/\/www.csj-emballages.com\/pt-pt\/produit\/papel-kraft-ondulado-5-kg\/\",\"url\":\"https:\/\/www.csj-emballages.com\/pt-pt\/produit\/papel-kraft-ondulado-5-kg\/\",\"name\":\"Papel Kraft Ondulado 5 kg\",\"isPartOf\":{\"@id\":\"https:\/\/www.csj-emballages.com\/pt-pt\/#website\"},\"primaryImageOfPage\":{\"@id\":\"https:\/\/www.csj-emballages.com\/pt-pt\/produit\/papel-kraft-ondulado-5-kg\/#primaryimage\"},\"image\":{\"@id\":\"https:\/\/www.csj-emballages.com\/pt-pt\/produit\/papel-kraft-ondulado-5-kg\/#primaryimage\"},\"thumbnailUrl\":\"https:\/\/www.csj-emballages.com\/wp-content\/uploads\/2025\/10\/frisure-2-Photoroom.webp\",\"datePublished\":\"2025-10-22T12:18:19+00:00\",\"dateModified\":\"2026-04-16T00:10:47+00:00\",\"description\":\"Papel kraft ondulado de 5 kg: perfeito para proteger, acolchoar e embelezar as suas encomendas. Simples, natural e ideal para profissionais e designers.\",\"breadcrumb\":{\"@id\":\"https:\/\/www.csj-emballages.com\/pt-pt\/produit\/papel-kraft-ondulado-5-kg\/#breadcrumb\"},\"inLanguage\":\"pt-PT\",\"potentialAction\":[{\"@type\":\"ReadAction\",\"target\":[\"https:\/\/www.csj-emballages.com\/pt-pt\/produit\/papel-kraft-ondulado-5-kg\/\"]}]},{\"@type\":\"ImageObject\",\"inLanguage\":\"pt-PT\",\"@id\":\"https:\/\/www.csj-emballages.com\/pt-pt\/produit\/papel-kraft-ondulado-5-kg\/#primaryimage\",\"url\":\"https:\/\/www.csj-emballages.com\/wp-content\/uploads\/2025\/10\/frisure-2-Photoroom.webp\",\"contentUrl\":\"https:\/\/www.csj-emballages.com\/wp-content\/uploads\/2025\/10\/frisure-2-Photoroom.webp\",\"width\":800,\"height\":800,\"caption\":\"Frisure de papier\"},{\"@type\":\"BreadcrumbList\",\"@id\":\"https:\/\/www.csj-emballages.com\/pt-pt\/produit\/papel-kraft-ondulado-5-kg\/#breadcrumb\",\"itemListElement\":[{\"@type\":\"ListItem\",\"position\":1,\"name\":\"Acolhimento\",\"item\":\"https:\/\/www.csj-emballages.com\/pt-pt\/universo-das-embalagens-alimentares\/\"},{\"@type\":\"ListItem\",\"position\":2,\"name\":\"Shop\",\"item\":\"https:\/\/www.csj-emballages.com\/shop\/\"},{\"@type\":\"ListItem\",\"position\":3,\"name\":\"Papel kraft ondulado 5 kg\"}]},{\"@type\":\"WebSite\",\"@id\":\"https:\/\/www.csj-emballages.com\/pt-pt\/#website\",\"url\":\"https:\/\/www.csj-emballages.com\/pt-pt\/\",\"name\":\"CSJ Emballages\",\"description\":\"\",\"publisher\":{\"@id\":\"https:\/\/www.csj-emballages.com\/pt-pt\/#organization\"},\"potentialAction\":[{\"@type\":\"SearchAction\",\"target\":{\"@type\":\"EntryPoint\",\"urlTemplate\":\"https:\/\/www.csj-emballages.com\/pt-pt\/?s={search_term_string}\"},\"query-input\":{\"@type\":\"PropertyValueSpecification\",\"valueRequired\":true,\"valueName\":\"search_term_string\"}}],\"inLanguage\":\"pt-PT\"},{\"@type\":\"Organization\",\"@id\":\"https:\/\/www.csj-emballages.com\/pt-pt\/#Organization\/\",\"name\":\"CSJ Emballages\",\"url\":\"https:\/\/www.csj-emballages.com\/pt-pt\/\",\"logo\":{\"@type\":\"ImageObject\",\"inLanguage\":\"pt-PT\",\"@id\":\"https:\/\/www.csj-emballages.com\/pt-pt\/#\/schema\/logo\/image\/\",\"url\":\"https:\/\/www.csj-emballages.com\/wp-content\/uploads\/2023\/10\/logo_csj.webp\",\"contentUrl\":\"https:\/\/www.csj-emballages.com\/wp-content\/uploads\/2023\/10\/logo_csj.webp\",\"width\":250,\"height\":95,\"caption\":\"CSJ Emballages\"},\"image\":{\"@id\":\"https:\/\/www.csj-emballages.com\/pt-pt\/#\/schema\/logo\/image\/\"},\"sameAs\":[\"https:\/\/www.facebook.com\/csjemballages\"],\"address\":{\"@type\":\"PostalAddress\",\"streetAddress\":\"ZI La Lechere\",\"addressLocality\":\"Patornay\",\"postalCode\":\"39130\",\"addressCountry\":\"FR\"},\"contactPoint\":[{\"@type\":\"ContactPoint\",\"contactType\":\"Service client\",\"telephone\":\"0384254272\",\"email\":\"contact@csj-emballages.com\"}]}]}<\/script>\n<!-- \/ Yoast SEO Premium plugin. -->","yoast_head_json":{"title":"Papel Kraft Ondulado 5 kg","description":"Papel kraft ondulado de 5 kg: perfeito para proteger, acolchoar e embelezar as suas encomendas. Simples, natural e ideal para profissionais e designers.","robots":{"index":"index","follow":"follow","max-snippet":"max-snippet:-1","max-image-preview":"max-image-preview:large","max-video-preview":"max-video-preview:-1"},"canonical":"https:\/\/www.csj-emballages.com\/pt-pt\/produit\/papel-kraft-ondulado-5-kg\/","og_locale":"pt_PT","og_type":"article","og_title":"Papel kraft ondulado 5 kg","og_description":"Papel kraft ondulado de 5 kg: perfeito para proteger, acolchoar e embelezar as suas encomendas. Simples, natural e ideal para profissionais e designers.","og_url":"https:\/\/www.csj-emballages.com\/pt-pt\/produit\/papel-kraft-ondulado-5-kg\/","og_site_name":"CSJ Emballages","article_publisher":"https:\/\/www.facebook.com\/csjemballages","article_modified_time":"2026-04-16T00:10:47+00:00","og_image":[{"width":800,"height":800,"url":"https:\/\/www.csj-emballages.com\/wp-content\/uploads\/2025\/10\/frisure-2-Photoroom.webp","type":"image\/png"}],"twitter_card":"summary_large_image","twitter_misc":{"Tempo estimado de leitura":"1 minuto"},"schema":{"@context":"https:\/\/schema.org","@graph":[{"@type":"WebPage","@id":"https:\/\/www.csj-emballages.com\/pt-pt\/produit\/papel-kraft-ondulado-5-kg\/","url":"https:\/\/www.csj-emballages.com\/pt-pt\/produit\/papel-kraft-ondulado-5-kg\/","name":"Papel Kraft Ondulado 5 kg","isPartOf":{"@id":"https:\/\/www.csj-emballages.com\/pt-pt\/#website"},"primaryImageOfPage":{"@id":"https:\/\/www.csj-emballages.com\/pt-pt\/produit\/papel-kraft-ondulado-5-kg\/#primaryimage"},"image":{"@id":"https:\/\/www.csj-emballages.com\/pt-pt\/produit\/papel-kraft-ondulado-5-kg\/#primaryimage"},"thumbnailUrl":"https:\/\/www.csj-emballages.com\/wp-content\/uploads\/2025\/10\/frisure-2-Photoroom.webp","datePublished":"2025-10-22T12:18:19+00:00","dateModified":"2026-04-16T00:10:47+00:00","description":"Papel kraft ondulado de 5 kg: perfeito para proteger, acolchoar e embelezar as suas encomendas. Simples, natural e ideal para profissionais e designers.","breadcrumb":{"@id":"https:\/\/www.csj-emballages.com\/pt-pt\/produit\/papel-kraft-ondulado-5-kg\/#breadcrumb"},"inLanguage":"pt-PT","potentialAction":[{"@type":"ReadAction","target":["https:\/\/www.csj-emballages.com\/pt-pt\/produit\/papel-kraft-ondulado-5-kg\/"]}]},{"@type":"ImageObject","inLanguage":"pt-PT","@id":"https:\/\/www.csj-emballages.com\/pt-pt\/produit\/papel-kraft-ondulado-5-kg\/#primaryimage","url":"https:\/\/www.csj-emballages.com\/wp-content\/uploads\/2025\/10\/frisure-2-Photoroom.webp","contentUrl":"https:\/\/www.csj-emballages.com\/wp-content\/uploads\/2025\/10\/frisure-2-Photoroom.webp","width":800,"height":800,"caption":"Frisure de papier"},{"@type":"BreadcrumbList","@id":"https:\/\/www.csj-emballages.com\/pt-pt\/produit\/papel-kraft-ondulado-5-kg\/#breadcrumb","itemListElement":[{"@type":"ListItem","position":1,"name":"Acolhimento","item":"https:\/\/www.csj-emballages.com\/pt-pt\/universo-das-embalagens-alimentares\/"},{"@type":"ListItem","position":2,"name":"Shop","item":"https:\/\/www.csj-emballages.com\/shop\/"},{"@type":"ListItem","position":3,"name":"Papel kraft ondulado 5 kg"}]},{"@type":"WebSite","@id":"https:\/\/www.csj-emballages.com\/pt-pt\/#website","url":"https:\/\/www.csj-emballages.com\/pt-pt\/","name":"CSJ Emballages","description":"","publisher":{"@id":"https:\/\/www.csj-emballages.com\/pt-pt\/#organization"},"potentialAction":[{"@type":"SearchAction","target":{"@type":"EntryPoint","urlTemplate":"https:\/\/www.csj-emballages.com\/pt-pt\/?s={search_term_string}"},"query-input":{"@type":"PropertyValueSpecification","valueRequired":true,"valueName":"search_term_string"}}],"inLanguage":"pt-PT"},{"@type":"Organization","@id":"https:\/\/www.csj-emballages.com\/pt-pt\/#Organization\/","name":"CSJ Emballages","url":"https:\/\/www.csj-emballages.com\/pt-pt\/","logo":{"@type":"ImageObject","inLanguage":"pt-PT","@id":"https:\/\/www.csj-emballages.com\/pt-pt\/#\/schema\/logo\/image\/","url":"https:\/\/www.csj-emballages.com\/wp-content\/uploads\/2023\/10\/logo_csj.webp","contentUrl":"https:\/\/www.csj-emballages.com\/wp-content\/uploads\/2023\/10\/logo_csj.webp","width":250,"height":95,"caption":"CSJ Emballages"},"image":{"@id":"https:\/\/www.csj-emballages.com\/pt-pt\/#\/schema\/logo\/image\/"},"sameAs":["https:\/\/www.facebook.com\/csjemballages"],"address":{"@type":"PostalAddress","streetAddress":"ZI La Lechere","addressLocality":"Patornay","postalCode":"39130","addressCountry":"FR"},"contactPoint":[{"@type":"ContactPoint","contactType":"Service client","telephone":"0384254272","email":"contact@csj-emballages.com"}]}]}},"df_price":27.91,"df_sale_price":"","df_regular_price":27.91,"df_image_link":"https:\/\/www.csj-emballages.com\/wp-content\/uploads\/2025\/10\/frisure-2-Photoroom-300x300.webp","tiered_pricing_type":"fixed","tiered_pricing_fixed_rules":[],"tiered_pricing_percentage_rules":[],"tiered_pricing_minimum":1,"tiered_pricing_roles_data":[],"_links":{"self":[{"href":"https:\/\/www.csj-emballages.com\/pt-pt\/wp-json\/wp\/v2\/product\/255133","targetHints":{"allow":["GET"]}}],"collection":[{"href":"https:\/\/www.csj-emballages.com\/pt-pt\/wp-json\/wp\/v2\/product"}],"about":[{"href":"https:\/\/www.csj-emballages.com\/pt-pt\/wp-json\/wp\/v2\/types\/product"}],"wp:featuredmedia":[{"embeddable":true,"href":"https:\/\/www.csj-emballages.com\/pt-pt\/wp-json\/wp\/v2\/media\/255127"}],"wp:attachment":[{"href":"https:\/\/www.csj-emballages.com\/pt-pt\/wp-json\/wp\/v2\/media?parent=255133"}],"wp:term":[{"taxonomy":"product_brand","embeddable":true,"href":"https:\/\/www.csj-emballages.com\/pt-pt\/wp-json\/wp\/v2\/product_brand?post=255133"},{"taxonomy":"product_cat","embeddable":true,"href":"https:\/\/www.csj-emballages.com\/pt-pt\/wp-json\/wp\/v2\/product_cat?post=255133"},{"taxonomy":"product_tag","embeddable":true,"href":"https:\/\/www.csj-emballages.com\/pt-pt\/wp-json\/wp\/v2\/product_tag?post=255133"}],"curies":[{"name":"wp","href":"https:\/\/api.w.org\/{rel}","templated":true}]}}