{"id":254622,"date":"2025-10-22T12:18:17","date_gmt":"2025-10-22T10:18:17","guid":{"rendered":"https:\/\/www.csj-emballages.com\/produit\/sacos-kraft-doypack-160-x-270-70-mm-50-unidades\/"},"modified":"2026-04-04T02:12:33","modified_gmt":"2026-04-04T00:12:33","slug":"sacos-kraft-doypack-160-x-270-70-mm-50-unidades","status":"publish","type":"product","link":"https:\/\/www.csj-emballages.com\/pt-pt\/produit\/sacos-kraft-doypack-160-x-270-70-mm-50-unidades\/","title":{"rendered":"Sacos kraft Doypack 160 x 270 + 70 mm, 50 unidades"},"content":{"rendered":"<h2 class=\"p1\">Saco Doypack<\/h2>\n<hr>\n<h3>Descri\u00e7\u00e3o do nosso Doypack kraft 160 x 270 + 70 mm por 50 sacos<\/h3>\n<p><!--more--><\/p>\n<p data-start=\"255\" data-end=\"779\">O <strong data-start=\"258\" data-end=\"299\">saco Doypack kraft 160 x 270 + 70 mm<\/strong> \u00e9 exatamente o tipo de embalagem que gostamos de usar no dia a dia: simples, pr\u00e1tico e realmente bonito. Gra\u00e7as ao seu <strong data-start=\"418\" data-end=\"439\">papel kraft castanho<\/strong>, confere de imediato um aspeto natural e aut\u00eantico aos seus produtos. Al\u00e9m disso, como \u00e9 <strong data-start=\"535\" data-end=\"549\">reselh\u00e1vel<\/strong>, pode abrir e fechar o saco as vezes que quiser, sem danificar o seu conte\u00fado. Isto n\u00e3o s\u00f3 permite manter a frescura por mais tempo, como tamb\u00e9m tranquiliza os seus clientes quanto \u00e0 qualidade do que oferece.<\/p>\n<p data-start=\"781\" data-end=\"1116\">E depois, tem a sua <strong data-start=\"800\" data-end=\"831\">grande janela transparente<\/strong>. Esta valoriza o produto sem necessidade de abrir o saco, o que \u00e9 particularmente \u00fatil para especiarias, ch\u00e1, frutos secos, doces ou at\u00e9 cosm\u00e9ticos s\u00f3lidos. Dado que o visual \u00e9 muito importante na compra, esta <strong>pequena janela<\/strong> faz realmente a diferen\u00e7a.<\/p>\n<p data-start=\"1118\" data-end=\"1419\">Al\u00e9m disso, esta <strong>bolsa doypack<\/strong> \u00e9 <strong data-start=\"1157\" data-end=\"1169\">stand-up<\/strong>, o que significa que se mant\u00e9m de p\u00e9 sozinha. Assim, ganha espa\u00e7o e as suas prateleiras permanecem bem organizadas. \u00c9 tamb\u00e9m uma excelente alternativa aos frascos de vidro ou \u00e0s latas de metal: mais leve, mais flex\u00edvel e, sobretudo, mais econ\u00f3mica.<\/p>\n<p data-start=\"1421\" data-end=\"1764\">Na parte de tr\u00e1s, tem um bom espa\u00e7o para colar os seus <strong data-start=\"1480\" data-end=\"1509\">r\u00f3tulos personalizados<\/strong>. Seja o seu log\u00f3tipo, os ingredientes, os valores nutricionais ou a data de validade, tudo encontra o seu lugar de forma organizada. \u00c9 perfeito para artes\u00e3os, produtores ou com\u00e9rcios que pretendem uma embalagem s\u00e9ria sem complicar a vida.<\/p>\n<p data-start=\"1766\" data-end=\"1921\">Finalmente, esta embalagem de <strong data-start=\"1788\" data-end=\"1802\">50 saquetas<\/strong> permite-lhe embalar uma grande variedade de produtos de forma r\u00e1pida e f\u00e1cil, mantendo um aspeto profissional.<\/p>\n<p><!--more--><\/p>\n<p><strong>Vantagens :<\/strong><\/p>\n<ul>\n<li data-start=\"1947\" data-end=\"1974\">Aspeto natural e moderno.<\/li>\n<li data-start=\"1977\" data-end=\"2004\">Encerramento pr\u00e1tico.<\/li>\n<li data-start=\"2007\" data-end=\"2036\"><strong>Grande janela <\/strong>transparente.<\/li>\n<li data-start=\"2039\" data-end=\"2063\">Mant\u00e9m-se por si s\u00f3.<\/li>\n<li data-start=\"2066\" data-end=\"2102\">Ideal para as suas etiquetas e log\u00f3tipos.<\/li>\n<\/ul>\n<p>&nbsp;<\/p>\n<p><!--more--><\/p>\n<h4>Outras informa\u00e7\u00f5es :<\/h4>\n<ul>\n<li><strong>Embalagem<\/strong>: Pacote de 50<\/li>\n<li><strong>Dimens\u00f5es<\/strong>: 160 x 270 + 70 mm<\/li>\n<li><strong>Cor<\/strong>: castanho<\/li>\n<li><strong>Volume<\/strong>: 600 ml<\/li>\n<li><strong>Material<\/strong>: Papel \/ PP<\/li>\n<\/ul>\n<p>&nbsp;<\/p>\n<p><!--more--><\/p>\n<p>Estes sacos Doypack est\u00e3o dispon\u00edveis em diferentes tamanhos: <span style=\"color: #d12727;\"><a style=\"color: #d12727;\" href=\"https:\/\/www.csj-emballages.com\/en\/produit\/doypack-kraft-bag-80-x-140-50-mm-per-50\/\">80 x 140 + 50 mm<\/a><\/span> \/ <span style=\"color: #d12727;\"><a style=\"color: #d12727;\" href=\"https:\/\/www.csj-emballages.com\/en\/produit\/doypack-kraft-bags-110-x-190-70-mm-per-50\/\">110 x 190 + 70 mm<\/a><\/span> \/ <span style=\"color: #d12727;\"><a style=\"color: #d12727;\" href=\"https:\/\/www.csj-emballages.com\/en\/produit\/doypack-kraft-bags-160-x-270-70-mm-per-50\/\">130 x 220 + 70 mm<\/a><\/span><\/p>\n<p>&nbsp;<\/p>\n<p><!--more--><\/p>\n<p><a href=\"https:\/\/www.csj-emballages.com\/pt-pt\/categorie-produit\/embalagem-de-alimentos\/padaria-e-pastelaria\/sacos-saquetas-e-papel\/sacos-de-confeitaria\/sacos-doypack\/\">Consulte o resto da nossa gama de sacos doypack<\/a><\/p>\n","protected":false},"excerpt":{"rendered":"<p>Saco Doypack Descri\u00e7\u00e3o do nosso Doypack kraft 160 x 270 + 70 mm por 50 sacos<\/p>\n","protected":false},"featured_media":254619,"template":"","meta":{"_acf_changed":false},"product_brand":[],"product_cat":[1141,1177,3919,1655,10108],"product_tag":[],"class_list":{"0":"post-254622","1":"product","2":"type-product","3":"status-publish","4":"has-post-thumbnail","6":"product_cat-embalagem-de-alimentos","7":"product_cat-padaria-e-pastelaria","8":"product_cat-sacos-saquetas-e-papel","9":"product_cat-sacos-de-confeitaria","10":"product_cat-sacos-doypack","12":"first","13":"instock","14":"featured","15":"taxable","16":"shipping-taxable","17":"purchasable","18":"product-type-simple"},"acf":[],"yoast_head":"<!-- This site is optimized with the Yoast SEO Premium plugin v26.6 (Yoast SEO v26.6) - https:\/\/yoast.com\/wordpress\/plugins\/seo\/ -->\n<title>Saco Doypack Kraft 160 x 270 + 70 mm por 50<\/title>\n<meta name=\"description\" content=\"Saco Doypack kraft 160 x 270 + 70 mm com janela e fecho de correr. Embalagem de 50. Ideal para produtos alimentares e artesanais.\" \/>\n<meta name=\"robots\" content=\"index, follow, max-snippet:-1, max-image-preview:large, max-video-preview:-1\" \/>\n<link rel=\"canonical\" href=\"https:\/\/www.csj-emballages.com\/pt-pt\/produit\/sacos-kraft-doypack-160-x-270-70-mm-50-unidades\/\" \/>\n<meta property=\"og:locale\" content=\"pt_PT\" \/>\n<meta property=\"og:type\" content=\"article\" \/>\n<meta property=\"og:title\" content=\"Sacos kraft Doypack 160 x 270 + 70 mm, 50 unidades\" \/>\n<meta property=\"og:description\" content=\"Saco Doypack kraft 160 x 270 + 70 mm com janela e fecho de correr. Embalagem de 50. Ideal para produtos alimentares e artesanais.\" \/>\n<meta property=\"og:url\" content=\"https:\/\/www.csj-emballages.com\/pt-pt\/produit\/sacos-kraft-doypack-160-x-270-70-mm-50-unidades\/\" \/>\n<meta property=\"og:site_name\" content=\"CSJ Emballages\" \/>\n<meta property=\"article:publisher\" content=\"https:\/\/www.facebook.com\/csjemballages\" \/>\n<meta property=\"article:modified_time\" content=\"2026-04-04T00:12:33+00:00\" \/>\n<meta property=\"og:image\" content=\"https:\/\/www.csj-emballages.com\/wp-content\/uploads\/2025\/10\/DOYPACK4.webp\" \/>\n\t<meta property=\"og:image:width\" content=\"800\" \/>\n\t<meta property=\"og:image:height\" content=\"800\" \/>\n\t<meta property=\"og:image:type\" content=\"image\/webp\" \/>\n<meta name=\"twitter:card\" content=\"summary_large_image\" \/>\n<meta name=\"twitter:label1\" content=\"Tempo estimado de leitura\" \/>\n\t<meta name=\"twitter:data1\" content=\"2 minutos\" \/>\n<script type=\"application\/ld+json\" class=\"yoast-schema-graph\">{\"@context\":\"https:\/\/schema.org\",\"@graph\":[{\"@type\":\"WebPage\",\"@id\":\"https:\/\/www.csj-emballages.com\/pt-pt\/produit\/sacos-kraft-doypack-160-x-270-70-mm-50-unidades\/\",\"url\":\"https:\/\/www.csj-emballages.com\/pt-pt\/produit\/sacos-kraft-doypack-160-x-270-70-mm-50-unidades\/\",\"name\":\"Saco Doypack Kraft 160 x 270 + 70 mm por 50\",\"isPartOf\":{\"@id\":\"https:\/\/www.csj-emballages.com\/pt-pt\/#website\"},\"primaryImageOfPage\":{\"@id\":\"https:\/\/www.csj-emballages.com\/pt-pt\/produit\/sacos-kraft-doypack-160-x-270-70-mm-50-unidades\/#primaryimage\"},\"image\":{\"@id\":\"https:\/\/www.csj-emballages.com\/pt-pt\/produit\/sacos-kraft-doypack-160-x-270-70-mm-50-unidades\/#primaryimage\"},\"thumbnailUrl\":\"https:\/\/www.csj-emballages.com\/wp-content\/uploads\/2025\/10\/DOYPACK4.webp\",\"datePublished\":\"2025-10-22T10:18:17+00:00\",\"dateModified\":\"2026-04-04T00:12:33+00:00\",\"description\":\"Saco Doypack kraft 160 x 270 + 70 mm com janela e fecho de correr. Embalagem de 50. Ideal para produtos alimentares e artesanais.\",\"breadcrumb\":{\"@id\":\"https:\/\/www.csj-emballages.com\/pt-pt\/produit\/sacos-kraft-doypack-160-x-270-70-mm-50-unidades\/#breadcrumb\"},\"inLanguage\":\"pt-PT\",\"potentialAction\":[{\"@type\":\"ReadAction\",\"target\":[\"https:\/\/www.csj-emballages.com\/pt-pt\/produit\/sacos-kraft-doypack-160-x-270-70-mm-50-unidades\/\"]}]},{\"@type\":\"ImageObject\",\"inLanguage\":\"pt-PT\",\"@id\":\"https:\/\/www.csj-emballages.com\/pt-pt\/produit\/sacos-kraft-doypack-160-x-270-70-mm-50-unidades\/#primaryimage\",\"url\":\"https:\/\/www.csj-emballages.com\/wp-content\/uploads\/2025\/10\/DOYPACK4.webp\",\"contentUrl\":\"https:\/\/www.csj-emballages.com\/wp-content\/uploads\/2025\/10\/DOYPACK4.webp\",\"width\":800,\"height\":800,\"caption\":\"Sachet Doypack\"},{\"@type\":\"BreadcrumbList\",\"@id\":\"https:\/\/www.csj-emballages.com\/pt-pt\/produit\/sacos-kraft-doypack-160-x-270-70-mm-50-unidades\/#breadcrumb\",\"itemListElement\":[{\"@type\":\"ListItem\",\"position\":1,\"name\":\"Acolhimento\",\"item\":\"https:\/\/www.csj-emballages.com\/pt-pt\/universo-das-embalagens-alimentares\/\"},{\"@type\":\"ListItem\",\"position\":2,\"name\":\"Shop\",\"item\":\"https:\/\/www.csj-emballages.com\/shop\/\"},{\"@type\":\"ListItem\",\"position\":3,\"name\":\"Sacos kraft Doypack 160 x 270 + 70 mm, 50 unidades\"}]},{\"@type\":\"WebSite\",\"@id\":\"https:\/\/www.csj-emballages.com\/pt-pt\/#website\",\"url\":\"https:\/\/www.csj-emballages.com\/pt-pt\/\",\"name\":\"CSJ Emballages\",\"description\":\"\",\"publisher\":{\"@id\":\"https:\/\/www.csj-emballages.com\/pt-pt\/#organization\"},\"potentialAction\":[{\"@type\":\"SearchAction\",\"target\":{\"@type\":\"EntryPoint\",\"urlTemplate\":\"https:\/\/www.csj-emballages.com\/pt-pt\/?s={search_term_string}\"},\"query-input\":{\"@type\":\"PropertyValueSpecification\",\"valueRequired\":true,\"valueName\":\"search_term_string\"}}],\"inLanguage\":\"pt-PT\"},{\"@type\":\"Organization\",\"@id\":\"https:\/\/www.csj-emballages.com\/pt-pt\/#Organization\/\",\"name\":\"CSJ Emballages\",\"url\":\"https:\/\/www.csj-emballages.com\/pt-pt\/\",\"logo\":{\"@type\":\"ImageObject\",\"inLanguage\":\"pt-PT\",\"@id\":\"https:\/\/www.csj-emballages.com\/pt-pt\/#\/schema\/logo\/image\/\",\"url\":\"https:\/\/www.csj-emballages.com\/wp-content\/uploads\/2023\/10\/logo_csj.webp\",\"contentUrl\":\"https:\/\/www.csj-emballages.com\/wp-content\/uploads\/2023\/10\/logo_csj.webp\",\"width\":250,\"height\":95,\"caption\":\"CSJ Emballages\"},\"image\":{\"@id\":\"https:\/\/www.csj-emballages.com\/pt-pt\/#\/schema\/logo\/image\/\"},\"sameAs\":[\"https:\/\/www.facebook.com\/csjemballages\"],\"address\":{\"@type\":\"PostalAddress\",\"streetAddress\":\"ZI La Lechere\",\"addressLocality\":\"Patornay\",\"postalCode\":\"39130\",\"addressCountry\":\"FR\"},\"contactPoint\":[{\"@type\":\"ContactPoint\",\"contactType\":\"Service client\",\"telephone\":\"0384254272\",\"email\":\"contact@csj-emballages.com\"}]}]}<\/script>\n<!-- \/ Yoast SEO Premium plugin. -->","yoast_head_json":{"title":"Saco Doypack Kraft 160 x 270 + 70 mm por 50","description":"Saco Doypack kraft 160 x 270 + 70 mm com janela e fecho de correr. Embalagem de 50. Ideal para produtos alimentares e artesanais.","robots":{"index":"index","follow":"follow","max-snippet":"max-snippet:-1","max-image-preview":"max-image-preview:large","max-video-preview":"max-video-preview:-1"},"canonical":"https:\/\/www.csj-emballages.com\/pt-pt\/produit\/sacos-kraft-doypack-160-x-270-70-mm-50-unidades\/","og_locale":"pt_PT","og_type":"article","og_title":"Sacos kraft Doypack 160 x 270 + 70 mm, 50 unidades","og_description":"Saco Doypack kraft 160 x 270 + 70 mm com janela e fecho de correr. Embalagem de 50. Ideal para produtos alimentares e artesanais.","og_url":"https:\/\/www.csj-emballages.com\/pt-pt\/produit\/sacos-kraft-doypack-160-x-270-70-mm-50-unidades\/","og_site_name":"CSJ Emballages","article_publisher":"https:\/\/www.facebook.com\/csjemballages","article_modified_time":"2026-04-04T00:12:33+00:00","og_image":[{"width":800,"height":800,"url":"https:\/\/www.csj-emballages.com\/wp-content\/uploads\/2025\/10\/DOYPACK4.webp","type":"image\/webp"}],"twitter_card":"summary_large_image","twitter_misc":{"Tempo estimado de leitura":"2 minutos"},"schema":{"@context":"https:\/\/schema.org","@graph":[{"@type":"WebPage","@id":"https:\/\/www.csj-emballages.com\/pt-pt\/produit\/sacos-kraft-doypack-160-x-270-70-mm-50-unidades\/","url":"https:\/\/www.csj-emballages.com\/pt-pt\/produit\/sacos-kraft-doypack-160-x-270-70-mm-50-unidades\/","name":"Saco Doypack Kraft 160 x 270 + 70 mm por 50","isPartOf":{"@id":"https:\/\/www.csj-emballages.com\/pt-pt\/#website"},"primaryImageOfPage":{"@id":"https:\/\/www.csj-emballages.com\/pt-pt\/produit\/sacos-kraft-doypack-160-x-270-70-mm-50-unidades\/#primaryimage"},"image":{"@id":"https:\/\/www.csj-emballages.com\/pt-pt\/produit\/sacos-kraft-doypack-160-x-270-70-mm-50-unidades\/#primaryimage"},"thumbnailUrl":"https:\/\/www.csj-emballages.com\/wp-content\/uploads\/2025\/10\/DOYPACK4.webp","datePublished":"2025-10-22T10:18:17+00:00","dateModified":"2026-04-04T00:12:33+00:00","description":"Saco Doypack kraft 160 x 270 + 70 mm com janela e fecho de correr. Embalagem de 50. Ideal para produtos alimentares e artesanais.","breadcrumb":{"@id":"https:\/\/www.csj-emballages.com\/pt-pt\/produit\/sacos-kraft-doypack-160-x-270-70-mm-50-unidades\/#breadcrumb"},"inLanguage":"pt-PT","potentialAction":[{"@type":"ReadAction","target":["https:\/\/www.csj-emballages.com\/pt-pt\/produit\/sacos-kraft-doypack-160-x-270-70-mm-50-unidades\/"]}]},{"@type":"ImageObject","inLanguage":"pt-PT","@id":"https:\/\/www.csj-emballages.com\/pt-pt\/produit\/sacos-kraft-doypack-160-x-270-70-mm-50-unidades\/#primaryimage","url":"https:\/\/www.csj-emballages.com\/wp-content\/uploads\/2025\/10\/DOYPACK4.webp","contentUrl":"https:\/\/www.csj-emballages.com\/wp-content\/uploads\/2025\/10\/DOYPACK4.webp","width":800,"height":800,"caption":"Sachet Doypack"},{"@type":"BreadcrumbList","@id":"https:\/\/www.csj-emballages.com\/pt-pt\/produit\/sacos-kraft-doypack-160-x-270-70-mm-50-unidades\/#breadcrumb","itemListElement":[{"@type":"ListItem","position":1,"name":"Acolhimento","item":"https:\/\/www.csj-emballages.com\/pt-pt\/universo-das-embalagens-alimentares\/"},{"@type":"ListItem","position":2,"name":"Shop","item":"https:\/\/www.csj-emballages.com\/shop\/"},{"@type":"ListItem","position":3,"name":"Sacos kraft Doypack 160 x 270 + 70 mm, 50 unidades"}]},{"@type":"WebSite","@id":"https:\/\/www.csj-emballages.com\/pt-pt\/#website","url":"https:\/\/www.csj-emballages.com\/pt-pt\/","name":"CSJ Emballages","description":"","publisher":{"@id":"https:\/\/www.csj-emballages.com\/pt-pt\/#organization"},"potentialAction":[{"@type":"SearchAction","target":{"@type":"EntryPoint","urlTemplate":"https:\/\/www.csj-emballages.com\/pt-pt\/?s={search_term_string}"},"query-input":{"@type":"PropertyValueSpecification","valueRequired":true,"valueName":"search_term_string"}}],"inLanguage":"pt-PT"},{"@type":"Organization","@id":"https:\/\/www.csj-emballages.com\/pt-pt\/#Organization\/","name":"CSJ Emballages","url":"https:\/\/www.csj-emballages.com\/pt-pt\/","logo":{"@type":"ImageObject","inLanguage":"pt-PT","@id":"https:\/\/www.csj-emballages.com\/pt-pt\/#\/schema\/logo\/image\/","url":"https:\/\/www.csj-emballages.com\/wp-content\/uploads\/2023\/10\/logo_csj.webp","contentUrl":"https:\/\/www.csj-emballages.com\/wp-content\/uploads\/2023\/10\/logo_csj.webp","width":250,"height":95,"caption":"CSJ Emballages"},"image":{"@id":"https:\/\/www.csj-emballages.com\/pt-pt\/#\/schema\/logo\/image\/"},"sameAs":["https:\/\/www.facebook.com\/csjemballages"],"address":{"@type":"PostalAddress","streetAddress":"ZI La Lechere","addressLocality":"Patornay","postalCode":"39130","addressCountry":"FR"},"contactPoint":[{"@type":"ContactPoint","contactType":"Service client","telephone":"0384254272","email":"contact@csj-emballages.com"}]}]}},"df_price":11.08,"df_sale_price":"","df_regular_price":11.08,"df_image_link":"https:\/\/www.csj-emballages.com\/wp-content\/uploads\/2025\/10\/DOYPACK4-300x300.webp","tiered_pricing_type":"fixed","tiered_pricing_fixed_rules":[],"tiered_pricing_percentage_rules":[],"tiered_pricing_minimum":1,"tiered_pricing_roles_data":[],"_links":{"self":[{"href":"https:\/\/www.csj-emballages.com\/pt-pt\/wp-json\/wp\/v2\/product\/254622","targetHints":{"allow":["GET"]}}],"collection":[{"href":"https:\/\/www.csj-emballages.com\/pt-pt\/wp-json\/wp\/v2\/product"}],"about":[{"href":"https:\/\/www.csj-emballages.com\/pt-pt\/wp-json\/wp\/v2\/types\/product"}],"wp:featuredmedia":[{"embeddable":true,"href":"https:\/\/www.csj-emballages.com\/pt-pt\/wp-json\/wp\/v2\/media\/254619"}],"wp:attachment":[{"href":"https:\/\/www.csj-emballages.com\/pt-pt\/wp-json\/wp\/v2\/media?parent=254622"}],"wp:term":[{"taxonomy":"product_brand","embeddable":true,"href":"https:\/\/www.csj-emballages.com\/pt-pt\/wp-json\/wp\/v2\/product_brand?post=254622"},{"taxonomy":"product_cat","embeddable":true,"href":"https:\/\/www.csj-emballages.com\/pt-pt\/wp-json\/wp\/v2\/product_cat?post=254622"},{"taxonomy":"product_tag","embeddable":true,"href":"https:\/\/www.csj-emballages.com\/pt-pt\/wp-json\/wp\/v2\/product_tag?post=254622"}],"curies":[{"name":"wp","href":"https:\/\/api.w.org\/{rel}","templated":true}]}}