{"id":254479,"date":"2025-10-27T16:18:28","date_gmt":"2025-10-27T15:18:28","guid":{"rendered":"https:\/\/www.csj-emballages.com\/produit\/pae-gel-de-sabao-preto-labojal-spray-750ml\/"},"modified":"2026-03-12T16:06:00","modified_gmt":"2026-03-12T15:06:00","slug":"pae-gel-de-sabao-preto-labojal-spray-750ml","status":"publish","type":"product","link":"https:\/\/www.csj-emballages.com\/pt-pt\/produit\/pae-gel-de-sabao-preto-labojal-spray-750ml\/","title":{"rendered":"PAE gel de sab\u00e3o preto LABOJAL spray 750ml"},"content":{"rendered":"<h2 class=\"p1\">Sab\u00e3o preto<\/h2>\n<hr>\n<h3>Descri\u00e7\u00e3o do nosso gel de sab\u00e3o preto PAE LABOJAL spray 750ml<\/h3>\n<p><!--more--><\/p>\n<p data-start=\"183\" data-end=\"631\"><strong data-start=\"186\" data-end=\"234\">LABOJAL PAE Gel Sab\u00e3o Preto 750ml Spray<\/strong> \u00e9 exatamente o tipo de produto que torna a limpeza di\u00e1ria muito mais f\u00e1cil. Assim que o utilizar, notar\u00e1 imediatamente a sua efic\u00e1cia: <strong data-start=\"387\" data-end=\"405\">elimina rapidamente a gordura<\/strong> e <strong data-start=\"410\" data-end=\"426\">o brilho<\/strong> e, acima de tudo, deixa as superf\u00edcies limpas sem esfor\u00e7o. Al\u00e9m disso, gra\u00e7as ao seu formato em <strong>spray<\/strong>, basta pulverizar onde \u00e9 necess\u00e1rio, passar um pano e j\u00e1 est\u00e1. \u00c9 simples, r\u00e1pido e muito pr\u00e1tico.   <\/p>\n<p data-start=\"633\" data-end=\"1149\">A for\u00e7a deste <strong>sab\u00e3o preto<\/strong> reside na sua <strong data-start=\"681\" data-end=\"696\">versatilidade<\/strong>. Funciona em pavimentos como azulejos, gr\u00e9s, revestimentos de pl\u00e1stico e at\u00e9 parquet. Mas n\u00e3o \u00e9 tudo: tamb\u00e9m \u00e9 perfeito para <strong data-start=\"854\" data-end=\"879\">superf\u00edcies do quotidiano<\/strong>, como bancadas, mesas, portas e pequenos equipamentos. A sua <g id=\"gid_3\">textura em gel<\/g> adere melhor, facilitando a remo\u00e7\u00e3o de gorduras e marcas dif\u00edceis. O resultado: tudo fica limpo e brilhante de novo num instante.    <\/p>\n<p data-start=\"1151\" data-end=\"1477\">Outro ponto positivo \u00e9 o facto de ter uma <strong>fragr\u00e2ncia ligeira<\/strong> e uma composi\u00e7\u00e3o mais natural do que um produto de limpeza convencional. Assim, pode utiliz\u00e1-lo regularmente sem se preocupar com a possibilidade de danificar as suas superf\u00edcies. E como <strong>a LABOJAL<\/strong> \u00e9 uma marca reconhecida na limpeza profissional, sabe que est\u00e1 a utilizar um produto fi\u00e1vel e eficaz a longo prazo.  <\/p>\n<p data-start=\"1479\" data-end=\"1711\">Finalmente, o seu formato de <strong data-start=\"1497\" data-end=\"1507\">750 ml<\/strong> significa que dura muito tempo e \u00e9 f\u00e1cil de manusear. Quer o utilize em casa ou no trabalho, este <strong data-start=\"186\" data-end=\"234\">sab\u00e3o em spray<\/strong> pode ser facilmente integrado na sua rotina de limpeza, poupando-lhe tempo. <\/p>\n<p data-start=\"1479\" data-end=\"1711\">\n<p><!--more--><\/p>\n<p><strong>Vantagens :<\/strong><\/p>\n<ul>\n<li data-start=\"1738\" data-end=\"1760\">Desengordura rapidamente.<\/li>\n<li data-start=\"1763\" data-end=\"1798\">Adequado para uma vasta gama de superf\u00edcies.<\/li>\n<li data-start=\"1801\" data-end=\"1830\"><strong>Textura em gel<\/strong> que fixa melhor.<\/li>\n<li data-start=\"1833\" data-end=\"1868\">O <strong>spray<\/strong> facilita a sua utiliza\u00e7\u00e3o.<\/li>\n<li data-start=\"1871\" data-end=\"1897\">Brilha sem esfor\u00e7o.<\/li>\n<li data-start=\"1900\" data-end=\"1930\">Formato econ\u00f3mico e duradouro.<\/li>\n<\/ul>\n<p>&nbsp;<\/p>\n<p><!--more--><\/p>\n<h4>Outras informa\u00e7\u00f5es :<\/h4>\n<ul>\n<li><strong>Embalagem<\/strong>: Por unidade<\/li>\n<li><strong>Volume<\/strong>: 750 ml<\/li>\n<li><strong>Cor<\/strong>: \u00c2mbar<\/li>\n<li><strong>pH<\/strong>: 9,5 &#8211; 11,5<\/li>\n<li><strong>Densidade<\/strong>: 1,00 &#8211; 1,05<\/li>\n<\/ul>\n<p>&nbsp;<\/p>\n<p><!--more--><\/p>\n<p><a href=\"https:\/\/www.csj-emballages.com\/pt-pt\/categorie-produit\/higiene-e-manutencao\/produtos-de-limpeza\/cozinha\/\">Ver o resto da nossa gama de produtos de higiene para cozinha<\/a><\/p>\n","protected":false},"excerpt":{"rendered":"<p>Sab\u00e3o preto Descri\u00e7\u00e3o do nosso gel de sab\u00e3o preto PAE LABOJAL spray 750ml<\/p>\n","protected":false},"featured_media":254476,"template":"","meta":{"_acf_changed":false},"product_brand":[],"product_cat":[1222,1223,1394],"product_tag":[],"class_list":{"0":"post-254479","1":"product","2":"type-product","3":"status-publish","4":"has-post-thumbnail","6":"product_cat-higiene-e-manutencao","7":"product_cat-produtos-de-limpeza","8":"product_cat-solo","10":"first","11":"instock","12":"taxable","13":"shipping-taxable","14":"purchasable","15":"product-type-simple"},"acf":[],"yoast_head":"<!-- This site is optimized with the Yoast SEO Premium plugin v26.6 (Yoast SEO v26.6) - https:\/\/yoast.com\/wordpress\/plugins\/seo\/ -->\n<title>PAE Gel Sabonete Preto LABOJAL spray 750ml<\/title>\n<meta name=\"description\" content=\"PAE LABOJAL sab\u00e3o preto 750 ml: spray multi-superf\u00edcies que desengordura, limpa e d\u00e1 brilho facilmente. Ideal para pavimentos e superf\u00edcies.\" \/>\n<meta name=\"robots\" content=\"index, follow, max-snippet:-1, max-image-preview:large, max-video-preview:-1\" \/>\n<link rel=\"canonical\" href=\"https:\/\/www.csj-emballages.com\/pt-pt\/produit\/pae-gel-de-sabao-preto-labojal-spray-750ml\/\" \/>\n<meta property=\"og:locale\" content=\"pt_PT\" \/>\n<meta property=\"og:type\" content=\"article\" \/>\n<meta property=\"og:title\" content=\"PAE gel de sab\u00e3o preto LABOJAL spray 750ml\" \/>\n<meta property=\"og:description\" content=\"PAE LABOJAL sab\u00e3o preto 750 ml: spray multi-superf\u00edcies que desengordura, limpa e d\u00e1 brilho facilmente. Ideal para pavimentos e superf\u00edcies.\" \/>\n<meta property=\"og:url\" content=\"https:\/\/www.csj-emballages.com\/pt-pt\/produit\/pae-gel-de-sabao-preto-labojal-spray-750ml\/\" \/>\n<meta property=\"og:site_name\" content=\"CSJ Emballages\" \/>\n<meta property=\"article:publisher\" content=\"https:\/\/www.facebook.com\/csjemballages\" \/>\n<meta property=\"article:modified_time\" content=\"2026-03-12T15:06:00+00:00\" \/>\n<meta property=\"og:image\" content=\"https:\/\/www.csj-emballages.com\/wp-content\/uploads\/2025\/10\/132039.webp\" \/>\n\t<meta property=\"og:image:width\" content=\"800\" \/>\n\t<meta property=\"og:image:height\" content=\"800\" \/>\n\t<meta property=\"og:image:type\" content=\"image\/webp\" \/>\n<meta name=\"twitter:card\" content=\"summary_large_image\" \/>\n<meta name=\"twitter:label1\" content=\"Tempo estimado de leitura\" \/>\n\t<meta name=\"twitter:data1\" content=\"2 minutos\" \/>\n<script type=\"application\/ld+json\" class=\"yoast-schema-graph\">{\"@context\":\"https:\/\/schema.org\",\"@graph\":[{\"@type\":\"WebPage\",\"@id\":\"https:\/\/www.csj-emballages.com\/pt-pt\/produit\/pae-gel-de-sabao-preto-labojal-spray-750ml\/\",\"url\":\"https:\/\/www.csj-emballages.com\/pt-pt\/produit\/pae-gel-de-sabao-preto-labojal-spray-750ml\/\",\"name\":\"PAE Gel Sabonete Preto LABOJAL spray 750ml\",\"isPartOf\":{\"@id\":\"https:\/\/www.csj-emballages.com\/pt-pt\/#website\"},\"primaryImageOfPage\":{\"@id\":\"https:\/\/www.csj-emballages.com\/pt-pt\/produit\/pae-gel-de-sabao-preto-labojal-spray-750ml\/#primaryimage\"},\"image\":{\"@id\":\"https:\/\/www.csj-emballages.com\/pt-pt\/produit\/pae-gel-de-sabao-preto-labojal-spray-750ml\/#primaryimage\"},\"thumbnailUrl\":\"https:\/\/www.csj-emballages.com\/wp-content\/uploads\/2025\/10\/132039.webp\",\"datePublished\":\"2025-10-27T15:18:28+00:00\",\"dateModified\":\"2026-03-12T15:06:00+00:00\",\"description\":\"PAE LABOJAL sab\u00e3o preto 750 ml: spray multi-superf\u00edcies que desengordura, limpa e d\u00e1 brilho facilmente. Ideal para pavimentos e superf\u00edcies.\",\"breadcrumb\":{\"@id\":\"https:\/\/www.csj-emballages.com\/pt-pt\/produit\/pae-gel-de-sabao-preto-labojal-spray-750ml\/#breadcrumb\"},\"inLanguage\":\"pt-PT\",\"potentialAction\":[{\"@type\":\"ReadAction\",\"target\":[\"https:\/\/www.csj-emballages.com\/pt-pt\/produit\/pae-gel-de-sabao-preto-labojal-spray-750ml\/\"]}]},{\"@type\":\"ImageObject\",\"inLanguage\":\"pt-PT\",\"@id\":\"https:\/\/www.csj-emballages.com\/pt-pt\/produit\/pae-gel-de-sabao-preto-labojal-spray-750ml\/#primaryimage\",\"url\":\"https:\/\/www.csj-emballages.com\/wp-content\/uploads\/2025\/10\/132039.webp\",\"contentUrl\":\"https:\/\/www.csj-emballages.com\/wp-content\/uploads\/2025\/10\/132039.webp\",\"width\":800,\"height\":800,\"caption\":\"Savon noir\"},{\"@type\":\"BreadcrumbList\",\"@id\":\"https:\/\/www.csj-emballages.com\/pt-pt\/produit\/pae-gel-de-sabao-preto-labojal-spray-750ml\/#breadcrumb\",\"itemListElement\":[{\"@type\":\"ListItem\",\"position\":1,\"name\":\"Acolhimento\",\"item\":\"https:\/\/www.csj-emballages.com\/pt-pt\/universo-das-embalagens-alimentares\/\"},{\"@type\":\"ListItem\",\"position\":2,\"name\":\"Shop\",\"item\":\"https:\/\/www.csj-emballages.com\/shop\/\"},{\"@type\":\"ListItem\",\"position\":3,\"name\":\"PAE gel de sab\u00e3o preto LABOJAL spray 750ml\"}]},{\"@type\":\"WebSite\",\"@id\":\"https:\/\/www.csj-emballages.com\/pt-pt\/#website\",\"url\":\"https:\/\/www.csj-emballages.com\/pt-pt\/\",\"name\":\"CSJ Emballages\",\"description\":\"\",\"publisher\":{\"@id\":\"https:\/\/www.csj-emballages.com\/pt-pt\/#organization\"},\"potentialAction\":[{\"@type\":\"SearchAction\",\"target\":{\"@type\":\"EntryPoint\",\"urlTemplate\":\"https:\/\/www.csj-emballages.com\/pt-pt\/?s={search_term_string}\"},\"query-input\":{\"@type\":\"PropertyValueSpecification\",\"valueRequired\":true,\"valueName\":\"search_term_string\"}}],\"inLanguage\":\"pt-PT\"},{\"@type\":\"Organization\",\"@id\":\"https:\/\/www.csj-emballages.com\/pt-pt\/#Organization\/\",\"name\":\"CSJ Emballages\",\"url\":\"https:\/\/www.csj-emballages.com\/pt-pt\/\",\"logo\":{\"@type\":\"ImageObject\",\"inLanguage\":\"pt-PT\",\"@id\":\"https:\/\/www.csj-emballages.com\/pt-pt\/#\/schema\/logo\/image\/\",\"url\":\"https:\/\/www.csj-emballages.com\/wp-content\/uploads\/2023\/10\/logo_csj.webp\",\"contentUrl\":\"https:\/\/www.csj-emballages.com\/wp-content\/uploads\/2023\/10\/logo_csj.webp\",\"width\":250,\"height\":95,\"caption\":\"CSJ Emballages\"},\"image\":{\"@id\":\"https:\/\/www.csj-emballages.com\/pt-pt\/#\/schema\/logo\/image\/\"},\"sameAs\":[\"https:\/\/www.facebook.com\/csjemballages\"],\"address\":{\"@type\":\"PostalAddress\",\"streetAddress\":\"ZI La Lechere\",\"addressLocality\":\"Patornay\",\"postalCode\":\"39130\",\"addressCountry\":\"FR\"},\"contactPoint\":[{\"@type\":\"ContactPoint\",\"contactType\":\"Service client\",\"telephone\":\"0384254272\",\"email\":\"contact@csj-emballages.com\"}]}]}<\/script>\n<!-- \/ Yoast SEO Premium plugin. -->","yoast_head_json":{"title":"PAE Gel Sabonete Preto LABOJAL spray 750ml","description":"PAE LABOJAL sab\u00e3o preto 750 ml: spray multi-superf\u00edcies que desengordura, limpa e d\u00e1 brilho facilmente. Ideal para pavimentos e superf\u00edcies.","robots":{"index":"index","follow":"follow","max-snippet":"max-snippet:-1","max-image-preview":"max-image-preview:large","max-video-preview":"max-video-preview:-1"},"canonical":"https:\/\/www.csj-emballages.com\/pt-pt\/produit\/pae-gel-de-sabao-preto-labojal-spray-750ml\/","og_locale":"pt_PT","og_type":"article","og_title":"PAE gel de sab\u00e3o preto LABOJAL spray 750ml","og_description":"PAE LABOJAL sab\u00e3o preto 750 ml: spray multi-superf\u00edcies que desengordura, limpa e d\u00e1 brilho facilmente. Ideal para pavimentos e superf\u00edcies.","og_url":"https:\/\/www.csj-emballages.com\/pt-pt\/produit\/pae-gel-de-sabao-preto-labojal-spray-750ml\/","og_site_name":"CSJ Emballages","article_publisher":"https:\/\/www.facebook.com\/csjemballages","article_modified_time":"2026-03-12T15:06:00+00:00","og_image":[{"width":800,"height":800,"url":"https:\/\/www.csj-emballages.com\/wp-content\/uploads\/2025\/10\/132039.webp","type":"image\/webp"}],"twitter_card":"summary_large_image","twitter_misc":{"Tempo estimado de leitura":"2 minutos"},"schema":{"@context":"https:\/\/schema.org","@graph":[{"@type":"WebPage","@id":"https:\/\/www.csj-emballages.com\/pt-pt\/produit\/pae-gel-de-sabao-preto-labojal-spray-750ml\/","url":"https:\/\/www.csj-emballages.com\/pt-pt\/produit\/pae-gel-de-sabao-preto-labojal-spray-750ml\/","name":"PAE Gel Sabonete Preto LABOJAL spray 750ml","isPartOf":{"@id":"https:\/\/www.csj-emballages.com\/pt-pt\/#website"},"primaryImageOfPage":{"@id":"https:\/\/www.csj-emballages.com\/pt-pt\/produit\/pae-gel-de-sabao-preto-labojal-spray-750ml\/#primaryimage"},"image":{"@id":"https:\/\/www.csj-emballages.com\/pt-pt\/produit\/pae-gel-de-sabao-preto-labojal-spray-750ml\/#primaryimage"},"thumbnailUrl":"https:\/\/www.csj-emballages.com\/wp-content\/uploads\/2025\/10\/132039.webp","datePublished":"2025-10-27T15:18:28+00:00","dateModified":"2026-03-12T15:06:00+00:00","description":"PAE LABOJAL sab\u00e3o preto 750 ml: spray multi-superf\u00edcies que desengordura, limpa e d\u00e1 brilho facilmente. Ideal para pavimentos e superf\u00edcies.","breadcrumb":{"@id":"https:\/\/www.csj-emballages.com\/pt-pt\/produit\/pae-gel-de-sabao-preto-labojal-spray-750ml\/#breadcrumb"},"inLanguage":"pt-PT","potentialAction":[{"@type":"ReadAction","target":["https:\/\/www.csj-emballages.com\/pt-pt\/produit\/pae-gel-de-sabao-preto-labojal-spray-750ml\/"]}]},{"@type":"ImageObject","inLanguage":"pt-PT","@id":"https:\/\/www.csj-emballages.com\/pt-pt\/produit\/pae-gel-de-sabao-preto-labojal-spray-750ml\/#primaryimage","url":"https:\/\/www.csj-emballages.com\/wp-content\/uploads\/2025\/10\/132039.webp","contentUrl":"https:\/\/www.csj-emballages.com\/wp-content\/uploads\/2025\/10\/132039.webp","width":800,"height":800,"caption":"Savon noir"},{"@type":"BreadcrumbList","@id":"https:\/\/www.csj-emballages.com\/pt-pt\/produit\/pae-gel-de-sabao-preto-labojal-spray-750ml\/#breadcrumb","itemListElement":[{"@type":"ListItem","position":1,"name":"Acolhimento","item":"https:\/\/www.csj-emballages.com\/pt-pt\/universo-das-embalagens-alimentares\/"},{"@type":"ListItem","position":2,"name":"Shop","item":"https:\/\/www.csj-emballages.com\/shop\/"},{"@type":"ListItem","position":3,"name":"PAE gel de sab\u00e3o preto LABOJAL spray 750ml"}]},{"@type":"WebSite","@id":"https:\/\/www.csj-emballages.com\/pt-pt\/#website","url":"https:\/\/www.csj-emballages.com\/pt-pt\/","name":"CSJ Emballages","description":"","publisher":{"@id":"https:\/\/www.csj-emballages.com\/pt-pt\/#organization"},"potentialAction":[{"@type":"SearchAction","target":{"@type":"EntryPoint","urlTemplate":"https:\/\/www.csj-emballages.com\/pt-pt\/?s={search_term_string}"},"query-input":{"@type":"PropertyValueSpecification","valueRequired":true,"valueName":"search_term_string"}}],"inLanguage":"pt-PT"},{"@type":"Organization","@id":"https:\/\/www.csj-emballages.com\/pt-pt\/#Organization\/","name":"CSJ Emballages","url":"https:\/\/www.csj-emballages.com\/pt-pt\/","logo":{"@type":"ImageObject","inLanguage":"pt-PT","@id":"https:\/\/www.csj-emballages.com\/pt-pt\/#\/schema\/logo\/image\/","url":"https:\/\/www.csj-emballages.com\/wp-content\/uploads\/2023\/10\/logo_csj.webp","contentUrl":"https:\/\/www.csj-emballages.com\/wp-content\/uploads\/2023\/10\/logo_csj.webp","width":250,"height":95,"caption":"CSJ Emballages"},"image":{"@id":"https:\/\/www.csj-emballages.com\/pt-pt\/#\/schema\/logo\/image\/"},"sameAs":["https:\/\/www.facebook.com\/csjemballages"],"address":{"@type":"PostalAddress","streetAddress":"ZI La Lechere","addressLocality":"Patornay","postalCode":"39130","addressCountry":"FR"},"contactPoint":[{"@type":"ContactPoint","contactType":"Service client","telephone":"0384254272","email":"contact@csj-emballages.com"}]}]}},"df_price":4.84,"df_sale_price":"","df_regular_price":4.84,"df_image_link":"https:\/\/www.csj-emballages.com\/wp-content\/uploads\/2025\/10\/132039-300x300.webp","tiered_pricing_type":"fixed","tiered_pricing_fixed_rules":[],"tiered_pricing_percentage_rules":[],"tiered_pricing_minimum":1,"tiered_pricing_roles_data":[],"_links":{"self":[{"href":"https:\/\/www.csj-emballages.com\/pt-pt\/wp-json\/wp\/v2\/product\/254479","targetHints":{"allow":["GET"]}}],"collection":[{"href":"https:\/\/www.csj-emballages.com\/pt-pt\/wp-json\/wp\/v2\/product"}],"about":[{"href":"https:\/\/www.csj-emballages.com\/pt-pt\/wp-json\/wp\/v2\/types\/product"}],"wp:featuredmedia":[{"embeddable":true,"href":"https:\/\/www.csj-emballages.com\/pt-pt\/wp-json\/wp\/v2\/media\/254476"}],"wp:attachment":[{"href":"https:\/\/www.csj-emballages.com\/pt-pt\/wp-json\/wp\/v2\/media?parent=254479"}],"wp:term":[{"taxonomy":"product_brand","embeddable":true,"href":"https:\/\/www.csj-emballages.com\/pt-pt\/wp-json\/wp\/v2\/product_brand?post=254479"},{"taxonomy":"product_cat","embeddable":true,"href":"https:\/\/www.csj-emballages.com\/pt-pt\/wp-json\/wp\/v2\/product_cat?post=254479"},{"taxonomy":"product_tag","embeddable":true,"href":"https:\/\/www.csj-emballages.com\/pt-pt\/wp-json\/wp\/v2\/product_tag?post=254479"}],"curies":[{"name":"wp","href":"https:\/\/api.w.org\/{rel}","templated":true}]}}