{"id":254393,"date":"2025-10-27T16:18:18","date_gmt":"2025-10-27T15:18:18","guid":{"rendered":"https:\/\/www.csj-emballages.com\/produit\/vinagre-de-cristal-8-garrafa-1l\/"},"modified":"2026-04-18T02:11:15","modified_gmt":"2026-04-18T00:11:15","slug":"vinagre-de-cristal-8-garrafa-1l","status":"publish","type":"product","link":"https:\/\/www.csj-emballages.com\/pt-pt\/produit\/vinagre-de-cristal-8-garrafa-1l\/","title":{"rendered":"Vinagre de cristal 8% garrafa 1L"},"content":{"rendered":"<h2 class=\"p1\">Vinagre<\/h2>\n<hr>\n<h3>Descri\u00e7\u00e3o do nosso vinagre de cristal 8% garrafa 1L<\/h3>\n<p><!--more--><\/p>\n<p data-start=\"301\" data-end=\"781\"><strong>O Crystal Vinegar 8% em garrafas de 1L<\/strong> \u00e9 um produto indispens\u00e1vel para um cuidado simples, eficaz e natural da casa. Gra\u00e7as \u00e0 sua concentra\u00e7\u00e3o ideal, actua rapidamente e ajuda-o em todas as suas tarefas dom\u00e9sticas. Desengordura, descal\u00e7a, limpa e desodoriza com facilidade. Utilizado h\u00e1 v\u00e1rias gera\u00e7\u00f5es, tem uma efic\u00e1cia comprovada, bem como uma composi\u00e7\u00e3o purificada que respeita o ambiente.   <\/p>\n<p data-start=\"783\" data-end=\"1208\">Em primeiro lugar, <strong>o vinagre cristal 8%<\/strong> distingue-se pela sua versatilidade. Quer precise dele para dar brilho \u00e0s superf\u00edcies da sua cozinha, remover o calc\u00e1rio da casa de banho, iluminar as suas janelas ou fazer a manuten\u00e7\u00e3o dos seus electrodom\u00e9sticos, ele tem o que \u00e9 preciso. \u00c9 tamb\u00e9m uma \u00f3ptima alternativa a uma s\u00e9rie de produtos qu\u00edmicos, o que n\u00e3o s\u00f3 lhe permite poupar dinheiro, como tamb\u00e9m reduz o seu impacto ambiental.  <\/p>\n<p data-start=\"1210\" data-end=\"1540\">Em segundo lugar, <strong>o vinagre a 8%<\/strong> garante uma limpeza r\u00e1pida e ativa. Bastam algumas gotas para dissolver a gordura, neutralizar os odores desagrad\u00e1veis ou evitar a acumula\u00e7\u00e3o de calc\u00e1rio. Al\u00e9m disso, a sua forma l\u00edquida, f\u00e1cil de manusear, permite utiliz\u00e1-lo puro ou dilu\u00eddo, consoante o n\u00edvel de sujidade ou a superf\u00edcie a tratar.  <\/p>\n<p data-start=\"1542\" data-end=\"1785\">Finalmente, a sua <strong>garrafa de 1L<\/strong> oferece uma excelente rela\u00e7\u00e3o qualidade\/pre\u00e7o e assegura uma utiliza\u00e7\u00e3o duradoura. \u00c9 f\u00e1cil de guardar e adapta-se perfeitamente \u00e0 sua rotina de limpeza, seja em casa, na loja ou na oficina. <\/p>\n<p data-start=\"1787\" data-end=\"1977\">Em suma, <strong>o vinagre cristal a 8%<\/strong> \u00e9 muito mais do que um simples produto dom\u00e9stico: \u00e9 um aliado quotidiano fi\u00e1vel, natural e econ\u00f3mico, que facilita a manuten\u00e7\u00e3o de todas as suas superf\u00edcies.<\/p>\n<p><!--more--><\/p>\n<p><strong>Vantagens :<\/strong><\/p>\n<ul>\n<li data-start=\"2008\" data-end=\"2074\"><strong>Produto polivalente<\/strong>: desengordura, descalcifica, limpa e desodoriza.<\/li>\n<li data-start=\"2077\" data-end=\"2100\">Natural e econ\u00f3mico.<\/li>\n<li data-start=\"2103\" data-end=\"2143\">O vinagre substitui muitos produtos dom\u00e9sticos.<\/li>\n<li data-start=\"2146\" data-end=\"2179\">Formato pr\u00e1tico <strong>de garrafa de 1L<\/strong>.<\/li>\n<li data-start=\"2182\" data-end=\"2244\">A\u00e7\u00e3o r\u00e1pida e eficaz em todas as superf\u00edcies do dia a dia.<\/li>\n<\/ul>\n<p>&nbsp;<\/p>\n<p><!--more--><\/p>\n<h4>Outras informa\u00e7\u00f5es :<\/h4>\n<ul>\n<li><strong>Embalagem<\/strong>: Por unidade<\/li>\n<li><strong>Volume<\/strong>: 1 litro<\/li>\n<li><strong>Cor<\/strong>: Incolor<\/li>\n<li><strong>pH<\/strong>: 2,45<\/li>\n<\/ul>\n<p>&nbsp;<\/p>\n<p><!--more--><\/p>\n<p><a href=\"https:\/\/www.csj-emballages.com\/pt-pt\/categorie-produit\/higiene-e-manutencao\/produtos-de-limpeza\/cozinha\/\">Ver o resto da nossa gama de produtos de higiene para cozinha<\/a><\/p>\n","protected":false},"excerpt":{"rendered":"<p>Vinagre Descri\u00e7\u00e3o do nosso vinagre de cristal 8% garrafa 1L<\/p>\n","protected":false},"featured_media":254385,"template":"","meta":{"_acf_changed":false},"product_brand":[],"product_cat":[1222,1223,1348,1286],"product_tag":[],"class_list":{"0":"post-254393","1":"product","2":"type-product","3":"status-publish","4":"has-post-thumbnail","6":"product_cat-higiene-e-manutencao","7":"product_cat-produtos-de-limpeza","8":"product_cat-cozinha","9":"product_cat-sanitario","11":"first","12":"instock","13":"taxable","14":"shipping-taxable","15":"purchasable","16":"product-type-simple"},"acf":[],"yoast_head":"<!-- This site is optimized with the Yoast SEO Premium plugin v26.6 (Yoast SEO v26.6) - https:\/\/yoast.com\/wordpress\/plugins\/seo\/ -->\n<title>Vinagre de Cristal 8% Garrafa 1L<\/title>\n<meta name=\"description\" content=\"Descubra o vinagre a 8% numa garrafa de 1L, um essencial natural para desengordurar, desincrustar, limpar e desodorizar eficazmente todas as suas superf\u00edcies.\" \/>\n<meta name=\"robots\" content=\"index, follow, max-snippet:-1, max-image-preview:large, max-video-preview:-1\" \/>\n<link rel=\"canonical\" href=\"https:\/\/www.csj-emballages.com\/pt-pt\/produit\/vinagre-de-cristal-8-garrafa-1l\/\" \/>\n<meta property=\"og:locale\" content=\"pt_PT\" \/>\n<meta property=\"og:type\" content=\"article\" \/>\n<meta property=\"og:title\" content=\"Vinagre de cristal 8% garrafa 1L\" \/>\n<meta property=\"og:description\" content=\"Descubra o vinagre a 8% numa garrafa de 1L, um essencial natural para desengordurar, desincrustar, limpar e desodorizar eficazmente todas as suas superf\u00edcies.\" \/>\n<meta property=\"og:url\" content=\"https:\/\/www.csj-emballages.com\/pt-pt\/produit\/vinagre-de-cristal-8-garrafa-1l\/\" \/>\n<meta property=\"og:site_name\" content=\"CSJ Emballages\" \/>\n<meta property=\"article:publisher\" content=\"https:\/\/www.facebook.com\/csjemballages\" \/>\n<meta property=\"article:modified_time\" content=\"2026-04-18T00:11:15+00:00\" \/>\n<meta property=\"og:image\" content=\"https:\/\/www.csj-emballages.com\/wp-content\/uploads\/2025\/10\/127086.webp\" \/>\n\t<meta property=\"og:image:width\" content=\"800\" \/>\n\t<meta property=\"og:image:height\" content=\"800\" \/>\n\t<meta property=\"og:image:type\" content=\"image\/webp\" \/>\n<meta name=\"twitter:card\" content=\"summary_large_image\" \/>\n<meta name=\"twitter:label1\" content=\"Tempo estimado de leitura\" \/>\n\t<meta name=\"twitter:data1\" content=\"2 minutos\" \/>\n<script type=\"application\/ld+json\" class=\"yoast-schema-graph\">{\"@context\":\"https:\/\/schema.org\",\"@graph\":[{\"@type\":\"WebPage\",\"@id\":\"https:\/\/www.csj-emballages.com\/pt-pt\/produit\/vinagre-de-cristal-8-garrafa-1l\/\",\"url\":\"https:\/\/www.csj-emballages.com\/pt-pt\/produit\/vinagre-de-cristal-8-garrafa-1l\/\",\"name\":\"Vinagre de Cristal 8% Garrafa 1L\",\"isPartOf\":{\"@id\":\"https:\/\/www.csj-emballages.com\/pt-pt\/#website\"},\"primaryImageOfPage\":{\"@id\":\"https:\/\/www.csj-emballages.com\/pt-pt\/produit\/vinagre-de-cristal-8-garrafa-1l\/#primaryimage\"},\"image\":{\"@id\":\"https:\/\/www.csj-emballages.com\/pt-pt\/produit\/vinagre-de-cristal-8-garrafa-1l\/#primaryimage\"},\"thumbnailUrl\":\"https:\/\/www.csj-emballages.com\/wp-content\/uploads\/2025\/10\/127086.webp\",\"datePublished\":\"2025-10-27T15:18:18+00:00\",\"dateModified\":\"2026-04-18T00:11:15+00:00\",\"description\":\"Descubra o vinagre a 8% numa garrafa de 1L, um essencial natural para desengordurar, desincrustar, limpar e desodorizar eficazmente todas as suas superf\u00edcies.\",\"breadcrumb\":{\"@id\":\"https:\/\/www.csj-emballages.com\/pt-pt\/produit\/vinagre-de-cristal-8-garrafa-1l\/#breadcrumb\"},\"inLanguage\":\"pt-PT\",\"potentialAction\":[{\"@type\":\"ReadAction\",\"target\":[\"https:\/\/www.csj-emballages.com\/pt-pt\/produit\/vinagre-de-cristal-8-garrafa-1l\/\"]}]},{\"@type\":\"ImageObject\",\"inLanguage\":\"pt-PT\",\"@id\":\"https:\/\/www.csj-emballages.com\/pt-pt\/produit\/vinagre-de-cristal-8-garrafa-1l\/#primaryimage\",\"url\":\"https:\/\/www.csj-emballages.com\/wp-content\/uploads\/2025\/10\/127086.webp\",\"contentUrl\":\"https:\/\/www.csj-emballages.com\/wp-content\/uploads\/2025\/10\/127086.webp\",\"width\":800,\"height\":800,\"caption\":\"Vinaigre\"},{\"@type\":\"BreadcrumbList\",\"@id\":\"https:\/\/www.csj-emballages.com\/pt-pt\/produit\/vinagre-de-cristal-8-garrafa-1l\/#breadcrumb\",\"itemListElement\":[{\"@type\":\"ListItem\",\"position\":1,\"name\":\"Acolhimento\",\"item\":\"https:\/\/www.csj-emballages.com\/pt-pt\/universo-das-embalagens-alimentares\/\"},{\"@type\":\"ListItem\",\"position\":2,\"name\":\"Shop\",\"item\":\"https:\/\/www.csj-emballages.com\/shop\/\"},{\"@type\":\"ListItem\",\"position\":3,\"name\":\"Vinagre de cristal 8% garrafa 1L\"}]},{\"@type\":\"WebSite\",\"@id\":\"https:\/\/www.csj-emballages.com\/pt-pt\/#website\",\"url\":\"https:\/\/www.csj-emballages.com\/pt-pt\/\",\"name\":\"CSJ Emballages\",\"description\":\"\",\"publisher\":{\"@id\":\"https:\/\/www.csj-emballages.com\/pt-pt\/#organization\"},\"potentialAction\":[{\"@type\":\"SearchAction\",\"target\":{\"@type\":\"EntryPoint\",\"urlTemplate\":\"https:\/\/www.csj-emballages.com\/pt-pt\/?s={search_term_string}\"},\"query-input\":{\"@type\":\"PropertyValueSpecification\",\"valueRequired\":true,\"valueName\":\"search_term_string\"}}],\"inLanguage\":\"pt-PT\"},{\"@type\":\"Organization\",\"@id\":\"https:\/\/www.csj-emballages.com\/pt-pt\/#Organization\/\",\"name\":\"CSJ Emballages\",\"url\":\"https:\/\/www.csj-emballages.com\/pt-pt\/\",\"logo\":{\"@type\":\"ImageObject\",\"inLanguage\":\"pt-PT\",\"@id\":\"https:\/\/www.csj-emballages.com\/pt-pt\/#\/schema\/logo\/image\/\",\"url\":\"https:\/\/www.csj-emballages.com\/wp-content\/uploads\/2023\/10\/logo_csj.webp\",\"contentUrl\":\"https:\/\/www.csj-emballages.com\/wp-content\/uploads\/2023\/10\/logo_csj.webp\",\"width\":250,\"height\":95,\"caption\":\"CSJ Emballages\"},\"image\":{\"@id\":\"https:\/\/www.csj-emballages.com\/pt-pt\/#\/schema\/logo\/image\/\"},\"sameAs\":[\"https:\/\/www.facebook.com\/csjemballages\"],\"address\":{\"@type\":\"PostalAddress\",\"streetAddress\":\"ZI La Lechere\",\"addressLocality\":\"Patornay\",\"postalCode\":\"39130\",\"addressCountry\":\"FR\"},\"contactPoint\":[{\"@type\":\"ContactPoint\",\"contactType\":\"Service client\",\"telephone\":\"0384254272\",\"email\":\"contact@csj-emballages.com\"}]}]}<\/script>\n<!-- \/ Yoast SEO Premium plugin. -->","yoast_head_json":{"title":"Vinagre de Cristal 8% Garrafa 1L","description":"Descubra o vinagre a 8% numa garrafa de 1L, um essencial natural para desengordurar, desincrustar, limpar e desodorizar eficazmente todas as suas superf\u00edcies.","robots":{"index":"index","follow":"follow","max-snippet":"max-snippet:-1","max-image-preview":"max-image-preview:large","max-video-preview":"max-video-preview:-1"},"canonical":"https:\/\/www.csj-emballages.com\/pt-pt\/produit\/vinagre-de-cristal-8-garrafa-1l\/","og_locale":"pt_PT","og_type":"article","og_title":"Vinagre de cristal 8% garrafa 1L","og_description":"Descubra o vinagre a 8% numa garrafa de 1L, um essencial natural para desengordurar, desincrustar, limpar e desodorizar eficazmente todas as suas superf\u00edcies.","og_url":"https:\/\/www.csj-emballages.com\/pt-pt\/produit\/vinagre-de-cristal-8-garrafa-1l\/","og_site_name":"CSJ Emballages","article_publisher":"https:\/\/www.facebook.com\/csjemballages","article_modified_time":"2026-04-18T00:11:15+00:00","og_image":[{"width":800,"height":800,"url":"https:\/\/www.csj-emballages.com\/wp-content\/uploads\/2025\/10\/127086.webp","type":"image\/webp"}],"twitter_card":"summary_large_image","twitter_misc":{"Tempo estimado de leitura":"2 minutos"},"schema":{"@context":"https:\/\/schema.org","@graph":[{"@type":"WebPage","@id":"https:\/\/www.csj-emballages.com\/pt-pt\/produit\/vinagre-de-cristal-8-garrafa-1l\/","url":"https:\/\/www.csj-emballages.com\/pt-pt\/produit\/vinagre-de-cristal-8-garrafa-1l\/","name":"Vinagre de Cristal 8% Garrafa 1L","isPartOf":{"@id":"https:\/\/www.csj-emballages.com\/pt-pt\/#website"},"primaryImageOfPage":{"@id":"https:\/\/www.csj-emballages.com\/pt-pt\/produit\/vinagre-de-cristal-8-garrafa-1l\/#primaryimage"},"image":{"@id":"https:\/\/www.csj-emballages.com\/pt-pt\/produit\/vinagre-de-cristal-8-garrafa-1l\/#primaryimage"},"thumbnailUrl":"https:\/\/www.csj-emballages.com\/wp-content\/uploads\/2025\/10\/127086.webp","datePublished":"2025-10-27T15:18:18+00:00","dateModified":"2026-04-18T00:11:15+00:00","description":"Descubra o vinagre a 8% numa garrafa de 1L, um essencial natural para desengordurar, desincrustar, limpar e desodorizar eficazmente todas as suas superf\u00edcies.","breadcrumb":{"@id":"https:\/\/www.csj-emballages.com\/pt-pt\/produit\/vinagre-de-cristal-8-garrafa-1l\/#breadcrumb"},"inLanguage":"pt-PT","potentialAction":[{"@type":"ReadAction","target":["https:\/\/www.csj-emballages.com\/pt-pt\/produit\/vinagre-de-cristal-8-garrafa-1l\/"]}]},{"@type":"ImageObject","inLanguage":"pt-PT","@id":"https:\/\/www.csj-emballages.com\/pt-pt\/produit\/vinagre-de-cristal-8-garrafa-1l\/#primaryimage","url":"https:\/\/www.csj-emballages.com\/wp-content\/uploads\/2025\/10\/127086.webp","contentUrl":"https:\/\/www.csj-emballages.com\/wp-content\/uploads\/2025\/10\/127086.webp","width":800,"height":800,"caption":"Vinaigre"},{"@type":"BreadcrumbList","@id":"https:\/\/www.csj-emballages.com\/pt-pt\/produit\/vinagre-de-cristal-8-garrafa-1l\/#breadcrumb","itemListElement":[{"@type":"ListItem","position":1,"name":"Acolhimento","item":"https:\/\/www.csj-emballages.com\/pt-pt\/universo-das-embalagens-alimentares\/"},{"@type":"ListItem","position":2,"name":"Shop","item":"https:\/\/www.csj-emballages.com\/shop\/"},{"@type":"ListItem","position":3,"name":"Vinagre de cristal 8% garrafa 1L"}]},{"@type":"WebSite","@id":"https:\/\/www.csj-emballages.com\/pt-pt\/#website","url":"https:\/\/www.csj-emballages.com\/pt-pt\/","name":"CSJ Emballages","description":"","publisher":{"@id":"https:\/\/www.csj-emballages.com\/pt-pt\/#organization"},"potentialAction":[{"@type":"SearchAction","target":{"@type":"EntryPoint","urlTemplate":"https:\/\/www.csj-emballages.com\/pt-pt\/?s={search_term_string}"},"query-input":{"@type":"PropertyValueSpecification","valueRequired":true,"valueName":"search_term_string"}}],"inLanguage":"pt-PT"},{"@type":"Organization","@id":"https:\/\/www.csj-emballages.com\/pt-pt\/#Organization\/","name":"CSJ Emballages","url":"https:\/\/www.csj-emballages.com\/pt-pt\/","logo":{"@type":"ImageObject","inLanguage":"pt-PT","@id":"https:\/\/www.csj-emballages.com\/pt-pt\/#\/schema\/logo\/image\/","url":"https:\/\/www.csj-emballages.com\/wp-content\/uploads\/2023\/10\/logo_csj.webp","contentUrl":"https:\/\/www.csj-emballages.com\/wp-content\/uploads\/2023\/10\/logo_csj.webp","width":250,"height":95,"caption":"CSJ Emballages"},"image":{"@id":"https:\/\/www.csj-emballages.com\/pt-pt\/#\/schema\/logo\/image\/"},"sameAs":["https:\/\/www.facebook.com\/csjemballages"],"address":{"@type":"PostalAddress","streetAddress":"ZI La Lechere","addressLocality":"Patornay","postalCode":"39130","addressCountry":"FR"},"contactPoint":[{"@type":"ContactPoint","contactType":"Service client","telephone":"0384254272","email":"contact@csj-emballages.com"}]}]}},"df_price":1.61,"df_sale_price":"","df_regular_price":1.61,"df_image_link":"https:\/\/www.csj-emballages.com\/wp-content\/uploads\/2025\/10\/127086-300x300.webp","tiered_pricing_type":"fixed","tiered_pricing_fixed_rules":[],"tiered_pricing_percentage_rules":[],"tiered_pricing_minimum":1,"tiered_pricing_roles_data":[],"_links":{"self":[{"href":"https:\/\/www.csj-emballages.com\/pt-pt\/wp-json\/wp\/v2\/product\/254393","targetHints":{"allow":["GET"]}}],"collection":[{"href":"https:\/\/www.csj-emballages.com\/pt-pt\/wp-json\/wp\/v2\/product"}],"about":[{"href":"https:\/\/www.csj-emballages.com\/pt-pt\/wp-json\/wp\/v2\/types\/product"}],"wp:featuredmedia":[{"embeddable":true,"href":"https:\/\/www.csj-emballages.com\/pt-pt\/wp-json\/wp\/v2\/media\/254385"}],"wp:attachment":[{"href":"https:\/\/www.csj-emballages.com\/pt-pt\/wp-json\/wp\/v2\/media?parent=254393"}],"wp:term":[{"taxonomy":"product_brand","embeddable":true,"href":"https:\/\/www.csj-emballages.com\/pt-pt\/wp-json\/wp\/v2\/product_brand?post=254393"},{"taxonomy":"product_cat","embeddable":true,"href":"https:\/\/www.csj-emballages.com\/pt-pt\/wp-json\/wp\/v2\/product_cat?post=254393"},{"taxonomy":"product_tag","embeddable":true,"href":"https:\/\/www.csj-emballages.com\/pt-pt\/wp-json\/wp\/v2\/product_tag?post=254393"}],"curies":[{"name":"wp","href":"https:\/\/api.w.org\/{rel}","templated":true}]}}