{"id":253682,"date":"2025-10-24T11:18:20","date_gmt":"2025-10-24T09:18:20","guid":{"rendered":"https:\/\/www.csj-emballages.com\/produit\/saco-para-pao-fatiado-azul-50-microns-16-x-5-5-x-45-cm-por-100\/"},"modified":"2026-03-12T16:42:28","modified_gmt":"2026-03-12T15:42:28","slug":"saco-para-pao-fatiado-azul-50-microns-16-x-5-5-x-45-cm-por-100","status":"publish","type":"product","link":"https:\/\/www.csj-emballages.com\/pt-pt\/produit\/saco-para-pao-fatiado-azul-50-microns-16-x-5-5-x-45-cm-por-100\/","title":{"rendered":"Saco para p\u00e3o fatiado azul 50 microns 16 x 5 + 5 x 45 cm por 100"},"content":{"rendered":"<h2 class=\"p1\">Saco de p\u00e3o<\/h2>\n<hr>\n<h3>Descri\u00e7\u00e3o do nosso saco de p\u00e3o fatiado azul 50 microns 16 x 5 + 5 x 45 cm por 100<\/h3>\n<p><!--more--><\/p>\n<p data-start=\"271\" data-end=\"776\">Concebido para padeiros artesanais, fornecedores de refei\u00e7\u00f5es e profissionais de takeaway, este <strong data-start=\"369\" data-end=\"383\">saco de p\u00e3o<\/strong> <strong>em PEBD azul<\/strong> \u00e9 a embalagem ideal para apresentar o seu p\u00e3o fatiado. Fabricado em <g id=\"gid_2\">PEBD macroperfurado<\/g>, garante uma excelente ventila\u00e7\u00e3o do p\u00e3o, conservando a sua frescura durante mais tempo. Este design tamb\u00e9m limita a condensa\u00e7\u00e3o, essencial quando se trabalha com p\u00e3o fatiado.  <\/p>\n<p data-start=\"778\" data-end=\"1287\">Este <strong data-start=\"781\" data-end=\"803\">saco para p\u00e3o fatiado<\/strong> distingue-se pela sua <strong>cor azul, moderna<\/strong> e facilmente identific\u00e1vel, que confere um toque visual elegante \u00e0s suas bancas. Al\u00e9m disso, tem uma espessura de <g id=\"gid_2\">50 microns<\/g>, o que lhe confere uma grande robustez: resiste bem a manipula\u00e7\u00f5es repetidas, protegendo eficazmente o conte\u00fado. As suas dimens\u00f5es de <strong data-start=\"1126\" data-end=\"1148\">16 x 5 + 5 x 45 cm<\/strong> foram concebidas para acomodar a maior parte dos p\u00e3es fatiados normais, o que a torna uma escolha vers\u00e1til para muitos profissionais.  <\/p>\n<p data-start=\"1289\" data-end=\"1715\">Al\u00e9m disso, preenche todos os requisitos de uma embalagem respons\u00e1vel. \u00c9 <g id=\"gid_0\">recicl\u00e1vel<\/g>, <g id=\"gid_1\">reutiliz\u00e1vel<\/g> e certificada para <g id=\"gid_2\">contacto com alimentos<\/g>, o que tranquiliza os seus clientes e refor\u00e7a o seu compromisso com a responsabilidade ambiental. Assim, pode combinar praticidade, qualidade e durabilidade sem compromisso. Por fim, <strong>vendido em embalagens de 100 unidades<\/strong>, \u00e9 uma solu\u00e7\u00e3o econ\u00f3mica para o acondicionamento di\u00e1rio do seu p\u00e3o fatiado.   <\/p>\n<p data-start=\"1717\" data-end=\"1895\">Com este <strong>saco<\/strong>, facilita a organiza\u00e7\u00e3o da sua empresa, valoriza os seus produtos e mostra aos seus clientes que d\u00e1 tanta import\u00e2ncia \u00e0 apresenta\u00e7\u00e3o como \u00e0 qualidade.<\/p>\n<p>&nbsp;<\/p>\n<p><!--more--><\/p>\n<p><strong>Vantagens :<\/strong><\/p>\n<ul>\n<li data-start=\"1934\" data-end=\"2004\">Fabricado em <strong data-start=\"1949\" data-end=\"1973\">LDPE, macro perfurado<\/strong> para uma melhor ventila\u00e7\u00e3o.<\/li>\n<li data-start=\"2007\" data-end=\"2072\"><strong data-start=\"2007\" data-end=\"2021\">Recicl\u00e1vel<\/strong> e <strong data-start=\"2025\" data-end=\"2041\">reutiliz\u00e1vel<\/strong>: uma escolha mais respons\u00e1vel.<\/li>\n<li data-start=\"2075\" data-end=\"2137\">Certificado para <strong data-start=\"2084\" data-end=\"2107\">contacto com alimentos<\/strong> para uma seguran\u00e7a \u00f3ptima.<\/li>\n<li data-start=\"2140\" data-end=\"2192\">Resistente gra\u00e7as \u00e0 sua espessura <strong data-start=\"2175\" data-end=\"2189\">de 50 microns<\/strong>.<\/li>\n<li data-start=\"2195\" data-end=\"2241\">Adequado para p\u00e3o fatiado normal.<\/li>\n<li data-start=\"2244\" data-end=\"2296\">Cor <strong>azul<\/strong> moderna para uma melhor visibilidade.<\/li>\n<\/ul>\n<p>&nbsp;<\/p>\n<p><!--more--><\/p>\n<h4>Outras informa\u00e7\u00f5es :<\/h4>\n<ul>\n<li><strong>Embalagem<\/strong>: Pacote de 100<\/li>\n<li><strong>Dimens\u00f5es<\/strong>: 16 x 5 + 5 x 45 cm<\/li>\n<li><strong>Resist\u00eancia<\/strong>: 50 microns<\/li>\n<li><strong>Material<\/strong>: LDPE<\/li>\n<li><strong>Cor<\/strong>: Transparente \/ Azul<\/li>\n<\/ul>\n<p>&nbsp;<\/p>\n<p><!--more--><\/p>\n<p>Este saco de p\u00e3o est\u00e1 dispon\u00edvel em diferentes tamanhos: <span style=\"color: #d12727;\"><a style=\"color: #d12727;\" href=\"https:\/\/www.csj-emballages.com\/es\/produit\/bolsa-amarilla-para-pan-de-molde-50-micras-12-x-5-5-x-35-cm-por-100\/\">12 x 5 + 5 x 35 cm<\/a><\/span> \/ <span style=\"color: #d12727;\"><a style=\"color: #d12727;\" href=\"https:\/\/www.csj-emballages.com\/es\/produit\/200-bolsas-verdes-para-pan-de-molde-20-micras-16-x-5-5-x-35-cm\/\">16 x 5 + 5 x 35 cm<\/a><\/span> \/ <span style=\"color: #d12727;\"><a style=\"color: #d12727;\" href=\"https:\/\/www.csj-emballages.com\/es\/produit\/bolsa-para-pan-de-molde-beige-50-micras-23-x-4-4-x-42-cm-por-100\/\">23 x 4 + 4 x 42 cm<\/a> <\/span>\/<span style=\"color: #d12727;\"> <a style=\"color: #d12727;\" href=\"https:\/\/www.csj-emballages.com\/es\/produit\/bolsa-roja-para-pan-de-molde-50-micras-16-x-5-5-x-60-cm-por-100\/\">16 x 5 + 5 x 60 cm<\/a> <span style=\"color: #000000;\">\/<\/span> <a style=\"color: #d12727;\" href=\"https:\/\/www.csj-emballages.com\/es\/produit\/bolsa-morada-para-pan-de-molde-50-micras-23-x-55-55-x-50-cm-por-100\/\">23 x 5,5 +5,5 x 50 cm<\/a><\/span><\/p>\n<p>&nbsp;<\/p>\n<p><!--more--><\/p>\n<p><a href=\"\/?product_cat=sacs-pain-tranche\">V\u00ea o resto da nossa gama de sacos para p\u00e3o fatiado<\/a><\/p>\n","protected":false},"excerpt":{"rendered":"<p>Saco de p\u00e3o Descri\u00e7\u00e3o do nosso saco de p\u00e3o fatiado azul 50 microns 16 x 5 + 5 x 45 cm por 100<\/p>\n","protected":false},"featured_media":253678,"template":"","meta":{"_acf_changed":false},"product_brand":[],"product_cat":[1141,1177,3919,1675,1676],"product_tag":[],"class_list":{"0":"post-253682","1":"product","2":"type-product","3":"status-publish","4":"has-post-thumbnail","6":"product_cat-embalagem-de-alimentos","7":"product_cat-padaria-e-pastelaria","8":"product_cat-sacos-saquetas-e-papel","9":"product_cat-sacheries-pt-pt","10":"product_cat-sacos-de-pao-fatiado","12":"first","13":"instock","14":"taxable","15":"shipping-taxable","16":"purchasable","17":"product-type-simple"},"acf":[],"yoast_head":"<!-- This site is optimized with the Yoast SEO Premium plugin v26.6 (Yoast SEO v26.6) - https:\/\/yoast.com\/wordpress\/plugins\/seo\/ -->\n<title>Saco para p\u00e3o fatiado azul 50 microns 16 x 5 + 5 x 45 cm por 100<\/title>\n<meta name=\"description\" content=\"Saco para p\u00e3o fatiado azul de 50 microns, macroperfurado, recicl\u00e1vel e de contacto alimentar. Ideal para conservar e apresentar o seu p\u00e3o fatiado.\" \/>\n<meta name=\"robots\" content=\"index, follow, max-snippet:-1, max-image-preview:large, max-video-preview:-1\" \/>\n<link rel=\"canonical\" href=\"https:\/\/www.csj-emballages.com\/pt-pt\/produit\/saco-para-pao-fatiado-azul-50-microns-16-x-5-5-x-45-cm-por-100\/\" \/>\n<meta property=\"og:locale\" content=\"pt_PT\" \/>\n<meta property=\"og:type\" content=\"article\" \/>\n<meta property=\"og:title\" content=\"Saco para p\u00e3o fatiado azul 50 microns 16 x 5 + 5 x 45 cm por 100\" \/>\n<meta property=\"og:description\" content=\"Saco para p\u00e3o fatiado azul de 50 microns, macroperfurado, recicl\u00e1vel e de contacto alimentar. Ideal para conservar e apresentar o seu p\u00e3o fatiado.\" \/>\n<meta property=\"og:url\" content=\"https:\/\/www.csj-emballages.com\/pt-pt\/produit\/saco-para-pao-fatiado-azul-50-microns-16-x-5-5-x-45-cm-por-100\/\" \/>\n<meta property=\"og:site_name\" content=\"CSJ Emballages\" \/>\n<meta property=\"article:publisher\" content=\"https:\/\/www.facebook.com\/csjemballages\" \/>\n<meta property=\"article:modified_time\" content=\"2026-03-12T15:42:28+00:00\" \/>\n<meta property=\"og:image\" content=\"https:\/\/www.csj-emballages.com\/wp-content\/uploads\/2025\/10\/SPBLEU50.webp\" \/>\n\t<meta property=\"og:image:width\" content=\"800\" \/>\n\t<meta property=\"og:image:height\" content=\"800\" \/>\n\t<meta property=\"og:image:type\" content=\"image\/jpeg\" \/>\n<meta name=\"twitter:card\" content=\"summary_large_image\" \/>\n<meta name=\"twitter:label1\" content=\"Tempo estimado de leitura\" \/>\n\t<meta name=\"twitter:data1\" content=\"2 minutos\" \/>\n<script type=\"application\/ld+json\" class=\"yoast-schema-graph\">{\"@context\":\"https:\/\/schema.org\",\"@graph\":[{\"@type\":\"WebPage\",\"@id\":\"https:\/\/www.csj-emballages.com\/pt-pt\/produit\/saco-para-pao-fatiado-azul-50-microns-16-x-5-5-x-45-cm-por-100\/\",\"url\":\"https:\/\/www.csj-emballages.com\/pt-pt\/produit\/saco-para-pao-fatiado-azul-50-microns-16-x-5-5-x-45-cm-por-100\/\",\"name\":\"Saco para p\u00e3o fatiado azul 50 microns 16 x 5 + 5 x 45 cm por 100\",\"isPartOf\":{\"@id\":\"https:\/\/www.csj-emballages.com\/pt-pt\/#website\"},\"primaryImageOfPage\":{\"@id\":\"https:\/\/www.csj-emballages.com\/pt-pt\/produit\/saco-para-pao-fatiado-azul-50-microns-16-x-5-5-x-45-cm-por-100\/#primaryimage\"},\"image\":{\"@id\":\"https:\/\/www.csj-emballages.com\/pt-pt\/produit\/saco-para-pao-fatiado-azul-50-microns-16-x-5-5-x-45-cm-por-100\/#primaryimage\"},\"thumbnailUrl\":\"https:\/\/www.csj-emballages.com\/wp-content\/uploads\/2025\/10\/SPBLEU50.webp\",\"datePublished\":\"2025-10-24T09:18:20+00:00\",\"dateModified\":\"2026-03-12T15:42:28+00:00\",\"description\":\"Saco para p\u00e3o fatiado azul de 50 microns, macroperfurado, recicl\u00e1vel e de contacto alimentar. Ideal para conservar e apresentar o seu p\u00e3o fatiado.\",\"breadcrumb\":{\"@id\":\"https:\/\/www.csj-emballages.com\/pt-pt\/produit\/saco-para-pao-fatiado-azul-50-microns-16-x-5-5-x-45-cm-por-100\/#breadcrumb\"},\"inLanguage\":\"pt-PT\",\"potentialAction\":[{\"@type\":\"ReadAction\",\"target\":[\"https:\/\/www.csj-emballages.com\/pt-pt\/produit\/saco-para-pao-fatiado-azul-50-microns-16-x-5-5-x-45-cm-por-100\/\"]}]},{\"@type\":\"ImageObject\",\"inLanguage\":\"pt-PT\",\"@id\":\"https:\/\/www.csj-emballages.com\/pt-pt\/produit\/saco-para-pao-fatiado-azul-50-microns-16-x-5-5-x-45-cm-por-100\/#primaryimage\",\"url\":\"https:\/\/www.csj-emballages.com\/wp-content\/uploads\/2025\/10\/SPBLEU50.webp\",\"contentUrl\":\"https:\/\/www.csj-emballages.com\/wp-content\/uploads\/2025\/10\/SPBLEU50.webp\",\"width\":800,\"height\":800,\"caption\":\"Sac \u00e0 pain\"},{\"@type\":\"BreadcrumbList\",\"@id\":\"https:\/\/www.csj-emballages.com\/pt-pt\/produit\/saco-para-pao-fatiado-azul-50-microns-16-x-5-5-x-45-cm-por-100\/#breadcrumb\",\"itemListElement\":[{\"@type\":\"ListItem\",\"position\":1,\"name\":\"Acolhimento\",\"item\":\"https:\/\/www.csj-emballages.com\/pt-pt\/universo-das-embalagens-alimentares\/\"},{\"@type\":\"ListItem\",\"position\":2,\"name\":\"Shop\",\"item\":\"https:\/\/www.csj-emballages.com\/shop\/\"},{\"@type\":\"ListItem\",\"position\":3,\"name\":\"Saco para p\u00e3o fatiado azul 50 microns 16 x 5 + 5 x 45 cm por 100\"}]},{\"@type\":\"WebSite\",\"@id\":\"https:\/\/www.csj-emballages.com\/pt-pt\/#website\",\"url\":\"https:\/\/www.csj-emballages.com\/pt-pt\/\",\"name\":\"CSJ Emballages\",\"description\":\"\",\"publisher\":{\"@id\":\"https:\/\/www.csj-emballages.com\/pt-pt\/#organization\"},\"potentialAction\":[{\"@type\":\"SearchAction\",\"target\":{\"@type\":\"EntryPoint\",\"urlTemplate\":\"https:\/\/www.csj-emballages.com\/pt-pt\/?s={search_term_string}\"},\"query-input\":{\"@type\":\"PropertyValueSpecification\",\"valueRequired\":true,\"valueName\":\"search_term_string\"}}],\"inLanguage\":\"pt-PT\"},{\"@type\":\"Organization\",\"@id\":\"https:\/\/www.csj-emballages.com\/pt-pt\/#Organization\/\",\"name\":\"CSJ Emballages\",\"url\":\"https:\/\/www.csj-emballages.com\/pt-pt\/\",\"logo\":{\"@type\":\"ImageObject\",\"inLanguage\":\"pt-PT\",\"@id\":\"https:\/\/www.csj-emballages.com\/pt-pt\/#\/schema\/logo\/image\/\",\"url\":\"https:\/\/www.csj-emballages.com\/wp-content\/uploads\/2023\/10\/logo_csj.webp\",\"contentUrl\":\"https:\/\/www.csj-emballages.com\/wp-content\/uploads\/2023\/10\/logo_csj.webp\",\"width\":250,\"height\":95,\"caption\":\"CSJ Emballages\"},\"image\":{\"@id\":\"https:\/\/www.csj-emballages.com\/pt-pt\/#\/schema\/logo\/image\/\"},\"sameAs\":[\"https:\/\/www.facebook.com\/csjemballages\"],\"address\":{\"@type\":\"PostalAddress\",\"streetAddress\":\"ZI La Lechere\",\"addressLocality\":\"Patornay\",\"postalCode\":\"39130\",\"addressCountry\":\"FR\"},\"contactPoint\":[{\"@type\":\"ContactPoint\",\"contactType\":\"Service client\",\"telephone\":\"0384254272\",\"email\":\"contact@csj-emballages.com\"}]}]}<\/script>\n<!-- \/ Yoast SEO Premium plugin. -->","yoast_head_json":{"title":"Saco para p\u00e3o fatiado azul 50 microns 16 x 5 + 5 x 45 cm por 100","description":"Saco para p\u00e3o fatiado azul de 50 microns, macroperfurado, recicl\u00e1vel e de contacto alimentar. Ideal para conservar e apresentar o seu p\u00e3o fatiado.","robots":{"index":"index","follow":"follow","max-snippet":"max-snippet:-1","max-image-preview":"max-image-preview:large","max-video-preview":"max-video-preview:-1"},"canonical":"https:\/\/www.csj-emballages.com\/pt-pt\/produit\/saco-para-pao-fatiado-azul-50-microns-16-x-5-5-x-45-cm-por-100\/","og_locale":"pt_PT","og_type":"article","og_title":"Saco para p\u00e3o fatiado azul 50 microns 16 x 5 + 5 x 45 cm por 100","og_description":"Saco para p\u00e3o fatiado azul de 50 microns, macroperfurado, recicl\u00e1vel e de contacto alimentar. Ideal para conservar e apresentar o seu p\u00e3o fatiado.","og_url":"https:\/\/www.csj-emballages.com\/pt-pt\/produit\/saco-para-pao-fatiado-azul-50-microns-16-x-5-5-x-45-cm-por-100\/","og_site_name":"CSJ Emballages","article_publisher":"https:\/\/www.facebook.com\/csjemballages","article_modified_time":"2026-03-12T15:42:28+00:00","og_image":[{"width":800,"height":800,"url":"https:\/\/www.csj-emballages.com\/wp-content\/uploads\/2025\/10\/SPBLEU50.webp","type":"image\/jpeg"}],"twitter_card":"summary_large_image","twitter_misc":{"Tempo estimado de leitura":"2 minutos"},"schema":{"@context":"https:\/\/schema.org","@graph":[{"@type":"WebPage","@id":"https:\/\/www.csj-emballages.com\/pt-pt\/produit\/saco-para-pao-fatiado-azul-50-microns-16-x-5-5-x-45-cm-por-100\/","url":"https:\/\/www.csj-emballages.com\/pt-pt\/produit\/saco-para-pao-fatiado-azul-50-microns-16-x-5-5-x-45-cm-por-100\/","name":"Saco para p\u00e3o fatiado azul 50 microns 16 x 5 + 5 x 45 cm por 100","isPartOf":{"@id":"https:\/\/www.csj-emballages.com\/pt-pt\/#website"},"primaryImageOfPage":{"@id":"https:\/\/www.csj-emballages.com\/pt-pt\/produit\/saco-para-pao-fatiado-azul-50-microns-16-x-5-5-x-45-cm-por-100\/#primaryimage"},"image":{"@id":"https:\/\/www.csj-emballages.com\/pt-pt\/produit\/saco-para-pao-fatiado-azul-50-microns-16-x-5-5-x-45-cm-por-100\/#primaryimage"},"thumbnailUrl":"https:\/\/www.csj-emballages.com\/wp-content\/uploads\/2025\/10\/SPBLEU50.webp","datePublished":"2025-10-24T09:18:20+00:00","dateModified":"2026-03-12T15:42:28+00:00","description":"Saco para p\u00e3o fatiado azul de 50 microns, macroperfurado, recicl\u00e1vel e de contacto alimentar. Ideal para conservar e apresentar o seu p\u00e3o fatiado.","breadcrumb":{"@id":"https:\/\/www.csj-emballages.com\/pt-pt\/produit\/saco-para-pao-fatiado-azul-50-microns-16-x-5-5-x-45-cm-por-100\/#breadcrumb"},"inLanguage":"pt-PT","potentialAction":[{"@type":"ReadAction","target":["https:\/\/www.csj-emballages.com\/pt-pt\/produit\/saco-para-pao-fatiado-azul-50-microns-16-x-5-5-x-45-cm-por-100\/"]}]},{"@type":"ImageObject","inLanguage":"pt-PT","@id":"https:\/\/www.csj-emballages.com\/pt-pt\/produit\/saco-para-pao-fatiado-azul-50-microns-16-x-5-5-x-45-cm-por-100\/#primaryimage","url":"https:\/\/www.csj-emballages.com\/wp-content\/uploads\/2025\/10\/SPBLEU50.webp","contentUrl":"https:\/\/www.csj-emballages.com\/wp-content\/uploads\/2025\/10\/SPBLEU50.webp","width":800,"height":800,"caption":"Sac \u00e0 pain"},{"@type":"BreadcrumbList","@id":"https:\/\/www.csj-emballages.com\/pt-pt\/produit\/saco-para-pao-fatiado-azul-50-microns-16-x-5-5-x-45-cm-por-100\/#breadcrumb","itemListElement":[{"@type":"ListItem","position":1,"name":"Acolhimento","item":"https:\/\/www.csj-emballages.com\/pt-pt\/universo-das-embalagens-alimentares\/"},{"@type":"ListItem","position":2,"name":"Shop","item":"https:\/\/www.csj-emballages.com\/shop\/"},{"@type":"ListItem","position":3,"name":"Saco para p\u00e3o fatiado azul 50 microns 16 x 5 + 5 x 45 cm por 100"}]},{"@type":"WebSite","@id":"https:\/\/www.csj-emballages.com\/pt-pt\/#website","url":"https:\/\/www.csj-emballages.com\/pt-pt\/","name":"CSJ Emballages","description":"","publisher":{"@id":"https:\/\/www.csj-emballages.com\/pt-pt\/#organization"},"potentialAction":[{"@type":"SearchAction","target":{"@type":"EntryPoint","urlTemplate":"https:\/\/www.csj-emballages.com\/pt-pt\/?s={search_term_string}"},"query-input":{"@type":"PropertyValueSpecification","valueRequired":true,"valueName":"search_term_string"}}],"inLanguage":"pt-PT"},{"@type":"Organization","@id":"https:\/\/www.csj-emballages.com\/pt-pt\/#Organization\/","name":"CSJ Emballages","url":"https:\/\/www.csj-emballages.com\/pt-pt\/","logo":{"@type":"ImageObject","inLanguage":"pt-PT","@id":"https:\/\/www.csj-emballages.com\/pt-pt\/#\/schema\/logo\/image\/","url":"https:\/\/www.csj-emballages.com\/wp-content\/uploads\/2023\/10\/logo_csj.webp","contentUrl":"https:\/\/www.csj-emballages.com\/wp-content\/uploads\/2023\/10\/logo_csj.webp","width":250,"height":95,"caption":"CSJ Emballages"},"image":{"@id":"https:\/\/www.csj-emballages.com\/pt-pt\/#\/schema\/logo\/image\/"},"sameAs":["https:\/\/www.facebook.com\/csjemballages"],"address":{"@type":"PostalAddress","streetAddress":"ZI La Lechere","addressLocality":"Patornay","postalCode":"39130","addressCountry":"FR"},"contactPoint":[{"@type":"ContactPoint","contactType":"Service client","telephone":"0384254272","email":"contact@csj-emballages.com"}]}]}},"df_price":4.5,"df_sale_price":"","df_regular_price":4.5,"df_image_link":"https:\/\/www.csj-emballages.com\/wp-content\/uploads\/2025\/10\/SPBLEU50-300x300.webp","tiered_pricing_type":"fixed","tiered_pricing_fixed_rules":[],"tiered_pricing_percentage_rules":[],"tiered_pricing_minimum":1,"tiered_pricing_roles_data":[],"_links":{"self":[{"href":"https:\/\/www.csj-emballages.com\/pt-pt\/wp-json\/wp\/v2\/product\/253682","targetHints":{"allow":["GET"]}}],"collection":[{"href":"https:\/\/www.csj-emballages.com\/pt-pt\/wp-json\/wp\/v2\/product"}],"about":[{"href":"https:\/\/www.csj-emballages.com\/pt-pt\/wp-json\/wp\/v2\/types\/product"}],"wp:featuredmedia":[{"embeddable":true,"href":"https:\/\/www.csj-emballages.com\/pt-pt\/wp-json\/wp\/v2\/media\/253678"}],"wp:attachment":[{"href":"https:\/\/www.csj-emballages.com\/pt-pt\/wp-json\/wp\/v2\/media?parent=253682"}],"wp:term":[{"taxonomy":"product_brand","embeddable":true,"href":"https:\/\/www.csj-emballages.com\/pt-pt\/wp-json\/wp\/v2\/product_brand?post=253682"},{"taxonomy":"product_cat","embeddable":true,"href":"https:\/\/www.csj-emballages.com\/pt-pt\/wp-json\/wp\/v2\/product_cat?post=253682"},{"taxonomy":"product_tag","embeddable":true,"href":"https:\/\/www.csj-emballages.com\/pt-pt\/wp-json\/wp\/v2\/product_tag?post=253682"}],"curies":[{"name":"wp","href":"https:\/\/api.w.org\/{rel}","templated":true}]}}