{"id":253665,"date":"2025-10-24T11:18:23","date_gmt":"2025-10-24T09:18:23","guid":{"rendered":"https:\/\/www.csj-emballages.com\/produit\/saco-amarelo-para-pao-fatiado-50-microns-12-x-5-5-x-35-cm-por-100\/"},"modified":"2026-04-03T02:21:05","modified_gmt":"2026-04-03T00:21:05","slug":"saco-amarelo-para-pao-fatiado-50-microns-12-x-5-5-x-35-cm-por-100","status":"publish","type":"product","link":"https:\/\/www.csj-emballages.com\/pt-pt\/produit\/saco-amarelo-para-pao-fatiado-50-microns-12-x-5-5-x-35-cm-por-100\/","title":{"rendered":"Saco amarelo para p\u00e3o fatiado 50 microns 12 x 5 + 5 x 35 cm por 100"},"content":{"rendered":"<h2>Saco de p\u00e3o<\/h2>\n<hr>\n<h3>Descri\u00e7\u00e3o do nosso saco amarelo para p\u00e3o fatiado 50 microns 12 x 5 + 5 x 35 cm por 100<\/h3>\n<p><!--more--><\/p>\n<p data-start=\"149\" data-end=\"428\">Quando se trabalha na padaria ou na ind\u00fastria alimentar, sabe-se que um bom <strong data-start=\"229\" data-end=\"243\">saco de p\u00e3o<\/strong> pode realmente facilitar a vida. \u00c9 exatamente esse o caso do nosso <strong data-start=\"312\" data-end=\"334\">saco para p\u00e3o fatiado<\/strong> <strong>amarelo de 50 m\u00edcrones<\/strong>, em <strong data-start=\"356\" data-end=\"380\">PEBD macroperfurado<\/strong>, tamanho 12 x 5 + 5 x 35 cm, vendido em embalagens de 100. <\/p>\n<p data-start=\"430\" data-end=\"766\">Para come\u00e7ar, a sua cor <strong>amarela<\/strong> confere imediatamente um toque caloroso e profissional. Destaca o seu <g id=\"gid_1\">p\u00e3o fatiado<\/g> assim que \u00e9 embalado, e os seus clientes notar\u00e3o imediatamente o cuidado que tem com a apresenta\u00e7\u00e3o. N\u00e3o se trata apenas de um saco: \u00e9 uma verdadeira forma de destacar os seus produtos.  <\/p>\n<p data-start=\"768\" data-end=\"1244\">Depois, gra\u00e7as ao seu material <strong data-start=\"799\" data-end=\"807\">LDPE<\/strong>, oferece uma verdadeira flexibilidade e uma excelente resist\u00eancia \u00e0 utiliza\u00e7\u00e3o quotidiana. Com uma espessura de 50 microns, pode confiar nela: sem rasg\u00f5es, sem migalhas a escapar, mesmo quando o p\u00e3o \u00e9 generoso ou ligeiramente h\u00famido. Al\u00e9m disso, o <g id=\"gid_1\">macro perfurado<\/g> permite que o p\u00e3o respire melhor, evitando a condensa\u00e7\u00e3o e mantendo-o fresco. \u00c9 o compromisso ideal entre higiene, conserva\u00e7\u00e3o e qualidade.   <\/p>\n<p data-start=\"1246\" data-end=\"1518\">O formato <strong>12 x 5 + 5 x 35 cm<\/strong> adapta-se perfeitamente ao p\u00e3o fatiado: p\u00e3es de sandu\u00edche, p\u00e3es especiais, p\u00e3es artesanais, etc. Este <strong>saco para p\u00e3o<\/strong> \u00e9 f\u00e1cil de adaptar gra\u00e7as aos seus refor\u00e7os, que lhe conferem uma grande capacidade. O acondicionamento \u00e9 r\u00e1pido, limpo e poupa tempo. <\/p>\n<p data-start=\"1520\" data-end=\"1794\">Vendido em embalagens de <strong>100<\/strong> unidades, este <strong data-start=\"1552\" data-end=\"1574\">saco para p\u00e3o fatiado<\/strong> \u00e9 uma solu\u00e7\u00e3o econ\u00f3mica para os profissionais. Quer se trate de um padeiro, de um fornecedor de refei\u00e7\u00f5es, de um minimercado ou de uma loja de sandes, enquadra-se perfeitamente na sua organiza\u00e7\u00e3o quotidiana, garantindo uma higiene impec\u00e1vel. <\/p>\n<p data-start=\"1796\" data-end=\"1933\">Em suma, \u00e9 um <strong>saco<\/strong> pr\u00e1tico, robusto e bem ventilado, concebido para exibir o seu p\u00e3o fatiado e facilitar o seu trabalho.<\/p>\n<p><!--more--><\/p>\n<h4>Vantagens :<\/h4>\n<ul>\n<li data-start=\"1987\" data-end=\"2016\"><strong>Saco para p\u00e3o fatiado<\/strong> espesso e resistente.<\/li>\n<li data-start=\"2019\" data-end=\"2058\">Adequado para todos os tipos de p\u00e3o fatiado.<\/li>\n<li data-start=\"2061\" data-end=\"2106\">Apresenta\u00e7\u00e3o atractiva gra\u00e7as \u00e0 sua cor <strong>amarela<\/strong>.<\/li>\n<li data-start=\"2109\" data-end=\"2147\">Protege o p\u00e3o e mant\u00e9m-no fresco.<\/li>\n<li data-start=\"2150\" data-end=\"2186\">Embalagem econ\u00f3mica de <strong>100<\/strong> unidades.<\/li>\n<\/ul>\n<p>&nbsp;<\/p>\n<p><!--more--><\/p>\n<h4>Outras informa\u00e7\u00f5es :<\/h4>\n<ul>\n<li><strong>Embalagem<\/strong>: Pacote de 100<\/li>\n<li><strong>Dimens\u00f5es<\/strong>: 12 x 5 + 5 x 35 cm<\/li>\n<li><strong>Resist\u00eancia<\/strong>: 50 microns<\/li>\n<li><strong>Material<\/strong>: LDPE<\/li>\n<li><strong>Cor<\/strong>: Transparente \/ Amarelo<\/li>\n<\/ul>\n<p>&nbsp;<\/p>\n<p><!--more--><\/p>\n<p>Este saco de p\u00e3o est\u00e1 dispon\u00edvel em diferentes tamanhos: <span style=\"color: #d12727;\"><a style=\"color: #d12727;\" href=\"https:\/\/www.csj-emballages.com\/es\/produit\/200-bolsas-verdes-para-pan-de-molde-20-micras-16-x-5-5-x-35-cm\/\">16 x 5 + 5 x 35 cm<\/a><\/span> \/ <span style=\"color: #d12727;\"><a style=\"color: #d12727;\" href=\"https:\/\/www.csj-emballages.com\/es\/produit\/bolsa-azul-para-pan-de-molde-50-micras-16-x-5-5-x-45-cm-por-100\/\">16 x 5 + 5 x 45 cm<\/a><\/span> \/ <span style=\"color: #d12727;\"><a style=\"color: #d12727;\" href=\"https:\/\/www.csj-emballages.com\/es\/produit\/bolsa-para-pan-de-molde-beige-50-micras-23-x-4-4-x-42-cm-por-100\/\">23 x 4 + 4 x 42 cm<\/a> <\/span>\/<span style=\"color: #d12727;\"> <a style=\"color: #d12727;\" href=\"https:\/\/www.csj-emballages.com\/es\/produit\/bolsa-roja-para-pan-de-molde-50-micras-16-x-5-5-x-60-cm-por-100\/\">16 x 5 + 5 x 60 cm<\/a> <span style=\"color: #000000;\">\/<\/span> <a style=\"color: #d12727;\" href=\"https:\/\/www.csj-emballages.com\/es\/produit\/bolsa-morada-para-pan-de-molde-50-micras-23-x-55-55-x-50-cm-por-100\/\">23 x 5,5 +5,5 x 50 cm<\/a><\/span><\/p>\n<p>&nbsp;<\/p>\n<p><!--more--><\/p>\n<p><a href=\"\/?product_cat=sacs-pain-tranche\">V\u00ea o resto da nossa gama de sacos para p\u00e3o fatiado<\/a><\/p>\n","protected":false},"excerpt":{"rendered":"<p>Saco de p\u00e3o Descri\u00e7\u00e3o do nosso saco amarelo para p\u00e3o fatiado 50 microns 12 x 5 + 5 x 35 cm por 100<\/p>\n","protected":false},"featured_media":253640,"template":"","meta":{"_acf_changed":false},"product_brand":[],"product_cat":[1141,1177,3919,1675,1676],"product_tag":[],"class_list":{"0":"post-253665","1":"product","2":"type-product","3":"status-publish","4":"has-post-thumbnail","6":"product_cat-embalagem-de-alimentos","7":"product_cat-padaria-e-pastelaria","8":"product_cat-sacos-saquetas-e-papel","9":"product_cat-sacheries-pt-pt","10":"product_cat-sacos-de-pao-fatiado","12":"first","13":"instock","14":"taxable","15":"shipping-taxable","16":"purchasable","17":"product-type-simple"},"acf":[],"yoast_head":"<!-- This site is optimized with the Yoast SEO Premium plugin v26.6 (Yoast SEO v26.6) - https:\/\/yoast.com\/wordpress\/plugins\/seo\/ -->\n<title>Saco para p\u00e3o fatiado amarelo 50 microns 12 x 5 + 5 x 35 cm por 100<\/title>\n<meta name=\"description\" content=\"Saco para p\u00e3o fatiado em PEBD amarelo macroperfurado de 50 microns. Tamanho 12 x 5 + 5 x 35 cm. Resistente, pr\u00e1tico e reutiliz\u00e1vel. Embalagem de 100 sacos.\" \/>\n<meta name=\"robots\" content=\"index, follow, max-snippet:-1, max-image-preview:large, max-video-preview:-1\" \/>\n<link rel=\"canonical\" href=\"https:\/\/www.csj-emballages.com\/pt-pt\/produit\/saco-amarelo-para-pao-fatiado-50-microns-12-x-5-5-x-35-cm-por-100\/\" \/>\n<meta property=\"og:locale\" content=\"pt_PT\" \/>\n<meta property=\"og:type\" content=\"article\" \/>\n<meta property=\"og:title\" content=\"Saco amarelo para p\u00e3o fatiado 50 microns 12 x 5 + 5 x 35 cm por 100\" \/>\n<meta property=\"og:description\" content=\"Saco para p\u00e3o fatiado em PEBD amarelo macroperfurado de 50 microns. Tamanho 12 x 5 + 5 x 35 cm. Resistente, pr\u00e1tico e reutiliz\u00e1vel. Embalagem de 100 sacos.\" \/>\n<meta property=\"og:url\" content=\"https:\/\/www.csj-emballages.com\/pt-pt\/produit\/saco-amarelo-para-pao-fatiado-50-microns-12-x-5-5-x-35-cm-por-100\/\" \/>\n<meta property=\"og:site_name\" content=\"CSJ Emballages\" \/>\n<meta property=\"article:publisher\" content=\"https:\/\/www.facebook.com\/csjemballages\" \/>\n<meta property=\"article:modified_time\" content=\"2026-04-03T00:21:05+00:00\" \/>\n<meta property=\"og:image\" content=\"https:\/\/www.csj-emballages.com\/wp-content\/uploads\/2025\/10\/SPJAU50-1.webp\" \/>\n\t<meta property=\"og:image:width\" content=\"800\" \/>\n\t<meta property=\"og:image:height\" content=\"800\" \/>\n\t<meta property=\"og:image:type\" content=\"image\/webp\" \/>\n<meta name=\"twitter:card\" content=\"summary_large_image\" \/>\n<meta name=\"twitter:label1\" content=\"Tempo estimado de leitura\" \/>\n\t<meta name=\"twitter:data1\" content=\"2 minutos\" \/>\n<script type=\"application\/ld+json\" class=\"yoast-schema-graph\">{\"@context\":\"https:\/\/schema.org\",\"@graph\":[{\"@type\":\"WebPage\",\"@id\":\"https:\/\/www.csj-emballages.com\/pt-pt\/produit\/saco-amarelo-para-pao-fatiado-50-microns-12-x-5-5-x-35-cm-por-100\/\",\"url\":\"https:\/\/www.csj-emballages.com\/pt-pt\/produit\/saco-amarelo-para-pao-fatiado-50-microns-12-x-5-5-x-35-cm-por-100\/\",\"name\":\"Saco para p\u00e3o fatiado amarelo 50 microns 12 x 5 + 5 x 35 cm por 100\",\"isPartOf\":{\"@id\":\"https:\/\/www.csj-emballages.com\/pt-pt\/#website\"},\"primaryImageOfPage\":{\"@id\":\"https:\/\/www.csj-emballages.com\/pt-pt\/produit\/saco-amarelo-para-pao-fatiado-50-microns-12-x-5-5-x-35-cm-por-100\/#primaryimage\"},\"image\":{\"@id\":\"https:\/\/www.csj-emballages.com\/pt-pt\/produit\/saco-amarelo-para-pao-fatiado-50-microns-12-x-5-5-x-35-cm-por-100\/#primaryimage\"},\"thumbnailUrl\":\"https:\/\/www.csj-emballages.com\/wp-content\/uploads\/2025\/10\/SPJAU50-1.webp\",\"datePublished\":\"2025-10-24T09:18:23+00:00\",\"dateModified\":\"2026-04-03T00:21:05+00:00\",\"description\":\"Saco para p\u00e3o fatiado em PEBD amarelo macroperfurado de 50 microns. Tamanho 12 x 5 + 5 x 35 cm. Resistente, pr\u00e1tico e reutiliz\u00e1vel. Embalagem de 100 sacos.\",\"breadcrumb\":{\"@id\":\"https:\/\/www.csj-emballages.com\/pt-pt\/produit\/saco-amarelo-para-pao-fatiado-50-microns-12-x-5-5-x-35-cm-por-100\/#breadcrumb\"},\"inLanguage\":\"pt-PT\",\"potentialAction\":[{\"@type\":\"ReadAction\",\"target\":[\"https:\/\/www.csj-emballages.com\/pt-pt\/produit\/saco-amarelo-para-pao-fatiado-50-microns-12-x-5-5-x-35-cm-por-100\/\"]}]},{\"@type\":\"ImageObject\",\"inLanguage\":\"pt-PT\",\"@id\":\"https:\/\/www.csj-emballages.com\/pt-pt\/produit\/saco-amarelo-para-pao-fatiado-50-microns-12-x-5-5-x-35-cm-por-100\/#primaryimage\",\"url\":\"https:\/\/www.csj-emballages.com\/wp-content\/uploads\/2025\/10\/SPJAU50-1.webp\",\"contentUrl\":\"https:\/\/www.csj-emballages.com\/wp-content\/uploads\/2025\/10\/SPJAU50-1.webp\",\"width\":800,\"height\":800,\"caption\":\"Sac \u00e0 pain\"},{\"@type\":\"BreadcrumbList\",\"@id\":\"https:\/\/www.csj-emballages.com\/pt-pt\/produit\/saco-amarelo-para-pao-fatiado-50-microns-12-x-5-5-x-35-cm-por-100\/#breadcrumb\",\"itemListElement\":[{\"@type\":\"ListItem\",\"position\":1,\"name\":\"Acolhimento\",\"item\":\"https:\/\/www.csj-emballages.com\/pt-pt\/universo-das-embalagens-alimentares\/\"},{\"@type\":\"ListItem\",\"position\":2,\"name\":\"Shop\",\"item\":\"https:\/\/www.csj-emballages.com\/shop\/\"},{\"@type\":\"ListItem\",\"position\":3,\"name\":\"Saco amarelo para p\u00e3o fatiado 50 microns 12 x 5 + 5 x 35 cm por 100\"}]},{\"@type\":\"WebSite\",\"@id\":\"https:\/\/www.csj-emballages.com\/pt-pt\/#website\",\"url\":\"https:\/\/www.csj-emballages.com\/pt-pt\/\",\"name\":\"CSJ Emballages\",\"description\":\"\",\"publisher\":{\"@id\":\"https:\/\/www.csj-emballages.com\/pt-pt\/#organization\"},\"potentialAction\":[{\"@type\":\"SearchAction\",\"target\":{\"@type\":\"EntryPoint\",\"urlTemplate\":\"https:\/\/www.csj-emballages.com\/pt-pt\/?s={search_term_string}\"},\"query-input\":{\"@type\":\"PropertyValueSpecification\",\"valueRequired\":true,\"valueName\":\"search_term_string\"}}],\"inLanguage\":\"pt-PT\"},{\"@type\":\"Organization\",\"@id\":\"https:\/\/www.csj-emballages.com\/pt-pt\/#Organization\/\",\"name\":\"CSJ Emballages\",\"url\":\"https:\/\/www.csj-emballages.com\/pt-pt\/\",\"logo\":{\"@type\":\"ImageObject\",\"inLanguage\":\"pt-PT\",\"@id\":\"https:\/\/www.csj-emballages.com\/pt-pt\/#\/schema\/logo\/image\/\",\"url\":\"https:\/\/www.csj-emballages.com\/wp-content\/uploads\/2023\/10\/logo_csj.webp\",\"contentUrl\":\"https:\/\/www.csj-emballages.com\/wp-content\/uploads\/2023\/10\/logo_csj.webp\",\"width\":250,\"height\":95,\"caption\":\"CSJ Emballages\"},\"image\":{\"@id\":\"https:\/\/www.csj-emballages.com\/pt-pt\/#\/schema\/logo\/image\/\"},\"sameAs\":[\"https:\/\/www.facebook.com\/csjemballages\"],\"address\":{\"@type\":\"PostalAddress\",\"streetAddress\":\"ZI La Lechere\",\"addressLocality\":\"Patornay\",\"postalCode\":\"39130\",\"addressCountry\":\"FR\"},\"contactPoint\":[{\"@type\":\"ContactPoint\",\"contactType\":\"Service client\",\"telephone\":\"0384254272\",\"email\":\"contact@csj-emballages.com\"}]}]}<\/script>\n<!-- \/ Yoast SEO Premium plugin. -->","yoast_head_json":{"title":"Saco para p\u00e3o fatiado amarelo 50 microns 12 x 5 + 5 x 35 cm por 100","description":"Saco para p\u00e3o fatiado em PEBD amarelo macroperfurado de 50 microns. Tamanho 12 x 5 + 5 x 35 cm. Resistente, pr\u00e1tico e reutiliz\u00e1vel. Embalagem de 100 sacos.","robots":{"index":"index","follow":"follow","max-snippet":"max-snippet:-1","max-image-preview":"max-image-preview:large","max-video-preview":"max-video-preview:-1"},"canonical":"https:\/\/www.csj-emballages.com\/pt-pt\/produit\/saco-amarelo-para-pao-fatiado-50-microns-12-x-5-5-x-35-cm-por-100\/","og_locale":"pt_PT","og_type":"article","og_title":"Saco amarelo para p\u00e3o fatiado 50 microns 12 x 5 + 5 x 35 cm por 100","og_description":"Saco para p\u00e3o fatiado em PEBD amarelo macroperfurado de 50 microns. Tamanho 12 x 5 + 5 x 35 cm. Resistente, pr\u00e1tico e reutiliz\u00e1vel. Embalagem de 100 sacos.","og_url":"https:\/\/www.csj-emballages.com\/pt-pt\/produit\/saco-amarelo-para-pao-fatiado-50-microns-12-x-5-5-x-35-cm-por-100\/","og_site_name":"CSJ Emballages","article_publisher":"https:\/\/www.facebook.com\/csjemballages","article_modified_time":"2026-04-03T00:21:05+00:00","og_image":[{"width":800,"height":800,"url":"https:\/\/www.csj-emballages.com\/wp-content\/uploads\/2025\/10\/SPJAU50-1.webp","type":"image\/webp"}],"twitter_card":"summary_large_image","twitter_misc":{"Tempo estimado de leitura":"2 minutos"},"schema":{"@context":"https:\/\/schema.org","@graph":[{"@type":"WebPage","@id":"https:\/\/www.csj-emballages.com\/pt-pt\/produit\/saco-amarelo-para-pao-fatiado-50-microns-12-x-5-5-x-35-cm-por-100\/","url":"https:\/\/www.csj-emballages.com\/pt-pt\/produit\/saco-amarelo-para-pao-fatiado-50-microns-12-x-5-5-x-35-cm-por-100\/","name":"Saco para p\u00e3o fatiado amarelo 50 microns 12 x 5 + 5 x 35 cm por 100","isPartOf":{"@id":"https:\/\/www.csj-emballages.com\/pt-pt\/#website"},"primaryImageOfPage":{"@id":"https:\/\/www.csj-emballages.com\/pt-pt\/produit\/saco-amarelo-para-pao-fatiado-50-microns-12-x-5-5-x-35-cm-por-100\/#primaryimage"},"image":{"@id":"https:\/\/www.csj-emballages.com\/pt-pt\/produit\/saco-amarelo-para-pao-fatiado-50-microns-12-x-5-5-x-35-cm-por-100\/#primaryimage"},"thumbnailUrl":"https:\/\/www.csj-emballages.com\/wp-content\/uploads\/2025\/10\/SPJAU50-1.webp","datePublished":"2025-10-24T09:18:23+00:00","dateModified":"2026-04-03T00:21:05+00:00","description":"Saco para p\u00e3o fatiado em PEBD amarelo macroperfurado de 50 microns. Tamanho 12 x 5 + 5 x 35 cm. Resistente, pr\u00e1tico e reutiliz\u00e1vel. Embalagem de 100 sacos.","breadcrumb":{"@id":"https:\/\/www.csj-emballages.com\/pt-pt\/produit\/saco-amarelo-para-pao-fatiado-50-microns-12-x-5-5-x-35-cm-por-100\/#breadcrumb"},"inLanguage":"pt-PT","potentialAction":[{"@type":"ReadAction","target":["https:\/\/www.csj-emballages.com\/pt-pt\/produit\/saco-amarelo-para-pao-fatiado-50-microns-12-x-5-5-x-35-cm-por-100\/"]}]},{"@type":"ImageObject","inLanguage":"pt-PT","@id":"https:\/\/www.csj-emballages.com\/pt-pt\/produit\/saco-amarelo-para-pao-fatiado-50-microns-12-x-5-5-x-35-cm-por-100\/#primaryimage","url":"https:\/\/www.csj-emballages.com\/wp-content\/uploads\/2025\/10\/SPJAU50-1.webp","contentUrl":"https:\/\/www.csj-emballages.com\/wp-content\/uploads\/2025\/10\/SPJAU50-1.webp","width":800,"height":800,"caption":"Sac \u00e0 pain"},{"@type":"BreadcrumbList","@id":"https:\/\/www.csj-emballages.com\/pt-pt\/produit\/saco-amarelo-para-pao-fatiado-50-microns-12-x-5-5-x-35-cm-por-100\/#breadcrumb","itemListElement":[{"@type":"ListItem","position":1,"name":"Acolhimento","item":"https:\/\/www.csj-emballages.com\/pt-pt\/universo-das-embalagens-alimentares\/"},{"@type":"ListItem","position":2,"name":"Shop","item":"https:\/\/www.csj-emballages.com\/shop\/"},{"@type":"ListItem","position":3,"name":"Saco amarelo para p\u00e3o fatiado 50 microns 12 x 5 + 5 x 35 cm por 100"}]},{"@type":"WebSite","@id":"https:\/\/www.csj-emballages.com\/pt-pt\/#website","url":"https:\/\/www.csj-emballages.com\/pt-pt\/","name":"CSJ Emballages","description":"","publisher":{"@id":"https:\/\/www.csj-emballages.com\/pt-pt\/#organization"},"potentialAction":[{"@type":"SearchAction","target":{"@type":"EntryPoint","urlTemplate":"https:\/\/www.csj-emballages.com\/pt-pt\/?s={search_term_string}"},"query-input":{"@type":"PropertyValueSpecification","valueRequired":true,"valueName":"search_term_string"}}],"inLanguage":"pt-PT"},{"@type":"Organization","@id":"https:\/\/www.csj-emballages.com\/pt-pt\/#Organization\/","name":"CSJ Emballages","url":"https:\/\/www.csj-emballages.com\/pt-pt\/","logo":{"@type":"ImageObject","inLanguage":"pt-PT","@id":"https:\/\/www.csj-emballages.com\/pt-pt\/#\/schema\/logo\/image\/","url":"https:\/\/www.csj-emballages.com\/wp-content\/uploads\/2023\/10\/logo_csj.webp","contentUrl":"https:\/\/www.csj-emballages.com\/wp-content\/uploads\/2023\/10\/logo_csj.webp","width":250,"height":95,"caption":"CSJ Emballages"},"image":{"@id":"https:\/\/www.csj-emballages.com\/pt-pt\/#\/schema\/logo\/image\/"},"sameAs":["https:\/\/www.facebook.com\/csjemballages"],"address":{"@type":"PostalAddress","streetAddress":"ZI La Lechere","addressLocality":"Patornay","postalCode":"39130","addressCountry":"FR"},"contactPoint":[{"@type":"ContactPoint","contactType":"Service client","telephone":"0384254272","email":"contact@csj-emballages.com"}]}]}},"df_price":2.98,"df_sale_price":"","df_regular_price":2.98,"df_image_link":"https:\/\/www.csj-emballages.com\/wp-content\/uploads\/2025\/10\/SPJAU50-1-300x300.webp","tiered_pricing_type":"fixed","tiered_pricing_fixed_rules":[],"tiered_pricing_percentage_rules":[],"tiered_pricing_minimum":1,"tiered_pricing_roles_data":[],"_links":{"self":[{"href":"https:\/\/www.csj-emballages.com\/pt-pt\/wp-json\/wp\/v2\/product\/253665","targetHints":{"allow":["GET"]}}],"collection":[{"href":"https:\/\/www.csj-emballages.com\/pt-pt\/wp-json\/wp\/v2\/product"}],"about":[{"href":"https:\/\/www.csj-emballages.com\/pt-pt\/wp-json\/wp\/v2\/types\/product"}],"wp:featuredmedia":[{"embeddable":true,"href":"https:\/\/www.csj-emballages.com\/pt-pt\/wp-json\/wp\/v2\/media\/253640"}],"wp:attachment":[{"href":"https:\/\/www.csj-emballages.com\/pt-pt\/wp-json\/wp\/v2\/media?parent=253665"}],"wp:term":[{"taxonomy":"product_brand","embeddable":true,"href":"https:\/\/www.csj-emballages.com\/pt-pt\/wp-json\/wp\/v2\/product_brand?post=253665"},{"taxonomy":"product_cat","embeddable":true,"href":"https:\/\/www.csj-emballages.com\/pt-pt\/wp-json\/wp\/v2\/product_cat?post=253665"},{"taxonomy":"product_tag","embeddable":true,"href":"https:\/\/www.csj-emballages.com\/pt-pt\/wp-json\/wp\/v2\/product_tag?post=253665"}],"curies":[{"name":"wp","href":"https:\/\/api.w.org\/{rel}","templated":true}]}}