{"id":253244,"date":"2025-10-22T15:18:17","date_gmt":"2025-10-22T13:18:17","guid":{"rendered":"https:\/\/www.csj-emballages.com\/produit\/suporte-para-bolos-redondo-em-cartao-branco-preto-o26-cm-por-100\/"},"modified":"2026-05-08T02:15:29","modified_gmt":"2026-05-08T00:15:29","slug":"suporte-para-bolos-redondo-em-cartao-branco-preto-o26-cm-por-100","status":"publish","type":"product","link":"https:\/\/www.csj-emballages.com\/pt-pt\/produit\/suporte-para-bolos-redondo-em-cartao-branco-preto-o26-cm-por-100\/","title":{"rendered":"Suporte para bolos redondo em cart\u00e3o branco \/ preto \u00f826 cm por 100"},"content":{"rendered":"<div style=\"font-family: Roboto, sans-serif;\">\n<h2 class=\"p1\">Suporte para bolos<\/h2>\n<hr>\n<h3>Descri\u00e7\u00e3o do nosso suporte redondo para bolos em cart\u00e3o branco \/ preto \u00f826 cm por 100<\/h3>\n<p><!--more--><\/p>\n<p data-start=\"259\" data-end=\"555\">O <strong data-start=\"262\" data-end=\"312\">suporte para bolo redondo branco\/preto em cart\u00e3o com \u00f826 cm<\/strong> \u00e9 um verdadeiro indispens\u00e1vel para apresentar os seus bolos com classe e simplicidade. De facto, s\u00f3lido, elegante e pr\u00e1tico, acompanha-o em todas as suas prepara\u00e7\u00f5es, seja para uma vitrine de pastelaria, um buffet ou uma simples sobremesa caseira.<\/p>\n<p data-start=\"557\" data-end=\"982\">Concebido em <strong data-start=\"566\" data-end=\"594\">cart\u00e3o r\u00edgido de qualidade<\/strong>, oferece uma <strong data-start=\"609\" data-end=\"633\">excelente estabilidade<\/strong> e suporta sem problemas o peso dos seus bolos, sobremesas ou tartes. Com o seu <strong data-start=\"712\" data-end=\"733\">di\u00e2metro de 26 cm<\/strong>, \u00e9 perfeito para <strong data-start=\"764\" data-end=\"786\">bolos para partilhar<\/strong>, <strong data-start=\"792\" data-end=\"817\">cria\u00e7\u00f5es maiores<\/strong> ou <strong data-start=\"825\" data-end=\"843\">bolos de v\u00e1rios andares<\/strong>. Al\u00e9m disso, j\u00e1 n\u00e3o precisa de se preocupar com a possibilidade de o fundo de um bolo dobrar ou danificar durante o transporte: este suporte garante uma base fi\u00e1vel e resistente.<\/p>\n<p data-start=\"984\" data-end=\"1342\">O que o torna ainda mais pr\u00e1tico \u00e9 o seu lado <strong data-start=\"1036\" data-end=\"1051\">dupla face<\/strong>. De um lado, uma <strong data-start=\"1068\" data-end=\"1087\">superf\u00edcie branca<\/strong> para um resultado s\u00f3brio e luminoso, perfeito para apresenta\u00e7\u00f5es cl\u00e1ssicas. Do outro, uma <strong data-start=\"1180\" data-end=\"1194\">face preta<\/strong> que confere um toque moderno e elegante \u00e0s suas sobremesas. Num s\u00f3 gesto, escolhe o estilo que corresponde ao seu evento ou \u00e0 sua vitrine.<\/p>\n<p data-start=\"1344\" data-end=\"1611\">Da mesma forma, vendido em <strong data-start=\"1354\" data-end=\"1368\">lotes de 100<\/strong>, este suporte \u00e9 ideal tanto para <strong data-start=\"1400\" data-end=\"1418\">profissionais<\/strong> como para <strong data-start=\"1434\" data-end=\"1448\">apaixonados<\/strong> que pretendem aliar <strong data-start=\"1468\" data-end=\"1517\">poupan\u00e7a de tempo, limpeza e uma bela apresenta\u00e7\u00e3o<\/strong>. Leve, higi\u00e9nico e resistente \u00e0 humidade, \u00e9 t\u00e3o simples de manusear como de armazenar.<\/p>\n<p data-start=\"1613\" data-end=\"1816\">Em suma, o <strong data-start=\"1625\" data-end=\"1675\">suporte para bolos redondo de cart\u00e3o branco\/preto de<\/strong> \u00f826 <strong data-start=\"1625\" data-end=\"1675\">cm<\/strong> \u00e9 o pequeno pormenor que faz toda a diferen\u00e7a: uma base s\u00f3lida, limpa e elegante para exibir as suas melhores cria\u00e7\u00f5es.<\/p>\n<p data-start=\"1367\" data-end=\"1669\"><!--more--><\/p>\n<h4 data-start=\"1367\" data-end=\"1669\">Vantagens :<\/h4>\n<ul>\n<li data-start=\"1760\" data-end=\"1823\">Dois lados: <strong data-start=\"1773\" data-end=\"1790\">branco e preto<\/strong>, para uma variedade de apresenta\u00e7\u00f5es.<\/li>\n<li data-start=\"1826\" data-end=\"1887\"><strong data-start=\"1826\" data-end=\"1856\">Cart\u00e3o r\u00edgido, resistente \u00e0<\/strong> humidade e <strong data-start=\"1826\" data-end=\"1856\">\u00e0<\/strong> gordura.<\/li>\n<li data-start=\"1890\" data-end=\"1955\"><strong data-start=\"1890\" data-end=\"1908\">Di\u00e2metro de 26 cm<\/strong>, perfeito para uma vasta gama de formatos de bolos.<\/li>\n<li data-start=\"1958\" data-end=\"2001\"><strong data-start=\"1958\" data-end=\"1977\">Leve e est\u00e1vel<\/strong>, f\u00e1cil de manusear.<\/li>\n<li data-start=\"2004\" data-end=\"2063\"><strong data-start=\"2004\" data-end=\"2021\">Vendido em embalagens de 100 unidades<\/strong>, \u00e9 econ\u00f3mico e est\u00e1 sempre pronto a utilizar.<\/li>\n<\/ul>\n<p>&nbsp;<\/p>\n<p><!--more--><\/p>\n<h4>Outras informa\u00e7\u00f5es :<\/h4>\n<ul>\n<li><strong>Embalagem<\/strong>: Pacote de 100<\/li>\n<li><strong>Di\u00e2metro<\/strong>: 26 cm<\/li>\n<li><strong>Cor<\/strong>: Branco \/ Preto<\/li>\n<li><strong>Material<\/strong>: Cart\u00e3o<\/li>\n<\/ul>\n<\/div>\n<div style=\"font-family: Roboto, sans-serif;\">\n<p>&nbsp;<\/p>\n<p><!--more--><\/p>\n<\/div>\n<p>Este suporte para bolos est\u00e1 dispon\u00edvel em diferentes tamanhos: <span style=\"color: #d12727;\"><a style=\"color: #d12727;\" href=\"https:\/\/www.csj-emballages.com\/pt-pt\/produit\/suporte-para-bolos-redondo-em-cartao-branco-preto-o16-cm-por-100\/\">\u00d816 cm<\/a><\/span> \/ <span style=\"color: #d12727;\"><a style=\"color: #d12727;\" href=\"https:\/\/www.csj-emballages.com\/pt-pt\/produit\/suporte-para-bolos-redondo-em-cartao-branco-preto-o18-cm-por-100\/\">\u00d818 cm<\/a><\/span> \/ <span style=\"color: #d12727;\"><a style=\"color: #d12727;\" href=\"https:\/\/www.csj-emballages.com\/pt-pt\/produit\/suporte-para-bolos-redondo-em-cartao-branco-preto-o20-cm-por-100\/\">\u00d820 cm<\/a><\/span> \/ <span style=\"color: #d12727;\"><a style=\"color: #d12727;\" href=\"https:\/\/www.csj-emballages.com\/pt-pt\/produit\/suporte-para-bolos-redondo-em-cartao-branco-preto-o22-cm-por-100\/\">\u00d822 cm<\/a><\/span> \/ <span style=\"color: #d12727;\"><a style=\"color: #d12727;\" href=\"https:\/\/www.csj-emballages.com\/pt-pt\/produit\/suporte-para-bolos-redondo-em-cartao-branco-preto-o28-cm-por-100\/\">\u00d828 cm<\/a><\/span><\/p>\n<p>&nbsp;<\/p>\n<div style=\"font-family: Roboto, sans-serif;\">\n<p><!--more--><\/p>\n<p><a href=\"https:\/\/www.csj-emballages.com\/pt-pt\/categorie-produit\/embalagem-de-alimentos\/padaria-e-pastelaria\/suportes-para-bases-de-bolos\/bases-para-bolos-redondas\/suportes-para-bolos-brancos-pretos\/\">Ver o resto da nossa gama de suportes para bolos brancos \/ pretos<\/a><\/p>\n<\/div>\n","protected":false},"excerpt":{"rendered":"<p>Suporte para bolos Descri\u00e7\u00e3o do nosso suporte redondo para bolos em cart\u00e3o branco \/ preto \u00f826 cm por 100<\/p>\n","protected":false},"featured_media":253239,"template":"","meta":{"_acf_changed":false},"product_brand":[],"product_cat":[1141,1177,1914,10079,10080],"product_tag":[],"class_list":{"0":"post-253244","1":"product","2":"type-product","3":"status-publish","4":"has-post-thumbnail","6":"product_cat-embalagem-de-alimentos","7":"product_cat-padaria-e-pastelaria","8":"product_cat-suportes-para-bases-de-bolos","9":"product_cat-bases-para-bolos-redondas","10":"product_cat-suportes-para-bolos-brancos-pretos","12":"first","13":"instock","14":"taxable","15":"shipping-taxable","16":"purchasable","17":"product-type-simple"},"acf":[],"yoast_head":"<!-- This site is optimized with the Yoast SEO Premium plugin v26.6 (Yoast SEO v26.6) - https:\/\/yoast.com\/wordpress\/plugins\/seo\/ -->\n<title>Suporte para bolos redondo branco \/ caixa preta \u00f826 cm por 100<\/title>\n<meta name=\"description\" content=\"Suporte para bolos redondo branco\/preto \u00f826 cm. Robusto, pr\u00e1tico e elegante: a base perfeita para expor ou transportar os seus bolos com toda a confian\u00e7a.\" \/>\n<meta name=\"robots\" content=\"index, follow, max-snippet:-1, max-image-preview:large, max-video-preview:-1\" \/>\n<link rel=\"canonical\" href=\"https:\/\/www.csj-emballages.com\/pt-pt\/produit\/suporte-para-bolos-redondo-em-cartao-branco-preto-o26-cm-por-100\/\" \/>\n<meta property=\"og:locale\" content=\"pt_PT\" \/>\n<meta property=\"og:type\" content=\"article\" \/>\n<meta property=\"og:title\" content=\"Suporte para bolos redondo em cart\u00e3o branco \/ preto \u00f826 cm por 100\" \/>\n<meta property=\"og:description\" content=\"Suporte para bolos redondo branco\/preto \u00f826 cm. Robusto, pr\u00e1tico e elegante: a base perfeita para expor ou transportar os seus bolos com toda a confian\u00e7a.\" \/>\n<meta property=\"og:url\" content=\"https:\/\/www.csj-emballages.com\/pt-pt\/produit\/suporte-para-bolos-redondo-em-cartao-branco-preto-o26-cm-por-100\/\" \/>\n<meta property=\"og:site_name\" content=\"CSJ Emballages\" \/>\n<meta property=\"article:publisher\" content=\"https:\/\/www.facebook.com\/csjemballages\" \/>\n<meta property=\"article:modified_time\" content=\"2026-05-08T00:15:29+00:00\" \/>\n<meta property=\"og:image\" content=\"https:\/\/www.csj-emballages.com\/wp-content\/uploads\/2025\/10\/RBNF26.webp\" \/>\n\t<meta property=\"og:image:width\" content=\"800\" \/>\n\t<meta property=\"og:image:height\" content=\"800\" \/>\n\t<meta property=\"og:image:type\" content=\"image\/webp\" \/>\n<meta name=\"twitter:card\" content=\"summary_large_image\" \/>\n<meta name=\"twitter:label1\" content=\"Tempo estimado de leitura\" \/>\n\t<meta name=\"twitter:data1\" content=\"2 minutos\" \/>\n<script type=\"application\/ld+json\" class=\"yoast-schema-graph\">{\"@context\":\"https:\/\/schema.org\",\"@graph\":[{\"@type\":\"WebPage\",\"@id\":\"https:\/\/www.csj-emballages.com\/pt-pt\/produit\/suporte-para-bolos-redondo-em-cartao-branco-preto-o26-cm-por-100\/\",\"url\":\"https:\/\/www.csj-emballages.com\/pt-pt\/produit\/suporte-para-bolos-redondo-em-cartao-branco-preto-o26-cm-por-100\/\",\"name\":\"Suporte para bolos redondo branco \/ caixa preta \u00f826 cm por 100\",\"isPartOf\":{\"@id\":\"https:\/\/www.csj-emballages.com\/pt-pt\/#website\"},\"primaryImageOfPage\":{\"@id\":\"https:\/\/www.csj-emballages.com\/pt-pt\/produit\/suporte-para-bolos-redondo-em-cartao-branco-preto-o26-cm-por-100\/#primaryimage\"},\"image\":{\"@id\":\"https:\/\/www.csj-emballages.com\/pt-pt\/produit\/suporte-para-bolos-redondo-em-cartao-branco-preto-o26-cm-por-100\/#primaryimage\"},\"thumbnailUrl\":\"https:\/\/www.csj-emballages.com\/wp-content\/uploads\/2025\/10\/RBNF26.webp\",\"datePublished\":\"2025-10-22T13:18:17+00:00\",\"dateModified\":\"2026-05-08T00:15:29+00:00\",\"description\":\"Suporte para bolos redondo branco\/preto \u00f826 cm. Robusto, pr\u00e1tico e elegante: a base perfeita para expor ou transportar os seus bolos com toda a confian\u00e7a.\",\"breadcrumb\":{\"@id\":\"https:\/\/www.csj-emballages.com\/pt-pt\/produit\/suporte-para-bolos-redondo-em-cartao-branco-preto-o26-cm-por-100\/#breadcrumb\"},\"inLanguage\":\"pt-PT\",\"potentialAction\":[{\"@type\":\"ReadAction\",\"target\":[\"https:\/\/www.csj-emballages.com\/pt-pt\/produit\/suporte-para-bolos-redondo-em-cartao-branco-preto-o26-cm-por-100\/\"]}]},{\"@type\":\"ImageObject\",\"inLanguage\":\"pt-PT\",\"@id\":\"https:\/\/www.csj-emballages.com\/pt-pt\/produit\/suporte-para-bolos-redondo-em-cartao-branco-preto-o26-cm-por-100\/#primaryimage\",\"url\":\"https:\/\/www.csj-emballages.com\/wp-content\/uploads\/2025\/10\/RBNF26.webp\",\"contentUrl\":\"https:\/\/www.csj-emballages.com\/wp-content\/uploads\/2025\/10\/RBNF26.webp\",\"width\":800,\"height\":800,\"caption\":\"Support g\u00e2teau\"},{\"@type\":\"BreadcrumbList\",\"@id\":\"https:\/\/www.csj-emballages.com\/pt-pt\/produit\/suporte-para-bolos-redondo-em-cartao-branco-preto-o26-cm-por-100\/#breadcrumb\",\"itemListElement\":[{\"@type\":\"ListItem\",\"position\":1,\"name\":\"Acolhimento\",\"item\":\"https:\/\/www.csj-emballages.com\/pt-pt\/universo-das-embalagens-alimentares\/\"},{\"@type\":\"ListItem\",\"position\":2,\"name\":\"Shop\",\"item\":\"https:\/\/www.csj-emballages.com\/shop\/\"},{\"@type\":\"ListItem\",\"position\":3,\"name\":\"Suporte para bolos redondo em cart\u00e3o branco \/ preto \u00f826 cm por 100\"}]},{\"@type\":\"WebSite\",\"@id\":\"https:\/\/www.csj-emballages.com\/pt-pt\/#website\",\"url\":\"https:\/\/www.csj-emballages.com\/pt-pt\/\",\"name\":\"CSJ Emballages\",\"description\":\"\",\"publisher\":{\"@id\":\"https:\/\/www.csj-emballages.com\/pt-pt\/#organization\"},\"potentialAction\":[{\"@type\":\"SearchAction\",\"target\":{\"@type\":\"EntryPoint\",\"urlTemplate\":\"https:\/\/www.csj-emballages.com\/pt-pt\/?s={search_term_string}\"},\"query-input\":{\"@type\":\"PropertyValueSpecification\",\"valueRequired\":true,\"valueName\":\"search_term_string\"}}],\"inLanguage\":\"pt-PT\"},{\"@type\":\"Organization\",\"@id\":\"https:\/\/www.csj-emballages.com\/pt-pt\/#Organization\/\",\"name\":\"CSJ Emballages\",\"url\":\"https:\/\/www.csj-emballages.com\/pt-pt\/\",\"logo\":{\"@type\":\"ImageObject\",\"inLanguage\":\"pt-PT\",\"@id\":\"https:\/\/www.csj-emballages.com\/pt-pt\/#\/schema\/logo\/image\/\",\"url\":\"https:\/\/www.csj-emballages.com\/wp-content\/uploads\/2023\/10\/logo_csj.webp\",\"contentUrl\":\"https:\/\/www.csj-emballages.com\/wp-content\/uploads\/2023\/10\/logo_csj.webp\",\"width\":250,\"height\":95,\"caption\":\"CSJ Emballages\"},\"image\":{\"@id\":\"https:\/\/www.csj-emballages.com\/pt-pt\/#\/schema\/logo\/image\/\"},\"sameAs\":[\"https:\/\/www.facebook.com\/csjemballages\"],\"address\":{\"@type\":\"PostalAddress\",\"streetAddress\":\"ZI La Lechere\",\"addressLocality\":\"Patornay\",\"postalCode\":\"39130\",\"addressCountry\":\"FR\"},\"contactPoint\":[{\"@type\":\"ContactPoint\",\"contactType\":\"Service client\",\"telephone\":\"0384254272\",\"email\":\"contact@csj-emballages.com\"}]}]}<\/script>\n<!-- \/ Yoast SEO Premium plugin. -->","yoast_head_json":{"title":"Suporte para bolos redondo branco \/ caixa preta \u00f826 cm por 100","description":"Suporte para bolos redondo branco\/preto \u00f826 cm. Robusto, pr\u00e1tico e elegante: a base perfeita para expor ou transportar os seus bolos com toda a confian\u00e7a.","robots":{"index":"index","follow":"follow","max-snippet":"max-snippet:-1","max-image-preview":"max-image-preview:large","max-video-preview":"max-video-preview:-1"},"canonical":"https:\/\/www.csj-emballages.com\/pt-pt\/produit\/suporte-para-bolos-redondo-em-cartao-branco-preto-o26-cm-por-100\/","og_locale":"pt_PT","og_type":"article","og_title":"Suporte para bolos redondo em cart\u00e3o branco \/ preto \u00f826 cm por 100","og_description":"Suporte para bolos redondo branco\/preto \u00f826 cm. Robusto, pr\u00e1tico e elegante: a base perfeita para expor ou transportar os seus bolos com toda a confian\u00e7a.","og_url":"https:\/\/www.csj-emballages.com\/pt-pt\/produit\/suporte-para-bolos-redondo-em-cartao-branco-preto-o26-cm-por-100\/","og_site_name":"CSJ Emballages","article_publisher":"https:\/\/www.facebook.com\/csjemballages","article_modified_time":"2026-05-08T00:15:29+00:00","og_image":[{"width":800,"height":800,"url":"https:\/\/www.csj-emballages.com\/wp-content\/uploads\/2025\/10\/RBNF26.webp","type":"image\/webp"}],"twitter_card":"summary_large_image","twitter_misc":{"Tempo estimado de leitura":"2 minutos"},"schema":{"@context":"https:\/\/schema.org","@graph":[{"@type":"WebPage","@id":"https:\/\/www.csj-emballages.com\/pt-pt\/produit\/suporte-para-bolos-redondo-em-cartao-branco-preto-o26-cm-por-100\/","url":"https:\/\/www.csj-emballages.com\/pt-pt\/produit\/suporte-para-bolos-redondo-em-cartao-branco-preto-o26-cm-por-100\/","name":"Suporte para bolos redondo branco \/ caixa preta \u00f826 cm por 100","isPartOf":{"@id":"https:\/\/www.csj-emballages.com\/pt-pt\/#website"},"primaryImageOfPage":{"@id":"https:\/\/www.csj-emballages.com\/pt-pt\/produit\/suporte-para-bolos-redondo-em-cartao-branco-preto-o26-cm-por-100\/#primaryimage"},"image":{"@id":"https:\/\/www.csj-emballages.com\/pt-pt\/produit\/suporte-para-bolos-redondo-em-cartao-branco-preto-o26-cm-por-100\/#primaryimage"},"thumbnailUrl":"https:\/\/www.csj-emballages.com\/wp-content\/uploads\/2025\/10\/RBNF26.webp","datePublished":"2025-10-22T13:18:17+00:00","dateModified":"2026-05-08T00:15:29+00:00","description":"Suporte para bolos redondo branco\/preto \u00f826 cm. Robusto, pr\u00e1tico e elegante: a base perfeita para expor ou transportar os seus bolos com toda a confian\u00e7a.","breadcrumb":{"@id":"https:\/\/www.csj-emballages.com\/pt-pt\/produit\/suporte-para-bolos-redondo-em-cartao-branco-preto-o26-cm-por-100\/#breadcrumb"},"inLanguage":"pt-PT","potentialAction":[{"@type":"ReadAction","target":["https:\/\/www.csj-emballages.com\/pt-pt\/produit\/suporte-para-bolos-redondo-em-cartao-branco-preto-o26-cm-por-100\/"]}]},{"@type":"ImageObject","inLanguage":"pt-PT","@id":"https:\/\/www.csj-emballages.com\/pt-pt\/produit\/suporte-para-bolos-redondo-em-cartao-branco-preto-o26-cm-por-100\/#primaryimage","url":"https:\/\/www.csj-emballages.com\/wp-content\/uploads\/2025\/10\/RBNF26.webp","contentUrl":"https:\/\/www.csj-emballages.com\/wp-content\/uploads\/2025\/10\/RBNF26.webp","width":800,"height":800,"caption":"Support g\u00e2teau"},{"@type":"BreadcrumbList","@id":"https:\/\/www.csj-emballages.com\/pt-pt\/produit\/suporte-para-bolos-redondo-em-cartao-branco-preto-o26-cm-por-100\/#breadcrumb","itemListElement":[{"@type":"ListItem","position":1,"name":"Acolhimento","item":"https:\/\/www.csj-emballages.com\/pt-pt\/universo-das-embalagens-alimentares\/"},{"@type":"ListItem","position":2,"name":"Shop","item":"https:\/\/www.csj-emballages.com\/shop\/"},{"@type":"ListItem","position":3,"name":"Suporte para bolos redondo em cart\u00e3o branco \/ preto \u00f826 cm por 100"}]},{"@type":"WebSite","@id":"https:\/\/www.csj-emballages.com\/pt-pt\/#website","url":"https:\/\/www.csj-emballages.com\/pt-pt\/","name":"CSJ Emballages","description":"","publisher":{"@id":"https:\/\/www.csj-emballages.com\/pt-pt\/#organization"},"potentialAction":[{"@type":"SearchAction","target":{"@type":"EntryPoint","urlTemplate":"https:\/\/www.csj-emballages.com\/pt-pt\/?s={search_term_string}"},"query-input":{"@type":"PropertyValueSpecification","valueRequired":true,"valueName":"search_term_string"}}],"inLanguage":"pt-PT"},{"@type":"Organization","@id":"https:\/\/www.csj-emballages.com\/pt-pt\/#Organization\/","name":"CSJ Emballages","url":"https:\/\/www.csj-emballages.com\/pt-pt\/","logo":{"@type":"ImageObject","inLanguage":"pt-PT","@id":"https:\/\/www.csj-emballages.com\/pt-pt\/#\/schema\/logo\/image\/","url":"https:\/\/www.csj-emballages.com\/wp-content\/uploads\/2023\/10\/logo_csj.webp","contentUrl":"https:\/\/www.csj-emballages.com\/wp-content\/uploads\/2023\/10\/logo_csj.webp","width":250,"height":95,"caption":"CSJ Emballages"},"image":{"@id":"https:\/\/www.csj-emballages.com\/pt-pt\/#\/schema\/logo\/image\/"},"sameAs":["https:\/\/www.facebook.com\/csjemballages"],"address":{"@type":"PostalAddress","streetAddress":"ZI La Lechere","addressLocality":"Patornay","postalCode":"39130","addressCountry":"FR"},"contactPoint":[{"@type":"ContactPoint","contactType":"Service client","telephone":"0384254272","email":"contact@csj-emballages.com"}]}]}},"df_price":21.26,"df_sale_price":"","df_regular_price":21.26,"df_image_link":"https:\/\/www.csj-emballages.com\/wp-content\/uploads\/2025\/10\/RBNF26-300x300.webp","tiered_pricing_type":"fixed","tiered_pricing_fixed_rules":[],"tiered_pricing_percentage_rules":[],"tiered_pricing_minimum":1,"tiered_pricing_roles_data":[],"_links":{"self":[{"href":"https:\/\/www.csj-emballages.com\/pt-pt\/wp-json\/wp\/v2\/product\/253244","targetHints":{"allow":["GET"]}}],"collection":[{"href":"https:\/\/www.csj-emballages.com\/pt-pt\/wp-json\/wp\/v2\/product"}],"about":[{"href":"https:\/\/www.csj-emballages.com\/pt-pt\/wp-json\/wp\/v2\/types\/product"}],"wp:featuredmedia":[{"embeddable":true,"href":"https:\/\/www.csj-emballages.com\/pt-pt\/wp-json\/wp\/v2\/media\/253239"}],"wp:attachment":[{"href":"https:\/\/www.csj-emballages.com\/pt-pt\/wp-json\/wp\/v2\/media?parent=253244"}],"wp:term":[{"taxonomy":"product_brand","embeddable":true,"href":"https:\/\/www.csj-emballages.com\/pt-pt\/wp-json\/wp\/v2\/product_brand?post=253244"},{"taxonomy":"product_cat","embeddable":true,"href":"https:\/\/www.csj-emballages.com\/pt-pt\/wp-json\/wp\/v2\/product_cat?post=253244"},{"taxonomy":"product_tag","embeddable":true,"href":"https:\/\/www.csj-emballages.com\/pt-pt\/wp-json\/wp\/v2\/product_tag?post=253244"}],"curies":[{"name":"wp","href":"https:\/\/api.w.org\/{rel}","templated":true}]}}