{"id":253213,"date":"2025-10-22T14:18:29","date_gmt":"2025-10-22T12:18:29","guid":{"rendered":"https:\/\/www.csj-emballages.com\/produit\/suporte-para-bolos-redondo-em-cartao-branco-preto-o22-cm-por-100\/"},"modified":"2026-03-27T02:15:51","modified_gmt":"2026-03-27T01:15:51","slug":"suporte-para-bolos-redondo-em-cartao-branco-preto-o22-cm-por-100","status":"publish","type":"product","link":"https:\/\/www.csj-emballages.com\/pt-pt\/produit\/suporte-para-bolos-redondo-em-cartao-branco-preto-o22-cm-por-100\/","title":{"rendered":"Suporte para bolos redondo em cart\u00e3o branco \/ preto \u00f822 cm por 100"},"content":{"rendered":"<div style=\"font-family: Roboto, sans-serif;\">\n<h2 class=\"p1\">Suporte para bolos<\/h2>\n<hr>\n<h3>Descri\u00e7\u00e3o do nosso suporte para bolos redondo em cart\u00e3o branco \/ preto \u00f822 cm por 100<\/h3>\n<p><!--more--><\/p>\n<p data-start=\"253\" data-end=\"607\">O <strong data-start=\"256\" data-end=\"306\">suporte para bolos redondo em cart\u00e3o branco\/preto com \u00f822 cm<\/strong> \u00e9 indispens\u00e1vel para quem quer apresentar os seus bolos de uma forma moderna. Fabricado em <strong data-start=\"415\" data-end=\"432\">cart\u00e3o r\u00edgido<\/strong>, \u00e9 s\u00f3lido, pr\u00e1tico e atrativo. Quer seja um chefe de pastelaria, um fornecedor de catering ou um restaurador, este meio de comunica\u00e7\u00e3o facilitar\u00e1 a sua vida e valorizar\u00e1 as suas cria\u00e7\u00f5es. A sua pequena vantagem? \u00c9 <strong data-start=\"633\" data-end=\"648\">dupla face<\/strong>! De um lado, <strong data-start=\"665\" data-end=\"681\">um preto elegante<\/strong> para um visual refinado e moderno. Por outro lado, um <strong data-start=\"731\" data-end=\"746\">branco s\u00f3brio<\/strong> que real\u00e7a a pureza e a delicadeza das suas sobremesas. Em fun\u00e7\u00e3o dos seus desejos e do tipo de evento, pode escolher o lado que mais lhe conv\u00e9m. Simples, eficaz e sempre com classe.<\/p>\n<p data-start=\"937\" data-end=\"1280\">Com o seu <strong data-start=\"946\" data-end=\"967\">di\u00e2metro de 22 cm<\/strong>, \u00e9 perfeito para <strong data-start=\"998\" data-end=\"1066\">bolos individuais, tartes, entremets ou pastelaria para partilhar<\/strong>. O seu cart\u00e3o espesso e resistente evita qualquer deforma\u00e7\u00e3o, mesmo com prepara\u00e7\u00f5es pesadas ou h\u00famidas. Assim, pode transportar os seus bolos com confian\u00e7a, sem se preocupar com o facto de escorregarem ou ficarem danificados.<\/p>\n<p data-start=\"1282\" data-end=\"1522\">Vendido em <strong data-start=\"1292\" data-end=\"1306\">embalagens de 100 unidades<\/strong>, este suporte \u00e9 ideal para os <strong data-start=\"1338\" data-end=\"1356\">profissionais<\/strong> que pretendem <strong data-start=\"1380\" data-end=\"1433\">poupar tempo, melhorar a higiene e apresentar os seus produtos de forma impec\u00e1vel<\/strong>. \u00c9 uma verdadeira mais-valia para montras, buffets ou eventos em que todos os pormenores contam.<\/p>\n<p data-start=\"1524\" data-end=\"1714\">Em suma, o <strong data-start=\"1538\" data-end=\"1588\">suporte para bolos redondo de cart\u00e3o branco\/preto<\/strong> de \u00f822 <strong data-start=\"1538\" data-end=\"1588\">cm<\/strong> combina <strong data-start=\"1595\" data-end=\"1630\">solidez, eleg\u00e2ncia e praticidade<\/strong>. Uma solu\u00e7\u00e3o simples mas eficaz para real\u00e7ar as suas sobremesas sem qualquer confus\u00e3o.<\/p>\n<p data-start=\"1367\" data-end=\"1669\"><!--more--><\/p>\n<h4 data-start=\"1367\" data-end=\"1669\">Vantagens :<\/h4>\n<ul>\n<li data-start=\"1760\" data-end=\"1823\">Dois lados: <strong data-start=\"1773\" data-end=\"1790\">branco e preto<\/strong>, para uma variedade de apresenta\u00e7\u00f5es.<\/li>\n<li data-start=\"1826\" data-end=\"1887\"><strong data-start=\"1826\" data-end=\"1856\">Cart\u00e3o r\u00edgido, resistente \u00e0<\/strong> humidade e <strong data-start=\"1826\" data-end=\"1856\">\u00e0<\/strong> gordura.<\/li>\n<li data-start=\"1890\" data-end=\"1955\"><strong data-start=\"1890\" data-end=\"1908\">22 cm de di\u00e2metro<\/strong>, perfeito para uma grande variedade de formatos de bolos.<\/li>\n<li data-start=\"1958\" data-end=\"2001\"><strong data-start=\"1958\" data-end=\"1977\">Leve e est\u00e1vel<\/strong>, f\u00e1cil de manusear.<\/li>\n<li data-start=\"2004\" data-end=\"2063\"><strong data-start=\"2004\" data-end=\"2021\">Vendido em embalagens de 100 unidades<\/strong>, \u00e9 econ\u00f3mico e est\u00e1 sempre pronto a utilizar.<\/li>\n<\/ul>\n<p>&nbsp;<\/p>\n<p><!--more--><\/p>\n<h4>Outras informa\u00e7\u00f5es :<\/h4>\n<ul>\n<li><strong>Embalagem<\/strong>: Pacote de 100<\/li>\n<li><strong>Di\u00e2metro<\/strong>: 22 cm<\/li>\n<li><strong>Cor<\/strong>: Branco \/ Preto<\/li>\n<li><strong>Material<\/strong>: Cart\u00e3o<\/li>\n<\/ul>\n<\/div>\n<div style=\"font-family: Roboto, sans-serif;\">\n<p>&nbsp;<\/p>\n<p><!--more--><\/p>\n<\/div>\n<p>Este suporte para bolos est\u00e1 dispon\u00edvel em diferentes tamanhos: <span style=\"color: #d12727;\"><a style=\"color: #d12727;\" href=\"https:\/\/www.csj-emballages.com\/pt-pt\/produit\/suporte-para-bolos-redondo-em-cartao-branco-preto-o16-cm-por-100\/\">\u00d816 cm<\/a><\/span> \/ <span style=\"color: #d12727;\"><a style=\"color: #d12727;\" href=\"https:\/\/www.csj-emballages.com\/pt-pt\/produit\/suporte-para-bolos-redondo-em-cartao-branco-preto-o18-cm-por-100\/\">\u00d818 cm<\/a><\/span> \/ <span style=\"color: #d12727;\"><a style=\"color: #d12727;\" href=\"https:\/\/www.csj-emballages.com\/pt-pt\/produit\/suporte-para-bolos-redondo-em-cartao-branco-preto-o20-cm-por-100\/\">\u00d820 cm<\/a><\/span> \/ <span style=\"color: #d12727;\"><a style=\"color: #d12727;\" href=\"https:\/\/www.csj-emballages.com\/pt-pt\/produit\/suporte-para-bolos-redondo-em-cartao-branco-preto-o26-cm-por-100\/\">\u00d826 cm<\/a><\/span> \/ <span style=\"color: #d12727;\"><a style=\"color: #d12727;\" href=\"https:\/\/www.csj-emballages.com\/pt-pt\/produit\/suporte-para-bolos-redondo-em-cartao-branco-preto-o28-cm-por-100\/\">\u00d828 cm<\/a><\/span><\/p>\n<p>&nbsp;<\/p>\n<div style=\"font-family: Roboto, sans-serif;\">\n<p><!--more--><\/p>\n<p><a href=\"https:\/\/www.csj-emballages.com\/pt-pt\/categorie-produit\/embalagem-de-alimentos\/padaria-e-pastelaria\/suportes-para-bases-de-bolos\/bases-para-bolos-redondas\/suportes-para-bolos-brancos-pretos\/\">Ver o resto da nossa gama de suportes para bolos brancos \/ pretos<\/a><\/p>\n<\/div>\n","protected":false},"excerpt":{"rendered":"<p>Suporte para bolos Descri\u00e7\u00e3o do nosso suporte para bolos redondo em cart\u00e3o branco \/ preto \u00f822 cm por 100<\/p>\n","protected":false},"featured_media":253209,"template":"","meta":{"_acf_changed":false},"product_brand":[],"product_cat":[1141,1177,1914,10079,10080],"product_tag":[],"class_list":{"0":"post-253213","1":"product","2":"type-product","3":"status-publish","4":"has-post-thumbnail","6":"product_cat-embalagem-de-alimentos","7":"product_cat-padaria-e-pastelaria","8":"product_cat-suportes-para-bases-de-bolos","9":"product_cat-bases-para-bolos-redondas","10":"product_cat-suportes-para-bolos-brancos-pretos","12":"first","13":"instock","14":"taxable","15":"shipping-taxable","16":"purchasable","17":"product-type-simple"},"acf":[],"yoast_head":"<!-- This site is optimized with the Yoast SEO Premium plugin v26.6 (Yoast SEO v26.6) - https:\/\/yoast.com\/wordpress\/plugins\/seo\/ -->\n<title>Suporte para bolos redondo Branco \/ Preto Caixa \u00f822 cm por 100<\/title>\n<meta name=\"description\" content=\"Suporte para bolos redondo branco\/preto \u00f822 cm em cart\u00e3o r\u00edgido. Elegante, resistente e pr\u00e1tico para apresentar e transportar facilmente as suas sobremesas.\" \/>\n<meta name=\"robots\" content=\"index, follow, max-snippet:-1, max-image-preview:large, max-video-preview:-1\" \/>\n<link rel=\"canonical\" href=\"https:\/\/www.csj-emballages.com\/pt-pt\/produit\/suporte-para-bolos-redondo-em-cartao-branco-preto-o22-cm-por-100\/\" \/>\n<meta property=\"og:locale\" content=\"pt_PT\" \/>\n<meta property=\"og:type\" content=\"article\" \/>\n<meta property=\"og:title\" content=\"Suporte para bolos redondo em cart\u00e3o branco \/ preto \u00f822 cm por 100\" \/>\n<meta property=\"og:description\" content=\"Suporte para bolos redondo branco\/preto \u00f822 cm em cart\u00e3o r\u00edgido. Elegante, resistente e pr\u00e1tico para apresentar e transportar facilmente as suas sobremesas.\" \/>\n<meta property=\"og:url\" content=\"https:\/\/www.csj-emballages.com\/pt-pt\/produit\/suporte-para-bolos-redondo-em-cartao-branco-preto-o22-cm-por-100\/\" \/>\n<meta property=\"og:site_name\" content=\"CSJ Emballages\" \/>\n<meta property=\"article:publisher\" content=\"https:\/\/www.facebook.com\/csjemballages\" \/>\n<meta property=\"article:modified_time\" content=\"2026-03-27T01:15:51+00:00\" \/>\n<meta property=\"og:image\" content=\"https:\/\/www.csj-emballages.com\/wp-content\/uploads\/2025\/10\/RBNF22.webp\" \/>\n\t<meta property=\"og:image:width\" content=\"800\" \/>\n\t<meta property=\"og:image:height\" content=\"800\" \/>\n\t<meta property=\"og:image:type\" content=\"image\/webp\" \/>\n<meta name=\"twitter:card\" content=\"summary_large_image\" \/>\n<meta name=\"twitter:label1\" content=\"Tempo estimado de leitura\" \/>\n\t<meta name=\"twitter:data1\" content=\"2 minutos\" \/>\n<script type=\"application\/ld+json\" class=\"yoast-schema-graph\">{\"@context\":\"https:\/\/schema.org\",\"@graph\":[{\"@type\":\"WebPage\",\"@id\":\"https:\/\/www.csj-emballages.com\/pt-pt\/produit\/suporte-para-bolos-redondo-em-cartao-branco-preto-o22-cm-por-100\/\",\"url\":\"https:\/\/www.csj-emballages.com\/pt-pt\/produit\/suporte-para-bolos-redondo-em-cartao-branco-preto-o22-cm-por-100\/\",\"name\":\"Suporte para bolos redondo Branco \/ Preto Caixa \u00f822 cm por 100\",\"isPartOf\":{\"@id\":\"https:\/\/www.csj-emballages.com\/pt-pt\/#website\"},\"primaryImageOfPage\":{\"@id\":\"https:\/\/www.csj-emballages.com\/pt-pt\/produit\/suporte-para-bolos-redondo-em-cartao-branco-preto-o22-cm-por-100\/#primaryimage\"},\"image\":{\"@id\":\"https:\/\/www.csj-emballages.com\/pt-pt\/produit\/suporte-para-bolos-redondo-em-cartao-branco-preto-o22-cm-por-100\/#primaryimage\"},\"thumbnailUrl\":\"https:\/\/www.csj-emballages.com\/wp-content\/uploads\/2025\/10\/RBNF22.webp\",\"datePublished\":\"2025-10-22T12:18:29+00:00\",\"dateModified\":\"2026-03-27T01:15:51+00:00\",\"description\":\"Suporte para bolos redondo branco\/preto \u00f822 cm em cart\u00e3o r\u00edgido. Elegante, resistente e pr\u00e1tico para apresentar e transportar facilmente as suas sobremesas.\",\"breadcrumb\":{\"@id\":\"https:\/\/www.csj-emballages.com\/pt-pt\/produit\/suporte-para-bolos-redondo-em-cartao-branco-preto-o22-cm-por-100\/#breadcrumb\"},\"inLanguage\":\"pt-PT\",\"potentialAction\":[{\"@type\":\"ReadAction\",\"target\":[\"https:\/\/www.csj-emballages.com\/pt-pt\/produit\/suporte-para-bolos-redondo-em-cartao-branco-preto-o22-cm-por-100\/\"]}]},{\"@type\":\"ImageObject\",\"inLanguage\":\"pt-PT\",\"@id\":\"https:\/\/www.csj-emballages.com\/pt-pt\/produit\/suporte-para-bolos-redondo-em-cartao-branco-preto-o22-cm-por-100\/#primaryimage\",\"url\":\"https:\/\/www.csj-emballages.com\/wp-content\/uploads\/2025\/10\/RBNF22.webp\",\"contentUrl\":\"https:\/\/www.csj-emballages.com\/wp-content\/uploads\/2025\/10\/RBNF22.webp\",\"width\":800,\"height\":800,\"caption\":\"Support g\u00e2teau\"},{\"@type\":\"BreadcrumbList\",\"@id\":\"https:\/\/www.csj-emballages.com\/pt-pt\/produit\/suporte-para-bolos-redondo-em-cartao-branco-preto-o22-cm-por-100\/#breadcrumb\",\"itemListElement\":[{\"@type\":\"ListItem\",\"position\":1,\"name\":\"Acolhimento\",\"item\":\"https:\/\/www.csj-emballages.com\/pt-pt\/universo-das-embalagens-alimentares\/\"},{\"@type\":\"ListItem\",\"position\":2,\"name\":\"Shop\",\"item\":\"https:\/\/www.csj-emballages.com\/shop\/\"},{\"@type\":\"ListItem\",\"position\":3,\"name\":\"Suporte para bolos redondo em cart\u00e3o branco \/ preto \u00f822 cm por 100\"}]},{\"@type\":\"WebSite\",\"@id\":\"https:\/\/www.csj-emballages.com\/pt-pt\/#website\",\"url\":\"https:\/\/www.csj-emballages.com\/pt-pt\/\",\"name\":\"CSJ Emballages\",\"description\":\"\",\"publisher\":{\"@id\":\"https:\/\/www.csj-emballages.com\/pt-pt\/#organization\"},\"potentialAction\":[{\"@type\":\"SearchAction\",\"target\":{\"@type\":\"EntryPoint\",\"urlTemplate\":\"https:\/\/www.csj-emballages.com\/pt-pt\/?s={search_term_string}\"},\"query-input\":{\"@type\":\"PropertyValueSpecification\",\"valueRequired\":true,\"valueName\":\"search_term_string\"}}],\"inLanguage\":\"pt-PT\"},{\"@type\":\"Organization\",\"@id\":\"https:\/\/www.csj-emballages.com\/pt-pt\/#Organization\/\",\"name\":\"CSJ Emballages\",\"url\":\"https:\/\/www.csj-emballages.com\/pt-pt\/\",\"logo\":{\"@type\":\"ImageObject\",\"inLanguage\":\"pt-PT\",\"@id\":\"https:\/\/www.csj-emballages.com\/pt-pt\/#\/schema\/logo\/image\/\",\"url\":\"https:\/\/www.csj-emballages.com\/wp-content\/uploads\/2023\/10\/logo_csj.webp\",\"contentUrl\":\"https:\/\/www.csj-emballages.com\/wp-content\/uploads\/2023\/10\/logo_csj.webp\",\"width\":250,\"height\":95,\"caption\":\"CSJ Emballages\"},\"image\":{\"@id\":\"https:\/\/www.csj-emballages.com\/pt-pt\/#\/schema\/logo\/image\/\"},\"sameAs\":[\"https:\/\/www.facebook.com\/csjemballages\"],\"address\":{\"@type\":\"PostalAddress\",\"streetAddress\":\"ZI La Lechere\",\"addressLocality\":\"Patornay\",\"postalCode\":\"39130\",\"addressCountry\":\"FR\"},\"contactPoint\":[{\"@type\":\"ContactPoint\",\"contactType\":\"Service client\",\"telephone\":\"0384254272\",\"email\":\"contact@csj-emballages.com\"}]}]}<\/script>\n<!-- \/ Yoast SEO Premium plugin. -->","yoast_head_json":{"title":"Suporte para bolos redondo Branco \/ Preto Caixa \u00f822 cm por 100","description":"Suporte para bolos redondo branco\/preto \u00f822 cm em cart\u00e3o r\u00edgido. Elegante, resistente e pr\u00e1tico para apresentar e transportar facilmente as suas sobremesas.","robots":{"index":"index","follow":"follow","max-snippet":"max-snippet:-1","max-image-preview":"max-image-preview:large","max-video-preview":"max-video-preview:-1"},"canonical":"https:\/\/www.csj-emballages.com\/pt-pt\/produit\/suporte-para-bolos-redondo-em-cartao-branco-preto-o22-cm-por-100\/","og_locale":"pt_PT","og_type":"article","og_title":"Suporte para bolos redondo em cart\u00e3o branco \/ preto \u00f822 cm por 100","og_description":"Suporte para bolos redondo branco\/preto \u00f822 cm em cart\u00e3o r\u00edgido. Elegante, resistente e pr\u00e1tico para apresentar e transportar facilmente as suas sobremesas.","og_url":"https:\/\/www.csj-emballages.com\/pt-pt\/produit\/suporte-para-bolos-redondo-em-cartao-branco-preto-o22-cm-por-100\/","og_site_name":"CSJ Emballages","article_publisher":"https:\/\/www.facebook.com\/csjemballages","article_modified_time":"2026-03-27T01:15:51+00:00","og_image":[{"width":800,"height":800,"url":"https:\/\/www.csj-emballages.com\/wp-content\/uploads\/2025\/10\/RBNF22.webp","type":"image\/webp"}],"twitter_card":"summary_large_image","twitter_misc":{"Tempo estimado de leitura":"2 minutos"},"schema":{"@context":"https:\/\/schema.org","@graph":[{"@type":"WebPage","@id":"https:\/\/www.csj-emballages.com\/pt-pt\/produit\/suporte-para-bolos-redondo-em-cartao-branco-preto-o22-cm-por-100\/","url":"https:\/\/www.csj-emballages.com\/pt-pt\/produit\/suporte-para-bolos-redondo-em-cartao-branco-preto-o22-cm-por-100\/","name":"Suporte para bolos redondo Branco \/ Preto Caixa \u00f822 cm por 100","isPartOf":{"@id":"https:\/\/www.csj-emballages.com\/pt-pt\/#website"},"primaryImageOfPage":{"@id":"https:\/\/www.csj-emballages.com\/pt-pt\/produit\/suporte-para-bolos-redondo-em-cartao-branco-preto-o22-cm-por-100\/#primaryimage"},"image":{"@id":"https:\/\/www.csj-emballages.com\/pt-pt\/produit\/suporte-para-bolos-redondo-em-cartao-branco-preto-o22-cm-por-100\/#primaryimage"},"thumbnailUrl":"https:\/\/www.csj-emballages.com\/wp-content\/uploads\/2025\/10\/RBNF22.webp","datePublished":"2025-10-22T12:18:29+00:00","dateModified":"2026-03-27T01:15:51+00:00","description":"Suporte para bolos redondo branco\/preto \u00f822 cm em cart\u00e3o r\u00edgido. Elegante, resistente e pr\u00e1tico para apresentar e transportar facilmente as suas sobremesas.","breadcrumb":{"@id":"https:\/\/www.csj-emballages.com\/pt-pt\/produit\/suporte-para-bolos-redondo-em-cartao-branco-preto-o22-cm-por-100\/#breadcrumb"},"inLanguage":"pt-PT","potentialAction":[{"@type":"ReadAction","target":["https:\/\/www.csj-emballages.com\/pt-pt\/produit\/suporte-para-bolos-redondo-em-cartao-branco-preto-o22-cm-por-100\/"]}]},{"@type":"ImageObject","inLanguage":"pt-PT","@id":"https:\/\/www.csj-emballages.com\/pt-pt\/produit\/suporte-para-bolos-redondo-em-cartao-branco-preto-o22-cm-por-100\/#primaryimage","url":"https:\/\/www.csj-emballages.com\/wp-content\/uploads\/2025\/10\/RBNF22.webp","contentUrl":"https:\/\/www.csj-emballages.com\/wp-content\/uploads\/2025\/10\/RBNF22.webp","width":800,"height":800,"caption":"Support g\u00e2teau"},{"@type":"BreadcrumbList","@id":"https:\/\/www.csj-emballages.com\/pt-pt\/produit\/suporte-para-bolos-redondo-em-cartao-branco-preto-o22-cm-por-100\/#breadcrumb","itemListElement":[{"@type":"ListItem","position":1,"name":"Acolhimento","item":"https:\/\/www.csj-emballages.com\/pt-pt\/universo-das-embalagens-alimentares\/"},{"@type":"ListItem","position":2,"name":"Shop","item":"https:\/\/www.csj-emballages.com\/shop\/"},{"@type":"ListItem","position":3,"name":"Suporte para bolos redondo em cart\u00e3o branco \/ preto \u00f822 cm por 100"}]},{"@type":"WebSite","@id":"https:\/\/www.csj-emballages.com\/pt-pt\/#website","url":"https:\/\/www.csj-emballages.com\/pt-pt\/","name":"CSJ Emballages","description":"","publisher":{"@id":"https:\/\/www.csj-emballages.com\/pt-pt\/#organization"},"potentialAction":[{"@type":"SearchAction","target":{"@type":"EntryPoint","urlTemplate":"https:\/\/www.csj-emballages.com\/pt-pt\/?s={search_term_string}"},"query-input":{"@type":"PropertyValueSpecification","valueRequired":true,"valueName":"search_term_string"}}],"inLanguage":"pt-PT"},{"@type":"Organization","@id":"https:\/\/www.csj-emballages.com\/pt-pt\/#Organization\/","name":"CSJ Emballages","url":"https:\/\/www.csj-emballages.com\/pt-pt\/","logo":{"@type":"ImageObject","inLanguage":"pt-PT","@id":"https:\/\/www.csj-emballages.com\/pt-pt\/#\/schema\/logo\/image\/","url":"https:\/\/www.csj-emballages.com\/wp-content\/uploads\/2023\/10\/logo_csj.webp","contentUrl":"https:\/\/www.csj-emballages.com\/wp-content\/uploads\/2023\/10\/logo_csj.webp","width":250,"height":95,"caption":"CSJ Emballages"},"image":{"@id":"https:\/\/www.csj-emballages.com\/pt-pt\/#\/schema\/logo\/image\/"},"sameAs":["https:\/\/www.facebook.com\/csjemballages"],"address":{"@type":"PostalAddress","streetAddress":"ZI La Lechere","addressLocality":"Patornay","postalCode":"39130","addressCountry":"FR"},"contactPoint":[{"@type":"ContactPoint","contactType":"Service client","telephone":"0384254272","email":"contact@csj-emballages.com"}]}]}},"df_price":16.04,"df_sale_price":"","df_regular_price":16.04,"df_image_link":"https:\/\/www.csj-emballages.com\/wp-content\/uploads\/2025\/10\/RBNF22-300x300.webp","tiered_pricing_type":"fixed","tiered_pricing_fixed_rules":[],"tiered_pricing_percentage_rules":[],"tiered_pricing_minimum":1,"tiered_pricing_roles_data":[],"_links":{"self":[{"href":"https:\/\/www.csj-emballages.com\/pt-pt\/wp-json\/wp\/v2\/product\/253213","targetHints":{"allow":["GET"]}}],"collection":[{"href":"https:\/\/www.csj-emballages.com\/pt-pt\/wp-json\/wp\/v2\/product"}],"about":[{"href":"https:\/\/www.csj-emballages.com\/pt-pt\/wp-json\/wp\/v2\/types\/product"}],"wp:featuredmedia":[{"embeddable":true,"href":"https:\/\/www.csj-emballages.com\/pt-pt\/wp-json\/wp\/v2\/media\/253209"}],"wp:attachment":[{"href":"https:\/\/www.csj-emballages.com\/pt-pt\/wp-json\/wp\/v2\/media?parent=253213"}],"wp:term":[{"taxonomy":"product_brand","embeddable":true,"href":"https:\/\/www.csj-emballages.com\/pt-pt\/wp-json\/wp\/v2\/product_brand?post=253213"},{"taxonomy":"product_cat","embeddable":true,"href":"https:\/\/www.csj-emballages.com\/pt-pt\/wp-json\/wp\/v2\/product_cat?post=253213"},{"taxonomy":"product_tag","embeddable":true,"href":"https:\/\/www.csj-emballages.com\/pt-pt\/wp-json\/wp\/v2\/product_tag?post=253213"}],"curies":[{"name":"wp","href":"https:\/\/api.w.org\/{rel}","templated":true}]}}