{"id":253191,"date":"2025-10-22T14:18:24","date_gmt":"2025-10-22T12:18:24","guid":{"rendered":"https:\/\/www.csj-emballages.com\/produit\/suporte-para-bolos-redondo-em-cartao-branco-preto-o18-cm-por-100\/"},"modified":"2026-04-04T02:14:29","modified_gmt":"2026-04-04T00:14:29","slug":"suporte-para-bolos-redondo-em-cartao-branco-preto-o18-cm-por-100","status":"publish","type":"product","link":"https:\/\/www.csj-emballages.com\/pt-pt\/produit\/suporte-para-bolos-redondo-em-cartao-branco-preto-o18-cm-por-100\/","title":{"rendered":"Suporte para bolos redondo em cart\u00e3o branco \/ preto \u00f818 cm por 100"},"content":{"rendered":"<div style=\"font-family: Roboto, sans-serif;\">\n<h2 class=\"p1\">Suporte para bolos<\/h2>\n<hr>\n<h3>Descri\u00e7\u00e3o do nosso suporte para bolos redondo em cart\u00e3o branco \/ preto \u00f818 cm por 100<\/h3>\n<p><!--more--><\/p>\n<p data-start=\"216\" data-end=\"507\">Se procura um suporte simultaneamente <strong data-start=\"254\" data-end=\"266\">pr\u00e1tico<\/strong>, <strong data-start=\"268\" data-end=\"278\">s\u00f3lido<\/strong> e <strong data-start=\"282\" data-end=\"290\">bonito<\/strong>, este <strong data-start=\"295\" data-end=\"348\">suporte para bolo redondo branco\/preto em cart\u00e3o \u00f818 cm<\/strong> \u00e9 perfeito para si! Tem tudo o que \u00e9 preciso para valorizar os seus bolos, seja numa montra, para venda para levar ou durante um evento. Este <strong>pequeno c\u00edrculo<\/strong> em <strong data-start=\"526\" data-end=\"543\">cart\u00e3o r\u00edgido<\/strong> foi concebido para resistir ao peso das suas cria\u00e7\u00f5es sem se deformar. Suporta sem problemas bolos, sobremesas, tartes e outras do\u00e7arias. E como \u00e9 <strong data-start=\"704\" data-end=\"718\">revers\u00edvel<\/strong>, com uma face <strong data-start=\"734\" data-end=\"745\">branca<\/strong> e uma face <strong data-start=\"758\" data-end=\"767\">preta<\/strong>, pode escolher o lado que melhor real\u00e7ar\u00e1 a sua sobremesa. Branco para um resultado elegante e cl\u00e1ssico, preto para um efeito mais chique e moderno: a decis\u00e3o \u00e9 sua!<\/p>\n<p data-start=\"946\" data-end=\"1267\">Com o seu <strong data-start=\"955\" data-end=\"976\">di\u00e2metro de 18 cm<\/strong>, \u00e9 o formato perfeito para pequenos bolos individuais ou para partilhar. \u00c9 <strong data-start=\"1060\" data-end=\"1069\">leve<\/strong>, mas suficientemente <strong data-start=\"1089\" data-end=\"1098\">espesso<\/strong> para n\u00e3o ceder, mesmo com uma sobremesa bem recheada. Da mesma forma, n\u00e3o deixa passar a humidade nem a gordura, o que garante uma apresenta\u00e7\u00e3o sempre impec\u00e1vel.<\/p>\n<p data-start=\"1269\" data-end=\"1529\">Vendido <strong data-start=\"1275\" data-end=\"1286\">em lote de 100<\/strong>, este <strong>suporte redondo<\/strong> \u00e9 uma verdadeira solu\u00e7\u00e3o para os profissionais da restaura\u00e7\u00e3o, pasteleiros ou empresas de catering. Ganha tempo, facilita as suas entregas e oferece aos seus clientes uma sobremesa apresentada com cuidado.<\/p>\n<p data-start=\"1531\" data-end=\"1662\">Em suma, este <strong data-start=\"1543\" data-end=\"1593\">suporte para bolos redondo de cart\u00e3o branco\/preto \u00f818 cm<\/strong> \u00e9 o pequeno pormenor que muda tudo: simples, elegante e eficaz.<\/p>\n<p data-start=\"1367\" data-end=\"1669\"><!--more--><\/p>\n<h4 data-start=\"1367\" data-end=\"1669\">Vantagens :<\/h4>\n<ul>\n<li data-start=\"1697\" data-end=\"1789\"><strong data-start=\"1697\" data-end=\"1712\">Frente e verso<\/strong>: escolha entre o lado <strong data-start=\"1740\" data-end=\"1749\">branco<\/strong> ou <strong data-start=\"1753\" data-end=\"1761\">preto<\/strong> para se adaptar \u00e0 sua apresenta\u00e7\u00e3o.<\/li>\n<li data-start=\"1792\" data-end=\"1864\"><strong data-start=\"1792\" data-end=\"1822\">Cart\u00e3o r\u00edgido e resistente<\/strong>, ideal para bolos e entremets.<\/li>\n<li data-start=\"1867\" data-end=\"1919\"><strong data-start=\"1867\" data-end=\"1883\">Formato de 18 cm<\/strong>, ideal para doces.<\/li>\n<li data-start=\"1922\" data-end=\"1967\"><strong data-start=\"1922\" data-end=\"1939\">Vendido em embalagens de 100 unidades<\/strong>: pr\u00e1tico e econ\u00f3mico.<\/li>\n<li data-start=\"1970\" data-end=\"2043\">Perfeito para <strong data-start=\"1986\" data-end=\"2006\">levar para casa<\/strong> ou para <strong data-start=\"2013\" data-end=\"2040\">expor numa montra<\/strong>.<\/li>\n<\/ul>\n<p>&nbsp;<\/p>\n<p><!--more--><\/p>\n<h4>Outras informa\u00e7\u00f5es :<\/h4>\n<ul>\n<li><strong>Embalagem<\/strong>: Pacote de 100<\/li>\n<li><strong>Di\u00e2metro<\/strong>: 18 cm<\/li>\n<li><strong>Cor<\/strong>: Branco \/ Preto<\/li>\n<li><strong>Material<\/strong>: Cart\u00e3o<\/li>\n<\/ul>\n<\/div>\n<div style=\"font-family: Roboto, sans-serif;\">\n<p>&nbsp;<\/p>\n<p><!--more--><\/p>\n<\/div>\n<p>Este suporte para bolos est\u00e1 dispon\u00edvel em diferentes tamanhos: <span style=\"color: #d12727;\"><a style=\"color: #d12727;\" href=\"https:\/\/www.csj-emballages.com\/es\/produit\/soporte-redondo-para-tartas-de-carton-blanco-negro-o16-cm-por-100\/\">\u00d816 cm<\/a><\/span> \/ <span style=\"color: #d12727;\"><a style=\"color: #d12727;\" href=\"https:\/\/www.csj-emballages.com\/de\/produit\/kuchenstaender-rund-weiss-schwarz-karton-o20-cm-pro-100\/\">\u00d820 cm<\/a><\/span> \/ <span style=\"color: #d12727;\"><a style=\"color: #d12727;\" href=\"https:\/\/www.csj-emballages.com\/de\/produit\/kuchenstaender-rund-weiss-schwarz-karton-o22-cm-pro-100\/\">\u00d822 cm<\/a><\/span> \/ <span style=\"color: #d12727;\"><a style=\"color: #d12727;\" href=\"https:\/\/www.csj-emballages.com\/de\/produit\/kuchenstaender-rund-weiss-schwarz-karton-o26-cm-pro-100\/\">\u00d826 cm<\/a><\/span> \/ <span style=\"color: #d12727;\"><a style=\"color: #d12727;\" href=\"https:\/\/www.csj-emballages.com\/de\/produit\/kuchenstaender-rund-weiss-schwarz-karton-o28-cm-pro-100\/\">\u00d828 cm<\/a><\/span><\/p>\n<p>&nbsp;<\/p>\n<div style=\"font-family: Roboto, sans-serif;\">\n<p><!--more--><\/p>\n<p><a href=\"https:\/\/www.csj-emballages.com\/pt-pt\/categorie-produit\/embalagem-de-alimentos\/padaria-e-pastelaria\/suportes-para-bases-de-bolos\/bases-para-bolos-redondas\/suportes-para-bolos-brancos-pretos\/\">Ver o resto da nossa gama de suportes para bolos brancos \/ pretos<\/a><\/p>\n<\/div>\n","protected":false},"excerpt":{"rendered":"<p>Suporte para bolos Descri\u00e7\u00e3o do nosso suporte para bolos redondo em cart\u00e3o branco \/ preto \u00f818 cm por 100<\/p>\n","protected":false},"featured_media":253188,"template":"","meta":{"_acf_changed":false},"product_brand":[],"product_cat":[1141,1177,1914,10079,10080],"product_tag":[],"class_list":{"0":"post-253191","1":"product","2":"type-product","3":"status-publish","4":"has-post-thumbnail","6":"product_cat-embalagem-de-alimentos","7":"product_cat-padaria-e-pastelaria","8":"product_cat-suportes-para-bases-de-bolos","9":"product_cat-bases-para-bolos-redondas","10":"product_cat-suportes-para-bolos-brancos-pretos","12":"first","13":"instock","14":"taxable","15":"shipping-taxable","16":"purchasable","17":"product-type-simple"},"acf":[],"yoast_head":"<!-- This site is optimized with the Yoast SEO Premium plugin v26.6 (Yoast SEO v26.6) - https:\/\/yoast.com\/wordpress\/plugins\/seo\/ -->\n<title>Suporte para bolos redondo branco \/ caixa preta \u00f818 cm por 100<\/title>\n<meta name=\"description\" content=\"Suporte para bolos redondo branco\/preto \u00f818 cm em cart\u00e3o r\u00edgido de dupla face, pr\u00e1tico e elegante. Ideal para bolos, vendido em embalagens de 100 unidades.\" \/>\n<meta name=\"robots\" content=\"index, follow, max-snippet:-1, max-image-preview:large, max-video-preview:-1\" \/>\n<link rel=\"canonical\" href=\"https:\/\/www.csj-emballages.com\/pt-pt\/produit\/suporte-para-bolos-redondo-em-cartao-branco-preto-o18-cm-por-100\/\" \/>\n<meta property=\"og:locale\" content=\"pt_PT\" \/>\n<meta property=\"og:type\" content=\"article\" \/>\n<meta property=\"og:title\" content=\"Suporte para bolos redondo em cart\u00e3o branco \/ preto \u00f818 cm por 100\" \/>\n<meta property=\"og:description\" content=\"Suporte para bolos redondo branco\/preto \u00f818 cm em cart\u00e3o r\u00edgido de dupla face, pr\u00e1tico e elegante. Ideal para bolos, vendido em embalagens de 100 unidades.\" \/>\n<meta property=\"og:url\" content=\"https:\/\/www.csj-emballages.com\/pt-pt\/produit\/suporte-para-bolos-redondo-em-cartao-branco-preto-o18-cm-por-100\/\" \/>\n<meta property=\"og:site_name\" content=\"CSJ Emballages\" \/>\n<meta property=\"article:publisher\" content=\"https:\/\/www.facebook.com\/csjemballages\" \/>\n<meta property=\"article:modified_time\" content=\"2026-04-04T00:14:29+00:00\" \/>\n<meta property=\"og:image\" content=\"https:\/\/www.csj-emballages.com\/wp-content\/uploads\/2025\/10\/rbnf18.webp\" \/>\n\t<meta property=\"og:image:width\" content=\"800\" \/>\n\t<meta property=\"og:image:height\" content=\"801\" \/>\n\t<meta property=\"og:image:type\" content=\"image\/webp\" \/>\n<meta name=\"twitter:card\" content=\"summary_large_image\" \/>\n<meta name=\"twitter:label1\" content=\"Tempo estimado de leitura\" \/>\n\t<meta name=\"twitter:data1\" content=\"2 minutos\" \/>\n<script type=\"application\/ld+json\" class=\"yoast-schema-graph\">{\"@context\":\"https:\/\/schema.org\",\"@graph\":[{\"@type\":\"WebPage\",\"@id\":\"https:\/\/www.csj-emballages.com\/pt-pt\/produit\/suporte-para-bolos-redondo-em-cartao-branco-preto-o18-cm-por-100\/\",\"url\":\"https:\/\/www.csj-emballages.com\/pt-pt\/produit\/suporte-para-bolos-redondo-em-cartao-branco-preto-o18-cm-por-100\/\",\"name\":\"Suporte para bolos redondo branco \/ caixa preta \u00f818 cm por 100\",\"isPartOf\":{\"@id\":\"https:\/\/www.csj-emballages.com\/pt-pt\/#website\"},\"primaryImageOfPage\":{\"@id\":\"https:\/\/www.csj-emballages.com\/pt-pt\/produit\/suporte-para-bolos-redondo-em-cartao-branco-preto-o18-cm-por-100\/#primaryimage\"},\"image\":{\"@id\":\"https:\/\/www.csj-emballages.com\/pt-pt\/produit\/suporte-para-bolos-redondo-em-cartao-branco-preto-o18-cm-por-100\/#primaryimage\"},\"thumbnailUrl\":\"https:\/\/www.csj-emballages.com\/wp-content\/uploads\/2025\/10\/rbnf18.webp\",\"datePublished\":\"2025-10-22T12:18:24+00:00\",\"dateModified\":\"2026-04-04T00:14:29+00:00\",\"description\":\"Suporte para bolos redondo branco\/preto \u00f818 cm em cart\u00e3o r\u00edgido de dupla face, pr\u00e1tico e elegante. Ideal para bolos, vendido em embalagens de 100 unidades.\",\"breadcrumb\":{\"@id\":\"https:\/\/www.csj-emballages.com\/pt-pt\/produit\/suporte-para-bolos-redondo-em-cartao-branco-preto-o18-cm-por-100\/#breadcrumb\"},\"inLanguage\":\"pt-PT\",\"potentialAction\":[{\"@type\":\"ReadAction\",\"target\":[\"https:\/\/www.csj-emballages.com\/pt-pt\/produit\/suporte-para-bolos-redondo-em-cartao-branco-preto-o18-cm-por-100\/\"]}]},{\"@type\":\"ImageObject\",\"inLanguage\":\"pt-PT\",\"@id\":\"https:\/\/www.csj-emballages.com\/pt-pt\/produit\/suporte-para-bolos-redondo-em-cartao-branco-preto-o18-cm-por-100\/#primaryimage\",\"url\":\"https:\/\/www.csj-emballages.com\/wp-content\/uploads\/2025\/10\/rbnf18.webp\",\"contentUrl\":\"https:\/\/www.csj-emballages.com\/wp-content\/uploads\/2025\/10\/rbnf18.webp\",\"width\":800,\"height\":801,\"caption\":\"Support g\u00e2teau\"},{\"@type\":\"BreadcrumbList\",\"@id\":\"https:\/\/www.csj-emballages.com\/pt-pt\/produit\/suporte-para-bolos-redondo-em-cartao-branco-preto-o18-cm-por-100\/#breadcrumb\",\"itemListElement\":[{\"@type\":\"ListItem\",\"position\":1,\"name\":\"Acolhimento\",\"item\":\"https:\/\/www.csj-emballages.com\/pt-pt\/universo-das-embalagens-alimentares\/\"},{\"@type\":\"ListItem\",\"position\":2,\"name\":\"Shop\",\"item\":\"https:\/\/www.csj-emballages.com\/shop\/\"},{\"@type\":\"ListItem\",\"position\":3,\"name\":\"Suporte para bolos redondo em cart\u00e3o branco \/ preto \u00f818 cm por 100\"}]},{\"@type\":\"WebSite\",\"@id\":\"https:\/\/www.csj-emballages.com\/pt-pt\/#website\",\"url\":\"https:\/\/www.csj-emballages.com\/pt-pt\/\",\"name\":\"CSJ Emballages\",\"description\":\"\",\"publisher\":{\"@id\":\"https:\/\/www.csj-emballages.com\/pt-pt\/#organization\"},\"potentialAction\":[{\"@type\":\"SearchAction\",\"target\":{\"@type\":\"EntryPoint\",\"urlTemplate\":\"https:\/\/www.csj-emballages.com\/pt-pt\/?s={search_term_string}\"},\"query-input\":{\"@type\":\"PropertyValueSpecification\",\"valueRequired\":true,\"valueName\":\"search_term_string\"}}],\"inLanguage\":\"pt-PT\"},{\"@type\":\"Organization\",\"@id\":\"https:\/\/www.csj-emballages.com\/pt-pt\/#Organization\/\",\"name\":\"CSJ Emballages\",\"url\":\"https:\/\/www.csj-emballages.com\/pt-pt\/\",\"logo\":{\"@type\":\"ImageObject\",\"inLanguage\":\"pt-PT\",\"@id\":\"https:\/\/www.csj-emballages.com\/pt-pt\/#\/schema\/logo\/image\/\",\"url\":\"https:\/\/www.csj-emballages.com\/wp-content\/uploads\/2023\/10\/logo_csj.webp\",\"contentUrl\":\"https:\/\/www.csj-emballages.com\/wp-content\/uploads\/2023\/10\/logo_csj.webp\",\"width\":250,\"height\":95,\"caption\":\"CSJ Emballages\"},\"image\":{\"@id\":\"https:\/\/www.csj-emballages.com\/pt-pt\/#\/schema\/logo\/image\/\"},\"sameAs\":[\"https:\/\/www.facebook.com\/csjemballages\"],\"address\":{\"@type\":\"PostalAddress\",\"streetAddress\":\"ZI La Lechere\",\"addressLocality\":\"Patornay\",\"postalCode\":\"39130\",\"addressCountry\":\"FR\"},\"contactPoint\":[{\"@type\":\"ContactPoint\",\"contactType\":\"Service client\",\"telephone\":\"0384254272\",\"email\":\"contact@csj-emballages.com\"}]}]}<\/script>\n<!-- \/ Yoast SEO Premium plugin. -->","yoast_head_json":{"title":"Suporte para bolos redondo branco \/ caixa preta \u00f818 cm por 100","description":"Suporte para bolos redondo branco\/preto \u00f818 cm em cart\u00e3o r\u00edgido de dupla face, pr\u00e1tico e elegante. Ideal para bolos, vendido em embalagens de 100 unidades.","robots":{"index":"index","follow":"follow","max-snippet":"max-snippet:-1","max-image-preview":"max-image-preview:large","max-video-preview":"max-video-preview:-1"},"canonical":"https:\/\/www.csj-emballages.com\/pt-pt\/produit\/suporte-para-bolos-redondo-em-cartao-branco-preto-o18-cm-por-100\/","og_locale":"pt_PT","og_type":"article","og_title":"Suporte para bolos redondo em cart\u00e3o branco \/ preto \u00f818 cm por 100","og_description":"Suporte para bolos redondo branco\/preto \u00f818 cm em cart\u00e3o r\u00edgido de dupla face, pr\u00e1tico e elegante. Ideal para bolos, vendido em embalagens de 100 unidades.","og_url":"https:\/\/www.csj-emballages.com\/pt-pt\/produit\/suporte-para-bolos-redondo-em-cartao-branco-preto-o18-cm-por-100\/","og_site_name":"CSJ Emballages","article_publisher":"https:\/\/www.facebook.com\/csjemballages","article_modified_time":"2026-04-04T00:14:29+00:00","og_image":[{"width":800,"height":801,"url":"https:\/\/www.csj-emballages.com\/wp-content\/uploads\/2025\/10\/rbnf18.webp","type":"image\/webp"}],"twitter_card":"summary_large_image","twitter_misc":{"Tempo estimado de leitura":"2 minutos"},"schema":{"@context":"https:\/\/schema.org","@graph":[{"@type":"WebPage","@id":"https:\/\/www.csj-emballages.com\/pt-pt\/produit\/suporte-para-bolos-redondo-em-cartao-branco-preto-o18-cm-por-100\/","url":"https:\/\/www.csj-emballages.com\/pt-pt\/produit\/suporte-para-bolos-redondo-em-cartao-branco-preto-o18-cm-por-100\/","name":"Suporte para bolos redondo branco \/ caixa preta \u00f818 cm por 100","isPartOf":{"@id":"https:\/\/www.csj-emballages.com\/pt-pt\/#website"},"primaryImageOfPage":{"@id":"https:\/\/www.csj-emballages.com\/pt-pt\/produit\/suporte-para-bolos-redondo-em-cartao-branco-preto-o18-cm-por-100\/#primaryimage"},"image":{"@id":"https:\/\/www.csj-emballages.com\/pt-pt\/produit\/suporte-para-bolos-redondo-em-cartao-branco-preto-o18-cm-por-100\/#primaryimage"},"thumbnailUrl":"https:\/\/www.csj-emballages.com\/wp-content\/uploads\/2025\/10\/rbnf18.webp","datePublished":"2025-10-22T12:18:24+00:00","dateModified":"2026-04-04T00:14:29+00:00","description":"Suporte para bolos redondo branco\/preto \u00f818 cm em cart\u00e3o r\u00edgido de dupla face, pr\u00e1tico e elegante. Ideal para bolos, vendido em embalagens de 100 unidades.","breadcrumb":{"@id":"https:\/\/www.csj-emballages.com\/pt-pt\/produit\/suporte-para-bolos-redondo-em-cartao-branco-preto-o18-cm-por-100\/#breadcrumb"},"inLanguage":"pt-PT","potentialAction":[{"@type":"ReadAction","target":["https:\/\/www.csj-emballages.com\/pt-pt\/produit\/suporte-para-bolos-redondo-em-cartao-branco-preto-o18-cm-por-100\/"]}]},{"@type":"ImageObject","inLanguage":"pt-PT","@id":"https:\/\/www.csj-emballages.com\/pt-pt\/produit\/suporte-para-bolos-redondo-em-cartao-branco-preto-o18-cm-por-100\/#primaryimage","url":"https:\/\/www.csj-emballages.com\/wp-content\/uploads\/2025\/10\/rbnf18.webp","contentUrl":"https:\/\/www.csj-emballages.com\/wp-content\/uploads\/2025\/10\/rbnf18.webp","width":800,"height":801,"caption":"Support g\u00e2teau"},{"@type":"BreadcrumbList","@id":"https:\/\/www.csj-emballages.com\/pt-pt\/produit\/suporte-para-bolos-redondo-em-cartao-branco-preto-o18-cm-por-100\/#breadcrumb","itemListElement":[{"@type":"ListItem","position":1,"name":"Acolhimento","item":"https:\/\/www.csj-emballages.com\/pt-pt\/universo-das-embalagens-alimentares\/"},{"@type":"ListItem","position":2,"name":"Shop","item":"https:\/\/www.csj-emballages.com\/shop\/"},{"@type":"ListItem","position":3,"name":"Suporte para bolos redondo em cart\u00e3o branco \/ preto \u00f818 cm por 100"}]},{"@type":"WebSite","@id":"https:\/\/www.csj-emballages.com\/pt-pt\/#website","url":"https:\/\/www.csj-emballages.com\/pt-pt\/","name":"CSJ Emballages","description":"","publisher":{"@id":"https:\/\/www.csj-emballages.com\/pt-pt\/#organization"},"potentialAction":[{"@type":"SearchAction","target":{"@type":"EntryPoint","urlTemplate":"https:\/\/www.csj-emballages.com\/pt-pt\/?s={search_term_string}"},"query-input":{"@type":"PropertyValueSpecification","valueRequired":true,"valueName":"search_term_string"}}],"inLanguage":"pt-PT"},{"@type":"Organization","@id":"https:\/\/www.csj-emballages.com\/pt-pt\/#Organization\/","name":"CSJ Emballages","url":"https:\/\/www.csj-emballages.com\/pt-pt\/","logo":{"@type":"ImageObject","inLanguage":"pt-PT","@id":"https:\/\/www.csj-emballages.com\/pt-pt\/#\/schema\/logo\/image\/","url":"https:\/\/www.csj-emballages.com\/wp-content\/uploads\/2023\/10\/logo_csj.webp","contentUrl":"https:\/\/www.csj-emballages.com\/wp-content\/uploads\/2023\/10\/logo_csj.webp","width":250,"height":95,"caption":"CSJ Emballages"},"image":{"@id":"https:\/\/www.csj-emballages.com\/pt-pt\/#\/schema\/logo\/image\/"},"sameAs":["https:\/\/www.facebook.com\/csjemballages"],"address":{"@type":"PostalAddress","streetAddress":"ZI La Lechere","addressLocality":"Patornay","postalCode":"39130","addressCountry":"FR"},"contactPoint":[{"@type":"ContactPoint","contactType":"Service client","telephone":"0384254272","email":"contact@csj-emballages.com"}]}]}},"df_price":11.59,"df_sale_price":"","df_regular_price":11.59,"df_image_link":"https:\/\/www.csj-emballages.com\/wp-content\/uploads\/2025\/10\/rbnf18-300x300.webp","tiered_pricing_type":"fixed","tiered_pricing_fixed_rules":[],"tiered_pricing_percentage_rules":[],"tiered_pricing_minimum":1,"tiered_pricing_roles_data":[],"_links":{"self":[{"href":"https:\/\/www.csj-emballages.com\/pt-pt\/wp-json\/wp\/v2\/product\/253191","targetHints":{"allow":["GET"]}}],"collection":[{"href":"https:\/\/www.csj-emballages.com\/pt-pt\/wp-json\/wp\/v2\/product"}],"about":[{"href":"https:\/\/www.csj-emballages.com\/pt-pt\/wp-json\/wp\/v2\/types\/product"}],"wp:featuredmedia":[{"embeddable":true,"href":"https:\/\/www.csj-emballages.com\/pt-pt\/wp-json\/wp\/v2\/media\/253188"}],"wp:attachment":[{"href":"https:\/\/www.csj-emballages.com\/pt-pt\/wp-json\/wp\/v2\/media?parent=253191"}],"wp:term":[{"taxonomy":"product_brand","embeddable":true,"href":"https:\/\/www.csj-emballages.com\/pt-pt\/wp-json\/wp\/v2\/product_brand?post=253191"},{"taxonomy":"product_cat","embeddable":true,"href":"https:\/\/www.csj-emballages.com\/pt-pt\/wp-json\/wp\/v2\/product_cat?post=253191"},{"taxonomy":"product_tag","embeddable":true,"href":"https:\/\/www.csj-emballages.com\/pt-pt\/wp-json\/wp\/v2\/product_tag?post=253191"}],"curies":[{"name":"wp","href":"https:\/\/api.w.org\/{rel}","templated":true}]}}