{"id":251247,"date":"2025-10-13T16:18:18","date_gmt":"2025-10-13T14:18:18","guid":{"rendered":"https:\/\/www.csj-emballages.com\/produit\/tampa-de-papel-para-copo-3712geb-embalagem-de-50\/"},"modified":"2026-04-25T02:11:52","modified_gmt":"2026-04-25T00:11:52","slug":"tampa-de-papel-para-copo-3712geb-embalagem-de-50","status":"publish","type":"product","link":"https:\/\/www.csj-emballages.com\/pt-pt\/produit\/tampa-de-papel-para-copo-3712geb-embalagem-de-50\/","title":{"rendered":"Tampa de papel para copo 3712GEB, embalagem de 50"},"content":{"rendered":"<h2>Tampa de papel<\/h2>\n<hr>\n<h3>Descubra a nossa tampa de papel para copos 3712GEB, embalagem de 50<\/h3>\n<p><!--more--><\/p>\n<p data-start=\"157\" data-end=\"478\">Escolha uma solu\u00e7\u00e3o <strong data-start=\"181\" data-end=\"193\">pr\u00e1tica<\/strong>, <strong data-start=\"195\" data-end=\"209\">ecol\u00f3gica<\/strong> e <strong data-start=\"213\" data-end=\"223\">fi\u00e1vel<\/strong> com a nossa <strong data-start=\"235\" data-end=\"279\">tampa de papel para copos 3712GEB<\/strong>, vendida em embalagens de <strong data-start=\"297\" data-end=\"310\">50<\/strong> unidades. Ideal para profissionais da restaura\u00e7\u00e3o, caf\u00e9s takeaway ou eventos, esta <strong>tampa de papel<\/strong> alia a <strong data-start=\"423\" data-end=\"441\">funcionalidade<\/strong> ao <strong data-start=\"445\" data-end=\"475\">respeito pelo ambiente<\/strong>. <\/p>\n<p data-start=\"480\" data-end=\"895\">Fabricada em <strong data-start=\"501\" data-end=\"539\">papel recicl\u00e1vel<\/strong>, \u00e9 uma excelente alternativa \u00e0s tampas de pl\u00e1stico. O seu <g id=\"gid_1\">design robusto<\/g> garante uma veda\u00e7\u00e3o herm\u00e9tica e segura, evitando qualquer risco de fuga ou derrame. Gra\u00e7as ao seu <strong data-start=\"743\" data-end=\"765\">encaixe perfeito<\/strong> no copo <span style=\"color: #d12727;\"><a style=\"color: #d12727;\" href=\"https:\/\/www.csj-emballages.com\/pt-pt\/produit\/50-canecas-de-cerveja-de-cartao-branco-30-35-cl\/\"><strong>copo 3712GEB<\/strong><\/a><\/span>as suas bebidas mant\u00eam-se \u00e0 temperatura correta durante mais tempo, quer estejam <strong data-start=\"866\" data-end=\"877\">quentes<\/strong> ou <strong data-start=\"881\" data-end=\"892\">frias<\/strong>.  <\/p>\n<p data-start=\"897\" data-end=\"1268\">A sua textura suave e o seu <strong data-start=\"930\" data-end=\"946\">design s\u00f3brio<\/strong> tamb\u00e9m valorizam os seus copos, ao mesmo tempo que sublinham o seu empenho num mundo mais sustent\u00e1vel. Esta <g id=\"gid_1\">tampa de papel<\/g> \u00e9 <g id=\"gid_2\">leve<\/g>, <g id=\"gid_3\">f\u00e1cil de guardar<\/g> e de instalar num \u00fanico passo. Perfeita para caf\u00e9s, sal\u00f5es de ch\u00e1, food trucks ou m\u00e1quinas de venda autom\u00e1tica, corresponder\u00e1 a todas as suas expectativas.  <\/p>\n<p data-start=\"1270\" data-end=\"1475\">Ao escolher este produto, est\u00e1 a adotar uma abordagem <strong data-start=\"1323\" data-end=\"1341\">eco-respons\u00e1vel<\/strong> sem comprometer a <strong data-start=\"1363\" data-end=\"1374\">qualidade<\/strong> ou a <strong data-start=\"1381\" data-end=\"1394\">praticidade<\/strong>. S\u00e3o estes pequenos pormenores que fazem toda a diferen\u00e7a na experi\u00eancia do cliente! <\/p>\n<p data-start=\"1477\" data-end=\"1670\">\n<p data-start=\"1477\" data-end=\"1670\"><!--more--><\/p>\n<p><span style=\"font-weight: bold; text-decoration: underline; color: #ff0000;\">*Tampa com passagem para palha<\/span><\/p>\n<p>&nbsp;<\/p>\n<p><!--more--><\/p>\n<h4>Vantagens :<\/h4>\n<ul>\n<li data-start=\"1713\" data-end=\"1773\"><strong data-start=\"1715\" data-end=\"1729\">Amigo do ambiente<\/strong>: fabricado em papel recicl\u00e1vel.<\/li>\n<li data-start=\"1776\" data-end=\"1836\"><strong data-start=\"1778\" data-end=\"1788\">Adequado<\/strong>: concebido especificamente para o <span style=\"color: #d12727;\"><a style=\"color: #d12727;\" href=\"https:\/\/www.csj-emballages.com\/pt-pt\/produit\/50-canecas-de-cerveja-de-cartao-branco-30-35-cl\/\"><strong>copo 3712GEB<\/strong><\/a><\/span>.<\/li>\n<li data-start=\"1839\" data-end=\"1897\"><strong data-start=\"1841\" data-end=\"1854\">Resistente<\/strong>: evita fugas e salpicos.<\/li>\n<li data-start=\"1900\" data-end=\"1962\"><strong data-start=\"1902\" data-end=\"1916\">Vers\u00e1til<\/strong>: adequado para bebidas quentes ou frias.<\/li>\n<li data-start=\"1965\" data-end=\"2018\"><strong data-start=\"1967\" data-end=\"1981\">Est\u00e9tica<\/strong>: design natural e profissional.<\/li>\n<li data-start=\"2021\" data-end=\"2079\"><strong data-start=\"2023\" data-end=\"2037\">Higi\u00e9nico<\/strong>: protege a bebida durante o transporte<\/li>\n<\/ul>\n<p>&nbsp;<\/p>\n<p><!--more--><\/p>\n<h4>Outras informa\u00e7\u00f5es :<\/h4>\n<ul>\n<li><strong>Embalagem<\/strong>: Pacote de 50<\/li>\n<li><strong>Dimens\u00f5es<\/strong>: 90 x 12 (\u00d8 x altura em mm)<\/li>\n<li><strong>Material<\/strong>: Papel<\/li>\n<li><strong>Cor<\/strong>: Branco<\/li>\n<\/ul>\n<p>&nbsp;<\/p>\n<p><!--more--><\/p>\n<p>Clique aqui para ver o nosso copo compat\u00edvel com esta tampa de papel: <span style=\"color: #d12727;\"><a style=\"color: #d12727;\" href=\"https:\/\/www.csj-emballages.com\/pt-pt\/produit\/50-canecas-de-cerveja-de-cartao-branco-30-35-cl\/\">3712GEB<\/a><\/span><\/p>\n<p>&nbsp;<\/p>\n<p><!--more--><\/p>\n<p><a href=\"https:\/\/www.csj-emballages.com\/pt-pt\/categorie-produit\/embalagem-de-alimentos\/restauracao\/chavenas-copos-baldes-garrafas\/copos-de-cartao\/copos-brancos\/\"><span style=\"text-decoration: underline;\">V\u00ea o resto da nossa gama de copos de papel<\/span><\/a><\/p>\n","protected":false},"excerpt":{"rendered":"<p>Tampa de papel Descubra a nossa tampa de papel para copos 3712GEB, embalagem de 50<\/p>\n","protected":false},"featured_media":251245,"template":"","meta":{"_acf_changed":false},"product_brand":[],"product_cat":[1141,1138,1471,9242,9243,3544],"product_tag":[],"class_list":{"0":"post-251247","1":"product","2":"type-product","3":"status-publish","4":"has-post-thumbnail","6":"product_cat-embalagem-de-alimentos","7":"product_cat-restauracao","8":"product_cat-chavenas-copos-baldes-garrafas","9":"product_cat-copos-de-cartao","10":"product_cat-copos-brancos","11":"product_cat-acessorios-pt-pt","13":"first","14":"instock","15":"taxable","16":"shipping-taxable","17":"purchasable","18":"product-type-simple"},"acf":[],"yoast_head":"<!-- This site is optimized with the Yoast SEO Premium plugin v26.6 (Yoast SEO v26.6) - https:\/\/yoast.com\/wordpress\/plugins\/seo\/ -->\n<title>Tampa de papel para copo 3712GEB 50pcs<\/title>\n<meta name=\"description\" content=\"Tampa de papel recicl\u00e1vel para copo 3712GEB - embalagem de 50. Pr\u00e1tica, ecol\u00f3gica e resistente, ideal para caf\u00e9s e takeaways.\" \/>\n<meta name=\"robots\" content=\"index, follow, max-snippet:-1, max-image-preview:large, max-video-preview:-1\" \/>\n<link rel=\"canonical\" href=\"https:\/\/www.csj-emballages.com\/pt-pt\/produit\/tampa-de-papel-para-copo-3712geb-embalagem-de-50\/\" \/>\n<meta property=\"og:locale\" content=\"pt_PT\" \/>\n<meta property=\"og:type\" content=\"article\" \/>\n<meta property=\"og:title\" content=\"Tampa de papel para copo 3712GEB, embalagem de 50\" \/>\n<meta property=\"og:description\" content=\"Tampa de papel recicl\u00e1vel para copo 3712GEB - embalagem de 50. Pr\u00e1tica, ecol\u00f3gica e resistente, ideal para caf\u00e9s e takeaways.\" \/>\n<meta property=\"og:url\" content=\"https:\/\/www.csj-emballages.com\/pt-pt\/produit\/tampa-de-papel-para-copo-3712geb-embalagem-de-50\/\" \/>\n<meta property=\"og:site_name\" content=\"CSJ Emballages\" \/>\n<meta property=\"article:publisher\" content=\"https:\/\/www.facebook.com\/csjemballages\" \/>\n<meta property=\"article:modified_time\" content=\"2026-04-25T00:11:52+00:00\" \/>\n<meta property=\"og:image\" content=\"https:\/\/www.csj-emballages.com\/wp-content\/uploads\/2025\/10\/C3712.webp\" \/>\n\t<meta property=\"og:image:width\" content=\"800\" \/>\n\t<meta property=\"og:image:height\" content=\"800\" \/>\n\t<meta property=\"og:image:type\" content=\"image\/webp\" \/>\n<meta name=\"twitter:card\" content=\"summary_large_image\" \/>\n<meta name=\"twitter:label1\" content=\"Tempo estimado de leitura\" \/>\n\t<meta name=\"twitter:data1\" content=\"2 minutos\" \/>\n<script type=\"application\/ld+json\" class=\"yoast-schema-graph\">{\"@context\":\"https:\/\/schema.org\",\"@graph\":[{\"@type\":\"WebPage\",\"@id\":\"https:\/\/www.csj-emballages.com\/pt-pt\/produit\/tampa-de-papel-para-copo-3712geb-embalagem-de-50\/\",\"url\":\"https:\/\/www.csj-emballages.com\/pt-pt\/produit\/tampa-de-papel-para-copo-3712geb-embalagem-de-50\/\",\"name\":\"Tampa de papel para copo 3712GEB 50pcs\",\"isPartOf\":{\"@id\":\"https:\/\/www.csj-emballages.com\/pt-pt\/#website\"},\"primaryImageOfPage\":{\"@id\":\"https:\/\/www.csj-emballages.com\/pt-pt\/produit\/tampa-de-papel-para-copo-3712geb-embalagem-de-50\/#primaryimage\"},\"image\":{\"@id\":\"https:\/\/www.csj-emballages.com\/pt-pt\/produit\/tampa-de-papel-para-copo-3712geb-embalagem-de-50\/#primaryimage\"},\"thumbnailUrl\":\"https:\/\/www.csj-emballages.com\/wp-content\/uploads\/2025\/10\/C3712.webp\",\"datePublished\":\"2025-10-13T14:18:18+00:00\",\"dateModified\":\"2026-04-25T00:11:52+00:00\",\"description\":\"Tampa de papel recicl\u00e1vel para copo 3712GEB - embalagem de 50. Pr\u00e1tica, ecol\u00f3gica e resistente, ideal para caf\u00e9s e takeaways.\",\"breadcrumb\":{\"@id\":\"https:\/\/www.csj-emballages.com\/pt-pt\/produit\/tampa-de-papel-para-copo-3712geb-embalagem-de-50\/#breadcrumb\"},\"inLanguage\":\"pt-PT\",\"potentialAction\":[{\"@type\":\"ReadAction\",\"target\":[\"https:\/\/www.csj-emballages.com\/pt-pt\/produit\/tampa-de-papel-para-copo-3712geb-embalagem-de-50\/\"]}]},{\"@type\":\"ImageObject\",\"inLanguage\":\"pt-PT\",\"@id\":\"https:\/\/www.csj-emballages.com\/pt-pt\/produit\/tampa-de-papel-para-copo-3712geb-embalagem-de-50\/#primaryimage\",\"url\":\"https:\/\/www.csj-emballages.com\/wp-content\/uploads\/2025\/10\/C3712.webp\",\"contentUrl\":\"https:\/\/www.csj-emballages.com\/wp-content\/uploads\/2025\/10\/C3712.webp\",\"width\":800,\"height\":800,\"caption\":\"Couvercle carton\"},{\"@type\":\"BreadcrumbList\",\"@id\":\"https:\/\/www.csj-emballages.com\/pt-pt\/produit\/tampa-de-papel-para-copo-3712geb-embalagem-de-50\/#breadcrumb\",\"itemListElement\":[{\"@type\":\"ListItem\",\"position\":1,\"name\":\"Acolhimento\",\"item\":\"https:\/\/www.csj-emballages.com\/pt-pt\/universo-das-embalagens-alimentares\/\"},{\"@type\":\"ListItem\",\"position\":2,\"name\":\"Shop\",\"item\":\"https:\/\/www.csj-emballages.com\/shop\/\"},{\"@type\":\"ListItem\",\"position\":3,\"name\":\"Tampa de papel para copo 3712GEB, embalagem de 50\"}]},{\"@type\":\"WebSite\",\"@id\":\"https:\/\/www.csj-emballages.com\/pt-pt\/#website\",\"url\":\"https:\/\/www.csj-emballages.com\/pt-pt\/\",\"name\":\"CSJ Emballages\",\"description\":\"\",\"publisher\":{\"@id\":\"https:\/\/www.csj-emballages.com\/pt-pt\/#organization\"},\"potentialAction\":[{\"@type\":\"SearchAction\",\"target\":{\"@type\":\"EntryPoint\",\"urlTemplate\":\"https:\/\/www.csj-emballages.com\/pt-pt\/?s={search_term_string}\"},\"query-input\":{\"@type\":\"PropertyValueSpecification\",\"valueRequired\":true,\"valueName\":\"search_term_string\"}}],\"inLanguage\":\"pt-PT\"},{\"@type\":\"Organization\",\"@id\":\"https:\/\/www.csj-emballages.com\/pt-pt\/#Organization\/\",\"name\":\"CSJ Emballages\",\"url\":\"https:\/\/www.csj-emballages.com\/pt-pt\/\",\"logo\":{\"@type\":\"ImageObject\",\"inLanguage\":\"pt-PT\",\"@id\":\"https:\/\/www.csj-emballages.com\/pt-pt\/#\/schema\/logo\/image\/\",\"url\":\"https:\/\/www.csj-emballages.com\/wp-content\/uploads\/2023\/10\/logo_csj.webp\",\"contentUrl\":\"https:\/\/www.csj-emballages.com\/wp-content\/uploads\/2023\/10\/logo_csj.webp\",\"width\":250,\"height\":95,\"caption\":\"CSJ Emballages\"},\"image\":{\"@id\":\"https:\/\/www.csj-emballages.com\/pt-pt\/#\/schema\/logo\/image\/\"},\"sameAs\":[\"https:\/\/www.facebook.com\/csjemballages\"],\"address\":{\"@type\":\"PostalAddress\",\"streetAddress\":\"ZI La Lechere\",\"addressLocality\":\"Patornay\",\"postalCode\":\"39130\",\"addressCountry\":\"FR\"},\"contactPoint\":[{\"@type\":\"ContactPoint\",\"contactType\":\"Service client\",\"telephone\":\"0384254272\",\"email\":\"contact@csj-emballages.com\"}]}]}<\/script>\n<!-- \/ Yoast SEO Premium plugin. -->","yoast_head_json":{"title":"Tampa de papel para copo 3712GEB 50pcs","description":"Tampa de papel recicl\u00e1vel para copo 3712GEB - embalagem de 50. Pr\u00e1tica, ecol\u00f3gica e resistente, ideal para caf\u00e9s e takeaways.","robots":{"index":"index","follow":"follow","max-snippet":"max-snippet:-1","max-image-preview":"max-image-preview:large","max-video-preview":"max-video-preview:-1"},"canonical":"https:\/\/www.csj-emballages.com\/pt-pt\/produit\/tampa-de-papel-para-copo-3712geb-embalagem-de-50\/","og_locale":"pt_PT","og_type":"article","og_title":"Tampa de papel para copo 3712GEB, embalagem de 50","og_description":"Tampa de papel recicl\u00e1vel para copo 3712GEB - embalagem de 50. Pr\u00e1tica, ecol\u00f3gica e resistente, ideal para caf\u00e9s e takeaways.","og_url":"https:\/\/www.csj-emballages.com\/pt-pt\/produit\/tampa-de-papel-para-copo-3712geb-embalagem-de-50\/","og_site_name":"CSJ Emballages","article_publisher":"https:\/\/www.facebook.com\/csjemballages","article_modified_time":"2026-04-25T00:11:52+00:00","og_image":[{"width":800,"height":800,"url":"https:\/\/www.csj-emballages.com\/wp-content\/uploads\/2025\/10\/C3712.webp","type":"image\/webp"}],"twitter_card":"summary_large_image","twitter_misc":{"Tempo estimado de leitura":"2 minutos"},"schema":{"@context":"https:\/\/schema.org","@graph":[{"@type":"WebPage","@id":"https:\/\/www.csj-emballages.com\/pt-pt\/produit\/tampa-de-papel-para-copo-3712geb-embalagem-de-50\/","url":"https:\/\/www.csj-emballages.com\/pt-pt\/produit\/tampa-de-papel-para-copo-3712geb-embalagem-de-50\/","name":"Tampa de papel para copo 3712GEB 50pcs","isPartOf":{"@id":"https:\/\/www.csj-emballages.com\/pt-pt\/#website"},"primaryImageOfPage":{"@id":"https:\/\/www.csj-emballages.com\/pt-pt\/produit\/tampa-de-papel-para-copo-3712geb-embalagem-de-50\/#primaryimage"},"image":{"@id":"https:\/\/www.csj-emballages.com\/pt-pt\/produit\/tampa-de-papel-para-copo-3712geb-embalagem-de-50\/#primaryimage"},"thumbnailUrl":"https:\/\/www.csj-emballages.com\/wp-content\/uploads\/2025\/10\/C3712.webp","datePublished":"2025-10-13T14:18:18+00:00","dateModified":"2026-04-25T00:11:52+00:00","description":"Tampa de papel recicl\u00e1vel para copo 3712GEB - embalagem de 50. Pr\u00e1tica, ecol\u00f3gica e resistente, ideal para caf\u00e9s e takeaways.","breadcrumb":{"@id":"https:\/\/www.csj-emballages.com\/pt-pt\/produit\/tampa-de-papel-para-copo-3712geb-embalagem-de-50\/#breadcrumb"},"inLanguage":"pt-PT","potentialAction":[{"@type":"ReadAction","target":["https:\/\/www.csj-emballages.com\/pt-pt\/produit\/tampa-de-papel-para-copo-3712geb-embalagem-de-50\/"]}]},{"@type":"ImageObject","inLanguage":"pt-PT","@id":"https:\/\/www.csj-emballages.com\/pt-pt\/produit\/tampa-de-papel-para-copo-3712geb-embalagem-de-50\/#primaryimage","url":"https:\/\/www.csj-emballages.com\/wp-content\/uploads\/2025\/10\/C3712.webp","contentUrl":"https:\/\/www.csj-emballages.com\/wp-content\/uploads\/2025\/10\/C3712.webp","width":800,"height":800,"caption":"Couvercle carton"},{"@type":"BreadcrumbList","@id":"https:\/\/www.csj-emballages.com\/pt-pt\/produit\/tampa-de-papel-para-copo-3712geb-embalagem-de-50\/#breadcrumb","itemListElement":[{"@type":"ListItem","position":1,"name":"Acolhimento","item":"https:\/\/www.csj-emballages.com\/pt-pt\/universo-das-embalagens-alimentares\/"},{"@type":"ListItem","position":2,"name":"Shop","item":"https:\/\/www.csj-emballages.com\/shop\/"},{"@type":"ListItem","position":3,"name":"Tampa de papel para copo 3712GEB, embalagem de 50"}]},{"@type":"WebSite","@id":"https:\/\/www.csj-emballages.com\/pt-pt\/#website","url":"https:\/\/www.csj-emballages.com\/pt-pt\/","name":"CSJ Emballages","description":"","publisher":{"@id":"https:\/\/www.csj-emballages.com\/pt-pt\/#organization"},"potentialAction":[{"@type":"SearchAction","target":{"@type":"EntryPoint","urlTemplate":"https:\/\/www.csj-emballages.com\/pt-pt\/?s={search_term_string}"},"query-input":{"@type":"PropertyValueSpecification","valueRequired":true,"valueName":"search_term_string"}}],"inLanguage":"pt-PT"},{"@type":"Organization","@id":"https:\/\/www.csj-emballages.com\/pt-pt\/#Organization\/","name":"CSJ Emballages","url":"https:\/\/www.csj-emballages.com\/pt-pt\/","logo":{"@type":"ImageObject","inLanguage":"pt-PT","@id":"https:\/\/www.csj-emballages.com\/pt-pt\/#\/schema\/logo\/image\/","url":"https:\/\/www.csj-emballages.com\/wp-content\/uploads\/2023\/10\/logo_csj.webp","contentUrl":"https:\/\/www.csj-emballages.com\/wp-content\/uploads\/2023\/10\/logo_csj.webp","width":250,"height":95,"caption":"CSJ Emballages"},"image":{"@id":"https:\/\/www.csj-emballages.com\/pt-pt\/#\/schema\/logo\/image\/"},"sameAs":["https:\/\/www.facebook.com\/csjemballages"],"address":{"@type":"PostalAddress","streetAddress":"ZI La Lechere","addressLocality":"Patornay","postalCode":"39130","addressCountry":"FR"},"contactPoint":[{"@type":"ContactPoint","contactType":"Service client","telephone":"0384254272","email":"contact@csj-emballages.com"}]}]}},"df_price":3.22,"df_sale_price":"","df_regular_price":3.22,"df_image_link":"https:\/\/www.csj-emballages.com\/wp-content\/uploads\/2025\/10\/C3712-300x300.webp","tiered_pricing_type":"fixed","tiered_pricing_fixed_rules":[],"tiered_pricing_percentage_rules":[],"tiered_pricing_minimum":1,"tiered_pricing_roles_data":[],"_links":{"self":[{"href":"https:\/\/www.csj-emballages.com\/pt-pt\/wp-json\/wp\/v2\/product\/251247","targetHints":{"allow":["GET"]}}],"collection":[{"href":"https:\/\/www.csj-emballages.com\/pt-pt\/wp-json\/wp\/v2\/product"}],"about":[{"href":"https:\/\/www.csj-emballages.com\/pt-pt\/wp-json\/wp\/v2\/types\/product"}],"wp:featuredmedia":[{"embeddable":true,"href":"https:\/\/www.csj-emballages.com\/pt-pt\/wp-json\/wp\/v2\/media\/251245"}],"wp:attachment":[{"href":"https:\/\/www.csj-emballages.com\/pt-pt\/wp-json\/wp\/v2\/media?parent=251247"}],"wp:term":[{"taxonomy":"product_brand","embeddable":true,"href":"https:\/\/www.csj-emballages.com\/pt-pt\/wp-json\/wp\/v2\/product_brand?post=251247"},{"taxonomy":"product_cat","embeddable":true,"href":"https:\/\/www.csj-emballages.com\/pt-pt\/wp-json\/wp\/v2\/product_cat?post=251247"},{"taxonomy":"product_tag","embeddable":true,"href":"https:\/\/www.csj-emballages.com\/pt-pt\/wp-json\/wp\/v2\/product_tag?post=251247"}],"curies":[{"name":"wp","href":"https:\/\/api.w.org\/{rel}","templated":true}]}}