{"id":251236,"date":"2025-10-16T17:18:16","date_gmt":"2025-10-16T15:18:16","guid":{"rendered":"https:\/\/www.csj-emballages.com\/produit\/saco-de-compras-joyeux-noel-pp-tecido-reutilizavel-43-20-x-38-cm\/"},"modified":"2026-03-12T16:37:59","modified_gmt":"2026-03-12T15:37:59","slug":"saco-de-compras-joyeux-noel-pp-tecido-reutilizavel-43-20-x-38-cm","status":"publish","type":"product","link":"https:\/\/www.csj-emballages.com\/pt-pt\/produit\/saco-de-compras-joyeux-noel-pp-tecido-reutilizavel-43-20-x-38-cm\/","title":{"rendered":"Saco de compras &#8220;Joyeux No\u00ebl&#8221; PP tecido reutiliz\u00e1vel 43 + 20 x 38 cm"},"content":{"rendered":"<h2 class=\"p1\">Saco de compras<\/h2>\n<hr>\n<h3>Descri\u00e7\u00e3o do nosso saco de compras reutiliz\u00e1vel em PP tecido &#8220;Merry Christmas&#8221; 43 + 20 x 38 cm<\/h3>\n<p><!--more--><\/p>\n<p data-start=\"125\" data-end=\"425\">Celebre a magia da \u00e9poca festiva com o nosso <strong data-start=\"164\" data-end=\"232\">saco &#8220;Merry Christmas&#8221; em PP tecido reutiliz\u00e1vel 43 + 20 x 38 cm<\/strong>! Ideal para embrulhar os seus presentes, transportar as suas compras ou dar um toque festivo aos seus saldos de fim de ano, este <strong>saco<\/strong> combina <strong data-start=\"365\" data-end=\"377\">robustez<\/strong>, <strong data-start=\"379\" data-end=\"388\">estilo<\/strong> e <strong data-start=\"392\" data-end=\"422\">respeito pelo ambiente<\/strong>.<\/p>\n<p data-start=\"427\" data-end=\"778\">Fabricado em <strong data-start=\"448\" data-end=\"471\">polipropileno entran\u00e7ado<\/strong>, \u00e9 simultaneamente <strong data-start=\"490\" data-end=\"515\">resistente \u00e0 carga<\/strong> e <strong data-start=\"519\" data-end=\"540\">f\u00e1cil de limpar<\/strong>, o que o torna um companheiro perfeito para utiliza\u00e7\u00e3o di\u00e1ria. Gra\u00e7as ao seu material robusto e imperme\u00e1vel, suporta facilmente o peso de produtos alimentares, garrafas ou at\u00e9 objetos volumosos sem se rasgar.<\/p>\n<p data-start=\"780\" data-end=\"1088\">Al\u00e9m disso, o seu design festivo &#8220;<strong>Joyeux No\u00ebl<\/strong>&#8221; proporciona instantaneamente um <strong data-start=\"839\" data-end=\"877\">ambiente acolhedor e convidativo<\/strong>, perfeito para cativar os seus clientes durante a \u00e9poca festiva. Este saco pode ser utilizado como <strong data-start=\"984\" data-end=\"1004\">embalagem de presente<\/strong>, <strong data-start=\"1006\" data-end=\"1026\">saco promocional<\/strong> ou at\u00e9 como <strong data-start=\"1041\" data-end=\"1085\">alternativa ecol\u00f3gica aos sacos descart\u00e1veis<\/strong>.<\/p>\n<p data-start=\"1090\" data-end=\"1451\">Da mesma forma, as suas <strong data-start=\"1103\" data-end=\"1123\">al\u00e7as refor\u00e7adas<\/strong> garantem um excelente conforto durante o transporte, enquanto o seu tamanho grande (<strong>43 + 20 x 38 cm<\/strong>) oferece <strong data-start=\"1223\" data-end=\"1245\">um volume generoso<\/strong> para guardar facilmente todos os tipos de artigos. Representa, portanto, uma solu\u00e7\u00e3o pr\u00e1tica e est\u00e9tica para profissionais da restaura\u00e7\u00e3o, mercearias, pastelarias ou lojas de presentes.<\/p>\n<p><!--more--><\/p>\n<h4><strong>Vantagens :<\/strong><\/h4>\n<ul>\n<li data-start=\"1789\" data-end=\"1870\"><strong data-start=\"1789\" data-end=\"1805\">Reutiliz\u00e1vel<\/strong> e duradouro: reduz os res\u00edduos e substitui os sacos descart\u00e1veis.<\/li>\n<li data-start=\"1873\" data-end=\"1947\"><strong data-start=\"1873\" data-end=\"1894\">Material tecido PP<\/strong>: \u00f3ptima resist\u00eancia \u00e0 carga e \u00e0 humidade.<\/li>\n<li data-start=\"1950\" data-end=\"2023\"><strong data-start=\"1950\" data-end=\"1967\">Design festivo<\/strong> e atrativo: perfeito para a \u00e9poca festiva.<\/li>\n<li data-start=\"2026\" data-end=\"2092\"><strong data-start=\"2026\" data-end=\"2042\">Grande formato<\/strong>: capacidade ideal para produtos volumosos.<\/li>\n<li data-start=\"2095\" data-end=\"2148\"><strong data-start=\"2095\" data-end=\"2115\">Pegas refor\u00e7adas<\/strong>: conforto de transporte garantido.<\/li>\n<\/ul>\n<p>&nbsp;<\/p>\n<p><!--more--><\/p>\n<h4>Outras informa\u00e7\u00f5es :<\/h4>\n<ul>\n<li><strong>Embalagem<\/strong>: Por unidade<\/li>\n<li><strong>Dimens\u00f5es<\/strong>: 43 + 20 x 38 cm<\/li>\n<li><strong>Material<\/strong>: tecido PP (polipropileno)<\/li>\n<li><strong>Cor<\/strong>: Dourado \/ Branco<\/li>\n<\/ul>\n<p>&nbsp;<\/p>\n<p><!--more--><\/p>\n<p><a href=\"https:\/\/www.csj-emballages.com\/pt-pt\/categorie-produit\/embalagem-de-alimentos\/loja-e-armazem\/sacos-saquetas\/sacos-de-boutique\/\">V\u00ea o resto da nossa gama de malas de boutique!<\/a><\/p>\n","protected":false},"excerpt":{"rendered":"<p>Saco de compras Descri\u00e7\u00e3o do nosso saco de compras reutiliz\u00e1vel em PP tecido &#8220;Merry Christmas&#8221; 43 + 20 x 38 cm<\/p>\n","protected":false},"featured_media":260665,"template":"","meta":{"_acf_changed":false},"product_brand":[],"product_cat":[1141,1482,3921,1840],"product_tag":[],"class_list":{"0":"post-251236","1":"product","2":"type-product","3":"status-publish","4":"has-post-thumbnail","6":"product_cat-embalagem-de-alimentos","7":"product_cat-loja-e-armazem","8":"product_cat-sacos-saquetas","9":"product_cat-sacos-de-boutique","11":"first","12":"instock","13":"taxable","14":"shipping-taxable","15":"purchasable","16":"product-type-simple"},"acf":[],"yoast_head":"<!-- This site is optimized with the Yoast SEO Premium plugin v26.6 (Yoast SEO v26.6) - https:\/\/yoast.com\/wordpress\/plugins\/seo\/ -->\n<title>Saco de compras &quot;Merry Christmas&quot; PP Tecido Reutiliz\u00e1vel 43 + 20 x 38 cm<\/title>\n<meta name=\"description\" content=\"Saco de compras &quot;Joyeux No\u00ebl&quot; em PP tecido reutiliz\u00e1vel 43 + 20 x 38 cm: resistente e ecol\u00f3gico, ideal para padarias, pastelarias e compras quotidianas.\" \/>\n<meta name=\"robots\" content=\"index, follow, max-snippet:-1, max-image-preview:large, max-video-preview:-1\" \/>\n<link rel=\"canonical\" href=\"https:\/\/www.csj-emballages.com\/pt-pt\/produit\/saco-de-compras-joyeux-noel-pp-tecido-reutilizavel-43-20-x-38-cm\/\" \/>\n<meta property=\"og:locale\" content=\"pt_PT\" \/>\n<meta property=\"og:type\" content=\"article\" \/>\n<meta property=\"og:title\" content=\"Saco de compras &quot;Joyeux No\u00ebl&quot; PP tecido reutiliz\u00e1vel 43 + 20 x 38 cm\" \/>\n<meta property=\"og:description\" content=\"Saco de compras &quot;Joyeux No\u00ebl&quot; em PP tecido reutiliz\u00e1vel 43 + 20 x 38 cm: resistente e ecol\u00f3gico, ideal para padarias, pastelarias e compras quotidianas.\" \/>\n<meta property=\"og:url\" content=\"https:\/\/www.csj-emballages.com\/pt-pt\/produit\/saco-de-compras-joyeux-noel-pp-tecido-reutilizavel-43-20-x-38-cm\/\" \/>\n<meta property=\"og:site_name\" content=\"CSJ Emballages\" \/>\n<meta property=\"article:publisher\" content=\"https:\/\/www.facebook.com\/csjemballages\" \/>\n<meta property=\"article:modified_time\" content=\"2026-03-12T15:37:59+00:00\" \/>\n<meta property=\"og:image\" content=\"https:\/\/www.csj-emballages.com\/wp-content\/uploads\/2025\/10\/SACPPNOEL2025.webp\" \/>\n\t<meta property=\"og:image:width\" content=\"800\" \/>\n\t<meta property=\"og:image:height\" content=\"800\" \/>\n\t<meta property=\"og:image:type\" content=\"image\/webp\" \/>\n<meta name=\"twitter:card\" content=\"summary_large_image\" \/>\n<meta name=\"twitter:label1\" content=\"Tempo estimado de leitura\" \/>\n\t<meta name=\"twitter:data1\" content=\"1 minuto\" \/>\n<script type=\"application\/ld+json\" class=\"yoast-schema-graph\">{\"@context\":\"https:\/\/schema.org\",\"@graph\":[{\"@type\":\"WebPage\",\"@id\":\"https:\/\/www.csj-emballages.com\/pt-pt\/produit\/saco-de-compras-joyeux-noel-pp-tecido-reutilizavel-43-20-x-38-cm\/\",\"url\":\"https:\/\/www.csj-emballages.com\/pt-pt\/produit\/saco-de-compras-joyeux-noel-pp-tecido-reutilizavel-43-20-x-38-cm\/\",\"name\":\"Saco de compras \\\"Merry Christmas\\\" PP Tecido Reutiliz\u00e1vel 43 + 20 x 38 cm\",\"isPartOf\":{\"@id\":\"https:\/\/www.csj-emballages.com\/pt-pt\/#website\"},\"primaryImageOfPage\":{\"@id\":\"https:\/\/www.csj-emballages.com\/pt-pt\/produit\/saco-de-compras-joyeux-noel-pp-tecido-reutilizavel-43-20-x-38-cm\/#primaryimage\"},\"image\":{\"@id\":\"https:\/\/www.csj-emballages.com\/pt-pt\/produit\/saco-de-compras-joyeux-noel-pp-tecido-reutilizavel-43-20-x-38-cm\/#primaryimage\"},\"thumbnailUrl\":\"https:\/\/www.csj-emballages.com\/wp-content\/uploads\/2025\/10\/SACPPNOEL2025.webp\",\"datePublished\":\"2025-10-16T15:18:16+00:00\",\"dateModified\":\"2026-03-12T15:37:59+00:00\",\"description\":\"Saco de compras \\\"Joyeux No\u00ebl\\\" em PP tecido reutiliz\u00e1vel 43 + 20 x 38 cm: resistente e ecol\u00f3gico, ideal para padarias, pastelarias e compras quotidianas.\",\"breadcrumb\":{\"@id\":\"https:\/\/www.csj-emballages.com\/pt-pt\/produit\/saco-de-compras-joyeux-noel-pp-tecido-reutilizavel-43-20-x-38-cm\/#breadcrumb\"},\"inLanguage\":\"pt-PT\",\"potentialAction\":[{\"@type\":\"ReadAction\",\"target\":[\"https:\/\/www.csj-emballages.com\/pt-pt\/produit\/saco-de-compras-joyeux-noel-pp-tecido-reutilizavel-43-20-x-38-cm\/\"]}]},{\"@type\":\"ImageObject\",\"inLanguage\":\"pt-PT\",\"@id\":\"https:\/\/www.csj-emballages.com\/pt-pt\/produit\/saco-de-compras-joyeux-noel-pp-tecido-reutilizavel-43-20-x-38-cm\/#primaryimage\",\"url\":\"https:\/\/www.csj-emballages.com\/wp-content\/uploads\/2025\/10\/SACPPNOEL2025.webp\",\"contentUrl\":\"https:\/\/www.csj-emballages.com\/wp-content\/uploads\/2025\/10\/SACPPNOEL2025.webp\",\"width\":800,\"height\":800,\"caption\":\"SACPPNOEL2025\"},{\"@type\":\"BreadcrumbList\",\"@id\":\"https:\/\/www.csj-emballages.com\/pt-pt\/produit\/saco-de-compras-joyeux-noel-pp-tecido-reutilizavel-43-20-x-38-cm\/#breadcrumb\",\"itemListElement\":[{\"@type\":\"ListItem\",\"position\":1,\"name\":\"Acolhimento\",\"item\":\"https:\/\/www.csj-emballages.com\/pt-pt\/universo-das-embalagens-alimentares\/\"},{\"@type\":\"ListItem\",\"position\":2,\"name\":\"Shop\",\"item\":\"https:\/\/www.csj-emballages.com\/shop\/\"},{\"@type\":\"ListItem\",\"position\":3,\"name\":\"Saco de compras \u00ab\u00a0Joyeux No\u00ebl\u00a0\u00bb PP tecido reutiliz\u00e1vel 43 + 20 x 38 cm\"}]},{\"@type\":\"WebSite\",\"@id\":\"https:\/\/www.csj-emballages.com\/pt-pt\/#website\",\"url\":\"https:\/\/www.csj-emballages.com\/pt-pt\/\",\"name\":\"CSJ Emballages\",\"description\":\"\",\"publisher\":{\"@id\":\"https:\/\/www.csj-emballages.com\/pt-pt\/#organization\"},\"potentialAction\":[{\"@type\":\"SearchAction\",\"target\":{\"@type\":\"EntryPoint\",\"urlTemplate\":\"https:\/\/www.csj-emballages.com\/pt-pt\/?s={search_term_string}\"},\"query-input\":{\"@type\":\"PropertyValueSpecification\",\"valueRequired\":true,\"valueName\":\"search_term_string\"}}],\"inLanguage\":\"pt-PT\"},{\"@type\":\"Organization\",\"@id\":\"https:\/\/www.csj-emballages.com\/pt-pt\/#Organization\/\",\"name\":\"CSJ Emballages\",\"url\":\"https:\/\/www.csj-emballages.com\/pt-pt\/\",\"logo\":{\"@type\":\"ImageObject\",\"inLanguage\":\"pt-PT\",\"@id\":\"https:\/\/www.csj-emballages.com\/pt-pt\/#\/schema\/logo\/image\/\",\"url\":\"https:\/\/www.csj-emballages.com\/wp-content\/uploads\/2023\/10\/logo_csj.webp\",\"contentUrl\":\"https:\/\/www.csj-emballages.com\/wp-content\/uploads\/2023\/10\/logo_csj.webp\",\"width\":250,\"height\":95,\"caption\":\"CSJ Emballages\"},\"image\":{\"@id\":\"https:\/\/www.csj-emballages.com\/pt-pt\/#\/schema\/logo\/image\/\"},\"sameAs\":[\"https:\/\/www.facebook.com\/csjemballages\"],\"address\":{\"@type\":\"PostalAddress\",\"streetAddress\":\"ZI La Lechere\",\"addressLocality\":\"Patornay\",\"postalCode\":\"39130\",\"addressCountry\":\"FR\"},\"contactPoint\":[{\"@type\":\"ContactPoint\",\"contactType\":\"Service client\",\"telephone\":\"0384254272\",\"email\":\"contact@csj-emballages.com\"}]}]}<\/script>\n<!-- \/ Yoast SEO Premium plugin. -->","yoast_head_json":{"title":"Saco de compras \"Merry Christmas\" PP Tecido Reutiliz\u00e1vel 43 + 20 x 38 cm","description":"Saco de compras \"Joyeux No\u00ebl\" em PP tecido reutiliz\u00e1vel 43 + 20 x 38 cm: resistente e ecol\u00f3gico, ideal para padarias, pastelarias e compras quotidianas.","robots":{"index":"index","follow":"follow","max-snippet":"max-snippet:-1","max-image-preview":"max-image-preview:large","max-video-preview":"max-video-preview:-1"},"canonical":"https:\/\/www.csj-emballages.com\/pt-pt\/produit\/saco-de-compras-joyeux-noel-pp-tecido-reutilizavel-43-20-x-38-cm\/","og_locale":"pt_PT","og_type":"article","og_title":"Saco de compras \"Joyeux No\u00ebl\" PP tecido reutiliz\u00e1vel 43 + 20 x 38 cm","og_description":"Saco de compras \"Joyeux No\u00ebl\" em PP tecido reutiliz\u00e1vel 43 + 20 x 38 cm: resistente e ecol\u00f3gico, ideal para padarias, pastelarias e compras quotidianas.","og_url":"https:\/\/www.csj-emballages.com\/pt-pt\/produit\/saco-de-compras-joyeux-noel-pp-tecido-reutilizavel-43-20-x-38-cm\/","og_site_name":"CSJ Emballages","article_publisher":"https:\/\/www.facebook.com\/csjemballages","article_modified_time":"2026-03-12T15:37:59+00:00","og_image":[{"width":800,"height":800,"url":"https:\/\/www.csj-emballages.com\/wp-content\/uploads\/2025\/10\/SACPPNOEL2025.webp","type":"image\/webp"}],"twitter_card":"summary_large_image","twitter_misc":{"Tempo estimado de leitura":"1 minuto"},"schema":{"@context":"https:\/\/schema.org","@graph":[{"@type":"WebPage","@id":"https:\/\/www.csj-emballages.com\/pt-pt\/produit\/saco-de-compras-joyeux-noel-pp-tecido-reutilizavel-43-20-x-38-cm\/","url":"https:\/\/www.csj-emballages.com\/pt-pt\/produit\/saco-de-compras-joyeux-noel-pp-tecido-reutilizavel-43-20-x-38-cm\/","name":"Saco de compras \"Merry Christmas\" PP Tecido Reutiliz\u00e1vel 43 + 20 x 38 cm","isPartOf":{"@id":"https:\/\/www.csj-emballages.com\/pt-pt\/#website"},"primaryImageOfPage":{"@id":"https:\/\/www.csj-emballages.com\/pt-pt\/produit\/saco-de-compras-joyeux-noel-pp-tecido-reutilizavel-43-20-x-38-cm\/#primaryimage"},"image":{"@id":"https:\/\/www.csj-emballages.com\/pt-pt\/produit\/saco-de-compras-joyeux-noel-pp-tecido-reutilizavel-43-20-x-38-cm\/#primaryimage"},"thumbnailUrl":"https:\/\/www.csj-emballages.com\/wp-content\/uploads\/2025\/10\/SACPPNOEL2025.webp","datePublished":"2025-10-16T15:18:16+00:00","dateModified":"2026-03-12T15:37:59+00:00","description":"Saco de compras \"Joyeux No\u00ebl\" em PP tecido reutiliz\u00e1vel 43 + 20 x 38 cm: resistente e ecol\u00f3gico, ideal para padarias, pastelarias e compras quotidianas.","breadcrumb":{"@id":"https:\/\/www.csj-emballages.com\/pt-pt\/produit\/saco-de-compras-joyeux-noel-pp-tecido-reutilizavel-43-20-x-38-cm\/#breadcrumb"},"inLanguage":"pt-PT","potentialAction":[{"@type":"ReadAction","target":["https:\/\/www.csj-emballages.com\/pt-pt\/produit\/saco-de-compras-joyeux-noel-pp-tecido-reutilizavel-43-20-x-38-cm\/"]}]},{"@type":"ImageObject","inLanguage":"pt-PT","@id":"https:\/\/www.csj-emballages.com\/pt-pt\/produit\/saco-de-compras-joyeux-noel-pp-tecido-reutilizavel-43-20-x-38-cm\/#primaryimage","url":"https:\/\/www.csj-emballages.com\/wp-content\/uploads\/2025\/10\/SACPPNOEL2025.webp","contentUrl":"https:\/\/www.csj-emballages.com\/wp-content\/uploads\/2025\/10\/SACPPNOEL2025.webp","width":800,"height":800,"caption":"SACPPNOEL2025"},{"@type":"BreadcrumbList","@id":"https:\/\/www.csj-emballages.com\/pt-pt\/produit\/saco-de-compras-joyeux-noel-pp-tecido-reutilizavel-43-20-x-38-cm\/#breadcrumb","itemListElement":[{"@type":"ListItem","position":1,"name":"Acolhimento","item":"https:\/\/www.csj-emballages.com\/pt-pt\/universo-das-embalagens-alimentares\/"},{"@type":"ListItem","position":2,"name":"Shop","item":"https:\/\/www.csj-emballages.com\/shop\/"},{"@type":"ListItem","position":3,"name":"Saco de compras \u00ab\u00a0Joyeux No\u00ebl\u00a0\u00bb PP tecido reutiliz\u00e1vel 43 + 20 x 38 cm"}]},{"@type":"WebSite","@id":"https:\/\/www.csj-emballages.com\/pt-pt\/#website","url":"https:\/\/www.csj-emballages.com\/pt-pt\/","name":"CSJ Emballages","description":"","publisher":{"@id":"https:\/\/www.csj-emballages.com\/pt-pt\/#organization"},"potentialAction":[{"@type":"SearchAction","target":{"@type":"EntryPoint","urlTemplate":"https:\/\/www.csj-emballages.com\/pt-pt\/?s={search_term_string}"},"query-input":{"@type":"PropertyValueSpecification","valueRequired":true,"valueName":"search_term_string"}}],"inLanguage":"pt-PT"},{"@type":"Organization","@id":"https:\/\/www.csj-emballages.com\/pt-pt\/#Organization\/","name":"CSJ Emballages","url":"https:\/\/www.csj-emballages.com\/pt-pt\/","logo":{"@type":"ImageObject","inLanguage":"pt-PT","@id":"https:\/\/www.csj-emballages.com\/pt-pt\/#\/schema\/logo\/image\/","url":"https:\/\/www.csj-emballages.com\/wp-content\/uploads\/2023\/10\/logo_csj.webp","contentUrl":"https:\/\/www.csj-emballages.com\/wp-content\/uploads\/2023\/10\/logo_csj.webp","width":250,"height":95,"caption":"CSJ Emballages"},"image":{"@id":"https:\/\/www.csj-emballages.com\/pt-pt\/#\/schema\/logo\/image\/"},"sameAs":["https:\/\/www.facebook.com\/csjemballages"],"address":{"@type":"PostalAddress","streetAddress":"ZI La Lechere","addressLocality":"Patornay","postalCode":"39130","addressCountry":"FR"},"contactPoint":[{"@type":"ContactPoint","contactType":"Service client","telephone":"0384254272","email":"contact@csj-emballages.com"}]}]}},"df_price":1.26,"df_sale_price":"","df_regular_price":1.26,"df_image_link":"https:\/\/www.csj-emballages.com\/wp-content\/uploads\/2025\/10\/SACPPNOEL2025-300x300.webp","tiered_pricing_type":"fixed","tiered_pricing_fixed_rules":[],"tiered_pricing_percentage_rules":[],"tiered_pricing_minimum":1,"tiered_pricing_roles_data":[],"_links":{"self":[{"href":"https:\/\/www.csj-emballages.com\/pt-pt\/wp-json\/wp\/v2\/product\/251236","targetHints":{"allow":["GET"]}}],"collection":[{"href":"https:\/\/www.csj-emballages.com\/pt-pt\/wp-json\/wp\/v2\/product"}],"about":[{"href":"https:\/\/www.csj-emballages.com\/pt-pt\/wp-json\/wp\/v2\/types\/product"}],"wp:featuredmedia":[{"embeddable":true,"href":"https:\/\/www.csj-emballages.com\/pt-pt\/wp-json\/wp\/v2\/media\/260665"}],"wp:attachment":[{"href":"https:\/\/www.csj-emballages.com\/pt-pt\/wp-json\/wp\/v2\/media?parent=251236"}],"wp:term":[{"taxonomy":"product_brand","embeddable":true,"href":"https:\/\/www.csj-emballages.com\/pt-pt\/wp-json\/wp\/v2\/product_brand?post=251236"},{"taxonomy":"product_cat","embeddable":true,"href":"https:\/\/www.csj-emballages.com\/pt-pt\/wp-json\/wp\/v2\/product_cat?post=251236"},{"taxonomy":"product_tag","embeddable":true,"href":"https:\/\/www.csj-emballages.com\/pt-pt\/wp-json\/wp\/v2\/product_tag?post=251236"}],"curies":[{"name":"wp","href":"https:\/\/api.w.org\/{rel}","templated":true}]}}