{"id":249261,"date":"2025-09-19T17:18:51","date_gmt":"2025-09-19T15:18:51","guid":{"rendered":"https:\/\/www.csj-emballages.com\/produit\/caixa-de-cartao-bordeaux-para-3-garrafas-com-pega-integrada-270-x-90-x-385-mm-embalagem-de-5\/"},"modified":"2026-04-18T02:11:30","modified_gmt":"2026-04-18T00:11:30","slug":"caixa-de-cartao-bordeaux-para-3-garrafas-com-pega-integrada-270-x-90-x-385-mm-embalagem-de-5","status":"publish","type":"product","link":"https:\/\/www.csj-emballages.com\/pt-pt\/produit\/caixa-de-cartao-bordeaux-para-3-garrafas-com-pega-integrada-270-x-90-x-385-mm-embalagem-de-5\/","title":{"rendered":"Caixa de cart\u00e3o Bordeaux para 3 garrafas com pega integrada 270 x 90 x 385 mm, embalagem de 5"},"content":{"rendered":"<h2 class=\"p1\">Caixa para garrafas Bordeaux<\/h2>\n<hr>\n<h3>Descri\u00e7\u00e3o da nossa caixa de cart\u00e3o Bordeaux para 3 garrafas com pega integrada 270 x 90 x 385 mm, embalagem de 5<\/h3>\n<p><!--more--><\/p>\n<p data-start=\"103\" data-end=\"557\">Ofere\u00e7a \u00e0s suas garrafas uma apresenta\u00e7\u00e3o elegante e profissional com este <strong data-start=\"181\" data-end=\"221\">estojo de cart\u00e3o para 3 garrafas bord\u00e9us<\/strong>. Gra\u00e7as ao seu <strong data-start=\"375\" data-end=\"409\">cart\u00e3o r\u00edgido<\/strong>, garante uma boa prote\u00e7\u00e3o durante o transporte, valorizando as garrafas nas suas prateleiras ou durante as suas vendas para levar.<\/p>\n<p data-start=\"559\" data-end=\"872\">Este <strong data-start=\"563\" data-end=\"593\">estojo com pega integrada<\/strong> \u00e9 ideal para garrafeiras, produtores de vinho ou mercearias finas que desejam oferecer aos seus clientes uma embalagem simultaneamente <strong data-start=\"730\" data-end=\"755\">funcional e cuidada<\/strong>. A <strong data-start=\"760\" data-end=\"780\">pega recortada<\/strong> diretamente no cart\u00e3o facilita o manuseamento, tornando o transporte simples e seguro.<\/p>\n<p data-start=\"874\" data-end=\"1154\">Da mesma forma, as <strong data-start=\"887\" data-end=\"909\">janelas recortadas<\/strong> n\u00e3o s\u00e3o apenas est\u00e9ticas: servem tamb\u00e9m de <strong data-start=\"973\" data-end=\"988\">separadores<\/strong> entre as garrafas, evitando qualquer choque durante a manipula\u00e7\u00e3o. Assim, cada garrafa permanece bem no lugar, para um resultado impec\u00e1vel at\u00e9 \u00e0 degusta\u00e7\u00e3o.<\/p>\n<p data-start=\"1156\" data-end=\"1483\">A sua <strong data-start=\"1159\" data-end=\"1188\">tonalidade bord\u00e9us elegante<\/strong> <strong data-start=\"1159\" data-end=\"1188\">e acolhedora<\/strong> valoriza o produto sem desviar a aten\u00e7\u00e3o, perfeito para conjuntos de presente, vendas de eventos ou mercados locais. O estojo \u00e9 entregue <strong data-start=\"1347\" data-end=\"1363\">em lote de 5<\/strong>, pr\u00e1tico para os profissionais que desejam gerir eficazmente os seus stocks sem sobrecarregar o seu espa\u00e7o de arruma\u00e7\u00e3o.<\/p>\n<p data-start=\"1485\" data-end=\"1738\">Em resumo, este <strong data-start=\"1500\" data-end=\"1552\">estojo para 3 garrafas bord\u00e9us com pega integrada<\/strong> \u00e9 a solu\u00e7\u00e3o ideal para combinar prote\u00e7\u00e3o, apresenta\u00e7\u00e3o e facilidade de transporte. Uma escolha inteligente para quem quer aliar eleg\u00e2ncia e praticidade no dia a dia.<\/p>\n<p data-start=\"1378\" data-end=\"1605\"><!--more--><\/p>\n<h4 data-start=\"1378\" data-end=\"1605\">Vantagens :<\/h4>\n<ul>\n<li data-start=\"1782\" data-end=\"1852\"><strong data-start=\"1782\" data-end=\"1812\">Cart\u00e3o r\u00edgido e resistente<\/strong>, ideal para proteger as garrafas.<\/li>\n<li data-start=\"1855\" data-end=\"1914\"><strong data-start=\"1855\" data-end=\"1875\">Pega integrada<\/strong> para um transporte f\u00e1cil e seguro.<\/li>\n<li data-start=\"1917\" data-end=\"1985\"><strong data-start=\"1917\" data-end=\"1939\">Janelas recortadas<\/strong> para separar as garrafas.<\/li>\n<li data-start=\"1988\" data-end=\"2060\"><strong data-start=\"1988\" data-end=\"2015\">Design quente e chique<\/strong>, ideal para presentes ou venda direta.<\/li>\n<li data-start=\"2063\" data-end=\"2125\"><strong data-start=\"2063\" data-end=\"2080\">Adequado para<\/strong> garrafas Bordeaux e Borgonha.<\/li>\n<li data-start=\"2128\" data-end=\"2185\"><strong data-start=\"2128\" data-end=\"2149\">Embalado em pacotes de 5 unidades<\/strong>, ideal para profissionais.<\/li>\n<\/ul>\n<p>&nbsp;<\/p>\n<p><!--more--><\/p>\n<h4>Outras informa\u00e7\u00f5es :<\/h4>\n<ul>\n<li><strong>Embalagem<\/strong>: Pacote de 5<\/li>\n<li><strong>Dimens\u00f5es<\/strong>: 270 x 90 x 385 mm<\/li>\n<li><strong>Material<\/strong>: Cart\u00e3o<\/li>\n<li><strong>Capacidade<\/strong>: 3 garrafas<\/li>\n<li><strong>Cor<\/strong>: Bordeaux<\/li>\n<\/ul>\n<p>&nbsp;<\/p>\n<p><!--more--><\/p>\n<p>Esta caixa Bordeaux para 3 garrafas est\u00e1 dispon\u00edvel em v\u00e1rias vers\u00f5es: <span style=\"color: #d12727;\"><a style=\"color: #d12727;\" href=\"https:\/\/www.csj-emballages.com\/produit\/etui-a-bouteille-bordeaux-carton-avec-poignee-90-x-90-x-384-mm-par-5\/\">1 garrafa<\/a><\/span> \/ <span style=\"color: #d12727;\"><a style=\"color: #d12727;\" href=\"https:\/\/www.csj-emballages.com\/pt-pt\/produit\/caixa-de-cartao-cor-de-vinho-para-2-garrafas-com-pega-integrada-180-x-90-x-385-mm-embalagem-de-5\/\">2 garrafas<\/a><\/span><\/p>\n<p>&nbsp;<\/p>\n<p><!--more--><\/p>\n<p>Veja todas as cores dispon\u00edveis para este estojo para 3 garrafas: <span style=\"color: #d12727;\"><a style=\"color: #d12727;\" href=\"https:\/\/www.csj-emballages.com\/pt-pt\/produit\/caixa-de-cartao-preta-para-3-garrafas-com-pega-integrada-270-x-90-x-385-mm-embalagem-de-5\/\">Preto<\/a><\/span><span style=\"color: #d12727;\"> <\/span>\/ <span style=\"color: #d12727;\"><a style=\"color: #d12727;\" href=\"https:\/\/www.csj-emballages.com\/pt-pt\/produit\/caixa-branca-para-3-garrafas-com-pega-integrada-270-x-90-x-385-mm-embalagem-de-5\/\">Branco<\/a> <\/span>\/ <span style=\"color: #d12727;\"><a style=\"color: #d12727;\" href=\"https:\/\/www.csj-emballages.com\/pt-pt\/produit\/caixa-de-cartao-verde-azeitona-para-3-garrafas-com-pega-integrada-270-x-90-x-385-mm-embalagem-de-5\/\">Verde azeitona<\/a> <\/span>\/ <span style=\"color: #d12727;\"><a style=\"color: #d12727;\" href=\"https:\/\/www.csj-emballages.com\/pt-pt\/produit\/caixa-de-cartao-para-3-garrafas-com-pega\/\">Kraft<\/a><\/span><\/p>\n<p>&nbsp;<\/p>\n<p><!--more--><\/p>\n<p><a href=\"https:\/\/www.csj-emballages.com\/pt-pt\/categorie-produit\/embalagem-de-alimentos\/loja-e-armazem\/sacos-saquetas\/sacos-para-garrafas\/\">Consulte o resto da nossa gama de sacos\/estojos para garrafas<\/a><\/p>\n","protected":false},"excerpt":{"rendered":"<p>Caixa para garrafas Bordeaux Descri\u00e7\u00e3o da nossa caixa de cart\u00e3o Bordeaux para 3 garrafas com pega integrada 270 x 90 x 385 mm, embalagem de 5<\/p>\n","protected":false},"featured_media":249257,"template":"","meta":{"_acf_changed":false},"product_brand":[],"product_cat":[1141,1482,3921,3419],"product_tag":[],"class_list":{"0":"post-249261","1":"product","2":"type-product","3":"status-publish","4":"has-post-thumbnail","6":"product_cat-embalagem-de-alimentos","7":"product_cat-loja-e-armazem","8":"product_cat-sacos-saquetas","9":"product_cat-sacos-para-garrafas","11":"first","12":"instock","13":"taxable","14":"shipping-taxable","15":"purchasable","16":"product-type-simple"},"acf":[],"yoast_head":"<!-- This site is optimized with the Yoast SEO Premium plugin v26.6 (Yoast SEO v26.6) - https:\/\/yoast.com\/wordpress\/plugins\/seo\/ -->\n<title>Caixa Bordeaux para 3 garrafas com pega 270 x 90 x 385 mm, embalagem de 5<\/title>\n<meta name=\"description\" content=\"Caixa de cart\u00e3o borgonha para 3 garrafas com pega integrada. Elegante, s\u00f3lida e recicl\u00e1vel, perfeita para garrafas Bordeaux ou Borgonha.\" \/>\n<meta name=\"robots\" content=\"index, follow, max-snippet:-1, max-image-preview:large, max-video-preview:-1\" \/>\n<link rel=\"canonical\" href=\"https:\/\/www.csj-emballages.com\/pt-pt\/produit\/caixa-de-cartao-bordeaux-para-3-garrafas-com-pega-integrada-270-x-90-x-385-mm-embalagem-de-5\/\" \/>\n<meta property=\"og:locale\" content=\"pt_PT\" \/>\n<meta property=\"og:type\" content=\"article\" \/>\n<meta property=\"og:title\" content=\"Caixa de cart\u00e3o Bordeaux para 3 garrafas com pega integrada 270 x 90 x 385 mm, embalagem de 5\" \/>\n<meta property=\"og:description\" content=\"Caixa de cart\u00e3o borgonha para 3 garrafas com pega integrada. Elegante, s\u00f3lida e recicl\u00e1vel, perfeita para garrafas Bordeaux ou Borgonha.\" \/>\n<meta property=\"og:url\" content=\"https:\/\/www.csj-emballages.com\/pt-pt\/produit\/caixa-de-cartao-bordeaux-para-3-garrafas-com-pega-integrada-270-x-90-x-385-mm-embalagem-de-5\/\" \/>\n<meta property=\"og:site_name\" content=\"CSJ Emballages\" \/>\n<meta property=\"article:publisher\" content=\"https:\/\/www.facebook.com\/csjemballages\" \/>\n<meta property=\"article:modified_time\" content=\"2026-04-18T00:11:30+00:00\" \/>\n<meta property=\"og:image\" content=\"https:\/\/www.csj-emballages.com\/wp-content\/uploads\/2025\/09\/136987.webp\" \/>\n\t<meta property=\"og:image:width\" content=\"800\" \/>\n\t<meta property=\"og:image:height\" content=\"800\" \/>\n\t<meta property=\"og:image:type\" content=\"image\/webp\" \/>\n<meta name=\"twitter:card\" content=\"summary_large_image\" \/>\n<meta name=\"twitter:label1\" content=\"Tempo estimado de leitura\" \/>\n\t<meta name=\"twitter:data1\" content=\"2 minutos\" \/>\n<script type=\"application\/ld+json\" class=\"yoast-schema-graph\">{\"@context\":\"https:\/\/schema.org\",\"@graph\":[{\"@type\":\"WebPage\",\"@id\":\"https:\/\/www.csj-emballages.com\/pt-pt\/produit\/caixa-de-cartao-bordeaux-para-3-garrafas-com-pega-integrada-270-x-90-x-385-mm-embalagem-de-5\/\",\"url\":\"https:\/\/www.csj-emballages.com\/pt-pt\/produit\/caixa-de-cartao-bordeaux-para-3-garrafas-com-pega-integrada-270-x-90-x-385-mm-embalagem-de-5\/\",\"name\":\"Caixa Bordeaux para 3 garrafas com pega 270 x 90 x 385 mm, embalagem de 5\",\"isPartOf\":{\"@id\":\"https:\/\/www.csj-emballages.com\/pt-pt\/#website\"},\"primaryImageOfPage\":{\"@id\":\"https:\/\/www.csj-emballages.com\/pt-pt\/produit\/caixa-de-cartao-bordeaux-para-3-garrafas-com-pega-integrada-270-x-90-x-385-mm-embalagem-de-5\/#primaryimage\"},\"image\":{\"@id\":\"https:\/\/www.csj-emballages.com\/pt-pt\/produit\/caixa-de-cartao-bordeaux-para-3-garrafas-com-pega-integrada-270-x-90-x-385-mm-embalagem-de-5\/#primaryimage\"},\"thumbnailUrl\":\"https:\/\/www.csj-emballages.com\/wp-content\/uploads\/2025\/09\/136987.webp\",\"datePublished\":\"2025-09-19T15:18:51+00:00\",\"dateModified\":\"2026-04-18T00:11:30+00:00\",\"description\":\"Caixa de cart\u00e3o borgonha para 3 garrafas com pega integrada. Elegante, s\u00f3lida e recicl\u00e1vel, perfeita para garrafas Bordeaux ou Borgonha.\",\"breadcrumb\":{\"@id\":\"https:\/\/www.csj-emballages.com\/pt-pt\/produit\/caixa-de-cartao-bordeaux-para-3-garrafas-com-pega-integrada-270-x-90-x-385-mm-embalagem-de-5\/#breadcrumb\"},\"inLanguage\":\"pt-PT\",\"potentialAction\":[{\"@type\":\"ReadAction\",\"target\":[\"https:\/\/www.csj-emballages.com\/pt-pt\/produit\/caixa-de-cartao-bordeaux-para-3-garrafas-com-pega-integrada-270-x-90-x-385-mm-embalagem-de-5\/\"]}]},{\"@type\":\"ImageObject\",\"inLanguage\":\"pt-PT\",\"@id\":\"https:\/\/www.csj-emballages.com\/pt-pt\/produit\/caixa-de-cartao-bordeaux-para-3-garrafas-com-pega-integrada-270-x-90-x-385-mm-embalagem-de-5\/#primaryimage\",\"url\":\"https:\/\/www.csj-emballages.com\/wp-content\/uploads\/2025\/09\/136987.webp\",\"contentUrl\":\"https:\/\/www.csj-emballages.com\/wp-content\/uploads\/2025\/09\/136987.webp\",\"width\":800,\"height\":800,\"caption\":\"\u00c9tui 3 bouteilles bordeaux\"},{\"@type\":\"BreadcrumbList\",\"@id\":\"https:\/\/www.csj-emballages.com\/pt-pt\/produit\/caixa-de-cartao-bordeaux-para-3-garrafas-com-pega-integrada-270-x-90-x-385-mm-embalagem-de-5\/#breadcrumb\",\"itemListElement\":[{\"@type\":\"ListItem\",\"position\":1,\"name\":\"Acolhimento\",\"item\":\"https:\/\/www.csj-emballages.com\/pt-pt\/universo-das-embalagens-alimentares\/\"},{\"@type\":\"ListItem\",\"position\":2,\"name\":\"Shop\",\"item\":\"https:\/\/www.csj-emballages.com\/shop\/\"},{\"@type\":\"ListItem\",\"position\":3,\"name\":\"Caixa de cart\u00e3o Bordeaux para 3 garrafas com pega integrada 270 x 90 x 385 mm, embalagem de 5\"}]},{\"@type\":\"WebSite\",\"@id\":\"https:\/\/www.csj-emballages.com\/pt-pt\/#website\",\"url\":\"https:\/\/www.csj-emballages.com\/pt-pt\/\",\"name\":\"CSJ Emballages\",\"description\":\"\",\"publisher\":{\"@id\":\"https:\/\/www.csj-emballages.com\/pt-pt\/#organization\"},\"potentialAction\":[{\"@type\":\"SearchAction\",\"target\":{\"@type\":\"EntryPoint\",\"urlTemplate\":\"https:\/\/www.csj-emballages.com\/pt-pt\/?s={search_term_string}\"},\"query-input\":{\"@type\":\"PropertyValueSpecification\",\"valueRequired\":true,\"valueName\":\"search_term_string\"}}],\"inLanguage\":\"pt-PT\"},{\"@type\":\"Organization\",\"@id\":\"https:\/\/www.csj-emballages.com\/pt-pt\/#Organization\/\",\"name\":\"CSJ Emballages\",\"url\":\"https:\/\/www.csj-emballages.com\/pt-pt\/\",\"logo\":{\"@type\":\"ImageObject\",\"inLanguage\":\"pt-PT\",\"@id\":\"https:\/\/www.csj-emballages.com\/pt-pt\/#\/schema\/logo\/image\/\",\"url\":\"https:\/\/www.csj-emballages.com\/wp-content\/uploads\/2023\/10\/logo_csj.webp\",\"contentUrl\":\"https:\/\/www.csj-emballages.com\/wp-content\/uploads\/2023\/10\/logo_csj.webp\",\"width\":250,\"height\":95,\"caption\":\"CSJ Emballages\"},\"image\":{\"@id\":\"https:\/\/www.csj-emballages.com\/pt-pt\/#\/schema\/logo\/image\/\"},\"sameAs\":[\"https:\/\/www.facebook.com\/csjemballages\"],\"address\":{\"@type\":\"PostalAddress\",\"streetAddress\":\"ZI La Lechere\",\"addressLocality\":\"Patornay\",\"postalCode\":\"39130\",\"addressCountry\":\"FR\"},\"contactPoint\":[{\"@type\":\"ContactPoint\",\"contactType\":\"Service client\",\"telephone\":\"0384254272\",\"email\":\"contact@csj-emballages.com\"}]}]}<\/script>\n<!-- \/ Yoast SEO Premium plugin. -->","yoast_head_json":{"title":"Caixa Bordeaux para 3 garrafas com pega 270 x 90 x 385 mm, embalagem de 5","description":"Caixa de cart\u00e3o borgonha para 3 garrafas com pega integrada. Elegante, s\u00f3lida e recicl\u00e1vel, perfeita para garrafas Bordeaux ou Borgonha.","robots":{"index":"index","follow":"follow","max-snippet":"max-snippet:-1","max-image-preview":"max-image-preview:large","max-video-preview":"max-video-preview:-1"},"canonical":"https:\/\/www.csj-emballages.com\/pt-pt\/produit\/caixa-de-cartao-bordeaux-para-3-garrafas-com-pega-integrada-270-x-90-x-385-mm-embalagem-de-5\/","og_locale":"pt_PT","og_type":"article","og_title":"Caixa de cart\u00e3o Bordeaux para 3 garrafas com pega integrada 270 x 90 x 385 mm, embalagem de 5","og_description":"Caixa de cart\u00e3o borgonha para 3 garrafas com pega integrada. Elegante, s\u00f3lida e recicl\u00e1vel, perfeita para garrafas Bordeaux ou Borgonha.","og_url":"https:\/\/www.csj-emballages.com\/pt-pt\/produit\/caixa-de-cartao-bordeaux-para-3-garrafas-com-pega-integrada-270-x-90-x-385-mm-embalagem-de-5\/","og_site_name":"CSJ Emballages","article_publisher":"https:\/\/www.facebook.com\/csjemballages","article_modified_time":"2026-04-18T00:11:30+00:00","og_image":[{"width":800,"height":800,"url":"https:\/\/www.csj-emballages.com\/wp-content\/uploads\/2025\/09\/136987.webp","type":"image\/webp"}],"twitter_card":"summary_large_image","twitter_misc":{"Tempo estimado de leitura":"2 minutos"},"schema":{"@context":"https:\/\/schema.org","@graph":[{"@type":"WebPage","@id":"https:\/\/www.csj-emballages.com\/pt-pt\/produit\/caixa-de-cartao-bordeaux-para-3-garrafas-com-pega-integrada-270-x-90-x-385-mm-embalagem-de-5\/","url":"https:\/\/www.csj-emballages.com\/pt-pt\/produit\/caixa-de-cartao-bordeaux-para-3-garrafas-com-pega-integrada-270-x-90-x-385-mm-embalagem-de-5\/","name":"Caixa Bordeaux para 3 garrafas com pega 270 x 90 x 385 mm, embalagem de 5","isPartOf":{"@id":"https:\/\/www.csj-emballages.com\/pt-pt\/#website"},"primaryImageOfPage":{"@id":"https:\/\/www.csj-emballages.com\/pt-pt\/produit\/caixa-de-cartao-bordeaux-para-3-garrafas-com-pega-integrada-270-x-90-x-385-mm-embalagem-de-5\/#primaryimage"},"image":{"@id":"https:\/\/www.csj-emballages.com\/pt-pt\/produit\/caixa-de-cartao-bordeaux-para-3-garrafas-com-pega-integrada-270-x-90-x-385-mm-embalagem-de-5\/#primaryimage"},"thumbnailUrl":"https:\/\/www.csj-emballages.com\/wp-content\/uploads\/2025\/09\/136987.webp","datePublished":"2025-09-19T15:18:51+00:00","dateModified":"2026-04-18T00:11:30+00:00","description":"Caixa de cart\u00e3o borgonha para 3 garrafas com pega integrada. Elegante, s\u00f3lida e recicl\u00e1vel, perfeita para garrafas Bordeaux ou Borgonha.","breadcrumb":{"@id":"https:\/\/www.csj-emballages.com\/pt-pt\/produit\/caixa-de-cartao-bordeaux-para-3-garrafas-com-pega-integrada-270-x-90-x-385-mm-embalagem-de-5\/#breadcrumb"},"inLanguage":"pt-PT","potentialAction":[{"@type":"ReadAction","target":["https:\/\/www.csj-emballages.com\/pt-pt\/produit\/caixa-de-cartao-bordeaux-para-3-garrafas-com-pega-integrada-270-x-90-x-385-mm-embalagem-de-5\/"]}]},{"@type":"ImageObject","inLanguage":"pt-PT","@id":"https:\/\/www.csj-emballages.com\/pt-pt\/produit\/caixa-de-cartao-bordeaux-para-3-garrafas-com-pega-integrada-270-x-90-x-385-mm-embalagem-de-5\/#primaryimage","url":"https:\/\/www.csj-emballages.com\/wp-content\/uploads\/2025\/09\/136987.webp","contentUrl":"https:\/\/www.csj-emballages.com\/wp-content\/uploads\/2025\/09\/136987.webp","width":800,"height":800,"caption":"\u00c9tui 3 bouteilles bordeaux"},{"@type":"BreadcrumbList","@id":"https:\/\/www.csj-emballages.com\/pt-pt\/produit\/caixa-de-cartao-bordeaux-para-3-garrafas-com-pega-integrada-270-x-90-x-385-mm-embalagem-de-5\/#breadcrumb","itemListElement":[{"@type":"ListItem","position":1,"name":"Acolhimento","item":"https:\/\/www.csj-emballages.com\/pt-pt\/universo-das-embalagens-alimentares\/"},{"@type":"ListItem","position":2,"name":"Shop","item":"https:\/\/www.csj-emballages.com\/shop\/"},{"@type":"ListItem","position":3,"name":"Caixa de cart\u00e3o Bordeaux para 3 garrafas com pega integrada 270 x 90 x 385 mm, embalagem de 5"}]},{"@type":"WebSite","@id":"https:\/\/www.csj-emballages.com\/pt-pt\/#website","url":"https:\/\/www.csj-emballages.com\/pt-pt\/","name":"CSJ Emballages","description":"","publisher":{"@id":"https:\/\/www.csj-emballages.com\/pt-pt\/#organization"},"potentialAction":[{"@type":"SearchAction","target":{"@type":"EntryPoint","urlTemplate":"https:\/\/www.csj-emballages.com\/pt-pt\/?s={search_term_string}"},"query-input":{"@type":"PropertyValueSpecification","valueRequired":true,"valueName":"search_term_string"}}],"inLanguage":"pt-PT"},{"@type":"Organization","@id":"https:\/\/www.csj-emballages.com\/pt-pt\/#Organization\/","name":"CSJ Emballages","url":"https:\/\/www.csj-emballages.com\/pt-pt\/","logo":{"@type":"ImageObject","inLanguage":"pt-PT","@id":"https:\/\/www.csj-emballages.com\/pt-pt\/#\/schema\/logo\/image\/","url":"https:\/\/www.csj-emballages.com\/wp-content\/uploads\/2023\/10\/logo_csj.webp","contentUrl":"https:\/\/www.csj-emballages.com\/wp-content\/uploads\/2023\/10\/logo_csj.webp","width":250,"height":95,"caption":"CSJ Emballages"},"image":{"@id":"https:\/\/www.csj-emballages.com\/pt-pt\/#\/schema\/logo\/image\/"},"sameAs":["https:\/\/www.facebook.com\/csjemballages"],"address":{"@type":"PostalAddress","streetAddress":"ZI La Lechere","addressLocality":"Patornay","postalCode":"39130","addressCountry":"FR"},"contactPoint":[{"@type":"ContactPoint","contactType":"Service client","telephone":"0384254272","email":"contact@csj-emballages.com"}]}]}},"df_price":8.29,"df_sale_price":"","df_regular_price":8.29,"df_image_link":"https:\/\/www.csj-emballages.com\/wp-content\/uploads\/2025\/09\/136987-300x300.webp","tiered_pricing_type":"fixed","tiered_pricing_fixed_rules":[],"tiered_pricing_percentage_rules":[],"tiered_pricing_minimum":1,"tiered_pricing_roles_data":[],"_links":{"self":[{"href":"https:\/\/www.csj-emballages.com\/pt-pt\/wp-json\/wp\/v2\/product\/249261","targetHints":{"allow":["GET"]}}],"collection":[{"href":"https:\/\/www.csj-emballages.com\/pt-pt\/wp-json\/wp\/v2\/product"}],"about":[{"href":"https:\/\/www.csj-emballages.com\/pt-pt\/wp-json\/wp\/v2\/types\/product"}],"wp:featuredmedia":[{"embeddable":true,"href":"https:\/\/www.csj-emballages.com\/pt-pt\/wp-json\/wp\/v2\/media\/249257"}],"wp:attachment":[{"href":"https:\/\/www.csj-emballages.com\/pt-pt\/wp-json\/wp\/v2\/media?parent=249261"}],"wp:term":[{"taxonomy":"product_brand","embeddable":true,"href":"https:\/\/www.csj-emballages.com\/pt-pt\/wp-json\/wp\/v2\/product_brand?post=249261"},{"taxonomy":"product_cat","embeddable":true,"href":"https:\/\/www.csj-emballages.com\/pt-pt\/wp-json\/wp\/v2\/product_cat?post=249261"},{"taxonomy":"product_tag","embeddable":true,"href":"https:\/\/www.csj-emballages.com\/pt-pt\/wp-json\/wp\/v2\/product_tag?post=249261"}],"curies":[{"name":"wp","href":"https:\/\/api.w.org\/{rel}","templated":true}]}}