{"id":249158,"date":"2025-09-19T17:18:22","date_gmt":"2025-09-19T15:18:22","guid":{"rendered":"https:\/\/www.csj-emballages.com\/produit\/caixa-de-cartao-branca-para-2-garrafas-com-pega-integrada-180-x-90-x-385-mm-embalagem-de-5\/"},"modified":"2026-04-18T02:11:11","modified_gmt":"2026-04-18T00:11:11","slug":"caixa-de-cartao-branca-para-2-garrafas-com-pega-integrada-180-x-90-x-385-mm-embalagem-de-5","status":"publish","type":"product","link":"https:\/\/www.csj-emballages.com\/pt-pt\/produit\/caixa-de-cartao-branca-para-2-garrafas-com-pega-integrada-180-x-90-x-385-mm-embalagem-de-5\/","title":{"rendered":"Caixa de cart\u00e3o branca para 2 garrafas com pega integrada 180 x 90 x 385 mm, embalagem de 5"},"content":{"rendered":"<h2 class=\"p1\">Caixa branca para 2 garrafas<\/h2>\n<hr>\n<h3>Descri\u00e7\u00e3o da nossa caixa de cart\u00e3o branca para 2 garrafas com pega integrada 180 x 90 x 385 mm, embalagem de 5<\/h3>\n<p><!--more--><\/p>\n<p data-start=\"183\" data-end=\"730\">Ofere\u00e7a uma <strong>apresenta\u00e7\u00e3o<\/strong> <strong data-start=\"194\" data-end=\"231\">elegante<\/strong> \u00e0s suas garrafas com este <strong data-start=\"261\" data-end=\"298\">estojo de cart\u00e3o branco para 2 garrafas<\/strong>. Fabricado em <strong data-start=\"455\" data-end=\"486\">cart\u00e3o plastificado de qualidade<\/strong>, garante uma excelente <strong data-start=\"515\" data-end=\"550\">prote\u00e7\u00e3o durante o transporte<\/strong>, valorizando simultaneamente os seus produtos. Gra\u00e7as \u00e0 sua <strong data-start=\"602\" data-end=\"622\">asa integrada<\/strong>, transporta-se facilmente, sem risco de deslizamento ou rutura, mesmo quando o conte\u00fado \u00e9 pesado.<\/p>\n<p data-start=\"732\" data-end=\"1134\">Da mesma forma, as suas <strong data-start=\"745\" data-end=\"767\">janelas recortadas<\/strong> n\u00e3o servem apenas para o design: funcionam como <strong data-start=\"832\" data-end=\"847\">separadores<\/strong>, evitando que as garrafas se choquem umas contra as outras. \u00c9 um detalhe inteligente que alia <strong data-start=\"928\" data-end=\"972\">seguran\u00e7a e apresenta\u00e7\u00e3o profissional<\/strong>. Este <strong>estojo para 2 garrafas<\/strong> \u00e9 ideal para <strong data-start=\"1004\" data-end=\"1016\">garrafeiras<\/strong>, <strong data-start=\"1018\" data-end=\"1040\">produtores de vinho<\/strong>, <strong data-start=\"1042\" data-end=\"1061\">lojas gourmet<\/strong> ou mesmo <strong data-start=\"1072\" data-end=\"1123\">empresas que pretendem oferecer um presente requintado<\/strong>.<\/p>\n<p data-start=\"1136\" data-end=\"1464\">Outra vantagem \u00e9 a sua <strong data-start=\"1152\" data-end=\"1171\">cor branca<\/strong>, s\u00f3bria e moderna, que confere um toque de <strong data-start=\"1211\" data-end=\"1237\">requinte intemporal<\/strong>, permitindo a aplica\u00e7\u00e3o do seu <strong data-start=\"1281\" data-end=\"1322\">log\u00f3tipo, etiqueta ou fita personalizada<\/strong>. Seja para um evento, uma venda numa loja ou uma encomenda especial, esta embalagem destacar\u00e1 as suas garrafas com eleg\u00e2ncia.<\/p>\n<p data-start=\"1466\" data-end=\"1599\">Em suma, este <strong data-start=\"1480\" data-end=\"1501\">estojo para 2 garrafas<\/strong> \u00e9 a solu\u00e7\u00e3o perfeita para combinar <strong data-start=\"1539\" data-end=\"1553\">prote\u00e7\u00e3o<\/strong>, <strong data-start=\"1555\" data-end=\"1568\">praticidade<\/strong> e <strong data-start=\"1572\" data-end=\"1596\">apresenta\u00e7\u00e3o impec\u00e1vel<\/strong>.<\/p>\n<p data-start=\"1378\" data-end=\"1605\"><!--more--><\/p>\n<h4 data-start=\"1378\" data-end=\"1605\">Vantagens :<\/h4>\n<ul>\n<li data-start=\"1646\" data-end=\"1707\"><strong data-start=\"1648\" data-end=\"1668\">Pega integrada<\/strong> para um transporte f\u00e1cil e seguro<\/li>\n<li data-start=\"1710\" data-end=\"1779\"><strong data-start=\"1712\" data-end=\"1737\">Janelas de separa\u00e7\u00e3o<\/strong> para evitar o contacto entre garrafas<\/li>\n<li data-start=\"1782\" data-end=\"1840\"><strong data-start=\"1784\" data-end=\"1812\">Cart\u00e3o revestido a pl\u00e1stico, robusto<\/strong> e resistente \u00e0 humidade<\/li>\n<li data-start=\"1843\" data-end=\"1906\"><strong data-start=\"1845\" data-end=\"1869\">Design elegante em branco<\/strong>, personaliz\u00e1vel de acordo com as suas necessidades<\/li>\n<li data-start=\"1909\" data-end=\"1966\">Adequado para <strong data-start=\"1922\" data-end=\"1964\">garrafas Bordeaux e Borgonha<\/strong>.<\/li>\n<\/ul>\n<p>&nbsp;<\/p>\n<p><!--more--><\/p>\n<h4>Outras informa\u00e7\u00f5es :<\/h4>\n<ul>\n<li><strong>Embalagem<\/strong>: Pacote de 5<\/li>\n<li><strong>Dimens\u00f5es<\/strong>: 180 x 90 x 385 mm<\/li>\n<li><strong>Material<\/strong>: Cart\u00e3o<\/li>\n<li><strong>Capacidade<\/strong>: 2 garrafas<\/li>\n<li><strong>Cor<\/strong>: Branco<\/li>\n<\/ul>\n<p>&nbsp;<\/p>\n<p><!--more--><\/p>\n<p>Esta caixa branca para 2 garrafas est\u00e1 dispon\u00edvel em v\u00e1rias vers\u00f5es: <span style=\"color: #d12727;\"><a style=\"color: #d12727;\" href=\"https:\/\/www.csj-emballages.com\/produit\/etui-a-bouteille-blanc-carton-avec-poignee-integree-90-x-90-x-384-mm-par-5\/\">1 garrafa<\/a><\/span> \/ <span style=\"color: #d12727;\"><a style=\"color: #d12727;\" href=\"https:\/\/www.csj-emballages.com\/en\/produit\/3-bottle-case-white-with-integrated-handle-270-x-90-x-385-mm-pack-of-5\/\">3 garrafas<\/a><\/span><\/p>\n<p>&nbsp;<\/p>\n<p><!--more--><\/p>\n<p>Descubra todas as cores dispon\u00edveis para esta caixa de 2 garrafas aqui: <span style=\"color: #d12727;\"><a style=\"color: #d12727;\" href=\"https:\/\/www.csj-emballages.com\/es\/produit\/estuche-de-carton-para-2-botellas-con-asa\/\">Kraft<\/a> <\/span>\/ <span style=\"color: #d12727;\"><a style=\"color: #d12727;\" href=\"https:\/\/www.csj-emballages.com\/en\/produit\/2-bottle-case-black-cardboard-with-integrated-handle-180-x-90-x-385-mm-pack-of-5\/\">preto<\/a> <span style=\"color: #000000;\">\/<\/span> <a style=\"color: #d12727;\" href=\"https:\/\/www.csj-emballages.com\/es\/produit\/estuche-de-carton-verde-oliva-de-2-botellas-con-asa-integrada-180-x-90-x-385-mm-paquete-de-5\/\">Verde azeitona<\/a> <span style=\"color: #000000;\">\/<\/span> <a style=\"color: #d12727;\" href=\"https:\/\/www.csj-emballages.com\/es\/produit\/estuche-de-carton-burdeos-de-2-botellas-con-asa-integrada-180-x-90-x-385-mm-paquete-de-5\/\">Bordeaux<\/a> <\/span> <\/p>\n<p>&nbsp;<\/p>\n<p><!--more--><\/p>\n<p><a href=\"https:\/\/www.csj-emballages.com\/pt-pt\/categorie-produit\/embalagem-de-alimentos\/loja-e-armazem\/sacos-saquetas\/sacos-para-garrafas\/\">Consulte o resto da nossa gama de sacos\/estojos para garrafas<\/a><\/p>\n","protected":false},"excerpt":{"rendered":"<p>Caixa branca para 2 garrafas Descri\u00e7\u00e3o da nossa caixa de cart\u00e3o branca para 2 garrafas com pega integrada 180 x 90 x 385 mm, embalagem de 5<\/p>\n","protected":false},"featured_media":249154,"template":"","meta":{"_acf_changed":false},"product_brand":[],"product_cat":[1141,1482,3921,3419],"product_tag":[],"class_list":{"0":"post-249158","1":"product","2":"type-product","3":"status-publish","4":"has-post-thumbnail","6":"product_cat-embalagem-de-alimentos","7":"product_cat-loja-e-armazem","8":"product_cat-sacos-saquetas","9":"product_cat-sacos-para-garrafas","11":"first","12":"instock","13":"taxable","14":"shipping-taxable","15":"purchasable","16":"product-type-simple"},"acf":[],"yoast_head":"<!-- This site is optimized with the Yoast SEO Premium plugin v26.6 (Yoast SEO v26.6) - https:\/\/yoast.com\/wordpress\/plugins\/seo\/ -->\n<title>Caixa branca para 2 garrafas com pega integrada 180 x 90 x 385 mm<\/title>\n<meta name=\"description\" content=\"Caixa de cart\u00e3o branco para 2 garrafas com pega integrada. Robusta, elegante e pr\u00e1tica para Bordeaux ou Borgonha. Ideal para prendas e transporte.\" \/>\n<meta name=\"robots\" content=\"index, follow, max-snippet:-1, max-image-preview:large, max-video-preview:-1\" \/>\n<link rel=\"canonical\" href=\"https:\/\/www.csj-emballages.com\/pt-pt\/produit\/caixa-de-cartao-branca-para-2-garrafas-com-pega-integrada-180-x-90-x-385-mm-embalagem-de-5\/\" \/>\n<meta property=\"og:locale\" content=\"pt_PT\" \/>\n<meta property=\"og:type\" content=\"article\" \/>\n<meta property=\"og:title\" content=\"Caixa de cart\u00e3o branca para 2 garrafas com pega integrada 180 x 90 x 385 mm, embalagem de 5\" \/>\n<meta property=\"og:description\" content=\"Caixa de cart\u00e3o branco para 2 garrafas com pega integrada. Robusta, elegante e pr\u00e1tica para Bordeaux ou Borgonha. Ideal para prendas e transporte.\" \/>\n<meta property=\"og:url\" content=\"https:\/\/www.csj-emballages.com\/pt-pt\/produit\/caixa-de-cartao-branca-para-2-garrafas-com-pega-integrada-180-x-90-x-385-mm-embalagem-de-5\/\" \/>\n<meta property=\"og:site_name\" content=\"CSJ Emballages\" \/>\n<meta property=\"article:publisher\" content=\"https:\/\/www.facebook.com\/csjemballages\" \/>\n<meta property=\"article:modified_time\" content=\"2026-04-18T00:11:11+00:00\" \/>\n<meta property=\"og:image\" content=\"https:\/\/www.csj-emballages.com\/wp-content\/uploads\/2025\/09\/119245.webp\" \/>\n\t<meta property=\"og:image:width\" content=\"800\" \/>\n\t<meta property=\"og:image:height\" content=\"800\" \/>\n\t<meta property=\"og:image:type\" content=\"image\/webp\" \/>\n<meta name=\"twitter:card\" content=\"summary_large_image\" \/>\n<meta name=\"twitter:label1\" content=\"Tempo estimado de leitura\" \/>\n\t<meta name=\"twitter:data1\" content=\"2 minutos\" \/>\n<script type=\"application\/ld+json\" class=\"yoast-schema-graph\">{\"@context\":\"https:\/\/schema.org\",\"@graph\":[{\"@type\":\"WebPage\",\"@id\":\"https:\/\/www.csj-emballages.com\/pt-pt\/produit\/caixa-de-cartao-branca-para-2-garrafas-com-pega-integrada-180-x-90-x-385-mm-embalagem-de-5\/\",\"url\":\"https:\/\/www.csj-emballages.com\/pt-pt\/produit\/caixa-de-cartao-branca-para-2-garrafas-com-pega-integrada-180-x-90-x-385-mm-embalagem-de-5\/\",\"name\":\"Caixa branca para 2 garrafas com pega integrada 180 x 90 x 385 mm\",\"isPartOf\":{\"@id\":\"https:\/\/www.csj-emballages.com\/pt-pt\/#website\"},\"primaryImageOfPage\":{\"@id\":\"https:\/\/www.csj-emballages.com\/pt-pt\/produit\/caixa-de-cartao-branca-para-2-garrafas-com-pega-integrada-180-x-90-x-385-mm-embalagem-de-5\/#primaryimage\"},\"image\":{\"@id\":\"https:\/\/www.csj-emballages.com\/pt-pt\/produit\/caixa-de-cartao-branca-para-2-garrafas-com-pega-integrada-180-x-90-x-385-mm-embalagem-de-5\/#primaryimage\"},\"thumbnailUrl\":\"https:\/\/www.csj-emballages.com\/wp-content\/uploads\/2025\/09\/119245.webp\",\"datePublished\":\"2025-09-19T15:18:22+00:00\",\"dateModified\":\"2026-04-18T00:11:11+00:00\",\"description\":\"Caixa de cart\u00e3o branco para 2 garrafas com pega integrada. Robusta, elegante e pr\u00e1tica para Bordeaux ou Borgonha. Ideal para prendas e transporte.\",\"breadcrumb\":{\"@id\":\"https:\/\/www.csj-emballages.com\/pt-pt\/produit\/caixa-de-cartao-branca-para-2-garrafas-com-pega-integrada-180-x-90-x-385-mm-embalagem-de-5\/#breadcrumb\"},\"inLanguage\":\"pt-PT\",\"potentialAction\":[{\"@type\":\"ReadAction\",\"target\":[\"https:\/\/www.csj-emballages.com\/pt-pt\/produit\/caixa-de-cartao-branca-para-2-garrafas-com-pega-integrada-180-x-90-x-385-mm-embalagem-de-5\/\"]}]},{\"@type\":\"ImageObject\",\"inLanguage\":\"pt-PT\",\"@id\":\"https:\/\/www.csj-emballages.com\/pt-pt\/produit\/caixa-de-cartao-branca-para-2-garrafas-com-pega-integrada-180-x-90-x-385-mm-embalagem-de-5\/#primaryimage\",\"url\":\"https:\/\/www.csj-emballages.com\/wp-content\/uploads\/2025\/09\/119245.webp\",\"contentUrl\":\"https:\/\/www.csj-emballages.com\/wp-content\/uploads\/2025\/09\/119245.webp\",\"width\":800,\"height\":800,\"caption\":\"\u00c9tui 2 bouteilles blanc\"},{\"@type\":\"BreadcrumbList\",\"@id\":\"https:\/\/www.csj-emballages.com\/pt-pt\/produit\/caixa-de-cartao-branca-para-2-garrafas-com-pega-integrada-180-x-90-x-385-mm-embalagem-de-5\/#breadcrumb\",\"itemListElement\":[{\"@type\":\"ListItem\",\"position\":1,\"name\":\"Acolhimento\",\"item\":\"https:\/\/www.csj-emballages.com\/pt-pt\/universo-das-embalagens-alimentares\/\"},{\"@type\":\"ListItem\",\"position\":2,\"name\":\"Shop\",\"item\":\"https:\/\/www.csj-emballages.com\/shop\/\"},{\"@type\":\"ListItem\",\"position\":3,\"name\":\"Caixa de cart\u00e3o branca para 2 garrafas com pega integrada 180 x 90 x 385 mm, embalagem de 5\"}]},{\"@type\":\"WebSite\",\"@id\":\"https:\/\/www.csj-emballages.com\/pt-pt\/#website\",\"url\":\"https:\/\/www.csj-emballages.com\/pt-pt\/\",\"name\":\"CSJ Emballages\",\"description\":\"\",\"publisher\":{\"@id\":\"https:\/\/www.csj-emballages.com\/pt-pt\/#organization\"},\"potentialAction\":[{\"@type\":\"SearchAction\",\"target\":{\"@type\":\"EntryPoint\",\"urlTemplate\":\"https:\/\/www.csj-emballages.com\/pt-pt\/?s={search_term_string}\"},\"query-input\":{\"@type\":\"PropertyValueSpecification\",\"valueRequired\":true,\"valueName\":\"search_term_string\"}}],\"inLanguage\":\"pt-PT\"},{\"@type\":\"Organization\",\"@id\":\"https:\/\/www.csj-emballages.com\/pt-pt\/#Organization\/\",\"name\":\"CSJ Emballages\",\"url\":\"https:\/\/www.csj-emballages.com\/pt-pt\/\",\"logo\":{\"@type\":\"ImageObject\",\"inLanguage\":\"pt-PT\",\"@id\":\"https:\/\/www.csj-emballages.com\/pt-pt\/#\/schema\/logo\/image\/\",\"url\":\"https:\/\/www.csj-emballages.com\/wp-content\/uploads\/2023\/10\/logo_csj.webp\",\"contentUrl\":\"https:\/\/www.csj-emballages.com\/wp-content\/uploads\/2023\/10\/logo_csj.webp\",\"width\":250,\"height\":95,\"caption\":\"CSJ Emballages\"},\"image\":{\"@id\":\"https:\/\/www.csj-emballages.com\/pt-pt\/#\/schema\/logo\/image\/\"},\"sameAs\":[\"https:\/\/www.facebook.com\/csjemballages\"],\"address\":{\"@type\":\"PostalAddress\",\"streetAddress\":\"ZI La Lechere\",\"addressLocality\":\"Patornay\",\"postalCode\":\"39130\",\"addressCountry\":\"FR\"},\"contactPoint\":[{\"@type\":\"ContactPoint\",\"contactType\":\"Service client\",\"telephone\":\"0384254272\",\"email\":\"contact@csj-emballages.com\"}]}]}<\/script>\n<!-- \/ Yoast SEO Premium plugin. -->","yoast_head_json":{"title":"Caixa branca para 2 garrafas com pega integrada 180 x 90 x 385 mm","description":"Caixa de cart\u00e3o branco para 2 garrafas com pega integrada. Robusta, elegante e pr\u00e1tica para Bordeaux ou Borgonha. Ideal para prendas e transporte.","robots":{"index":"index","follow":"follow","max-snippet":"max-snippet:-1","max-image-preview":"max-image-preview:large","max-video-preview":"max-video-preview:-1"},"canonical":"https:\/\/www.csj-emballages.com\/pt-pt\/produit\/caixa-de-cartao-branca-para-2-garrafas-com-pega-integrada-180-x-90-x-385-mm-embalagem-de-5\/","og_locale":"pt_PT","og_type":"article","og_title":"Caixa de cart\u00e3o branca para 2 garrafas com pega integrada 180 x 90 x 385 mm, embalagem de 5","og_description":"Caixa de cart\u00e3o branco para 2 garrafas com pega integrada. Robusta, elegante e pr\u00e1tica para Bordeaux ou Borgonha. Ideal para prendas e transporte.","og_url":"https:\/\/www.csj-emballages.com\/pt-pt\/produit\/caixa-de-cartao-branca-para-2-garrafas-com-pega-integrada-180-x-90-x-385-mm-embalagem-de-5\/","og_site_name":"CSJ Emballages","article_publisher":"https:\/\/www.facebook.com\/csjemballages","article_modified_time":"2026-04-18T00:11:11+00:00","og_image":[{"width":800,"height":800,"url":"https:\/\/www.csj-emballages.com\/wp-content\/uploads\/2025\/09\/119245.webp","type":"image\/webp"}],"twitter_card":"summary_large_image","twitter_misc":{"Tempo estimado de leitura":"2 minutos"},"schema":{"@context":"https:\/\/schema.org","@graph":[{"@type":"WebPage","@id":"https:\/\/www.csj-emballages.com\/pt-pt\/produit\/caixa-de-cartao-branca-para-2-garrafas-com-pega-integrada-180-x-90-x-385-mm-embalagem-de-5\/","url":"https:\/\/www.csj-emballages.com\/pt-pt\/produit\/caixa-de-cartao-branca-para-2-garrafas-com-pega-integrada-180-x-90-x-385-mm-embalagem-de-5\/","name":"Caixa branca para 2 garrafas com pega integrada 180 x 90 x 385 mm","isPartOf":{"@id":"https:\/\/www.csj-emballages.com\/pt-pt\/#website"},"primaryImageOfPage":{"@id":"https:\/\/www.csj-emballages.com\/pt-pt\/produit\/caixa-de-cartao-branca-para-2-garrafas-com-pega-integrada-180-x-90-x-385-mm-embalagem-de-5\/#primaryimage"},"image":{"@id":"https:\/\/www.csj-emballages.com\/pt-pt\/produit\/caixa-de-cartao-branca-para-2-garrafas-com-pega-integrada-180-x-90-x-385-mm-embalagem-de-5\/#primaryimage"},"thumbnailUrl":"https:\/\/www.csj-emballages.com\/wp-content\/uploads\/2025\/09\/119245.webp","datePublished":"2025-09-19T15:18:22+00:00","dateModified":"2026-04-18T00:11:11+00:00","description":"Caixa de cart\u00e3o branco para 2 garrafas com pega integrada. Robusta, elegante e pr\u00e1tica para Bordeaux ou Borgonha. Ideal para prendas e transporte.","breadcrumb":{"@id":"https:\/\/www.csj-emballages.com\/pt-pt\/produit\/caixa-de-cartao-branca-para-2-garrafas-com-pega-integrada-180-x-90-x-385-mm-embalagem-de-5\/#breadcrumb"},"inLanguage":"pt-PT","potentialAction":[{"@type":"ReadAction","target":["https:\/\/www.csj-emballages.com\/pt-pt\/produit\/caixa-de-cartao-branca-para-2-garrafas-com-pega-integrada-180-x-90-x-385-mm-embalagem-de-5\/"]}]},{"@type":"ImageObject","inLanguage":"pt-PT","@id":"https:\/\/www.csj-emballages.com\/pt-pt\/produit\/caixa-de-cartao-branca-para-2-garrafas-com-pega-integrada-180-x-90-x-385-mm-embalagem-de-5\/#primaryimage","url":"https:\/\/www.csj-emballages.com\/wp-content\/uploads\/2025\/09\/119245.webp","contentUrl":"https:\/\/www.csj-emballages.com\/wp-content\/uploads\/2025\/09\/119245.webp","width":800,"height":800,"caption":"\u00c9tui 2 bouteilles blanc"},{"@type":"BreadcrumbList","@id":"https:\/\/www.csj-emballages.com\/pt-pt\/produit\/caixa-de-cartao-branca-para-2-garrafas-com-pega-integrada-180-x-90-x-385-mm-embalagem-de-5\/#breadcrumb","itemListElement":[{"@type":"ListItem","position":1,"name":"Acolhimento","item":"https:\/\/www.csj-emballages.com\/pt-pt\/universo-das-embalagens-alimentares\/"},{"@type":"ListItem","position":2,"name":"Shop","item":"https:\/\/www.csj-emballages.com\/shop\/"},{"@type":"ListItem","position":3,"name":"Caixa de cart\u00e3o branca para 2 garrafas com pega integrada 180 x 90 x 385 mm, embalagem de 5"}]},{"@type":"WebSite","@id":"https:\/\/www.csj-emballages.com\/pt-pt\/#website","url":"https:\/\/www.csj-emballages.com\/pt-pt\/","name":"CSJ Emballages","description":"","publisher":{"@id":"https:\/\/www.csj-emballages.com\/pt-pt\/#organization"},"potentialAction":[{"@type":"SearchAction","target":{"@type":"EntryPoint","urlTemplate":"https:\/\/www.csj-emballages.com\/pt-pt\/?s={search_term_string}"},"query-input":{"@type":"PropertyValueSpecification","valueRequired":true,"valueName":"search_term_string"}}],"inLanguage":"pt-PT"},{"@type":"Organization","@id":"https:\/\/www.csj-emballages.com\/pt-pt\/#Organization\/","name":"CSJ Emballages","url":"https:\/\/www.csj-emballages.com\/pt-pt\/","logo":{"@type":"ImageObject","inLanguage":"pt-PT","@id":"https:\/\/www.csj-emballages.com\/pt-pt\/#\/schema\/logo\/image\/","url":"https:\/\/www.csj-emballages.com\/wp-content\/uploads\/2023\/10\/logo_csj.webp","contentUrl":"https:\/\/www.csj-emballages.com\/wp-content\/uploads\/2023\/10\/logo_csj.webp","width":250,"height":95,"caption":"CSJ Emballages"},"image":{"@id":"https:\/\/www.csj-emballages.com\/pt-pt\/#\/schema\/logo\/image\/"},"sameAs":["https:\/\/www.facebook.com\/csjemballages"],"address":{"@type":"PostalAddress","streetAddress":"ZI La Lechere","addressLocality":"Patornay","postalCode":"39130","addressCountry":"FR"},"contactPoint":[{"@type":"ContactPoint","contactType":"Service client","telephone":"0384254272","email":"contact@csj-emballages.com"}]}]}},"df_price":6.82,"df_sale_price":"","df_regular_price":6.82,"df_image_link":"https:\/\/www.csj-emballages.com\/wp-content\/uploads\/2025\/09\/119245-300x300.webp","tiered_pricing_type":"fixed","tiered_pricing_fixed_rules":[],"tiered_pricing_percentage_rules":[],"tiered_pricing_minimum":1,"tiered_pricing_roles_data":[],"_links":{"self":[{"href":"https:\/\/www.csj-emballages.com\/pt-pt\/wp-json\/wp\/v2\/product\/249158","targetHints":{"allow":["GET"]}}],"collection":[{"href":"https:\/\/www.csj-emballages.com\/pt-pt\/wp-json\/wp\/v2\/product"}],"about":[{"href":"https:\/\/www.csj-emballages.com\/pt-pt\/wp-json\/wp\/v2\/types\/product"}],"wp:featuredmedia":[{"embeddable":true,"href":"https:\/\/www.csj-emballages.com\/pt-pt\/wp-json\/wp\/v2\/media\/249154"}],"wp:attachment":[{"href":"https:\/\/www.csj-emballages.com\/pt-pt\/wp-json\/wp\/v2\/media?parent=249158"}],"wp:term":[{"taxonomy":"product_brand","embeddable":true,"href":"https:\/\/www.csj-emballages.com\/pt-pt\/wp-json\/wp\/v2\/product_brand?post=249158"},{"taxonomy":"product_cat","embeddable":true,"href":"https:\/\/www.csj-emballages.com\/pt-pt\/wp-json\/wp\/v2\/product_cat?post=249158"},{"taxonomy":"product_tag","embeddable":true,"href":"https:\/\/www.csj-emballages.com\/pt-pt\/wp-json\/wp\/v2\/product_tag?post=249158"}],"curies":[{"name":"wp","href":"https:\/\/api.w.org\/{rel}","templated":true}]}}