{"id":249127,"date":"2025-09-18T16:18:21","date_gmt":"2025-09-18T14:18:21","guid":{"rendered":"https:\/\/www.csj-emballages.com\/produit\/caixa-para-garrafas-em-cartao-preto-com-pega-integrada-90-x-90-x-384-mm-embalagem-de-5\/"},"modified":"2026-04-18T02:10:33","modified_gmt":"2026-04-18T00:10:33","slug":"caixa-para-garrafas-em-cartao-preto-com-pega-integrada-90-x-90-x-384-mm-embalagem-de-5","status":"publish","type":"product","link":"https:\/\/www.csj-emballages.com\/pt-pt\/produit\/caixa-para-garrafas-em-cartao-preto-com-pega-integrada-90-x-90-x-384-mm-embalagem-de-5\/","title":{"rendered":"Caixa para garrafas em cart\u00e3o preto com pega integrada 90 x 90 x 385 mm, 10 unidades"},"content":{"rendered":"<h2 class=\"p1\">Caixa preta para garrafas<\/h2>\n<hr>\n<h3>Descri\u00e7\u00e3o da nossa caixa de cart\u00e3o preta para garrafas com pega integrada 90 x 90 x 384 mm, embalagem de 10<\/h3>\n<p><!--more--><\/p>\n<p data-start=\"110\" data-end=\"413\">A<strong>caixa para garrafas em cart\u00e3o preto com pega integrada<\/strong> \u00e9 a solu\u00e7\u00e3o ideal para embalar, transportar e oferecer <strong>as<\/strong> suas <strong>garrafas de vinho de<\/strong> forma elegante. Concebida para conter <strong>1 garrafa<\/strong> <strong>vertical<\/strong> de <strong>Bordeaux<\/strong> ou <strong>Borgonha<\/strong>, esta <strong>caixa<\/strong> combina resist\u00eancia, est\u00e9tica e praticidade. Gra\u00e7as \u00e0 sua <strong>pega integrada<\/strong>, \u00e9 f\u00e1cil e seguro de transportar, ao mesmo tempo que d\u00e1 um toque de eleg\u00e2ncia \u00e0 sua apresenta\u00e7\u00e3o. A <strong>janela frontal<\/strong> <strong>destaca<\/strong> subtilmente <strong>o conte\u00fado<\/strong>, permitindo-lhe ver a garrafa sem a abrir &#8211; um pormenor que faz toda a diferen\u00e7a quando a vende ou oferece.   <\/p>\n<p data-start=\"736\" data-end=\"1072\">Fabricada em <strong>cart\u00e3o<\/strong> <strong>r\u00edgido<\/strong>, esta <strong>caixa para garrafas<\/strong> protege eficazmente as suas garrafas de choques e pancadas, garantindo um aspeto profissional. A sua <strong>elegante cor preta<\/strong> proporciona um acabamento moderno, ideal para adegas, comerciantes de vinho, produtores, restaurantes ou charcutarias que procuram melhorar a sua imagem. <\/p>\n<p data-start=\"1074\" data-end=\"1381\">Al\u00e9m disso, a sua montagem \u00e9 r\u00e1pida e intuitiva, o que a torna a escolha perfeita para o embalamento expresso durante os per\u00edodos de maior atividade. O seu tamanho standard de <strong>90 x 90 x 384 mm <\/strong>adapta-se perfeitamente aos formatos cl\u00e1ssicos de vinho, garantindo uma fixa\u00e7\u00e3o \u00f3ptima e uma apresenta\u00e7\u00e3o impec\u00e1vel. <\/p>\n<p data-start=\"1383\" data-end=\"1577\">Em suma, esta <strong>caixa de cart\u00e3o preta para garrafas<\/strong> combina resist\u00eancia, design e funcionalidade. Aumenta o valor dos seus produtos, oferecendo uma experi\u00eancia de cliente topo de gama a um pre\u00e7o baixo. <\/p>\n<p data-start=\"1378\" data-end=\"1605\"><!--more--><\/p>\n<h4 data-start=\"1378\" data-end=\"1605\">Vantagens :<\/h4>\n<ul>\n<li data-start=\"1624\" data-end=\"1683\"><strong data-start=\"1624\" data-end=\"1644\">Pega integrada<\/strong> para um transporte f\u00e1cil e seguro<\/li>\n<li data-start=\"1686\" data-end=\"1758\"><strong data-start=\"1686\" data-end=\"1706\">Janela frontal<\/strong> para exposi\u00e7\u00e3o imediata da garrafa<\/li>\n<li data-start=\"1761\" data-end=\"1814\"><strong data-start=\"1761\" data-end=\"1778\">Cart\u00e3o r\u00edgido<\/strong> para prote\u00e7\u00e3o e durabilidade<\/li>\n<li data-start=\"1817\" data-end=\"1877\"><strong data-start=\"1817\" data-end=\"1835\">Design elegante<\/strong> e discreto para todas as ocasi\u00f5es<\/li>\n<li data-start=\"1880\" data-end=\"1941\"><strong data-start=\"1880\" data-end=\"1908\">R\u00e1pido e f\u00e1cil de instalar<\/strong>, ideal para profissionais<\/li>\n<li data-start=\"1944\" data-end=\"2015\"><strong data-start=\"1944\" data-end=\"1964\">Formato universal<\/strong> compat\u00edvel com as garrafas Bordeaux e Borgonha.<\/li>\n<\/ul>\n<p>&nbsp;<\/p>\n<p><!--more--><\/p>\n<h4>Outras informa\u00e7\u00f5es :<\/h4>\n<ul>\n<li><strong>Embalagem<\/strong>: Pacote de 10<\/li>\n<li><strong>Dimens\u00f5es<\/strong>: 90 x 90 x 384 mm<\/li>\n<li><strong>Material<\/strong>: Cart\u00e3o<\/li>\n<li><strong>Capacidade<\/strong>: 1 garrafa<\/li>\n<li><strong>Cor<\/strong>: preto<\/li>\n<\/ul>\n<p>&nbsp;<\/p>\n<p><!--more--><\/p>\n<p>Este estojo preto para 1 garrafa tamb\u00e9m est\u00e1 dispon\u00edvel numa vers\u00e3o para 2 garrafas: <span style=\"color: #d12727;\"><a style=\"color: #d12727;\" href=\"https:\/\/www.csj-emballages.com\/es\/produit\/estuche-de-carton-negro-para-2-botellas-con-asa-integrada-180-x-90-x-385-mm-paquete-de-5\/\">117122C<\/a><\/span><\/p>\n<p>&nbsp;<\/p>\n<p><!--more--><\/p>\n<p>Descubra todas as cores dispon\u00edveis para esta caixa de 1 garrafa aqui: <span style=\"color: #d12727;\"><a style=\"color: #d12727;\" href=\"https:\/\/www.csj-emballages.com\/produit\/etui-a-bouteille-blanc-carton-avec-poignee-integree-90-x-90-x-384-mm-par-5\/\">Branco<\/a><\/span><span style=\"color: #d12727;\"> <\/span>\/ <span style=\"color: #d12727;\"><a style=\"color: #d12727;\" href=\"https:\/\/www.csj-emballages.com\/produit\/etui-a-bouteille-vert-olive-carton-avec-poignee-integree-90-x-90-385-mm-par-5\/\">Verde azeitona<\/a> <\/span>\/ <span style=\"color: #d12727;\"><a style=\"color: #d12727;\" href=\"https:\/\/www.csj-emballages.com\/produit\/etui-a-bouteille-bordeaux-carton-avec-poignee-90-x-90-x-384-mm-par-5\/\">Bordeaux<\/a><\/span><\/p>\n<p>&nbsp;<\/p>\n<p><!--more--><\/p>\n<p><a href=\"https:\/\/www.csj-emballages.com\/pt-pt\/categorie-produit\/embalagem-de-alimentos\/loja-e-armazem\/sacos-saquetas\/sacos-para-garrafas\/\">Consulte o resto da nossa gama de sacos\/estojos para garrafas<\/a><\/p>\n","protected":false},"excerpt":{"rendered":"<p>Caixa preta para garrafas Descri\u00e7\u00e3o da nossa caixa de cart\u00e3o preta para garrafas com pega integrada 90 x 90 x 384 mm, embalagem de 10<\/p>\n","protected":false},"featured_media":249124,"template":"","meta":{"_acf_changed":false},"product_brand":[],"product_cat":[1141,1482,3921,3419],"product_tag":[],"class_list":{"0":"post-249127","1":"product","2":"type-product","3":"status-publish","4":"has-post-thumbnail","6":"product_cat-embalagem-de-alimentos","7":"product_cat-loja-e-armazem","8":"product_cat-sacos-saquetas","9":"product_cat-sacos-para-garrafas","11":"first","12":"instock","13":"taxable","14":"shipping-taxable","15":"purchasable","16":"product-type-simple"},"acf":[],"yoast_head":"<!-- This site is optimized with the Yoast SEO Premium plugin v26.6 (Yoast SEO v26.6) - https:\/\/yoast.com\/wordpress\/plugins\/seo\/ -->\n<title>Caixa preta para garrafas com pega integrada 90 x 90 x 384 mm<\/title>\n<meta name=\"description\" content=\"Caixa para garrafas em cart\u00e3o preto com pega e janela frontal. Elegante, resistente e pr\u00e1tica para 1 garrafa de Bord\u00e9us ou Borgonha.\" \/>\n<meta name=\"robots\" content=\"index, follow, max-snippet:-1, max-image-preview:large, max-video-preview:-1\" \/>\n<link rel=\"canonical\" href=\"https:\/\/www.csj-emballages.com\/pt-pt\/produit\/caixa-para-garrafas-em-cartao-preto-com-pega-integrada-90-x-90-x-384-mm-embalagem-de-5\/\" \/>\n<meta property=\"og:locale\" content=\"pt_PT\" \/>\n<meta property=\"og:type\" content=\"article\" \/>\n<meta property=\"og:title\" content=\"Caixa para garrafas em cart\u00e3o preto com pega integrada 90 x 90 x 385 mm, 10 unidades\" \/>\n<meta property=\"og:description\" content=\"Caixa para garrafas em cart\u00e3o preto com pega e janela frontal. Elegante, resistente e pr\u00e1tica para 1 garrafa de Bord\u00e9us ou Borgonha.\" \/>\n<meta property=\"og:url\" content=\"https:\/\/www.csj-emballages.com\/pt-pt\/produit\/caixa-para-garrafas-em-cartao-preto-com-pega-integrada-90-x-90-x-384-mm-embalagem-de-5\/\" \/>\n<meta property=\"og:site_name\" content=\"CSJ Emballages\" \/>\n<meta property=\"article:publisher\" content=\"https:\/\/www.facebook.com\/csjemballages\" \/>\n<meta property=\"article:modified_time\" content=\"2026-04-18T00:10:33+00:00\" \/>\n<meta property=\"og:image\" content=\"https:\/\/www.csj-emballages.com\/wp-content\/uploads\/2025\/09\/113739.webp\" \/>\n\t<meta property=\"og:image:width\" content=\"800\" \/>\n\t<meta property=\"og:image:height\" content=\"800\" \/>\n\t<meta property=\"og:image:type\" content=\"image\/webp\" \/>\n<meta name=\"twitter:card\" content=\"summary_large_image\" \/>\n<meta name=\"twitter:label1\" content=\"Tempo estimado de leitura\" \/>\n\t<meta name=\"twitter:data1\" content=\"2 minutos\" \/>\n<script type=\"application\/ld+json\" class=\"yoast-schema-graph\">{\"@context\":\"https:\/\/schema.org\",\"@graph\":[{\"@type\":\"WebPage\",\"@id\":\"https:\/\/www.csj-emballages.com\/pt-pt\/produit\/caixa-para-garrafas-em-cartao-preto-com-pega-integrada-90-x-90-x-384-mm-embalagem-de-5\/\",\"url\":\"https:\/\/www.csj-emballages.com\/pt-pt\/produit\/caixa-para-garrafas-em-cartao-preto-com-pega-integrada-90-x-90-x-384-mm-embalagem-de-5\/\",\"name\":\"Caixa preta para garrafas com pega integrada 90 x 90 x 384 mm\",\"isPartOf\":{\"@id\":\"https:\/\/www.csj-emballages.com\/pt-pt\/#website\"},\"primaryImageOfPage\":{\"@id\":\"https:\/\/www.csj-emballages.com\/pt-pt\/produit\/caixa-para-garrafas-em-cartao-preto-com-pega-integrada-90-x-90-x-384-mm-embalagem-de-5\/#primaryimage\"},\"image\":{\"@id\":\"https:\/\/www.csj-emballages.com\/pt-pt\/produit\/caixa-para-garrafas-em-cartao-preto-com-pega-integrada-90-x-90-x-384-mm-embalagem-de-5\/#primaryimage\"},\"thumbnailUrl\":\"https:\/\/www.csj-emballages.com\/wp-content\/uploads\/2025\/09\/113739.webp\",\"datePublished\":\"2025-09-18T14:18:21+00:00\",\"dateModified\":\"2026-04-18T00:10:33+00:00\",\"description\":\"Caixa para garrafas em cart\u00e3o preto com pega e janela frontal. Elegante, resistente e pr\u00e1tica para 1 garrafa de Bord\u00e9us ou Borgonha.\",\"breadcrumb\":{\"@id\":\"https:\/\/www.csj-emballages.com\/pt-pt\/produit\/caixa-para-garrafas-em-cartao-preto-com-pega-integrada-90-x-90-x-384-mm-embalagem-de-5\/#breadcrumb\"},\"inLanguage\":\"pt-PT\",\"potentialAction\":[{\"@type\":\"ReadAction\",\"target\":[\"https:\/\/www.csj-emballages.com\/pt-pt\/produit\/caixa-para-garrafas-em-cartao-preto-com-pega-integrada-90-x-90-x-384-mm-embalagem-de-5\/\"]}]},{\"@type\":\"ImageObject\",\"inLanguage\":\"pt-PT\",\"@id\":\"https:\/\/www.csj-emballages.com\/pt-pt\/produit\/caixa-para-garrafas-em-cartao-preto-com-pega-integrada-90-x-90-x-384-mm-embalagem-de-5\/#primaryimage\",\"url\":\"https:\/\/www.csj-emballages.com\/wp-content\/uploads\/2025\/09\/113739.webp\",\"contentUrl\":\"https:\/\/www.csj-emballages.com\/wp-content\/uploads\/2025\/09\/113739.webp\",\"width\":800,\"height\":800,\"caption\":\"\u00c9tui \u00e0 bouteille\"},{\"@type\":\"BreadcrumbList\",\"@id\":\"https:\/\/www.csj-emballages.com\/pt-pt\/produit\/caixa-para-garrafas-em-cartao-preto-com-pega-integrada-90-x-90-x-384-mm-embalagem-de-5\/#breadcrumb\",\"itemListElement\":[{\"@type\":\"ListItem\",\"position\":1,\"name\":\"Acolhimento\",\"item\":\"https:\/\/www.csj-emballages.com\/pt-pt\/universo-das-embalagens-alimentares\/\"},{\"@type\":\"ListItem\",\"position\":2,\"name\":\"Shop\",\"item\":\"https:\/\/www.csj-emballages.com\/shop\/\"},{\"@type\":\"ListItem\",\"position\":3,\"name\":\"Caixa para garrafas em cart\u00e3o preto com pega integrada 90 x 90 x 385 mm, 10 unidades\"}]},{\"@type\":\"WebSite\",\"@id\":\"https:\/\/www.csj-emballages.com\/pt-pt\/#website\",\"url\":\"https:\/\/www.csj-emballages.com\/pt-pt\/\",\"name\":\"CSJ Emballages\",\"description\":\"\",\"publisher\":{\"@id\":\"https:\/\/www.csj-emballages.com\/pt-pt\/#organization\"},\"potentialAction\":[{\"@type\":\"SearchAction\",\"target\":{\"@type\":\"EntryPoint\",\"urlTemplate\":\"https:\/\/www.csj-emballages.com\/pt-pt\/?s={search_term_string}\"},\"query-input\":{\"@type\":\"PropertyValueSpecification\",\"valueRequired\":true,\"valueName\":\"search_term_string\"}}],\"inLanguage\":\"pt-PT\"},{\"@type\":\"Organization\",\"@id\":\"https:\/\/www.csj-emballages.com\/pt-pt\/#Organization\/\",\"name\":\"CSJ Emballages\",\"url\":\"https:\/\/www.csj-emballages.com\/pt-pt\/\",\"logo\":{\"@type\":\"ImageObject\",\"inLanguage\":\"pt-PT\",\"@id\":\"https:\/\/www.csj-emballages.com\/pt-pt\/#\/schema\/logo\/image\/\",\"url\":\"https:\/\/www.csj-emballages.com\/wp-content\/uploads\/2023\/10\/logo_csj.webp\",\"contentUrl\":\"https:\/\/www.csj-emballages.com\/wp-content\/uploads\/2023\/10\/logo_csj.webp\",\"width\":250,\"height\":95,\"caption\":\"CSJ Emballages\"},\"image\":{\"@id\":\"https:\/\/www.csj-emballages.com\/pt-pt\/#\/schema\/logo\/image\/\"},\"sameAs\":[\"https:\/\/www.facebook.com\/csjemballages\"],\"address\":{\"@type\":\"PostalAddress\",\"streetAddress\":\"ZI La Lechere\",\"addressLocality\":\"Patornay\",\"postalCode\":\"39130\",\"addressCountry\":\"FR\"},\"contactPoint\":[{\"@type\":\"ContactPoint\",\"contactType\":\"Service client\",\"telephone\":\"0384254272\",\"email\":\"contact@csj-emballages.com\"}]}]}<\/script>\n<!-- \/ Yoast SEO Premium plugin. -->","yoast_head_json":{"title":"Caixa preta para garrafas com pega integrada 90 x 90 x 384 mm","description":"Caixa para garrafas em cart\u00e3o preto com pega e janela frontal. Elegante, resistente e pr\u00e1tica para 1 garrafa de Bord\u00e9us ou Borgonha.","robots":{"index":"index","follow":"follow","max-snippet":"max-snippet:-1","max-image-preview":"max-image-preview:large","max-video-preview":"max-video-preview:-1"},"canonical":"https:\/\/www.csj-emballages.com\/pt-pt\/produit\/caixa-para-garrafas-em-cartao-preto-com-pega-integrada-90-x-90-x-384-mm-embalagem-de-5\/","og_locale":"pt_PT","og_type":"article","og_title":"Caixa para garrafas em cart\u00e3o preto com pega integrada 90 x 90 x 385 mm, 10 unidades","og_description":"Caixa para garrafas em cart\u00e3o preto com pega e janela frontal. Elegante, resistente e pr\u00e1tica para 1 garrafa de Bord\u00e9us ou Borgonha.","og_url":"https:\/\/www.csj-emballages.com\/pt-pt\/produit\/caixa-para-garrafas-em-cartao-preto-com-pega-integrada-90-x-90-x-384-mm-embalagem-de-5\/","og_site_name":"CSJ Emballages","article_publisher":"https:\/\/www.facebook.com\/csjemballages","article_modified_time":"2026-04-18T00:10:33+00:00","og_image":[{"width":800,"height":800,"url":"https:\/\/www.csj-emballages.com\/wp-content\/uploads\/2025\/09\/113739.webp","type":"image\/webp"}],"twitter_card":"summary_large_image","twitter_misc":{"Tempo estimado de leitura":"2 minutos"},"schema":{"@context":"https:\/\/schema.org","@graph":[{"@type":"WebPage","@id":"https:\/\/www.csj-emballages.com\/pt-pt\/produit\/caixa-para-garrafas-em-cartao-preto-com-pega-integrada-90-x-90-x-384-mm-embalagem-de-5\/","url":"https:\/\/www.csj-emballages.com\/pt-pt\/produit\/caixa-para-garrafas-em-cartao-preto-com-pega-integrada-90-x-90-x-384-mm-embalagem-de-5\/","name":"Caixa preta para garrafas com pega integrada 90 x 90 x 384 mm","isPartOf":{"@id":"https:\/\/www.csj-emballages.com\/pt-pt\/#website"},"primaryImageOfPage":{"@id":"https:\/\/www.csj-emballages.com\/pt-pt\/produit\/caixa-para-garrafas-em-cartao-preto-com-pega-integrada-90-x-90-x-384-mm-embalagem-de-5\/#primaryimage"},"image":{"@id":"https:\/\/www.csj-emballages.com\/pt-pt\/produit\/caixa-para-garrafas-em-cartao-preto-com-pega-integrada-90-x-90-x-384-mm-embalagem-de-5\/#primaryimage"},"thumbnailUrl":"https:\/\/www.csj-emballages.com\/wp-content\/uploads\/2025\/09\/113739.webp","datePublished":"2025-09-18T14:18:21+00:00","dateModified":"2026-04-18T00:10:33+00:00","description":"Caixa para garrafas em cart\u00e3o preto com pega e janela frontal. Elegante, resistente e pr\u00e1tica para 1 garrafa de Bord\u00e9us ou Borgonha.","breadcrumb":{"@id":"https:\/\/www.csj-emballages.com\/pt-pt\/produit\/caixa-para-garrafas-em-cartao-preto-com-pega-integrada-90-x-90-x-384-mm-embalagem-de-5\/#breadcrumb"},"inLanguage":"pt-PT","potentialAction":[{"@type":"ReadAction","target":["https:\/\/www.csj-emballages.com\/pt-pt\/produit\/caixa-para-garrafas-em-cartao-preto-com-pega-integrada-90-x-90-x-384-mm-embalagem-de-5\/"]}]},{"@type":"ImageObject","inLanguage":"pt-PT","@id":"https:\/\/www.csj-emballages.com\/pt-pt\/produit\/caixa-para-garrafas-em-cartao-preto-com-pega-integrada-90-x-90-x-384-mm-embalagem-de-5\/#primaryimage","url":"https:\/\/www.csj-emballages.com\/wp-content\/uploads\/2025\/09\/113739.webp","contentUrl":"https:\/\/www.csj-emballages.com\/wp-content\/uploads\/2025\/09\/113739.webp","width":800,"height":800,"caption":"\u00c9tui \u00e0 bouteille"},{"@type":"BreadcrumbList","@id":"https:\/\/www.csj-emballages.com\/pt-pt\/produit\/caixa-para-garrafas-em-cartao-preto-com-pega-integrada-90-x-90-x-384-mm-embalagem-de-5\/#breadcrumb","itemListElement":[{"@type":"ListItem","position":1,"name":"Acolhimento","item":"https:\/\/www.csj-emballages.com\/pt-pt\/universo-das-embalagens-alimentares\/"},{"@type":"ListItem","position":2,"name":"Shop","item":"https:\/\/www.csj-emballages.com\/shop\/"},{"@type":"ListItem","position":3,"name":"Caixa para garrafas em cart\u00e3o preto com pega integrada 90 x 90 x 385 mm, 10 unidades"}]},{"@type":"WebSite","@id":"https:\/\/www.csj-emballages.com\/pt-pt\/#website","url":"https:\/\/www.csj-emballages.com\/pt-pt\/","name":"CSJ Emballages","description":"","publisher":{"@id":"https:\/\/www.csj-emballages.com\/pt-pt\/#organization"},"potentialAction":[{"@type":"SearchAction","target":{"@type":"EntryPoint","urlTemplate":"https:\/\/www.csj-emballages.com\/pt-pt\/?s={search_term_string}"},"query-input":{"@type":"PropertyValueSpecification","valueRequired":true,"valueName":"search_term_string"}}],"inLanguage":"pt-PT"},{"@type":"Organization","@id":"https:\/\/www.csj-emballages.com\/pt-pt\/#Organization\/","name":"CSJ Emballages","url":"https:\/\/www.csj-emballages.com\/pt-pt\/","logo":{"@type":"ImageObject","inLanguage":"pt-PT","@id":"https:\/\/www.csj-emballages.com\/pt-pt\/#\/schema\/logo\/image\/","url":"https:\/\/www.csj-emballages.com\/wp-content\/uploads\/2023\/10\/logo_csj.webp","contentUrl":"https:\/\/www.csj-emballages.com\/wp-content\/uploads\/2023\/10\/logo_csj.webp","width":250,"height":95,"caption":"CSJ Emballages"},"image":{"@id":"https:\/\/www.csj-emballages.com\/pt-pt\/#\/schema\/logo\/image\/"},"sameAs":["https:\/\/www.facebook.com\/csjemballages"],"address":{"@type":"PostalAddress","streetAddress":"ZI La Lechere","addressLocality":"Patornay","postalCode":"39130","addressCountry":"FR"},"contactPoint":[{"@type":"ContactPoint","contactType":"Service client","telephone":"0384254272","email":"contact@csj-emballages.com"}]}]}},"df_price":4.97,"df_sale_price":"","df_regular_price":4.97,"df_image_link":"https:\/\/www.csj-emballages.com\/wp-content\/uploads\/2025\/09\/113739-300x300.webp","tiered_pricing_type":"fixed","tiered_pricing_fixed_rules":[],"tiered_pricing_percentage_rules":[],"tiered_pricing_minimum":1,"tiered_pricing_roles_data":[],"_links":{"self":[{"href":"https:\/\/www.csj-emballages.com\/pt-pt\/wp-json\/wp\/v2\/product\/249127","targetHints":{"allow":["GET"]}}],"collection":[{"href":"https:\/\/www.csj-emballages.com\/pt-pt\/wp-json\/wp\/v2\/product"}],"about":[{"href":"https:\/\/www.csj-emballages.com\/pt-pt\/wp-json\/wp\/v2\/types\/product"}],"wp:featuredmedia":[{"embeddable":true,"href":"https:\/\/www.csj-emballages.com\/pt-pt\/wp-json\/wp\/v2\/media\/249124"}],"wp:attachment":[{"href":"https:\/\/www.csj-emballages.com\/pt-pt\/wp-json\/wp\/v2\/media?parent=249127"}],"wp:term":[{"taxonomy":"product_brand","embeddable":true,"href":"https:\/\/www.csj-emballages.com\/pt-pt\/wp-json\/wp\/v2\/product_brand?post=249127"},{"taxonomy":"product_cat","embeddable":true,"href":"https:\/\/www.csj-emballages.com\/pt-pt\/wp-json\/wp\/v2\/product_cat?post=249127"},{"taxonomy":"product_tag","embeddable":true,"href":"https:\/\/www.csj-emballages.com\/pt-pt\/wp-json\/wp\/v2\/product_tag?post=249127"}],"curies":[{"name":"wp","href":"https:\/\/api.w.org\/{rel}","templated":true}]}}