{"id":249115,"date":"2025-09-18T16:19:11","date_gmt":"2025-09-18T14:19:11","guid":{"rendered":"https:\/\/www.csj-emballages.com\/produit\/caixa-de-cartao-para-panetones-245-x-245-x-190-mm\/"},"modified":"2026-04-03T02:11:56","modified_gmt":"2026-04-03T00:11:56","slug":"caixa-de-cartao-para-panetones-245-x-245-x-190-mm","status":"publish","type":"product","link":"https:\/\/www.csj-emballages.com\/pt-pt\/produit\/caixa-de-cartao-para-panetones-245-x-245-x-190-mm\/","title":{"rendered":"Caixa de cart\u00e3o para panetones 245 x 245 x 190 mm"},"content":{"rendered":"<h2 class=\"p1\">Caixa de panetones<\/h2>\n<hr>\n<h3>Descri\u00e7\u00e3o da nossa caixa de cart\u00e3o para panetones 245 x 245 x 190 mm<\/h3>\n<p><!--more--><\/p>\n<p data-start=\"159\" data-end=\"460\">Ofere\u00e7a \u00e0s suas cria\u00e7\u00f5es gourmet um inv\u00f3lucro \u00e0 altura do seu sabor com a nossa <strong data-start=\"241\" data-end=\"289\">caixa de panetone em cart\u00e3o 245 x 245 x 190 mm<\/strong>. Concebida especialmente para acomodar um <strong>panetone de 750 g a 1 kg<\/strong>. Gra\u00e7as \u00e0 sua <strong data-start=\"473\" data-end=\"493\">pega integrada<\/strong>, o transporte torna-se muito f\u00e1cil: os seus clientes poder\u00e3o levar a sua <strong>sobremesa de Natal<\/strong> ou <strong>o seu bolo caseiro<\/strong> em seguran\u00e7a. A sua <strong data-start=\"630\" data-end=\"660\">estrutura em cart\u00e3o r\u00edgido<\/strong> garante uma excelente resist\u00eancia, protegendo o produto contra choques ou humidade. Da mesma forma, o seu <strong data-start=\"770\" data-end=\"804\">design cuidado e profissional<\/strong> valoriza imediatamente o seu saber-fazer artesanal.<\/p>\n<p data-start=\"866\" data-end=\"1181\">Seja <strong data-start=\"881\" data-end=\"894\">padeiro<\/strong>, <strong data-start=\"896\" data-end=\"909\">pasteleiro<\/strong>, <strong data-start=\"911\" data-end=\"923\">fornecedor<\/strong> ou <strong data-start=\"927\" data-end=\"942\">chocolatier<\/strong>, esta <strong data-start=\"241\" data-end=\"289\">caixa de panetone<\/strong> \u00e9 a aliada perfeita para as suas <strong data-start=\"987\" data-end=\"1008\">vendas para levar<\/strong> durante as festas. O seu <strong>formato quadrado generoso<\/strong> de <strong>245 x 245 x 190 mm<\/strong> permite uma coloca\u00e7\u00e3o r\u00e1pida do produto e um aspeto visual harmonioso nas suas bancas ou vitrines.<\/p>\n<p data-start=\"1183\" data-end=\"1403\">Al\u00e9m disso, esta caixa enquadra-se numa abordagem mais <strong data-start=\"1252\" data-end=\"1266\">ecol\u00f3gica<\/strong>, pois \u00e9 <strong data-start=\"1281\" data-end=\"1315\">fabricada em cart\u00e3o recicl\u00e1vel<\/strong>. Assim, oferece aos seus clientes uma embalagem t\u00e3o <strong data-start=\"1369\" data-end=\"1384\">respons\u00e1vel<\/strong> quanto <strong data-start=\"1389\" data-end=\"1400\">refinada<\/strong>.<\/p>\n<p data-start=\"1405\" data-end=\"1617\">Ao escolher esta <strong data-start=\"241\" data-end=\"289\">caixa de panetone<\/strong>, combina <strong data-start=\"1447\" data-end=\"1464\">poupan\u00e7a de tempo<\/strong>, <strong data-start=\"1466\" data-end=\"1489\">prote\u00e7\u00e3o ideal<\/strong> e <strong data-start=\"1493\" data-end=\"1511\">valor acrescentado<\/strong> aos seus produtos. Um pequeno detalhe que faz toda a diferen\u00e7a para real\u00e7ar os seus doces de fim de ano.<\/p>\n<p data-start=\"1378\" data-end=\"1605\"><!--more--><\/p>\n<h4 data-start=\"1378\" data-end=\"1605\">Vantagens :<\/h4>\n<ul>\n<li data-start=\"1845\" data-end=\"1900\"><strong data-start=\"1847\" data-end=\"1863\">Tamanho ideal<\/strong> para um panetone de 750 g a 1 kg.<\/li>\n<li data-start=\"1903\" data-end=\"1965\"><strong data-start=\"1905\" data-end=\"1925\">Pega integrada<\/strong> para um transporte f\u00e1cil e seguro.<\/li>\n<li data-start=\"1968\" data-end=\"2036\"><strong data-start=\"1970\" data-end=\"2001\">Cart\u00e3o r\u00edgido e recicl\u00e1vel<\/strong>, combinando resist\u00eancia e ecologia.<\/li>\n<li data-start=\"2039\" data-end=\"2105\"><strong data-start=\"2041\" data-end=\"2065\">Design profissional<\/strong> para apresentar os seus produtos.<\/li>\n<li data-start=\"2108\" data-end=\"2167\"><strong data-start=\"2110\" data-end=\"2128\">A montagem r\u00e1pida<\/strong> poupa tempo de produ\u00e7\u00e3o.<\/li>\n<\/ul>\n<p>&nbsp;<\/p>\n<p><!--more--><\/p>\n<h4>Outras informa\u00e7\u00f5es :<\/h4>\n<ul>\n<li><strong>Embalagem<\/strong>: Por unidade<\/li>\n<li><strong>Dimens\u00f5es<\/strong>: 245 x 245 x 190 mm<\/li>\n<li><strong>Material<\/strong>: Cart\u00e3o<\/li>\n<li><strong>Cor<\/strong>: Branco \/ Vermelho<\/li>\n<\/ul>\n<p>&nbsp;<\/p>\n<p><!--more--><\/p>\n<p>Esta caixa de panetone est\u00e1 dispon\u00edvel num tamanho mais pequeno: <span style=\"color: #d12727;\"><a style=\"color: #d12727;\" href=\"https:\/\/www.csj-emballages.com\/es\/produit\/caja-de-carton-para-llaves-210-x-210-x-220-mm\/\">210 x 210 x 220 mm<\/a><\/span><\/p>\n<p>&nbsp;<\/p>\n<p><!--more--><\/p>\n<p><a href=\"https:\/\/www.csj-emballages.com\/pt-pt\/categorie-produit\/embalagem-de-alimentos\/padaria-e-pastelaria\/caixas-e-estojos\/formas-de-panetone\/\">Consulte o resto da nossa gama de caixas de panetone<\/a><\/p>\n","protected":false},"excerpt":{"rendered":"<p>Caixa de panetones Descri\u00e7\u00e3o da nossa caixa de cart\u00e3o para panetones 245 x 245 x 190 mm<\/p>\n","protected":false},"featured_media":249111,"template":"","meta":{"_acf_changed":false},"product_brand":[],"product_cat":[1141,1177,3916,9906],"product_tag":[],"class_list":{"0":"post-249115","1":"product","2":"type-product","3":"status-publish","4":"has-post-thumbnail","6":"product_cat-embalagem-de-alimentos","7":"product_cat-padaria-e-pastelaria","8":"product_cat-caixas-e-estojos","9":"product_cat-formas-de-panetone","11":"first","12":"instock","13":"taxable","14":"shipping-taxable","15":"purchasable","16":"product-type-simple"},"acf":[],"yoast_head":"<!-- This site is optimized with the Yoast SEO Premium plugin v26.6 (Yoast SEO v26.6) - https:\/\/yoast.com\/wordpress\/plugins\/seo\/ -->\n<title>Caixa de cart\u00e3o para panetone 245 x 245 x 190 mm<\/title>\n<meta name=\"description\" content=\"Forma para panetones em cart\u00e3o com pega. Capacidade de 750 g a 1 kg - robusta, pr\u00e1tica e elegante para os seus bonitos panetones.\" \/>\n<meta name=\"robots\" content=\"index, follow, max-snippet:-1, max-image-preview:large, max-video-preview:-1\" \/>\n<link rel=\"canonical\" href=\"https:\/\/www.csj-emballages.com\/pt-pt\/produit\/caixa-de-cartao-para-panetones-245-x-245-x-190-mm\/\" \/>\n<meta property=\"og:locale\" content=\"pt_PT\" \/>\n<meta property=\"og:type\" content=\"article\" \/>\n<meta property=\"og:title\" content=\"Caixa de cart\u00e3o para panetones 245 x 245 x 190 mm\" \/>\n<meta property=\"og:description\" content=\"Forma para panetones em cart\u00e3o com pega. Capacidade de 750 g a 1 kg - robusta, pr\u00e1tica e elegante para os seus bonitos panetones.\" \/>\n<meta property=\"og:url\" content=\"https:\/\/www.csj-emballages.com\/pt-pt\/produit\/caixa-de-cartao-para-panetones-245-x-245-x-190-mm\/\" \/>\n<meta property=\"og:site_name\" content=\"CSJ Emballages\" \/>\n<meta property=\"article:publisher\" content=\"https:\/\/www.facebook.com\/csjemballages\" \/>\n<meta property=\"article:modified_time\" content=\"2026-04-03T00:11:56+00:00\" \/>\n<meta property=\"og:image\" content=\"https:\/\/www.csj-emballages.com\/wp-content\/uploads\/2025\/09\/139467.webp\" \/>\n\t<meta property=\"og:image:width\" content=\"800\" \/>\n\t<meta property=\"og:image:height\" content=\"800\" \/>\n\t<meta property=\"og:image:type\" content=\"image\/webp\" \/>\n<meta name=\"twitter:card\" content=\"summary_large_image\" \/>\n<meta name=\"twitter:label1\" content=\"Tempo estimado de leitura\" \/>\n\t<meta name=\"twitter:data1\" content=\"2 minutos\" \/>\n<script type=\"application\/ld+json\" class=\"yoast-schema-graph\">{\"@context\":\"https:\/\/schema.org\",\"@graph\":[{\"@type\":\"WebPage\",\"@id\":\"https:\/\/www.csj-emballages.com\/pt-pt\/produit\/caixa-de-cartao-para-panetones-245-x-245-x-190-mm\/\",\"url\":\"https:\/\/www.csj-emballages.com\/pt-pt\/produit\/caixa-de-cartao-para-panetones-245-x-245-x-190-mm\/\",\"name\":\"Caixa de cart\u00e3o para panetone 245 x 245 x 190 mm\",\"isPartOf\":{\"@id\":\"https:\/\/www.csj-emballages.com\/pt-pt\/#website\"},\"primaryImageOfPage\":{\"@id\":\"https:\/\/www.csj-emballages.com\/pt-pt\/produit\/caixa-de-cartao-para-panetones-245-x-245-x-190-mm\/#primaryimage\"},\"image\":{\"@id\":\"https:\/\/www.csj-emballages.com\/pt-pt\/produit\/caixa-de-cartao-para-panetones-245-x-245-x-190-mm\/#primaryimage\"},\"thumbnailUrl\":\"https:\/\/www.csj-emballages.com\/wp-content\/uploads\/2025\/09\/139467.webp\",\"datePublished\":\"2025-09-18T14:19:11+00:00\",\"dateModified\":\"2026-04-03T00:11:56+00:00\",\"description\":\"Forma para panetones em cart\u00e3o com pega. Capacidade de 750 g a 1 kg - robusta, pr\u00e1tica e elegante para os seus bonitos panetones.\",\"breadcrumb\":{\"@id\":\"https:\/\/www.csj-emballages.com\/pt-pt\/produit\/caixa-de-cartao-para-panetones-245-x-245-x-190-mm\/#breadcrumb\"},\"inLanguage\":\"pt-PT\",\"potentialAction\":[{\"@type\":\"ReadAction\",\"target\":[\"https:\/\/www.csj-emballages.com\/pt-pt\/produit\/caixa-de-cartao-para-panetones-245-x-245-x-190-mm\/\"]}]},{\"@type\":\"ImageObject\",\"inLanguage\":\"pt-PT\",\"@id\":\"https:\/\/www.csj-emballages.com\/pt-pt\/produit\/caixa-de-cartao-para-panetones-245-x-245-x-190-mm\/#primaryimage\",\"url\":\"https:\/\/www.csj-emballages.com\/wp-content\/uploads\/2025\/09\/139467.webp\",\"contentUrl\":\"https:\/\/www.csj-emballages.com\/wp-content\/uploads\/2025\/09\/139467.webp\",\"width\":800,\"height\":800,\"caption\":\"Boite panettone\"},{\"@type\":\"BreadcrumbList\",\"@id\":\"https:\/\/www.csj-emballages.com\/pt-pt\/produit\/caixa-de-cartao-para-panetones-245-x-245-x-190-mm\/#breadcrumb\",\"itemListElement\":[{\"@type\":\"ListItem\",\"position\":1,\"name\":\"Acolhimento\",\"item\":\"https:\/\/www.csj-emballages.com\/pt-pt\/universo-das-embalagens-alimentares\/\"},{\"@type\":\"ListItem\",\"position\":2,\"name\":\"Shop\",\"item\":\"https:\/\/www.csj-emballages.com\/shop\/\"},{\"@type\":\"ListItem\",\"position\":3,\"name\":\"Caixa de cart\u00e3o para panetones 245 x 245 x 190 mm\"}]},{\"@type\":\"WebSite\",\"@id\":\"https:\/\/www.csj-emballages.com\/pt-pt\/#website\",\"url\":\"https:\/\/www.csj-emballages.com\/pt-pt\/\",\"name\":\"CSJ Emballages\",\"description\":\"\",\"publisher\":{\"@id\":\"https:\/\/www.csj-emballages.com\/pt-pt\/#organization\"},\"potentialAction\":[{\"@type\":\"SearchAction\",\"target\":{\"@type\":\"EntryPoint\",\"urlTemplate\":\"https:\/\/www.csj-emballages.com\/pt-pt\/?s={search_term_string}\"},\"query-input\":{\"@type\":\"PropertyValueSpecification\",\"valueRequired\":true,\"valueName\":\"search_term_string\"}}],\"inLanguage\":\"pt-PT\"},{\"@type\":\"Organization\",\"@id\":\"https:\/\/www.csj-emballages.com\/pt-pt\/#Organization\/\",\"name\":\"CSJ Emballages\",\"url\":\"https:\/\/www.csj-emballages.com\/pt-pt\/\",\"logo\":{\"@type\":\"ImageObject\",\"inLanguage\":\"pt-PT\",\"@id\":\"https:\/\/www.csj-emballages.com\/pt-pt\/#\/schema\/logo\/image\/\",\"url\":\"https:\/\/www.csj-emballages.com\/wp-content\/uploads\/2023\/10\/logo_csj.webp\",\"contentUrl\":\"https:\/\/www.csj-emballages.com\/wp-content\/uploads\/2023\/10\/logo_csj.webp\",\"width\":250,\"height\":95,\"caption\":\"CSJ Emballages\"},\"image\":{\"@id\":\"https:\/\/www.csj-emballages.com\/pt-pt\/#\/schema\/logo\/image\/\"},\"sameAs\":[\"https:\/\/www.facebook.com\/csjemballages\"],\"address\":{\"@type\":\"PostalAddress\",\"streetAddress\":\"ZI La Lechere\",\"addressLocality\":\"Patornay\",\"postalCode\":\"39130\",\"addressCountry\":\"FR\"},\"contactPoint\":[{\"@type\":\"ContactPoint\",\"contactType\":\"Service client\",\"telephone\":\"0384254272\",\"email\":\"contact@csj-emballages.com\"}]}]}<\/script>\n<!-- \/ Yoast SEO Premium plugin. -->","yoast_head_json":{"title":"Caixa de cart\u00e3o para panetone 245 x 245 x 190 mm","description":"Forma para panetones em cart\u00e3o com pega. Capacidade de 750 g a 1 kg - robusta, pr\u00e1tica e elegante para os seus bonitos panetones.","robots":{"index":"index","follow":"follow","max-snippet":"max-snippet:-1","max-image-preview":"max-image-preview:large","max-video-preview":"max-video-preview:-1"},"canonical":"https:\/\/www.csj-emballages.com\/pt-pt\/produit\/caixa-de-cartao-para-panetones-245-x-245-x-190-mm\/","og_locale":"pt_PT","og_type":"article","og_title":"Caixa de cart\u00e3o para panetones 245 x 245 x 190 mm","og_description":"Forma para panetones em cart\u00e3o com pega. Capacidade de 750 g a 1 kg - robusta, pr\u00e1tica e elegante para os seus bonitos panetones.","og_url":"https:\/\/www.csj-emballages.com\/pt-pt\/produit\/caixa-de-cartao-para-panetones-245-x-245-x-190-mm\/","og_site_name":"CSJ Emballages","article_publisher":"https:\/\/www.facebook.com\/csjemballages","article_modified_time":"2026-04-03T00:11:56+00:00","og_image":[{"width":800,"height":800,"url":"https:\/\/www.csj-emballages.com\/wp-content\/uploads\/2025\/09\/139467.webp","type":"image\/webp"}],"twitter_card":"summary_large_image","twitter_misc":{"Tempo estimado de leitura":"2 minutos"},"schema":{"@context":"https:\/\/schema.org","@graph":[{"@type":"WebPage","@id":"https:\/\/www.csj-emballages.com\/pt-pt\/produit\/caixa-de-cartao-para-panetones-245-x-245-x-190-mm\/","url":"https:\/\/www.csj-emballages.com\/pt-pt\/produit\/caixa-de-cartao-para-panetones-245-x-245-x-190-mm\/","name":"Caixa de cart\u00e3o para panetone 245 x 245 x 190 mm","isPartOf":{"@id":"https:\/\/www.csj-emballages.com\/pt-pt\/#website"},"primaryImageOfPage":{"@id":"https:\/\/www.csj-emballages.com\/pt-pt\/produit\/caixa-de-cartao-para-panetones-245-x-245-x-190-mm\/#primaryimage"},"image":{"@id":"https:\/\/www.csj-emballages.com\/pt-pt\/produit\/caixa-de-cartao-para-panetones-245-x-245-x-190-mm\/#primaryimage"},"thumbnailUrl":"https:\/\/www.csj-emballages.com\/wp-content\/uploads\/2025\/09\/139467.webp","datePublished":"2025-09-18T14:19:11+00:00","dateModified":"2026-04-03T00:11:56+00:00","description":"Forma para panetones em cart\u00e3o com pega. Capacidade de 750 g a 1 kg - robusta, pr\u00e1tica e elegante para os seus bonitos panetones.","breadcrumb":{"@id":"https:\/\/www.csj-emballages.com\/pt-pt\/produit\/caixa-de-cartao-para-panetones-245-x-245-x-190-mm\/#breadcrumb"},"inLanguage":"pt-PT","potentialAction":[{"@type":"ReadAction","target":["https:\/\/www.csj-emballages.com\/pt-pt\/produit\/caixa-de-cartao-para-panetones-245-x-245-x-190-mm\/"]}]},{"@type":"ImageObject","inLanguage":"pt-PT","@id":"https:\/\/www.csj-emballages.com\/pt-pt\/produit\/caixa-de-cartao-para-panetones-245-x-245-x-190-mm\/#primaryimage","url":"https:\/\/www.csj-emballages.com\/wp-content\/uploads\/2025\/09\/139467.webp","contentUrl":"https:\/\/www.csj-emballages.com\/wp-content\/uploads\/2025\/09\/139467.webp","width":800,"height":800,"caption":"Boite panettone"},{"@type":"BreadcrumbList","@id":"https:\/\/www.csj-emballages.com\/pt-pt\/produit\/caixa-de-cartao-para-panetones-245-x-245-x-190-mm\/#breadcrumb","itemListElement":[{"@type":"ListItem","position":1,"name":"Acolhimento","item":"https:\/\/www.csj-emballages.com\/pt-pt\/universo-das-embalagens-alimentares\/"},{"@type":"ListItem","position":2,"name":"Shop","item":"https:\/\/www.csj-emballages.com\/shop\/"},{"@type":"ListItem","position":3,"name":"Caixa de cart\u00e3o para panetones 245 x 245 x 190 mm"}]},{"@type":"WebSite","@id":"https:\/\/www.csj-emballages.com\/pt-pt\/#website","url":"https:\/\/www.csj-emballages.com\/pt-pt\/","name":"CSJ Emballages","description":"","publisher":{"@id":"https:\/\/www.csj-emballages.com\/pt-pt\/#organization"},"potentialAction":[{"@type":"SearchAction","target":{"@type":"EntryPoint","urlTemplate":"https:\/\/www.csj-emballages.com\/pt-pt\/?s={search_term_string}"},"query-input":{"@type":"PropertyValueSpecification","valueRequired":true,"valueName":"search_term_string"}}],"inLanguage":"pt-PT"},{"@type":"Organization","@id":"https:\/\/www.csj-emballages.com\/pt-pt\/#Organization\/","name":"CSJ Emballages","url":"https:\/\/www.csj-emballages.com\/pt-pt\/","logo":{"@type":"ImageObject","inLanguage":"pt-PT","@id":"https:\/\/www.csj-emballages.com\/pt-pt\/#\/schema\/logo\/image\/","url":"https:\/\/www.csj-emballages.com\/wp-content\/uploads\/2023\/10\/logo_csj.webp","contentUrl":"https:\/\/www.csj-emballages.com\/wp-content\/uploads\/2023\/10\/logo_csj.webp","width":250,"height":95,"caption":"CSJ Emballages"},"image":{"@id":"https:\/\/www.csj-emballages.com\/pt-pt\/#\/schema\/logo\/image\/"},"sameAs":["https:\/\/www.facebook.com\/csjemballages"],"address":{"@type":"PostalAddress","streetAddress":"ZI La Lechere","addressLocality":"Patornay","postalCode":"39130","addressCountry":"FR"},"contactPoint":[{"@type":"ContactPoint","contactType":"Service client","telephone":"0384254272","email":"contact@csj-emballages.com"}]}]}},"df_price":2.09,"df_sale_price":"","df_regular_price":2.09,"df_image_link":"https:\/\/www.csj-emballages.com\/wp-content\/uploads\/2025\/09\/139467-300x300.webp","tiered_pricing_type":"fixed","tiered_pricing_fixed_rules":[],"tiered_pricing_percentage_rules":[],"tiered_pricing_minimum":1,"tiered_pricing_roles_data":[],"_links":{"self":[{"href":"https:\/\/www.csj-emballages.com\/pt-pt\/wp-json\/wp\/v2\/product\/249115","targetHints":{"allow":["GET"]}}],"collection":[{"href":"https:\/\/www.csj-emballages.com\/pt-pt\/wp-json\/wp\/v2\/product"}],"about":[{"href":"https:\/\/www.csj-emballages.com\/pt-pt\/wp-json\/wp\/v2\/types\/product"}],"wp:featuredmedia":[{"embeddable":true,"href":"https:\/\/www.csj-emballages.com\/pt-pt\/wp-json\/wp\/v2\/media\/249111"}],"wp:attachment":[{"href":"https:\/\/www.csj-emballages.com\/pt-pt\/wp-json\/wp\/v2\/media?parent=249115"}],"wp:term":[{"taxonomy":"product_brand","embeddable":true,"href":"https:\/\/www.csj-emballages.com\/pt-pt\/wp-json\/wp\/v2\/product_brand?post=249115"},{"taxonomy":"product_cat","embeddable":true,"href":"https:\/\/www.csj-emballages.com\/pt-pt\/wp-json\/wp\/v2\/product_cat?post=249115"},{"taxonomy":"product_tag","embeddable":true,"href":"https:\/\/www.csj-emballages.com\/pt-pt\/wp-json\/wp\/v2\/product_tag?post=249115"}],"curies":[{"name":"wp","href":"https:\/\/api.w.org\/{rel}","templated":true}]}}