{"id":248217,"date":"2025-09-18T16:18:45","date_gmt":"2025-09-18T14:18:45","guid":{"rendered":"https:\/\/www.csj-emballages.com\/produit\/cesto-de-cartao-vermelho-380-x-300-x-100-mm\/"},"modified":"2026-03-12T16:05:55","modified_gmt":"2026-03-12T15:05:55","slug":"cesto-de-cartao-vermelho-380-x-300-x-100-mm","status":"publish","type":"product","link":"https:\/\/www.csj-emballages.com\/pt-pt\/produit\/cesto-de-cartao-vermelho-380-x-300-x-100-mm\/","title":{"rendered":"Cesto de cart\u00e3o vermelho 380 x 300 x 100 mm"},"content":{"rendered":"<h2 class=\"p1\">Cesto de cart\u00e3o vermelho<\/h2>\n<hr>\n<h3>Descri\u00e7\u00e3o do nosso cesto de cart\u00e3o vermelho 380 x 300 x 100 mm<\/h3>\n<p><!--more--><\/p>\n<p data-start=\"150\" data-end=\"557\">D\u00ea um toque de eleg\u00e2ncia aos seus presentes ou apresenta\u00e7\u00f5es com o nosso <strong>cesto de cart\u00e3o vermelho de 380 x 300 x 100 mm<\/strong>. Este <strong>recipiente de forma hexagonal<\/strong> \u00e9 perfeito para embrulhar, apresentar ou exibir os seus produtos alimentares e vinhos. Gra\u00e7as ao seu design requintado e \u00e0 sua <strong>cor vermelha vibrante<\/strong>, este <strong>cesto de cart\u00e3o<\/strong> chama instantaneamente a aten\u00e7\u00e3o e ir\u00e1 real\u00e7ar as suas cria\u00e7\u00f5es.  <\/p>\n<p data-start=\"559\" data-end=\"959\">Fabricado em <strong>cart\u00e3o r\u00edgido<\/strong>, permite guardar de forma segura mesmo os produtos pesados ou volumosos. Quer seja artes\u00e3o, fornecedor de refei\u00e7\u00f5es, dono de uma charcutaria, pasteleiro ou comerciante de vinhos, este <strong>cesto vermelho<\/strong> pode ser adaptado a todas as suas necessidades. Pode colocar nele <strong>garrafas de vinho<\/strong>, <strong>produtos locais<\/strong>, <strong>doces<\/strong> ou <strong>pequenos presentes gourmet<\/strong>.  <\/p>\n<p data-start=\"961\" data-end=\"1261\">A sua <strong>forma hexagonal original<\/strong> permite tamb\u00e9m uma apresenta\u00e7\u00e3o harmoniosa, ideal para caixas de oferta, arranjos festivos ou vitrinas. Combina solidez, est\u00e9tica e funcionalidade, o que a torna a escolha perfeita para profissionais exigentes. <\/p>\n<p data-start=\"1263\" data-end=\"1523\"><strong>F\u00e1cil de montar e de manusear<\/strong>, este <strong>cesto<\/strong> permite poupar muito tempo aquando do acondicionamento. Por \u00faltimo, mas n\u00e3o menos importante, o seu <strong>material recicl\u00e1vel<\/strong> torna-o uma embalagem amiga do ambiente, em linha com as expectativas actuais dos consumidores. <\/p>\n<p data-start=\"1525\" data-end=\"1670\">Em suma, este <strong>cesto de cart\u00e3o vermelho<\/strong> alia design, praticidade e responsabilidade ecol\u00f3gica, fazendo com que os seus produtos se destaquem da multid\u00e3o.<\/p>\n<p data-start=\"1378\" data-end=\"1605\"><!--more--><\/p>\n<h4 data-start=\"1378\" data-end=\"1605\">Vantagens :<\/h4>\n<ul>\n<li data-start=\"1717\" data-end=\"1790\"><strong data-start=\"1719\" data-end=\"1753\">Design elegante e cores vivas<\/strong> para apresenta\u00e7\u00f5es atractivas<\/li>\n<li data-start=\"1793\" data-end=\"1871\"><strong data-start=\"1795\" data-end=\"1815\">Forma hexagonal<\/strong> \u00fanica para uma melhor apresenta\u00e7\u00e3o do produto<\/li>\n<li data-start=\"1874\" data-end=\"1944\"><strong data-start=\"1876\" data-end=\"1910\">Cart\u00e3o resistente e recicl\u00e1vel<\/strong>, respeitador do ambiente<\/li>\n<li data-start=\"1947\" data-end=\"2034\"><strong data-start=\"1949\" data-end=\"1964\">Vers\u00e1til<\/strong>: ideal para produtos alimentares, vinho ou objectos decorativos<\/li>\n<li data-start=\"2037\" data-end=\"2080\"><strong data-start=\"2039\" data-end=\"2078\">F\u00e1cil de montar e de transportar<\/strong>.<\/li>\n<\/ul>\n<p>&nbsp;<\/p>\n<p><!--more--><\/p>\n<h4>Outras informa\u00e7\u00f5es :<\/h4>\n<ul>\n<li><strong>Embalagem<\/strong>: Por unidade<\/li>\n<li><strong>Dimens\u00f5es<\/strong>: 380 x 300 x 100 mm<\/li>\n<li><strong>Material<\/strong>: Cart\u00e3o<\/li>\n<li><strong>Cor<\/strong>: vermelho<\/li>\n<li><strong>Forma<\/strong>: Hex\u00e1gono<\/li>\n<\/ul>\n<p>&nbsp;<\/p>\n<p><!--more--><\/p>\n<p>Este cesto de cart\u00e3o vermelho est\u00e1 dispon\u00edvel num tamanho mais pequeno: <span style=\"color: #d12727;\"><a style=\"color: #d12727;\" href=\"https:\/\/www.csj-emballages.com\/es\/produit\/cesta-de-carton-roja-290-x-230-x-85-mm\/\">290 x 230 x 85 mm<\/a><\/span><\/p>\n<p>&nbsp;<\/p>\n<p><!--more--><\/p>\n<p><a href=\"\/?product_cat=panier-corbeille\">Consulte o resto da nossa gama de cestos<\/a><\/p>\n","protected":false},"excerpt":{"rendered":"<p>Cesto de cart\u00e3o vermelho Descri\u00e7\u00e3o do nosso cesto de cart\u00e3o vermelho 380 x 300 x 100 mm<\/p>\n","protected":false},"featured_media":248211,"template":"","meta":{"_acf_changed":false},"product_brand":[],"product_cat":[1141,1482,3922,3065],"product_tag":[],"class_list":{"0":"post-248217","1":"product","2":"type-product","3":"status-publish","4":"has-post-thumbnail","6":"product_cat-embalagem-de-alimentos","7":"product_cat-loja-e-armazem","8":"product_cat-acessorios-e-equipamentos-pt-pt","9":"product_cat-cesto-de-vime","11":"first","12":"outofstock","13":"taxable","14":"shipping-taxable","15":"purchasable","16":"product-type-simple"},"acf":[],"yoast_head":"<!-- This site is optimized with the Yoast SEO Premium plugin v26.6 (Yoast SEO v26.6) - https:\/\/yoast.com\/wordpress\/plugins\/seo\/ -->\n<title>Caixote do lixo de cart\u00e3o vermelho 380 x 300 x 100 mm<\/title>\n<meta name=\"description\" content=\"Cesto hexagonal de cart\u00e3o vermelho 380 x 300 x 100 mm, elegante e resistente, ideal para embalar ou expor os seus produtos gourmet e presentes.\" \/>\n<meta name=\"robots\" content=\"index, follow, max-snippet:-1, max-image-preview:large, max-video-preview:-1\" \/>\n<link rel=\"canonical\" href=\"https:\/\/www.csj-emballages.com\/pt-pt\/produit\/cesto-de-cartao-vermelho-380-x-300-x-100-mm\/\" \/>\n<meta property=\"og:locale\" content=\"pt_PT\" \/>\n<meta property=\"og:type\" content=\"article\" \/>\n<meta property=\"og:title\" content=\"Cesto de cart\u00e3o vermelho 380 x 300 x 100 mm\" \/>\n<meta property=\"og:description\" content=\"Cesto hexagonal de cart\u00e3o vermelho 380 x 300 x 100 mm, elegante e resistente, ideal para embalar ou expor os seus produtos gourmet e presentes.\" \/>\n<meta property=\"og:url\" content=\"https:\/\/www.csj-emballages.com\/pt-pt\/produit\/cesto-de-cartao-vermelho-380-x-300-x-100-mm\/\" \/>\n<meta property=\"og:site_name\" content=\"CSJ Emballages\" \/>\n<meta property=\"article:publisher\" content=\"https:\/\/www.facebook.com\/csjemballages\" \/>\n<meta property=\"article:modified_time\" content=\"2026-03-12T15:05:55+00:00\" \/>\n<meta property=\"og:image\" content=\"https:\/\/www.csj-emballages.com\/wp-content\/uploads\/2025\/09\/130425.webp\" \/>\n\t<meta property=\"og:image:width\" content=\"800\" \/>\n\t<meta property=\"og:image:height\" content=\"799\" \/>\n\t<meta property=\"og:image:type\" content=\"image\/webp\" \/>\n<meta name=\"twitter:card\" content=\"summary_large_image\" \/>\n<meta name=\"twitter:label1\" content=\"Tempo estimado de leitura\" \/>\n\t<meta name=\"twitter:data1\" content=\"2 minutos\" \/>\n<script type=\"application\/ld+json\" class=\"yoast-schema-graph\">{\"@context\":\"https:\/\/schema.org\",\"@graph\":[{\"@type\":\"WebPage\",\"@id\":\"https:\/\/www.csj-emballages.com\/pt-pt\/produit\/cesto-de-cartao-vermelho-380-x-300-x-100-mm\/\",\"url\":\"https:\/\/www.csj-emballages.com\/pt-pt\/produit\/cesto-de-cartao-vermelho-380-x-300-x-100-mm\/\",\"name\":\"Caixote do lixo de cart\u00e3o vermelho 380 x 300 x 100 mm\",\"isPartOf\":{\"@id\":\"https:\/\/www.csj-emballages.com\/pt-pt\/#website\"},\"primaryImageOfPage\":{\"@id\":\"https:\/\/www.csj-emballages.com\/pt-pt\/produit\/cesto-de-cartao-vermelho-380-x-300-x-100-mm\/#primaryimage\"},\"image\":{\"@id\":\"https:\/\/www.csj-emballages.com\/pt-pt\/produit\/cesto-de-cartao-vermelho-380-x-300-x-100-mm\/#primaryimage\"},\"thumbnailUrl\":\"https:\/\/www.csj-emballages.com\/wp-content\/uploads\/2025\/09\/130425.webp\",\"datePublished\":\"2025-09-18T14:18:45+00:00\",\"dateModified\":\"2026-03-12T15:05:55+00:00\",\"description\":\"Cesto hexagonal de cart\u00e3o vermelho 380 x 300 x 100 mm, elegante e resistente, ideal para embalar ou expor os seus produtos gourmet e presentes.\",\"breadcrumb\":{\"@id\":\"https:\/\/www.csj-emballages.com\/pt-pt\/produit\/cesto-de-cartao-vermelho-380-x-300-x-100-mm\/#breadcrumb\"},\"inLanguage\":\"pt-PT\",\"potentialAction\":[{\"@type\":\"ReadAction\",\"target\":[\"https:\/\/www.csj-emballages.com\/pt-pt\/produit\/cesto-de-cartao-vermelho-380-x-300-x-100-mm\/\"]}]},{\"@type\":\"ImageObject\",\"inLanguage\":\"pt-PT\",\"@id\":\"https:\/\/www.csj-emballages.com\/pt-pt\/produit\/cesto-de-cartao-vermelho-380-x-300-x-100-mm\/#primaryimage\",\"url\":\"https:\/\/www.csj-emballages.com\/wp-content\/uploads\/2025\/09\/130425.webp\",\"contentUrl\":\"https:\/\/www.csj-emballages.com\/wp-content\/uploads\/2025\/09\/130425.webp\",\"width\":800,\"height\":799,\"caption\":\"Corbeille carton rouge\"},{\"@type\":\"BreadcrumbList\",\"@id\":\"https:\/\/www.csj-emballages.com\/pt-pt\/produit\/cesto-de-cartao-vermelho-380-x-300-x-100-mm\/#breadcrumb\",\"itemListElement\":[{\"@type\":\"ListItem\",\"position\":1,\"name\":\"Acolhimento\",\"item\":\"https:\/\/www.csj-emballages.com\/pt-pt\/universo-das-embalagens-alimentares\/\"},{\"@type\":\"ListItem\",\"position\":2,\"name\":\"Shop\",\"item\":\"https:\/\/www.csj-emballages.com\/shop\/\"},{\"@type\":\"ListItem\",\"position\":3,\"name\":\"Cesto de cart\u00e3o vermelho 380 x 300 x 100 mm\"}]},{\"@type\":\"WebSite\",\"@id\":\"https:\/\/www.csj-emballages.com\/pt-pt\/#website\",\"url\":\"https:\/\/www.csj-emballages.com\/pt-pt\/\",\"name\":\"CSJ Emballages\",\"description\":\"\",\"publisher\":{\"@id\":\"https:\/\/www.csj-emballages.com\/pt-pt\/#organization\"},\"potentialAction\":[{\"@type\":\"SearchAction\",\"target\":{\"@type\":\"EntryPoint\",\"urlTemplate\":\"https:\/\/www.csj-emballages.com\/pt-pt\/?s={search_term_string}\"},\"query-input\":{\"@type\":\"PropertyValueSpecification\",\"valueRequired\":true,\"valueName\":\"search_term_string\"}}],\"inLanguage\":\"pt-PT\"},{\"@type\":\"Organization\",\"@id\":\"https:\/\/www.csj-emballages.com\/pt-pt\/#Organization\/\",\"name\":\"CSJ Emballages\",\"url\":\"https:\/\/www.csj-emballages.com\/pt-pt\/\",\"logo\":{\"@type\":\"ImageObject\",\"inLanguage\":\"pt-PT\",\"@id\":\"https:\/\/www.csj-emballages.com\/pt-pt\/#\/schema\/logo\/image\/\",\"url\":\"https:\/\/www.csj-emballages.com\/wp-content\/uploads\/2023\/10\/logo_csj.webp\",\"contentUrl\":\"https:\/\/www.csj-emballages.com\/wp-content\/uploads\/2023\/10\/logo_csj.webp\",\"width\":250,\"height\":95,\"caption\":\"CSJ Emballages\"},\"image\":{\"@id\":\"https:\/\/www.csj-emballages.com\/pt-pt\/#\/schema\/logo\/image\/\"},\"sameAs\":[\"https:\/\/www.facebook.com\/csjemballages\"],\"address\":{\"@type\":\"PostalAddress\",\"streetAddress\":\"ZI La Lechere\",\"addressLocality\":\"Patornay\",\"postalCode\":\"39130\",\"addressCountry\":\"FR\"},\"contactPoint\":[{\"@type\":\"ContactPoint\",\"contactType\":\"Service client\",\"telephone\":\"0384254272\",\"email\":\"contact@csj-emballages.com\"}]}]}<\/script>\n<!-- \/ Yoast SEO Premium plugin. -->","yoast_head_json":{"title":"Caixote do lixo de cart\u00e3o vermelho 380 x 300 x 100 mm","description":"Cesto hexagonal de cart\u00e3o vermelho 380 x 300 x 100 mm, elegante e resistente, ideal para embalar ou expor os seus produtos gourmet e presentes.","robots":{"index":"index","follow":"follow","max-snippet":"max-snippet:-1","max-image-preview":"max-image-preview:large","max-video-preview":"max-video-preview:-1"},"canonical":"https:\/\/www.csj-emballages.com\/pt-pt\/produit\/cesto-de-cartao-vermelho-380-x-300-x-100-mm\/","og_locale":"pt_PT","og_type":"article","og_title":"Cesto de cart\u00e3o vermelho 380 x 300 x 100 mm","og_description":"Cesto hexagonal de cart\u00e3o vermelho 380 x 300 x 100 mm, elegante e resistente, ideal para embalar ou expor os seus produtos gourmet e presentes.","og_url":"https:\/\/www.csj-emballages.com\/pt-pt\/produit\/cesto-de-cartao-vermelho-380-x-300-x-100-mm\/","og_site_name":"CSJ Emballages","article_publisher":"https:\/\/www.facebook.com\/csjemballages","article_modified_time":"2026-03-12T15:05:55+00:00","og_image":[{"width":800,"height":799,"url":"https:\/\/www.csj-emballages.com\/wp-content\/uploads\/2025\/09\/130425.webp","type":"image\/webp"}],"twitter_card":"summary_large_image","twitter_misc":{"Tempo estimado de leitura":"2 minutos"},"schema":{"@context":"https:\/\/schema.org","@graph":[{"@type":"WebPage","@id":"https:\/\/www.csj-emballages.com\/pt-pt\/produit\/cesto-de-cartao-vermelho-380-x-300-x-100-mm\/","url":"https:\/\/www.csj-emballages.com\/pt-pt\/produit\/cesto-de-cartao-vermelho-380-x-300-x-100-mm\/","name":"Caixote do lixo de cart\u00e3o vermelho 380 x 300 x 100 mm","isPartOf":{"@id":"https:\/\/www.csj-emballages.com\/pt-pt\/#website"},"primaryImageOfPage":{"@id":"https:\/\/www.csj-emballages.com\/pt-pt\/produit\/cesto-de-cartao-vermelho-380-x-300-x-100-mm\/#primaryimage"},"image":{"@id":"https:\/\/www.csj-emballages.com\/pt-pt\/produit\/cesto-de-cartao-vermelho-380-x-300-x-100-mm\/#primaryimage"},"thumbnailUrl":"https:\/\/www.csj-emballages.com\/wp-content\/uploads\/2025\/09\/130425.webp","datePublished":"2025-09-18T14:18:45+00:00","dateModified":"2026-03-12T15:05:55+00:00","description":"Cesto hexagonal de cart\u00e3o vermelho 380 x 300 x 100 mm, elegante e resistente, ideal para embalar ou expor os seus produtos gourmet e presentes.","breadcrumb":{"@id":"https:\/\/www.csj-emballages.com\/pt-pt\/produit\/cesto-de-cartao-vermelho-380-x-300-x-100-mm\/#breadcrumb"},"inLanguage":"pt-PT","potentialAction":[{"@type":"ReadAction","target":["https:\/\/www.csj-emballages.com\/pt-pt\/produit\/cesto-de-cartao-vermelho-380-x-300-x-100-mm\/"]}]},{"@type":"ImageObject","inLanguage":"pt-PT","@id":"https:\/\/www.csj-emballages.com\/pt-pt\/produit\/cesto-de-cartao-vermelho-380-x-300-x-100-mm\/#primaryimage","url":"https:\/\/www.csj-emballages.com\/wp-content\/uploads\/2025\/09\/130425.webp","contentUrl":"https:\/\/www.csj-emballages.com\/wp-content\/uploads\/2025\/09\/130425.webp","width":800,"height":799,"caption":"Corbeille carton rouge"},{"@type":"BreadcrumbList","@id":"https:\/\/www.csj-emballages.com\/pt-pt\/produit\/cesto-de-cartao-vermelho-380-x-300-x-100-mm\/#breadcrumb","itemListElement":[{"@type":"ListItem","position":1,"name":"Acolhimento","item":"https:\/\/www.csj-emballages.com\/pt-pt\/universo-das-embalagens-alimentares\/"},{"@type":"ListItem","position":2,"name":"Shop","item":"https:\/\/www.csj-emballages.com\/shop\/"},{"@type":"ListItem","position":3,"name":"Cesto de cart\u00e3o vermelho 380 x 300 x 100 mm"}]},{"@type":"WebSite","@id":"https:\/\/www.csj-emballages.com\/pt-pt\/#website","url":"https:\/\/www.csj-emballages.com\/pt-pt\/","name":"CSJ Emballages","description":"","publisher":{"@id":"https:\/\/www.csj-emballages.com\/pt-pt\/#organization"},"potentialAction":[{"@type":"SearchAction","target":{"@type":"EntryPoint","urlTemplate":"https:\/\/www.csj-emballages.com\/pt-pt\/?s={search_term_string}"},"query-input":{"@type":"PropertyValueSpecification","valueRequired":true,"valueName":"search_term_string"}}],"inLanguage":"pt-PT"},{"@type":"Organization","@id":"https:\/\/www.csj-emballages.com\/pt-pt\/#Organization\/","name":"CSJ Emballages","url":"https:\/\/www.csj-emballages.com\/pt-pt\/","logo":{"@type":"ImageObject","inLanguage":"pt-PT","@id":"https:\/\/www.csj-emballages.com\/pt-pt\/#\/schema\/logo\/image\/","url":"https:\/\/www.csj-emballages.com\/wp-content\/uploads\/2023\/10\/logo_csj.webp","contentUrl":"https:\/\/www.csj-emballages.com\/wp-content\/uploads\/2023\/10\/logo_csj.webp","width":250,"height":95,"caption":"CSJ Emballages"},"image":{"@id":"https:\/\/www.csj-emballages.com\/pt-pt\/#\/schema\/logo\/image\/"},"sameAs":["https:\/\/www.facebook.com\/csjemballages"],"address":{"@type":"PostalAddress","streetAddress":"ZI La Lechere","addressLocality":"Patornay","postalCode":"39130","addressCountry":"FR"},"contactPoint":[{"@type":"ContactPoint","contactType":"Service client","telephone":"0384254272","email":"contact@csj-emballages.com"}]}]}},"df_price":3.14,"df_sale_price":"","df_regular_price":3.14,"df_image_link":"https:\/\/www.csj-emballages.com\/wp-content\/uploads\/2025\/09\/130425-300x300.webp","tiered_pricing_type":"fixed","tiered_pricing_fixed_rules":[],"tiered_pricing_percentage_rules":[],"tiered_pricing_minimum":1,"tiered_pricing_roles_data":[],"_links":{"self":[{"href":"https:\/\/www.csj-emballages.com\/pt-pt\/wp-json\/wp\/v2\/product\/248217","targetHints":{"allow":["GET"]}}],"collection":[{"href":"https:\/\/www.csj-emballages.com\/pt-pt\/wp-json\/wp\/v2\/product"}],"about":[{"href":"https:\/\/www.csj-emballages.com\/pt-pt\/wp-json\/wp\/v2\/types\/product"}],"wp:featuredmedia":[{"embeddable":true,"href":"https:\/\/www.csj-emballages.com\/pt-pt\/wp-json\/wp\/v2\/media\/248211"}],"wp:attachment":[{"href":"https:\/\/www.csj-emballages.com\/pt-pt\/wp-json\/wp\/v2\/media?parent=248217"}],"wp:term":[{"taxonomy":"product_brand","embeddable":true,"href":"https:\/\/www.csj-emballages.com\/pt-pt\/wp-json\/wp\/v2\/product_brand?post=248217"},{"taxonomy":"product_cat","embeddable":true,"href":"https:\/\/www.csj-emballages.com\/pt-pt\/wp-json\/wp\/v2\/product_cat?post=248217"},{"taxonomy":"product_tag","embeddable":true,"href":"https:\/\/www.csj-emballages.com\/pt-pt\/wp-json\/wp\/v2\/product_tag?post=248217"}],"curies":[{"name":"wp","href":"https:\/\/api.w.org\/{rel}","templated":true}]}}