{"id":248188,"date":"2025-09-18T16:19:03","date_gmt":"2025-09-18T14:19:03","guid":{"rendered":"https:\/\/www.csj-emballages.com\/produit\/regua-de-macarrao-em-cartao-kraft-160-x-100-x-50-mm-20-unidades\/"},"modified":"2026-04-18T02:11:39","modified_gmt":"2026-04-18T00:11:39","slug":"regua-de-macarrao-em-cartao-kraft-160-x-100-x-50-mm-20-unidades","status":"publish","type":"product","link":"https:\/\/www.csj-emballages.com\/pt-pt\/produit\/regua-de-macarrao-em-cartao-kraft-160-x-100-x-50-mm-20-unidades\/","title":{"rendered":"R\u00e9gua para macarr\u00e3o em cart\u00e3o kraft 160 x 100 x 50 mm (10)"},"content":{"rendered":"<h2 class=\"p1\">R\u00e9gua de macarr\u00e3o<\/h2>\n<hr>\n<h3>Descri\u00e7\u00e3o da nossa r\u00e9gua para macarons em cart\u00e3o kraft 160 x 100 x 50 mm, 10 unidades<\/h3>\n<p><!--more--><\/p>\n<p data-start=\"100\" data-end=\"597\">D\u00ea \u00e0s suas cria\u00e7\u00f5es doces uma caixa \u00e0 altura do seu requinte com a nossa <strong>caixa para macarons em cart\u00e3o kraft<\/strong> <strong>160 x 100 x 50 mm<\/strong>. Elegante e pr\u00e1tica, esta caixa foi concebida para valorizar os seus <strong data-start=\"320\" data-end=\"370\">macarons, chocolates ou doces caseiros<\/strong>, protegendo-os durante o transporte. Gra\u00e7as \u00e0 sua <strong data-start=\"438\" data-end=\"462\">base com dois rebordos<\/strong> e \u00e0 <strong data-start=\"469\" data-end=\"494\">banda de cart\u00e3o esticado<\/strong>, oferece <strong>uma excelente<\/strong> <strong data-start=\"511\" data-end=\"532\">rigidez<\/strong> e <strong data-start=\"540\" data-end=\"560\">uma fixa\u00e7\u00e3o impec\u00e1vel<\/strong>, mesmo ap\u00f3s repetidas manipula\u00e7\u00f5es.  <\/p>\n<p data-start=\"599\" data-end=\"992\">Fabricada em <strong data-start=\"612\" data-end=\"645\">cart\u00e3o<\/strong>, esta caixa combina solidez e est\u00e9tica. Com efeito, a sua <strong data-start=\"699\" data-end=\"732\">cor kraft suave e natural<\/strong> atrai imediatamente o olhar e transmite uma imagem de <strong data-start=\"789\" data-end=\"828\">delicadeza e profissionalismo<\/strong>. Seja pasteleiro, chocolateiro ou fornecedor de catering, esta <strong>r\u00e9gua para macarons<\/strong> ser\u00e1 a sua aliada para <strong data-start=\"924\" data-end=\"954\">sublimar as suas apresenta\u00e7\u00f5es<\/strong> e refor\u00e7ar a sua imagem de marca.<\/p>\n<p data-start=\"994\" data-end=\"1290\">Da mesma forma, a sua <strong data-start=\"1007\" data-end=\"1025\">montagem r\u00e1pida<\/strong> e o seu <strong data-start=\"1032\" data-end=\"1055\">fecho seguro<\/strong> tornam-na uma escolha ideal para o <strong data-start=\"1087\" data-end=\"1115\">acondicionamento em s\u00e9rie<\/strong> ou as <strong data-start=\"1123\" data-end=\"1147\">encomendas para levar<\/strong>. Encaixa facilmente num saco ou numa caixa de presente e permanece perfeitamente <strong data-start=\"1229\" data-end=\"1242\">empilh\u00e1vel<\/strong>.<\/p>\n<p data-start=\"1292\" data-end=\"1672\">Em suma, esta <strong>r\u00e9gua para macarons em cart\u00e3o kraft<\/strong> alia <strong data-start=\"1348\" data-end=\"1383\">design, praticidade e resist\u00eancia<\/strong>. Al\u00e9m disso, \u00e9 perfeita para apresentar os seus doces com <strong data-start=\"1436\" data-end=\"1463\">eleg\u00e2ncia e originalidade<\/strong>. Porque cada detalhe conta, escolha uma embalagem que reflita a <strong data-start=\"1605\" data-end=\"1627\">qualidade e o cuidado<\/strong> que dedica \u00e0s suas cria\u00e7\u00f5es doces.<\/p>\n<p data-start=\"1378\" data-end=\"1605\"><!--more--><\/p>\n<h4 data-start=\"1378\" data-end=\"1605\">Vantagens :<\/h4>\n<ul>\n<li data-start=\"1711\" data-end=\"1772\"><strong data-start=\"1711\" data-end=\"1744\">Cart\u00e3o r\u00edgido com rebordo duplo<\/strong> para uma excelente fixa\u00e7\u00e3o.<\/li>\n<li data-start=\"1775\" data-end=\"1839\"><strong data-start=\"1775\" data-end=\"1791\">Cor kraft<\/strong> s\u00f3bria, perfeita para mostrar as suas cria\u00e7\u00f5es.<\/li>\n<li data-start=\"1842\" data-end=\"1902\"><strong data-start=\"1842\" data-end=\"1900\">Ideal para macarons, chocolates ou pequenos produtos de pastelaria.<\/strong><\/li>\n<li data-start=\"1905\" data-end=\"1945\"><strong data-start=\"1905\" data-end=\"1923\">Montagem f\u00e1cil<\/strong> e fecho s\u00f3lido.<\/li>\n<li data-start=\"1948\" data-end=\"2013\"><strong data-start=\"1948\" data-end=\"1966\">Tamanho compacto<\/strong> (160 x 100 x 50 mm) para um transporte f\u00e1cil.<\/li>\n<li data-start=\"2016\" data-end=\"2079\"><strong data-start=\"2016\" data-end=\"2036\">Embalagem de 10 caixas<\/strong>, econ\u00f3mica e adequada para profissionais.<\/li>\n<\/ul>\n<p>&nbsp;<\/p>\n<p><!--more--><\/p>\n<h4>Outras informa\u00e7\u00f5es :<\/h4>\n<ul>\n<li><strong>Embalagem<\/strong>: Pacote de 10<\/li>\n<li><strong>Dimens\u00f5es<\/strong>: 160 x 100 x 50 mm<\/li>\n<li><strong>Material<\/strong>: Cart\u00e3o<\/li>\n<li><strong>Capacidade<\/strong>: 5-6 macarons<\/li>\n<li><strong>Cor<\/strong>: Kraft \/ Branco<\/li>\n<\/ul>\n<p>&nbsp;<\/p>\n<p><!--more--><\/p>\n<p>Esta r\u00e9gua para macarr\u00e3o est\u00e1 dispon\u00edvel em diferentes tamanhos: <span style=\"color: #d12727\"><a style=\"color: #d12727\" href=\"https:\/\/www.csj-emballages.com\/produit\/reglette-macarons-carton-kraft-80-x-50-x-50-mm-par-20\/\">80 x 50 x 50 mm<\/a><\/span> \/ <span style=\"color: #d12727\"><a style=\"color: #d12727\" href=\"https:\/\/www.csj-emballages.com\/produit\/reglette-macarons-carton-kraft-160-x-50-x-50-mm-par-20\/\">160 x 50 x 50 mm<\/a><\/span><\/p>\n<p>&nbsp;<\/p>\n<p><!--more--><\/p>\n<p><a href=\"https:\/\/www.csj-emballages.com\/pt-pt\/categorie-produit\/embalagem-de-alimentos\/padaria-e-pastelaria\/caixas-e-estojos\/caixas-estojos-para-macarons\/reguas-de-macarrao\/\">Consulte o resto da nossa gama de r\u00e9guas para macarons<\/a><\/p>\n","protected":false},"excerpt":{"rendered":"<p>R\u00e9gua de macarr\u00e3o Descri\u00e7\u00e3o da nossa r\u00e9gua para macarons em cart\u00e3o kraft 160 x 100 x 50 mm, 10 unidades<\/p>\n","protected":false},"featured_media":248179,"template":"","meta":{"_acf_changed":false},"product_brand":[],"product_cat":[1141,1177,3916,1732,9893],"product_tag":[],"class_list":{"0":"post-248188","1":"product","2":"type-product","3":"status-publish","4":"has-post-thumbnail","6":"product_cat-embalagem-de-alimentos","7":"product_cat-padaria-e-pastelaria","8":"product_cat-caixas-e-estojos","9":"product_cat-caixas-estojos-para-macarons","10":"product_cat-reguas-de-macarrao","12":"first","13":"instock","14":"taxable","15":"shipping-taxable","16":"purchasable","17":"product-type-simple"},"acf":[],"yoast_head":"<!-- This site is optimized with the Yoast SEO Premium plugin v26.6 (Yoast SEO v26.6) - https:\/\/yoast.com\/wordpress\/plugins\/seo\/ -->\n<title>R\u00e9gua para macarr\u00e3o em cart\u00e3o kraft 160 x 100 x 50 mm (10)<\/title>\n<meta name=\"description\" content=\"R\u00e9gua de macarons cor-de-rosa em cart\u00e3o r\u00edgido de 160 x 100 x 50 mm - elegante, resistente e ideal para expor os seus doces. Pacote de 10 para profissionais gourmet!\" \/>\n<meta name=\"robots\" content=\"index, follow, max-snippet:-1, max-image-preview:large, max-video-preview:-1\" \/>\n<link rel=\"canonical\" href=\"https:\/\/www.csj-emballages.com\/pt-pt\/produit\/regua-de-macarrao-em-cartao-kraft-160-x-100-x-50-mm-20-unidades\/\" \/>\n<meta property=\"og:locale\" content=\"pt_PT\" \/>\n<meta property=\"og:type\" content=\"article\" \/>\n<meta property=\"og:title\" content=\"R\u00e9gua para macarr\u00e3o em cart\u00e3o kraft 160 x 100 x 50 mm (10)\" \/>\n<meta property=\"og:description\" content=\"R\u00e9gua de macarons cor-de-rosa em cart\u00e3o r\u00edgido de 160 x 100 x 50 mm - elegante, resistente e ideal para expor os seus doces. Pacote de 10 para profissionais gourmet!\" \/>\n<meta property=\"og:url\" content=\"https:\/\/www.csj-emballages.com\/pt-pt\/produit\/regua-de-macarrao-em-cartao-kraft-160-x-100-x-50-mm-20-unidades\/\" \/>\n<meta property=\"og:site_name\" content=\"CSJ Emballages\" \/>\n<meta property=\"article:publisher\" content=\"https:\/\/www.facebook.com\/csjemballages\" \/>\n<meta property=\"article:modified_time\" content=\"2026-04-18T00:11:39+00:00\" \/>\n<meta property=\"og:image\" content=\"https:\/\/www.csj-emballages.com\/wp-content\/uploads\/2025\/09\/138999-1.webp\" \/>\n\t<meta property=\"og:image:width\" content=\"800\" \/>\n\t<meta property=\"og:image:height\" content=\"800\" \/>\n\t<meta property=\"og:image:type\" content=\"image\/webp\" \/>\n<meta name=\"twitter:card\" content=\"summary_large_image\" \/>\n<meta name=\"twitter:label1\" content=\"Tempo estimado de leitura\" \/>\n\t<meta name=\"twitter:data1\" content=\"2 minutos\" \/>\n<script type=\"application\/ld+json\" class=\"yoast-schema-graph\">{\"@context\":\"https:\/\/schema.org\",\"@graph\":[{\"@type\":\"WebPage\",\"@id\":\"https:\/\/www.csj-emballages.com\/pt-pt\/produit\/regua-de-macarrao-em-cartao-kraft-160-x-100-x-50-mm-20-unidades\/\",\"url\":\"https:\/\/www.csj-emballages.com\/pt-pt\/produit\/regua-de-macarrao-em-cartao-kraft-160-x-100-x-50-mm-20-unidades\/\",\"name\":\"R\u00e9gua para macarr\u00e3o em cart\u00e3o kraft 160 x 100 x 50 mm (10)\",\"isPartOf\":{\"@id\":\"https:\/\/www.csj-emballages.com\/pt-pt\/#website\"},\"primaryImageOfPage\":{\"@id\":\"https:\/\/www.csj-emballages.com\/pt-pt\/produit\/regua-de-macarrao-em-cartao-kraft-160-x-100-x-50-mm-20-unidades\/#primaryimage\"},\"image\":{\"@id\":\"https:\/\/www.csj-emballages.com\/pt-pt\/produit\/regua-de-macarrao-em-cartao-kraft-160-x-100-x-50-mm-20-unidades\/#primaryimage\"},\"thumbnailUrl\":\"https:\/\/www.csj-emballages.com\/wp-content\/uploads\/2025\/09\/138999-1.webp\",\"datePublished\":\"2025-09-18T14:19:03+00:00\",\"dateModified\":\"2026-04-18T00:11:39+00:00\",\"description\":\"R\u00e9gua de macarons cor-de-rosa em cart\u00e3o r\u00edgido de 160 x 100 x 50 mm - elegante, resistente e ideal para expor os seus doces. Pacote de 10 para profissionais gourmet!\",\"breadcrumb\":{\"@id\":\"https:\/\/www.csj-emballages.com\/pt-pt\/produit\/regua-de-macarrao-em-cartao-kraft-160-x-100-x-50-mm-20-unidades\/#breadcrumb\"},\"inLanguage\":\"pt-PT\",\"potentialAction\":[{\"@type\":\"ReadAction\",\"target\":[\"https:\/\/www.csj-emballages.com\/pt-pt\/produit\/regua-de-macarrao-em-cartao-kraft-160-x-100-x-50-mm-20-unidades\/\"]}]},{\"@type\":\"ImageObject\",\"inLanguage\":\"pt-PT\",\"@id\":\"https:\/\/www.csj-emballages.com\/pt-pt\/produit\/regua-de-macarrao-em-cartao-kraft-160-x-100-x-50-mm-20-unidades\/#primaryimage\",\"url\":\"https:\/\/www.csj-emballages.com\/wp-content\/uploads\/2025\/09\/138999-1.webp\",\"contentUrl\":\"https:\/\/www.csj-emballages.com\/wp-content\/uploads\/2025\/09\/138999-1.webp\",\"width\":800,\"height\":800,\"caption\":\"R\u00e9glette macarons\"},{\"@type\":\"BreadcrumbList\",\"@id\":\"https:\/\/www.csj-emballages.com\/pt-pt\/produit\/regua-de-macarrao-em-cartao-kraft-160-x-100-x-50-mm-20-unidades\/#breadcrumb\",\"itemListElement\":[{\"@type\":\"ListItem\",\"position\":1,\"name\":\"Acolhimento\",\"item\":\"https:\/\/www.csj-emballages.com\/pt-pt\/universo-das-embalagens-alimentares\/\"},{\"@type\":\"ListItem\",\"position\":2,\"name\":\"Shop\",\"item\":\"https:\/\/www.csj-emballages.com\/shop\/\"},{\"@type\":\"ListItem\",\"position\":3,\"name\":\"R\u00e9gua para macarr\u00e3o em cart\u00e3o kraft 160 x 100 x 50 mm (10)\"}]},{\"@type\":\"WebSite\",\"@id\":\"https:\/\/www.csj-emballages.com\/pt-pt\/#website\",\"url\":\"https:\/\/www.csj-emballages.com\/pt-pt\/\",\"name\":\"CSJ Emballages\",\"description\":\"\",\"publisher\":{\"@id\":\"https:\/\/www.csj-emballages.com\/pt-pt\/#organization\"},\"potentialAction\":[{\"@type\":\"SearchAction\",\"target\":{\"@type\":\"EntryPoint\",\"urlTemplate\":\"https:\/\/www.csj-emballages.com\/pt-pt\/?s={search_term_string}\"},\"query-input\":{\"@type\":\"PropertyValueSpecification\",\"valueRequired\":true,\"valueName\":\"search_term_string\"}}],\"inLanguage\":\"pt-PT\"},{\"@type\":\"Organization\",\"@id\":\"https:\/\/www.csj-emballages.com\/pt-pt\/#Organization\/\",\"name\":\"CSJ Emballages\",\"url\":\"https:\/\/www.csj-emballages.com\/pt-pt\/\",\"logo\":{\"@type\":\"ImageObject\",\"inLanguage\":\"pt-PT\",\"@id\":\"https:\/\/www.csj-emballages.com\/pt-pt\/#\/schema\/logo\/image\/\",\"url\":\"https:\/\/www.csj-emballages.com\/wp-content\/uploads\/2023\/10\/logo_csj.webp\",\"contentUrl\":\"https:\/\/www.csj-emballages.com\/wp-content\/uploads\/2023\/10\/logo_csj.webp\",\"width\":250,\"height\":95,\"caption\":\"CSJ Emballages\"},\"image\":{\"@id\":\"https:\/\/www.csj-emballages.com\/pt-pt\/#\/schema\/logo\/image\/\"},\"sameAs\":[\"https:\/\/www.facebook.com\/csjemballages\"],\"address\":{\"@type\":\"PostalAddress\",\"streetAddress\":\"ZI La Lechere\",\"addressLocality\":\"Patornay\",\"postalCode\":\"39130\",\"addressCountry\":\"FR\"},\"contactPoint\":[{\"@type\":\"ContactPoint\",\"contactType\":\"Service client\",\"telephone\":\"0384254272\",\"email\":\"contact@csj-emballages.com\"}]}]}<\/script>\n<!-- \/ Yoast SEO Premium plugin. -->","yoast_head_json":{"title":"R\u00e9gua para macarr\u00e3o em cart\u00e3o kraft 160 x 100 x 50 mm (10)","description":"R\u00e9gua de macarons cor-de-rosa em cart\u00e3o r\u00edgido de 160 x 100 x 50 mm - elegante, resistente e ideal para expor os seus doces. Pacote de 10 para profissionais gourmet!","robots":{"index":"index","follow":"follow","max-snippet":"max-snippet:-1","max-image-preview":"max-image-preview:large","max-video-preview":"max-video-preview:-1"},"canonical":"https:\/\/www.csj-emballages.com\/pt-pt\/produit\/regua-de-macarrao-em-cartao-kraft-160-x-100-x-50-mm-20-unidades\/","og_locale":"pt_PT","og_type":"article","og_title":"R\u00e9gua para macarr\u00e3o em cart\u00e3o kraft 160 x 100 x 50 mm (10)","og_description":"R\u00e9gua de macarons cor-de-rosa em cart\u00e3o r\u00edgido de 160 x 100 x 50 mm - elegante, resistente e ideal para expor os seus doces. Pacote de 10 para profissionais gourmet!","og_url":"https:\/\/www.csj-emballages.com\/pt-pt\/produit\/regua-de-macarrao-em-cartao-kraft-160-x-100-x-50-mm-20-unidades\/","og_site_name":"CSJ Emballages","article_publisher":"https:\/\/www.facebook.com\/csjemballages","article_modified_time":"2026-04-18T00:11:39+00:00","og_image":[{"width":800,"height":800,"url":"https:\/\/www.csj-emballages.com\/wp-content\/uploads\/2025\/09\/138999-1.webp","type":"image\/webp"}],"twitter_card":"summary_large_image","twitter_misc":{"Tempo estimado de leitura":"2 minutos"},"schema":{"@context":"https:\/\/schema.org","@graph":[{"@type":"WebPage","@id":"https:\/\/www.csj-emballages.com\/pt-pt\/produit\/regua-de-macarrao-em-cartao-kraft-160-x-100-x-50-mm-20-unidades\/","url":"https:\/\/www.csj-emballages.com\/pt-pt\/produit\/regua-de-macarrao-em-cartao-kraft-160-x-100-x-50-mm-20-unidades\/","name":"R\u00e9gua para macarr\u00e3o em cart\u00e3o kraft 160 x 100 x 50 mm (10)","isPartOf":{"@id":"https:\/\/www.csj-emballages.com\/pt-pt\/#website"},"primaryImageOfPage":{"@id":"https:\/\/www.csj-emballages.com\/pt-pt\/produit\/regua-de-macarrao-em-cartao-kraft-160-x-100-x-50-mm-20-unidades\/#primaryimage"},"image":{"@id":"https:\/\/www.csj-emballages.com\/pt-pt\/produit\/regua-de-macarrao-em-cartao-kraft-160-x-100-x-50-mm-20-unidades\/#primaryimage"},"thumbnailUrl":"https:\/\/www.csj-emballages.com\/wp-content\/uploads\/2025\/09\/138999-1.webp","datePublished":"2025-09-18T14:19:03+00:00","dateModified":"2026-04-18T00:11:39+00:00","description":"R\u00e9gua de macarons cor-de-rosa em cart\u00e3o r\u00edgido de 160 x 100 x 50 mm - elegante, resistente e ideal para expor os seus doces. Pacote de 10 para profissionais gourmet!","breadcrumb":{"@id":"https:\/\/www.csj-emballages.com\/pt-pt\/produit\/regua-de-macarrao-em-cartao-kraft-160-x-100-x-50-mm-20-unidades\/#breadcrumb"},"inLanguage":"pt-PT","potentialAction":[{"@type":"ReadAction","target":["https:\/\/www.csj-emballages.com\/pt-pt\/produit\/regua-de-macarrao-em-cartao-kraft-160-x-100-x-50-mm-20-unidades\/"]}]},{"@type":"ImageObject","inLanguage":"pt-PT","@id":"https:\/\/www.csj-emballages.com\/pt-pt\/produit\/regua-de-macarrao-em-cartao-kraft-160-x-100-x-50-mm-20-unidades\/#primaryimage","url":"https:\/\/www.csj-emballages.com\/wp-content\/uploads\/2025\/09\/138999-1.webp","contentUrl":"https:\/\/www.csj-emballages.com\/wp-content\/uploads\/2025\/09\/138999-1.webp","width":800,"height":800,"caption":"R\u00e9glette macarons"},{"@type":"BreadcrumbList","@id":"https:\/\/www.csj-emballages.com\/pt-pt\/produit\/regua-de-macarrao-em-cartao-kraft-160-x-100-x-50-mm-20-unidades\/#breadcrumb","itemListElement":[{"@type":"ListItem","position":1,"name":"Acolhimento","item":"https:\/\/www.csj-emballages.com\/pt-pt\/universo-das-embalagens-alimentares\/"},{"@type":"ListItem","position":2,"name":"Shop","item":"https:\/\/www.csj-emballages.com\/shop\/"},{"@type":"ListItem","position":3,"name":"R\u00e9gua para macarr\u00e3o em cart\u00e3o kraft 160 x 100 x 50 mm (10)"}]},{"@type":"WebSite","@id":"https:\/\/www.csj-emballages.com\/pt-pt\/#website","url":"https:\/\/www.csj-emballages.com\/pt-pt\/","name":"CSJ Emballages","description":"","publisher":{"@id":"https:\/\/www.csj-emballages.com\/pt-pt\/#organization"},"potentialAction":[{"@type":"SearchAction","target":{"@type":"EntryPoint","urlTemplate":"https:\/\/www.csj-emballages.com\/pt-pt\/?s={search_term_string}"},"query-input":{"@type":"PropertyValueSpecification","valueRequired":true,"valueName":"search_term_string"}}],"inLanguage":"pt-PT"},{"@type":"Organization","@id":"https:\/\/www.csj-emballages.com\/pt-pt\/#Organization\/","name":"CSJ Emballages","url":"https:\/\/www.csj-emballages.com\/pt-pt\/","logo":{"@type":"ImageObject","inLanguage":"pt-PT","@id":"https:\/\/www.csj-emballages.com\/pt-pt\/#\/schema\/logo\/image\/","url":"https:\/\/www.csj-emballages.com\/wp-content\/uploads\/2023\/10\/logo_csj.webp","contentUrl":"https:\/\/www.csj-emballages.com\/wp-content\/uploads\/2023\/10\/logo_csj.webp","width":250,"height":95,"caption":"CSJ Emballages"},"image":{"@id":"https:\/\/www.csj-emballages.com\/pt-pt\/#\/schema\/logo\/image\/"},"sameAs":["https:\/\/www.facebook.com\/csjemballages"],"address":{"@type":"PostalAddress","streetAddress":"ZI La Lechere","addressLocality":"Patornay","postalCode":"39130","addressCountry":"FR"},"contactPoint":[{"@type":"ContactPoint","contactType":"Service client","telephone":"0384254272","email":"contact@csj-emballages.com"}]}]}},"df_price":7.55,"df_sale_price":"","df_regular_price":7.55,"df_image_link":"https:\/\/www.csj-emballages.com\/wp-content\/uploads\/2025\/09\/138999-1-300x300.webp","tiered_pricing_type":"fixed","tiered_pricing_fixed_rules":[],"tiered_pricing_percentage_rules":[],"tiered_pricing_minimum":1,"tiered_pricing_roles_data":[],"_links":{"self":[{"href":"https:\/\/www.csj-emballages.com\/pt-pt\/wp-json\/wp\/v2\/product\/248188","targetHints":{"allow":["GET"]}}],"collection":[{"href":"https:\/\/www.csj-emballages.com\/pt-pt\/wp-json\/wp\/v2\/product"}],"about":[{"href":"https:\/\/www.csj-emballages.com\/pt-pt\/wp-json\/wp\/v2\/types\/product"}],"wp:featuredmedia":[{"embeddable":true,"href":"https:\/\/www.csj-emballages.com\/pt-pt\/wp-json\/wp\/v2\/media\/248179"}],"wp:attachment":[{"href":"https:\/\/www.csj-emballages.com\/pt-pt\/wp-json\/wp\/v2\/media?parent=248188"}],"wp:term":[{"taxonomy":"product_brand","embeddable":true,"href":"https:\/\/www.csj-emballages.com\/pt-pt\/wp-json\/wp\/v2\/product_brand?post=248188"},{"taxonomy":"product_cat","embeddable":true,"href":"https:\/\/www.csj-emballages.com\/pt-pt\/wp-json\/wp\/v2\/product_cat?post=248188"},{"taxonomy":"product_tag","embeddable":true,"href":"https:\/\/www.csj-emballages.com\/pt-pt\/wp-json\/wp\/v2\/product_tag?post=248188"}],"curies":[{"name":"wp","href":"https:\/\/api.w.org\/{rel}","templated":true}]}}