{"id":247945,"date":"2025-09-18T16:18:28","date_gmt":"2025-09-18T14:18:28","guid":{"rendered":"https:\/\/www.csj-emballages.com\/produit\/caixa-de-macarrao-em-pvc-kraft-80-x-50-x-50-mm-embalagem-de-20\/"},"modified":"2026-04-16T02:10:23","modified_gmt":"2026-04-16T00:10:23","slug":"caixa-de-macarrao-em-pvc-kraft-80-x-50-x-50-mm-embalagem-de-20","status":"publish","type":"product","link":"https:\/\/www.csj-emballages.com\/pt-pt\/produit\/caixa-de-macarrao-em-pvc-kraft-80-x-50-x-50-mm-embalagem-de-20\/","title":{"rendered":"Caixa de macarr\u00e3o PET kraft 80 x 50 x 50 mm por 10"},"content":{"rendered":"<h2 class=\"p1\">Caixa de macarr\u00e3o kraft<\/h2>\n<hr>\n<h3>Descri\u00e7\u00e3o da nossa caixa PET kraft para macarons 80 x 50 x 50 mm por 10<\/h3>\n<p><!--more--><\/p>\n<p data-start=\"162\" data-end=\"536\">Descubra a nossa <strong data-start=\"178\" data-end=\"207\">caixa PET kraft para macarons<\/strong>, uma embalagem <strong data-start=\"232\" data-end=\"243\">elegante<\/strong>, <strong data-start=\"245\" data-end=\"257\">pr\u00e1tica<\/strong> e <strong data-start=\"261\" data-end=\"273\">segura<\/strong>, especialmente concebida para real\u00e7ar o melhor dos seus doces caseiros. As suas <strong data-start=\"343\" data-end=\"367\">aberturas laterais<\/strong> inteligentemente concebidas facilitam a coloca\u00e7\u00e3o dos seus <strong data-start=\"434\" data-end=\"446\">macarons<\/strong>, <strong data-start=\"448\" data-end=\"461\">chocolates<\/strong> ou <strong data-start=\"465\" data-end=\"487\">produtos de confeitaria caseiros<\/strong>, mantendo-os perfeitamente protegidos.<\/p>\n<p data-start=\"538\" data-end=\"957\">Gra\u00e7as \u00e0 sua <strong data-start=\"549\" data-end=\"577\">transpar\u00eancia cristalina<\/strong>, este <strong>estojo para macarons<\/strong> exibe as suas cria\u00e7\u00f5es com requinte, revelando as suas deliciosas cores e texturas. O seu <strong data-start=\"699\" data-end=\"719\">exterior em kraft<\/strong> acrescenta um toque de originalidade e requinte que atrair\u00e1 imediatamente os seus clientes. Fabricado em <strong data-start=\"821\" data-end=\"843\">cart\u00e3o de qualidade alimentar<\/strong>, garante uma conserva\u00e7\u00e3o \u00f3ptima e uma apresenta\u00e7\u00e3o impec\u00e1vel, mesmo durante o transporte.<\/p>\n<p data-start=\"959\" data-end=\"1446\">Quer seja um <strong data-start=\"974\" data-end=\"987\">chefe de pastelaria<\/strong>, um <strong data-start=\"989\" data-end=\"1001\">fornecedor de catering<\/strong> ou um <strong data-start=\"1006\" data-end=\"1027\">pasteleiro<\/strong>, esta <strong>mala<\/strong> \u00e9 a forma ideal de mostrar os seus produtos e refor\u00e7ar a sua imagem profissional. O seu formato de <strong data-start=\"1147\" data-end=\"1166\">80 x 50 x 50 mm<\/strong> adapta-se perfeitamente ao tamanho padr\u00e3o dos macarons e dos produtos de confeitaria, garantindo uma fixa\u00e7\u00e3o \u00f3ptima sem os danificar. A sua <strong data-start=\"1297\" data-end=\"1321\">delicada cor kraft<\/strong> confere um toque suave e natural \u00e0s suas apresenta\u00e7\u00f5es.<\/p>\n<p data-start=\"1448\" data-end=\"1728\">Al\u00e9m disso, ao escolher esta <strong>caixa para macarons<\/strong>, est\u00e1 a optar por uma <strong data-start=\"1492\" data-end=\"1565\">embalagem atraente, funcional e em conformidade com as normas alimentares<\/strong>, combinando <strong data-start=\"1579\" data-end=\"1591\">resist\u00eancia<\/strong>, <strong data-start=\"1593\" data-end=\"1609\">transpar\u00eancia<\/strong> e <strong data-start=\"1613\" data-end=\"1625\">eleg\u00e2ncia<\/strong>. Porque um bom produto merece um estojo bonito, este <strong>estojo para macarons em kraft<\/strong> far\u00e1 com que as suas cria\u00e7\u00f5es se destaquem a cada olhar.<\/p>\n<p data-start=\"1378\" data-end=\"1605\"><!--more--><\/p>\n<h4 data-start=\"1378\" data-end=\"1605\">Vantagens :<\/h4>\n<ul>\n<li data-start=\"1773\" data-end=\"1859\"><strong data-start=\"1773\" data-end=\"1802\">Design s\u00f3brio<\/strong>: perfeito para caixas de presente ou eventos.<\/li>\n<li data-start=\"1862\" data-end=\"1947\"><strong data-start=\"1862\" data-end=\"1896\">Aberturas laterais pr\u00e1ticas<\/strong>: f\u00e1cil de colocar sem danificar os produtos.<\/li>\n<li data-start=\"2020\" data-end=\"2093\"><strong data-start=\"2020\" data-end=\"2051\">PET transparente para alimentos<\/strong>: valoriza os seus macarons e produtos de confeitaria.<\/li>\n<li data-start=\"2096\" data-end=\"2172\"><strong data-start=\"2096\" data-end=\"2124\">Formato compacto e robusto<\/strong>: ideal para transporte e apresenta\u00e7\u00e3o.<\/li>\n<\/ul>\n<p>&nbsp;<\/p>\n<p><!--more--><\/p>\n<h4>Outras informa\u00e7\u00f5es :<\/h4>\n<ul>\n<li><strong>Embalagem<\/strong>: Pacote de 10<\/li>\n<li><strong>Dimens\u00f5es<\/strong>: 80 x 50 x 50 mm<\/li>\n<li><strong>Material<\/strong>: Cart\u00e3o \/ PET<\/li>\n<li><strong>Capacidade<\/strong>: 3-4 macarons<\/li>\n<li><strong>Cor<\/strong>: Kraft \/ Transparente<\/li>\n<\/ul>\n<p>&nbsp;<\/p>\n<p><!--more--><\/p>\n<p>Este produto tamb\u00e9m est\u00e1 dispon\u00edvel em v\u00e1rios tamanhos: <span style=\"color: #d12727;\"><a style=\"color: #d12727;\" href=\"https:\/\/www.csj-emballages.com\/es\/produit\/estuche-kraft-de-pvc-para-macarrones-160-x-50-x-50-mm-paquete-de-20\/\">160 x 50 x 50 mm<\/a> <span style=\"color: #000000;\">\/<\/span> <a style=\"color: #d12727;\" href=\"https:\/\/www.csj-emballages.com\/es\/produit\/estuche-kraft-de-pvc-para-macarrones-190-x-50-x-50-mm-paquete-de-20\/\">190 x 50 x 50 mm<\/a><\/span><\/p>\n<p>&nbsp;<\/p>\n<p><!--more--><\/p>\n<p>Esta pequena caixa de macarons em kraft est\u00e1 dispon\u00edvel em v\u00e1rias cores: <span style=\"color: #d12727;\"><a style=\"color: #d12727;\" href=\"https:\/\/www.csj-emballages.com\/es\/produit\/estuche-de-macarrones-de-pet-rosa-pastel-80-x-50-x-50-mm-paquete-de-10\/\">Rosa pastel<\/a> <span style=\"color: #000000;\">\/<\/span> <a style=\"color: #d12727;\" href=\"https:\/\/www.csj-emballages.com\/produit\/etui-macarons-fuchsia-pvc-80-x-50-x-50-mm-par-10\/\">f\u00facsia<\/a> <span style=\"color: #000000;\">\/<\/span> <a style=\"color: #d12727;\" href=\"https:\/\/www.csj-emballages.com\/es\/produit\/estuche-para-macarrones-de-pet-verde-pastel-80-x-50-x-50-mm-paquete-de-10\/\">Verde pastel<\/a> <span style=\"color: #000000;\">\/<\/span> <a style=\"color: #d12727;\" href=\"https:\/\/www.csj-emballages.com\/produit\/etui-macarons-vert-pet-80-x-50-x-50-mm-par-10\/\">Verde<\/a> <span style=\"color: #000000;\">\/<\/span> <a style=\"color: #d12727;\" href=\"https:\/\/www.csj-emballages.com\/es\/produit\/funda-para-credenciales-de-pvc-80-x-50-x-50-mm\/\">Marfim<\/a><\/span><\/p>\n<p>&nbsp;<\/p>\n<p><!--more--><\/p>\n<p><a href=\"https:\/\/www.csj-emballages.com\/pt-pt\/categorie-produit\/embalagem-de-alimentos\/padaria-e-pastelaria\/caixas-e-estojos\/caixas-estojos-para-macarons\/caixas-de-macarrao-pt-pt\/\">Consulte o resto da nossa gama de estojos de macarons<\/a><\/p>\n","protected":false},"excerpt":{"rendered":"<p>Caixa de macarr\u00e3o kraft Descri\u00e7\u00e3o da nossa caixa PET kraft para macarons 80 x 50 x 50 mm por 10<\/p>\n","protected":false},"featured_media":247956,"template":"","meta":{"_acf_changed":false},"product_brand":[],"product_cat":[1141,1177,3916,1732,2591],"product_tag":[],"class_list":{"0":"post-247945","1":"product","2":"type-product","3":"status-publish","4":"has-post-thumbnail","6":"product_cat-embalagem-de-alimentos","7":"product_cat-padaria-e-pastelaria","8":"product_cat-caixas-e-estojos","9":"product_cat-caixas-estojos-para-macarons","10":"product_cat-caixas-de-macarrao-pt-pt","12":"first","13":"instock","14":"taxable","15":"shipping-taxable","16":"purchasable","17":"product-type-simple"},"acf":[],"yoast_head":"<!-- This site is optimized with the Yoast SEO Premium plugin v26.6 (Yoast SEO v26.6) - https:\/\/yoast.com\/wordpress\/plugins\/seo\/ -->\n<title>Macarons de PVC Kraft 80 x 50 x 50 mm por 10<\/title>\n<meta name=\"description\" content=\"Elegante caixa para macarons em PVC kraft 80 x 50 x 50 mm por 10, transparente e com relevo, ideal para expor os seus macarons e produtos de confeitaria feitos \u00e0 m\u00e3o.\" \/>\n<meta name=\"robots\" content=\"index, follow, max-snippet:-1, max-image-preview:large, max-video-preview:-1\" \/>\n<link rel=\"canonical\" href=\"https:\/\/www.csj-emballages.com\/pt-pt\/produit\/caixa-de-macarrao-em-pvc-kraft-80-x-50-x-50-mm-embalagem-de-20\/\" \/>\n<meta property=\"og:locale\" content=\"pt_PT\" \/>\n<meta property=\"og:type\" content=\"article\" \/>\n<meta property=\"og:title\" content=\"Caixa de macarr\u00e3o PET kraft 80 x 50 x 50 mm por 10\" \/>\n<meta property=\"og:description\" content=\"Elegante caixa para macarons em PVC kraft 80 x 50 x 50 mm por 10, transparente e com relevo, ideal para expor os seus macarons e produtos de confeitaria feitos \u00e0 m\u00e3o.\" \/>\n<meta property=\"og:url\" content=\"https:\/\/www.csj-emballages.com\/pt-pt\/produit\/caixa-de-macarrao-em-pvc-kraft-80-x-50-x-50-mm-embalagem-de-20\/\" \/>\n<meta property=\"og:site_name\" content=\"CSJ Emballages\" \/>\n<meta property=\"article:publisher\" content=\"https:\/\/www.facebook.com\/csjemballages\" \/>\n<meta property=\"article:modified_time\" content=\"2026-04-16T00:10:23+00:00\" \/>\n<meta property=\"og:image\" content=\"https:\/\/www.csj-emballages.com\/wp-content\/uploads\/2025\/09\/115595-.webp\" \/>\n\t<meta property=\"og:image:width\" content=\"800\" \/>\n\t<meta property=\"og:image:height\" content=\"800\" \/>\n\t<meta property=\"og:image:type\" content=\"image\/webp\" \/>\n<meta name=\"twitter:card\" content=\"summary_large_image\" \/>\n<meta name=\"twitter:label1\" content=\"Tempo estimado de leitura\" \/>\n\t<meta name=\"twitter:data1\" content=\"2 minutos\" \/>\n<script type=\"application\/ld+json\" class=\"yoast-schema-graph\">{\"@context\":\"https:\/\/schema.org\",\"@graph\":[{\"@type\":\"WebPage\",\"@id\":\"https:\/\/www.csj-emballages.com\/pt-pt\/produit\/caixa-de-macarrao-em-pvc-kraft-80-x-50-x-50-mm-embalagem-de-20\/\",\"url\":\"https:\/\/www.csj-emballages.com\/pt-pt\/produit\/caixa-de-macarrao-em-pvc-kraft-80-x-50-x-50-mm-embalagem-de-20\/\",\"name\":\"Macarons de PVC Kraft 80 x 50 x 50 mm por 10\",\"isPartOf\":{\"@id\":\"https:\/\/www.csj-emballages.com\/pt-pt\/#website\"},\"primaryImageOfPage\":{\"@id\":\"https:\/\/www.csj-emballages.com\/pt-pt\/produit\/caixa-de-macarrao-em-pvc-kraft-80-x-50-x-50-mm-embalagem-de-20\/#primaryimage\"},\"image\":{\"@id\":\"https:\/\/www.csj-emballages.com\/pt-pt\/produit\/caixa-de-macarrao-em-pvc-kraft-80-x-50-x-50-mm-embalagem-de-20\/#primaryimage\"},\"thumbnailUrl\":\"https:\/\/www.csj-emballages.com\/wp-content\/uploads\/2025\/09\/115595-.webp\",\"datePublished\":\"2025-09-18T14:18:28+00:00\",\"dateModified\":\"2026-04-16T00:10:23+00:00\",\"description\":\"Elegante caixa para macarons em PVC kraft 80 x 50 x 50 mm por 10, transparente e com relevo, ideal para expor os seus macarons e produtos de confeitaria feitos \u00e0 m\u00e3o.\",\"breadcrumb\":{\"@id\":\"https:\/\/www.csj-emballages.com\/pt-pt\/produit\/caixa-de-macarrao-em-pvc-kraft-80-x-50-x-50-mm-embalagem-de-20\/#breadcrumb\"},\"inLanguage\":\"pt-PT\",\"potentialAction\":[{\"@type\":\"ReadAction\",\"target\":[\"https:\/\/www.csj-emballages.com\/pt-pt\/produit\/caixa-de-macarrao-em-pvc-kraft-80-x-50-x-50-mm-embalagem-de-20\/\"]}]},{\"@type\":\"ImageObject\",\"inLanguage\":\"pt-PT\",\"@id\":\"https:\/\/www.csj-emballages.com\/pt-pt\/produit\/caixa-de-macarrao-em-pvc-kraft-80-x-50-x-50-mm-embalagem-de-20\/#primaryimage\",\"url\":\"https:\/\/www.csj-emballages.com\/wp-content\/uploads\/2025\/09\/115595-.webp\",\"contentUrl\":\"https:\/\/www.csj-emballages.com\/wp-content\/uploads\/2025\/09\/115595-.webp\",\"width\":800,\"height\":800,\"caption\":\"\u00c9tui macarons kraft\"},{\"@type\":\"BreadcrumbList\",\"@id\":\"https:\/\/www.csj-emballages.com\/pt-pt\/produit\/caixa-de-macarrao-em-pvc-kraft-80-x-50-x-50-mm-embalagem-de-20\/#breadcrumb\",\"itemListElement\":[{\"@type\":\"ListItem\",\"position\":1,\"name\":\"Acolhimento\",\"item\":\"https:\/\/www.csj-emballages.com\/pt-pt\/universo-das-embalagens-alimentares\/\"},{\"@type\":\"ListItem\",\"position\":2,\"name\":\"Shop\",\"item\":\"https:\/\/www.csj-emballages.com\/shop\/\"},{\"@type\":\"ListItem\",\"position\":3,\"name\":\"Caixa de macarr\u00e3o PET kraft 80 x 50 x 50 mm por 10\"}]},{\"@type\":\"WebSite\",\"@id\":\"https:\/\/www.csj-emballages.com\/pt-pt\/#website\",\"url\":\"https:\/\/www.csj-emballages.com\/pt-pt\/\",\"name\":\"CSJ Emballages\",\"description\":\"\",\"publisher\":{\"@id\":\"https:\/\/www.csj-emballages.com\/pt-pt\/#organization\"},\"potentialAction\":[{\"@type\":\"SearchAction\",\"target\":{\"@type\":\"EntryPoint\",\"urlTemplate\":\"https:\/\/www.csj-emballages.com\/pt-pt\/?s={search_term_string}\"},\"query-input\":{\"@type\":\"PropertyValueSpecification\",\"valueRequired\":true,\"valueName\":\"search_term_string\"}}],\"inLanguage\":\"pt-PT\"},{\"@type\":\"Organization\",\"@id\":\"https:\/\/www.csj-emballages.com\/pt-pt\/#Organization\/\",\"name\":\"CSJ Emballages\",\"url\":\"https:\/\/www.csj-emballages.com\/pt-pt\/\",\"logo\":{\"@type\":\"ImageObject\",\"inLanguage\":\"pt-PT\",\"@id\":\"https:\/\/www.csj-emballages.com\/pt-pt\/#\/schema\/logo\/image\/\",\"url\":\"https:\/\/www.csj-emballages.com\/wp-content\/uploads\/2023\/10\/logo_csj.webp\",\"contentUrl\":\"https:\/\/www.csj-emballages.com\/wp-content\/uploads\/2023\/10\/logo_csj.webp\",\"width\":250,\"height\":95,\"caption\":\"CSJ Emballages\"},\"image\":{\"@id\":\"https:\/\/www.csj-emballages.com\/pt-pt\/#\/schema\/logo\/image\/\"},\"sameAs\":[\"https:\/\/www.facebook.com\/csjemballages\"],\"address\":{\"@type\":\"PostalAddress\",\"streetAddress\":\"ZI La Lechere\",\"addressLocality\":\"Patornay\",\"postalCode\":\"39130\",\"addressCountry\":\"FR\"},\"contactPoint\":[{\"@type\":\"ContactPoint\",\"contactType\":\"Service client\",\"telephone\":\"0384254272\",\"email\":\"contact@csj-emballages.com\"}]}]}<\/script>\n<!-- \/ Yoast SEO Premium plugin. -->","yoast_head_json":{"title":"Macarons de PVC Kraft 80 x 50 x 50 mm por 10","description":"Elegante caixa para macarons em PVC kraft 80 x 50 x 50 mm por 10, transparente e com relevo, ideal para expor os seus macarons e produtos de confeitaria feitos \u00e0 m\u00e3o.","robots":{"index":"index","follow":"follow","max-snippet":"max-snippet:-1","max-image-preview":"max-image-preview:large","max-video-preview":"max-video-preview:-1"},"canonical":"https:\/\/www.csj-emballages.com\/pt-pt\/produit\/caixa-de-macarrao-em-pvc-kraft-80-x-50-x-50-mm-embalagem-de-20\/","og_locale":"pt_PT","og_type":"article","og_title":"Caixa de macarr\u00e3o PET kraft 80 x 50 x 50 mm por 10","og_description":"Elegante caixa para macarons em PVC kraft 80 x 50 x 50 mm por 10, transparente e com relevo, ideal para expor os seus macarons e produtos de confeitaria feitos \u00e0 m\u00e3o.","og_url":"https:\/\/www.csj-emballages.com\/pt-pt\/produit\/caixa-de-macarrao-em-pvc-kraft-80-x-50-x-50-mm-embalagem-de-20\/","og_site_name":"CSJ Emballages","article_publisher":"https:\/\/www.facebook.com\/csjemballages","article_modified_time":"2026-04-16T00:10:23+00:00","og_image":[{"width":800,"height":800,"url":"https:\/\/www.csj-emballages.com\/wp-content\/uploads\/2025\/09\/115595-.webp","type":"image\/webp"}],"twitter_card":"summary_large_image","twitter_misc":{"Tempo estimado de leitura":"2 minutos"},"schema":{"@context":"https:\/\/schema.org","@graph":[{"@type":"WebPage","@id":"https:\/\/www.csj-emballages.com\/pt-pt\/produit\/caixa-de-macarrao-em-pvc-kraft-80-x-50-x-50-mm-embalagem-de-20\/","url":"https:\/\/www.csj-emballages.com\/pt-pt\/produit\/caixa-de-macarrao-em-pvc-kraft-80-x-50-x-50-mm-embalagem-de-20\/","name":"Macarons de PVC Kraft 80 x 50 x 50 mm por 10","isPartOf":{"@id":"https:\/\/www.csj-emballages.com\/pt-pt\/#website"},"primaryImageOfPage":{"@id":"https:\/\/www.csj-emballages.com\/pt-pt\/produit\/caixa-de-macarrao-em-pvc-kraft-80-x-50-x-50-mm-embalagem-de-20\/#primaryimage"},"image":{"@id":"https:\/\/www.csj-emballages.com\/pt-pt\/produit\/caixa-de-macarrao-em-pvc-kraft-80-x-50-x-50-mm-embalagem-de-20\/#primaryimage"},"thumbnailUrl":"https:\/\/www.csj-emballages.com\/wp-content\/uploads\/2025\/09\/115595-.webp","datePublished":"2025-09-18T14:18:28+00:00","dateModified":"2026-04-16T00:10:23+00:00","description":"Elegante caixa para macarons em PVC kraft 80 x 50 x 50 mm por 10, transparente e com relevo, ideal para expor os seus macarons e produtos de confeitaria feitos \u00e0 m\u00e3o.","breadcrumb":{"@id":"https:\/\/www.csj-emballages.com\/pt-pt\/produit\/caixa-de-macarrao-em-pvc-kraft-80-x-50-x-50-mm-embalagem-de-20\/#breadcrumb"},"inLanguage":"pt-PT","potentialAction":[{"@type":"ReadAction","target":["https:\/\/www.csj-emballages.com\/pt-pt\/produit\/caixa-de-macarrao-em-pvc-kraft-80-x-50-x-50-mm-embalagem-de-20\/"]}]},{"@type":"ImageObject","inLanguage":"pt-PT","@id":"https:\/\/www.csj-emballages.com\/pt-pt\/produit\/caixa-de-macarrao-em-pvc-kraft-80-x-50-x-50-mm-embalagem-de-20\/#primaryimage","url":"https:\/\/www.csj-emballages.com\/wp-content\/uploads\/2025\/09\/115595-.webp","contentUrl":"https:\/\/www.csj-emballages.com\/wp-content\/uploads\/2025\/09\/115595-.webp","width":800,"height":800,"caption":"\u00c9tui macarons kraft"},{"@type":"BreadcrumbList","@id":"https:\/\/www.csj-emballages.com\/pt-pt\/produit\/caixa-de-macarrao-em-pvc-kraft-80-x-50-x-50-mm-embalagem-de-20\/#breadcrumb","itemListElement":[{"@type":"ListItem","position":1,"name":"Acolhimento","item":"https:\/\/www.csj-emballages.com\/pt-pt\/universo-das-embalagens-alimentares\/"},{"@type":"ListItem","position":2,"name":"Shop","item":"https:\/\/www.csj-emballages.com\/shop\/"},{"@type":"ListItem","position":3,"name":"Caixa de macarr\u00e3o PET kraft 80 x 50 x 50 mm por 10"}]},{"@type":"WebSite","@id":"https:\/\/www.csj-emballages.com\/pt-pt\/#website","url":"https:\/\/www.csj-emballages.com\/pt-pt\/","name":"CSJ Emballages","description":"","publisher":{"@id":"https:\/\/www.csj-emballages.com\/pt-pt\/#organization"},"potentialAction":[{"@type":"SearchAction","target":{"@type":"EntryPoint","urlTemplate":"https:\/\/www.csj-emballages.com\/pt-pt\/?s={search_term_string}"},"query-input":{"@type":"PropertyValueSpecification","valueRequired":true,"valueName":"search_term_string"}}],"inLanguage":"pt-PT"},{"@type":"Organization","@id":"https:\/\/www.csj-emballages.com\/pt-pt\/#Organization\/","name":"CSJ Emballages","url":"https:\/\/www.csj-emballages.com\/pt-pt\/","logo":{"@type":"ImageObject","inLanguage":"pt-PT","@id":"https:\/\/www.csj-emballages.com\/pt-pt\/#\/schema\/logo\/image\/","url":"https:\/\/www.csj-emballages.com\/wp-content\/uploads\/2023\/10\/logo_csj.webp","contentUrl":"https:\/\/www.csj-emballages.com\/wp-content\/uploads\/2023\/10\/logo_csj.webp","width":250,"height":95,"caption":"CSJ Emballages"},"image":{"@id":"https:\/\/www.csj-emballages.com\/pt-pt\/#\/schema\/logo\/image\/"},"sameAs":["https:\/\/www.facebook.com\/csjemballages"],"address":{"@type":"PostalAddress","streetAddress":"ZI La Lechere","addressLocality":"Patornay","postalCode":"39130","addressCountry":"FR"},"contactPoint":[{"@type":"ContactPoint","contactType":"Service client","telephone":"0384254272","email":"contact@csj-emballages.com"}]}]}},"df_price":3.85,"df_sale_price":"","df_regular_price":3.85,"df_image_link":"https:\/\/www.csj-emballages.com\/wp-content\/uploads\/2025\/09\/115595--300x300.webp","tiered_pricing_type":"fixed","tiered_pricing_fixed_rules":[],"tiered_pricing_percentage_rules":[],"tiered_pricing_minimum":1,"tiered_pricing_roles_data":[],"_links":{"self":[{"href":"https:\/\/www.csj-emballages.com\/pt-pt\/wp-json\/wp\/v2\/product\/247945","targetHints":{"allow":["GET"]}}],"collection":[{"href":"https:\/\/www.csj-emballages.com\/pt-pt\/wp-json\/wp\/v2\/product"}],"about":[{"href":"https:\/\/www.csj-emballages.com\/pt-pt\/wp-json\/wp\/v2\/types\/product"}],"wp:featuredmedia":[{"embeddable":true,"href":"https:\/\/www.csj-emballages.com\/pt-pt\/wp-json\/wp\/v2\/media\/247956"}],"wp:attachment":[{"href":"https:\/\/www.csj-emballages.com\/pt-pt\/wp-json\/wp\/v2\/media?parent=247945"}],"wp:term":[{"taxonomy":"product_brand","embeddable":true,"href":"https:\/\/www.csj-emballages.com\/pt-pt\/wp-json\/wp\/v2\/product_brand?post=247945"},{"taxonomy":"product_cat","embeddable":true,"href":"https:\/\/www.csj-emballages.com\/pt-pt\/wp-json\/wp\/v2\/product_cat?post=247945"},{"taxonomy":"product_tag","embeddable":true,"href":"https:\/\/www.csj-emballages.com\/pt-pt\/wp-json\/wp\/v2\/product_tag?post=247945"}],"curies":[{"name":"wp","href":"https:\/\/api.w.org\/{rel}","templated":true}]}}