{"id":247748,"date":"2025-09-18T15:18:29","date_gmt":"2025-09-18T13:18:29","guid":{"rendered":"https:\/\/www.csj-emballages.com\/produit\/caixa-de-cartao-em-marfim-195-x-140-x-40-mm-embalagem-de-5\/"},"modified":"2026-04-14T02:11:06","modified_gmt":"2026-04-14T00:11:06","slug":"caixa-de-cartao-em-marfim-195-x-140-x-40-mm-embalagem-de-5","status":"publish","type":"product","link":"https:\/\/www.csj-emballages.com\/pt-pt\/produit\/caixa-de-cartao-em-marfim-195-x-140-x-40-mm-embalagem-de-5\/","title":{"rendered":"Caixa de cart\u00e3o em marfim 195 x 140 x 40 mm (10 por caixa)"},"content":{"rendered":"<h2 class=\"p1\">Conjunto de caixas<\/h2>\n<hr>\n<h3>Descri\u00e7\u00e3o da nossa caixa de cart\u00e3o marfim 195 x 140 x 40 mm, embalagem de 10<\/h3>\n<p><!--more--><\/p>\n<p data-start=\"104\" data-end=\"582\">Deixe-se seduzir pela <strong data-start=\"130\" data-end=\"178\">caixa estojo de cart\u00e3o marfim 195 x 140 x 40 mm<\/strong>, um verdadeiro estojo para real\u00e7ar as suas cria\u00e7\u00f5es gourmet! Com efeito, elegante e pr\u00e1tica, esta <strong>caixa<\/strong> foi concebida para oferecer uma <strong data-start=\"301\" data-end=\"326\">apresenta\u00e7\u00e3o requintada<\/strong> de todos os tipos de <strong data-start=\"347\" data-end=\"398\">pastelaria, chocolates, biscoitos ou confeitaria<\/strong>. Gra\u00e7as ao seu <strong data-start=\"412\" data-end=\"429\">design cuidado<\/strong> e \u00e0 sua <strong data-start=\"436\" data-end=\"473\">cor de marfim suave e luminosa<\/strong>, confere um toque de <strong data-start=\"502\" data-end=\"517\">requinte<\/strong> e de <strong data-start=\"524\" data-end=\"545\">profissionalismo<\/strong> a cada produto que colocar l\u00e1 dentro.<\/p>\n<p data-start=\"584\" data-end=\"1004\">Este <strong data-start=\"587\" data-end=\"633\">estojo transparente com aberturas laterais<\/strong> foi pensado para oferecer. O seu <strong data-start=\"689\" data-end=\"722\">tabuleiro de cart\u00e3o<\/strong>, f\u00e1cil de montar, garante uma fixa\u00e7\u00e3o s\u00f3lida, respeitando as normas de higiene alimentar.<\/p>\n<p data-start=\"1006\" data-end=\"1402\">Da mesma forma, este formato compacto <strong>195 x 140 x 40 mm<\/strong> \u00e9 perfeito para <strong data-start=\"1117\" data-end=\"1138\">mini sortidos<\/strong>. Cabe facilmente num saco ou numa vitrina sem ocupar espa\u00e7o. As <strong data-start=\"1218\" data-end=\"1256\">aberturas laterais transparentes<\/strong> permitem que os seus clientes admirem o conte\u00fado sem sequer abrir a caixa, uma mais-valia para <strong data-start=\"1348\" data-end=\"1369\">atrair o olhar<\/strong> e <strong data-start=\"1373\" data-end=\"1399\">dar vontade de comprar<\/strong>.<\/p>\n<p data-start=\"1404\" data-end=\"1748\">Em suma, esta <strong>caixa estojo<\/strong> \u00e9 um <strong data-start=\"1441\" data-end=\"1465\">aliado imprescind\u00edvel<\/strong> para todos os profissionais da <strong data-start=\"1501\" data-end=\"1554\">padaria, pastelaria, chocolateria ou catering<\/strong> que desejam <strong data-start=\"1570\" data-end=\"1599\">valorizar as suas belas cria\u00e7\u00f5es<\/strong>. Transforma cada produto numa pequena obra de arte pronta a ser degustada!<\/p>\n<p data-start=\"1378\" data-end=\"1605\"><!--more--><\/p>\n<h4 data-start=\"1378\" data-end=\"1605\">Vantagens :<\/h4>\n<ul>\n<li data-start=\"1793\" data-end=\"1884\"><strong data-start=\"1793\" data-end=\"1818\">Apresenta\u00e7\u00e3o elegante<\/strong> e profissional gra\u00e7as \u00e0 cor marfim.<\/li>\n<li data-start=\"1887\" data-end=\"1973\"><strong data-start=\"1887\" data-end=\"1925\">Aberturas laterais transparentes<\/strong> para visualiza\u00e7\u00e3o imediata do conte\u00fado.<\/li>\n<li data-start=\"1976\" data-end=\"2041\"><strong data-start=\"1976\" data-end=\"1994\">Montagem f\u00e1cil<\/strong> e s\u00f3lida, adequada para produtos alimentares.<\/li>\n<li data-start=\"2044\" data-end=\"2106\"><strong data-start=\"2044\" data-end=\"2063\">Formato pr\u00e1tico<\/strong> para pequenas pastelarias ou doces.<\/li>\n<li data-start=\"2109\" data-end=\"2175\"><strong data-start=\"2109\" data-end=\"2175\">Ideal para montras, eventos ou caixas de oferta gourmet<\/strong>.<\/li>\n<\/ul>\n<p>&nbsp;<\/p>\n<p><!--more--><\/p>\n<h4>Outras informa\u00e7\u00f5es :<\/h4>\n<ul>\n<li><strong>Embalagem<\/strong>: Pacote de 10<\/li>\n<li><strong>Dimens\u00f5es<\/strong>: 195 x 140 x 40 mm<\/li>\n<li><strong>Material<\/strong>: Cart\u00e3o \/ PET<\/li>\n<li><strong>Cor<\/strong>: Marfim \/ Transparente<\/li>\n<\/ul>\n<p>&nbsp;<\/p>\n<p><!--more--><\/p>\n<p>Esta caixa em marfim est\u00e1 dispon\u00edvel em diferentes tamanhos: <span style=\"color: #d12727;\"><a style=\"color: #d12727;\" href=\"https:\/\/www.csj-emballages.com\/pt-pt\/produit\/caixa-de-cartao-em-marfim-120-x-90-x-40-mm-embalagem-de-10\/\">120 x 90 x 40 mm<\/a><\/span> \/ <span style=\"color: #d12727;\"><a style=\"color: #d12727;\" href=\"https:\/\/www.csj-emballages.com\/produit\/boite-coffret-carton-ivoire-255-x-205-x-40-mm-par-5\/\">255 x 205 x 40 mm<\/a><\/span> \/ <span style=\"color: #d12727;\"><a style=\"color: #d12727;\" href=\"https:\/\/www.csj-emballages.com\/produit\/boite-coffret-carton-ivoire-295-x-265-x-40-mm-par-5\/\">295 x 265 x 40 mm<\/a><\/span><\/p>\n<p>&nbsp;<\/p>\n<p><!--more--><\/p>\n<p><a href=\"https:\/\/www.csj-emballages.com\/pt-pt\/categorie-produit\/embalagem-de-alimentos\/padaria-e-pastelaria\/caixas-e-estojos\/caixas-estojos-para-macarons\/caixas-pt-pt-5\/\">Consulte o resto da nossa gama de caixas estojo<\/a><\/p>\n","protected":false},"excerpt":{"rendered":"<p>Conjunto de caixas Descri\u00e7\u00e3o da nossa caixa de cart\u00e3o marfim 195 x 140 x 40 mm, embalagem de 10<\/p>\n","protected":false},"featured_media":247739,"template":"","meta":{"_acf_changed":false},"product_brand":[],"product_cat":[1141,1177,3916,1732,9898],"product_tag":[],"class_list":{"0":"post-247748","1":"product","2":"type-product","3":"status-publish","4":"has-post-thumbnail","6":"product_cat-embalagem-de-alimentos","7":"product_cat-padaria-e-pastelaria","8":"product_cat-caixas-e-estojos","9":"product_cat-caixas-estojos-para-macarons","10":"product_cat-caixas-pt-pt-5","12":"first","13":"instock","14":"taxable","15":"shipping-taxable","16":"purchasable","17":"product-type-simple"},"acf":[],"yoast_head":"<!-- This site is optimized with the Yoast SEO Premium plugin v26.6 (Yoast SEO v26.6) - https:\/\/yoast.com\/wordpress\/plugins\/seo\/ -->\n<title>Caixa de cart\u00e3o marfim 195 x 140 x 40 mm, 10 por caixa<\/title>\n<meta name=\"description\" content=\"Caixa de cart\u00e3o marfim 195 x 140 x 40 mm: elegante, pr\u00e1tica e ideal para expor os seus produtos de pastelaria e cria\u00e7\u00f5es gourmet.\" \/>\n<meta name=\"robots\" content=\"index, follow, max-snippet:-1, max-image-preview:large, max-video-preview:-1\" \/>\n<link rel=\"canonical\" href=\"https:\/\/www.csj-emballages.com\/pt-pt\/produit\/caixa-de-cartao-em-marfim-195-x-140-x-40-mm-embalagem-de-5\/\" \/>\n<meta property=\"og:locale\" content=\"pt_PT\" \/>\n<meta property=\"og:type\" content=\"article\" \/>\n<meta property=\"og:title\" content=\"Caixa de cart\u00e3o em marfim 195 x 140 x 40 mm (10 por caixa)\" \/>\n<meta property=\"og:description\" content=\"Caixa de cart\u00e3o marfim 195 x 140 x 40 mm: elegante, pr\u00e1tica e ideal para expor os seus produtos de pastelaria e cria\u00e7\u00f5es gourmet.\" \/>\n<meta property=\"og:url\" content=\"https:\/\/www.csj-emballages.com\/pt-pt\/produit\/caixa-de-cartao-em-marfim-195-x-140-x-40-mm-embalagem-de-5\/\" \/>\n<meta property=\"og:site_name\" content=\"CSJ Emballages\" \/>\n<meta property=\"article:publisher\" content=\"https:\/\/www.facebook.com\/csjemballages\" \/>\n<meta property=\"article:modified_time\" content=\"2026-04-14T00:11:06+00:00\" \/>\n<meta property=\"og:image\" content=\"https:\/\/www.csj-emballages.com\/wp-content\/uploads\/2025\/09\/115273.webp\" \/>\n\t<meta property=\"og:image:width\" content=\"800\" \/>\n\t<meta property=\"og:image:height\" content=\"800\" \/>\n\t<meta property=\"og:image:type\" content=\"image\/webp\" \/>\n<meta name=\"twitter:card\" content=\"summary_large_image\" \/>\n<meta name=\"twitter:label1\" content=\"Tempo estimado de leitura\" \/>\n\t<meta name=\"twitter:data1\" content=\"2 minutos\" \/>\n<script type=\"application\/ld+json\" class=\"yoast-schema-graph\">{\"@context\":\"https:\/\/schema.org\",\"@graph\":[{\"@type\":\"WebPage\",\"@id\":\"https:\/\/www.csj-emballages.com\/pt-pt\/produit\/caixa-de-cartao-em-marfim-195-x-140-x-40-mm-embalagem-de-5\/\",\"url\":\"https:\/\/www.csj-emballages.com\/pt-pt\/produit\/caixa-de-cartao-em-marfim-195-x-140-x-40-mm-embalagem-de-5\/\",\"name\":\"Caixa de cart\u00e3o marfim 195 x 140 x 40 mm, 10 por caixa\",\"isPartOf\":{\"@id\":\"https:\/\/www.csj-emballages.com\/pt-pt\/#website\"},\"primaryImageOfPage\":{\"@id\":\"https:\/\/www.csj-emballages.com\/pt-pt\/produit\/caixa-de-cartao-em-marfim-195-x-140-x-40-mm-embalagem-de-5\/#primaryimage\"},\"image\":{\"@id\":\"https:\/\/www.csj-emballages.com\/pt-pt\/produit\/caixa-de-cartao-em-marfim-195-x-140-x-40-mm-embalagem-de-5\/#primaryimage\"},\"thumbnailUrl\":\"https:\/\/www.csj-emballages.com\/wp-content\/uploads\/2025\/09\/115273.webp\",\"datePublished\":\"2025-09-18T13:18:29+00:00\",\"dateModified\":\"2026-04-14T00:11:06+00:00\",\"description\":\"Caixa de cart\u00e3o marfim 195 x 140 x 40 mm: elegante, pr\u00e1tica e ideal para expor os seus produtos de pastelaria e cria\u00e7\u00f5es gourmet.\",\"breadcrumb\":{\"@id\":\"https:\/\/www.csj-emballages.com\/pt-pt\/produit\/caixa-de-cartao-em-marfim-195-x-140-x-40-mm-embalagem-de-5\/#breadcrumb\"},\"inLanguage\":\"pt-PT\",\"potentialAction\":[{\"@type\":\"ReadAction\",\"target\":[\"https:\/\/www.csj-emballages.com\/pt-pt\/produit\/caixa-de-cartao-em-marfim-195-x-140-x-40-mm-embalagem-de-5\/\"]}]},{\"@type\":\"ImageObject\",\"inLanguage\":\"pt-PT\",\"@id\":\"https:\/\/www.csj-emballages.com\/pt-pt\/produit\/caixa-de-cartao-em-marfim-195-x-140-x-40-mm-embalagem-de-5\/#primaryimage\",\"url\":\"https:\/\/www.csj-emballages.com\/wp-content\/uploads\/2025\/09\/115273.webp\",\"contentUrl\":\"https:\/\/www.csj-emballages.com\/wp-content\/uploads\/2025\/09\/115273.webp\",\"width\":800,\"height\":800,\"caption\":\"Boite coffret\"},{\"@type\":\"BreadcrumbList\",\"@id\":\"https:\/\/www.csj-emballages.com\/pt-pt\/produit\/caixa-de-cartao-em-marfim-195-x-140-x-40-mm-embalagem-de-5\/#breadcrumb\",\"itemListElement\":[{\"@type\":\"ListItem\",\"position\":1,\"name\":\"Acolhimento\",\"item\":\"https:\/\/www.csj-emballages.com\/pt-pt\/universo-das-embalagens-alimentares\/\"},{\"@type\":\"ListItem\",\"position\":2,\"name\":\"Shop\",\"item\":\"https:\/\/www.csj-emballages.com\/shop\/\"},{\"@type\":\"ListItem\",\"position\":3,\"name\":\"Caixa de cart\u00e3o em marfim 195 x 140 x 40 mm (10 por caixa)\"}]},{\"@type\":\"WebSite\",\"@id\":\"https:\/\/www.csj-emballages.com\/pt-pt\/#website\",\"url\":\"https:\/\/www.csj-emballages.com\/pt-pt\/\",\"name\":\"CSJ Emballages\",\"description\":\"\",\"publisher\":{\"@id\":\"https:\/\/www.csj-emballages.com\/pt-pt\/#organization\"},\"potentialAction\":[{\"@type\":\"SearchAction\",\"target\":{\"@type\":\"EntryPoint\",\"urlTemplate\":\"https:\/\/www.csj-emballages.com\/pt-pt\/?s={search_term_string}\"},\"query-input\":{\"@type\":\"PropertyValueSpecification\",\"valueRequired\":true,\"valueName\":\"search_term_string\"}}],\"inLanguage\":\"pt-PT\"},{\"@type\":\"Organization\",\"@id\":\"https:\/\/www.csj-emballages.com\/pt-pt\/#Organization\/\",\"name\":\"CSJ Emballages\",\"url\":\"https:\/\/www.csj-emballages.com\/pt-pt\/\",\"logo\":{\"@type\":\"ImageObject\",\"inLanguage\":\"pt-PT\",\"@id\":\"https:\/\/www.csj-emballages.com\/pt-pt\/#\/schema\/logo\/image\/\",\"url\":\"https:\/\/www.csj-emballages.com\/wp-content\/uploads\/2023\/10\/logo_csj.webp\",\"contentUrl\":\"https:\/\/www.csj-emballages.com\/wp-content\/uploads\/2023\/10\/logo_csj.webp\",\"width\":250,\"height\":95,\"caption\":\"CSJ Emballages\"},\"image\":{\"@id\":\"https:\/\/www.csj-emballages.com\/pt-pt\/#\/schema\/logo\/image\/\"},\"sameAs\":[\"https:\/\/www.facebook.com\/csjemballages\"],\"address\":{\"@type\":\"PostalAddress\",\"streetAddress\":\"ZI La Lechere\",\"addressLocality\":\"Patornay\",\"postalCode\":\"39130\",\"addressCountry\":\"FR\"},\"contactPoint\":[{\"@type\":\"ContactPoint\",\"contactType\":\"Service client\",\"telephone\":\"0384254272\",\"email\":\"contact@csj-emballages.com\"}]}]}<\/script>\n<!-- \/ Yoast SEO Premium plugin. -->","yoast_head_json":{"title":"Caixa de cart\u00e3o marfim 195 x 140 x 40 mm, 10 por caixa","description":"Caixa de cart\u00e3o marfim 195 x 140 x 40 mm: elegante, pr\u00e1tica e ideal para expor os seus produtos de pastelaria e cria\u00e7\u00f5es gourmet.","robots":{"index":"index","follow":"follow","max-snippet":"max-snippet:-1","max-image-preview":"max-image-preview:large","max-video-preview":"max-video-preview:-1"},"canonical":"https:\/\/www.csj-emballages.com\/pt-pt\/produit\/caixa-de-cartao-em-marfim-195-x-140-x-40-mm-embalagem-de-5\/","og_locale":"pt_PT","og_type":"article","og_title":"Caixa de cart\u00e3o em marfim 195 x 140 x 40 mm (10 por caixa)","og_description":"Caixa de cart\u00e3o marfim 195 x 140 x 40 mm: elegante, pr\u00e1tica e ideal para expor os seus produtos de pastelaria e cria\u00e7\u00f5es gourmet.","og_url":"https:\/\/www.csj-emballages.com\/pt-pt\/produit\/caixa-de-cartao-em-marfim-195-x-140-x-40-mm-embalagem-de-5\/","og_site_name":"CSJ Emballages","article_publisher":"https:\/\/www.facebook.com\/csjemballages","article_modified_time":"2026-04-14T00:11:06+00:00","og_image":[{"width":800,"height":800,"url":"https:\/\/www.csj-emballages.com\/wp-content\/uploads\/2025\/09\/115273.webp","type":"image\/webp"}],"twitter_card":"summary_large_image","twitter_misc":{"Tempo estimado de leitura":"2 minutos"},"schema":{"@context":"https:\/\/schema.org","@graph":[{"@type":"WebPage","@id":"https:\/\/www.csj-emballages.com\/pt-pt\/produit\/caixa-de-cartao-em-marfim-195-x-140-x-40-mm-embalagem-de-5\/","url":"https:\/\/www.csj-emballages.com\/pt-pt\/produit\/caixa-de-cartao-em-marfim-195-x-140-x-40-mm-embalagem-de-5\/","name":"Caixa de cart\u00e3o marfim 195 x 140 x 40 mm, 10 por caixa","isPartOf":{"@id":"https:\/\/www.csj-emballages.com\/pt-pt\/#website"},"primaryImageOfPage":{"@id":"https:\/\/www.csj-emballages.com\/pt-pt\/produit\/caixa-de-cartao-em-marfim-195-x-140-x-40-mm-embalagem-de-5\/#primaryimage"},"image":{"@id":"https:\/\/www.csj-emballages.com\/pt-pt\/produit\/caixa-de-cartao-em-marfim-195-x-140-x-40-mm-embalagem-de-5\/#primaryimage"},"thumbnailUrl":"https:\/\/www.csj-emballages.com\/wp-content\/uploads\/2025\/09\/115273.webp","datePublished":"2025-09-18T13:18:29+00:00","dateModified":"2026-04-14T00:11:06+00:00","description":"Caixa de cart\u00e3o marfim 195 x 140 x 40 mm: elegante, pr\u00e1tica e ideal para expor os seus produtos de pastelaria e cria\u00e7\u00f5es gourmet.","breadcrumb":{"@id":"https:\/\/www.csj-emballages.com\/pt-pt\/produit\/caixa-de-cartao-em-marfim-195-x-140-x-40-mm-embalagem-de-5\/#breadcrumb"},"inLanguage":"pt-PT","potentialAction":[{"@type":"ReadAction","target":["https:\/\/www.csj-emballages.com\/pt-pt\/produit\/caixa-de-cartao-em-marfim-195-x-140-x-40-mm-embalagem-de-5\/"]}]},{"@type":"ImageObject","inLanguage":"pt-PT","@id":"https:\/\/www.csj-emballages.com\/pt-pt\/produit\/caixa-de-cartao-em-marfim-195-x-140-x-40-mm-embalagem-de-5\/#primaryimage","url":"https:\/\/www.csj-emballages.com\/wp-content\/uploads\/2025\/09\/115273.webp","contentUrl":"https:\/\/www.csj-emballages.com\/wp-content\/uploads\/2025\/09\/115273.webp","width":800,"height":800,"caption":"Boite coffret"},{"@type":"BreadcrumbList","@id":"https:\/\/www.csj-emballages.com\/pt-pt\/produit\/caixa-de-cartao-em-marfim-195-x-140-x-40-mm-embalagem-de-5\/#breadcrumb","itemListElement":[{"@type":"ListItem","position":1,"name":"Acolhimento","item":"https:\/\/www.csj-emballages.com\/pt-pt\/universo-das-embalagens-alimentares\/"},{"@type":"ListItem","position":2,"name":"Shop","item":"https:\/\/www.csj-emballages.com\/shop\/"},{"@type":"ListItem","position":3,"name":"Caixa de cart\u00e3o em marfim 195 x 140 x 40 mm (10 por caixa)"}]},{"@type":"WebSite","@id":"https:\/\/www.csj-emballages.com\/pt-pt\/#website","url":"https:\/\/www.csj-emballages.com\/pt-pt\/","name":"CSJ Emballages","description":"","publisher":{"@id":"https:\/\/www.csj-emballages.com\/pt-pt\/#organization"},"potentialAction":[{"@type":"SearchAction","target":{"@type":"EntryPoint","urlTemplate":"https:\/\/www.csj-emballages.com\/pt-pt\/?s={search_term_string}"},"query-input":{"@type":"PropertyValueSpecification","valueRequired":true,"valueName":"search_term_string"}}],"inLanguage":"pt-PT"},{"@type":"Organization","@id":"https:\/\/www.csj-emballages.com\/pt-pt\/#Organization\/","name":"CSJ Emballages","url":"https:\/\/www.csj-emballages.com\/pt-pt\/","logo":{"@type":"ImageObject","inLanguage":"pt-PT","@id":"https:\/\/www.csj-emballages.com\/pt-pt\/#\/schema\/logo\/image\/","url":"https:\/\/www.csj-emballages.com\/wp-content\/uploads\/2023\/10\/logo_csj.webp","contentUrl":"https:\/\/www.csj-emballages.com\/wp-content\/uploads\/2023\/10\/logo_csj.webp","width":250,"height":95,"caption":"CSJ Emballages"},"image":{"@id":"https:\/\/www.csj-emballages.com\/pt-pt\/#\/schema\/logo\/image\/"},"sameAs":["https:\/\/www.facebook.com\/csjemballages"],"address":{"@type":"PostalAddress","streetAddress":"ZI La Lechere","addressLocality":"Patornay","postalCode":"39130","addressCountry":"FR"},"contactPoint":[{"@type":"ContactPoint","contactType":"Service client","telephone":"0384254272","email":"contact@csj-emballages.com"}]}]}},"df_price":11.69,"df_sale_price":"","df_regular_price":11.69,"df_image_link":"https:\/\/www.csj-emballages.com\/wp-content\/uploads\/2025\/09\/115273-300x300.webp","tiered_pricing_type":"fixed","tiered_pricing_fixed_rules":[],"tiered_pricing_percentage_rules":[],"tiered_pricing_minimum":1,"tiered_pricing_roles_data":[],"_links":{"self":[{"href":"https:\/\/www.csj-emballages.com\/pt-pt\/wp-json\/wp\/v2\/product\/247748","targetHints":{"allow":["GET"]}}],"collection":[{"href":"https:\/\/www.csj-emballages.com\/pt-pt\/wp-json\/wp\/v2\/product"}],"about":[{"href":"https:\/\/www.csj-emballages.com\/pt-pt\/wp-json\/wp\/v2\/types\/product"}],"wp:featuredmedia":[{"embeddable":true,"href":"https:\/\/www.csj-emballages.com\/pt-pt\/wp-json\/wp\/v2\/media\/247739"}],"wp:attachment":[{"href":"https:\/\/www.csj-emballages.com\/pt-pt\/wp-json\/wp\/v2\/media?parent=247748"}],"wp:term":[{"taxonomy":"product_brand","embeddable":true,"href":"https:\/\/www.csj-emballages.com\/pt-pt\/wp-json\/wp\/v2\/product_brand?post=247748"},{"taxonomy":"product_cat","embeddable":true,"href":"https:\/\/www.csj-emballages.com\/pt-pt\/wp-json\/wp\/v2\/product_cat?post=247748"},{"taxonomy":"product_tag","embeddable":true,"href":"https:\/\/www.csj-emballages.com\/pt-pt\/wp-json\/wp\/v2\/product_tag?post=247748"}],"curies":[{"name":"wp","href":"https:\/\/api.w.org\/{rel}","templated":true}]}}