{"id":247481,"date":"2025-09-18T12:18:25","date_gmt":"2025-09-18T10:18:25","guid":{"rendered":"https:\/\/www.csj-emballages.com\/produit\/regua-de-macarrao-em-cartao-verde-80-x-50-x-50-mm-20-unidades\/"},"modified":"2026-04-18T02:10:54","modified_gmt":"2026-04-18T00:10:54","slug":"regua-de-macarrao-em-cartao-verde-80-x-50-x-50-mm-20-unidades","status":"publish","type":"product","link":"https:\/\/www.csj-emballages.com\/pt-pt\/produit\/regua-de-macarrao-em-cartao-verde-80-x-50-x-50-mm-20-unidades\/","title":{"rendered":"R\u00e9gua de macarr\u00e3o em cart\u00e3o verde 80 x 50 x 50 mm (10)"},"content":{"rendered":"<h2 class=\"p1\">R\u00e9gua de macarr\u00e3o<\/h2>\n<hr>\n<h3>Descri\u00e7\u00e3o da nossa r\u00e9gua de papel\u00e3o verde para macarons 80 x 50 x 50 mm por 10<\/h3>\n<p><!--more--><\/p>\n<p data-start=\"172\" data-end=\"603\">D\u00ea aos seus doces uma apresenta\u00e7\u00e3o refinada e elegante com a nossa <strong>caixa para macarons em cart\u00e3o verde<\/strong>. Concebida para valorizar as suas cria\u00e7\u00f5es doces, esta <strong>caixa para macarons<\/strong> \u00e9 a combina\u00e7\u00e3o perfeita de robustez, design e praticidade. Com a sua <strong>base de dois rebordos e<\/strong> a sua <strong>banda de cart\u00e3o esticado<\/strong>, garante uma excelente fixa\u00e7\u00e3o e uma prote\u00e7\u00e3o \u00f3ptima durante o transporte ou a exposi\u00e7\u00e3o.  <\/p>\n<p data-start=\"605\" data-end=\"1085\"><strong>Com 80 x 50 x 50 mm<\/strong>, este <strong>tabuleiro<\/strong> \u00e9 ideal para <strong>macarons<\/strong>, <strong>chocolates<\/strong>, <strong>biscoitos<\/strong> e outros <strong>produtos de confeitaria fina<\/strong>. A sua cor <strong>verde<\/strong> suave e moderna d\u00e1 um toque de frescura e originalidade \u00e0s suas apresenta\u00e7\u00f5es. Quer seja pasteleiro, padeiro ou fornecedor de refei\u00e7\u00f5es, este modelo adapta-se perfeitamente \u00e0s suas necessidades, para que possa mostrar os seus produtos da melhor forma, garantindo a sua seguran\u00e7a.  <\/p>\n<p data-start=\"1087\" data-end=\"1430\">O seu <strong>cart\u00e3o r\u00edgido<\/strong> e ecol\u00f3gico foi concebido para resistir \u00e0 humidade e preservar a qualidade da sua pastelaria. \u00c9 <strong>f\u00e1cil de montar<\/strong>, sem necessidade de cola, poupando tempo precioso de produ\u00e7\u00e3o. E com o seu design elegante e limpo, \u00e9 um verdadeiro atrativo que responde a todas as suas exig\u00eancias profissionais.  <\/p>\n<p data-start=\"1432\" data-end=\"1744\">Ao escolher esta <strong>r\u00e9gua verde para macarons<\/strong>, est\u00e1 a optar por uma embalagem pr\u00e1tica, duradoura e atraente que reflecte a sua per\u00edcia e aten\u00e7\u00e3o aos detalhes. Um must-have para aqueles que querem combinar eleg\u00e2ncia e praticidade na apresenta\u00e7\u00e3o das suas iguarias. <\/p>\n<p data-start=\"1378\" data-end=\"1605\"><!--more--><\/p>\n<h4 data-start=\"1378\" data-end=\"1605\">Vantagens :<\/h4>\n<ul>\n<li data-start=\"1787\" data-end=\"1850\"><strong data-start=\"1789\" data-end=\"1819\">Cart\u00e3o forte e r\u00edgido<\/strong> para uma prote\u00e7\u00e3o m\u00e1xima.<\/li>\n<li data-start=\"1853\" data-end=\"1910\"><strong data-start=\"1855\" data-end=\"1879\">Base com dois rebordos<\/strong> para maior estabilidade.<\/li>\n<li data-start=\"1913\" data-end=\"1957\"><strong data-start=\"1915\" data-end=\"1943\">Coloca\u00e7\u00e3o r\u00e1pida e f\u00e1cil<\/strong>, sem necessidade de cola.<\/li>\n<li data-start=\"1960\" data-end=\"2021\"><strong data-start=\"1962\" data-end=\"1988\">Cor verde elegante<\/strong> para uma apresenta\u00e7\u00e3o requintada.<\/li>\n<li data-start=\"2024\" data-end=\"2078\"><strong data-start=\"2026\" data-end=\"2076\">Ideal para macarons, chocolates e produtos de confeitaria<\/strong>.<\/li>\n<\/ul>\n<p>&nbsp;<\/p>\n<p><!--more--><\/p>\n<h4>Outras informa\u00e7\u00f5es :<\/h4>\n<ul>\n<li><strong>Embalagem<\/strong>: Pacote de 10<\/li>\n<li><strong>Dimens\u00f5es<\/strong>: 80 x 50 x 50 mm<\/li>\n<li><strong>Material<\/strong>: Cart\u00e3o<\/li>\n<li><strong>Capacidade<\/strong>: 3-4 macarons<\/li>\n<li><strong>Cor<\/strong>: Verde \/ Branco<\/li>\n<\/ul>\n<p>&nbsp;<\/p>\n<p><!--more--><\/p>\n<p>Esta r\u00e9gua de macarr\u00e3o verde est\u00e1 dispon\u00edvel em diferentes tamanhos:<span style=\"color: #d12727;\"> <a style=\"color: #d12727;\" href=\"https:\/\/www.csj-emballages.com\/produit\/reglette-macarons-carton-vert-160-x-50-x-50-mm-par-20\/\">160 x 50 x 50 mm<\/a><\/span> \/ <span style=\"color: #d12727;\"><a style=\"color: #d12727;\" href=\"https:\/\/www.csj-emballages.com\/produit\/reglette-macarons-carton-vert-160-x-100-x-50-mm-par-20\/\">160 x 100 x 50 mm<\/a><\/span><\/p>\n<p>&nbsp;<\/p>\n<p><!--more--><\/p>\n<p><a href=\"https:\/\/www.csj-emballages.com\/pt-pt\/categorie-produit\/embalagem-de-alimentos\/padaria-e-pastelaria\/caixas-e-estojos\/caixas-estojos-para-macarons\/reguas-de-macarrao\/\">Consulte o resto da nossa gama de r\u00e9guas para macarons<\/a><\/p>\n","protected":false},"excerpt":{"rendered":"<p>R\u00e9gua de macarr\u00e3o Descri\u00e7\u00e3o da nossa r\u00e9gua de papel\u00e3o verde para macarons 80 x 50 x 50 mm por 10<\/p>\n","protected":false},"featured_media":247460,"template":"","meta":{"_acf_changed":false},"product_brand":[],"product_cat":[1141,1177,3916,1732,9893],"product_tag":[],"class_list":{"0":"post-247481","1":"product","2":"type-product","3":"status-publish","4":"has-post-thumbnail","6":"product_cat-embalagem-de-alimentos","7":"product_cat-padaria-e-pastelaria","8":"product_cat-caixas-e-estojos","9":"product_cat-caixas-estojos-para-macarons","10":"product_cat-reguas-de-macarrao","12":"first","13":"instock","14":"taxable","15":"shipping-taxable","16":"purchasable","17":"product-type-simple"},"acf":[],"yoast_head":"<!-- This site is optimized with the Yoast SEO Premium plugin v26.6 (Yoast SEO v26.6) - https:\/\/yoast.com\/wordpress\/plugins\/seo\/ -->\n<title>R\u00e9gua de cart\u00e3o verde para macarr\u00e3o 80 x 50 x 50 mm por 10<\/title>\n<meta name=\"description\" content=\"R\u00e9gua de macarr\u00e3o em cart\u00e3o verde 80 x 50 x 50 mm (10) - elegante, resistente e perfeita para apresentar chocolates, macarons e outros...\" \/>\n<meta name=\"robots\" content=\"index, follow, max-snippet:-1, max-image-preview:large, max-video-preview:-1\" \/>\n<link rel=\"canonical\" href=\"https:\/\/www.csj-emballages.com\/pt-pt\/produit\/regua-de-macarrao-em-cartao-verde-80-x-50-x-50-mm-20-unidades\/\" \/>\n<meta property=\"og:locale\" content=\"pt_PT\" \/>\n<meta property=\"og:type\" content=\"article\" \/>\n<meta property=\"og:title\" content=\"R\u00e9gua de macarr\u00e3o em cart\u00e3o verde 80 x 50 x 50 mm (10)\" \/>\n<meta property=\"og:description\" content=\"R\u00e9gua de macarr\u00e3o em cart\u00e3o verde 80 x 50 x 50 mm (10) - elegante, resistente e perfeita para apresentar chocolates, macarons e outros...\" \/>\n<meta property=\"og:url\" content=\"https:\/\/www.csj-emballages.com\/pt-pt\/produit\/regua-de-macarrao-em-cartao-verde-80-x-50-x-50-mm-20-unidades\/\" \/>\n<meta property=\"og:site_name\" content=\"CSJ Emballages\" \/>\n<meta property=\"article:publisher\" content=\"https:\/\/www.facebook.com\/csjemballages\" \/>\n<meta property=\"article:modified_time\" content=\"2026-04-18T00:10:54+00:00\" \/>\n<meta property=\"og:image\" content=\"https:\/\/www.csj-emballages.com\/wp-content\/uploads\/2025\/09\/119133.webp\" \/>\n\t<meta property=\"og:image:width\" content=\"800\" \/>\n\t<meta property=\"og:image:height\" content=\"800\" \/>\n\t<meta property=\"og:image:type\" content=\"image\/webp\" \/>\n<meta name=\"twitter:card\" content=\"summary_large_image\" \/>\n<meta name=\"twitter:label1\" content=\"Tempo estimado de leitura\" \/>\n\t<meta name=\"twitter:data1\" content=\"2 minutos\" \/>\n<script type=\"application\/ld+json\" class=\"yoast-schema-graph\">{\"@context\":\"https:\/\/schema.org\",\"@graph\":[{\"@type\":\"WebPage\",\"@id\":\"https:\/\/www.csj-emballages.com\/pt-pt\/produit\/regua-de-macarrao-em-cartao-verde-80-x-50-x-50-mm-20-unidades\/\",\"url\":\"https:\/\/www.csj-emballages.com\/pt-pt\/produit\/regua-de-macarrao-em-cartao-verde-80-x-50-x-50-mm-20-unidades\/\",\"name\":\"R\u00e9gua de cart\u00e3o verde para macarr\u00e3o 80 x 50 x 50 mm por 10\",\"isPartOf\":{\"@id\":\"https:\/\/www.csj-emballages.com\/pt-pt\/#website\"},\"primaryImageOfPage\":{\"@id\":\"https:\/\/www.csj-emballages.com\/pt-pt\/produit\/regua-de-macarrao-em-cartao-verde-80-x-50-x-50-mm-20-unidades\/#primaryimage\"},\"image\":{\"@id\":\"https:\/\/www.csj-emballages.com\/pt-pt\/produit\/regua-de-macarrao-em-cartao-verde-80-x-50-x-50-mm-20-unidades\/#primaryimage\"},\"thumbnailUrl\":\"https:\/\/www.csj-emballages.com\/wp-content\/uploads\/2025\/09\/119133.webp\",\"datePublished\":\"2025-09-18T10:18:25+00:00\",\"dateModified\":\"2026-04-18T00:10:54+00:00\",\"description\":\"R\u00e9gua de macarr\u00e3o em cart\u00e3o verde 80 x 50 x 50 mm (10) - elegante, resistente e perfeita para apresentar chocolates, macarons e outros...\",\"breadcrumb\":{\"@id\":\"https:\/\/www.csj-emballages.com\/pt-pt\/produit\/regua-de-macarrao-em-cartao-verde-80-x-50-x-50-mm-20-unidades\/#breadcrumb\"},\"inLanguage\":\"pt-PT\",\"potentialAction\":[{\"@type\":\"ReadAction\",\"target\":[\"https:\/\/www.csj-emballages.com\/pt-pt\/produit\/regua-de-macarrao-em-cartao-verde-80-x-50-x-50-mm-20-unidades\/\"]}]},{\"@type\":\"ImageObject\",\"inLanguage\":\"pt-PT\",\"@id\":\"https:\/\/www.csj-emballages.com\/pt-pt\/produit\/regua-de-macarrao-em-cartao-verde-80-x-50-x-50-mm-20-unidades\/#primaryimage\",\"url\":\"https:\/\/www.csj-emballages.com\/wp-content\/uploads\/2025\/09\/119133.webp\",\"contentUrl\":\"https:\/\/www.csj-emballages.com\/wp-content\/uploads\/2025\/09\/119133.webp\",\"width\":800,\"height\":800,\"caption\":\"R\u00e9glette macarons\"},{\"@type\":\"BreadcrumbList\",\"@id\":\"https:\/\/www.csj-emballages.com\/pt-pt\/produit\/regua-de-macarrao-em-cartao-verde-80-x-50-x-50-mm-20-unidades\/#breadcrumb\",\"itemListElement\":[{\"@type\":\"ListItem\",\"position\":1,\"name\":\"Acolhimento\",\"item\":\"https:\/\/www.csj-emballages.com\/pt-pt\/universo-das-embalagens-alimentares\/\"},{\"@type\":\"ListItem\",\"position\":2,\"name\":\"Shop\",\"item\":\"https:\/\/www.csj-emballages.com\/shop\/\"},{\"@type\":\"ListItem\",\"position\":3,\"name\":\"R\u00e9gua de macarr\u00e3o em cart\u00e3o verde 80 x 50 x 50 mm (10)\"}]},{\"@type\":\"WebSite\",\"@id\":\"https:\/\/www.csj-emballages.com\/pt-pt\/#website\",\"url\":\"https:\/\/www.csj-emballages.com\/pt-pt\/\",\"name\":\"CSJ Emballages\",\"description\":\"\",\"publisher\":{\"@id\":\"https:\/\/www.csj-emballages.com\/pt-pt\/#organization\"},\"potentialAction\":[{\"@type\":\"SearchAction\",\"target\":{\"@type\":\"EntryPoint\",\"urlTemplate\":\"https:\/\/www.csj-emballages.com\/pt-pt\/?s={search_term_string}\"},\"query-input\":{\"@type\":\"PropertyValueSpecification\",\"valueRequired\":true,\"valueName\":\"search_term_string\"}}],\"inLanguage\":\"pt-PT\"},{\"@type\":\"Organization\",\"@id\":\"https:\/\/www.csj-emballages.com\/pt-pt\/#Organization\/\",\"name\":\"CSJ Emballages\",\"url\":\"https:\/\/www.csj-emballages.com\/pt-pt\/\",\"logo\":{\"@type\":\"ImageObject\",\"inLanguage\":\"pt-PT\",\"@id\":\"https:\/\/www.csj-emballages.com\/pt-pt\/#\/schema\/logo\/image\/\",\"url\":\"https:\/\/www.csj-emballages.com\/wp-content\/uploads\/2023\/10\/logo_csj.webp\",\"contentUrl\":\"https:\/\/www.csj-emballages.com\/wp-content\/uploads\/2023\/10\/logo_csj.webp\",\"width\":250,\"height\":95,\"caption\":\"CSJ Emballages\"},\"image\":{\"@id\":\"https:\/\/www.csj-emballages.com\/pt-pt\/#\/schema\/logo\/image\/\"},\"sameAs\":[\"https:\/\/www.facebook.com\/csjemballages\"],\"address\":{\"@type\":\"PostalAddress\",\"streetAddress\":\"ZI La Lechere\",\"addressLocality\":\"Patornay\",\"postalCode\":\"39130\",\"addressCountry\":\"FR\"},\"contactPoint\":[{\"@type\":\"ContactPoint\",\"contactType\":\"Service client\",\"telephone\":\"0384254272\",\"email\":\"contact@csj-emballages.com\"}]}]}<\/script>\n<!-- \/ Yoast SEO Premium plugin. -->","yoast_head_json":{"title":"R\u00e9gua de cart\u00e3o verde para macarr\u00e3o 80 x 50 x 50 mm por 10","description":"R\u00e9gua de macarr\u00e3o em cart\u00e3o verde 80 x 50 x 50 mm (10) - elegante, resistente e perfeita para apresentar chocolates, macarons e outros...","robots":{"index":"index","follow":"follow","max-snippet":"max-snippet:-1","max-image-preview":"max-image-preview:large","max-video-preview":"max-video-preview:-1"},"canonical":"https:\/\/www.csj-emballages.com\/pt-pt\/produit\/regua-de-macarrao-em-cartao-verde-80-x-50-x-50-mm-20-unidades\/","og_locale":"pt_PT","og_type":"article","og_title":"R\u00e9gua de macarr\u00e3o em cart\u00e3o verde 80 x 50 x 50 mm (10)","og_description":"R\u00e9gua de macarr\u00e3o em cart\u00e3o verde 80 x 50 x 50 mm (10) - elegante, resistente e perfeita para apresentar chocolates, macarons e outros...","og_url":"https:\/\/www.csj-emballages.com\/pt-pt\/produit\/regua-de-macarrao-em-cartao-verde-80-x-50-x-50-mm-20-unidades\/","og_site_name":"CSJ Emballages","article_publisher":"https:\/\/www.facebook.com\/csjemballages","article_modified_time":"2026-04-18T00:10:54+00:00","og_image":[{"width":800,"height":800,"url":"https:\/\/www.csj-emballages.com\/wp-content\/uploads\/2025\/09\/119133.webp","type":"image\/webp"}],"twitter_card":"summary_large_image","twitter_misc":{"Tempo estimado de leitura":"2 minutos"},"schema":{"@context":"https:\/\/schema.org","@graph":[{"@type":"WebPage","@id":"https:\/\/www.csj-emballages.com\/pt-pt\/produit\/regua-de-macarrao-em-cartao-verde-80-x-50-x-50-mm-20-unidades\/","url":"https:\/\/www.csj-emballages.com\/pt-pt\/produit\/regua-de-macarrao-em-cartao-verde-80-x-50-x-50-mm-20-unidades\/","name":"R\u00e9gua de cart\u00e3o verde para macarr\u00e3o 80 x 50 x 50 mm por 10","isPartOf":{"@id":"https:\/\/www.csj-emballages.com\/pt-pt\/#website"},"primaryImageOfPage":{"@id":"https:\/\/www.csj-emballages.com\/pt-pt\/produit\/regua-de-macarrao-em-cartao-verde-80-x-50-x-50-mm-20-unidades\/#primaryimage"},"image":{"@id":"https:\/\/www.csj-emballages.com\/pt-pt\/produit\/regua-de-macarrao-em-cartao-verde-80-x-50-x-50-mm-20-unidades\/#primaryimage"},"thumbnailUrl":"https:\/\/www.csj-emballages.com\/wp-content\/uploads\/2025\/09\/119133.webp","datePublished":"2025-09-18T10:18:25+00:00","dateModified":"2026-04-18T00:10:54+00:00","description":"R\u00e9gua de macarr\u00e3o em cart\u00e3o verde 80 x 50 x 50 mm (10) - elegante, resistente e perfeita para apresentar chocolates, macarons e outros...","breadcrumb":{"@id":"https:\/\/www.csj-emballages.com\/pt-pt\/produit\/regua-de-macarrao-em-cartao-verde-80-x-50-x-50-mm-20-unidades\/#breadcrumb"},"inLanguage":"pt-PT","potentialAction":[{"@type":"ReadAction","target":["https:\/\/www.csj-emballages.com\/pt-pt\/produit\/regua-de-macarrao-em-cartao-verde-80-x-50-x-50-mm-20-unidades\/"]}]},{"@type":"ImageObject","inLanguage":"pt-PT","@id":"https:\/\/www.csj-emballages.com\/pt-pt\/produit\/regua-de-macarrao-em-cartao-verde-80-x-50-x-50-mm-20-unidades\/#primaryimage","url":"https:\/\/www.csj-emballages.com\/wp-content\/uploads\/2025\/09\/119133.webp","contentUrl":"https:\/\/www.csj-emballages.com\/wp-content\/uploads\/2025\/09\/119133.webp","width":800,"height":800,"caption":"R\u00e9glette macarons"},{"@type":"BreadcrumbList","@id":"https:\/\/www.csj-emballages.com\/pt-pt\/produit\/regua-de-macarrao-em-cartao-verde-80-x-50-x-50-mm-20-unidades\/#breadcrumb","itemListElement":[{"@type":"ListItem","position":1,"name":"Acolhimento","item":"https:\/\/www.csj-emballages.com\/pt-pt\/universo-das-embalagens-alimentares\/"},{"@type":"ListItem","position":2,"name":"Shop","item":"https:\/\/www.csj-emballages.com\/shop\/"},{"@type":"ListItem","position":3,"name":"R\u00e9gua de macarr\u00e3o em cart\u00e3o verde 80 x 50 x 50 mm (10)"}]},{"@type":"WebSite","@id":"https:\/\/www.csj-emballages.com\/pt-pt\/#website","url":"https:\/\/www.csj-emballages.com\/pt-pt\/","name":"CSJ Emballages","description":"","publisher":{"@id":"https:\/\/www.csj-emballages.com\/pt-pt\/#organization"},"potentialAction":[{"@type":"SearchAction","target":{"@type":"EntryPoint","urlTemplate":"https:\/\/www.csj-emballages.com\/pt-pt\/?s={search_term_string}"},"query-input":{"@type":"PropertyValueSpecification","valueRequired":true,"valueName":"search_term_string"}}],"inLanguage":"pt-PT"},{"@type":"Organization","@id":"https:\/\/www.csj-emballages.com\/pt-pt\/#Organization\/","name":"CSJ Emballages","url":"https:\/\/www.csj-emballages.com\/pt-pt\/","logo":{"@type":"ImageObject","inLanguage":"pt-PT","@id":"https:\/\/www.csj-emballages.com\/pt-pt\/#\/schema\/logo\/image\/","url":"https:\/\/www.csj-emballages.com\/wp-content\/uploads\/2023\/10\/logo_csj.webp","contentUrl":"https:\/\/www.csj-emballages.com\/wp-content\/uploads\/2023\/10\/logo_csj.webp","width":250,"height":95,"caption":"CSJ Emballages"},"image":{"@id":"https:\/\/www.csj-emballages.com\/pt-pt\/#\/schema\/logo\/image\/"},"sameAs":["https:\/\/www.facebook.com\/csjemballages"],"address":{"@type":"PostalAddress","streetAddress":"ZI La Lechere","addressLocality":"Patornay","postalCode":"39130","addressCountry":"FR"},"contactPoint":[{"@type":"ContactPoint","contactType":"Service client","telephone":"0384254272","email":"contact@csj-emballages.com"}]}]}},"df_price":5.78,"df_sale_price":"","df_regular_price":5.78,"df_image_link":"https:\/\/www.csj-emballages.com\/wp-content\/uploads\/2025\/09\/119133-300x300.webp","tiered_pricing_type":"fixed","tiered_pricing_fixed_rules":[],"tiered_pricing_percentage_rules":[],"tiered_pricing_minimum":1,"tiered_pricing_roles_data":[],"_links":{"self":[{"href":"https:\/\/www.csj-emballages.com\/pt-pt\/wp-json\/wp\/v2\/product\/247481","targetHints":{"allow":["GET"]}}],"collection":[{"href":"https:\/\/www.csj-emballages.com\/pt-pt\/wp-json\/wp\/v2\/product"}],"about":[{"href":"https:\/\/www.csj-emballages.com\/pt-pt\/wp-json\/wp\/v2\/types\/product"}],"wp:featuredmedia":[{"embeddable":true,"href":"https:\/\/www.csj-emballages.com\/pt-pt\/wp-json\/wp\/v2\/media\/247460"}],"wp:attachment":[{"href":"https:\/\/www.csj-emballages.com\/pt-pt\/wp-json\/wp\/v2\/media?parent=247481"}],"wp:term":[{"taxonomy":"product_brand","embeddable":true,"href":"https:\/\/www.csj-emballages.com\/pt-pt\/wp-json\/wp\/v2\/product_brand?post=247481"},{"taxonomy":"product_cat","embeddable":true,"href":"https:\/\/www.csj-emballages.com\/pt-pt\/wp-json\/wp\/v2\/product_cat?post=247481"},{"taxonomy":"product_tag","embeddable":true,"href":"https:\/\/www.csj-emballages.com\/pt-pt\/wp-json\/wp\/v2\/product_tag?post=247481"}],"curies":[{"name":"wp","href":"https:\/\/api.w.org\/{rel}","templated":true}]}}