{"id":247321,"date":"2025-09-17T15:18:52","date_gmt":"2025-09-17T13:18:52","guid":{"rendered":"https:\/\/www.csj-emballages.com\/produit\/balotina-de-chocolate-de-280-gramas-com-base-de-cartao-10-unidades\/"},"modified":"2026-04-18T02:11:27","modified_gmt":"2026-04-18T00:11:27","slug":"balotina-de-chocolate-de-280-gramas-com-base-de-cartao-10-unidades","status":"publish","type":"product","link":"https:\/\/www.csj-emballages.com\/pt-pt\/produit\/balotina-de-chocolate-de-280-gramas-com-base-de-cartao-10-unidades\/","title":{"rendered":"Balotina de chocolate 250 gramas por 10"},"content":{"rendered":"<h2 class=\"p1\">Caixa de chocolate<\/h2>\n<hr>\n<h3>Descri\u00e7\u00e3o do nosso chocolate ballotin com bordas 250 gramas por 10<\/h3>\n<p><!--more--><\/p>\n<p data-start=\"125\" data-end=\"702\">Deixe-se seduzir pela <strong>caixa de chocolate forrada de 250 gramas<\/strong>, um estojo elegante e pr\u00e1tico concebido para valorizar os seus bombons, chocolates finos e outros produtos de confeitaria artesanal. Fabricada em <strong>cart\u00e3o espesso<\/strong>, esta urna <strong>castanha<\/strong> oferece uma excelente fixa\u00e7\u00e3o e uma prote\u00e7\u00e3o eficaz para os seus doces, mesmo os mais delicados. A sua <strong>base de encaixe<\/strong> garante uma estabilidade perfeita e uma montagem r\u00e1pida, tornando-o ideal para chocolateiros artesanais, pasteleiros ou lojas que procuram combinar est\u00e9tica e praticidade.  <\/p>\n<p data-start=\"704\" data-end=\"1085\">Com o seu <strong>requintado rebordo dourado<\/strong>, esta <strong>caixa de chocolate<\/strong> d\u00e1 um toque de sofistica\u00e7\u00e3o \u00e0s suas apresenta\u00e7\u00f5es. \u00c9 t\u00e3o apelativa pelo seu design s\u00f3brio e elegante como pela sua robustez. A sua capacidade de <strong>250 gramas<\/strong> \u00e9 perfeita para criar sortidos equilibrados, seja para a \u00e9poca festiva, para o Dia dos Namorados ou para qualquer outra ocasi\u00e3o gourmet.  <\/p>\n<p data-start=\"1087\" data-end=\"1390\">Al\u00e9m disso, a <strong>caixa \u00e9 apresentada em embalagens de 10 unidades<\/strong>, um formato pr\u00e1tico para os profissionais que pretendem preparar v\u00e1rias caixas de uma s\u00f3 vez, mantendo um stock f\u00e1cil de gerir. Gra\u00e7as \u00e0 sua <strong>base de cart\u00e3o refor\u00e7ado<\/strong>, as suas cria\u00e7\u00f5es mant\u00eam-se no lugar, sem risco de esmagamento. <\/p>\n<p data-start=\"1392\" data-end=\"1709\">Esta <strong>ballotin de chocolate com rebordo<\/strong> \u00e9 mais do que uma simples embalagem: \u00e9 uma montra do seu saber-fazer, uma garantia de qualidade e profissionalismo para os seus clientes. Ao escolher esta embalagem, oferece uma experi\u00eancia gourmet completa, onde a apresenta\u00e7\u00e3o conta tanto como o prazer da degusta\u00e7\u00e3o. <\/p>\n<p data-start=\"1378\" data-end=\"1605\"><!--more--><\/p>\n<h4 data-start=\"1378\" data-end=\"1605\">Vantagens :<\/h4>\n<ul>\n<li data-start=\"1749\" data-end=\"1810\"><strong data-start=\"1749\" data-end=\"1778\">Cart\u00e3o espesso e resistente<\/strong> para uma prote\u00e7\u00e3o \u00f3ptima.<\/li>\n<li data-start=\"1813\" data-end=\"1863\"><strong data-start=\"1813\" data-end=\"1831\">Base de encaixe<\/strong>: montagem r\u00e1pida e segura.<\/li>\n<li data-start=\"1866\" data-end=\"1930\"><strong data-start=\"1866\" data-end=\"1896\">Design elegante com debrum<\/strong> para uma apresenta\u00e7\u00e3o requintada.<\/li>\n<li data-start=\"1933\" data-end=\"1996\"><strong data-start=\"1933\" data-end=\"1954\">Capacidade de 250 g<\/strong>, ideal para chocolates e produtos de confeitaria.<\/li>\n<li data-start=\"1999\" data-end=\"2061\"><strong data-start=\"1999\" data-end=\"2019\">Embalagem de 10 unidades<\/strong>: pr\u00e1tico e econ\u00f3mico para os profissionais.<\/li>\n<\/ul>\n<p>&nbsp;<\/p>\n<p><!--more--><\/p>\n<h4>Outras informa\u00e7\u00f5es :<\/h4>\n<ul>\n<li><strong>Embalagem<\/strong>: Pacote de 10<\/li>\n<li><strong>Dimens\u00f5es<\/strong>: 115 x 75 x 50 mm<\/li>\n<li><strong>Material<\/strong>: Cart\u00e3o<\/li>\n<li><strong>Capacidade<\/strong>: 250 gramas<\/li>\n<li><strong>Cor<\/strong>: Chocolate \/ Ouro<\/li>\n<\/ul>\n<p>&nbsp;<\/p>\n<p><!--more--><\/p>\n<p>Este ballotin de chocolate est\u00e1 dispon\u00edvel em diferentes tamanhos: <span style=\"color: #d12727;\"><a style=\"color: #d12727;\" href=\"https:\/\/www.csj-emballages.com\/produit\/ballotin-chocolat-lisere-365-grammes-avec-fond-carton-125-x-80-x-55-mm-par-10\/\">375 gramas<\/a><\/span> \/ <span style=\"color: #d12727;\"><a style=\"color: #d12727;\" href=\"https:\/\/www.csj-emballages.com\/produit\/ballotin-chocolat-lisere-500-grammes-avec-fond-carton-140-x-90-x-60-mm-par-10\/\">500 gramas<\/a><\/span> \/ <span style=\"color: #d12727;\"><a style=\"color: #d12727;\" href=\"https:\/\/www.csj-emballages.com\/produit\/ballotin-chocolat-lisere-550-grammes-avec-fond-carton-150-x-100-x-70-mm-par-10\/\">750 gramas<\/a><\/span><\/p>\n<p>&nbsp;<\/p>\n<p><!--more--><\/p>\n<p><a href=\"\/?product_cat=ballotins\">Ver o resto da nossa gama de caixas<\/a><\/p>\n","protected":false},"excerpt":{"rendered":"<p>Caixa de chocolate Descri\u00e7\u00e3o do nosso chocolate ballotin com bordas 250 gramas por 10<\/p>\n","protected":false},"featured_media":247308,"template":"","meta":{"_acf_changed":false},"product_brand":[],"product_cat":[1141,1177,3916,2058,9881],"product_tag":[],"class_list":{"0":"post-247321","1":"product","2":"type-product","3":"status-publish","4":"has-post-thumbnail","6":"product_cat-embalagem-de-alimentos","7":"product_cat-padaria-e-pastelaria","8":"product_cat-caixas-e-estojos","9":"product_cat-caixas","10":"product_cat-balotins-de-chocolate-com-rebordo","12":"first","13":"instock","14":"taxable","15":"shipping-taxable","16":"purchasable","17":"product-type-simple"},"acf":[],"yoast_head":"<!-- This site is optimized with the Yoast SEO Premium plugin v26.6 (Yoast SEO v26.6) - https:\/\/yoast.com\/wordpress\/plugins\/seo\/ -->\n<title>Chocolat Ballotin Liser\u00e9 250 Grammes \u00e0 10<\/title>\n<meta name=\"description\" content=\"Balotina de chocolate de 250 g com base de cart\u00e3o com clipes: elegante, resistente e perfeita para bombons e produtos de confeitaria. Embalagem de 10 unidades, ideal para profissionais.\" \/>\n<meta name=\"robots\" content=\"index, follow, max-snippet:-1, max-image-preview:large, max-video-preview:-1\" \/>\n<link rel=\"canonical\" href=\"https:\/\/www.csj-emballages.com\/pt-pt\/produit\/balotina-de-chocolate-de-280-gramas-com-base-de-cartao-10-unidades\/\" \/>\n<meta property=\"og:locale\" content=\"pt_PT\" \/>\n<meta property=\"og:type\" content=\"article\" \/>\n<meta property=\"og:title\" content=\"Balotina de chocolate 250 gramas por 10\" \/>\n<meta property=\"og:description\" content=\"Balotina de chocolate de 250 g com base de cart\u00e3o com clipes: elegante, resistente e perfeita para bombons e produtos de confeitaria. Embalagem de 10 unidades, ideal para profissionais.\" \/>\n<meta property=\"og:url\" content=\"https:\/\/www.csj-emballages.com\/pt-pt\/produit\/balotina-de-chocolate-de-280-gramas-com-base-de-cartao-10-unidades\/\" \/>\n<meta property=\"og:site_name\" content=\"CSJ Emballages\" \/>\n<meta property=\"article:publisher\" content=\"https:\/\/www.facebook.com\/csjemballages\" \/>\n<meta property=\"article:modified_time\" content=\"2026-04-18T00:11:27+00:00\" \/>\n<meta property=\"og:image\" content=\"https:\/\/www.csj-emballages.com\/wp-content\/uploads\/2025\/09\/136912.webp\" \/>\n\t<meta property=\"og:image:width\" content=\"799\" \/>\n\t<meta property=\"og:image:height\" content=\"800\" \/>\n\t<meta property=\"og:image:type\" content=\"image\/webp\" \/>\n<meta name=\"twitter:card\" content=\"summary_large_image\" \/>\n<meta name=\"twitter:label1\" content=\"Tempo estimado de leitura\" \/>\n\t<meta name=\"twitter:data1\" content=\"2 minutos\" \/>\n<script type=\"application\/ld+json\" class=\"yoast-schema-graph\">{\"@context\":\"https:\/\/schema.org\",\"@graph\":[{\"@type\":\"WebPage\",\"@id\":\"https:\/\/www.csj-emballages.com\/pt-pt\/produit\/balotina-de-chocolate-de-280-gramas-com-base-de-cartao-10-unidades\/\",\"url\":\"https:\/\/www.csj-emballages.com\/pt-pt\/produit\/balotina-de-chocolate-de-280-gramas-com-base-de-cartao-10-unidades\/\",\"name\":\"Chocolat Ballotin Liser\u00e9 250 Grammes \u00e0 10\",\"isPartOf\":{\"@id\":\"https:\/\/www.csj-emballages.com\/pt-pt\/#website\"},\"primaryImageOfPage\":{\"@id\":\"https:\/\/www.csj-emballages.com\/pt-pt\/produit\/balotina-de-chocolate-de-280-gramas-com-base-de-cartao-10-unidades\/#primaryimage\"},\"image\":{\"@id\":\"https:\/\/www.csj-emballages.com\/pt-pt\/produit\/balotina-de-chocolate-de-280-gramas-com-base-de-cartao-10-unidades\/#primaryimage\"},\"thumbnailUrl\":\"https:\/\/www.csj-emballages.com\/wp-content\/uploads\/2025\/09\/136912.webp\",\"datePublished\":\"2025-09-17T13:18:52+00:00\",\"dateModified\":\"2026-04-18T00:11:27+00:00\",\"description\":\"Balotina de chocolate de 250 g com base de cart\u00e3o com clipes: elegante, resistente e perfeita para bombons e produtos de confeitaria. Embalagem de 10 unidades, ideal para profissionais.\",\"breadcrumb\":{\"@id\":\"https:\/\/www.csj-emballages.com\/pt-pt\/produit\/balotina-de-chocolate-de-280-gramas-com-base-de-cartao-10-unidades\/#breadcrumb\"},\"inLanguage\":\"pt-PT\",\"potentialAction\":[{\"@type\":\"ReadAction\",\"target\":[\"https:\/\/www.csj-emballages.com\/pt-pt\/produit\/balotina-de-chocolate-de-280-gramas-com-base-de-cartao-10-unidades\/\"]}]},{\"@type\":\"ImageObject\",\"inLanguage\":\"pt-PT\",\"@id\":\"https:\/\/www.csj-emballages.com\/pt-pt\/produit\/balotina-de-chocolate-de-280-gramas-com-base-de-cartao-10-unidades\/#primaryimage\",\"url\":\"https:\/\/www.csj-emballages.com\/wp-content\/uploads\/2025\/09\/136912.webp\",\"contentUrl\":\"https:\/\/www.csj-emballages.com\/wp-content\/uploads\/2025\/09\/136912.webp\",\"width\":799,\"height\":800,\"caption\":\"Ballotin chocolat liser\u00e9\"},{\"@type\":\"BreadcrumbList\",\"@id\":\"https:\/\/www.csj-emballages.com\/pt-pt\/produit\/balotina-de-chocolate-de-280-gramas-com-base-de-cartao-10-unidades\/#breadcrumb\",\"itemListElement\":[{\"@type\":\"ListItem\",\"position\":1,\"name\":\"Acolhimento\",\"item\":\"https:\/\/www.csj-emballages.com\/pt-pt\/universo-das-embalagens-alimentares\/\"},{\"@type\":\"ListItem\",\"position\":2,\"name\":\"Shop\",\"item\":\"https:\/\/www.csj-emballages.com\/shop\/\"},{\"@type\":\"ListItem\",\"position\":3,\"name\":\"Balotina de chocolate 250 gramas por 10\"}]},{\"@type\":\"WebSite\",\"@id\":\"https:\/\/www.csj-emballages.com\/pt-pt\/#website\",\"url\":\"https:\/\/www.csj-emballages.com\/pt-pt\/\",\"name\":\"CSJ Emballages\",\"description\":\"\",\"publisher\":{\"@id\":\"https:\/\/www.csj-emballages.com\/pt-pt\/#organization\"},\"potentialAction\":[{\"@type\":\"SearchAction\",\"target\":{\"@type\":\"EntryPoint\",\"urlTemplate\":\"https:\/\/www.csj-emballages.com\/pt-pt\/?s={search_term_string}\"},\"query-input\":{\"@type\":\"PropertyValueSpecification\",\"valueRequired\":true,\"valueName\":\"search_term_string\"}}],\"inLanguage\":\"pt-PT\"},{\"@type\":\"Organization\",\"@id\":\"https:\/\/www.csj-emballages.com\/pt-pt\/#Organization\/\",\"name\":\"CSJ Emballages\",\"url\":\"https:\/\/www.csj-emballages.com\/pt-pt\/\",\"logo\":{\"@type\":\"ImageObject\",\"inLanguage\":\"pt-PT\",\"@id\":\"https:\/\/www.csj-emballages.com\/pt-pt\/#\/schema\/logo\/image\/\",\"url\":\"https:\/\/www.csj-emballages.com\/wp-content\/uploads\/2023\/10\/logo_csj.webp\",\"contentUrl\":\"https:\/\/www.csj-emballages.com\/wp-content\/uploads\/2023\/10\/logo_csj.webp\",\"width\":250,\"height\":95,\"caption\":\"CSJ Emballages\"},\"image\":{\"@id\":\"https:\/\/www.csj-emballages.com\/pt-pt\/#\/schema\/logo\/image\/\"},\"sameAs\":[\"https:\/\/www.facebook.com\/csjemballages\"],\"address\":{\"@type\":\"PostalAddress\",\"streetAddress\":\"ZI La Lechere\",\"addressLocality\":\"Patornay\",\"postalCode\":\"39130\",\"addressCountry\":\"FR\"},\"contactPoint\":[{\"@type\":\"ContactPoint\",\"contactType\":\"Service client\",\"telephone\":\"0384254272\",\"email\":\"contact@csj-emballages.com\"}]}]}<\/script>\n<!-- \/ Yoast SEO Premium plugin. -->","yoast_head_json":{"title":"Chocolat Ballotin Liser\u00e9 250 Grammes \u00e0 10","description":"Balotina de chocolate de 250 g com base de cart\u00e3o com clipes: elegante, resistente e perfeita para bombons e produtos de confeitaria. Embalagem de 10 unidades, ideal para profissionais.","robots":{"index":"index","follow":"follow","max-snippet":"max-snippet:-1","max-image-preview":"max-image-preview:large","max-video-preview":"max-video-preview:-1"},"canonical":"https:\/\/www.csj-emballages.com\/pt-pt\/produit\/balotina-de-chocolate-de-280-gramas-com-base-de-cartao-10-unidades\/","og_locale":"pt_PT","og_type":"article","og_title":"Balotina de chocolate 250 gramas por 10","og_description":"Balotina de chocolate de 250 g com base de cart\u00e3o com clipes: elegante, resistente e perfeita para bombons e produtos de confeitaria. Embalagem de 10 unidades, ideal para profissionais.","og_url":"https:\/\/www.csj-emballages.com\/pt-pt\/produit\/balotina-de-chocolate-de-280-gramas-com-base-de-cartao-10-unidades\/","og_site_name":"CSJ Emballages","article_publisher":"https:\/\/www.facebook.com\/csjemballages","article_modified_time":"2026-04-18T00:11:27+00:00","og_image":[{"width":799,"height":800,"url":"https:\/\/www.csj-emballages.com\/wp-content\/uploads\/2025\/09\/136912.webp","type":"image\/webp"}],"twitter_card":"summary_large_image","twitter_misc":{"Tempo estimado de leitura":"2 minutos"},"schema":{"@context":"https:\/\/schema.org","@graph":[{"@type":"WebPage","@id":"https:\/\/www.csj-emballages.com\/pt-pt\/produit\/balotina-de-chocolate-de-280-gramas-com-base-de-cartao-10-unidades\/","url":"https:\/\/www.csj-emballages.com\/pt-pt\/produit\/balotina-de-chocolate-de-280-gramas-com-base-de-cartao-10-unidades\/","name":"Chocolat Ballotin Liser\u00e9 250 Grammes \u00e0 10","isPartOf":{"@id":"https:\/\/www.csj-emballages.com\/pt-pt\/#website"},"primaryImageOfPage":{"@id":"https:\/\/www.csj-emballages.com\/pt-pt\/produit\/balotina-de-chocolate-de-280-gramas-com-base-de-cartao-10-unidades\/#primaryimage"},"image":{"@id":"https:\/\/www.csj-emballages.com\/pt-pt\/produit\/balotina-de-chocolate-de-280-gramas-com-base-de-cartao-10-unidades\/#primaryimage"},"thumbnailUrl":"https:\/\/www.csj-emballages.com\/wp-content\/uploads\/2025\/09\/136912.webp","datePublished":"2025-09-17T13:18:52+00:00","dateModified":"2026-04-18T00:11:27+00:00","description":"Balotina de chocolate de 250 g com base de cart\u00e3o com clipes: elegante, resistente e perfeita para bombons e produtos de confeitaria. Embalagem de 10 unidades, ideal para profissionais.","breadcrumb":{"@id":"https:\/\/www.csj-emballages.com\/pt-pt\/produit\/balotina-de-chocolate-de-280-gramas-com-base-de-cartao-10-unidades\/#breadcrumb"},"inLanguage":"pt-PT","potentialAction":[{"@type":"ReadAction","target":["https:\/\/www.csj-emballages.com\/pt-pt\/produit\/balotina-de-chocolate-de-280-gramas-com-base-de-cartao-10-unidades\/"]}]},{"@type":"ImageObject","inLanguage":"pt-PT","@id":"https:\/\/www.csj-emballages.com\/pt-pt\/produit\/balotina-de-chocolate-de-280-gramas-com-base-de-cartao-10-unidades\/#primaryimage","url":"https:\/\/www.csj-emballages.com\/wp-content\/uploads\/2025\/09\/136912.webp","contentUrl":"https:\/\/www.csj-emballages.com\/wp-content\/uploads\/2025\/09\/136912.webp","width":799,"height":800,"caption":"Ballotin chocolat liser\u00e9"},{"@type":"BreadcrumbList","@id":"https:\/\/www.csj-emballages.com\/pt-pt\/produit\/balotina-de-chocolate-de-280-gramas-com-base-de-cartao-10-unidades\/#breadcrumb","itemListElement":[{"@type":"ListItem","position":1,"name":"Acolhimento","item":"https:\/\/www.csj-emballages.com\/pt-pt\/universo-das-embalagens-alimentares\/"},{"@type":"ListItem","position":2,"name":"Shop","item":"https:\/\/www.csj-emballages.com\/shop\/"},{"@type":"ListItem","position":3,"name":"Balotina de chocolate 250 gramas por 10"}]},{"@type":"WebSite","@id":"https:\/\/www.csj-emballages.com\/pt-pt\/#website","url":"https:\/\/www.csj-emballages.com\/pt-pt\/","name":"CSJ Emballages","description":"","publisher":{"@id":"https:\/\/www.csj-emballages.com\/pt-pt\/#organization"},"potentialAction":[{"@type":"SearchAction","target":{"@type":"EntryPoint","urlTemplate":"https:\/\/www.csj-emballages.com\/pt-pt\/?s={search_term_string}"},"query-input":{"@type":"PropertyValueSpecification","valueRequired":true,"valueName":"search_term_string"}}],"inLanguage":"pt-PT"},{"@type":"Organization","@id":"https:\/\/www.csj-emballages.com\/pt-pt\/#Organization\/","name":"CSJ Emballages","url":"https:\/\/www.csj-emballages.com\/pt-pt\/","logo":{"@type":"ImageObject","inLanguage":"pt-PT","@id":"https:\/\/www.csj-emballages.com\/pt-pt\/#\/schema\/logo\/image\/","url":"https:\/\/www.csj-emballages.com\/wp-content\/uploads\/2023\/10\/logo_csj.webp","contentUrl":"https:\/\/www.csj-emballages.com\/wp-content\/uploads\/2023\/10\/logo_csj.webp","width":250,"height":95,"caption":"CSJ Emballages"},"image":{"@id":"https:\/\/www.csj-emballages.com\/pt-pt\/#\/schema\/logo\/image\/"},"sameAs":["https:\/\/www.facebook.com\/csjemballages"],"address":{"@type":"PostalAddress","streetAddress":"ZI La Lechere","addressLocality":"Patornay","postalCode":"39130","addressCountry":"FR"},"contactPoint":[{"@type":"ContactPoint","contactType":"Service client","telephone":"0384254272","email":"contact@csj-emballages.com"}]}]}},"df_price":6.67,"df_sale_price":"","df_regular_price":6.67,"df_image_link":"https:\/\/www.csj-emballages.com\/wp-content\/uploads\/2025\/09\/136912-300x300.webp","tiered_pricing_type":"fixed","tiered_pricing_fixed_rules":[],"tiered_pricing_percentage_rules":[],"tiered_pricing_minimum":1,"tiered_pricing_roles_data":[],"_links":{"self":[{"href":"https:\/\/www.csj-emballages.com\/pt-pt\/wp-json\/wp\/v2\/product\/247321","targetHints":{"allow":["GET"]}}],"collection":[{"href":"https:\/\/www.csj-emballages.com\/pt-pt\/wp-json\/wp\/v2\/product"}],"about":[{"href":"https:\/\/www.csj-emballages.com\/pt-pt\/wp-json\/wp\/v2\/types\/product"}],"wp:featuredmedia":[{"embeddable":true,"href":"https:\/\/www.csj-emballages.com\/pt-pt\/wp-json\/wp\/v2\/media\/247308"}],"wp:attachment":[{"href":"https:\/\/www.csj-emballages.com\/pt-pt\/wp-json\/wp\/v2\/media?parent=247321"}],"wp:term":[{"taxonomy":"product_brand","embeddable":true,"href":"https:\/\/www.csj-emballages.com\/pt-pt\/wp-json\/wp\/v2\/product_brand?post=247321"},{"taxonomy":"product_cat","embeddable":true,"href":"https:\/\/www.csj-emballages.com\/pt-pt\/wp-json\/wp\/v2\/product_cat?post=247321"},{"taxonomy":"product_tag","embeddable":true,"href":"https:\/\/www.csj-emballages.com\/pt-pt\/wp-json\/wp\/v2\/product_tag?post=247321"}],"curies":[{"name":"wp","href":"https:\/\/api.w.org\/{rel}","templated":true}]}}