{"id":246987,"date":"2025-09-17T15:18:24","date_gmt":"2025-09-17T13:18:24","guid":{"rendered":"https:\/\/www.csj-emballages.com\/produit\/caixa-de-marfim-365-gramas-com-base-de-cartao-10-por-caixa\/"},"modified":"2026-04-03T02:10:58","modified_gmt":"2026-04-03T00:10:58","slug":"caixa-de-marfim-365-gramas-com-base-de-cartao-10-por-caixa","status":"publish","type":"product","link":"https:\/\/www.csj-emballages.com\/pt-pt\/produit\/caixa-de-marfim-365-gramas-com-base-de-cartao-10-por-caixa\/","title":{"rendered":"Caixa de marfim 375 gramas por 10"},"content":{"rendered":"<h2 class=\"p1\">Caixa em marfim<\/h2>\n<hr>\n<h3>Descri\u00e7\u00e3o da nossa caixa de marfim 375 gramas por 10<\/h3>\n<p><!--more--><\/p>\n<p data-start=\"153\" data-end=\"538\">Deixe-se seduzir pelo <strong>ballotin marfim de 375 gramas<\/strong>, a embalagem perfeita para os seus bombons, chocolates e produtos de confeitaria feitos \u00e0 m\u00e3o. Concebida para profissionais exigentes, esta elegante <strong>caixa<\/strong> combina solidez e requinte. Gra\u00e7as \u00e0 sua <strong>base de cart\u00e3o com clipes<\/strong>, manter-se-\u00e1 no lugar mesmo durante o transporte ou a armazenagem.  <\/p>\n<p data-start=\"540\" data-end=\"912\">A sua tonalidade <strong>marfim suave<\/strong> e refinada evoca pureza e indulg\u00eancia, ideal para lojas de chocolate, pastelarias ou confeitarias artesanais que pretendam mostrar as suas cria\u00e7\u00f5es. O seu design elegante tamb\u00e9m facilita a adi\u00e7\u00e3o de uma fita, etiqueta ou log\u00f3tipo personalizado, tornando-a numa verdadeira embalagem de assinatura para a sua marca. <\/p>\n<p data-start=\"914\" data-end=\"1331\">Fabricada em cart\u00e3o r\u00edgido de alta qualidade, esta <strong>caixa de chocolate <\/strong>\u00e9 simultaneamente resistente e ecol\u00f3gica, uma vez que \u00e9 totalmente recicl\u00e1vel. O seu design inteligente com uma base de encaixe facilita a montagem r\u00e1pida, o que poupa tempo \u00e0s suas prepara\u00e7\u00f5es em massa. Fornecida em <strong>embalagens de<\/strong> <strong>10<\/strong> <strong>unidades<\/strong>, oferece uma excelente rela\u00e7\u00e3o qualidade\/pre\u00e7o, garantindo ao mesmo tempo uma apresenta\u00e7\u00e3o cuidada e profissional.  <\/p>\n<p data-start=\"1333\" data-end=\"1528\">Em suma, a <strong>urna de marfim de 375 g <\/strong>\u00e9 muito mais do que uma simples caixa: \u00e9 uma caixa pr\u00e1tica, elegante e duradoura para iguarias que conquistar\u00e3o os seus clientes \u00e0 primeira vista.<\/p>\n<p data-start=\"1378\" data-end=\"1605\"><!--more--><\/p>\n<h4 data-start=\"1378\" data-end=\"1605\">Vantagens :<\/h4>\n<ul>\n<li><strong data-start=\"1568\" data-end=\"1586\">Design elegante<\/strong> e cor marfim requintada.<\/li>\n<li><strong data-start=\"1678\" data-end=\"1706\">Instala\u00e7\u00e3o r\u00e1pida e f\u00e1cil<\/strong>, sem necessidade de ferramentas.<\/li>\n<li>Ideal para <strong data-start=\"1738\" data-end=\"1776\">pralin\u00e9s, chocolates e produtos de confeitaria<\/strong>.<\/li>\n<li>Recicl\u00e1vel e amigo do ambiente.<\/li>\n<li><strong data-start=\"1834\" data-end=\"1853\">Pode ser personalizada<\/strong> com fita ou etiqueta.<\/li>\n<\/ul>\n<p>&nbsp;<\/p>\n<p><!--more--><\/p>\n<h4>Outras informa\u00e7\u00f5es :<\/h4>\n<ul>\n<li><strong>Embalagem<\/strong>: Pacote de 10<\/li>\n<li><strong>Dimens\u00f5es<\/strong>: 125 x 80 x 55 mm<\/li>\n<li><strong>Material<\/strong>: Cart\u00e3o<\/li>\n<li><strong>Capacidade<\/strong>: 375 gramas<\/li>\n<li><strong>Cor<\/strong>: Marfim<\/li>\n<\/ul>\n<p>&nbsp;<\/p>\n<p><!--more--><\/p>\n<p>Este ballotin de marfim est\u00e1 dispon\u00edvel em diferentes tamanhos: <span style=\"color: #d12727;\"><a style=\"color: #d12727;\" href=\"https:\/\/www.csj-emballages.com\/produit\/ballotin-ivoire-280-grammes-avec-fond-carton-115-x-75-x-50-mm-par-10\/\">250 gramas<\/a><\/span> \/ <span style=\"color: #d12727;\"><a style=\"color: #d12727;\" href=\"https:\/\/www.csj-emballages.com\/produit\/ballotin-ivoire-500-grammes-avec-fond-carton-140-x-90-x-60-mm-par-10\/\">500 gramas<\/a><\/span><\/p>\n<p>&nbsp;<\/p>\n<p><!--more--><\/p>\n<p><a href=\"\/?product_cat=ballotins\">Ver o resto da nossa gama de caixas<\/a><\/p>\n","protected":false},"excerpt":{"rendered":"<p>Caixa em marfim Descri\u00e7\u00e3o da nossa caixa de marfim 375 gramas por 10<\/p>\n","protected":false},"featured_media":246983,"template":"","meta":{"_acf_changed":false},"product_brand":[],"product_cat":[1141,1177,3916,2058,9865],"product_tag":[],"class_list":{"0":"post-246987","1":"product","2":"type-product","3":"status-publish","4":"has-post-thumbnail","6":"product_cat-embalagem-de-alimentos","7":"product_cat-padaria-e-pastelaria","8":"product_cat-caixas-e-estojos","9":"product_cat-caixas","10":"product_cat-caixas-de-marfim","12":"first","13":"instock","14":"taxable","15":"shipping-taxable","16":"purchasable","17":"product-type-simple"},"acf":[],"yoast_head":"<!-- This site is optimized with the Yoast SEO Premium plugin v26.6 (Yoast SEO v26.6) - https:\/\/yoast.com\/wordpress\/plugins\/seo\/ -->\n<title>Caixa de marfim 375 gramas por 10<\/title>\n<meta name=\"description\" content=\"Caixa de 375 g em marfim. Elegante, resistente e recicl\u00e1vel, ideal para chocolates e produtos de confeitaria. Embalagem de 10 caixas.\" \/>\n<meta name=\"robots\" content=\"index, follow, max-snippet:-1, max-image-preview:large, max-video-preview:-1\" \/>\n<link rel=\"canonical\" href=\"https:\/\/www.csj-emballages.com\/pt-pt\/produit\/caixa-de-marfim-365-gramas-com-base-de-cartao-10-por-caixa\/\" \/>\n<meta property=\"og:locale\" content=\"pt_PT\" \/>\n<meta property=\"og:type\" content=\"article\" \/>\n<meta property=\"og:title\" content=\"Caixa de marfim 375 gramas por 10\" \/>\n<meta property=\"og:description\" content=\"Caixa de 375 g em marfim. Elegante, resistente e recicl\u00e1vel, ideal para chocolates e produtos de confeitaria. Embalagem de 10 caixas.\" \/>\n<meta property=\"og:url\" content=\"https:\/\/www.csj-emballages.com\/pt-pt\/produit\/caixa-de-marfim-365-gramas-com-base-de-cartao-10-por-caixa\/\" \/>\n<meta property=\"og:site_name\" content=\"CSJ Emballages\" \/>\n<meta property=\"article:publisher\" content=\"https:\/\/www.facebook.com\/csjemballages\" \/>\n<meta property=\"article:modified_time\" content=\"2026-04-03T00:10:58+00:00\" \/>\n<meta property=\"og:image\" content=\"https:\/\/www.csj-emballages.com\/wp-content\/uploads\/2025\/09\/114551.webp\" \/>\n\t<meta property=\"og:image:width\" content=\"800\" \/>\n\t<meta property=\"og:image:height\" content=\"800\" \/>\n\t<meta property=\"og:image:type\" content=\"image\/webp\" \/>\n<meta name=\"twitter:card\" content=\"summary_large_image\" \/>\n<meta name=\"twitter:label1\" content=\"Tempo estimado de leitura\" \/>\n\t<meta name=\"twitter:data1\" content=\"2 minutos\" \/>\n<script type=\"application\/ld+json\" class=\"yoast-schema-graph\">{\"@context\":\"https:\/\/schema.org\",\"@graph\":[{\"@type\":\"WebPage\",\"@id\":\"https:\/\/www.csj-emballages.com\/pt-pt\/produit\/caixa-de-marfim-365-gramas-com-base-de-cartao-10-por-caixa\/\",\"url\":\"https:\/\/www.csj-emballages.com\/pt-pt\/produit\/caixa-de-marfim-365-gramas-com-base-de-cartao-10-por-caixa\/\",\"name\":\"Caixa de marfim 375 gramas por 10\",\"isPartOf\":{\"@id\":\"https:\/\/www.csj-emballages.com\/pt-pt\/#website\"},\"primaryImageOfPage\":{\"@id\":\"https:\/\/www.csj-emballages.com\/pt-pt\/produit\/caixa-de-marfim-365-gramas-com-base-de-cartao-10-por-caixa\/#primaryimage\"},\"image\":{\"@id\":\"https:\/\/www.csj-emballages.com\/pt-pt\/produit\/caixa-de-marfim-365-gramas-com-base-de-cartao-10-por-caixa\/#primaryimage\"},\"thumbnailUrl\":\"https:\/\/www.csj-emballages.com\/wp-content\/uploads\/2025\/09\/114551.webp\",\"datePublished\":\"2025-09-17T13:18:24+00:00\",\"dateModified\":\"2026-04-03T00:10:58+00:00\",\"description\":\"Caixa de 375 g em marfim. Elegante, resistente e recicl\u00e1vel, ideal para chocolates e produtos de confeitaria. Embalagem de 10 caixas.\",\"breadcrumb\":{\"@id\":\"https:\/\/www.csj-emballages.com\/pt-pt\/produit\/caixa-de-marfim-365-gramas-com-base-de-cartao-10-por-caixa\/#breadcrumb\"},\"inLanguage\":\"pt-PT\",\"potentialAction\":[{\"@type\":\"ReadAction\",\"target\":[\"https:\/\/www.csj-emballages.com\/pt-pt\/produit\/caixa-de-marfim-365-gramas-com-base-de-cartao-10-por-caixa\/\"]}]},{\"@type\":\"ImageObject\",\"inLanguage\":\"pt-PT\",\"@id\":\"https:\/\/www.csj-emballages.com\/pt-pt\/produit\/caixa-de-marfim-365-gramas-com-base-de-cartao-10-por-caixa\/#primaryimage\",\"url\":\"https:\/\/www.csj-emballages.com\/wp-content\/uploads\/2025\/09\/114551.webp\",\"contentUrl\":\"https:\/\/www.csj-emballages.com\/wp-content\/uploads\/2025\/09\/114551.webp\",\"width\":800,\"height\":800,\"caption\":\"Ballotin ivoire\"},{\"@type\":\"BreadcrumbList\",\"@id\":\"https:\/\/www.csj-emballages.com\/pt-pt\/produit\/caixa-de-marfim-365-gramas-com-base-de-cartao-10-por-caixa\/#breadcrumb\",\"itemListElement\":[{\"@type\":\"ListItem\",\"position\":1,\"name\":\"Acolhimento\",\"item\":\"https:\/\/www.csj-emballages.com\/pt-pt\/universo-das-embalagens-alimentares\/\"},{\"@type\":\"ListItem\",\"position\":2,\"name\":\"Shop\",\"item\":\"https:\/\/www.csj-emballages.com\/shop\/\"},{\"@type\":\"ListItem\",\"position\":3,\"name\":\"Caixa de marfim 375 gramas por 10\"}]},{\"@type\":\"WebSite\",\"@id\":\"https:\/\/www.csj-emballages.com\/pt-pt\/#website\",\"url\":\"https:\/\/www.csj-emballages.com\/pt-pt\/\",\"name\":\"CSJ Emballages\",\"description\":\"\",\"publisher\":{\"@id\":\"https:\/\/www.csj-emballages.com\/pt-pt\/#organization\"},\"potentialAction\":[{\"@type\":\"SearchAction\",\"target\":{\"@type\":\"EntryPoint\",\"urlTemplate\":\"https:\/\/www.csj-emballages.com\/pt-pt\/?s={search_term_string}\"},\"query-input\":{\"@type\":\"PropertyValueSpecification\",\"valueRequired\":true,\"valueName\":\"search_term_string\"}}],\"inLanguage\":\"pt-PT\"},{\"@type\":\"Organization\",\"@id\":\"https:\/\/www.csj-emballages.com\/pt-pt\/#Organization\/\",\"name\":\"CSJ Emballages\",\"url\":\"https:\/\/www.csj-emballages.com\/pt-pt\/\",\"logo\":{\"@type\":\"ImageObject\",\"inLanguage\":\"pt-PT\",\"@id\":\"https:\/\/www.csj-emballages.com\/pt-pt\/#\/schema\/logo\/image\/\",\"url\":\"https:\/\/www.csj-emballages.com\/wp-content\/uploads\/2023\/10\/logo_csj.webp\",\"contentUrl\":\"https:\/\/www.csj-emballages.com\/wp-content\/uploads\/2023\/10\/logo_csj.webp\",\"width\":250,\"height\":95,\"caption\":\"CSJ Emballages\"},\"image\":{\"@id\":\"https:\/\/www.csj-emballages.com\/pt-pt\/#\/schema\/logo\/image\/\"},\"sameAs\":[\"https:\/\/www.facebook.com\/csjemballages\"],\"address\":{\"@type\":\"PostalAddress\",\"streetAddress\":\"ZI La Lechere\",\"addressLocality\":\"Patornay\",\"postalCode\":\"39130\",\"addressCountry\":\"FR\"},\"contactPoint\":[{\"@type\":\"ContactPoint\",\"contactType\":\"Service client\",\"telephone\":\"0384254272\",\"email\":\"contact@csj-emballages.com\"}]}]}<\/script>\n<!-- \/ Yoast SEO Premium plugin. -->","yoast_head_json":{"title":"Caixa de marfim 375 gramas por 10","description":"Caixa de 375 g em marfim. Elegante, resistente e recicl\u00e1vel, ideal para chocolates e produtos de confeitaria. Embalagem de 10 caixas.","robots":{"index":"index","follow":"follow","max-snippet":"max-snippet:-1","max-image-preview":"max-image-preview:large","max-video-preview":"max-video-preview:-1"},"canonical":"https:\/\/www.csj-emballages.com\/pt-pt\/produit\/caixa-de-marfim-365-gramas-com-base-de-cartao-10-por-caixa\/","og_locale":"pt_PT","og_type":"article","og_title":"Caixa de marfim 375 gramas por 10","og_description":"Caixa de 375 g em marfim. Elegante, resistente e recicl\u00e1vel, ideal para chocolates e produtos de confeitaria. Embalagem de 10 caixas.","og_url":"https:\/\/www.csj-emballages.com\/pt-pt\/produit\/caixa-de-marfim-365-gramas-com-base-de-cartao-10-por-caixa\/","og_site_name":"CSJ Emballages","article_publisher":"https:\/\/www.facebook.com\/csjemballages","article_modified_time":"2026-04-03T00:10:58+00:00","og_image":[{"width":800,"height":800,"url":"https:\/\/www.csj-emballages.com\/wp-content\/uploads\/2025\/09\/114551.webp","type":"image\/webp"}],"twitter_card":"summary_large_image","twitter_misc":{"Tempo estimado de leitura":"2 minutos"},"schema":{"@context":"https:\/\/schema.org","@graph":[{"@type":"WebPage","@id":"https:\/\/www.csj-emballages.com\/pt-pt\/produit\/caixa-de-marfim-365-gramas-com-base-de-cartao-10-por-caixa\/","url":"https:\/\/www.csj-emballages.com\/pt-pt\/produit\/caixa-de-marfim-365-gramas-com-base-de-cartao-10-por-caixa\/","name":"Caixa de marfim 375 gramas por 10","isPartOf":{"@id":"https:\/\/www.csj-emballages.com\/pt-pt\/#website"},"primaryImageOfPage":{"@id":"https:\/\/www.csj-emballages.com\/pt-pt\/produit\/caixa-de-marfim-365-gramas-com-base-de-cartao-10-por-caixa\/#primaryimage"},"image":{"@id":"https:\/\/www.csj-emballages.com\/pt-pt\/produit\/caixa-de-marfim-365-gramas-com-base-de-cartao-10-por-caixa\/#primaryimage"},"thumbnailUrl":"https:\/\/www.csj-emballages.com\/wp-content\/uploads\/2025\/09\/114551.webp","datePublished":"2025-09-17T13:18:24+00:00","dateModified":"2026-04-03T00:10:58+00:00","description":"Caixa de 375 g em marfim. Elegante, resistente e recicl\u00e1vel, ideal para chocolates e produtos de confeitaria. Embalagem de 10 caixas.","breadcrumb":{"@id":"https:\/\/www.csj-emballages.com\/pt-pt\/produit\/caixa-de-marfim-365-gramas-com-base-de-cartao-10-por-caixa\/#breadcrumb"},"inLanguage":"pt-PT","potentialAction":[{"@type":"ReadAction","target":["https:\/\/www.csj-emballages.com\/pt-pt\/produit\/caixa-de-marfim-365-gramas-com-base-de-cartao-10-por-caixa\/"]}]},{"@type":"ImageObject","inLanguage":"pt-PT","@id":"https:\/\/www.csj-emballages.com\/pt-pt\/produit\/caixa-de-marfim-365-gramas-com-base-de-cartao-10-por-caixa\/#primaryimage","url":"https:\/\/www.csj-emballages.com\/wp-content\/uploads\/2025\/09\/114551.webp","contentUrl":"https:\/\/www.csj-emballages.com\/wp-content\/uploads\/2025\/09\/114551.webp","width":800,"height":800,"caption":"Ballotin ivoire"},{"@type":"BreadcrumbList","@id":"https:\/\/www.csj-emballages.com\/pt-pt\/produit\/caixa-de-marfim-365-gramas-com-base-de-cartao-10-por-caixa\/#breadcrumb","itemListElement":[{"@type":"ListItem","position":1,"name":"Acolhimento","item":"https:\/\/www.csj-emballages.com\/pt-pt\/universo-das-embalagens-alimentares\/"},{"@type":"ListItem","position":2,"name":"Shop","item":"https:\/\/www.csj-emballages.com\/shop\/"},{"@type":"ListItem","position":3,"name":"Caixa de marfim 375 gramas por 10"}]},{"@type":"WebSite","@id":"https:\/\/www.csj-emballages.com\/pt-pt\/#website","url":"https:\/\/www.csj-emballages.com\/pt-pt\/","name":"CSJ Emballages","description":"","publisher":{"@id":"https:\/\/www.csj-emballages.com\/pt-pt\/#organization"},"potentialAction":[{"@type":"SearchAction","target":{"@type":"EntryPoint","urlTemplate":"https:\/\/www.csj-emballages.com\/pt-pt\/?s={search_term_string}"},"query-input":{"@type":"PropertyValueSpecification","valueRequired":true,"valueName":"search_term_string"}}],"inLanguage":"pt-PT"},{"@type":"Organization","@id":"https:\/\/www.csj-emballages.com\/pt-pt\/#Organization\/","name":"CSJ Emballages","url":"https:\/\/www.csj-emballages.com\/pt-pt\/","logo":{"@type":"ImageObject","inLanguage":"pt-PT","@id":"https:\/\/www.csj-emballages.com\/pt-pt\/#\/schema\/logo\/image\/","url":"https:\/\/www.csj-emballages.com\/wp-content\/uploads\/2023\/10\/logo_csj.webp","contentUrl":"https:\/\/www.csj-emballages.com\/wp-content\/uploads\/2023\/10\/logo_csj.webp","width":250,"height":95,"caption":"CSJ Emballages"},"image":{"@id":"https:\/\/www.csj-emballages.com\/pt-pt\/#\/schema\/logo\/image\/"},"sameAs":["https:\/\/www.facebook.com\/csjemballages"],"address":{"@type":"PostalAddress","streetAddress":"ZI La Lechere","addressLocality":"Patornay","postalCode":"39130","addressCountry":"FR"},"contactPoint":[{"@type":"ContactPoint","contactType":"Service client","telephone":"0384254272","email":"contact@csj-emballages.com"}]}]}},"df_price":6.23,"df_sale_price":"","df_regular_price":6.23,"df_image_link":"https:\/\/www.csj-emballages.com\/wp-content\/uploads\/2025\/09\/114551-300x300.webp","tiered_pricing_type":"fixed","tiered_pricing_fixed_rules":[],"tiered_pricing_percentage_rules":[],"tiered_pricing_minimum":1,"tiered_pricing_roles_data":[],"_links":{"self":[{"href":"https:\/\/www.csj-emballages.com\/pt-pt\/wp-json\/wp\/v2\/product\/246987","targetHints":{"allow":["GET"]}}],"collection":[{"href":"https:\/\/www.csj-emballages.com\/pt-pt\/wp-json\/wp\/v2\/product"}],"about":[{"href":"https:\/\/www.csj-emballages.com\/pt-pt\/wp-json\/wp\/v2\/types\/product"}],"wp:featuredmedia":[{"embeddable":true,"href":"https:\/\/www.csj-emballages.com\/pt-pt\/wp-json\/wp\/v2\/media\/246983"}],"wp:attachment":[{"href":"https:\/\/www.csj-emballages.com\/pt-pt\/wp-json\/wp\/v2\/media?parent=246987"}],"wp:term":[{"taxonomy":"product_brand","embeddable":true,"href":"https:\/\/www.csj-emballages.com\/pt-pt\/wp-json\/wp\/v2\/product_brand?post=246987"},{"taxonomy":"product_cat","embeddable":true,"href":"https:\/\/www.csj-emballages.com\/pt-pt\/wp-json\/wp\/v2\/product_cat?post=246987"},{"taxonomy":"product_tag","embeddable":true,"href":"https:\/\/www.csj-emballages.com\/pt-pt\/wp-json\/wp\/v2\/product_tag?post=246987"}],"curies":[{"name":"wp","href":"https:\/\/api.w.org\/{rel}","templated":true}]}}