{"id":246960,"date":"2025-09-17T14:18:40","date_gmt":"2025-09-17T12:18:40","guid":{"rendered":"https:\/\/www.csj-emballages.com\/produit\/caixa-de-macarrao-em-pvc-160-x-40-x-30-mm-20-unidades\/"},"modified":"2026-03-12T16:04:46","modified_gmt":"2026-03-12T15:04:46","slug":"caixa-de-macarrao-em-pvc-160-x-40-x-30-mm-20-unidades","status":"publish","type":"product","link":"https:\/\/www.csj-emballages.com\/pt-pt\/produit\/caixa-de-macarrao-em-pvc-160-x-40-x-30-mm-20-unidades\/","title":{"rendered":"Caixa PET para macarons 160 x 40 x 30 mm por 10"},"content":{"rendered":"<h2 class=\"p1\">Caixa de macarr\u00e3o<\/h2>\n<hr>\n<h3>Descri\u00e7\u00e3o da nossa caixa PET para macarons 160 x 40 x 30 mm, embalagem de 10<\/h3>\n<p><!--more--><\/p>\n<p data-start=\"127\" data-end=\"431\">D\u00ea \u00e0s suas cria\u00e7\u00f5es doces uma <strong data-start=\"162\" data-end=\"206\">apresenta\u00e7\u00e3o elegante e profissional<\/strong> com a nossa <strong data-start=\"221\" data-end=\"257\">caixa PET transparente para macarons<\/strong>! Ideal para <strong data-start=\"275\" data-end=\"298\">pasteleiros<\/strong>, <strong data-start=\"300\" data-end=\"314\">padeiros<\/strong> ou <strong data-start=\"318\" data-end=\"331\">fornecedores de catering<\/strong>, esta embalagem mostrar\u00e1 as suas deliciosas cria\u00e7\u00f5es na perfei\u00e7\u00e3o, protegendo-as ao mesmo tempo.<\/p>\n<p data-start=\"433\" data-end=\"794\">Concebida para ser <strong data-start=\"449\" data-end=\"479\">f\u00e1cil de montar sem cola<\/strong>, esta mala \u00e9 simultaneamente <strong data-start=\"504\" data-end=\"516\">pr\u00e1tica<\/strong> e <strong data-start=\"520\" data-end=\"534\">atractiva<\/strong>. A sua <strong data-start=\"539\" data-end=\"567\">transpar\u00eancia cristalina<\/strong> real\u00e7a a cor e a textura dos seus macarons, am\u00eandoas a\u00e7ucaradas, doces ou pequenos objectos decorativos. Num piscar de olhos, os seus produtos ganham vida por detr\u00e1s de uma caixa clara e brilhante que inspira confian\u00e7a e indulg\u00eancia.<\/p>\n<p data-start=\"796\" data-end=\"1215\">Fabricado em <strong>PET r\u00edgido de alta qualidade<\/strong>, proporciona <strong data-start=\"849\" data-end=\"869\">uma excelente fixa\u00e7\u00e3o<\/strong> e <strong data-start=\"877\" data-end=\"900\">uma prote\u00e7\u00e3o \u00f3ptima<\/strong> durante o transporte ou a exposi\u00e7\u00e3o. Quer esteja a preparar caixas para presentes, para levar ou vitrinas, este estojo ir\u00e1 satisfazer todas as suas necessidades. Al\u00e9m disso, \u00e9 <strong data-start=\"1088\" data-end=\"1104\">reutiliz\u00e1vel<\/strong>, uma verdadeira vantagem para quem procura uma abordagem <strong data-start=\"1158\" data-end=\"1177\">eco-respons\u00e1vel<\/strong> sem comprometer a apresenta\u00e7\u00e3o.<\/p>\n<p data-start=\"1217\" data-end=\"1491\">Com dimens\u00f5es de <strong>160 x 40 x 30 mm<\/strong>, pode conter v\u00e1rios macarons seguidos ou uma variedade de pequenos objectos para se adequar \u00e0 sua criatividade. Leve, resistente e vers\u00e1til, esta embalagem tornar-se-\u00e1 rapidamente uma pe\u00e7a obrigat\u00f3ria na sua gama de embalagens para doces. <\/p>\n<p data-start=\"1493\" data-end=\"1695\">Em suma, esta mala <strong data-start=\"1518\" data-end=\"1535\">poupa tempo<\/strong>, <strong data-start=\"1537\" data-end=\"1551\">tem bom aspeto<\/strong> e <strong data-start=\"1555\" data-end=\"1568\">\u00e9 fi\u00e1vel<\/strong>. Ajuda-o a acrescentar valor aos seus produtos, ao mesmo tempo que oferece uma experi\u00eancia visual que atrai os seus clientes \u00e0 primeira vista.<\/p>\n<p data-start=\"1378\" data-end=\"1605\"><!--more--><\/p>\n<h4 data-start=\"1378\" data-end=\"1605\">Vantagens :<\/h4>\n<ul>\n<li><strong data-start=\"1736\" data-end=\"1754\">Montagem f\u00e1cil<\/strong> sem cola.<\/li>\n<li><strong data-start=\"1770\" data-end=\"1795\">Transpar\u00eancia perfeita<\/strong> para um impacto imediato.<\/li>\n<li>Material r\u00edgido e protetor.<\/li>\n<li><strong data-start=\"1872\" data-end=\"1891\">Formato pr\u00e1tico<\/strong> para macarons, rebu\u00e7ados ou am\u00eandoas a\u00e7ucaradas.<\/li>\n<li>Ideal para caixas de oferta ou vendas para levar.<\/li>\n<\/ul>\n<p>&nbsp;<\/p>\n<p><!--more--><\/p>\n<h4>Outras informa\u00e7\u00f5es :<\/h4>\n<ul>\n<li><strong>Embalagem<\/strong>: Pacote de 10<\/li>\n<li><strong>Dimens\u00f5es<\/strong>: 160 x 40 x 30 mm<\/li>\n<li><strong>Material<\/strong>: PET<\/li>\n<li><strong>Cor<\/strong>: Cristal<\/li>\n<\/ul>\n<p>&nbsp;<\/p>\n<p><!--more--><\/p>\n<p>Esta caixa PET para macarons est\u00e1 dispon\u00edvel em diferentes tamanhos: <span style=\"color: #d12727;\"><a style=\"color: #d12727;\" href=\"https:\/\/www.csj-emballages.com\/produit\/etui-macarons-pvc-80-x-40-x-30-mm-par-10\/\">80 x 40 x 30 mm<\/a><\/span> \/ <span style=\"color: #d12727;\"><a style=\"color: #d12727;\" href=\"https:\/\/www.csj-emballages.com\/produit\/etui-macarons-pvc-80-x-60-x-40-mm-par-10\/\">80 x 60 x 40 mm<\/a><\/span> \/ <span style=\"color: #d12727;\"><a style=\"color: #d12727;\" href=\"https:\/\/www.csj-emballages.com\/produit\/etui-macarons-pvc-150-x-60-x-40-mm-par-10\/\">150 x 60 x 40 mm<\/a><\/span> \/ <span style=\"color: #d12727;\"><a style=\"color: #d12727;\" href=\"https:\/\/www.csj-emballages.com\/es\/produit\/funda-de-pvc-para-credenciales-240-x-40-x-30-mm-paquete-de-20\/\">240 x 40 x 30 mm<\/a><\/span><\/p>\n<p>&nbsp;<\/p>\n<p><!--more--><\/p>\n<p><a href=\"https:\/\/www.csj-emballages.com\/pt-pt\/categorie-produit\/embalagem-de-alimentos\/padaria-e-pastelaria\/caixas-e-estojos\/caixas-estojos-para-macarons\/caixas-de-macarrao-pt-pt\/\">Ver o resto da nossa gama de caixas para macarons<\/a><\/p>\n","protected":false},"excerpt":{"rendered":"<p>Caixa de macarr\u00e3o Descri\u00e7\u00e3o da nossa caixa PET para macarons 160 x 40 x 30 mm, embalagem de 10<\/p>\n","protected":false},"featured_media":250790,"template":"","meta":{"_acf_changed":false},"product_brand":[],"product_cat":[1141,1177,3916,1732,2591],"product_tag":[],"class_list":{"0":"post-246960","1":"product","2":"type-product","3":"status-publish","4":"has-post-thumbnail","6":"product_cat-embalagem-de-alimentos","7":"product_cat-padaria-e-pastelaria","8":"product_cat-caixas-e-estojos","9":"product_cat-caixas-estojos-para-macarons","10":"product_cat-caixas-de-macarrao-pt-pt","12":"first","13":"instock","14":"taxable","15":"shipping-taxable","16":"purchasable","17":"product-type-simple"},"acf":[],"yoast_head":"<!-- This site is optimized with the Yoast SEO Premium plugin v26.6 (Yoast SEO v26.6) - https:\/\/yoast.com\/wordpress\/plugins\/seo\/ -->\n<title>Caixa de Macarons PET 160 x 40 x 30 mm, 10 por caixa<\/title>\n<meta name=\"description\" content=\"Caixa para macarons em PET transparente 160 x 40 x 30 mm - montagem sem cola, pr\u00e1tica e elegante. Ideal para macarons, rebu\u00e7ados ou am\u00eandoas a\u00e7ucaradas.\" \/>\n<meta name=\"robots\" content=\"index, follow, max-snippet:-1, max-image-preview:large, max-video-preview:-1\" \/>\n<link rel=\"canonical\" href=\"https:\/\/www.csj-emballages.com\/pt-pt\/produit\/caixa-de-macarrao-em-pvc-160-x-40-x-30-mm-20-unidades\/\" \/>\n<meta property=\"og:locale\" content=\"pt_PT\" \/>\n<meta property=\"og:type\" content=\"article\" \/>\n<meta property=\"og:title\" content=\"Caixa PET para macarons 160 x 40 x 30 mm por 10\" \/>\n<meta property=\"og:description\" content=\"Caixa para macarons em PET transparente 160 x 40 x 30 mm - montagem sem cola, pr\u00e1tica e elegante. Ideal para macarons, rebu\u00e7ados ou am\u00eandoas a\u00e7ucaradas.\" \/>\n<meta property=\"og:url\" content=\"https:\/\/www.csj-emballages.com\/pt-pt\/produit\/caixa-de-macarrao-em-pvc-160-x-40-x-30-mm-20-unidades\/\" \/>\n<meta property=\"og:site_name\" content=\"CSJ Emballages\" \/>\n<meta property=\"article:publisher\" content=\"https:\/\/www.facebook.com\/csjemballages\" \/>\n<meta property=\"article:modified_time\" content=\"2026-03-12T15:04:46+00:00\" \/>\n<meta property=\"og:image\" content=\"https:\/\/www.csj-emballages.com\/wp-content\/uploads\/2025\/09\/115452.webp\" \/>\n\t<meta property=\"og:image:width\" content=\"800\" \/>\n\t<meta property=\"og:image:height\" content=\"800\" \/>\n\t<meta property=\"og:image:type\" content=\"image\/webp\" \/>\n<meta name=\"twitter:card\" content=\"summary_large_image\" \/>\n<meta name=\"twitter:label1\" content=\"Tempo estimado de leitura\" \/>\n\t<meta name=\"twitter:data1\" content=\"2 minutos\" \/>\n<script type=\"application\/ld+json\" class=\"yoast-schema-graph\">{\"@context\":\"https:\/\/schema.org\",\"@graph\":[{\"@type\":\"WebPage\",\"@id\":\"https:\/\/www.csj-emballages.com\/pt-pt\/produit\/caixa-de-macarrao-em-pvc-160-x-40-x-30-mm-20-unidades\/\",\"url\":\"https:\/\/www.csj-emballages.com\/pt-pt\/produit\/caixa-de-macarrao-em-pvc-160-x-40-x-30-mm-20-unidades\/\",\"name\":\"Caixa de Macarons PET 160 x 40 x 30 mm, 10 por caixa\",\"isPartOf\":{\"@id\":\"https:\/\/www.csj-emballages.com\/pt-pt\/#website\"},\"primaryImageOfPage\":{\"@id\":\"https:\/\/www.csj-emballages.com\/pt-pt\/produit\/caixa-de-macarrao-em-pvc-160-x-40-x-30-mm-20-unidades\/#primaryimage\"},\"image\":{\"@id\":\"https:\/\/www.csj-emballages.com\/pt-pt\/produit\/caixa-de-macarrao-em-pvc-160-x-40-x-30-mm-20-unidades\/#primaryimage\"},\"thumbnailUrl\":\"https:\/\/www.csj-emballages.com\/wp-content\/uploads\/2025\/09\/115452-1.webp\",\"datePublished\":\"2025-09-17T12:18:40+00:00\",\"dateModified\":\"2026-03-12T15:04:46+00:00\",\"description\":\"Caixa para macarons em PET transparente 160 x 40 x 30 mm - montagem sem cola, pr\u00e1tica e elegante. Ideal para macarons, rebu\u00e7ados ou am\u00eandoas a\u00e7ucaradas.\",\"breadcrumb\":{\"@id\":\"https:\/\/www.csj-emballages.com\/pt-pt\/produit\/caixa-de-macarrao-em-pvc-160-x-40-x-30-mm-20-unidades\/#breadcrumb\"},\"inLanguage\":\"pt-PT\",\"potentialAction\":[{\"@type\":\"ReadAction\",\"target\":[\"https:\/\/www.csj-emballages.com\/pt-pt\/produit\/caixa-de-macarrao-em-pvc-160-x-40-x-30-mm-20-unidades\/\"]}]},{\"@type\":\"ImageObject\",\"inLanguage\":\"pt-PT\",\"@id\":\"https:\/\/www.csj-emballages.com\/pt-pt\/produit\/caixa-de-macarrao-em-pvc-160-x-40-x-30-mm-20-unidades\/#primaryimage\",\"url\":\"https:\/\/www.csj-emballages.com\/wp-content\/uploads\/2025\/09\/115452-1.webp\",\"contentUrl\":\"https:\/\/www.csj-emballages.com\/wp-content\/uploads\/2025\/09\/115452-1.webp\",\"width\":800,\"height\":800,\"caption\":\"\u00c9tui macarons\"},{\"@type\":\"BreadcrumbList\",\"@id\":\"https:\/\/www.csj-emballages.com\/pt-pt\/produit\/caixa-de-macarrao-em-pvc-160-x-40-x-30-mm-20-unidades\/#breadcrumb\",\"itemListElement\":[{\"@type\":\"ListItem\",\"position\":1,\"name\":\"Acolhimento\",\"item\":\"https:\/\/www.csj-emballages.com\/pt-pt\/universo-das-embalagens-alimentares\/\"},{\"@type\":\"ListItem\",\"position\":2,\"name\":\"Shop\",\"item\":\"https:\/\/www.csj-emballages.com\/shop\/\"},{\"@type\":\"ListItem\",\"position\":3,\"name\":\"Caixa PET para macarons 160 x 40 x 30 mm por 10\"}]},{\"@type\":\"WebSite\",\"@id\":\"https:\/\/www.csj-emballages.com\/pt-pt\/#website\",\"url\":\"https:\/\/www.csj-emballages.com\/pt-pt\/\",\"name\":\"CSJ Emballages\",\"description\":\"\",\"publisher\":{\"@id\":\"https:\/\/www.csj-emballages.com\/pt-pt\/#organization\"},\"potentialAction\":[{\"@type\":\"SearchAction\",\"target\":{\"@type\":\"EntryPoint\",\"urlTemplate\":\"https:\/\/www.csj-emballages.com\/pt-pt\/?s={search_term_string}\"},\"query-input\":{\"@type\":\"PropertyValueSpecification\",\"valueRequired\":true,\"valueName\":\"search_term_string\"}}],\"inLanguage\":\"pt-PT\"},{\"@type\":\"Organization\",\"@id\":\"https:\/\/www.csj-emballages.com\/pt-pt\/#Organization\/\",\"name\":\"CSJ Emballages\",\"url\":\"https:\/\/www.csj-emballages.com\/pt-pt\/\",\"logo\":{\"@type\":\"ImageObject\",\"inLanguage\":\"pt-PT\",\"@id\":\"https:\/\/www.csj-emballages.com\/pt-pt\/#\/schema\/logo\/image\/\",\"url\":\"https:\/\/www.csj-emballages.com\/wp-content\/uploads\/2023\/10\/logo_csj.webp\",\"contentUrl\":\"https:\/\/www.csj-emballages.com\/wp-content\/uploads\/2023\/10\/logo_csj.webp\",\"width\":250,\"height\":95,\"caption\":\"CSJ Emballages\"},\"image\":{\"@id\":\"https:\/\/www.csj-emballages.com\/pt-pt\/#\/schema\/logo\/image\/\"},\"sameAs\":[\"https:\/\/www.facebook.com\/csjemballages\"],\"address\":{\"@type\":\"PostalAddress\",\"streetAddress\":\"ZI La Lechere\",\"addressLocality\":\"Patornay\",\"postalCode\":\"39130\",\"addressCountry\":\"FR\"},\"contactPoint\":[{\"@type\":\"ContactPoint\",\"contactType\":\"Service client\",\"telephone\":\"0384254272\",\"email\":\"contact@csj-emballages.com\"}]}]}<\/script>\n<!-- \/ Yoast SEO Premium plugin. -->","yoast_head_json":{"title":"Caixa de Macarons PET 160 x 40 x 30 mm, 10 por caixa","description":"Caixa para macarons em PET transparente 160 x 40 x 30 mm - montagem sem cola, pr\u00e1tica e elegante. Ideal para macarons, rebu\u00e7ados ou am\u00eandoas a\u00e7ucaradas.","robots":{"index":"index","follow":"follow","max-snippet":"max-snippet:-1","max-image-preview":"max-image-preview:large","max-video-preview":"max-video-preview:-1"},"canonical":"https:\/\/www.csj-emballages.com\/pt-pt\/produit\/caixa-de-macarrao-em-pvc-160-x-40-x-30-mm-20-unidades\/","og_locale":"pt_PT","og_type":"article","og_title":"Caixa PET para macarons 160 x 40 x 30 mm por 10","og_description":"Caixa para macarons em PET transparente 160 x 40 x 30 mm - montagem sem cola, pr\u00e1tica e elegante. Ideal para macarons, rebu\u00e7ados ou am\u00eandoas a\u00e7ucaradas.","og_url":"https:\/\/www.csj-emballages.com\/pt-pt\/produit\/caixa-de-macarrao-em-pvc-160-x-40-x-30-mm-20-unidades\/","og_site_name":"CSJ Emballages","article_publisher":"https:\/\/www.facebook.com\/csjemballages","article_modified_time":"2026-03-12T15:04:46+00:00","og_image":[{"width":800,"height":800,"url":"https:\/\/www.csj-emballages.com\/wp-content\/uploads\/2025\/09\/115452.webp","type":"image\/webp"}],"twitter_card":"summary_large_image","twitter_misc":{"Tempo estimado de leitura":"2 minutos"},"schema":{"@context":"https:\/\/schema.org","@graph":[{"@type":"WebPage","@id":"https:\/\/www.csj-emballages.com\/pt-pt\/produit\/caixa-de-macarrao-em-pvc-160-x-40-x-30-mm-20-unidades\/","url":"https:\/\/www.csj-emballages.com\/pt-pt\/produit\/caixa-de-macarrao-em-pvc-160-x-40-x-30-mm-20-unidades\/","name":"Caixa de Macarons PET 160 x 40 x 30 mm, 10 por caixa","isPartOf":{"@id":"https:\/\/www.csj-emballages.com\/pt-pt\/#website"},"primaryImageOfPage":{"@id":"https:\/\/www.csj-emballages.com\/pt-pt\/produit\/caixa-de-macarrao-em-pvc-160-x-40-x-30-mm-20-unidades\/#primaryimage"},"image":{"@id":"https:\/\/www.csj-emballages.com\/pt-pt\/produit\/caixa-de-macarrao-em-pvc-160-x-40-x-30-mm-20-unidades\/#primaryimage"},"thumbnailUrl":"https:\/\/www.csj-emballages.com\/wp-content\/uploads\/2025\/09\/115452-1.webp","datePublished":"2025-09-17T12:18:40+00:00","dateModified":"2026-03-12T15:04:46+00:00","description":"Caixa para macarons em PET transparente 160 x 40 x 30 mm - montagem sem cola, pr\u00e1tica e elegante. Ideal para macarons, rebu\u00e7ados ou am\u00eandoas a\u00e7ucaradas.","breadcrumb":{"@id":"https:\/\/www.csj-emballages.com\/pt-pt\/produit\/caixa-de-macarrao-em-pvc-160-x-40-x-30-mm-20-unidades\/#breadcrumb"},"inLanguage":"pt-PT","potentialAction":[{"@type":"ReadAction","target":["https:\/\/www.csj-emballages.com\/pt-pt\/produit\/caixa-de-macarrao-em-pvc-160-x-40-x-30-mm-20-unidades\/"]}]},{"@type":"ImageObject","inLanguage":"pt-PT","@id":"https:\/\/www.csj-emballages.com\/pt-pt\/produit\/caixa-de-macarrao-em-pvc-160-x-40-x-30-mm-20-unidades\/#primaryimage","url":"https:\/\/www.csj-emballages.com\/wp-content\/uploads\/2025\/09\/115452-1.webp","contentUrl":"https:\/\/www.csj-emballages.com\/wp-content\/uploads\/2025\/09\/115452-1.webp","width":800,"height":800,"caption":"\u00c9tui macarons"},{"@type":"BreadcrumbList","@id":"https:\/\/www.csj-emballages.com\/pt-pt\/produit\/caixa-de-macarrao-em-pvc-160-x-40-x-30-mm-20-unidades\/#breadcrumb","itemListElement":[{"@type":"ListItem","position":1,"name":"Acolhimento","item":"https:\/\/www.csj-emballages.com\/pt-pt\/universo-das-embalagens-alimentares\/"},{"@type":"ListItem","position":2,"name":"Shop","item":"https:\/\/www.csj-emballages.com\/shop\/"},{"@type":"ListItem","position":3,"name":"Caixa PET para macarons 160 x 40 x 30 mm por 10"}]},{"@type":"WebSite","@id":"https:\/\/www.csj-emballages.com\/pt-pt\/#website","url":"https:\/\/www.csj-emballages.com\/pt-pt\/","name":"CSJ Emballages","description":"","publisher":{"@id":"https:\/\/www.csj-emballages.com\/pt-pt\/#organization"},"potentialAction":[{"@type":"SearchAction","target":{"@type":"EntryPoint","urlTemplate":"https:\/\/www.csj-emballages.com\/pt-pt\/?s={search_term_string}"},"query-input":{"@type":"PropertyValueSpecification","valueRequired":true,"valueName":"search_term_string"}}],"inLanguage":"pt-PT"},{"@type":"Organization","@id":"https:\/\/www.csj-emballages.com\/pt-pt\/#Organization\/","name":"CSJ Emballages","url":"https:\/\/www.csj-emballages.com\/pt-pt\/","logo":{"@type":"ImageObject","inLanguage":"pt-PT","@id":"https:\/\/www.csj-emballages.com\/pt-pt\/#\/schema\/logo\/image\/","url":"https:\/\/www.csj-emballages.com\/wp-content\/uploads\/2023\/10\/logo_csj.webp","contentUrl":"https:\/\/www.csj-emballages.com\/wp-content\/uploads\/2023\/10\/logo_csj.webp","width":250,"height":95,"caption":"CSJ Emballages"},"image":{"@id":"https:\/\/www.csj-emballages.com\/pt-pt\/#\/schema\/logo\/image\/"},"sameAs":["https:\/\/www.facebook.com\/csjemballages"],"address":{"@type":"PostalAddress","streetAddress":"ZI La Lechere","addressLocality":"Patornay","postalCode":"39130","addressCountry":"FR"},"contactPoint":[{"@type":"ContactPoint","contactType":"Service client","telephone":"0384254272","email":"contact@csj-emballages.com"}]}]}},"df_price":4.01,"df_sale_price":"","df_regular_price":4.01,"df_image_link":"https:\/\/www.csj-emballages.com\/wp-content\/uploads\/2025\/09\/115452-1-300x300.webp","tiered_pricing_type":"fixed","tiered_pricing_fixed_rules":[],"tiered_pricing_percentage_rules":[],"tiered_pricing_minimum":1,"tiered_pricing_roles_data":[],"_links":{"self":[{"href":"https:\/\/www.csj-emballages.com\/pt-pt\/wp-json\/wp\/v2\/product\/246960","targetHints":{"allow":["GET"]}}],"collection":[{"href":"https:\/\/www.csj-emballages.com\/pt-pt\/wp-json\/wp\/v2\/product"}],"about":[{"href":"https:\/\/www.csj-emballages.com\/pt-pt\/wp-json\/wp\/v2\/types\/product"}],"wp:featuredmedia":[{"embeddable":true,"href":"https:\/\/www.csj-emballages.com\/pt-pt\/wp-json\/wp\/v2\/media\/250790"}],"wp:attachment":[{"href":"https:\/\/www.csj-emballages.com\/pt-pt\/wp-json\/wp\/v2\/media?parent=246960"}],"wp:term":[{"taxonomy":"product_brand","embeddable":true,"href":"https:\/\/www.csj-emballages.com\/pt-pt\/wp-json\/wp\/v2\/product_brand?post=246960"},{"taxonomy":"product_cat","embeddable":true,"href":"https:\/\/www.csj-emballages.com\/pt-pt\/wp-json\/wp\/v2\/product_cat?post=246960"},{"taxonomy":"product_tag","embeddable":true,"href":"https:\/\/www.csj-emballages.com\/pt-pt\/wp-json\/wp\/v2\/product_tag?post=246960"}],"curies":[{"name":"wp","href":"https:\/\/api.w.org\/{rel}","templated":true}]}}