{"id":246901,"date":"2025-09-15T09:56:24","date_gmt":"2025-09-15T07:56:24","guid":{"rendered":"https:\/\/www.csj-emballages.com\/produit\/tabuleiro-selavel-de-plastico-preto-de-500-ml-embalagem-de-100\/"},"modified":"2026-04-29T02:19:49","modified_gmt":"2026-04-29T00:19:49","slug":"tabuleiro-selavel-de-plastico-preto-de-500-ml-embalagem-de-100","status":"publish","type":"product","link":"https:\/\/www.csj-emballages.com\/pt-pt\/produit\/tabuleiro-selavel-de-plastico-preto-de-500-ml-embalagem-de-100\/","title":{"rendered":"Tabuleiro sel\u00e1vel de pl\u00e1stico preto de 500 ml, embalagem de 100"},"content":{"rendered":"<h2 class=\"p1\">Tabuleiro preto sel\u00e1vel<\/h2>\n<hr>\n<h3>Descri\u00e7\u00e3o do nosso tabuleiro de pl\u00e1stico preto sel\u00e1vel de 500 ml, embalagem de 100<\/h3>\n<p><!--more--><\/p>\n<p data-start=\"0\" data-end=\"556\">Pr\u00e1tico, robusto e elegante, o <strong>tabuleiro sel\u00e1vel preto<\/strong> <strong>de 500 ml<\/strong> \u00e9 a embalagem ideal para os seus takeaways e refei\u00e7\u00f5es quentes. Fabricado em <strong data-start=\"199\" data-end=\"205\">PP<\/strong> (polipropileno), suporta temperaturas de <strong data-start=\"269\" data-end=\"289\">-20\u00b0C a +120\u00b0C<\/strong>, o que o torna ideal tanto para <strong data-start=\"328\" data-end=\"343\">congelar<\/strong> como para <strong data-start=\"350\" data-end=\"365\">reaquecer<\/strong>. Gra\u00e7as \u00e0s suas dimens\u00f5es generosas de <strong>137 \u00d7 96 mm<\/strong> e \u00e0 sua <strong data-start=\"427\" data-end=\"447\">altura de 65 mm<\/strong>, este <strong>tabuleiro sel\u00e1vel<\/strong> oferece um volume confort\u00e1vel para por\u00e7\u00f5es fartas, sendo f\u00e1cil de manusear.  <\/p>\n<p data-start=\"558\" data-end=\"1083\">Al\u00e9m disso, a sua <strong data-start=\"570\" data-end=\"587\">cor preta<\/strong> confere um toque moderno e profissional aos seus pratos, quer se trate de refei\u00e7\u00f5es prontas, saladas gourmet ou sobremesas requintadas. A superf\u00edcie lisa e brilhante permite uma apresenta\u00e7\u00e3o cuidada e real\u00e7a a frescura dos seus ingredientes. Com a sua estrutura s\u00f3lida e compatibilidade com o <strong data-start=\"915\" data-end=\"933\">selo t\u00e9rmico<\/strong>, pode garantir uma <strong data-start=\"952\" data-end=\"976\">selagem herm\u00e9tica<\/strong> para um transporte seguro.<\/p>\n<p data-start=\"1085\" data-end=\"1556\">Al\u00e9m disso, este <strong>tabuleiro preto sel\u00e1vel<\/strong> \u00e9 um trunfo importante para os profissionais do sector da restaura\u00e7\u00e3o r\u00e1pida, da restaura\u00e7\u00e3o e das entregas. A sua resist\u00eancia ao calor torna-o perfeito para as refei\u00e7\u00f5es quentes, enquanto a sua capacidade de congela\u00e7\u00e3o permite uma utiliza\u00e7\u00e3o flex\u00edvel. Por outras palavras, quer esteja a preparar pratos do dia, refei\u00e7\u00f5es para conservar ou produtos prontos a aquecer, este <strong data-start=\"1502\" data-end=\"1525\">tabuleiro sel\u00e1vel<\/strong> responder\u00e1 a todas as suas necessidades.  <\/p>\n<p data-start=\"1558\" data-end=\"1905\">Finalmente, vendido <strong data-start=\"1572\" data-end=\"1590\">em embalagens de 100 unidades<\/strong>, permite-lhe poupar tempo e dinheiro em consum\u00edveis. Ao escolher este <strong>tabuleiro termo-sel\u00e1vel preto<\/strong>, est\u00e1 a optar por <strong data-start=\"1818\" data-end=\"1829\">qualidade<\/strong>, <strong data-start=\"1834\" data-end=\"1847\">praticidade<\/strong> e<strong data-start=\"1853\" data-end=\"1865\">eleg\u00e2ncia<\/strong>.<\/p>\n<p data-start=\"1378\" data-end=\"1605\"><!--more--><\/p>\n<h4 data-start=\"1378\" data-end=\"1605\">Vantagens :<\/h4>\n<ul>\n<li data-start=\"1558\" data-end=\"1905\"><strong data-start=\"2120\" data-end=\"2131\">Resiste a<\/strong> temperaturas de -20\u00b0C a +120\u00b0C: congela\u00e7\u00e3o e reaquecimento sem riscos.<\/li>\n<li data-start=\"1558\" data-end=\"1905\"><strong data-start=\"2198\" data-end=\"2222\">Hermeticamente fechado<\/strong> para um transporte seguro e higi\u00e9nico.<\/li>\n<li data-start=\"1558\" data-end=\"1905\"><strong data-start=\"2264\" data-end=\"2287\">Design elegante em preto<\/strong> que valoriza todas as prepara\u00e7\u00f5es.<\/li>\n<li data-start=\"1558\" data-end=\"1905\"><strong data-start=\"2330\" data-end=\"2355\">Grande volume de 500 ml<\/strong>, ideal para por\u00e7\u00f5es generosas.<\/li>\n<li data-start=\"1558\" data-end=\"1905\"><strong data-start=\"2393\" data-end=\"2418\">Embalagem econ\u00f3mica de 100 unidades<\/strong>, ideal para profissionais.<\/li>\n<\/ul>\n<p>&nbsp;<\/p>\n<p><!--more--><\/p>\n<h4>Outras informa\u00e7\u00f5es :<\/h4>\n<ul>\n<li><strong>Embalagem<\/strong>: Pacote de 100<\/li>\n<li><strong>Dimens\u00f5es<\/strong>: 137 \u00d7 96 x 65 (C x L x A em mm)<\/li>\n<li><strong>Volume<\/strong>: 500 ml<\/li>\n<li><strong>Cor<\/strong>: preto<\/li>\n<li><strong>Material<\/strong>: PP (polipropileno)<\/li>\n<li><strong>Temperatura de funcionamento<\/strong>: -20 \u00b0C \/ +120 \u00b0C<\/li>\n<\/ul>\n<p>&nbsp;<\/p>\n<p><!--more--><\/p>\n<p>Este tabuleiro preto sel\u00e1vel est\u00e1 dispon\u00edvel em diferentes volumes: <span style=\"color: #d12727;\"><a style=\"color: #d12727;\" href=\"https:\/\/www.csj-emballages.com\/es\/produit\/bandeja-de-plastico-negra-precintable-250-ml-por-100\/\">250 ml<\/a><\/span> \/ <span style=\"color: #d12727;\"><a style=\"color: #d12727;\" href=\"https:\/\/www.csj-emballages.com\/es\/produit\/bandeja-de-plastico-negra-precintable-375-ml-por-100\/\">375 ml<\/a><\/span> \/ <span style=\"color: #d12727;\"><a style=\"color: #d12727;\" href=\"https:\/\/www.csj-emballages.com\/es\/produit\/bandeja-de-plastico-negra-precintable-750-ml-por-100\/\">750 ml<\/a><\/span> \/ <span style=\"color: #d12727;\"><a style=\"color: #d12727;\" href=\"https:\/\/www.csj-emballages.com\/pt-pt\/produit\/tabuleiro-selavel-de-plastico-preto-de-1000-ml-embalagem-de-100\/\">1000 ml<\/a><\/span> \/ <span style=\"color: #d12727;\"><a style=\"color: #d12727;\" href=\"https:\/\/www.csj-emballages.com\/es\/produit\/bandeja-de-plastico-negro-precintable-de-1200-ml-por-100\/\">1200 ml<\/a><\/span> \/ <span style=\"color: #d12727;\"><a style=\"color: #d12727;\" href=\"https:\/\/www.csj-emballages.com\/es\/produit\/bandeja-de-plastico-negra-precintable-1500-ml-por-100\/\">1500 ml<\/a><\/span><\/p>\n<p>&nbsp;<\/p>\n<p><!--more--><\/p>\n<p><a href=\"https:\/\/www.csj-emballages.com\/pt-pt\/categorie-produit\/embalagem-de-alimentos\/talho-e-charcutaria\/tabuleiros-latas-e-frascos\/tabuleiros-latas-frascos-para-alimentos\/tabuleiros-selaveis-alphacel\/tabuleiros-pretos-selaveis\/\">Ver o resto da nossa gama de tabuleiros sel\u00e1veis pretos<\/a><\/p>\n<p>&nbsp;<\/p>\n","protected":false},"excerpt":{"rendered":"<p>Tabuleiro preto sel\u00e1vel Descri\u00e7\u00e3o do nosso tabuleiro de pl\u00e1stico preto sel\u00e1vel de 500 ml, embalagem de 100<\/p>\n","protected":false},"featured_media":246896,"template":"","meta":{"_acf_changed":false},"product_brand":[],"product_cat":[1141,1176,2289,1525,2243,3619],"product_tag":[],"class_list":{"0":"post-246901","1":"product","2":"type-product","3":"status-publish","4":"has-post-thumbnail","6":"product_cat-embalagem-de-alimentos","7":"product_cat-talho-e-charcutaria","8":"product_cat-tabuleiros-latas-e-frascos","9":"product_cat-tabuleiros-latas-frascos-para-alimentos","10":"product_cat-tabuleiros-selaveis-alphacel","11":"product_cat-tabuleiros-pretos-selaveis","13":"first","14":"instock","15":"taxable","16":"shipping-taxable","17":"purchasable","18":"product-type-simple"},"acf":[],"yoast_head":"<!-- This site is optimized with the Yoast SEO Premium plugin v26.6 (Yoast SEO v26.6) - https:\/\/yoast.com\/wordpress\/plugins\/seo\/ -->\n<title>Tabuleiro sel\u00e1vel de pl\u00e1stico preto 500 ml por 100<\/title>\n<meta name=\"description\" content=\"Tabuleiro sel\u00e1vel em PP preto de 500 ml, -20\u00b0C a +120\u00b0C, ideal para pratos quentes e frios, tamanho 137 \u00d7 96 x 65 mm. Embalagem de 100 unidades.\" \/>\n<meta name=\"robots\" content=\"index, follow, max-snippet:-1, max-image-preview:large, max-video-preview:-1\" \/>\n<link rel=\"canonical\" href=\"https:\/\/www.csj-emballages.com\/pt-pt\/produit\/tabuleiro-selavel-de-plastico-preto-de-500-ml-embalagem-de-100\/\" \/>\n<meta property=\"og:locale\" content=\"pt_PT\" \/>\n<meta property=\"og:type\" content=\"article\" \/>\n<meta property=\"og:title\" content=\"Tabuleiro sel\u00e1vel de pl\u00e1stico preto de 500 ml, embalagem de 100\" \/>\n<meta property=\"og:description\" content=\"Tabuleiro sel\u00e1vel em PP preto de 500 ml, -20\u00b0C a +120\u00b0C, ideal para pratos quentes e frios, tamanho 137 \u00d7 96 x 65 mm. Embalagem de 100 unidades.\" \/>\n<meta property=\"og:url\" content=\"https:\/\/www.csj-emballages.com\/pt-pt\/produit\/tabuleiro-selavel-de-plastico-preto-de-500-ml-embalagem-de-100\/\" \/>\n<meta property=\"og:site_name\" content=\"CSJ Emballages\" \/>\n<meta property=\"article:publisher\" content=\"https:\/\/www.facebook.com\/csjemballages\" \/>\n<meta property=\"article:modified_time\" content=\"2026-04-29T00:19:49+00:00\" \/>\n<meta property=\"og:image\" content=\"https:\/\/www.csj-emballages.com\/wp-content\/uploads\/2025\/09\/TS500NSAL.webp\" \/>\n\t<meta property=\"og:image:width\" content=\"800\" \/>\n\t<meta property=\"og:image:height\" content=\"800\" \/>\n\t<meta property=\"og:image:type\" content=\"image\/webp\" \/>\n<meta name=\"twitter:card\" content=\"summary_large_image\" \/>\n<meta name=\"twitter:label1\" content=\"Tempo estimado de leitura\" \/>\n\t<meta name=\"twitter:data1\" content=\"2 minutos\" \/>\n<script type=\"application\/ld+json\" class=\"yoast-schema-graph\">{\"@context\":\"https:\/\/schema.org\",\"@graph\":[{\"@type\":\"WebPage\",\"@id\":\"https:\/\/www.csj-emballages.com\/pt-pt\/produit\/tabuleiro-selavel-de-plastico-preto-de-500-ml-embalagem-de-100\/\",\"url\":\"https:\/\/www.csj-emballages.com\/pt-pt\/produit\/tabuleiro-selavel-de-plastico-preto-de-500-ml-embalagem-de-100\/\",\"name\":\"Tabuleiro sel\u00e1vel de pl\u00e1stico preto 500 ml por 100\",\"isPartOf\":{\"@id\":\"https:\/\/www.csj-emballages.com\/pt-pt\/#website\"},\"primaryImageOfPage\":{\"@id\":\"https:\/\/www.csj-emballages.com\/pt-pt\/produit\/tabuleiro-selavel-de-plastico-preto-de-500-ml-embalagem-de-100\/#primaryimage\"},\"image\":{\"@id\":\"https:\/\/www.csj-emballages.com\/pt-pt\/produit\/tabuleiro-selavel-de-plastico-preto-de-500-ml-embalagem-de-100\/#primaryimage\"},\"thumbnailUrl\":\"https:\/\/www.csj-emballages.com\/wp-content\/uploads\/2025\/09\/TS500NSAL.webp\",\"datePublished\":\"2025-09-15T07:56:24+00:00\",\"dateModified\":\"2026-04-29T00:19:49+00:00\",\"description\":\"Tabuleiro sel\u00e1vel em PP preto de 500 ml, -20\u00b0C a +120\u00b0C, ideal para pratos quentes e frios, tamanho 137 \u00d7 96 x 65 mm. Embalagem de 100 unidades.\",\"breadcrumb\":{\"@id\":\"https:\/\/www.csj-emballages.com\/pt-pt\/produit\/tabuleiro-selavel-de-plastico-preto-de-500-ml-embalagem-de-100\/#breadcrumb\"},\"inLanguage\":\"pt-PT\",\"potentialAction\":[{\"@type\":\"ReadAction\",\"target\":[\"https:\/\/www.csj-emballages.com\/pt-pt\/produit\/tabuleiro-selavel-de-plastico-preto-de-500-ml-embalagem-de-100\/\"]}]},{\"@type\":\"ImageObject\",\"inLanguage\":\"pt-PT\",\"@id\":\"https:\/\/www.csj-emballages.com\/pt-pt\/produit\/tabuleiro-selavel-de-plastico-preto-de-500-ml-embalagem-de-100\/#primaryimage\",\"url\":\"https:\/\/www.csj-emballages.com\/wp-content\/uploads\/2025\/09\/TS500NSAL.webp\",\"contentUrl\":\"https:\/\/www.csj-emballages.com\/wp-content\/uploads\/2025\/09\/TS500NSAL.webp\",\"width\":800,\"height\":800,\"caption\":\"Barquette scellable noire\"},{\"@type\":\"BreadcrumbList\",\"@id\":\"https:\/\/www.csj-emballages.com\/pt-pt\/produit\/tabuleiro-selavel-de-plastico-preto-de-500-ml-embalagem-de-100\/#breadcrumb\",\"itemListElement\":[{\"@type\":\"ListItem\",\"position\":1,\"name\":\"Acolhimento\",\"item\":\"https:\/\/www.csj-emballages.com\/pt-pt\/universo-das-embalagens-alimentares\/\"},{\"@type\":\"ListItem\",\"position\":2,\"name\":\"Shop\",\"item\":\"https:\/\/www.csj-emballages.com\/shop\/\"},{\"@type\":\"ListItem\",\"position\":3,\"name\":\"Tabuleiro sel\u00e1vel de pl\u00e1stico preto de 500 ml, embalagem de 100\"}]},{\"@type\":\"WebSite\",\"@id\":\"https:\/\/www.csj-emballages.com\/pt-pt\/#website\",\"url\":\"https:\/\/www.csj-emballages.com\/pt-pt\/\",\"name\":\"CSJ Emballages\",\"description\":\"\",\"publisher\":{\"@id\":\"https:\/\/www.csj-emballages.com\/pt-pt\/#organization\"},\"potentialAction\":[{\"@type\":\"SearchAction\",\"target\":{\"@type\":\"EntryPoint\",\"urlTemplate\":\"https:\/\/www.csj-emballages.com\/pt-pt\/?s={search_term_string}\"},\"query-input\":{\"@type\":\"PropertyValueSpecification\",\"valueRequired\":true,\"valueName\":\"search_term_string\"}}],\"inLanguage\":\"pt-PT\"},{\"@type\":\"Organization\",\"@id\":\"https:\/\/www.csj-emballages.com\/pt-pt\/#Organization\/\",\"name\":\"CSJ Emballages\",\"url\":\"https:\/\/www.csj-emballages.com\/pt-pt\/\",\"logo\":{\"@type\":\"ImageObject\",\"inLanguage\":\"pt-PT\",\"@id\":\"https:\/\/www.csj-emballages.com\/pt-pt\/#\/schema\/logo\/image\/\",\"url\":\"https:\/\/www.csj-emballages.com\/wp-content\/uploads\/2023\/10\/logo_csj.webp\",\"contentUrl\":\"https:\/\/www.csj-emballages.com\/wp-content\/uploads\/2023\/10\/logo_csj.webp\",\"width\":250,\"height\":95,\"caption\":\"CSJ Emballages\"},\"image\":{\"@id\":\"https:\/\/www.csj-emballages.com\/pt-pt\/#\/schema\/logo\/image\/\"},\"sameAs\":[\"https:\/\/www.facebook.com\/csjemballages\"],\"address\":{\"@type\":\"PostalAddress\",\"streetAddress\":\"ZI La Lechere\",\"addressLocality\":\"Patornay\",\"postalCode\":\"39130\",\"addressCountry\":\"FR\"},\"contactPoint\":[{\"@type\":\"ContactPoint\",\"contactType\":\"Service client\",\"telephone\":\"0384254272\",\"email\":\"contact@csj-emballages.com\"}]}]}<\/script>\n<!-- \/ Yoast SEO Premium plugin. -->","yoast_head_json":{"title":"Tabuleiro sel\u00e1vel de pl\u00e1stico preto 500 ml por 100","description":"Tabuleiro sel\u00e1vel em PP preto de 500 ml, -20\u00b0C a +120\u00b0C, ideal para pratos quentes e frios, tamanho 137 \u00d7 96 x 65 mm. Embalagem de 100 unidades.","robots":{"index":"index","follow":"follow","max-snippet":"max-snippet:-1","max-image-preview":"max-image-preview:large","max-video-preview":"max-video-preview:-1"},"canonical":"https:\/\/www.csj-emballages.com\/pt-pt\/produit\/tabuleiro-selavel-de-plastico-preto-de-500-ml-embalagem-de-100\/","og_locale":"pt_PT","og_type":"article","og_title":"Tabuleiro sel\u00e1vel de pl\u00e1stico preto de 500 ml, embalagem de 100","og_description":"Tabuleiro sel\u00e1vel em PP preto de 500 ml, -20\u00b0C a +120\u00b0C, ideal para pratos quentes e frios, tamanho 137 \u00d7 96 x 65 mm. Embalagem de 100 unidades.","og_url":"https:\/\/www.csj-emballages.com\/pt-pt\/produit\/tabuleiro-selavel-de-plastico-preto-de-500-ml-embalagem-de-100\/","og_site_name":"CSJ Emballages","article_publisher":"https:\/\/www.facebook.com\/csjemballages","article_modified_time":"2026-04-29T00:19:49+00:00","og_image":[{"width":800,"height":800,"url":"https:\/\/www.csj-emballages.com\/wp-content\/uploads\/2025\/09\/TS500NSAL.webp","type":"image\/webp"}],"twitter_card":"summary_large_image","twitter_misc":{"Tempo estimado de leitura":"2 minutos"},"schema":{"@context":"https:\/\/schema.org","@graph":[{"@type":"WebPage","@id":"https:\/\/www.csj-emballages.com\/pt-pt\/produit\/tabuleiro-selavel-de-plastico-preto-de-500-ml-embalagem-de-100\/","url":"https:\/\/www.csj-emballages.com\/pt-pt\/produit\/tabuleiro-selavel-de-plastico-preto-de-500-ml-embalagem-de-100\/","name":"Tabuleiro sel\u00e1vel de pl\u00e1stico preto 500 ml por 100","isPartOf":{"@id":"https:\/\/www.csj-emballages.com\/pt-pt\/#website"},"primaryImageOfPage":{"@id":"https:\/\/www.csj-emballages.com\/pt-pt\/produit\/tabuleiro-selavel-de-plastico-preto-de-500-ml-embalagem-de-100\/#primaryimage"},"image":{"@id":"https:\/\/www.csj-emballages.com\/pt-pt\/produit\/tabuleiro-selavel-de-plastico-preto-de-500-ml-embalagem-de-100\/#primaryimage"},"thumbnailUrl":"https:\/\/www.csj-emballages.com\/wp-content\/uploads\/2025\/09\/TS500NSAL.webp","datePublished":"2025-09-15T07:56:24+00:00","dateModified":"2026-04-29T00:19:49+00:00","description":"Tabuleiro sel\u00e1vel em PP preto de 500 ml, -20\u00b0C a +120\u00b0C, ideal para pratos quentes e frios, tamanho 137 \u00d7 96 x 65 mm. Embalagem de 100 unidades.","breadcrumb":{"@id":"https:\/\/www.csj-emballages.com\/pt-pt\/produit\/tabuleiro-selavel-de-plastico-preto-de-500-ml-embalagem-de-100\/#breadcrumb"},"inLanguage":"pt-PT","potentialAction":[{"@type":"ReadAction","target":["https:\/\/www.csj-emballages.com\/pt-pt\/produit\/tabuleiro-selavel-de-plastico-preto-de-500-ml-embalagem-de-100\/"]}]},{"@type":"ImageObject","inLanguage":"pt-PT","@id":"https:\/\/www.csj-emballages.com\/pt-pt\/produit\/tabuleiro-selavel-de-plastico-preto-de-500-ml-embalagem-de-100\/#primaryimage","url":"https:\/\/www.csj-emballages.com\/wp-content\/uploads\/2025\/09\/TS500NSAL.webp","contentUrl":"https:\/\/www.csj-emballages.com\/wp-content\/uploads\/2025\/09\/TS500NSAL.webp","width":800,"height":800,"caption":"Barquette scellable noire"},{"@type":"BreadcrumbList","@id":"https:\/\/www.csj-emballages.com\/pt-pt\/produit\/tabuleiro-selavel-de-plastico-preto-de-500-ml-embalagem-de-100\/#breadcrumb","itemListElement":[{"@type":"ListItem","position":1,"name":"Acolhimento","item":"https:\/\/www.csj-emballages.com\/pt-pt\/universo-das-embalagens-alimentares\/"},{"@type":"ListItem","position":2,"name":"Shop","item":"https:\/\/www.csj-emballages.com\/shop\/"},{"@type":"ListItem","position":3,"name":"Tabuleiro sel\u00e1vel de pl\u00e1stico preto de 500 ml, embalagem de 100"}]},{"@type":"WebSite","@id":"https:\/\/www.csj-emballages.com\/pt-pt\/#website","url":"https:\/\/www.csj-emballages.com\/pt-pt\/","name":"CSJ Emballages","description":"","publisher":{"@id":"https:\/\/www.csj-emballages.com\/pt-pt\/#organization"},"potentialAction":[{"@type":"SearchAction","target":{"@type":"EntryPoint","urlTemplate":"https:\/\/www.csj-emballages.com\/pt-pt\/?s={search_term_string}"},"query-input":{"@type":"PropertyValueSpecification","valueRequired":true,"valueName":"search_term_string"}}],"inLanguage":"pt-PT"},{"@type":"Organization","@id":"https:\/\/www.csj-emballages.com\/pt-pt\/#Organization\/","name":"CSJ Emballages","url":"https:\/\/www.csj-emballages.com\/pt-pt\/","logo":{"@type":"ImageObject","inLanguage":"pt-PT","@id":"https:\/\/www.csj-emballages.com\/pt-pt\/#\/schema\/logo\/image\/","url":"https:\/\/www.csj-emballages.com\/wp-content\/uploads\/2023\/10\/logo_csj.webp","contentUrl":"https:\/\/www.csj-emballages.com\/wp-content\/uploads\/2023\/10\/logo_csj.webp","width":250,"height":95,"caption":"CSJ Emballages"},"image":{"@id":"https:\/\/www.csj-emballages.com\/pt-pt\/#\/schema\/logo\/image\/"},"sameAs":["https:\/\/www.facebook.com\/csjemballages"],"address":{"@type":"PostalAddress","streetAddress":"ZI La Lechere","addressLocality":"Patornay","postalCode":"39130","addressCountry":"FR"},"contactPoint":[{"@type":"ContactPoint","contactType":"Service client","telephone":"0384254272","email":"contact@csj-emballages.com"}]}]}},"df_price":6.65,"df_sale_price":"","df_regular_price":6.65,"df_image_link":"https:\/\/www.csj-emballages.com\/wp-content\/uploads\/2025\/09\/TS500NSAL-300x300.webp","tiered_pricing_type":"fixed","tiered_pricing_fixed_rules":[],"tiered_pricing_percentage_rules":[],"tiered_pricing_minimum":1,"tiered_pricing_roles_data":[],"_links":{"self":[{"href":"https:\/\/www.csj-emballages.com\/pt-pt\/wp-json\/wp\/v2\/product\/246901","targetHints":{"allow":["GET"]}}],"collection":[{"href":"https:\/\/www.csj-emballages.com\/pt-pt\/wp-json\/wp\/v2\/product"}],"about":[{"href":"https:\/\/www.csj-emballages.com\/pt-pt\/wp-json\/wp\/v2\/types\/product"}],"wp:featuredmedia":[{"embeddable":true,"href":"https:\/\/www.csj-emballages.com\/pt-pt\/wp-json\/wp\/v2\/media\/246896"}],"wp:attachment":[{"href":"https:\/\/www.csj-emballages.com\/pt-pt\/wp-json\/wp\/v2\/media?parent=246901"}],"wp:term":[{"taxonomy":"product_brand","embeddable":true,"href":"https:\/\/www.csj-emballages.com\/pt-pt\/wp-json\/wp\/v2\/product_brand?post=246901"},{"taxonomy":"product_cat","embeddable":true,"href":"https:\/\/www.csj-emballages.com\/pt-pt\/wp-json\/wp\/v2\/product_cat?post=246901"},{"taxonomy":"product_tag","embeddable":true,"href":"https:\/\/www.csj-emballages.com\/pt-pt\/wp-json\/wp\/v2\/product_tag?post=246901"}],"curies":[{"name":"wp","href":"https:\/\/api.w.org\/{rel}","templated":true}]}}