{"id":246778,"date":"2025-09-17T14:18:43","date_gmt":"2025-09-17T12:18:43","guid":{"rendered":"https:\/\/www.csj-emballages.com\/produit\/caixa-de-cartao-kraft-para-confeitaria-70-x-55-x-150-mm-20-unidades\/"},"modified":"2026-04-03T02:11:46","modified_gmt":"2026-04-03T00:11:46","slug":"caixa-de-cartao-kraft-para-confeitaria-70-x-55-x-150-mm-20-unidades","status":"publish","type":"product","link":"https:\/\/www.csj-emballages.com\/pt-pt\/produit\/caixa-de-cartao-kraft-para-confeitaria-70-x-55-x-150-mm-20-unidades\/","title":{"rendered":"Caixa de confeitaria em cart\u00e3o kraft 70 x 55 x 150 mm, embalagem de 10"},"content":{"rendered":"<h2 class=\"p1\">Caixa de cart\u00e3o para confeitaria<\/h2>\n<hr>\n<h3>Descri\u00e7\u00e3o da nossa caixa Sacos de confeitaria em cart\u00e3o kraft 70 x 55 x 150 mm, 20 unidades<\/h3>\n<p><!--more--><\/p>\n<p data-start=\"160\" data-end=\"618\">Apresente os seus doces com eleg\u00e2ncia gra\u00e7as \u00e0 nossa <strong data-start=\"211\" data-end=\"255\">caixa para saquetas de confeitaria em cart\u00e3o kraft<\/strong>, indispens\u00e1vel para valorizar as suas cria\u00e7\u00f5es doces! Fabricada em <g id=\"gid_1\">cart\u00e3o kraft r\u00edgido e natural<\/g>, esta <g id=\"gid_2\">caixa<\/g> \u00e9 ideal para <g id=\"gid_3\">guardar os seus sacos de rebu\u00e7ados, chocolates, bolachas ou outros produtos de confeitaria<\/g>. Gra\u00e7as ao seu <strong data-start=\"495\" data-end=\"523\">sistema de auto-montagem<\/strong>, pode ser montada num instante, sem cola nem agrafos, para um acabamento limpo e profissional.  <\/p>\n<p data-start=\"620\" data-end=\"999\">Pr\u00e1tica e atractiva, esta <strong data-start=\"650\" data-end=\"669\">tira de cart\u00e3o<\/strong> oferece um excelente suporte ao mesmo tempo que destaca os seus produtos. O seu design <g id=\"gid_1\">eco-respons\u00e1vel<\/g> reflecte perfeitamente as tend\u00eancias actuais das <g id=\"gid_2\">embalagens sustent\u00e1veis<\/g>: simples, natural e respeitador do ambiente. A sua cor kraft confere-lhe um toque caloroso e tradicional que conquistar\u00e1 os seus clientes \u00e0 primeira vista.  <\/p>\n<p data-start=\"1001\" data-end=\"1351\"><strong data-start=\"1010\" data-end=\"1044\">Com 70 x 55 x 150 mm<\/strong>, esta caixa \u00e9 perfeita para pequenos sacos de confeitaria. Quer se trate de uma loja, de um mercado ou de um evento, assegura uma <strong data-start=\"1189\" data-end=\"1223\">apresenta\u00e7\u00e3o limpa e est\u00e1vel<\/strong> das suas iguarias. Al\u00e9m disso, o seu tamanho compacto facilita o <strong data-start=\"1285\" data-end=\"1313\">transporte e<\/strong> a arruma\u00e7\u00e3o, optimizando a exposi\u00e7\u00e3o nas prateleiras.  <\/p>\n<p data-start=\"1353\" data-end=\"1656\">Ao optar por este modelo, alia <strong data-start=\"1391\" data-end=\"1430\">est\u00e9tica, praticidade e durabilidade<\/strong>. \u00c9 uma embalagem que valoriza os seus produtos e a sua imagem de marca, ao mesmo tempo que responde \u00e0s exig\u00eancias ecol\u00f3gicas actuais.<br data-start=\"1551\" data-end=\"1554\">Em suma, uma solu\u00e7\u00e3o <strong data-start=\"1573\" data-end=\"1608\">simples, eficaz e respons\u00e1vel<\/strong> para todos os profissionais de pastelaria! <\/p>\n<p data-start=\"1378\" data-end=\"1605\"><!--more--><\/p>\n<h4 data-start=\"1378\" data-end=\"1605\">Vantagens :<\/h4>\n<ul>\n<li><strong data-start=\"1697\" data-end=\"1717\">Auto-montagem<\/strong>: montagem r\u00e1pida e sem ferramentas.<\/li>\n<li><strong data-start=\"1754\" data-end=\"1778\">Cart\u00e3o kraft natural<\/strong>: um material amigo do ambiente que acrescenta valor.<\/li>\n<li><strong data-start=\"1820\" data-end=\"1840\">Suporta perfeitamente<\/strong> sacos de rebu\u00e7ados e biscoitos.<\/li>\n<li><strong data-start=\"1881\" data-end=\"1912\">Aspeto elegante e artesanal<\/strong> para uma apresenta\u00e7\u00e3o elegante.<\/li>\n<li><strong data-start=\"1948\" data-end=\"1971\">Vendido em embalagens de 20 unidades<\/strong>, ideal para uso profissional.<\/li>\n<\/ul>\n<p>&nbsp;<\/p>\n<p><!--more--><\/p>\n<h4>Outras informa\u00e7\u00f5es :<\/h4>\n<ul>\n<li><strong>Embalagem<\/strong>: Pacote de 20<\/li>\n<li><strong>Dimens\u00f5es<\/strong>: 70 x 55 x 150 mm<\/li>\n<li><strong>Material<\/strong>: Cart\u00e3o<\/li>\n<li><strong>Cor<\/strong>: Kraft<\/li>\n<\/ul>\n<p>&nbsp;<\/p>\n<p><!--more--><\/p>\n<p>Esta caixa para sacos de confeitaria em cart\u00e3o est\u00e1 dispon\u00edvel em diferentes tamanhos: <span style=\"color: #d12727\"><br \/>\n  <a style=\"color: #d12727\" href=\"https:\/\/www.csj-emballages.com\/pt-pt\/produit\/caixa-de-cartao-kraft-para-confeitaria-110-x-65-x-200-mm-20-unidades\/\">110 x 65 x 200 mm<\/a><br \/>\n<\/span> \/ <span style=\"color: #d12727\"><br \/>\n  <a style=\"color: #d12727\" href=\"https:\/\/www.csj-emballages.com\/de\/produit\/box-mit-suesswarenbeuteln-aus-kraftkarton-130-x-75-x-230-mm-pro-20-stueck\/\">130 x 75 x 230 mm<\/a><br \/>\n<\/span><\/p>\n<p>&nbsp;<\/p>\n<p><!--more--><\/p>\n<p><a href=\"https:\/\/www.csj-emballages.com\/pt-pt\/categorie-produit\/embalagem-de-alimentos\/padaria-e-pastelaria\/caixas-e-estojos\/caixas-para-sacos-de-confeitaria\/\">Ver o resto da nossa gama de caixas para sacos de confeitaria<\/a><\/p>\n","protected":false},"excerpt":{"rendered":"<p>Caixa de cart\u00e3o para confeitaria Descri\u00e7\u00e3o da nossa caixa Sacos de confeitaria em cart\u00e3o kraft 70 x 55 x 150 mm, 20 unidades<\/p>\n","protected":false},"featured_media":246771,"template":"","meta":{"_acf_changed":false},"product_brand":[],"product_cat":[1141,1177,3916,9830],"product_tag":[],"class_list":{"0":"post-246778","1":"product","2":"type-product","3":"status-publish","4":"has-post-thumbnail","6":"product_cat-embalagem-de-alimentos","7":"product_cat-padaria-e-pastelaria","8":"product_cat-caixas-e-estojos","9":"product_cat-caixas-para-sacos-de-confeitaria","11":"first","12":"instock","13":"taxable","14":"shipping-taxable","15":"purchasable","16":"product-type-simple"},"acf":[],"yoast_head":"<!-- This site is optimized with the Yoast SEO Premium plugin v26.6 (Yoast SEO v26.6) - https:\/\/yoast.com\/wordpress\/plugins\/seo\/ -->\n<title>Caixas Sacos de confeitaria Cart\u00e3o Kraft 70 x 55 x 150 mm, 20 por caixa<\/title>\n<meta name=\"description\" content=\"Caixa de confeitaria em cart\u00e3o kraft auto-mont\u00e1vel, ideal para doces, chocolates e bolachas. Natural, pr\u00e1tica e amiga do ambiente.\" \/>\n<meta name=\"robots\" content=\"index, follow, max-snippet:-1, max-image-preview:large, max-video-preview:-1\" \/>\n<link rel=\"canonical\" href=\"https:\/\/www.csj-emballages.com\/pt-pt\/produit\/caixa-de-cartao-kraft-para-confeitaria-70-x-55-x-150-mm-20-unidades\/\" \/>\n<meta property=\"og:locale\" content=\"pt_PT\" \/>\n<meta property=\"og:type\" content=\"article\" \/>\n<meta property=\"og:title\" content=\"Caixa de confeitaria em cart\u00e3o kraft 70 x 55 x 150 mm, embalagem de 10\" \/>\n<meta property=\"og:description\" content=\"Caixa de confeitaria em cart\u00e3o kraft auto-mont\u00e1vel, ideal para doces, chocolates e bolachas. Natural, pr\u00e1tica e amiga do ambiente.\" \/>\n<meta property=\"og:url\" content=\"https:\/\/www.csj-emballages.com\/pt-pt\/produit\/caixa-de-cartao-kraft-para-confeitaria-70-x-55-x-150-mm-20-unidades\/\" \/>\n<meta property=\"og:site_name\" content=\"CSJ Emballages\" \/>\n<meta property=\"article:publisher\" content=\"https:\/\/www.facebook.com\/csjemballages\" \/>\n<meta property=\"article:modified_time\" content=\"2026-04-03T00:11:46+00:00\" \/>\n<meta property=\"og:image\" content=\"https:\/\/www.csj-emballages.com\/wp-content\/uploads\/2025\/09\/137211.webp\" \/>\n\t<meta property=\"og:image:width\" content=\"800\" \/>\n\t<meta property=\"og:image:height\" content=\"800\" \/>\n\t<meta property=\"og:image:type\" content=\"image\/webp\" \/>\n<meta name=\"twitter:card\" content=\"summary_large_image\" \/>\n<meta name=\"twitter:label1\" content=\"Tempo estimado de leitura\" \/>\n\t<meta name=\"twitter:data1\" content=\"2 minutos\" \/>\n<script type=\"application\/ld+json\" class=\"yoast-schema-graph\">{\"@context\":\"https:\/\/schema.org\",\"@graph\":[{\"@type\":\"WebPage\",\"@id\":\"https:\/\/www.csj-emballages.com\/pt-pt\/produit\/caixa-de-cartao-kraft-para-confeitaria-70-x-55-x-150-mm-20-unidades\/\",\"url\":\"https:\/\/www.csj-emballages.com\/pt-pt\/produit\/caixa-de-cartao-kraft-para-confeitaria-70-x-55-x-150-mm-20-unidades\/\",\"name\":\"Caixas Sacos de confeitaria Cart\u00e3o Kraft 70 x 55 x 150 mm, 20 por caixa\",\"isPartOf\":{\"@id\":\"https:\/\/www.csj-emballages.com\/pt-pt\/#website\"},\"primaryImageOfPage\":{\"@id\":\"https:\/\/www.csj-emballages.com\/pt-pt\/produit\/caixa-de-cartao-kraft-para-confeitaria-70-x-55-x-150-mm-20-unidades\/#primaryimage\"},\"image\":{\"@id\":\"https:\/\/www.csj-emballages.com\/pt-pt\/produit\/caixa-de-cartao-kraft-para-confeitaria-70-x-55-x-150-mm-20-unidades\/#primaryimage\"},\"thumbnailUrl\":\"https:\/\/www.csj-emballages.com\/wp-content\/uploads\/2025\/09\/137211.webp\",\"datePublished\":\"2025-09-17T12:18:43+00:00\",\"dateModified\":\"2026-04-03T00:11:46+00:00\",\"description\":\"Caixa de confeitaria em cart\u00e3o kraft auto-mont\u00e1vel, ideal para doces, chocolates e bolachas. Natural, pr\u00e1tica e amiga do ambiente.\",\"breadcrumb\":{\"@id\":\"https:\/\/www.csj-emballages.com\/pt-pt\/produit\/caixa-de-cartao-kraft-para-confeitaria-70-x-55-x-150-mm-20-unidades\/#breadcrumb\"},\"inLanguage\":\"pt-PT\",\"potentialAction\":[{\"@type\":\"ReadAction\",\"target\":[\"https:\/\/www.csj-emballages.com\/pt-pt\/produit\/caixa-de-cartao-kraft-para-confeitaria-70-x-55-x-150-mm-20-unidades\/\"]}]},{\"@type\":\"ImageObject\",\"inLanguage\":\"pt-PT\",\"@id\":\"https:\/\/www.csj-emballages.com\/pt-pt\/produit\/caixa-de-cartao-kraft-para-confeitaria-70-x-55-x-150-mm-20-unidades\/#primaryimage\",\"url\":\"https:\/\/www.csj-emballages.com\/wp-content\/uploads\/2025\/09\/137211.webp\",\"contentUrl\":\"https:\/\/www.csj-emballages.com\/wp-content\/uploads\/2025\/09\/137211.webp\",\"width\":800,\"height\":800},{\"@type\":\"BreadcrumbList\",\"@id\":\"https:\/\/www.csj-emballages.com\/pt-pt\/produit\/caixa-de-cartao-kraft-para-confeitaria-70-x-55-x-150-mm-20-unidades\/#breadcrumb\",\"itemListElement\":[{\"@type\":\"ListItem\",\"position\":1,\"name\":\"Acolhimento\",\"item\":\"https:\/\/www.csj-emballages.com\/pt-pt\/universo-das-embalagens-alimentares\/\"},{\"@type\":\"ListItem\",\"position\":2,\"name\":\"Shop\",\"item\":\"https:\/\/www.csj-emballages.com\/shop\/\"},{\"@type\":\"ListItem\",\"position\":3,\"name\":\"Caixa de confeitaria em cart\u00e3o kraft 70 x 55 x 150 mm, embalagem de 10\"}]},{\"@type\":\"WebSite\",\"@id\":\"https:\/\/www.csj-emballages.com\/pt-pt\/#website\",\"url\":\"https:\/\/www.csj-emballages.com\/pt-pt\/\",\"name\":\"CSJ Emballages\",\"description\":\"\",\"publisher\":{\"@id\":\"https:\/\/www.csj-emballages.com\/pt-pt\/#organization\"},\"potentialAction\":[{\"@type\":\"SearchAction\",\"target\":{\"@type\":\"EntryPoint\",\"urlTemplate\":\"https:\/\/www.csj-emballages.com\/pt-pt\/?s={search_term_string}\"},\"query-input\":{\"@type\":\"PropertyValueSpecification\",\"valueRequired\":true,\"valueName\":\"search_term_string\"}}],\"inLanguage\":\"pt-PT\"},{\"@type\":\"Organization\",\"@id\":\"https:\/\/www.csj-emballages.com\/pt-pt\/#Organization\/\",\"name\":\"CSJ Emballages\",\"url\":\"https:\/\/www.csj-emballages.com\/pt-pt\/\",\"logo\":{\"@type\":\"ImageObject\",\"inLanguage\":\"pt-PT\",\"@id\":\"https:\/\/www.csj-emballages.com\/pt-pt\/#\/schema\/logo\/image\/\",\"url\":\"https:\/\/www.csj-emballages.com\/wp-content\/uploads\/2023\/10\/logo_csj.webp\",\"contentUrl\":\"https:\/\/www.csj-emballages.com\/wp-content\/uploads\/2023\/10\/logo_csj.webp\",\"width\":250,\"height\":95,\"caption\":\"CSJ Emballages\"},\"image\":{\"@id\":\"https:\/\/www.csj-emballages.com\/pt-pt\/#\/schema\/logo\/image\/\"},\"sameAs\":[\"https:\/\/www.facebook.com\/csjemballages\"],\"address\":{\"@type\":\"PostalAddress\",\"streetAddress\":\"ZI La Lechere\",\"addressLocality\":\"Patornay\",\"postalCode\":\"39130\",\"addressCountry\":\"FR\"},\"contactPoint\":[{\"@type\":\"ContactPoint\",\"contactType\":\"Service client\",\"telephone\":\"0384254272\",\"email\":\"contact@csj-emballages.com\"}]}]}<\/script>\n<!-- \/ Yoast SEO Premium plugin. -->","yoast_head_json":{"title":"Caixas Sacos de confeitaria Cart\u00e3o Kraft 70 x 55 x 150 mm, 20 por caixa","description":"Caixa de confeitaria em cart\u00e3o kraft auto-mont\u00e1vel, ideal para doces, chocolates e bolachas. Natural, pr\u00e1tica e amiga do ambiente.","robots":{"index":"index","follow":"follow","max-snippet":"max-snippet:-1","max-image-preview":"max-image-preview:large","max-video-preview":"max-video-preview:-1"},"canonical":"https:\/\/www.csj-emballages.com\/pt-pt\/produit\/caixa-de-cartao-kraft-para-confeitaria-70-x-55-x-150-mm-20-unidades\/","og_locale":"pt_PT","og_type":"article","og_title":"Caixa de confeitaria em cart\u00e3o kraft 70 x 55 x 150 mm, embalagem de 10","og_description":"Caixa de confeitaria em cart\u00e3o kraft auto-mont\u00e1vel, ideal para doces, chocolates e bolachas. Natural, pr\u00e1tica e amiga do ambiente.","og_url":"https:\/\/www.csj-emballages.com\/pt-pt\/produit\/caixa-de-cartao-kraft-para-confeitaria-70-x-55-x-150-mm-20-unidades\/","og_site_name":"CSJ Emballages","article_publisher":"https:\/\/www.facebook.com\/csjemballages","article_modified_time":"2026-04-03T00:11:46+00:00","og_image":[{"width":800,"height":800,"url":"https:\/\/www.csj-emballages.com\/wp-content\/uploads\/2025\/09\/137211.webp","type":"image\/webp"}],"twitter_card":"summary_large_image","twitter_misc":{"Tempo estimado de leitura":"2 minutos"},"schema":{"@context":"https:\/\/schema.org","@graph":[{"@type":"WebPage","@id":"https:\/\/www.csj-emballages.com\/pt-pt\/produit\/caixa-de-cartao-kraft-para-confeitaria-70-x-55-x-150-mm-20-unidades\/","url":"https:\/\/www.csj-emballages.com\/pt-pt\/produit\/caixa-de-cartao-kraft-para-confeitaria-70-x-55-x-150-mm-20-unidades\/","name":"Caixas Sacos de confeitaria Cart\u00e3o Kraft 70 x 55 x 150 mm, 20 por caixa","isPartOf":{"@id":"https:\/\/www.csj-emballages.com\/pt-pt\/#website"},"primaryImageOfPage":{"@id":"https:\/\/www.csj-emballages.com\/pt-pt\/produit\/caixa-de-cartao-kraft-para-confeitaria-70-x-55-x-150-mm-20-unidades\/#primaryimage"},"image":{"@id":"https:\/\/www.csj-emballages.com\/pt-pt\/produit\/caixa-de-cartao-kraft-para-confeitaria-70-x-55-x-150-mm-20-unidades\/#primaryimage"},"thumbnailUrl":"https:\/\/www.csj-emballages.com\/wp-content\/uploads\/2025\/09\/137211.webp","datePublished":"2025-09-17T12:18:43+00:00","dateModified":"2026-04-03T00:11:46+00:00","description":"Caixa de confeitaria em cart\u00e3o kraft auto-mont\u00e1vel, ideal para doces, chocolates e bolachas. Natural, pr\u00e1tica e amiga do ambiente.","breadcrumb":{"@id":"https:\/\/www.csj-emballages.com\/pt-pt\/produit\/caixa-de-cartao-kraft-para-confeitaria-70-x-55-x-150-mm-20-unidades\/#breadcrumb"},"inLanguage":"pt-PT","potentialAction":[{"@type":"ReadAction","target":["https:\/\/www.csj-emballages.com\/pt-pt\/produit\/caixa-de-cartao-kraft-para-confeitaria-70-x-55-x-150-mm-20-unidades\/"]}]},{"@type":"ImageObject","inLanguage":"pt-PT","@id":"https:\/\/www.csj-emballages.com\/pt-pt\/produit\/caixa-de-cartao-kraft-para-confeitaria-70-x-55-x-150-mm-20-unidades\/#primaryimage","url":"https:\/\/www.csj-emballages.com\/wp-content\/uploads\/2025\/09\/137211.webp","contentUrl":"https:\/\/www.csj-emballages.com\/wp-content\/uploads\/2025\/09\/137211.webp","width":800,"height":800},{"@type":"BreadcrumbList","@id":"https:\/\/www.csj-emballages.com\/pt-pt\/produit\/caixa-de-cartao-kraft-para-confeitaria-70-x-55-x-150-mm-20-unidades\/#breadcrumb","itemListElement":[{"@type":"ListItem","position":1,"name":"Acolhimento","item":"https:\/\/www.csj-emballages.com\/pt-pt\/universo-das-embalagens-alimentares\/"},{"@type":"ListItem","position":2,"name":"Shop","item":"https:\/\/www.csj-emballages.com\/shop\/"},{"@type":"ListItem","position":3,"name":"Caixa de confeitaria em cart\u00e3o kraft 70 x 55 x 150 mm, embalagem de 10"}]},{"@type":"WebSite","@id":"https:\/\/www.csj-emballages.com\/pt-pt\/#website","url":"https:\/\/www.csj-emballages.com\/pt-pt\/","name":"CSJ Emballages","description":"","publisher":{"@id":"https:\/\/www.csj-emballages.com\/pt-pt\/#organization"},"potentialAction":[{"@type":"SearchAction","target":{"@type":"EntryPoint","urlTemplate":"https:\/\/www.csj-emballages.com\/pt-pt\/?s={search_term_string}"},"query-input":{"@type":"PropertyValueSpecification","valueRequired":true,"valueName":"search_term_string"}}],"inLanguage":"pt-PT"},{"@type":"Organization","@id":"https:\/\/www.csj-emballages.com\/pt-pt\/#Organization\/","name":"CSJ Emballages","url":"https:\/\/www.csj-emballages.com\/pt-pt\/","logo":{"@type":"ImageObject","inLanguage":"pt-PT","@id":"https:\/\/www.csj-emballages.com\/pt-pt\/#\/schema\/logo\/image\/","url":"https:\/\/www.csj-emballages.com\/wp-content\/uploads\/2023\/10\/logo_csj.webp","contentUrl":"https:\/\/www.csj-emballages.com\/wp-content\/uploads\/2023\/10\/logo_csj.webp","width":250,"height":95,"caption":"CSJ Emballages"},"image":{"@id":"https:\/\/www.csj-emballages.com\/pt-pt\/#\/schema\/logo\/image\/"},"sameAs":["https:\/\/www.facebook.com\/csjemballages"],"address":{"@type":"PostalAddress","streetAddress":"ZI La Lechere","addressLocality":"Patornay","postalCode":"39130","addressCountry":"FR"},"contactPoint":[{"@type":"ContactPoint","contactType":"Service client","telephone":"0384254272","email":"contact@csj-emballages.com"}]}]}},"df_price":3.26,"df_sale_price":"","df_regular_price":3.26,"df_image_link":"https:\/\/www.csj-emballages.com\/wp-content\/uploads\/2025\/09\/137211-300x300.webp","tiered_pricing_type":"fixed","tiered_pricing_fixed_rules":[],"tiered_pricing_percentage_rules":[],"tiered_pricing_minimum":1,"tiered_pricing_roles_data":[],"_links":{"self":[{"href":"https:\/\/www.csj-emballages.com\/pt-pt\/wp-json\/wp\/v2\/product\/246778","targetHints":{"allow":["GET"]}}],"collection":[{"href":"https:\/\/www.csj-emballages.com\/pt-pt\/wp-json\/wp\/v2\/product"}],"about":[{"href":"https:\/\/www.csj-emballages.com\/pt-pt\/wp-json\/wp\/v2\/types\/product"}],"wp:featuredmedia":[{"embeddable":true,"href":"https:\/\/www.csj-emballages.com\/pt-pt\/wp-json\/wp\/v2\/media\/246771"}],"wp:attachment":[{"href":"https:\/\/www.csj-emballages.com\/pt-pt\/wp-json\/wp\/v2\/media?parent=246778"}],"wp:term":[{"taxonomy":"product_brand","embeddable":true,"href":"https:\/\/www.csj-emballages.com\/pt-pt\/wp-json\/wp\/v2\/product_brand?post=246778"},{"taxonomy":"product_cat","embeddable":true,"href":"https:\/\/www.csj-emballages.com\/pt-pt\/wp-json\/wp\/v2\/product_cat?post=246778"},{"taxonomy":"product_tag","embeddable":true,"href":"https:\/\/www.csj-emballages.com\/pt-pt\/wp-json\/wp\/v2\/product_tag?post=246778"}],"curies":[{"name":"wp","href":"https:\/\/api.w.org\/{rel}","templated":true}]}}