{"id":246671,"date":"2025-09-17T14:18:30","date_gmt":"2025-09-17T12:18:30","guid":{"rendered":"https:\/\/www.csj-emballages.com\/produit\/caixa-de-confeitaria-em-cartao-marfim-110-x-65-x-200-mm-20-unidades\/"},"modified":"2026-04-03T02:11:07","modified_gmt":"2026-04-03T00:11:07","slug":"caixa-de-confeitaria-em-cartao-marfim-110-x-65-x-200-mm-20-unidades","status":"publish","type":"product","link":"https:\/\/www.csj-emballages.com\/pt-pt\/produit\/caixa-de-confeitaria-em-cartao-marfim-110-x-65-x-200-mm-20-unidades\/","title":{"rendered":"Caixa de confeitaria em cart\u00e3o marfim 110 x 65 x 200 mm, 10 por caixa"},"content":{"rendered":"<h2>Caixa de confeitaria<\/h2>\n<hr>\n<h3>Descri\u00e7\u00e3o da nossa caixa de confeitaria em cart\u00e3o marfim 110 x 65 x 200 mm, 20 unidades<\/h3>\n<p><!--more--><\/p>\n<p data-start=\"166\" data-end=\"681\">D\u00ea aos seus doces o cen\u00e1rio perfeito com a nossa <strong data-start=\"241\" data-end=\"279\">caixa para saquetas de confeitaria em cart\u00e3o marfim<\/strong>! Elegante, pr\u00e1tica e resistente, esta <strong>caixa<\/strong> foi especialmente concebida para valorizar os seus <strong>sacos de<\/strong> <strong data-start=\"372\" data-end=\"383\">rebu\u00e7ados<\/strong>, <strong data-start=\"385\" data-end=\"398\">chocolates<\/strong>, <strong data-start=\"400\" data-end=\"416\">bolachas<\/strong> e outros doces. Gra\u00e7as ao seu <strong data-start=\"455\" data-end=\"491\">tamanho ideal de 110 x 65 x 200 mm<\/strong>, est\u00e1 perfeitamente adaptada \u00e0s necessidades dos <strong data-start=\"536\" data-end=\"550\">pasteleiros<\/strong>, <strong data-start=\"552\" data-end=\"566\">pasteleiras<\/strong>, <strong data-start=\"568\" data-end=\"596\">fabricantes de biscoitos tradicionais<\/strong> ou mesmo <strong data-start=\"609\" data-end=\"634\">retalhistas<\/strong> que procuram uma apresenta\u00e7\u00e3o requintada. <\/p>\n<p data-start=\"683\" data-end=\"1007\">Fabricada a partir de uma <strong data-start=\"708\" data-end=\"734\">\u00fanica tira de cart\u00e3o<\/strong>, garante <strong data-start=\"754\" data-end=\"777\">uma excelente rigidez<\/strong>, mantendo-se <strong data-start=\"794\" data-end=\"818\">leve e respeitadora do ambiente<\/strong>. A sua <strong data-start=\"824\" data-end=\"847\">montagem autom\u00e1tica<\/strong> <strong data-start=\"858\" data-end=\"888\">poupa um tempo consider\u00e1vel<\/strong>: num s\u00f3 gesto, a <strong>caixa de confeitaria<\/strong> toma forma e est\u00e1 pronta para guardar as suas cria\u00e7\u00f5es. Acabaram-se as dobragens complicadas!  <\/p>\n<p data-start=\"1009\" data-end=\"1376\">A sua <strong data-start=\"1013\" data-end=\"1031\">cor marfim<\/strong> s\u00f3bria e chique d\u00e1 um <strong data-start=\"1060\" data-end=\"1097\">toque suave e moderno<\/strong> \u00e0s suas apresenta\u00e7\u00f5es. Adapta-se igualmente a ambientes tradicionais ou contempor\u00e2neos. Quer seja para festas, casamentos, mercados gourmet ou simplesmente para as vendas quotidianas, esta <strong data-start=\"1303\" data-end=\"1333\">caixa de cart\u00e3o para confeitaria<\/strong> \u00e9 uma <strong data-start=\"1341\" data-end=\"1373\">escolha est\u00e9tica e pr\u00e1tica<\/strong>.  <\/p>\n<p data-start=\"1378\" data-end=\"1605\">Al\u00e9m disso, \u00e9 <strong data-start=\"1397\" data-end=\"1411\">recicl\u00e1vel<\/strong>, respeitadora do ambiente e faz parte de uma abordagem eco-respons\u00e1vel muito apreciada pelos clientes actuais. Em suma, uma embalagem que combina <strong data-start=\"1563\" data-end=\"1601\">efic\u00e1cia, eleg\u00e2ncia e durabilidade<\/strong>! <\/p>\n<p data-start=\"1378\" data-end=\"1605\"><!--more--><\/p>\n<h4 data-start=\"1378\" data-end=\"1605\">Vantagens :<\/h4>\n<ul>\n<li><strong data-start=\"1648\" data-end=\"1671\">Montagem autom\u00e1tica<\/strong> r\u00e1pida e f\u00e1cil.<\/li>\n<li><strong data-start=\"1693\" data-end=\"1710\">Cart\u00e3o r\u00edgido<\/strong> para uma boa fixa\u00e7\u00e3o.<\/li>\n<li><strong data-start=\"1740\" data-end=\"1766\">Cor marfim elegante<\/strong> para uma apresenta\u00e7\u00e3o cuidada.<\/li>\n<li><strong data-start=\"1801\" data-end=\"1816\">Vers\u00e1til<\/strong>: doces, chocolates, biscoitos, produtos de confeitaria diversos.<\/li>\n<li><strong data-start=\"1877\" data-end=\"1912\">Amigo do ambiente<\/strong>: esta caixa de confeitaria \u00e9 recicl\u00e1vel e duradoura.<\/li>\n<\/ul>\n<p>&nbsp;<\/p>\n<p><!--more--><\/p>\n<h4>Outras informa\u00e7\u00f5es :<\/h4>\n<ul>\n<li><strong>Embalagem<\/strong>: Pacote de 20<\/li>\n<li><strong>Dimens\u00f5es<\/strong>: 110 x 65 x 200 mm<\/li>\n<li><strong>Material<\/strong>: Cart\u00e3o<\/li>\n<li><strong>Cor<\/strong>: Marfim<\/li>\n<\/ul>\n<p>&nbsp;<\/p>\n<p><!--more--><\/p>\n<p>Esta caixa de confeitaria est\u00e1 dispon\u00edvel num tamanho maior: <span style=\"color: #d12727\"><br \/>\n  <a style=\"color: #d12727\" href=\"https:\/\/www.csj-emballages.com\/es\/produit\/caja-de-carton-marfil-para-golosinas-130-x-75-x-230-mm-20-unidades\/\">115232<\/a><br \/>\n<\/span><\/p>\n<p>&nbsp;<\/p>\n<p><!--more--><\/p>\n<p><a href=\"https:\/\/www.csj-emballages.com\/pt-pt\/categorie-produit\/embalagem-de-alimentos\/padaria-e-pastelaria\/caixas-e-estojos\/caixas-para-sacos-de-confeitaria\/\">Ver o resto da nossa gama de caixas para sacos de confeitaria<\/a><\/p>\n","protected":false},"excerpt":{"rendered":"<p>Caixa de confeitaria Descri\u00e7\u00e3o da nossa caixa de confeitaria em cart\u00e3o marfim 110 x 65 x 200 mm, 20 unidades<\/p>\n","protected":false},"featured_media":246658,"template":"","meta":{"_acf_changed":false},"product_brand":[],"product_cat":[1141,1177,3916,9830],"product_tag":[],"class_list":{"0":"post-246671","1":"product","2":"type-product","3":"status-publish","4":"has-post-thumbnail","6":"product_cat-embalagem-de-alimentos","7":"product_cat-padaria-e-pastelaria","8":"product_cat-caixas-e-estojos","9":"product_cat-caixas-para-sacos-de-confeitaria","11":"first","12":"instock","13":"taxable","14":"shipping-taxable","15":"purchasable","16":"product-type-simple"},"acf":[],"yoast_head":"<!-- This site is optimized with the Yoast SEO Premium plugin v26.6 (Yoast SEO v26.6) - https:\/\/yoast.com\/wordpress\/plugins\/seo\/ -->\n<title>Caixa de confeitaria em cart\u00e3o marfim 110 x 65 x 200 mm, 20 por caixa<\/title>\n<meta name=\"description\" content=\"Caixa de confeitaria em cart\u00e3o marfim 110 x 65 x 200 mm, auto-mont\u00e1vel, ideal para doces, chocolates e bolos secos. Elegante e recicl\u00e1vel.\" \/>\n<meta name=\"robots\" content=\"index, follow, max-snippet:-1, max-image-preview:large, max-video-preview:-1\" \/>\n<link rel=\"canonical\" href=\"https:\/\/www.csj-emballages.com\/pt-pt\/produit\/caixa-de-confeitaria-em-cartao-marfim-110-x-65-x-200-mm-20-unidades\/\" \/>\n<meta property=\"og:locale\" content=\"pt_PT\" \/>\n<meta property=\"og:type\" content=\"article\" \/>\n<meta property=\"og:title\" content=\"Caixa de confeitaria em cart\u00e3o marfim 110 x 65 x 200 mm, 10 por caixa\" \/>\n<meta property=\"og:description\" content=\"Caixa de confeitaria em cart\u00e3o marfim 110 x 65 x 200 mm, auto-mont\u00e1vel, ideal para doces, chocolates e bolos secos. Elegante e recicl\u00e1vel.\" \/>\n<meta property=\"og:url\" content=\"https:\/\/www.csj-emballages.com\/pt-pt\/produit\/caixa-de-confeitaria-em-cartao-marfim-110-x-65-x-200-mm-20-unidades\/\" \/>\n<meta property=\"og:site_name\" content=\"CSJ Emballages\" \/>\n<meta property=\"article:publisher\" content=\"https:\/\/www.facebook.com\/csjemballages\" \/>\n<meta property=\"article:modified_time\" content=\"2026-04-03T00:11:07+00:00\" \/>\n<meta property=\"og:image\" content=\"https:\/\/www.csj-emballages.com\/wp-content\/uploads\/2025\/09\/115231.webp\" \/>\n\t<meta property=\"og:image:width\" content=\"800\" \/>\n\t<meta property=\"og:image:height\" content=\"800\" \/>\n\t<meta property=\"og:image:type\" content=\"image\/webp\" \/>\n<meta name=\"twitter:card\" content=\"summary_large_image\" \/>\n<meta name=\"twitter:label1\" content=\"Tempo estimado de leitura\" \/>\n\t<meta name=\"twitter:data1\" content=\"2 minutos\" \/>\n<script type=\"application\/ld+json\" class=\"yoast-schema-graph\">{\"@context\":\"https:\/\/schema.org\",\"@graph\":[{\"@type\":\"WebPage\",\"@id\":\"https:\/\/www.csj-emballages.com\/pt-pt\/produit\/caixa-de-confeitaria-em-cartao-marfim-110-x-65-x-200-mm-20-unidades\/\",\"url\":\"https:\/\/www.csj-emballages.com\/pt-pt\/produit\/caixa-de-confeitaria-em-cartao-marfim-110-x-65-x-200-mm-20-unidades\/\",\"name\":\"Caixa de confeitaria em cart\u00e3o marfim 110 x 65 x 200 mm, 20 por caixa\",\"isPartOf\":{\"@id\":\"https:\/\/www.csj-emballages.com\/pt-pt\/#website\"},\"primaryImageOfPage\":{\"@id\":\"https:\/\/www.csj-emballages.com\/pt-pt\/produit\/caixa-de-confeitaria-em-cartao-marfim-110-x-65-x-200-mm-20-unidades\/#primaryimage\"},\"image\":{\"@id\":\"https:\/\/www.csj-emballages.com\/pt-pt\/produit\/caixa-de-confeitaria-em-cartao-marfim-110-x-65-x-200-mm-20-unidades\/#primaryimage\"},\"thumbnailUrl\":\"https:\/\/www.csj-emballages.com\/wp-content\/uploads\/2025\/09\/115231.webp\",\"datePublished\":\"2025-09-17T12:18:30+00:00\",\"dateModified\":\"2026-04-03T00:11:07+00:00\",\"description\":\"Caixa de confeitaria em cart\u00e3o marfim 110 x 65 x 200 mm, auto-mont\u00e1vel, ideal para doces, chocolates e bolos secos. Elegante e recicl\u00e1vel.\",\"breadcrumb\":{\"@id\":\"https:\/\/www.csj-emballages.com\/pt-pt\/produit\/caixa-de-confeitaria-em-cartao-marfim-110-x-65-x-200-mm-20-unidades\/#breadcrumb\"},\"inLanguage\":\"pt-PT\",\"potentialAction\":[{\"@type\":\"ReadAction\",\"target\":[\"https:\/\/www.csj-emballages.com\/pt-pt\/produit\/caixa-de-confeitaria-em-cartao-marfim-110-x-65-x-200-mm-20-unidades\/\"]}]},{\"@type\":\"ImageObject\",\"inLanguage\":\"pt-PT\",\"@id\":\"https:\/\/www.csj-emballages.com\/pt-pt\/produit\/caixa-de-confeitaria-em-cartao-marfim-110-x-65-x-200-mm-20-unidades\/#primaryimage\",\"url\":\"https:\/\/www.csj-emballages.com\/wp-content\/uploads\/2025\/09\/115231.webp\",\"contentUrl\":\"https:\/\/www.csj-emballages.com\/wp-content\/uploads\/2025\/09\/115231.webp\",\"width\":800,\"height\":800,\"caption\":\"Boite confiseries\"},{\"@type\":\"BreadcrumbList\",\"@id\":\"https:\/\/www.csj-emballages.com\/pt-pt\/produit\/caixa-de-confeitaria-em-cartao-marfim-110-x-65-x-200-mm-20-unidades\/#breadcrumb\",\"itemListElement\":[{\"@type\":\"ListItem\",\"position\":1,\"name\":\"Acolhimento\",\"item\":\"https:\/\/www.csj-emballages.com\/pt-pt\/universo-das-embalagens-alimentares\/\"},{\"@type\":\"ListItem\",\"position\":2,\"name\":\"Shop\",\"item\":\"https:\/\/www.csj-emballages.com\/shop\/\"},{\"@type\":\"ListItem\",\"position\":3,\"name\":\"Caixa de confeitaria em cart\u00e3o marfim 110 x 65 x 200 mm, 10 por caixa\"}]},{\"@type\":\"WebSite\",\"@id\":\"https:\/\/www.csj-emballages.com\/pt-pt\/#website\",\"url\":\"https:\/\/www.csj-emballages.com\/pt-pt\/\",\"name\":\"CSJ Emballages\",\"description\":\"\",\"publisher\":{\"@id\":\"https:\/\/www.csj-emballages.com\/pt-pt\/#organization\"},\"potentialAction\":[{\"@type\":\"SearchAction\",\"target\":{\"@type\":\"EntryPoint\",\"urlTemplate\":\"https:\/\/www.csj-emballages.com\/pt-pt\/?s={search_term_string}\"},\"query-input\":{\"@type\":\"PropertyValueSpecification\",\"valueRequired\":true,\"valueName\":\"search_term_string\"}}],\"inLanguage\":\"pt-PT\"},{\"@type\":\"Organization\",\"@id\":\"https:\/\/www.csj-emballages.com\/pt-pt\/#Organization\/\",\"name\":\"CSJ Emballages\",\"url\":\"https:\/\/www.csj-emballages.com\/pt-pt\/\",\"logo\":{\"@type\":\"ImageObject\",\"inLanguage\":\"pt-PT\",\"@id\":\"https:\/\/www.csj-emballages.com\/pt-pt\/#\/schema\/logo\/image\/\",\"url\":\"https:\/\/www.csj-emballages.com\/wp-content\/uploads\/2023\/10\/logo_csj.webp\",\"contentUrl\":\"https:\/\/www.csj-emballages.com\/wp-content\/uploads\/2023\/10\/logo_csj.webp\",\"width\":250,\"height\":95,\"caption\":\"CSJ Emballages\"},\"image\":{\"@id\":\"https:\/\/www.csj-emballages.com\/pt-pt\/#\/schema\/logo\/image\/\"},\"sameAs\":[\"https:\/\/www.facebook.com\/csjemballages\"],\"address\":{\"@type\":\"PostalAddress\",\"streetAddress\":\"ZI La Lechere\",\"addressLocality\":\"Patornay\",\"postalCode\":\"39130\",\"addressCountry\":\"FR\"},\"contactPoint\":[{\"@type\":\"ContactPoint\",\"contactType\":\"Service client\",\"telephone\":\"0384254272\",\"email\":\"contact@csj-emballages.com\"}]}]}<\/script>\n<!-- \/ Yoast SEO Premium plugin. -->","yoast_head_json":{"title":"Caixa de confeitaria em cart\u00e3o marfim 110 x 65 x 200 mm, 20 por caixa","description":"Caixa de confeitaria em cart\u00e3o marfim 110 x 65 x 200 mm, auto-mont\u00e1vel, ideal para doces, chocolates e bolos secos. Elegante e recicl\u00e1vel.","robots":{"index":"index","follow":"follow","max-snippet":"max-snippet:-1","max-image-preview":"max-image-preview:large","max-video-preview":"max-video-preview:-1"},"canonical":"https:\/\/www.csj-emballages.com\/pt-pt\/produit\/caixa-de-confeitaria-em-cartao-marfim-110-x-65-x-200-mm-20-unidades\/","og_locale":"pt_PT","og_type":"article","og_title":"Caixa de confeitaria em cart\u00e3o marfim 110 x 65 x 200 mm, 10 por caixa","og_description":"Caixa de confeitaria em cart\u00e3o marfim 110 x 65 x 200 mm, auto-mont\u00e1vel, ideal para doces, chocolates e bolos secos. Elegante e recicl\u00e1vel.","og_url":"https:\/\/www.csj-emballages.com\/pt-pt\/produit\/caixa-de-confeitaria-em-cartao-marfim-110-x-65-x-200-mm-20-unidades\/","og_site_name":"CSJ Emballages","article_publisher":"https:\/\/www.facebook.com\/csjemballages","article_modified_time":"2026-04-03T00:11:07+00:00","og_image":[{"width":800,"height":800,"url":"https:\/\/www.csj-emballages.com\/wp-content\/uploads\/2025\/09\/115231.webp","type":"image\/webp"}],"twitter_card":"summary_large_image","twitter_misc":{"Tempo estimado de leitura":"2 minutos"},"schema":{"@context":"https:\/\/schema.org","@graph":[{"@type":"WebPage","@id":"https:\/\/www.csj-emballages.com\/pt-pt\/produit\/caixa-de-confeitaria-em-cartao-marfim-110-x-65-x-200-mm-20-unidades\/","url":"https:\/\/www.csj-emballages.com\/pt-pt\/produit\/caixa-de-confeitaria-em-cartao-marfim-110-x-65-x-200-mm-20-unidades\/","name":"Caixa de confeitaria em cart\u00e3o marfim 110 x 65 x 200 mm, 20 por caixa","isPartOf":{"@id":"https:\/\/www.csj-emballages.com\/pt-pt\/#website"},"primaryImageOfPage":{"@id":"https:\/\/www.csj-emballages.com\/pt-pt\/produit\/caixa-de-confeitaria-em-cartao-marfim-110-x-65-x-200-mm-20-unidades\/#primaryimage"},"image":{"@id":"https:\/\/www.csj-emballages.com\/pt-pt\/produit\/caixa-de-confeitaria-em-cartao-marfim-110-x-65-x-200-mm-20-unidades\/#primaryimage"},"thumbnailUrl":"https:\/\/www.csj-emballages.com\/wp-content\/uploads\/2025\/09\/115231.webp","datePublished":"2025-09-17T12:18:30+00:00","dateModified":"2026-04-03T00:11:07+00:00","description":"Caixa de confeitaria em cart\u00e3o marfim 110 x 65 x 200 mm, auto-mont\u00e1vel, ideal para doces, chocolates e bolos secos. Elegante e recicl\u00e1vel.","breadcrumb":{"@id":"https:\/\/www.csj-emballages.com\/pt-pt\/produit\/caixa-de-confeitaria-em-cartao-marfim-110-x-65-x-200-mm-20-unidades\/#breadcrumb"},"inLanguage":"pt-PT","potentialAction":[{"@type":"ReadAction","target":["https:\/\/www.csj-emballages.com\/pt-pt\/produit\/caixa-de-confeitaria-em-cartao-marfim-110-x-65-x-200-mm-20-unidades\/"]}]},{"@type":"ImageObject","inLanguage":"pt-PT","@id":"https:\/\/www.csj-emballages.com\/pt-pt\/produit\/caixa-de-confeitaria-em-cartao-marfim-110-x-65-x-200-mm-20-unidades\/#primaryimage","url":"https:\/\/www.csj-emballages.com\/wp-content\/uploads\/2025\/09\/115231.webp","contentUrl":"https:\/\/www.csj-emballages.com\/wp-content\/uploads\/2025\/09\/115231.webp","width":800,"height":800,"caption":"Boite confiseries"},{"@type":"BreadcrumbList","@id":"https:\/\/www.csj-emballages.com\/pt-pt\/produit\/caixa-de-confeitaria-em-cartao-marfim-110-x-65-x-200-mm-20-unidades\/#breadcrumb","itemListElement":[{"@type":"ListItem","position":1,"name":"Acolhimento","item":"https:\/\/www.csj-emballages.com\/pt-pt\/universo-das-embalagens-alimentares\/"},{"@type":"ListItem","position":2,"name":"Shop","item":"https:\/\/www.csj-emballages.com\/shop\/"},{"@type":"ListItem","position":3,"name":"Caixa de confeitaria em cart\u00e3o marfim 110 x 65 x 200 mm, 10 por caixa"}]},{"@type":"WebSite","@id":"https:\/\/www.csj-emballages.com\/pt-pt\/#website","url":"https:\/\/www.csj-emballages.com\/pt-pt\/","name":"CSJ Emballages","description":"","publisher":{"@id":"https:\/\/www.csj-emballages.com\/pt-pt\/#organization"},"potentialAction":[{"@type":"SearchAction","target":{"@type":"EntryPoint","urlTemplate":"https:\/\/www.csj-emballages.com\/pt-pt\/?s={search_term_string}"},"query-input":{"@type":"PropertyValueSpecification","valueRequired":true,"valueName":"search_term_string"}}],"inLanguage":"pt-PT"},{"@type":"Organization","@id":"https:\/\/www.csj-emballages.com\/pt-pt\/#Organization\/","name":"CSJ Emballages","url":"https:\/\/www.csj-emballages.com\/pt-pt\/","logo":{"@type":"ImageObject","inLanguage":"pt-PT","@id":"https:\/\/www.csj-emballages.com\/pt-pt\/#\/schema\/logo\/image\/","url":"https:\/\/www.csj-emballages.com\/wp-content\/uploads\/2023\/10\/logo_csj.webp","contentUrl":"https:\/\/www.csj-emballages.com\/wp-content\/uploads\/2023\/10\/logo_csj.webp","width":250,"height":95,"caption":"CSJ Emballages"},"image":{"@id":"https:\/\/www.csj-emballages.com\/pt-pt\/#\/schema\/logo\/image\/"},"sameAs":["https:\/\/www.facebook.com\/csjemballages"],"address":{"@type":"PostalAddress","streetAddress":"ZI La Lechere","addressLocality":"Patornay","postalCode":"39130","addressCountry":"FR"},"contactPoint":[{"@type":"ContactPoint","contactType":"Service client","telephone":"0384254272","email":"contact@csj-emballages.com"}]}]}},"df_price":4.45,"df_sale_price":"","df_regular_price":4.45,"df_image_link":"https:\/\/www.csj-emballages.com\/wp-content\/uploads\/2025\/09\/115231-300x300.webp","tiered_pricing_type":"fixed","tiered_pricing_fixed_rules":[],"tiered_pricing_percentage_rules":[],"tiered_pricing_minimum":1,"tiered_pricing_roles_data":[],"_links":{"self":[{"href":"https:\/\/www.csj-emballages.com\/pt-pt\/wp-json\/wp\/v2\/product\/246671","targetHints":{"allow":["GET"]}}],"collection":[{"href":"https:\/\/www.csj-emballages.com\/pt-pt\/wp-json\/wp\/v2\/product"}],"about":[{"href":"https:\/\/www.csj-emballages.com\/pt-pt\/wp-json\/wp\/v2\/types\/product"}],"wp:featuredmedia":[{"embeddable":true,"href":"https:\/\/www.csj-emballages.com\/pt-pt\/wp-json\/wp\/v2\/media\/246658"}],"wp:attachment":[{"href":"https:\/\/www.csj-emballages.com\/pt-pt\/wp-json\/wp\/v2\/media?parent=246671"}],"wp:term":[{"taxonomy":"product_brand","embeddable":true,"href":"https:\/\/www.csj-emballages.com\/pt-pt\/wp-json\/wp\/v2\/product_brand?post=246671"},{"taxonomy":"product_cat","embeddable":true,"href":"https:\/\/www.csj-emballages.com\/pt-pt\/wp-json\/wp\/v2\/product_cat?post=246671"},{"taxonomy":"product_tag","embeddable":true,"href":"https:\/\/www.csj-emballages.com\/pt-pt\/wp-json\/wp\/v2\/product_tag?post=246671"}],"curies":[{"name":"wp","href":"https:\/\/api.w.org\/{rel}","templated":true}]}}