{"id":24551,"date":"2024-06-06T14:59:45","date_gmt":"2024-06-06T12:59:45","guid":{"rendered":"https:\/\/u15jnbdpoq.preview.infomaniak.website\/?post_type=product&#038;p=24551"},"modified":"2026-03-12T16:27:44","modified_gmt":"2026-03-12T15:27:44","slug":"500-sacos-sos-kraft-brancos-18-x-11-x-35-cm-2","status":"publish","type":"product","link":"https:\/\/www.csj-emballages.com\/pt-pt\/produit\/500-sacos-sos-kraft-brancos-18-x-11-x-35-cm-2\/","title":{"rendered":"Saco de papel sos branco 18 x 11 x 35 cm, 500 unidades"},"content":{"rendered":"<h2>Saco de papel branco<\/h2>\n<hr>\n<h3>Descri\u00e7\u00e3o do nosso saco de papel branco sos 18 x 11 x 35 cm por 500<\/h3>\n<p><!--more--><\/p>\n<p data-start=\"257\" data-end=\"607\">Simples, limpo e eficaz: este <strong data-start=\"289\" data-end=\"316\">saco de papel branco SOS<\/strong> vai direto ao essencial. Com as suas dimens\u00f5es <strong data-start=\"361\" data-end=\"380\">18 x 11 x 35 cm<\/strong>, adapta-se facilmente a in\u00fameros usos do quotidiano. Quer seja para levar pratos, transportar produtos alimentares, artigos de padaria ou encomendas para levar, cumpre a sua fun\u00e7\u00e3o sem exagerar.  <\/p>\n<p data-start=\"609\" data-end=\"1007\">O seu grande trunfo \u00e9 a sua <strong data-start=\"635\" data-end=\"663\">forma SOS com fundo plano<\/strong>. Concretamente, isto significa que o saco se mant\u00e9m de p\u00e9 sozinho, o que simplifica enormemente o enchimento. Ganha tempo, trabalha de forma mais limpa e os seus produtos permanecem bem no lugar. Al\u00e9m disso, o papel branco confere uma imagem n\u00edtida e cuidada, ideal para os com\u00e9rcios que pretendem uma apresenta\u00e7\u00e3o s\u00f3bria e profissional.   <\/p>\n<p data-start=\"1009\" data-end=\"1331\">Outro ponto apreci\u00e1vel: este <strong>saco de papel branco<\/strong> permanece leve, sendo, ao mesmo tempo, suficientemente resistente para uma utiliza\u00e7\u00e3o quotidiana. Suporta facilmente o peso de produtos comuns sem se rasgar ao primeiro movimento. E, como \u00e9 vendido <strong data-start=\"1232\" data-end=\"1250\">em lote de 500<\/strong>, garante o seu stock a longo prazo, sem ter de encomendar com muita frequ\u00eancia.  <\/p>\n<p data-start=\"1333\" data-end=\"1577\">Este <strong>saco branco<\/strong> \u00e9 adequado tanto para restaurantes, snacks, padarias, empresas de catering como para o com\u00e9rcio a retalho. O seu design neutro permite tamb\u00e9m adicionar facilmente um log\u00f3tipo, um carimbo ou um autocolante, caso pretenda personalizar as suas embalagens. <\/p>\n<p data-start=\"1579\" data-end=\"1713\">Em resumo, \u00e9 uma solu\u00e7\u00e3o pr\u00e1tica, discreta e fi\u00e1vel, pensada para acompanhar a sua atividade sem complicar a sua organiza\u00e7\u00e3o.<\/p>\n<p data-start=\"1579\" data-end=\"1713\">\n<p><!--more--><\/p>\n<p><strong>Vantagens :<\/strong><\/p>\n<ul>\n<li data-start=\"1741\" data-end=\"1786\">Fundo plano est\u00e1vel para um enchimento f\u00e1cil.<\/li>\n<li data-start=\"1789\" data-end=\"1824\">Formato polivalente <strong>18 x 11 x 35 cm<\/strong>.<\/li>\n<li data-start=\"1827\" data-end=\"1865\"><strong>Aspeto branco<\/strong>, limpo e profissional.<\/li>\n<li data-start=\"1868\" data-end=\"1897\">Papel leve, mas resistente.<\/li>\n<li data-start=\"1900\" data-end=\"1928\">Lote econ\u00f3mico de <strong>500 sacos<\/strong>.<\/li>\n<li data-start=\"1931\" data-end=\"1953\">F\u00e1cil de personalizar.<\/li>\n<\/ul>\n<p>&nbsp;<\/p>\n<p><!--more--><\/p>\n<div style=\"box-sizing: inherit; font-family: Roboto, sans-serif;\">\n<div style=\"box-sizing: inherit; font-family: Roboto, sans-serif;\">\n<h4>Outras informa\u00e7\u00f5es :<\/h4>\n<div style=\"box-sizing: inherit; font-family: Roboto, sans-serif;\">\n<div style=\"box-sizing: inherit; font-family: Roboto, sans-serif;\">\n<ul style=\"box-sizing: inherit; font-family: Roboto, sans-serif;\">\n<li><strong>Acondicionamento<\/strong><span style=\"box-sizing: inherit;\">: Embalagem de 500<\/span><\/li>\n<li style=\"box-sizing: inherit;\"><strong>Dimens\u00f5es<\/strong><span style=\"box-sizing: inherit;\">: 18 x 11 x 35 (C x L x A em cm)<\/span><\/li>\n<li style=\"box-sizing: inherit;\"><strong>Material<\/strong><span style=\"box-sizing: inherit;\"> Papel kraft<\/span><\/li>\n<li style=\"box-sizing: inherit;\"><strong>Cor<\/strong><span style=\"box-sizing: inherit;\"> Branco<\/span><\/li>\n<\/ul>\n<\/div>\n<\/div>\n<\/div>\n<\/div>\n<div style=\"box-sizing: inherit; font-family: Roboto, sans-serif;\">\n<div style=\"box-sizing: inherit; font-family: Roboto, sans-serif;\">\n<p>&nbsp;<\/p>\n<\/div>\n<\/div>\n<p><!--more--><\/p>\n<p>Este produto est\u00e1 dispon\u00edvel em kraft <span style=\"color: #d12727;\"><a style=\"color: #d12727;\" href=\"https:\/\/www.csj-emballages.com\/produit\/500-sacs-sos-krafts-bruns-20-x-15-x-40-cm\/\">KF2040SOS<\/a><\/span><\/p>\n<p>&nbsp;<\/p>\n<p><!--more--><\/p>\n<p><a href=\"https:\/\/www.csj-emballages.com\/categorie-produit\/emballages\/boutique-et-magasin\/sacs-sachets\/sacs-bretelles-krafts\/sacs-cabas-krafts\/\">Ver o resto da nossa gama de sacos de compras krafts<\/a><\/p>\n","protected":false},"excerpt":{"rendered":"<p>Saco de papel branco Descri\u00e7\u00e3o do nosso saco de papel branco sos 18 x 11 x 35 cm por 500<\/p>\n","protected":false},"featured_media":251365,"template":"","meta":{"_acf_changed":false},"product_brand":[],"product_cat":[1141,1138,3928,2802,9196,1482,3921,1891,2801],"product_tag":[],"class_list":{"0":"post-24551","1":"product","2":"type-product","3":"status-publish","4":"has-post-thumbnail","6":"product_cat-embalagem-de-alimentos","7":"product_cat-restauracao","8":"product_cat-sacos-e-papel","9":"product_cat-bolsas-de-ombro-artesanato","10":"product_cat-sacos-kraft","11":"product_cat-loja-e-armazem","12":"product_cat-sacos-saquetas","13":"product_cat-sacos-de-ombro-artesanato","14":"product_cat-sacos-de-compras-krafts","16":"first","17":"instock","18":"taxable","19":"shipping-taxable","20":"purchasable","21":"product-type-simple"},"acf":[],"yoast_head":"<!-- This site is optimized with the Yoast SEO Premium plugin v26.6 (Yoast SEO v26.6) - https:\/\/yoast.com\/wordpress\/plugins\/seo\/ -->\n<title>Saco de Papel Branco SOS 18 x 11 x 35 cm por 500<\/title>\n<meta name=\"description\" content=\"Saco de papel branco SOS 18x11x35 cm vendido por 500. Fundo plano est\u00e1vel, formato pr\u00e1tico e ideal para a venda para levar e para o com\u00e9rcio.\" \/>\n<meta name=\"robots\" content=\"index, follow, max-snippet:-1, max-image-preview:large, max-video-preview:-1\" \/>\n<link rel=\"canonical\" href=\"https:\/\/www.csj-emballages.com\/pt-pt\/produit\/500-sacos-sos-kraft-brancos-18-x-11-x-35-cm-2\/\" \/>\n<meta property=\"og:locale\" content=\"pt_PT\" \/>\n<meta property=\"og:type\" content=\"article\" \/>\n<meta property=\"og:title\" content=\"Saco de papel sos branco 18 x 11 x 35 cm, 500 unidades\" \/>\n<meta property=\"og:description\" content=\"Saco de papel branco SOS 18x11x35 cm vendido por 500. Fundo plano est\u00e1vel, formato pr\u00e1tico e ideal para a venda para levar e para o com\u00e9rcio.\" \/>\n<meta property=\"og:url\" content=\"https:\/\/www.csj-emballages.com\/pt-pt\/produit\/500-sacos-sos-kraft-brancos-18-x-11-x-35-cm-2\/\" \/>\n<meta property=\"og:site_name\" content=\"CSJ Emballages\" \/>\n<meta property=\"article:publisher\" content=\"https:\/\/www.facebook.com\/csjemballages\" \/>\n<meta property=\"article:modified_time\" content=\"2026-03-12T15:27:44+00:00\" \/>\n<meta property=\"og:image\" content=\"https:\/\/www.csj-emballages.com\/wp-content\/uploads\/2024\/06\/KF1835SOSBL.webp\" \/>\n\t<meta property=\"og:image:width\" content=\"800\" \/>\n\t<meta property=\"og:image:height\" content=\"800\" \/>\n\t<meta property=\"og:image:type\" content=\"image\/webp\" \/>\n<meta name=\"twitter:card\" content=\"summary_large_image\" \/>\n<meta name=\"twitter:label1\" content=\"Tempo estimado de leitura\" \/>\n\t<meta name=\"twitter:data1\" content=\"2 minutos\" \/>\n<script type=\"application\/ld+json\" class=\"yoast-schema-graph\">{\"@context\":\"https:\/\/schema.org\",\"@graph\":[{\"@type\":\"WebPage\",\"@id\":\"https:\/\/www.csj-emballages.com\/pt-pt\/produit\/500-sacos-sos-kraft-brancos-18-x-11-x-35-cm-2\/\",\"url\":\"https:\/\/www.csj-emballages.com\/pt-pt\/produit\/500-sacos-sos-kraft-brancos-18-x-11-x-35-cm-2\/\",\"name\":\"Saco de Papel Branco SOS 18 x 11 x 35 cm por 500\",\"isPartOf\":{\"@id\":\"https:\/\/www.csj-emballages.com\/pt-pt\/#website\"},\"primaryImageOfPage\":{\"@id\":\"https:\/\/www.csj-emballages.com\/pt-pt\/produit\/500-sacos-sos-kraft-brancos-18-x-11-x-35-cm-2\/#primaryimage\"},\"image\":{\"@id\":\"https:\/\/www.csj-emballages.com\/pt-pt\/produit\/500-sacos-sos-kraft-brancos-18-x-11-x-35-cm-2\/#primaryimage\"},\"thumbnailUrl\":\"https:\/\/www.csj-emballages.com\/wp-content\/uploads\/2024\/06\/KF1835SOSBL.webp\",\"datePublished\":\"2024-06-06T12:59:45+00:00\",\"dateModified\":\"2026-03-12T15:27:44+00:00\",\"description\":\"Saco de papel branco SOS 18x11x35 cm vendido por 500. Fundo plano est\u00e1vel, formato pr\u00e1tico e ideal para a venda para levar e para o com\u00e9rcio.\",\"breadcrumb\":{\"@id\":\"https:\/\/www.csj-emballages.com\/pt-pt\/produit\/500-sacos-sos-kraft-brancos-18-x-11-x-35-cm-2\/#breadcrumb\"},\"inLanguage\":\"pt-PT\",\"potentialAction\":[{\"@type\":\"ReadAction\",\"target\":[\"https:\/\/www.csj-emballages.com\/pt-pt\/produit\/500-sacos-sos-kraft-brancos-18-x-11-x-35-cm-2\/\"]}]},{\"@type\":\"ImageObject\",\"inLanguage\":\"pt-PT\",\"@id\":\"https:\/\/www.csj-emballages.com\/pt-pt\/produit\/500-sacos-sos-kraft-brancos-18-x-11-x-35-cm-2\/#primaryimage\",\"url\":\"https:\/\/www.csj-emballages.com\/wp-content\/uploads\/2024\/06\/KF1835SOSBL.webp\",\"contentUrl\":\"https:\/\/www.csj-emballages.com\/wp-content\/uploads\/2024\/06\/KF1835SOSBL.webp\",\"width\":800,\"height\":800,\"caption\":\"Sac en papier blanc\"},{\"@type\":\"BreadcrumbList\",\"@id\":\"https:\/\/www.csj-emballages.com\/pt-pt\/produit\/500-sacos-sos-kraft-brancos-18-x-11-x-35-cm-2\/#breadcrumb\",\"itemListElement\":[{\"@type\":\"ListItem\",\"position\":1,\"name\":\"Acolhimento\",\"item\":\"https:\/\/www.csj-emballages.com\/pt-pt\/universo-das-embalagens-alimentares\/\"},{\"@type\":\"ListItem\",\"position\":2,\"name\":\"Shop\",\"item\":\"https:\/\/www.csj-emballages.com\/shop\/\"},{\"@type\":\"ListItem\",\"position\":3,\"name\":\"Saco de papel sos branco 18 x 11 x 35 cm, 500 unidades\"}]},{\"@type\":\"WebSite\",\"@id\":\"https:\/\/www.csj-emballages.com\/pt-pt\/#website\",\"url\":\"https:\/\/www.csj-emballages.com\/pt-pt\/\",\"name\":\"CSJ Emballages\",\"description\":\"\",\"publisher\":{\"@id\":\"https:\/\/www.csj-emballages.com\/pt-pt\/#organization\"},\"potentialAction\":[{\"@type\":\"SearchAction\",\"target\":{\"@type\":\"EntryPoint\",\"urlTemplate\":\"https:\/\/www.csj-emballages.com\/pt-pt\/?s={search_term_string}\"},\"query-input\":{\"@type\":\"PropertyValueSpecification\",\"valueRequired\":true,\"valueName\":\"search_term_string\"}}],\"inLanguage\":\"pt-PT\"},{\"@type\":\"Organization\",\"@id\":\"https:\/\/www.csj-emballages.com\/pt-pt\/#Organization\/\",\"name\":\"CSJ Emballages\",\"url\":\"https:\/\/www.csj-emballages.com\/pt-pt\/\",\"logo\":{\"@type\":\"ImageObject\",\"inLanguage\":\"pt-PT\",\"@id\":\"https:\/\/www.csj-emballages.com\/pt-pt\/#\/schema\/logo\/image\/\",\"url\":\"https:\/\/www.csj-emballages.com\/wp-content\/uploads\/2023\/10\/logo_csj.webp\",\"contentUrl\":\"https:\/\/www.csj-emballages.com\/wp-content\/uploads\/2023\/10\/logo_csj.webp\",\"width\":250,\"height\":95,\"caption\":\"CSJ Emballages\"},\"image\":{\"@id\":\"https:\/\/www.csj-emballages.com\/pt-pt\/#\/schema\/logo\/image\/\"},\"sameAs\":[\"https:\/\/www.facebook.com\/csjemballages\"],\"address\":{\"@type\":\"PostalAddress\",\"streetAddress\":\"ZI La Lechere\",\"addressLocality\":\"Patornay\",\"postalCode\":\"39130\",\"addressCountry\":\"FR\"},\"contactPoint\":[{\"@type\":\"ContactPoint\",\"contactType\":\"Service client\",\"telephone\":\"0384254272\",\"email\":\"contact@csj-emballages.com\"}]}]}<\/script>\n<!-- \/ Yoast SEO Premium plugin. -->","yoast_head_json":{"title":"Saco de Papel Branco SOS 18 x 11 x 35 cm por 500","description":"Saco de papel branco SOS 18x11x35 cm vendido por 500. Fundo plano est\u00e1vel, formato pr\u00e1tico e ideal para a venda para levar e para o com\u00e9rcio.","robots":{"index":"index","follow":"follow","max-snippet":"max-snippet:-1","max-image-preview":"max-image-preview:large","max-video-preview":"max-video-preview:-1"},"canonical":"https:\/\/www.csj-emballages.com\/pt-pt\/produit\/500-sacos-sos-kraft-brancos-18-x-11-x-35-cm-2\/","og_locale":"pt_PT","og_type":"article","og_title":"Saco de papel sos branco 18 x 11 x 35 cm, 500 unidades","og_description":"Saco de papel branco SOS 18x11x35 cm vendido por 500. Fundo plano est\u00e1vel, formato pr\u00e1tico e ideal para a venda para levar e para o com\u00e9rcio.","og_url":"https:\/\/www.csj-emballages.com\/pt-pt\/produit\/500-sacos-sos-kraft-brancos-18-x-11-x-35-cm-2\/","og_site_name":"CSJ Emballages","article_publisher":"https:\/\/www.facebook.com\/csjemballages","article_modified_time":"2026-03-12T15:27:44+00:00","og_image":[{"width":800,"height":800,"url":"https:\/\/www.csj-emballages.com\/wp-content\/uploads\/2024\/06\/KF1835SOSBL.webp","type":"image\/webp"}],"twitter_card":"summary_large_image","twitter_misc":{"Tempo estimado de leitura":"2 minutos"},"schema":{"@context":"https:\/\/schema.org","@graph":[{"@type":"WebPage","@id":"https:\/\/www.csj-emballages.com\/pt-pt\/produit\/500-sacos-sos-kraft-brancos-18-x-11-x-35-cm-2\/","url":"https:\/\/www.csj-emballages.com\/pt-pt\/produit\/500-sacos-sos-kraft-brancos-18-x-11-x-35-cm-2\/","name":"Saco de Papel Branco SOS 18 x 11 x 35 cm por 500","isPartOf":{"@id":"https:\/\/www.csj-emballages.com\/pt-pt\/#website"},"primaryImageOfPage":{"@id":"https:\/\/www.csj-emballages.com\/pt-pt\/produit\/500-sacos-sos-kraft-brancos-18-x-11-x-35-cm-2\/#primaryimage"},"image":{"@id":"https:\/\/www.csj-emballages.com\/pt-pt\/produit\/500-sacos-sos-kraft-brancos-18-x-11-x-35-cm-2\/#primaryimage"},"thumbnailUrl":"https:\/\/www.csj-emballages.com\/wp-content\/uploads\/2024\/06\/KF1835SOSBL.webp","datePublished":"2024-06-06T12:59:45+00:00","dateModified":"2026-03-12T15:27:44+00:00","description":"Saco de papel branco SOS 18x11x35 cm vendido por 500. Fundo plano est\u00e1vel, formato pr\u00e1tico e ideal para a venda para levar e para o com\u00e9rcio.","breadcrumb":{"@id":"https:\/\/www.csj-emballages.com\/pt-pt\/produit\/500-sacos-sos-kraft-brancos-18-x-11-x-35-cm-2\/#breadcrumb"},"inLanguage":"pt-PT","potentialAction":[{"@type":"ReadAction","target":["https:\/\/www.csj-emballages.com\/pt-pt\/produit\/500-sacos-sos-kraft-brancos-18-x-11-x-35-cm-2\/"]}]},{"@type":"ImageObject","inLanguage":"pt-PT","@id":"https:\/\/www.csj-emballages.com\/pt-pt\/produit\/500-sacos-sos-kraft-brancos-18-x-11-x-35-cm-2\/#primaryimage","url":"https:\/\/www.csj-emballages.com\/wp-content\/uploads\/2024\/06\/KF1835SOSBL.webp","contentUrl":"https:\/\/www.csj-emballages.com\/wp-content\/uploads\/2024\/06\/KF1835SOSBL.webp","width":800,"height":800,"caption":"Sac en papier blanc"},{"@type":"BreadcrumbList","@id":"https:\/\/www.csj-emballages.com\/pt-pt\/produit\/500-sacos-sos-kraft-brancos-18-x-11-x-35-cm-2\/#breadcrumb","itemListElement":[{"@type":"ListItem","position":1,"name":"Acolhimento","item":"https:\/\/www.csj-emballages.com\/pt-pt\/universo-das-embalagens-alimentares\/"},{"@type":"ListItem","position":2,"name":"Shop","item":"https:\/\/www.csj-emballages.com\/shop\/"},{"@type":"ListItem","position":3,"name":"Saco de papel sos branco 18 x 11 x 35 cm, 500 unidades"}]},{"@type":"WebSite","@id":"https:\/\/www.csj-emballages.com\/pt-pt\/#website","url":"https:\/\/www.csj-emballages.com\/pt-pt\/","name":"CSJ Emballages","description":"","publisher":{"@id":"https:\/\/www.csj-emballages.com\/pt-pt\/#organization"},"potentialAction":[{"@type":"SearchAction","target":{"@type":"EntryPoint","urlTemplate":"https:\/\/www.csj-emballages.com\/pt-pt\/?s={search_term_string}"},"query-input":{"@type":"PropertyValueSpecification","valueRequired":true,"valueName":"search_term_string"}}],"inLanguage":"pt-PT"},{"@type":"Organization","@id":"https:\/\/www.csj-emballages.com\/pt-pt\/#Organization\/","name":"CSJ Emballages","url":"https:\/\/www.csj-emballages.com\/pt-pt\/","logo":{"@type":"ImageObject","inLanguage":"pt-PT","@id":"https:\/\/www.csj-emballages.com\/pt-pt\/#\/schema\/logo\/image\/","url":"https:\/\/www.csj-emballages.com\/wp-content\/uploads\/2023\/10\/logo_csj.webp","contentUrl":"https:\/\/www.csj-emballages.com\/wp-content\/uploads\/2023\/10\/logo_csj.webp","width":250,"height":95,"caption":"CSJ Emballages"},"image":{"@id":"https:\/\/www.csj-emballages.com\/pt-pt\/#\/schema\/logo\/image\/"},"sameAs":["https:\/\/www.facebook.com\/csjemballages"],"address":{"@type":"PostalAddress","streetAddress":"ZI La Lechere","addressLocality":"Patornay","postalCode":"39130","addressCountry":"FR"},"contactPoint":[{"@type":"ContactPoint","contactType":"Service client","telephone":"0384254272","email":"contact@csj-emballages.com"}]}]}},"df_price":40.39,"df_sale_price":"","df_regular_price":40.39,"df_image_link":"https:\/\/www.csj-emballages.com\/wp-content\/uploads\/2024\/06\/KF1835SOSBL-300x300.webp","tiered_pricing_type":"fixed","tiered_pricing_fixed_rules":[],"tiered_pricing_percentage_rules":[],"tiered_pricing_minimum":1,"tiered_pricing_roles_data":[],"_links":{"self":[{"href":"https:\/\/www.csj-emballages.com\/pt-pt\/wp-json\/wp\/v2\/product\/24551","targetHints":{"allow":["GET"]}}],"collection":[{"href":"https:\/\/www.csj-emballages.com\/pt-pt\/wp-json\/wp\/v2\/product"}],"about":[{"href":"https:\/\/www.csj-emballages.com\/pt-pt\/wp-json\/wp\/v2\/types\/product"}],"wp:featuredmedia":[{"embeddable":true,"href":"https:\/\/www.csj-emballages.com\/pt-pt\/wp-json\/wp\/v2\/media\/251365"}],"wp:attachment":[{"href":"https:\/\/www.csj-emballages.com\/pt-pt\/wp-json\/wp\/v2\/media?parent=24551"}],"wp:term":[{"taxonomy":"product_brand","embeddable":true,"href":"https:\/\/www.csj-emballages.com\/pt-pt\/wp-json\/wp\/v2\/product_brand?post=24551"},{"taxonomy":"product_cat","embeddable":true,"href":"https:\/\/www.csj-emballages.com\/pt-pt\/wp-json\/wp\/v2\/product_cat?post=24551"},{"taxonomy":"product_tag","embeddable":true,"href":"https:\/\/www.csj-emballages.com\/pt-pt\/wp-json\/wp\/v2\/product_tag?post=24551"}],"curies":[{"name":"wp","href":"https:\/\/api.w.org\/{rel}","templated":true}]}}