{"id":245132,"date":"2025-09-26T16:18:20","date_gmt":"2025-09-26T14:18:20","guid":{"rendered":"https:\/\/www.csj-emballages.com\/produit\/100-suportes-para-bolos-quadrados-de-cor-anis-fucsia-18-x-18-cm\/"},"modified":"2026-04-16T02:12:00","modified_gmt":"2026-04-16T00:12:00","slug":"100-suportes-para-bolos-quadrados-de-cor-anis-fucsia-18-x-18-cm","status":"publish","type":"product","link":"https:\/\/www.csj-emballages.com\/pt-pt\/produit\/100-suportes-para-bolos-quadrados-de-cor-anis-fucsia-18-x-18-cm\/","title":{"rendered":"Suporte para bolos quadrado anis \/ f\u00facsia 18 x 18 cm por 100"},"content":{"rendered":"<div class=\"elementor-element elementor-element-6621759 e-no-lazyload e-flex e-con-boxed e-con e-parent e-lazyloaded\" data-id=\"6621759\" data-element_type=\"container\">\n<div class=\"e-con-inner\">\n<div class=\"elementor-element elementor-element-4756e65 e-con-full e-flex e-con e-child\" data-id=\"4756e65\" data-element_type=\"container\">\n<div class=\"elementor-element elementor-element-a25940d elementor-widget elementor-widget-woocommerce-product-data-tabs\" data-id=\"a25940d\" data-element_type=\"widget\" data-widget_type=\"woocommerce-product-data-tabs.default\">\n<div class=\"elementor-widget-container\">\n<div class=\"woocommerce-tabs wc-tabs-wrapper\">\n<div id=\"tab-description\" class=\"woocommerce-Tabs-panel woocommerce-Tabs-panel--description panel entry-content wc-tab\" role=\"tabpanel\" aria-labelledby=\"tab-title-description\">\n<h2>Suporte para bolos<\/h2>\n<hr>\n<h3>Descubra o nosso suporte para bolos quadrado anis \/ f\u00facsia 18 x 18 cm por 100<\/h3>\n<p><!--more--><\/p>\n<p data-start=\"233\" data-end=\"607\">Fa\u00e7a brilhar as suas sobremesas com este <strong data-start=\"299\" data-end=\"352\">suporte para bolos quadrado de 18 x 18 cm em anis\/f\u00facsia<\/strong>! Perfeito para <strong data-start=\"372\" data-end=\"386\">chefes<\/strong> de pastelaria, <strong data-start=\"388\" data-end=\"401\">fornecedores<\/strong> ou <strong data-start=\"405\" data-end=\"419\">padeiros<\/strong>, este suporte d\u00e1 um verdadeiro <strong data-start=\"450\" data-end=\"469\">toque de eleg\u00e2ncia<\/strong> \u00e0s suas apresenta\u00e7\u00f5es. Com as suas cores brilhantes anis <g id=\"gid_5\">e f\u00facsia<\/g>, \u00e9 um chamariz que real\u00e7a instantaneamente os seus bolos. Fabricado em <g id=\"gid_6\">cart\u00e3o resistente e r\u00edgido<\/g>, garante <g id=\"gid_7\">uma excelente estabilidade<\/g>. Pode colocar facilmente entremets, fatias de bolo ou mesmo mini-sobremesas. Gra\u00e7as ao seu <strong data-start=\"805\" data-end=\"832\">formato quadrado de 18 x 18 cm<\/strong>, \u00e9 pr\u00e1tico e vers\u00e1til: nem demasiado grande, nem demasiado pequeno. Al\u00e9m disso, \u00e9 <strong data-start=\"911\" data-end=\"920\">leve<\/strong>, <strong data-start=\"922\" data-end=\"933\">descart\u00e1vel<\/strong> e, sobretudo, <strong data-start=\"946\" data-end=\"960\">higi\u00e9nico<\/strong> &#8211; perfeito para uma utiliza\u00e7\u00e3o profissional quotidiana.     <\/p>\n<p data-start=\"1016\" data-end=\"1380\">Mas, para al\u00e9m da praticidade, este <strong data-start=\"1054\" data-end=\"1074\">suporte para bolos<\/strong> d\u00e1 <strong data-start=\"1084\" data-end=\"1093\">estilo<\/strong> \u00e0s suas cria\u00e7\u00f5es. D\u00e1 um <strong data-start=\"1125\" data-end=\"1152\">toque colorido e festivo<\/strong> aos seus buffets, vitrinas ou mesas de eventos. Num piscar de olhos, as suas sobremesas ficam ainda mais apetitosas. E como \u00e9 vendido <strong data-start=\"1294\" data-end=\"1305\">em embalagens de 100 unidades<\/strong>, poupa tempo e mant\u00e9m um stock sempre pronto a utilizar.   <\/p>\n<p data-start=\"1382\" data-end=\"1608\">Quer seja para um <strong data-start=\"1402\" data-end=\"1418\">anivers\u00e1rio<\/strong>, um <strong data-start=\"1423\" data-end=\"1434\">casamento<\/strong> ou uma <strong data-start=\"1442\" data-end=\"1455\">rece\u00e7\u00e3o<\/strong>, este suporte \u00e9 o pequeno pormenor que faz toda a diferen\u00e7a. F\u00e1cil de utilizar, ajuda-o a apresentar os seus doces com gosto e profissionalismo. <\/p>\n<p data-start=\"1610\" data-end=\"1809\">Em suma, este <strong data-start=\"1624\" data-end=\"1677\">suporte para bolos quadrado anis\/f\u00facsia de 16 x 16 cm<\/strong> \u00e9 a combina\u00e7\u00e3o perfeita de <strong data-start=\"1708\" data-end=\"1721\">praticidade<\/strong>, <strong data-start=\"1723\" data-end=\"1735\">robustez<\/strong> e <strong data-start=\"1739\" data-end=\"1753\">est\u00e9tica<\/strong>. Porque uma bela sobremesa merece um belo suporte! <\/p>\n<p data-start=\"1610\" data-end=\"1809\"><!--more--><\/p>\n<h4 data-start=\"1610\" data-end=\"1809\">Vantagens :<\/h4>\n<ul>\n<li data-start=\"1849\" data-end=\"1902\">Cores brilhantes e modernas de <strong data-start=\"1858\" data-end=\"1877\">anis e f\u00facsia<\/strong>.<\/li>\n<li data-start=\"1905\" data-end=\"1958\"><strong data-start=\"1905\" data-end=\"1922\">Cart\u00e3o r\u00edgido<\/strong> e resistente para uma boa fixa\u00e7\u00e3o.<\/li>\n<li data-start=\"1961\" data-end=\"2023\"><strong data-start=\"1961\" data-end=\"1982\">Formato<\/strong> pr\u00e1tico de <strong data-start=\"1961\" data-end=\"1982\">18 x 18 cm<\/strong> para sobremesas individuais.<\/li>\n<li data-start=\"2026\" data-end=\"2069\">Vendido <strong data-start=\"2032\" data-end=\"2043\">em embalagens de 100 unidades<\/strong>, pr\u00e1tico e econ\u00f3mico.<\/li>\n<\/ul>\n<p>&nbsp;<\/p>\n<p><!--more--><\/p>\n<h4>Outras informa\u00e7\u00f5es :<\/h4>\n<ul>\n<li><strong>Embalagem<\/strong>: Pacote de 100<\/li>\n<li><strong>Dimens\u00f5es<\/strong>: 18 x 18 cm<\/li>\n<li><strong>Material<\/strong>: Cart\u00e3o<\/li>\n<li><strong>Cor<\/strong>: Anis \/ F\u00facsia<\/li>\n<\/ul>\n<p>&nbsp;<\/p>\n<p><!--more--><\/p>\n<p>Este suporte para bolos colorido est\u00e1 dispon\u00edvel em diferentes tamanhos: <span style=\"color: #d12727;\"><a style=\"color: #d12727;\" href=\"https:\/\/www.csj-emballages.com\/es\/produit\/100-soportes-de-tarta-cuadrados-de-color-anis-fucsia-16-x-16-cm\/\">16 cm<\/a><\/span> \/ <span style=\"color: #d12727;\"><a style=\"color: #d12727;\" href=\"https:\/\/www.csj-emballages.com\/es\/produit\/100-soportes-de-tarta-cuadrados-de-color-anis-fucsia-20-x-20-cm\/\">20 cm<\/a><\/span> \/ <span style=\"color: #d12727;\"><a style=\"color: #d12727;\" href=\"https:\/\/www.csj-emballages.com\/es\/produit\/100-cake-stands-cuadrados-de-color-anis-fucsia-de-22-x-22-cm\/\">22 cm<\/a><\/span> \/ <span style=\"color: #d12727;\"><a style=\"color: #d12727;\" href=\"https:\/\/www.csj-emballages.com\/es\/produit\/100-cake-stands-cuadrados-de-color-anis-fucsia-24-x-24-cm\/\">24 cm<\/a><\/span> \/ <span style=\"color: #d12727;\"><a style=\"color: #d12727;\" href=\"https:\/\/www.csj-emballages.com\/es\/produit\/100-soportes-de-tarta-cuadrados-de-color-anis-fucsia-26-x-26-cm\/\">26 cm<\/a><\/span><\/p>\n<p>&nbsp;<\/p>\n<p><!--more--><\/p>\n<p><a href=\"https:\/\/www.csj-emballages.com\/pt-pt\/categorie-produit\/embalagem-de-alimentos\/padaria-e-pastelaria\/suportes-para-bases-de-bolos\/suportes-quadrados-coloridos\/\">Ver o resto da nossa gama de suportes para bolos quadrados em anis\/f\u00facsia<\/a><\/p>\n<\/div>\n<\/div>\n<\/div>\n<\/div>\n<\/div>\n<\/div>\n<\/div>\n","protected":false},"excerpt":{"rendered":"<p>Suporte para bolos Descubra o nosso suporte para bolos quadrado anis \/ f\u00facsia 18 x 18 cm por 100<\/p>\n","protected":false},"featured_media":253290,"template":"","meta":{"_acf_changed":false},"product_brand":[],"product_cat":[1141,1177,1914,3889,1267],"product_tag":[],"class_list":{"0":"post-245132","1":"product","2":"type-product","3":"status-publish","4":"has-post-thumbnail","6":"product_cat-embalagem-de-alimentos","7":"product_cat-padaria-e-pastelaria","8":"product_cat-suportes-para-bases-de-bolos","9":"product_cat-suportes-quadrados-coloridos","10":"product_cat-descontos-promocoes","12":"first","13":"instock","14":"sale","15":"taxable","16":"shipping-taxable","17":"purchasable","18":"product-type-simple"},"acf":[],"yoast_head":"<!-- This site is optimized with the Yoast SEO Premium plugin v26.6 (Yoast SEO v26.6) - https:\/\/yoast.com\/wordpress\/plugins\/seo\/ -->\n<title>Suporte para bolos quadrado Anis \/ F\u00facsia 18 x 18 cm x 100<\/title>\n<meta name=\"description\" content=\"D\u00ea um toque colorido \u00e0s suas sobremesas com o suporte para bolos Anise \/ Fuchsia 18 x 18 cm. Robusto, pr\u00e1tico e perfeito para pasteleiros profissionais.\" \/>\n<meta name=\"robots\" content=\"index, follow, max-snippet:-1, max-image-preview:large, max-video-preview:-1\" \/>\n<link rel=\"canonical\" href=\"https:\/\/www.csj-emballages.com\/pt-pt\/produit\/100-suportes-para-bolos-quadrados-de-cor-anis-fucsia-18-x-18-cm\/\" \/>\n<meta property=\"og:locale\" content=\"pt_PT\" \/>\n<meta property=\"og:type\" content=\"article\" \/>\n<meta property=\"og:title\" content=\"Suporte para bolos quadrado anis \/ f\u00facsia 18 x 18 cm por 100\" \/>\n<meta property=\"og:description\" content=\"D\u00ea um toque colorido \u00e0s suas sobremesas com o suporte para bolos Anise \/ Fuchsia 18 x 18 cm. Robusto, pr\u00e1tico e perfeito para pasteleiros profissionais.\" \/>\n<meta property=\"og:url\" content=\"https:\/\/www.csj-emballages.com\/pt-pt\/produit\/100-suportes-para-bolos-quadrados-de-cor-anis-fucsia-18-x-18-cm\/\" \/>\n<meta property=\"og:site_name\" content=\"CSJ Emballages\" \/>\n<meta property=\"article:publisher\" content=\"https:\/\/www.facebook.com\/csjemballages\" \/>\n<meta property=\"article:modified_time\" content=\"2026-04-16T00:12:00+00:00\" \/>\n<meta property=\"og:image\" content=\"https:\/\/www.csj-emballages.com\/wp-content\/uploads\/2024\/03\/Supports-carres-colores.webp\" \/>\n\t<meta property=\"og:image:width\" content=\"800\" \/>\n\t<meta property=\"og:image:height\" content=\"800\" \/>\n\t<meta property=\"og:image:type\" content=\"image\/webp\" \/>\n<meta name=\"twitter:card\" content=\"summary_large_image\" \/>\n<meta name=\"twitter:label1\" content=\"Tempo estimado de leitura\" \/>\n\t<meta name=\"twitter:data1\" content=\"2 minutos\" \/>\n<script type=\"application\/ld+json\" class=\"yoast-schema-graph\">{\"@context\":\"https:\/\/schema.org\",\"@graph\":[{\"@type\":\"WebPage\",\"@id\":\"https:\/\/www.csj-emballages.com\/pt-pt\/produit\/100-suportes-para-bolos-quadrados-de-cor-anis-fucsia-18-x-18-cm\/\",\"url\":\"https:\/\/www.csj-emballages.com\/pt-pt\/produit\/100-suportes-para-bolos-quadrados-de-cor-anis-fucsia-18-x-18-cm\/\",\"name\":\"Suporte para bolos quadrado Anis \/ F\u00facsia 18 x 18 cm x 100\",\"isPartOf\":{\"@id\":\"https:\/\/www.csj-emballages.com\/pt-pt\/#website\"},\"primaryImageOfPage\":{\"@id\":\"https:\/\/www.csj-emballages.com\/pt-pt\/produit\/100-suportes-para-bolos-quadrados-de-cor-anis-fucsia-18-x-18-cm\/#primaryimage\"},\"image\":{\"@id\":\"https:\/\/www.csj-emballages.com\/pt-pt\/produit\/100-suportes-para-bolos-quadrados-de-cor-anis-fucsia-18-x-18-cm\/#primaryimage\"},\"thumbnailUrl\":\"https:\/\/www.csj-emballages.com\/wp-content\/uploads\/2024\/03\/Supports-carres-colores.webp\",\"datePublished\":\"2025-09-26T14:18:20+00:00\",\"dateModified\":\"2026-04-16T00:12:00+00:00\",\"description\":\"D\u00ea um toque colorido \u00e0s suas sobremesas com o suporte para bolos Anise \/ Fuchsia 18 x 18 cm. Robusto, pr\u00e1tico e perfeito para pasteleiros profissionais.\",\"breadcrumb\":{\"@id\":\"https:\/\/www.csj-emballages.com\/pt-pt\/produit\/100-suportes-para-bolos-quadrados-de-cor-anis-fucsia-18-x-18-cm\/#breadcrumb\"},\"inLanguage\":\"pt-PT\",\"potentialAction\":[{\"@type\":\"ReadAction\",\"target\":[\"https:\/\/www.csj-emballages.com\/pt-pt\/produit\/100-suportes-para-bolos-quadrados-de-cor-anis-fucsia-18-x-18-cm\/\"]}]},{\"@type\":\"ImageObject\",\"inLanguage\":\"pt-PT\",\"@id\":\"https:\/\/www.csj-emballages.com\/pt-pt\/produit\/100-suportes-para-bolos-quadrados-de-cor-anis-fucsia-18-x-18-cm\/#primaryimage\",\"url\":\"https:\/\/www.csj-emballages.com\/wp-content\/uploads\/2024\/03\/Supports-carres-colores.webp\",\"contentUrl\":\"https:\/\/www.csj-emballages.com\/wp-content\/uploads\/2024\/03\/Supports-carres-colores.webp\",\"width\":800,\"height\":800,\"caption\":\"Support \u00e0 g\u00e2teau\"},{\"@type\":\"BreadcrumbList\",\"@id\":\"https:\/\/www.csj-emballages.com\/pt-pt\/produit\/100-suportes-para-bolos-quadrados-de-cor-anis-fucsia-18-x-18-cm\/#breadcrumb\",\"itemListElement\":[{\"@type\":\"ListItem\",\"position\":1,\"name\":\"Acolhimento\",\"item\":\"https:\/\/www.csj-emballages.com\/pt-pt\/universo-das-embalagens-alimentares\/\"},{\"@type\":\"ListItem\",\"position\":2,\"name\":\"Shop\",\"item\":\"https:\/\/www.csj-emballages.com\/shop\/\"},{\"@type\":\"ListItem\",\"position\":3,\"name\":\"Suporte para bolos quadrado anis \/ f\u00facsia 18 x 18 cm por 100\"}]},{\"@type\":\"WebSite\",\"@id\":\"https:\/\/www.csj-emballages.com\/pt-pt\/#website\",\"url\":\"https:\/\/www.csj-emballages.com\/pt-pt\/\",\"name\":\"CSJ Emballages\",\"description\":\"\",\"publisher\":{\"@id\":\"https:\/\/www.csj-emballages.com\/pt-pt\/#organization\"},\"potentialAction\":[{\"@type\":\"SearchAction\",\"target\":{\"@type\":\"EntryPoint\",\"urlTemplate\":\"https:\/\/www.csj-emballages.com\/pt-pt\/?s={search_term_string}\"},\"query-input\":{\"@type\":\"PropertyValueSpecification\",\"valueRequired\":true,\"valueName\":\"search_term_string\"}}],\"inLanguage\":\"pt-PT\"},{\"@type\":\"Organization\",\"@id\":\"https:\/\/www.csj-emballages.com\/pt-pt\/#Organization\/\",\"name\":\"CSJ Emballages\",\"url\":\"https:\/\/www.csj-emballages.com\/pt-pt\/\",\"logo\":{\"@type\":\"ImageObject\",\"inLanguage\":\"pt-PT\",\"@id\":\"https:\/\/www.csj-emballages.com\/pt-pt\/#\/schema\/logo\/image\/\",\"url\":\"https:\/\/www.csj-emballages.com\/wp-content\/uploads\/2023\/10\/logo_csj.webp\",\"contentUrl\":\"https:\/\/www.csj-emballages.com\/wp-content\/uploads\/2023\/10\/logo_csj.webp\",\"width\":250,\"height\":95,\"caption\":\"CSJ Emballages\"},\"image\":{\"@id\":\"https:\/\/www.csj-emballages.com\/pt-pt\/#\/schema\/logo\/image\/\"},\"sameAs\":[\"https:\/\/www.facebook.com\/csjemballages\"],\"address\":{\"@type\":\"PostalAddress\",\"streetAddress\":\"ZI La Lechere\",\"addressLocality\":\"Patornay\",\"postalCode\":\"39130\",\"addressCountry\":\"FR\"},\"contactPoint\":[{\"@type\":\"ContactPoint\",\"contactType\":\"Service client\",\"telephone\":\"0384254272\",\"email\":\"contact@csj-emballages.com\"}]}]}<\/script>\n<!-- \/ Yoast SEO Premium plugin. -->","yoast_head_json":{"title":"Suporte para bolos quadrado Anis \/ F\u00facsia 18 x 18 cm x 100","description":"D\u00ea um toque colorido \u00e0s suas sobremesas com o suporte para bolos Anise \/ Fuchsia 18 x 18 cm. Robusto, pr\u00e1tico e perfeito para pasteleiros profissionais.","robots":{"index":"index","follow":"follow","max-snippet":"max-snippet:-1","max-image-preview":"max-image-preview:large","max-video-preview":"max-video-preview:-1"},"canonical":"https:\/\/www.csj-emballages.com\/pt-pt\/produit\/100-suportes-para-bolos-quadrados-de-cor-anis-fucsia-18-x-18-cm\/","og_locale":"pt_PT","og_type":"article","og_title":"Suporte para bolos quadrado anis \/ f\u00facsia 18 x 18 cm por 100","og_description":"D\u00ea um toque colorido \u00e0s suas sobremesas com o suporte para bolos Anise \/ Fuchsia 18 x 18 cm. Robusto, pr\u00e1tico e perfeito para pasteleiros profissionais.","og_url":"https:\/\/www.csj-emballages.com\/pt-pt\/produit\/100-suportes-para-bolos-quadrados-de-cor-anis-fucsia-18-x-18-cm\/","og_site_name":"CSJ Emballages","article_publisher":"https:\/\/www.facebook.com\/csjemballages","article_modified_time":"2026-04-16T00:12:00+00:00","og_image":[{"width":800,"height":800,"url":"https:\/\/www.csj-emballages.com\/wp-content\/uploads\/2024\/03\/Supports-carres-colores.webp","type":"image\/webp"}],"twitter_card":"summary_large_image","twitter_misc":{"Tempo estimado de leitura":"2 minutos"},"schema":{"@context":"https:\/\/schema.org","@graph":[{"@type":"WebPage","@id":"https:\/\/www.csj-emballages.com\/pt-pt\/produit\/100-suportes-para-bolos-quadrados-de-cor-anis-fucsia-18-x-18-cm\/","url":"https:\/\/www.csj-emballages.com\/pt-pt\/produit\/100-suportes-para-bolos-quadrados-de-cor-anis-fucsia-18-x-18-cm\/","name":"Suporte para bolos quadrado Anis \/ F\u00facsia 18 x 18 cm x 100","isPartOf":{"@id":"https:\/\/www.csj-emballages.com\/pt-pt\/#website"},"primaryImageOfPage":{"@id":"https:\/\/www.csj-emballages.com\/pt-pt\/produit\/100-suportes-para-bolos-quadrados-de-cor-anis-fucsia-18-x-18-cm\/#primaryimage"},"image":{"@id":"https:\/\/www.csj-emballages.com\/pt-pt\/produit\/100-suportes-para-bolos-quadrados-de-cor-anis-fucsia-18-x-18-cm\/#primaryimage"},"thumbnailUrl":"https:\/\/www.csj-emballages.com\/wp-content\/uploads\/2024\/03\/Supports-carres-colores.webp","datePublished":"2025-09-26T14:18:20+00:00","dateModified":"2026-04-16T00:12:00+00:00","description":"D\u00ea um toque colorido \u00e0s suas sobremesas com o suporte para bolos Anise \/ Fuchsia 18 x 18 cm. Robusto, pr\u00e1tico e perfeito para pasteleiros profissionais.","breadcrumb":{"@id":"https:\/\/www.csj-emballages.com\/pt-pt\/produit\/100-suportes-para-bolos-quadrados-de-cor-anis-fucsia-18-x-18-cm\/#breadcrumb"},"inLanguage":"pt-PT","potentialAction":[{"@type":"ReadAction","target":["https:\/\/www.csj-emballages.com\/pt-pt\/produit\/100-suportes-para-bolos-quadrados-de-cor-anis-fucsia-18-x-18-cm\/"]}]},{"@type":"ImageObject","inLanguage":"pt-PT","@id":"https:\/\/www.csj-emballages.com\/pt-pt\/produit\/100-suportes-para-bolos-quadrados-de-cor-anis-fucsia-18-x-18-cm\/#primaryimage","url":"https:\/\/www.csj-emballages.com\/wp-content\/uploads\/2024\/03\/Supports-carres-colores.webp","contentUrl":"https:\/\/www.csj-emballages.com\/wp-content\/uploads\/2024\/03\/Supports-carres-colores.webp","width":800,"height":800,"caption":"Support \u00e0 g\u00e2teau"},{"@type":"BreadcrumbList","@id":"https:\/\/www.csj-emballages.com\/pt-pt\/produit\/100-suportes-para-bolos-quadrados-de-cor-anis-fucsia-18-x-18-cm\/#breadcrumb","itemListElement":[{"@type":"ListItem","position":1,"name":"Acolhimento","item":"https:\/\/www.csj-emballages.com\/pt-pt\/universo-das-embalagens-alimentares\/"},{"@type":"ListItem","position":2,"name":"Shop","item":"https:\/\/www.csj-emballages.com\/shop\/"},{"@type":"ListItem","position":3,"name":"Suporte para bolos quadrado anis \/ f\u00facsia 18 x 18 cm por 100"}]},{"@type":"WebSite","@id":"https:\/\/www.csj-emballages.com\/pt-pt\/#website","url":"https:\/\/www.csj-emballages.com\/pt-pt\/","name":"CSJ Emballages","description":"","publisher":{"@id":"https:\/\/www.csj-emballages.com\/pt-pt\/#organization"},"potentialAction":[{"@type":"SearchAction","target":{"@type":"EntryPoint","urlTemplate":"https:\/\/www.csj-emballages.com\/pt-pt\/?s={search_term_string}"},"query-input":{"@type":"PropertyValueSpecification","valueRequired":true,"valueName":"search_term_string"}}],"inLanguage":"pt-PT"},{"@type":"Organization","@id":"https:\/\/www.csj-emballages.com\/pt-pt\/#Organization\/","name":"CSJ Emballages","url":"https:\/\/www.csj-emballages.com\/pt-pt\/","logo":{"@type":"ImageObject","inLanguage":"pt-PT","@id":"https:\/\/www.csj-emballages.com\/pt-pt\/#\/schema\/logo\/image\/","url":"https:\/\/www.csj-emballages.com\/wp-content\/uploads\/2023\/10\/logo_csj.webp","contentUrl":"https:\/\/www.csj-emballages.com\/wp-content\/uploads\/2023\/10\/logo_csj.webp","width":250,"height":95,"caption":"CSJ Emballages"},"image":{"@id":"https:\/\/www.csj-emballages.com\/pt-pt\/#\/schema\/logo\/image\/"},"sameAs":["https:\/\/www.facebook.com\/csjemballages"],"address":{"@type":"PostalAddress","streetAddress":"ZI La Lechere","addressLocality":"Patornay","postalCode":"39130","addressCountry":"FR"},"contactPoint":[{"@type":"ContactPoint","contactType":"Service client","telephone":"0384254272","email":"contact@csj-emballages.com"}]}]}},"df_price":7.31,"df_sale_price":7.31,"df_regular_price":18.28,"df_image_link":"https:\/\/www.csj-emballages.com\/wp-content\/uploads\/2024\/03\/Supports-carres-colores-300x300.webp","tiered_pricing_type":"fixed","tiered_pricing_fixed_rules":[],"tiered_pricing_percentage_rules":[],"tiered_pricing_minimum":1,"tiered_pricing_roles_data":[],"_links":{"self":[{"href":"https:\/\/www.csj-emballages.com\/pt-pt\/wp-json\/wp\/v2\/product\/245132","targetHints":{"allow":["GET"]}}],"collection":[{"href":"https:\/\/www.csj-emballages.com\/pt-pt\/wp-json\/wp\/v2\/product"}],"about":[{"href":"https:\/\/www.csj-emballages.com\/pt-pt\/wp-json\/wp\/v2\/types\/product"}],"wp:featuredmedia":[{"embeddable":true,"href":"https:\/\/www.csj-emballages.com\/pt-pt\/wp-json\/wp\/v2\/media\/253290"}],"wp:attachment":[{"href":"https:\/\/www.csj-emballages.com\/pt-pt\/wp-json\/wp\/v2\/media?parent=245132"}],"wp:term":[{"taxonomy":"product_brand","embeddable":true,"href":"https:\/\/www.csj-emballages.com\/pt-pt\/wp-json\/wp\/v2\/product_brand?post=245132"},{"taxonomy":"product_cat","embeddable":true,"href":"https:\/\/www.csj-emballages.com\/pt-pt\/wp-json\/wp\/v2\/product_cat?post=245132"},{"taxonomy":"product_tag","embeddable":true,"href":"https:\/\/www.csj-emballages.com\/pt-pt\/wp-json\/wp\/v2\/product_tag?post=245132"}],"curies":[{"name":"wp","href":"https:\/\/api.w.org\/{rel}","templated":true}]}}