{"id":245107,"date":"2025-09-18T14:18:35","date_gmt":"2025-09-18T12:18:35","guid":{"rendered":"https:\/\/www.csj-emballages.com\/produit\/ambientador-auney-com-aroma-a-baunilha-250ml\/"},"modified":"2026-04-03T02:11:35","modified_gmt":"2026-04-03T00:11:35","slug":"ambientador-auney-com-aroma-a-baunilha-250ml","status":"publish","type":"product","link":"https:\/\/www.csj-emballages.com\/pt-pt\/produit\/ambientador-auney-com-aroma-a-baunilha-250ml\/","title":{"rendered":"Ambientador Auney com aroma a baunilha 250ml"},"content":{"rendered":"<h2>Ambientador com aroma a baunilha<\/h2>\n<hr>\n<h3>Descri\u00e7\u00e3o do nosso ambientador de baunilha auney 250ml<\/h3>\n<p><!--more--><\/p>\n<p data-start=\"0\" data-end=\"464\">D\u00ea um toque de <strong data-start=\"53\" data-end=\"66\">frescura<\/strong> e de <strong data-start=\"73\" data-end=\"84\">suavidade<\/strong> \u00e0 sua casa com o <strong data-start=\"107\" data-end=\"151\">ambientador Auney Vanilla 250 ml<\/strong>. Gra\u00e7as \u00e0 sua f\u00f3rmula especialmente concebida para uma difus\u00e3o prolongada, envolve todas as divis\u00f5es com uma <strong data-start=\"253\" data-end=\"288\">fragr\u00e2ncia deliciosa e reconfortante<\/strong>. Este <strong>ambientador de baunilha<\/strong> distingue-se pela sua efic\u00e1cia e facilidade de utiliza\u00e7\u00e3o.  <\/p>\n<p data-start=\"466\" data-end=\"843\">Estas <strong data-start=\"480\" data-end=\"505\">recargas, compat\u00edveis com o<\/strong> seu difusor, s\u00e3o perfeitas para perfumar continuamente uma divis\u00e3o. Neutralizam os odores desagrad\u00e1veis e libertam um aroma <strong data-start=\"666\" data-end=\"676\">subtil<\/strong> e <strong data-start=\"680\" data-end=\"692\">duradouro<\/strong> <strong data-start=\"644\" data-end=\"655\">de baunilha<\/strong>. Cada pulveriza\u00e7\u00e3o deixa um ambiente quente que atrai imediatamente os seus clientes, funcion\u00e1rios ou convidados.  <\/p>\n<p data-start=\"845\" data-end=\"1272\">Al\u00e9m disso, uma \u00fanica recarga permite-lhe fazer at\u00e9 <strong data-start=\"892\" data-end=\"915\">3.000 pulveriza\u00e7\u00f5es<\/strong>, garantindo uma utiliza\u00e7\u00e3o duradoura e econ\u00f3mica. Este formato de <strong>250 ml<\/strong> \u00e9 ideal para uma utiliza\u00e7\u00e3o regular em restaurantes, lojas e mesmo em casa. Com este <strong>ambientador de baunilha<\/strong>, j\u00e1 n\u00e3o precisa de se preocupar com odores persistentes: a sua a\u00e7\u00e3o <strong>desodorizante<\/strong> actua rapidamente para garantir um ambiente agrad\u00e1vel durante todo o dia.  <\/p>\n<p data-start=\"1274\" data-end=\"1560\">Quando escolhe o <strong>ambientador Auney com aroma a baunilha<\/strong>, est\u00e1 a escolher um produto <strong data-start=\"1363\" data-end=\"1375\">pr\u00e1tico<\/strong>, <strong data-start=\"1377\" data-end=\"1389\">eficaz<\/strong> e suave para o seu olfato. A sua fragr\u00e2ncia suave e envolvente de baunilha cria uma atmosfera calmante que promove o relaxamento e o bem-estar. <\/p>\n<p data-start=\"1562\" data-end=\"1814\">Em suma, quer pretenda <strong data-start=\"1590\" data-end=\"1605\">desodorizar<\/strong>, <strong data-start=\"1607\" data-end=\"1619\">perfumar<\/strong> ou simplesmente melhorar o ar da sua casa, este <strong>ambientador<\/strong> \u00e9 o aliado perfeito. Combina desempenho, durabilidade e uma fragr\u00e2ncia irresist\u00edvel para transformar os seus espa\u00e7os num casulo perfumado. <\/p>\n<p data-start=\"1562\" data-end=\"1814\"><!--more--><\/p>\n<h4 data-start=\"1562\" data-end=\"1814\">Vantagens :<\/h4>\n<ul>\n<li>At\u00e9 <strong data-start=\"2048\" data-end=\"2071\">3.000 pulveriza\u00e7\u00f5es<\/strong> por recarga para uma longa dura\u00e7\u00e3o.<\/li>\n<li><strong data-start=\"2112\" data-end=\"2130\">Fragr\u00e2ncia de baunilha<\/strong> doce, quente e duradoura.<\/li>\n<li>Neutraliza eficazmente os odores desagrad\u00e1veis.<\/li>\n<li>Formato <strong data-start=\"2222\" data-end=\"2241\">pr\u00e1tico de 250 ml<\/strong>, ideal para profissionais e consumidores.<\/li>\n<li>Liberta\u00e7\u00e3o cont\u00ednua gra\u00e7as \u00e0s <strong data-start=\"2325\" data-end=\"2350\">recargas compat\u00edveis.<\/strong><\/li>\n<\/ul>\n<p>&nbsp;<\/p>\n<p><!--more--><\/p>\n<h4>Outras informa\u00e7\u00f5es :<\/h4>\n<ul>\n<li><strong>Embalagem<\/strong>: Por unidade<\/li>\n<li><strong>Volume<\/strong>: 250 ml<\/li>\n<li><strong>Fragr\u00e2ncia<\/strong>: Auney Vanille<\/li>\n<\/ul>\n<p>&nbsp;<\/p>\n<p><!--more--><\/p>\n<p>Descubra aqui o nosso ambientador de 750 ml com aroma a lim\u00e3o: <span style=\"color: #d12727;\"><a style=\"color: #d12727;\" href=\"https:\/\/www.csj-emballages.com\/es\/produit\/ambientador-fragancia-limon-aerosol-750-ml\/\">2249750<\/a><\/span><\/p>\n<p>&nbsp;<\/p>\n<p><!--more--><\/p>\n<p><a href=\"https:\/\/www.csj-emballages.com\/pt-pt\/categorie-produit\/ambientadores-perfumes-pt-pt\/\">Ver o resto da nossa gama de ambientadores \/ fragr\u00e2ncias<\/a><\/p>\n","protected":false},"excerpt":{"rendered":"<p>Ambientador com aroma a baunilha Descri\u00e7\u00e3o do nosso ambientador de baunilha auney 250ml<\/p>\n","protected":false},"featured_media":245100,"template":"","meta":{"_acf_changed":false},"product_brand":[],"product_cat":[1222,1223,9726],"product_tag":[],"class_list":{"0":"post-245107","1":"product","2":"type-product","3":"status-publish","4":"has-post-thumbnail","6":"product_cat-higiene-e-manutencao","7":"product_cat-produtos-de-limpeza","8":"product_cat-ambientadores-perfumes-pt-pt-3","10":"first","11":"instock","12":"taxable","13":"shipping-taxable","14":"purchasable","15":"product-type-simple"},"acf":[],"yoast_head":"<!-- This site is optimized with the Yoast SEO Premium plugin v26.6 (Yoast SEO v26.6) - https:\/\/yoast.com\/wordpress\/plugins\/seo\/ -->\n<title>Ambientador Auney Vanilla 250ml<\/title>\n<meta name=\"description\" content=\"Ambientador Auney com aroma a baunilha 250 ml: at\u00e9 3.000 pulveriza\u00e7\u00f5es para uma fragr\u00e2ncia deliciosa e duradoura. Ideal para neutralizar os odores desagrad\u00e1veis.\" \/>\n<meta name=\"robots\" content=\"index, follow, max-snippet:-1, max-image-preview:large, max-video-preview:-1\" \/>\n<link rel=\"canonical\" href=\"https:\/\/www.csj-emballages.com\/pt-pt\/produit\/ambientador-auney-com-aroma-a-baunilha-250ml\/\" \/>\n<meta property=\"og:locale\" content=\"pt_PT\" \/>\n<meta property=\"og:type\" content=\"article\" \/>\n<meta property=\"og:title\" content=\"Ambientador Auney com aroma a baunilha 250ml\" \/>\n<meta property=\"og:description\" content=\"Ambientador Auney com aroma a baunilha 250 ml: at\u00e9 3.000 pulveriza\u00e7\u00f5es para uma fragr\u00e2ncia deliciosa e duradoura. Ideal para neutralizar os odores desagrad\u00e1veis.\" \/>\n<meta property=\"og:url\" content=\"https:\/\/www.csj-emballages.com\/pt-pt\/produit\/ambientador-auney-com-aroma-a-baunilha-250ml\/\" \/>\n<meta property=\"og:site_name\" content=\"CSJ Emballages\" \/>\n<meta property=\"article:publisher\" content=\"https:\/\/www.facebook.com\/csjemballages\" \/>\n<meta property=\"article:modified_time\" content=\"2026-04-03T00:11:35+00:00\" \/>\n<meta property=\"og:image\" content=\"https:\/\/www.csj-emballages.com\/wp-content\/uploads\/2025\/09\/135277.webp\" \/>\n\t<meta property=\"og:image:width\" content=\"800\" \/>\n\t<meta property=\"og:image:height\" content=\"800\" \/>\n\t<meta property=\"og:image:type\" content=\"image\/webp\" \/>\n<meta name=\"twitter:card\" content=\"summary_large_image\" \/>\n<meta name=\"twitter:label1\" content=\"Tempo estimado de leitura\" \/>\n\t<meta name=\"twitter:data1\" content=\"2 minutos\" \/>\n<script type=\"application\/ld+json\" class=\"yoast-schema-graph\">{\"@context\":\"https:\/\/schema.org\",\"@graph\":[{\"@type\":\"WebPage\",\"@id\":\"https:\/\/www.csj-emballages.com\/pt-pt\/produit\/ambientador-auney-com-aroma-a-baunilha-250ml\/\",\"url\":\"https:\/\/www.csj-emballages.com\/pt-pt\/produit\/ambientador-auney-com-aroma-a-baunilha-250ml\/\",\"name\":\"Ambientador Auney Vanilla 250ml\",\"isPartOf\":{\"@id\":\"https:\/\/www.csj-emballages.com\/pt-pt\/#website\"},\"primaryImageOfPage\":{\"@id\":\"https:\/\/www.csj-emballages.com\/pt-pt\/produit\/ambientador-auney-com-aroma-a-baunilha-250ml\/#primaryimage\"},\"image\":{\"@id\":\"https:\/\/www.csj-emballages.com\/pt-pt\/produit\/ambientador-auney-com-aroma-a-baunilha-250ml\/#primaryimage\"},\"thumbnailUrl\":\"https:\/\/www.csj-emballages.com\/wp-content\/uploads\/2025\/09\/135277.webp\",\"datePublished\":\"2025-09-18T12:18:35+00:00\",\"dateModified\":\"2026-04-03T00:11:35+00:00\",\"description\":\"Ambientador Auney com aroma a baunilha 250 ml: at\u00e9 3.000 pulveriza\u00e7\u00f5es para uma fragr\u00e2ncia deliciosa e duradoura. Ideal para neutralizar os odores desagrad\u00e1veis.\",\"breadcrumb\":{\"@id\":\"https:\/\/www.csj-emballages.com\/pt-pt\/produit\/ambientador-auney-com-aroma-a-baunilha-250ml\/#breadcrumb\"},\"inLanguage\":\"pt-PT\",\"potentialAction\":[{\"@type\":\"ReadAction\",\"target\":[\"https:\/\/www.csj-emballages.com\/pt-pt\/produit\/ambientador-auney-com-aroma-a-baunilha-250ml\/\"]}]},{\"@type\":\"ImageObject\",\"inLanguage\":\"pt-PT\",\"@id\":\"https:\/\/www.csj-emballages.com\/pt-pt\/produit\/ambientador-auney-com-aroma-a-baunilha-250ml\/#primaryimage\",\"url\":\"https:\/\/www.csj-emballages.com\/wp-content\/uploads\/2025\/09\/135277.webp\",\"contentUrl\":\"https:\/\/www.csj-emballages.com\/wp-content\/uploads\/2025\/09\/135277.webp\",\"width\":800,\"height\":800,\"caption\":\"D\u00e9sodorisant parfum vanille\"},{\"@type\":\"BreadcrumbList\",\"@id\":\"https:\/\/www.csj-emballages.com\/pt-pt\/produit\/ambientador-auney-com-aroma-a-baunilha-250ml\/#breadcrumb\",\"itemListElement\":[{\"@type\":\"ListItem\",\"position\":1,\"name\":\"Acolhimento\",\"item\":\"https:\/\/www.csj-emballages.com\/pt-pt\/universo-das-embalagens-alimentares\/\"},{\"@type\":\"ListItem\",\"position\":2,\"name\":\"Shop\",\"item\":\"https:\/\/www.csj-emballages.com\/shop\/\"},{\"@type\":\"ListItem\",\"position\":3,\"name\":\"Ambientador Auney com aroma a baunilha 250ml\"}]},{\"@type\":\"WebSite\",\"@id\":\"https:\/\/www.csj-emballages.com\/pt-pt\/#website\",\"url\":\"https:\/\/www.csj-emballages.com\/pt-pt\/\",\"name\":\"CSJ Emballages\",\"description\":\"\",\"publisher\":{\"@id\":\"https:\/\/www.csj-emballages.com\/pt-pt\/#organization\"},\"potentialAction\":[{\"@type\":\"SearchAction\",\"target\":{\"@type\":\"EntryPoint\",\"urlTemplate\":\"https:\/\/www.csj-emballages.com\/pt-pt\/?s={search_term_string}\"},\"query-input\":{\"@type\":\"PropertyValueSpecification\",\"valueRequired\":true,\"valueName\":\"search_term_string\"}}],\"inLanguage\":\"pt-PT\"},{\"@type\":\"Organization\",\"@id\":\"https:\/\/www.csj-emballages.com\/pt-pt\/#Organization\/\",\"name\":\"CSJ Emballages\",\"url\":\"https:\/\/www.csj-emballages.com\/pt-pt\/\",\"logo\":{\"@type\":\"ImageObject\",\"inLanguage\":\"pt-PT\",\"@id\":\"https:\/\/www.csj-emballages.com\/pt-pt\/#\/schema\/logo\/image\/\",\"url\":\"https:\/\/www.csj-emballages.com\/wp-content\/uploads\/2023\/10\/logo_csj.webp\",\"contentUrl\":\"https:\/\/www.csj-emballages.com\/wp-content\/uploads\/2023\/10\/logo_csj.webp\",\"width\":250,\"height\":95,\"caption\":\"CSJ Emballages\"},\"image\":{\"@id\":\"https:\/\/www.csj-emballages.com\/pt-pt\/#\/schema\/logo\/image\/\"},\"sameAs\":[\"https:\/\/www.facebook.com\/csjemballages\"],\"address\":{\"@type\":\"PostalAddress\",\"streetAddress\":\"ZI La Lechere\",\"addressLocality\":\"Patornay\",\"postalCode\":\"39130\",\"addressCountry\":\"FR\"},\"contactPoint\":[{\"@type\":\"ContactPoint\",\"contactType\":\"Service client\",\"telephone\":\"0384254272\",\"email\":\"contact@csj-emballages.com\"}]}]}<\/script>\n<!-- \/ Yoast SEO Premium plugin. -->","yoast_head_json":{"title":"Ambientador Auney Vanilla 250ml","description":"Ambientador Auney com aroma a baunilha 250 ml: at\u00e9 3.000 pulveriza\u00e7\u00f5es para uma fragr\u00e2ncia deliciosa e duradoura. Ideal para neutralizar os odores desagrad\u00e1veis.","robots":{"index":"index","follow":"follow","max-snippet":"max-snippet:-1","max-image-preview":"max-image-preview:large","max-video-preview":"max-video-preview:-1"},"canonical":"https:\/\/www.csj-emballages.com\/pt-pt\/produit\/ambientador-auney-com-aroma-a-baunilha-250ml\/","og_locale":"pt_PT","og_type":"article","og_title":"Ambientador Auney com aroma a baunilha 250ml","og_description":"Ambientador Auney com aroma a baunilha 250 ml: at\u00e9 3.000 pulveriza\u00e7\u00f5es para uma fragr\u00e2ncia deliciosa e duradoura. Ideal para neutralizar os odores desagrad\u00e1veis.","og_url":"https:\/\/www.csj-emballages.com\/pt-pt\/produit\/ambientador-auney-com-aroma-a-baunilha-250ml\/","og_site_name":"CSJ Emballages","article_publisher":"https:\/\/www.facebook.com\/csjemballages","article_modified_time":"2026-04-03T00:11:35+00:00","og_image":[{"width":800,"height":800,"url":"https:\/\/www.csj-emballages.com\/wp-content\/uploads\/2025\/09\/135277.webp","type":"image\/webp"}],"twitter_card":"summary_large_image","twitter_misc":{"Tempo estimado de leitura":"2 minutos"},"schema":{"@context":"https:\/\/schema.org","@graph":[{"@type":"WebPage","@id":"https:\/\/www.csj-emballages.com\/pt-pt\/produit\/ambientador-auney-com-aroma-a-baunilha-250ml\/","url":"https:\/\/www.csj-emballages.com\/pt-pt\/produit\/ambientador-auney-com-aroma-a-baunilha-250ml\/","name":"Ambientador Auney Vanilla 250ml","isPartOf":{"@id":"https:\/\/www.csj-emballages.com\/pt-pt\/#website"},"primaryImageOfPage":{"@id":"https:\/\/www.csj-emballages.com\/pt-pt\/produit\/ambientador-auney-com-aroma-a-baunilha-250ml\/#primaryimage"},"image":{"@id":"https:\/\/www.csj-emballages.com\/pt-pt\/produit\/ambientador-auney-com-aroma-a-baunilha-250ml\/#primaryimage"},"thumbnailUrl":"https:\/\/www.csj-emballages.com\/wp-content\/uploads\/2025\/09\/135277.webp","datePublished":"2025-09-18T12:18:35+00:00","dateModified":"2026-04-03T00:11:35+00:00","description":"Ambientador Auney com aroma a baunilha 250 ml: at\u00e9 3.000 pulveriza\u00e7\u00f5es para uma fragr\u00e2ncia deliciosa e duradoura. Ideal para neutralizar os odores desagrad\u00e1veis.","breadcrumb":{"@id":"https:\/\/www.csj-emballages.com\/pt-pt\/produit\/ambientador-auney-com-aroma-a-baunilha-250ml\/#breadcrumb"},"inLanguage":"pt-PT","potentialAction":[{"@type":"ReadAction","target":["https:\/\/www.csj-emballages.com\/pt-pt\/produit\/ambientador-auney-com-aroma-a-baunilha-250ml\/"]}]},{"@type":"ImageObject","inLanguage":"pt-PT","@id":"https:\/\/www.csj-emballages.com\/pt-pt\/produit\/ambientador-auney-com-aroma-a-baunilha-250ml\/#primaryimage","url":"https:\/\/www.csj-emballages.com\/wp-content\/uploads\/2025\/09\/135277.webp","contentUrl":"https:\/\/www.csj-emballages.com\/wp-content\/uploads\/2025\/09\/135277.webp","width":800,"height":800,"caption":"D\u00e9sodorisant parfum vanille"},{"@type":"BreadcrumbList","@id":"https:\/\/www.csj-emballages.com\/pt-pt\/produit\/ambientador-auney-com-aroma-a-baunilha-250ml\/#breadcrumb","itemListElement":[{"@type":"ListItem","position":1,"name":"Acolhimento","item":"https:\/\/www.csj-emballages.com\/pt-pt\/universo-das-embalagens-alimentares\/"},{"@type":"ListItem","position":2,"name":"Shop","item":"https:\/\/www.csj-emballages.com\/shop\/"},{"@type":"ListItem","position":3,"name":"Ambientador Auney com aroma a baunilha 250ml"}]},{"@type":"WebSite","@id":"https:\/\/www.csj-emballages.com\/pt-pt\/#website","url":"https:\/\/www.csj-emballages.com\/pt-pt\/","name":"CSJ Emballages","description":"","publisher":{"@id":"https:\/\/www.csj-emballages.com\/pt-pt\/#organization"},"potentialAction":[{"@type":"SearchAction","target":{"@type":"EntryPoint","urlTemplate":"https:\/\/www.csj-emballages.com\/pt-pt\/?s={search_term_string}"},"query-input":{"@type":"PropertyValueSpecification","valueRequired":true,"valueName":"search_term_string"}}],"inLanguage":"pt-PT"},{"@type":"Organization","@id":"https:\/\/www.csj-emballages.com\/pt-pt\/#Organization\/","name":"CSJ Emballages","url":"https:\/\/www.csj-emballages.com\/pt-pt\/","logo":{"@type":"ImageObject","inLanguage":"pt-PT","@id":"https:\/\/www.csj-emballages.com\/pt-pt\/#\/schema\/logo\/image\/","url":"https:\/\/www.csj-emballages.com\/wp-content\/uploads\/2023\/10\/logo_csj.webp","contentUrl":"https:\/\/www.csj-emballages.com\/wp-content\/uploads\/2023\/10\/logo_csj.webp","width":250,"height":95,"caption":"CSJ Emballages"},"image":{"@id":"https:\/\/www.csj-emballages.com\/pt-pt\/#\/schema\/logo\/image\/"},"sameAs":["https:\/\/www.facebook.com\/csjemballages"],"address":{"@type":"PostalAddress","streetAddress":"ZI La Lechere","addressLocality":"Patornay","postalCode":"39130","addressCountry":"FR"},"contactPoint":[{"@type":"ContactPoint","contactType":"Service client","telephone":"0384254272","email":"contact@csj-emballages.com"}]}]}},"df_price":9.18,"df_sale_price":"","df_regular_price":9.18,"df_image_link":"https:\/\/www.csj-emballages.com\/wp-content\/uploads\/2025\/09\/135277-300x300.webp","tiered_pricing_type":"fixed","tiered_pricing_fixed_rules":[],"tiered_pricing_percentage_rules":[],"tiered_pricing_minimum":1,"tiered_pricing_roles_data":[],"_links":{"self":[{"href":"https:\/\/www.csj-emballages.com\/pt-pt\/wp-json\/wp\/v2\/product\/245107","targetHints":{"allow":["GET"]}}],"collection":[{"href":"https:\/\/www.csj-emballages.com\/pt-pt\/wp-json\/wp\/v2\/product"}],"about":[{"href":"https:\/\/www.csj-emballages.com\/pt-pt\/wp-json\/wp\/v2\/types\/product"}],"wp:featuredmedia":[{"embeddable":true,"href":"https:\/\/www.csj-emballages.com\/pt-pt\/wp-json\/wp\/v2\/media\/245100"}],"wp:attachment":[{"href":"https:\/\/www.csj-emballages.com\/pt-pt\/wp-json\/wp\/v2\/media?parent=245107"}],"wp:term":[{"taxonomy":"product_brand","embeddable":true,"href":"https:\/\/www.csj-emballages.com\/pt-pt\/wp-json\/wp\/v2\/product_brand?post=245107"},{"taxonomy":"product_cat","embeddable":true,"href":"https:\/\/www.csj-emballages.com\/pt-pt\/wp-json\/wp\/v2\/product_cat?post=245107"},{"taxonomy":"product_tag","embeddable":true,"href":"https:\/\/www.csj-emballages.com\/pt-pt\/wp-json\/wp\/v2\/product_tag?post=245107"}],"curies":[{"name":"wp","href":"https:\/\/api.w.org\/{rel}","templated":true}]}}