{"id":244298,"date":"2025-09-15T10:18:17","date_gmt":"2025-09-15T08:18:17","guid":{"rendered":"https:\/\/www.csj-emballages.com\/produit\/tabuleiro-de-plastico-selavel-de-1000-ml-100\/"},"modified":"2026-04-18T09:00:20","modified_gmt":"2026-04-18T07:00:20","slug":"tabuleiro-de-plastico-selavel-de-1000-ml-100","status":"publish","type":"product","link":"https:\/\/www.csj-emballages.com\/pt-pt\/produit\/tabuleiro-de-plastico-selavel-de-1000-ml-100\/","title":{"rendered":"Tabuleiro de pl\u00e1stico sel\u00e1vel de 1000 ml, 100"},"content":{"rendered":"<h2>Tabuleiro sel\u00e1vel<\/h2>\n<hr>\n<h3>Descri\u00e7\u00e3o do nosso tabuleiro de pl\u00e1stico sel\u00e1vel de 1000 ml, 100 unidades<\/h3>\n<p><!--more--><\/p>\n<p data-start=\"0\" data-end=\"513\">Descubra o <strong data-start=\"50\" data-end=\"91\">tabuleiro de pl\u00e1stico sel\u00e1vel de 1000 ml<\/strong> concebido para responder \u00e0s necessidades dos profissionais dos sectores da restaura\u00e7\u00e3o, catering e takeaway. Fabricado em <strong data-start=\"219\" data-end=\"241\">polipropileno (PP)<\/strong> de alta qualidade, este <strong data-start=\"260\" data-end=\"289\">tabuleiro termo-sel\u00e1vel<\/strong> garante uma excelente resist\u00eancia \u00e0s varia\u00e7\u00f5es de temperatura, de <strong data-start=\"359\" data-end=\"379\">-20\u00b0C a +120\u00b0C<\/strong>. Isto significa que pode utiliz\u00e1-lo tanto para pratos congelados como quentes, sem se preocupar com deforma\u00e7\u00f5es.<\/p>\n<p data-start=\"515\" data-end=\"897\">Com <strong data-start=\"524\" data-end=\"564\">dimens\u00f5es pr\u00e1ticas de 192 \u00d7 138 mm<\/strong> e <strong data-start=\"571\" data-end=\"591\">uma altura de 62 mm<\/strong>, oferece <strong data-start=\"607\" data-end=\"637\">um volume generoso de 1200 ml<\/strong>, ideal para por\u00e7\u00f5es fartas de refei\u00e7\u00f5es prontas, saladas ou sobremesas. Al\u00e9m disso, a sua conce\u00e7\u00e3o robusta permite-lhe ser <strong data-start=\"751\" data-end=\"774\">hermeticamente fechada<\/strong>, garantindo uma conserva\u00e7\u00e3o \u00f3ptima dos aromas e uma prote\u00e7\u00e3o eficaz contra as fugas, mesmo durante o transporte.<\/p>\n<p data-start=\"899\" data-end=\"1222\">Al\u00e9m disso, o <strong>tabuleiro transparente sel\u00e1vel<\/strong> \u00e9 compat\u00edvel com uma vasta gama de pel\u00edculas e m\u00e1quinas de selagem a quente, facilitando a <strong data-start=\"1009\" data-end=\"1042\">embalagem r\u00e1pida e segura dos<\/strong> seus produtos. Gra\u00e7as \u00e0 sua elegante transpar\u00eancia, os seus clientes podem apreciar a qualidade dos seus pratos \u00e0 primeira vista, refor\u00e7ando a sua imagem profissional.<\/p>\n<p data-start=\"1224\" data-end=\"1604\">Por fim, este <strong>tabuleiro sel\u00e1vel<\/strong> <strong data-start=\"1251\" data-end=\"1264\">pode ser empilhado<\/strong>, poupando espa\u00e7o valioso durante o armazenamento e o transporte. Quer seja propriet\u00e1rio de um restaurante, um fornecedor de refei\u00e7\u00f5es ou um operador de servi\u00e7os de entrega, est\u00e1 perfeitamente adaptado \u00e0s suas necessidades quotidianas. <strong data-start=\"1475\" data-end=\"1509\">Pr\u00e1tico, robusto e higi\u00e9nico<\/strong>, tornar-se-\u00e1 rapidamente indispens\u00e1vel para uma organiza\u00e7\u00e3o eficiente e uma apresenta\u00e7\u00e3o meticulosa.<\/p>\n<p data-start=\"1606\" data-end=\"1814\">Em suma, escolher este <strong data-start=\"1620\" data-end=\"1643\">tabuleiro de<\/strong> <strong>100 selos<\/strong> significa optar por uma solu\u00e7\u00e3o de embalagem fi\u00e1vel e econ\u00f3mica que responde \u00e0s necessidades dos profissionais que procuram <strong data-start=\"1784\" data-end=\"1795\">qualidade<\/strong> e <strong data-start=\"1799\" data-end=\"1813\">efic\u00e1cia<\/strong>.<\/p>\n<p data-start=\"1558\" data-end=\"1905\"><!--more--><\/p>\n<h4 data-start=\"1558\" data-end=\"1905\">Vantagens :<\/h4>\n<ul>\n<li data-start=\"1558\" data-end=\"1905\"><strong data-start=\"2120\" data-end=\"2131\">Resiste a<\/strong> temperaturas de -20\u00b0C a +120\u00b0C: congela\u00e7\u00e3o e reaquecimento sem riscos.<\/li>\n<li data-start=\"1558\" data-end=\"1905\"><strong data-start=\"2198\" data-end=\"2222\">Hermeticamente fechado<\/strong> para um transporte seguro e higi\u00e9nico.<\/li>\n<li data-start=\"1558\" data-end=\"1905\"><strong data-start=\"2264\" data-end=\"2287\">O design transparente<\/strong> melhora todas as prepara\u00e7\u00f5es.<\/li>\n<li data-start=\"1558\" data-end=\"1905\"><strong data-start=\"2330\" data-end=\"2355\">Grande volume de 1.000 ml<\/strong>, ideal para por\u00e7\u00f5es generosas.<\/li>\n<li data-start=\"1558\" data-end=\"1905\"><strong data-start=\"2393\" data-end=\"2418\">Embalagem econ\u00f3mica de 100 unidades<\/strong>, ideal para profissionais.<\/li>\n<\/ul>\n<p>&nbsp;<\/p>\n<p><!--more--><\/p>\n<h4>Outras informa\u00e7\u00f5es :<\/h4>\n<ul>\n<li><strong>Embalagem<\/strong>: Pacote de 100<\/li>\n<li><strong>Dimens\u00f5es<\/strong>: 192 \u00d7 138 x 62 (C x L x A em mm)<\/li>\n<li><strong>Volume<\/strong>: 1000 ml<\/li>\n<li><strong>Cor<\/strong>: Transparente<\/li>\n<li><strong>Material<\/strong>: PP (polipropileno)<\/li>\n<li><strong>Temperatura de funcionamento<\/strong>: -20 \u00b0C \/ +120 \u00b0C<\/li>\n<\/ul>\n<p>&nbsp;<\/p>\n<p><!--more--><\/p>\n<p>Este tabuleiro sel\u00e1vel est\u00e1 dispon\u00edvel em diferentes volumes: <span style=\"color: #d12727;\"><a style=\"color: #d12727;\" href=\"https:\/\/www.csj-emballages.com\/pt-pt\/produit\/100-tabuleiros-descartaveis-de-plastico-selados-de-250-ml\/\">250 ml<\/a><\/span> \/ <span style=\"color: #d12727;\"><a style=\"color: #d12727;\" href=\"https:\/\/www.csj-emballages.com\/pt-pt\/produit\/120-tabuleiros-de-plastico-descartaveis-selados-375-ml\/\">375 ml<\/a><\/span> \/ <span style=\"color: #d12727;\"><a style=\"color: #d12727;\" href=\"https:\/\/www.csj-emballages.com\/pt-pt\/produit\/100-tabuleiros-descartaveis-de-plastico-selados-de-500-ml\/\">500 ml<\/a><\/span> \/ <span style=\"color: #d12727;\"><a style=\"color: #d12727;\" href=\"https:\/\/www.csj-emballages.com\/pt-pt\/produit\/140-tabuleiros-de-plastico-descartaveis-selados-de-750-ml\/\">750 ml<\/a><\/span> \/ <span style=\"color: #d12727;\"><a style=\"color: #d12727;\" href=\"https:\/\/www.csj-emballages.com\/pt-pt\/produit\/tabuleiro-de-plastico-selavel-1500-ml-por-100\/\">1500 ml<\/a> <\/span> <\/p>\n<p>&nbsp;<\/p>\n<p><!--more--><\/p>\n<p><a href=\"https:\/\/www.csj-emballages.com\/pt-pt\/categorie-produit\/embalagem-de-alimentos\/talho-e-charcutaria\/tabuleiros-latas-e-frascos\/tabuleiros-latas-frascos-para-alimentos\/tabuleiros-selaveis-alphacel\/tabuleiros-translucidos-selaveis\/\">V\u00ea o resto da nossa gama de tabuleiros sel\u00e1veis<\/a><\/p>\n","protected":false},"excerpt":{"rendered":"<p>Tabuleiro sel\u00e1vel Descri\u00e7\u00e3o do nosso tabuleiro de pl\u00e1stico sel\u00e1vel de 1000 ml, 100 unidades<\/p>\n","protected":false},"featured_media":244304,"template":"","meta":{"_acf_changed":false},"product_brand":[],"product_cat":[1141,1176,2289,1525,2243,3616],"product_tag":[],"class_list":{"0":"post-244298","1":"product","2":"type-product","3":"status-publish","4":"has-post-thumbnail","6":"product_cat-embalagem-de-alimentos","7":"product_cat-talho-e-charcutaria","8":"product_cat-tabuleiros-latas-e-frascos","9":"product_cat-tabuleiros-latas-frascos-para-alimentos","10":"product_cat-tabuleiros-selaveis-alphacel","11":"product_cat-tabuleiros-translucidos-selaveis","13":"first","14":"instock","15":"taxable","16":"shipping-taxable","17":"purchasable","18":"product-type-simple"},"acf":[],"yoast_head":"<!-- This site is optimized with the Yoast SEO Premium plugin v26.6 (Yoast SEO v26.6) - https:\/\/yoast.com\/wordpress\/plugins\/seo\/ -->\n<title>Tabuleiro de pl\u00e1stico sel\u00e1vel 1000 ml por 100<\/title>\n<meta name=\"description\" content=\"Tabuleiro de pl\u00e1stico sel\u00e1vel de 1000 ml, -20\u00b0C a +120\u00b0C, ideal para pratos quentes\/frios. Hermeticamente fechado, embalagem de 100.\" \/>\n<meta name=\"robots\" content=\"index, follow, max-snippet:-1, max-image-preview:large, max-video-preview:-1\" \/>\n<link rel=\"canonical\" href=\"https:\/\/www.csj-emballages.com\/pt-pt\/produit\/tabuleiro-de-plastico-selavel-de-1000-ml-100\/\" \/>\n<meta property=\"og:locale\" content=\"pt_PT\" \/>\n<meta property=\"og:type\" content=\"article\" \/>\n<meta property=\"og:title\" content=\"Tabuleiro de pl\u00e1stico sel\u00e1vel de 1000 ml, 100\" \/>\n<meta property=\"og:description\" content=\"Tabuleiro de pl\u00e1stico sel\u00e1vel de 1000 ml, -20\u00b0C a +120\u00b0C, ideal para pratos quentes\/frios. Hermeticamente fechado, embalagem de 100.\" \/>\n<meta property=\"og:url\" content=\"https:\/\/www.csj-emballages.com\/pt-pt\/produit\/tabuleiro-de-plastico-selavel-de-1000-ml-100\/\" \/>\n<meta property=\"og:site_name\" content=\"CSJ Emballages\" \/>\n<meta property=\"article:publisher\" content=\"https:\/\/www.facebook.com\/csjemballages\" \/>\n<meta property=\"article:modified_time\" content=\"2026-04-18T07:00:20+00:00\" \/>\n<meta property=\"og:image\" content=\"https:\/\/www.csj-emballages.com\/wp-content\/uploads\/2025\/09\/TS1000AL-1.webp\" \/>\n\t<meta property=\"og:image:width\" content=\"800\" \/>\n\t<meta property=\"og:image:height\" content=\"800\" \/>\n\t<meta property=\"og:image:type\" content=\"image\/webp\" \/>\n<meta name=\"twitter:card\" content=\"summary_large_image\" \/>\n<meta name=\"twitter:label1\" content=\"Tempo estimado de leitura\" \/>\n\t<meta name=\"twitter:data1\" content=\"2 minutos\" \/>\n<script type=\"application\/ld+json\" class=\"yoast-schema-graph\">{\"@context\":\"https:\/\/schema.org\",\"@graph\":[{\"@type\":\"WebPage\",\"@id\":\"https:\/\/www.csj-emballages.com\/pt-pt\/produit\/tabuleiro-de-plastico-selavel-de-1000-ml-100\/\",\"url\":\"https:\/\/www.csj-emballages.com\/pt-pt\/produit\/tabuleiro-de-plastico-selavel-de-1000-ml-100\/\",\"name\":\"Tabuleiro de pl\u00e1stico sel\u00e1vel 1000 ml por 100\",\"isPartOf\":{\"@id\":\"https:\/\/www.csj-emballages.com\/pt-pt\/#website\"},\"primaryImageOfPage\":{\"@id\":\"https:\/\/www.csj-emballages.com\/pt-pt\/produit\/tabuleiro-de-plastico-selavel-de-1000-ml-100\/#primaryimage\"},\"image\":{\"@id\":\"https:\/\/www.csj-emballages.com\/pt-pt\/produit\/tabuleiro-de-plastico-selavel-de-1000-ml-100\/#primaryimage\"},\"thumbnailUrl\":\"https:\/\/www.csj-emballages.com\/wp-content\/uploads\/2025\/09\/TS1000AL-1.webp\",\"datePublished\":\"2025-09-15T08:18:17+00:00\",\"dateModified\":\"2026-04-18T07:00:20+00:00\",\"description\":\"Tabuleiro de pl\u00e1stico sel\u00e1vel de 1000 ml, -20\u00b0C a +120\u00b0C, ideal para pratos quentes\/frios. Hermeticamente fechado, embalagem de 100.\",\"breadcrumb\":{\"@id\":\"https:\/\/www.csj-emballages.com\/pt-pt\/produit\/tabuleiro-de-plastico-selavel-de-1000-ml-100\/#breadcrumb\"},\"inLanguage\":\"pt-PT\",\"potentialAction\":[{\"@type\":\"ReadAction\",\"target\":[\"https:\/\/www.csj-emballages.com\/pt-pt\/produit\/tabuleiro-de-plastico-selavel-de-1000-ml-100\/\"]}]},{\"@type\":\"ImageObject\",\"inLanguage\":\"pt-PT\",\"@id\":\"https:\/\/www.csj-emballages.com\/pt-pt\/produit\/tabuleiro-de-plastico-selavel-de-1000-ml-100\/#primaryimage\",\"url\":\"https:\/\/www.csj-emballages.com\/wp-content\/uploads\/2025\/09\/TS1000AL-1.webp\",\"contentUrl\":\"https:\/\/www.csj-emballages.com\/wp-content\/uploads\/2025\/09\/TS1000AL-1.webp\",\"width\":800,\"height\":800,\"caption\":\"Barquette scellable\"},{\"@type\":\"BreadcrumbList\",\"@id\":\"https:\/\/www.csj-emballages.com\/pt-pt\/produit\/tabuleiro-de-plastico-selavel-de-1000-ml-100\/#breadcrumb\",\"itemListElement\":[{\"@type\":\"ListItem\",\"position\":1,\"name\":\"Acolhimento\",\"item\":\"https:\/\/www.csj-emballages.com\/pt-pt\/universo-das-embalagens-alimentares\/\"},{\"@type\":\"ListItem\",\"position\":2,\"name\":\"Shop\",\"item\":\"https:\/\/www.csj-emballages.com\/shop\/\"},{\"@type\":\"ListItem\",\"position\":3,\"name\":\"Tabuleiro de pl\u00e1stico sel\u00e1vel de 1000 ml, 100\"}]},{\"@type\":\"WebSite\",\"@id\":\"https:\/\/www.csj-emballages.com\/pt-pt\/#website\",\"url\":\"https:\/\/www.csj-emballages.com\/pt-pt\/\",\"name\":\"CSJ Emballages\",\"description\":\"\",\"publisher\":{\"@id\":\"https:\/\/www.csj-emballages.com\/pt-pt\/#organization\"},\"potentialAction\":[{\"@type\":\"SearchAction\",\"target\":{\"@type\":\"EntryPoint\",\"urlTemplate\":\"https:\/\/www.csj-emballages.com\/pt-pt\/?s={search_term_string}\"},\"query-input\":{\"@type\":\"PropertyValueSpecification\",\"valueRequired\":true,\"valueName\":\"search_term_string\"}}],\"inLanguage\":\"pt-PT\"},{\"@type\":\"Organization\",\"@id\":\"https:\/\/www.csj-emballages.com\/pt-pt\/#Organization\/\",\"name\":\"CSJ Emballages\",\"url\":\"https:\/\/www.csj-emballages.com\/pt-pt\/\",\"logo\":{\"@type\":\"ImageObject\",\"inLanguage\":\"pt-PT\",\"@id\":\"https:\/\/www.csj-emballages.com\/pt-pt\/#\/schema\/logo\/image\/\",\"url\":\"https:\/\/www.csj-emballages.com\/wp-content\/uploads\/2023\/10\/logo_csj.webp\",\"contentUrl\":\"https:\/\/www.csj-emballages.com\/wp-content\/uploads\/2023\/10\/logo_csj.webp\",\"width\":250,\"height\":95,\"caption\":\"CSJ Emballages\"},\"image\":{\"@id\":\"https:\/\/www.csj-emballages.com\/pt-pt\/#\/schema\/logo\/image\/\"},\"sameAs\":[\"https:\/\/www.facebook.com\/csjemballages\"],\"address\":{\"@type\":\"PostalAddress\",\"streetAddress\":\"ZI La Lechere\",\"addressLocality\":\"Patornay\",\"postalCode\":\"39130\",\"addressCountry\":\"FR\"},\"contactPoint\":[{\"@type\":\"ContactPoint\",\"contactType\":\"Service client\",\"telephone\":\"0384254272\",\"email\":\"contact@csj-emballages.com\"}]}]}<\/script>\n<!-- \/ Yoast SEO Premium plugin. -->","yoast_head_json":{"title":"Tabuleiro de pl\u00e1stico sel\u00e1vel 1000 ml por 100","description":"Tabuleiro de pl\u00e1stico sel\u00e1vel de 1000 ml, -20\u00b0C a +120\u00b0C, ideal para pratos quentes\/frios. Hermeticamente fechado, embalagem de 100.","robots":{"index":"index","follow":"follow","max-snippet":"max-snippet:-1","max-image-preview":"max-image-preview:large","max-video-preview":"max-video-preview:-1"},"canonical":"https:\/\/www.csj-emballages.com\/pt-pt\/produit\/tabuleiro-de-plastico-selavel-de-1000-ml-100\/","og_locale":"pt_PT","og_type":"article","og_title":"Tabuleiro de pl\u00e1stico sel\u00e1vel de 1000 ml, 100","og_description":"Tabuleiro de pl\u00e1stico sel\u00e1vel de 1000 ml, -20\u00b0C a +120\u00b0C, ideal para pratos quentes\/frios. Hermeticamente fechado, embalagem de 100.","og_url":"https:\/\/www.csj-emballages.com\/pt-pt\/produit\/tabuleiro-de-plastico-selavel-de-1000-ml-100\/","og_site_name":"CSJ Emballages","article_publisher":"https:\/\/www.facebook.com\/csjemballages","article_modified_time":"2026-04-18T07:00:20+00:00","og_image":[{"width":800,"height":800,"url":"https:\/\/www.csj-emballages.com\/wp-content\/uploads\/2025\/09\/TS1000AL-1.webp","type":"image\/webp"}],"twitter_card":"summary_large_image","twitter_misc":{"Tempo estimado de leitura":"2 minutos"},"schema":{"@context":"https:\/\/schema.org","@graph":[{"@type":"WebPage","@id":"https:\/\/www.csj-emballages.com\/pt-pt\/produit\/tabuleiro-de-plastico-selavel-de-1000-ml-100\/","url":"https:\/\/www.csj-emballages.com\/pt-pt\/produit\/tabuleiro-de-plastico-selavel-de-1000-ml-100\/","name":"Tabuleiro de pl\u00e1stico sel\u00e1vel 1000 ml por 100","isPartOf":{"@id":"https:\/\/www.csj-emballages.com\/pt-pt\/#website"},"primaryImageOfPage":{"@id":"https:\/\/www.csj-emballages.com\/pt-pt\/produit\/tabuleiro-de-plastico-selavel-de-1000-ml-100\/#primaryimage"},"image":{"@id":"https:\/\/www.csj-emballages.com\/pt-pt\/produit\/tabuleiro-de-plastico-selavel-de-1000-ml-100\/#primaryimage"},"thumbnailUrl":"https:\/\/www.csj-emballages.com\/wp-content\/uploads\/2025\/09\/TS1000AL-1.webp","datePublished":"2025-09-15T08:18:17+00:00","dateModified":"2026-04-18T07:00:20+00:00","description":"Tabuleiro de pl\u00e1stico sel\u00e1vel de 1000 ml, -20\u00b0C a +120\u00b0C, ideal para pratos quentes\/frios. Hermeticamente fechado, embalagem de 100.","breadcrumb":{"@id":"https:\/\/www.csj-emballages.com\/pt-pt\/produit\/tabuleiro-de-plastico-selavel-de-1000-ml-100\/#breadcrumb"},"inLanguage":"pt-PT","potentialAction":[{"@type":"ReadAction","target":["https:\/\/www.csj-emballages.com\/pt-pt\/produit\/tabuleiro-de-plastico-selavel-de-1000-ml-100\/"]}]},{"@type":"ImageObject","inLanguage":"pt-PT","@id":"https:\/\/www.csj-emballages.com\/pt-pt\/produit\/tabuleiro-de-plastico-selavel-de-1000-ml-100\/#primaryimage","url":"https:\/\/www.csj-emballages.com\/wp-content\/uploads\/2025\/09\/TS1000AL-1.webp","contentUrl":"https:\/\/www.csj-emballages.com\/wp-content\/uploads\/2025\/09\/TS1000AL-1.webp","width":800,"height":800,"caption":"Barquette scellable"},{"@type":"BreadcrumbList","@id":"https:\/\/www.csj-emballages.com\/pt-pt\/produit\/tabuleiro-de-plastico-selavel-de-1000-ml-100\/#breadcrumb","itemListElement":[{"@type":"ListItem","position":1,"name":"Acolhimento","item":"https:\/\/www.csj-emballages.com\/pt-pt\/universo-das-embalagens-alimentares\/"},{"@type":"ListItem","position":2,"name":"Shop","item":"https:\/\/www.csj-emballages.com\/shop\/"},{"@type":"ListItem","position":3,"name":"Tabuleiro de pl\u00e1stico sel\u00e1vel de 1000 ml, 100"}]},{"@type":"WebSite","@id":"https:\/\/www.csj-emballages.com\/pt-pt\/#website","url":"https:\/\/www.csj-emballages.com\/pt-pt\/","name":"CSJ Emballages","description":"","publisher":{"@id":"https:\/\/www.csj-emballages.com\/pt-pt\/#organization"},"potentialAction":[{"@type":"SearchAction","target":{"@type":"EntryPoint","urlTemplate":"https:\/\/www.csj-emballages.com\/pt-pt\/?s={search_term_string}"},"query-input":{"@type":"PropertyValueSpecification","valueRequired":true,"valueName":"search_term_string"}}],"inLanguage":"pt-PT"},{"@type":"Organization","@id":"https:\/\/www.csj-emballages.com\/pt-pt\/#Organization\/","name":"CSJ Emballages","url":"https:\/\/www.csj-emballages.com\/pt-pt\/","logo":{"@type":"ImageObject","inLanguage":"pt-PT","@id":"https:\/\/www.csj-emballages.com\/pt-pt\/#\/schema\/logo\/image\/","url":"https:\/\/www.csj-emballages.com\/wp-content\/uploads\/2023\/10\/logo_csj.webp","contentUrl":"https:\/\/www.csj-emballages.com\/wp-content\/uploads\/2023\/10\/logo_csj.webp","width":250,"height":95,"caption":"CSJ Emballages"},"image":{"@id":"https:\/\/www.csj-emballages.com\/pt-pt\/#\/schema\/logo\/image\/"},"sameAs":["https:\/\/www.facebook.com\/csjemballages"],"address":{"@type":"PostalAddress","streetAddress":"ZI La Lechere","addressLocality":"Patornay","postalCode":"39130","addressCountry":"FR"},"contactPoint":[{"@type":"ContactPoint","contactType":"Service client","telephone":"0384254272","email":"contact@csj-emballages.com"}]}]}},"df_price":8.36,"df_sale_price":"","df_regular_price":8.36,"df_image_link":"https:\/\/www.csj-emballages.com\/wp-content\/uploads\/2025\/09\/TS1000AL-1-300x300.webp","tiered_pricing_type":"fixed","tiered_pricing_fixed_rules":[],"tiered_pricing_percentage_rules":[],"tiered_pricing_minimum":1,"tiered_pricing_roles_data":[],"_links":{"self":[{"href":"https:\/\/www.csj-emballages.com\/pt-pt\/wp-json\/wp\/v2\/product\/244298","targetHints":{"allow":["GET"]}}],"collection":[{"href":"https:\/\/www.csj-emballages.com\/pt-pt\/wp-json\/wp\/v2\/product"}],"about":[{"href":"https:\/\/www.csj-emballages.com\/pt-pt\/wp-json\/wp\/v2\/types\/product"}],"wp:featuredmedia":[{"embeddable":true,"href":"https:\/\/www.csj-emballages.com\/pt-pt\/wp-json\/wp\/v2\/media\/244304"}],"wp:attachment":[{"href":"https:\/\/www.csj-emballages.com\/pt-pt\/wp-json\/wp\/v2\/media?parent=244298"}],"wp:term":[{"taxonomy":"product_brand","embeddable":true,"href":"https:\/\/www.csj-emballages.com\/pt-pt\/wp-json\/wp\/v2\/product_brand?post=244298"},{"taxonomy":"product_cat","embeddable":true,"href":"https:\/\/www.csj-emballages.com\/pt-pt\/wp-json\/wp\/v2\/product_cat?post=244298"},{"taxonomy":"product_tag","embeddable":true,"href":"https:\/\/www.csj-emballages.com\/pt-pt\/wp-json\/wp\/v2\/product_tag?post=244298"}],"curies":[{"name":"wp","href":"https:\/\/api.w.org\/{rel}","templated":true}]}}