{"id":244217,"date":"2025-09-15T09:48:56","date_gmt":"2025-09-15T07:48:56","guid":{"rendered":"https:\/\/www.csj-emballages.com\/produit\/mistura-de-boletos-e-cep-secos-500-gr-em-frasco-pet\/"},"modified":"2026-04-01T02:10:52","modified_gmt":"2026-04-01T00:10:52","slug":"mistura-de-boletos-e-cep-secos-500-gr-em-frasco-pet","status":"publish","type":"product","link":"https:\/\/www.csj-emballages.com\/pt-pt\/produit\/mistura-de-boletos-e-cep-secos-500-gr-em-frasco-pet\/","title":{"rendered":"Mistura de boletos e cep secos 500 gr em frasco PET"},"content":{"rendered":"<h2 class=\"p1\">Mistura de cogumelos boletus e porcini secos<\/h2>\n<hr>\n<h3>Descri\u00e7\u00e3o da nossa mistura de boletus e cep secos 500g em frasco PET<\/h3>\n<p><!--more--><\/p>\n<p data-start=\"37\" data-end=\"385\">Descubra a nossa <strong data-start=\"53\" data-end=\"97\">mistura de 500 g de boletos e cep em frasco PET<\/strong>, a forma perfeita de dar um toque gourmet e florestal \u00e0s suas receitas. Elaborada a partir de <strong>cogumelos<\/strong> cuidadosamente selecionados, esta <strong>mistura<\/strong> combina o sabor intenso dos <strong data-start=\"270\" data-end=\"279\">porcini<\/strong> com a textura delicada dos <strong data-start=\"306\" data-end=\"316\">boletus<\/strong>, para um aroma aut\u00eantico que ir\u00e1 real\u00e7ar os seus pratos em qualquer esta\u00e7\u00e3o.<\/p>\n<p data-start=\"387\" data-end=\"895\">Pr\u00e1tico e f\u00e1cil de utilizar, este produto pode ser preparado em apenas alguns passos. Basta <g id=\"gid_0\">reidratar os cogumelos<\/g> em<g id=\"gid_1\">\u00e1gua a ferver durante 20 minutos<\/g>, depois enxaguar <g id=\"gid_2\">bem<\/g> e <g id=\"gid_3\">escorrer<\/g>. Pode ent\u00e3o cozinh\u00e1-los como faria com <strong data-start=\"655\" data-end=\"676\">os cogumelos frescos<\/strong>, seja num prato de legumes fritos, num molho cremoso, num risoto ou como guarni\u00e7\u00e3o de carne ou peixe. Gra\u00e7as a este formato, pode desfrutar do sabor da floresta durante todo o ano, sem estar dependente das esta\u00e7\u00f5es.   <\/p>\n<p data-start=\"897\" data-end=\"1209\">Este <strong>frasco<\/strong> <strong data-start=\"916\" data-end=\"923\">PET<\/strong> tamb\u00e9m garante um bom prazo de validade. Preserva a qualidade dos <strong>cogumelos<\/strong>, proporcionando uma excelente prote\u00e7\u00e3o contra a humidade e a luz. Para manter o seu sabor, conservar o frasco num local fresco, seco e ao abrigo da luz, <strong data-start=\"1174\" data-end=\"1206\">na sua embalagem original<\/strong>.<\/p>\n<p data-start=\"1211\" data-end=\"1583\">Al\u00e9m disso, esta <strong data-start=\"1214\" data-end=\"1241\">mistura pronta a utilizar<\/strong> \u00e9 ideal para os profissionais da restaura\u00e7\u00e3o, os fornecedores de refei\u00e7\u00f5es ou os entusiastas da cozinha que pretendem poupar tempo preservando a qualidade das suas prepara\u00e7\u00f5es. Com o seu <strong data-start=\"1427\" data-end=\"1459\">longo prazo de validade<\/strong>, ter\u00e1 sempre \u00e0 m\u00e3o um ingrediente nobre e refinado para transformar as suas refei\u00e7\u00f5es numa verdadeira viagem de sabores.<\/p>\n<p data-start=\"1585\" data-end=\"1738\">Saboreie a diferen\u00e7a: experimente a nossa <strong data-start=\"1624\" data-end=\"1651\">mistura de boletus e porcini<\/strong> e ofere\u00e7a aos seus convidados uma experi\u00eancia culin\u00e1ria que \u00e9 simultaneamente aut\u00eantica e pr\u00e1tica.<\/p>\n<p><!--more--><\/p>\n<h4><strong>Vantagens :<\/strong><\/h4>\n<ul>\n<li>O <strong data-start=\"1966\" data-end=\"1986\">sabor aut\u00eantico dos<\/strong> cogumelos porcini e boletus para pratos ricamente aromatizados.<\/li>\n<li><strong data-start=\"2045\" data-end=\"2064\">Pronto a utilizar<\/strong>: reidrata\u00e7\u00e3o r\u00e1pida em 20 minutos.<\/li>\n<li><strong data-start=\"2107\" data-end=\"2136\">Conserva\u00e7\u00e3o de longa dura\u00e7\u00e3o<\/strong> num frasco PET resistente e protetor.<\/li>\n<li>Ideal para <strong data-start=\"2197\" data-end=\"2215\">profissionais<\/strong> e cozinheiros apaixonados.<\/li>\n<li>Dispon\u00edvel durante todo o ano, independentemente da esta\u00e7\u00e3o do ano.<\/li>\n<\/ul>\n<p>&nbsp;<\/p>\n<p><!--more--><\/p>\n<h4>Outras informa\u00e7\u00f5es :<\/h4>\n<ul>\n<li><strong>Embalagem<\/strong>: Frasco de 500g<\/li>\n<\/ul>\n<p>&nbsp;<\/p>\n<p><!--more--><\/p>\n<p><a href=\"https:\/\/www.csj-emballages.com\/pt-pt\/categorie-produit\/alimentacao-pt-pt\/cogumelos-secos\/\">Ver o resto da nossa gama de cogumelos secos<\/a><\/p>\n","protected":false},"excerpt":{"rendered":"<p>Mistura de cogumelos boletus e porcini secos Descri\u00e7\u00e3o da nossa mistura de boletus e cep secos 500g em frasco PET<\/p>\n","protected":false},"featured_media":244209,"template":"","meta":{"_acf_changed":false},"product_brand":[],"product_cat":[1141,1151,9708],"product_tag":[],"class_list":{"0":"post-244217","1":"product","2":"type-product","3":"status-publish","4":"has-post-thumbnail","6":"product_cat-embalagem-de-alimentos","7":"product_cat-alimentacao-pt-pt","8":"product_cat-cogumelos-secos","10":"first","11":"instock","12":"taxable","13":"shipping-taxable","14":"purchasable","15":"product-type-simple"},"acf":[],"yoast_head":"<!-- This site is optimized with the Yoast SEO Premium plugin v26.6 (Yoast SEO v26.6) - https:\/\/yoast.com\/wordpress\/plugins\/seo\/ -->\n<title>Mistura de Boletus e Porcini 500 gr em frasco PET<\/title>\n<meta name=\"description\" content=\"Mistura de boletus e cep secos 500g em frasco PET - Cogumelos secos a reidratar durante 20 minutos, depois cozinhados como frescos.\" \/>\n<meta name=\"robots\" content=\"index, follow, max-snippet:-1, max-image-preview:large, max-video-preview:-1\" \/>\n<link rel=\"canonical\" href=\"https:\/\/www.csj-emballages.com\/pt-pt\/produit\/mistura-de-boletos-e-cep-secos-500-gr-em-frasco-pet\/\" \/>\n<meta property=\"og:locale\" content=\"pt_PT\" \/>\n<meta property=\"og:type\" content=\"article\" \/>\n<meta property=\"og:title\" content=\"Mistura de boletos e cep secos 500 gr em frasco PET\" \/>\n<meta property=\"og:description\" content=\"Mistura de boletus e cep secos 500g em frasco PET - Cogumelos secos a reidratar durante 20 minutos, depois cozinhados como frescos.\" \/>\n<meta property=\"og:url\" content=\"https:\/\/www.csj-emballages.com\/pt-pt\/produit\/mistura-de-boletos-e-cep-secos-500-gr-em-frasco-pet\/\" \/>\n<meta property=\"og:site_name\" content=\"CSJ Emballages\" \/>\n<meta property=\"article:publisher\" content=\"https:\/\/www.facebook.com\/csjemballages\" \/>\n<meta property=\"article:modified_time\" content=\"2026-04-01T00:10:52+00:00\" \/>\n<meta property=\"og:image\" content=\"https:\/\/www.csj-emballages.com\/wp-content\/uploads\/2025\/09\/11503.webp\" \/>\n\t<meta property=\"og:image:width\" content=\"800\" \/>\n\t<meta property=\"og:image:height\" content=\"800\" \/>\n\t<meta property=\"og:image:type\" content=\"image\/webp\" \/>\n<meta name=\"twitter:card\" content=\"summary_large_image\" \/>\n<meta name=\"twitter:label1\" content=\"Tempo estimado de leitura\" \/>\n\t<meta name=\"twitter:data1\" content=\"2 minutos\" \/>\n<script type=\"application\/ld+json\" class=\"yoast-schema-graph\">{\"@context\":\"https:\/\/schema.org\",\"@graph\":[{\"@type\":\"WebPage\",\"@id\":\"https:\/\/www.csj-emballages.com\/pt-pt\/produit\/mistura-de-boletos-e-cep-secos-500-gr-em-frasco-pet\/\",\"url\":\"https:\/\/www.csj-emballages.com\/pt-pt\/produit\/mistura-de-boletos-e-cep-secos-500-gr-em-frasco-pet\/\",\"name\":\"Mistura de Boletus e Porcini 500 gr em frasco PET\",\"isPartOf\":{\"@id\":\"https:\/\/www.csj-emballages.com\/pt-pt\/#website\"},\"primaryImageOfPage\":{\"@id\":\"https:\/\/www.csj-emballages.com\/pt-pt\/produit\/mistura-de-boletos-e-cep-secos-500-gr-em-frasco-pet\/#primaryimage\"},\"image\":{\"@id\":\"https:\/\/www.csj-emballages.com\/pt-pt\/produit\/mistura-de-boletos-e-cep-secos-500-gr-em-frasco-pet\/#primaryimage\"},\"thumbnailUrl\":\"https:\/\/www.csj-emballages.com\/wp-content\/uploads\/2025\/09\/11503.webp\",\"datePublished\":\"2025-09-15T07:48:56+00:00\",\"dateModified\":\"2026-04-01T00:10:52+00:00\",\"description\":\"Mistura de boletus e cep secos 500g em frasco PET - Cogumelos secos a reidratar durante 20 minutos, depois cozinhados como frescos.\",\"breadcrumb\":{\"@id\":\"https:\/\/www.csj-emballages.com\/pt-pt\/produit\/mistura-de-boletos-e-cep-secos-500-gr-em-frasco-pet\/#breadcrumb\"},\"inLanguage\":\"pt-PT\",\"potentialAction\":[{\"@type\":\"ReadAction\",\"target\":[\"https:\/\/www.csj-emballages.com\/pt-pt\/produit\/mistura-de-boletos-e-cep-secos-500-gr-em-frasco-pet\/\"]}]},{\"@type\":\"ImageObject\",\"inLanguage\":\"pt-PT\",\"@id\":\"https:\/\/www.csj-emballages.com\/pt-pt\/produit\/mistura-de-boletos-e-cep-secos-500-gr-em-frasco-pet\/#primaryimage\",\"url\":\"https:\/\/www.csj-emballages.com\/wp-content\/uploads\/2025\/09\/11503.webp\",\"contentUrl\":\"https:\/\/www.csj-emballages.com\/wp-content\/uploads\/2025\/09\/11503.webp\",\"width\":800,\"height\":800,\"caption\":\"M\u00e9lange bolets et c\u00e8pes s\u00e9ch\u00e9s\"},{\"@type\":\"BreadcrumbList\",\"@id\":\"https:\/\/www.csj-emballages.com\/pt-pt\/produit\/mistura-de-boletos-e-cep-secos-500-gr-em-frasco-pet\/#breadcrumb\",\"itemListElement\":[{\"@type\":\"ListItem\",\"position\":1,\"name\":\"Acolhimento\",\"item\":\"https:\/\/www.csj-emballages.com\/pt-pt\/universo-das-embalagens-alimentares\/\"},{\"@type\":\"ListItem\",\"position\":2,\"name\":\"Shop\",\"item\":\"https:\/\/www.csj-emballages.com\/shop\/\"},{\"@type\":\"ListItem\",\"position\":3,\"name\":\"Mistura de boletos e cep secos 500 gr em frasco PET\"}]},{\"@type\":\"WebSite\",\"@id\":\"https:\/\/www.csj-emballages.com\/pt-pt\/#website\",\"url\":\"https:\/\/www.csj-emballages.com\/pt-pt\/\",\"name\":\"CSJ Emballages\",\"description\":\"\",\"publisher\":{\"@id\":\"https:\/\/www.csj-emballages.com\/pt-pt\/#organization\"},\"potentialAction\":[{\"@type\":\"SearchAction\",\"target\":{\"@type\":\"EntryPoint\",\"urlTemplate\":\"https:\/\/www.csj-emballages.com\/pt-pt\/?s={search_term_string}\"},\"query-input\":{\"@type\":\"PropertyValueSpecification\",\"valueRequired\":true,\"valueName\":\"search_term_string\"}}],\"inLanguage\":\"pt-PT\"},{\"@type\":\"Organization\",\"@id\":\"https:\/\/www.csj-emballages.com\/pt-pt\/#Organization\/\",\"name\":\"CSJ Emballages\",\"url\":\"https:\/\/www.csj-emballages.com\/pt-pt\/\",\"logo\":{\"@type\":\"ImageObject\",\"inLanguage\":\"pt-PT\",\"@id\":\"https:\/\/www.csj-emballages.com\/pt-pt\/#\/schema\/logo\/image\/\",\"url\":\"https:\/\/www.csj-emballages.com\/wp-content\/uploads\/2023\/10\/logo_csj.webp\",\"contentUrl\":\"https:\/\/www.csj-emballages.com\/wp-content\/uploads\/2023\/10\/logo_csj.webp\",\"width\":250,\"height\":95,\"caption\":\"CSJ Emballages\"},\"image\":{\"@id\":\"https:\/\/www.csj-emballages.com\/pt-pt\/#\/schema\/logo\/image\/\"},\"sameAs\":[\"https:\/\/www.facebook.com\/csjemballages\"],\"address\":{\"@type\":\"PostalAddress\",\"streetAddress\":\"ZI La Lechere\",\"addressLocality\":\"Patornay\",\"postalCode\":\"39130\",\"addressCountry\":\"FR\"},\"contactPoint\":[{\"@type\":\"ContactPoint\",\"contactType\":\"Service client\",\"telephone\":\"0384254272\",\"email\":\"contact@csj-emballages.com\"}]}]}<\/script>\n<!-- \/ Yoast SEO Premium plugin. -->","yoast_head_json":{"title":"Mistura de Boletus e Porcini 500 gr em frasco PET","description":"Mistura de boletus e cep secos 500g em frasco PET - Cogumelos secos a reidratar durante 20 minutos, depois cozinhados como frescos.","robots":{"index":"index","follow":"follow","max-snippet":"max-snippet:-1","max-image-preview":"max-image-preview:large","max-video-preview":"max-video-preview:-1"},"canonical":"https:\/\/www.csj-emballages.com\/pt-pt\/produit\/mistura-de-boletos-e-cep-secos-500-gr-em-frasco-pet\/","og_locale":"pt_PT","og_type":"article","og_title":"Mistura de boletos e cep secos 500 gr em frasco PET","og_description":"Mistura de boletus e cep secos 500g em frasco PET - Cogumelos secos a reidratar durante 20 minutos, depois cozinhados como frescos.","og_url":"https:\/\/www.csj-emballages.com\/pt-pt\/produit\/mistura-de-boletos-e-cep-secos-500-gr-em-frasco-pet\/","og_site_name":"CSJ Emballages","article_publisher":"https:\/\/www.facebook.com\/csjemballages","article_modified_time":"2026-04-01T00:10:52+00:00","og_image":[{"width":800,"height":800,"url":"https:\/\/www.csj-emballages.com\/wp-content\/uploads\/2025\/09\/11503.webp","type":"image\/webp"}],"twitter_card":"summary_large_image","twitter_misc":{"Tempo estimado de leitura":"2 minutos"},"schema":{"@context":"https:\/\/schema.org","@graph":[{"@type":"WebPage","@id":"https:\/\/www.csj-emballages.com\/pt-pt\/produit\/mistura-de-boletos-e-cep-secos-500-gr-em-frasco-pet\/","url":"https:\/\/www.csj-emballages.com\/pt-pt\/produit\/mistura-de-boletos-e-cep-secos-500-gr-em-frasco-pet\/","name":"Mistura de Boletus e Porcini 500 gr em frasco PET","isPartOf":{"@id":"https:\/\/www.csj-emballages.com\/pt-pt\/#website"},"primaryImageOfPage":{"@id":"https:\/\/www.csj-emballages.com\/pt-pt\/produit\/mistura-de-boletos-e-cep-secos-500-gr-em-frasco-pet\/#primaryimage"},"image":{"@id":"https:\/\/www.csj-emballages.com\/pt-pt\/produit\/mistura-de-boletos-e-cep-secos-500-gr-em-frasco-pet\/#primaryimage"},"thumbnailUrl":"https:\/\/www.csj-emballages.com\/wp-content\/uploads\/2025\/09\/11503.webp","datePublished":"2025-09-15T07:48:56+00:00","dateModified":"2026-04-01T00:10:52+00:00","description":"Mistura de boletus e cep secos 500g em frasco PET - Cogumelos secos a reidratar durante 20 minutos, depois cozinhados como frescos.","breadcrumb":{"@id":"https:\/\/www.csj-emballages.com\/pt-pt\/produit\/mistura-de-boletos-e-cep-secos-500-gr-em-frasco-pet\/#breadcrumb"},"inLanguage":"pt-PT","potentialAction":[{"@type":"ReadAction","target":["https:\/\/www.csj-emballages.com\/pt-pt\/produit\/mistura-de-boletos-e-cep-secos-500-gr-em-frasco-pet\/"]}]},{"@type":"ImageObject","inLanguage":"pt-PT","@id":"https:\/\/www.csj-emballages.com\/pt-pt\/produit\/mistura-de-boletos-e-cep-secos-500-gr-em-frasco-pet\/#primaryimage","url":"https:\/\/www.csj-emballages.com\/wp-content\/uploads\/2025\/09\/11503.webp","contentUrl":"https:\/\/www.csj-emballages.com\/wp-content\/uploads\/2025\/09\/11503.webp","width":800,"height":800,"caption":"M\u00e9lange bolets et c\u00e8pes s\u00e9ch\u00e9s"},{"@type":"BreadcrumbList","@id":"https:\/\/www.csj-emballages.com\/pt-pt\/produit\/mistura-de-boletos-e-cep-secos-500-gr-em-frasco-pet\/#breadcrumb","itemListElement":[{"@type":"ListItem","position":1,"name":"Acolhimento","item":"https:\/\/www.csj-emballages.com\/pt-pt\/universo-das-embalagens-alimentares\/"},{"@type":"ListItem","position":2,"name":"Shop","item":"https:\/\/www.csj-emballages.com\/shop\/"},{"@type":"ListItem","position":3,"name":"Mistura de boletos e cep secos 500 gr em frasco PET"}]},{"@type":"WebSite","@id":"https:\/\/www.csj-emballages.com\/pt-pt\/#website","url":"https:\/\/www.csj-emballages.com\/pt-pt\/","name":"CSJ Emballages","description":"","publisher":{"@id":"https:\/\/www.csj-emballages.com\/pt-pt\/#organization"},"potentialAction":[{"@type":"SearchAction","target":{"@type":"EntryPoint","urlTemplate":"https:\/\/www.csj-emballages.com\/pt-pt\/?s={search_term_string}"},"query-input":{"@type":"PropertyValueSpecification","valueRequired":true,"valueName":"search_term_string"}}],"inLanguage":"pt-PT"},{"@type":"Organization","@id":"https:\/\/www.csj-emballages.com\/pt-pt\/#Organization\/","name":"CSJ Emballages","url":"https:\/\/www.csj-emballages.com\/pt-pt\/","logo":{"@type":"ImageObject","inLanguage":"pt-PT","@id":"https:\/\/www.csj-emballages.com\/pt-pt\/#\/schema\/logo\/image\/","url":"https:\/\/www.csj-emballages.com\/wp-content\/uploads\/2023\/10\/logo_csj.webp","contentUrl":"https:\/\/www.csj-emballages.com\/wp-content\/uploads\/2023\/10\/logo_csj.webp","width":250,"height":95,"caption":"CSJ Emballages"},"image":{"@id":"https:\/\/www.csj-emballages.com\/pt-pt\/#\/schema\/logo\/image\/"},"sameAs":["https:\/\/www.facebook.com\/csjemballages"],"address":{"@type":"PostalAddress","streetAddress":"ZI La Lechere","addressLocality":"Patornay","postalCode":"39130","addressCountry":"FR"},"contactPoint":[{"@type":"ContactPoint","contactType":"Service client","telephone":"0384254272","email":"contact@csj-emballages.com"}]}]}},"df_price":21.56,"df_sale_price":"","df_regular_price":21.56,"df_image_link":"https:\/\/www.csj-emballages.com\/wp-content\/uploads\/2025\/09\/11503-300x300.webp","tiered_pricing_type":"fixed","tiered_pricing_fixed_rules":[],"tiered_pricing_percentage_rules":[],"tiered_pricing_minimum":1,"tiered_pricing_roles_data":[],"_links":{"self":[{"href":"https:\/\/www.csj-emballages.com\/pt-pt\/wp-json\/wp\/v2\/product\/244217","targetHints":{"allow":["GET"]}}],"collection":[{"href":"https:\/\/www.csj-emballages.com\/pt-pt\/wp-json\/wp\/v2\/product"}],"about":[{"href":"https:\/\/www.csj-emballages.com\/pt-pt\/wp-json\/wp\/v2\/types\/product"}],"wp:featuredmedia":[{"embeddable":true,"href":"https:\/\/www.csj-emballages.com\/pt-pt\/wp-json\/wp\/v2\/media\/244209"}],"wp:attachment":[{"href":"https:\/\/www.csj-emballages.com\/pt-pt\/wp-json\/wp\/v2\/media?parent=244217"}],"wp:term":[{"taxonomy":"product_brand","embeddable":true,"href":"https:\/\/www.csj-emballages.com\/pt-pt\/wp-json\/wp\/v2\/product_brand?post=244217"},{"taxonomy":"product_cat","embeddable":true,"href":"https:\/\/www.csj-emballages.com\/pt-pt\/wp-json\/wp\/v2\/product_cat?post=244217"},{"taxonomy":"product_tag","embeddable":true,"href":"https:\/\/www.csj-emballages.com\/pt-pt\/wp-json\/wp\/v2\/product_tag?post=244217"}],"curies":[{"name":"wp","href":"https:\/\/api.w.org\/{rel}","templated":true}]}}