{"id":244187,"date":"2025-09-15T09:48:49","date_gmt":"2025-09-15T07:48:49","guid":{"rendered":"https:\/\/www.csj-emballages.com\/produit\/cepes-secos-b-500-gr-em-frasco-pet\/"},"modified":"2026-03-28T02:10:31","modified_gmt":"2026-03-28T01:10:31","slug":"cepes-secos-b-500-gr-em-frasco-pet","status":"publish","type":"product","link":"https:\/\/www.csj-emballages.com\/pt-pt\/produit\/cepes-secos-b-500-gr-em-frasco-pet\/","title":{"rendered":"Cepes secos B 500 gr em frasco PET"},"content":{"rendered":"<h2 class=\"p1\">Cogumelos porcini secos<\/h2>\n<hr>\n<h3>Descri\u00e7\u00e3o dos nossos ceps secos B 500 gr em frasco PET<\/h3>\n<p><!--more--><\/p>\n<p data-start=\"0\" data-end=\"441\">Descubra a autenticidade dos <strong data-start=\"59\" data-end=\"94\">cogumelos porcini secos B 500g num frasco PET<\/strong>, um produto indispens\u00e1vel para os amantes da cozinha gourmet. Estes <strong data-start=\"159\" data-end=\"186\">cogumelos excepcionais<\/strong> s\u00e3o cuidadosamente selecionados e depois secos para preservar todo o seu <strong data-start=\"257\" data-end=\"274\">sabor amadeirado<\/strong> e o seu aroma delicado. Gra\u00e7as a este formato generoso, ter\u00e1 a quantidade ideal para as suas receitas familiares, molhos ou guarni\u00e7\u00f5es requintadas.  <\/p>\n<p data-start=\"443\" data-end=\"950\">Para revelar toda a sua riqueza arom\u00e1tica, nada mais simples: basta <strong data-start=\"523\" data-end=\"537\">reidratar<\/strong> os ceps em<strong data-start=\"558\" data-end=\"576\">\u00e1gua a ferver<\/strong> durante cerca de <strong data-start=\"593\" data-end=\"607\">20 minutos<\/strong>, depois enxaguar bem e <strong data-start=\"653\" data-end=\"665\">escorrer<\/strong>. Uma vez conclu\u00edda esta etapa, est\u00e3o prontos para serem cozinhados <strong data-start=\"729\" data-end=\"760\">como os cogumelos frescos<\/strong>, acrescentando um sabor intenso aos seus risotos, carnes estufadas, omeletas ou pratos de massa. Este m\u00e9todo preserva a sua textura carnuda e o seu sabor \u00fanico, uma verdadeira mais-valia para valorizar os seus pratos.  <\/p>\n<p data-start=\"952\" data-end=\"1438\">Acondicionados num <strong data-start=\"973\" data-end=\"1007\">pr\u00e1tico frasco PET herm\u00e9tico<\/strong>, estes <strong>cogumelos porcini secos<\/strong> est\u00e3o protegidos da humidade e da luz, garantindo uma conserva\u00e7\u00e3o \u00f3ptima. Para preservar a sua qualidade, recomendamos que os guarde num local <strong data-start=\"1183\" data-end=\"1192\">fresco<\/strong>, <strong data-start=\"1194\" data-end=\"1201\">seco<\/strong> e<strong data-start=\"1209\" data-end=\"1231\">ao abrigo da luz<\/strong>, ainda na sua embalagem original. Assim, pode desfrutar de um produto <strong data-start=\"1334\" data-end=\"1345\">natural<\/strong> e saboroso, pronto a utilizar.  <\/p>\n<p data-start=\"1440\" data-end=\"1840\"><strong data-start=\"1509\" data-end=\"1533\">Os cogumelos porcini secos<\/strong> s\u00e3o o ingrediente perfeito para real\u00e7ar as suas cria\u00e7\u00f5es culin\u00e1rias. O seu sabor requintado e o seu aroma florestal fazem deles um verdadeiro tesouro para todas as suas prepara\u00e7\u00f5es. Ofere\u00e7a aos seus clientes ou convidados uma experi\u00eancia gustativa inesquec\u00edvel, incluindo estes <strong>cogumelos secos<\/strong> nas suas receitas!  <\/p>\n<p><!--more--><\/p>\n<h4><strong>Vantagens :<\/strong><\/h4>\n<ul>\n<li><strong data-start=\"2063\" data-end=\"2085\">O sabor aut\u00eantico<\/strong> e a fragr\u00e2ncia da floresta s\u00e3o preservados.<\/li>\n<li>Formato <strong data-start=\"2128\" data-end=\"2137\">de 500g<\/strong> ideal para a restaura\u00e7\u00e3o e para a cozinha dom\u00e9stica.<\/li>\n<li><strong data-start=\"2191\" data-end=\"2213\">Frasco PET herm\u00e9tico<\/strong> para uma conserva\u00e7\u00e3o duradoura.<\/li>\n<li>F\u00e1cil de preparar: <strong data-start=\"2274\" data-end=\"2306\">reidratar, enxaguar, escorrer<\/strong> e cozinhar.<\/li>\n<li>Um produto <strong data-start=\"2334\" data-end=\"2345\">natural<\/strong>, pr\u00e1tico e econ\u00f3mico para receitas refinadas.<\/li>\n<\/ul>\n<p>&nbsp;<\/p>\n<p><!--more--><\/p>\n<h4>Outras informa\u00e7\u00f5es :<\/h4>\n<ul>\n<li><strong>Embalagem<\/strong>: Frasco de 500g<\/li>\n<\/ul>\n<p>&nbsp;<\/p>\n<p><!--more--><\/p>\n<p><a href=\"https:\/\/www.csj-emballages.com\/pt-pt\/categorie-produit\/alimentacao-pt-pt\/cogumelos-secos\/\">Ver o resto da nossa gama de cogumelos secos<\/a><\/p>\n","protected":false},"excerpt":{"rendered":"<p>Cogumelos porcini secos Descri\u00e7\u00e3o dos nossos ceps secos B 500 gr em frasco PET<\/p>\n","protected":false},"featured_media":244176,"template":"","meta":{"_acf_changed":false},"product_brand":[],"product_cat":[1141,1151,9708],"product_tag":[],"class_list":{"0":"post-244187","1":"product","2":"type-product","3":"status-publish","4":"has-post-thumbnail","6":"product_cat-embalagem-de-alimentos","7":"product_cat-alimentacao-pt-pt","8":"product_cat-cogumelos-secos","10":"first","11":"instock","12":"taxable","13":"shipping-taxable","14":"purchasable","15":"product-type-simple"},"acf":[],"yoast_head":"<!-- This site is optimized with the Yoast SEO Premium plugin v26.6 (Yoast SEO v26.6) - https:\/\/yoast.com\/wordpress\/plugins\/seo\/ -->\n<title>Cepes secos B 500 gr em frasco PET<\/title>\n<meta name=\"description\" content=\"Saboreie o aroma intenso dos cogumelos porcini secos B 500g num frasco PET. Reidrate, cozinhe e realce os seus pratos com o seu sabor amadeirado \u00fanico.\" \/>\n<meta name=\"robots\" content=\"index, follow, max-snippet:-1, max-image-preview:large, max-video-preview:-1\" \/>\n<link rel=\"canonical\" href=\"https:\/\/www.csj-emballages.com\/pt-pt\/produit\/cepes-secos-b-500-gr-em-frasco-pet\/\" \/>\n<meta property=\"og:locale\" content=\"pt_PT\" \/>\n<meta property=\"og:type\" content=\"article\" \/>\n<meta property=\"og:title\" content=\"Cepes secos B 500 gr em frasco PET\" \/>\n<meta property=\"og:description\" content=\"Saboreie o aroma intenso dos cogumelos porcini secos B 500g num frasco PET. Reidrate, cozinhe e realce os seus pratos com o seu sabor amadeirado \u00fanico.\" \/>\n<meta property=\"og:url\" content=\"https:\/\/www.csj-emballages.com\/pt-pt\/produit\/cepes-secos-b-500-gr-em-frasco-pet\/\" \/>\n<meta property=\"og:site_name\" content=\"CSJ Emballages\" \/>\n<meta property=\"article:publisher\" content=\"https:\/\/www.facebook.com\/csjemballages\" \/>\n<meta property=\"article:modified_time\" content=\"2026-03-28T01:10:31+00:00\" \/>\n<meta property=\"og:image\" content=\"https:\/\/www.csj-emballages.com\/wp-content\/uploads\/2025\/09\/11502.webp\" \/>\n\t<meta property=\"og:image:width\" content=\"800\" \/>\n\t<meta property=\"og:image:height\" content=\"800\" \/>\n\t<meta property=\"og:image:type\" content=\"image\/webp\" \/>\n<meta name=\"twitter:card\" content=\"summary_large_image\" \/>\n<meta name=\"twitter:label1\" content=\"Tempo estimado de leitura\" \/>\n\t<meta name=\"twitter:data1\" content=\"2 minutos\" \/>\n<script type=\"application\/ld+json\" class=\"yoast-schema-graph\">{\"@context\":\"https:\/\/schema.org\",\"@graph\":[{\"@type\":\"WebPage\",\"@id\":\"https:\/\/www.csj-emballages.com\/pt-pt\/produit\/cepes-secos-b-500-gr-em-frasco-pet\/\",\"url\":\"https:\/\/www.csj-emballages.com\/pt-pt\/produit\/cepes-secos-b-500-gr-em-frasco-pet\/\",\"name\":\"Cepes secos B 500 gr em frasco PET\",\"isPartOf\":{\"@id\":\"https:\/\/www.csj-emballages.com\/pt-pt\/#website\"},\"primaryImageOfPage\":{\"@id\":\"https:\/\/www.csj-emballages.com\/pt-pt\/produit\/cepes-secos-b-500-gr-em-frasco-pet\/#primaryimage\"},\"image\":{\"@id\":\"https:\/\/www.csj-emballages.com\/pt-pt\/produit\/cepes-secos-b-500-gr-em-frasco-pet\/#primaryimage\"},\"thumbnailUrl\":\"https:\/\/www.csj-emballages.com\/wp-content\/uploads\/2025\/09\/11502.webp\",\"datePublished\":\"2025-09-15T07:48:49+00:00\",\"dateModified\":\"2026-03-28T01:10:31+00:00\",\"description\":\"Saboreie o aroma intenso dos cogumelos porcini secos B 500g num frasco PET. Reidrate, cozinhe e realce os seus pratos com o seu sabor amadeirado \u00fanico.\",\"breadcrumb\":{\"@id\":\"https:\/\/www.csj-emballages.com\/pt-pt\/produit\/cepes-secos-b-500-gr-em-frasco-pet\/#breadcrumb\"},\"inLanguage\":\"pt-PT\",\"potentialAction\":[{\"@type\":\"ReadAction\",\"target\":[\"https:\/\/www.csj-emballages.com\/pt-pt\/produit\/cepes-secos-b-500-gr-em-frasco-pet\/\"]}]},{\"@type\":\"ImageObject\",\"inLanguage\":\"pt-PT\",\"@id\":\"https:\/\/www.csj-emballages.com\/pt-pt\/produit\/cepes-secos-b-500-gr-em-frasco-pet\/#primaryimage\",\"url\":\"https:\/\/www.csj-emballages.com\/wp-content\/uploads\/2025\/09\/11502.webp\",\"contentUrl\":\"https:\/\/www.csj-emballages.com\/wp-content\/uploads\/2025\/09\/11502.webp\",\"width\":800,\"height\":800,\"caption\":\"C\u00e8pes s\u00e9ch\u00e9s\"},{\"@type\":\"BreadcrumbList\",\"@id\":\"https:\/\/www.csj-emballages.com\/pt-pt\/produit\/cepes-secos-b-500-gr-em-frasco-pet\/#breadcrumb\",\"itemListElement\":[{\"@type\":\"ListItem\",\"position\":1,\"name\":\"Acolhimento\",\"item\":\"https:\/\/www.csj-emballages.com\/pt-pt\/universo-das-embalagens-alimentares\/\"},{\"@type\":\"ListItem\",\"position\":2,\"name\":\"Shop\",\"item\":\"https:\/\/www.csj-emballages.com\/shop\/\"},{\"@type\":\"ListItem\",\"position\":3,\"name\":\"Cepes secos B 500 gr em frasco PET\"}]},{\"@type\":\"WebSite\",\"@id\":\"https:\/\/www.csj-emballages.com\/pt-pt\/#website\",\"url\":\"https:\/\/www.csj-emballages.com\/pt-pt\/\",\"name\":\"CSJ Emballages\",\"description\":\"\",\"publisher\":{\"@id\":\"https:\/\/www.csj-emballages.com\/pt-pt\/#organization\"},\"potentialAction\":[{\"@type\":\"SearchAction\",\"target\":{\"@type\":\"EntryPoint\",\"urlTemplate\":\"https:\/\/www.csj-emballages.com\/pt-pt\/?s={search_term_string}\"},\"query-input\":{\"@type\":\"PropertyValueSpecification\",\"valueRequired\":true,\"valueName\":\"search_term_string\"}}],\"inLanguage\":\"pt-PT\"},{\"@type\":\"Organization\",\"@id\":\"https:\/\/www.csj-emballages.com\/pt-pt\/#Organization\/\",\"name\":\"CSJ Emballages\",\"url\":\"https:\/\/www.csj-emballages.com\/pt-pt\/\",\"logo\":{\"@type\":\"ImageObject\",\"inLanguage\":\"pt-PT\",\"@id\":\"https:\/\/www.csj-emballages.com\/pt-pt\/#\/schema\/logo\/image\/\",\"url\":\"https:\/\/www.csj-emballages.com\/wp-content\/uploads\/2023\/10\/logo_csj.webp\",\"contentUrl\":\"https:\/\/www.csj-emballages.com\/wp-content\/uploads\/2023\/10\/logo_csj.webp\",\"width\":250,\"height\":95,\"caption\":\"CSJ Emballages\"},\"image\":{\"@id\":\"https:\/\/www.csj-emballages.com\/pt-pt\/#\/schema\/logo\/image\/\"},\"sameAs\":[\"https:\/\/www.facebook.com\/csjemballages\"],\"address\":{\"@type\":\"PostalAddress\",\"streetAddress\":\"ZI La Lechere\",\"addressLocality\":\"Patornay\",\"postalCode\":\"39130\",\"addressCountry\":\"FR\"},\"contactPoint\":[{\"@type\":\"ContactPoint\",\"contactType\":\"Service client\",\"telephone\":\"0384254272\",\"email\":\"contact@csj-emballages.com\"}]}]}<\/script>\n<!-- \/ Yoast SEO Premium plugin. -->","yoast_head_json":{"title":"Cepes secos B 500 gr em frasco PET","description":"Saboreie o aroma intenso dos cogumelos porcini secos B 500g num frasco PET. Reidrate, cozinhe e realce os seus pratos com o seu sabor amadeirado \u00fanico.","robots":{"index":"index","follow":"follow","max-snippet":"max-snippet:-1","max-image-preview":"max-image-preview:large","max-video-preview":"max-video-preview:-1"},"canonical":"https:\/\/www.csj-emballages.com\/pt-pt\/produit\/cepes-secos-b-500-gr-em-frasco-pet\/","og_locale":"pt_PT","og_type":"article","og_title":"Cepes secos B 500 gr em frasco PET","og_description":"Saboreie o aroma intenso dos cogumelos porcini secos B 500g num frasco PET. Reidrate, cozinhe e realce os seus pratos com o seu sabor amadeirado \u00fanico.","og_url":"https:\/\/www.csj-emballages.com\/pt-pt\/produit\/cepes-secos-b-500-gr-em-frasco-pet\/","og_site_name":"CSJ Emballages","article_publisher":"https:\/\/www.facebook.com\/csjemballages","article_modified_time":"2026-03-28T01:10:31+00:00","og_image":[{"width":800,"height":800,"url":"https:\/\/www.csj-emballages.com\/wp-content\/uploads\/2025\/09\/11502.webp","type":"image\/webp"}],"twitter_card":"summary_large_image","twitter_misc":{"Tempo estimado de leitura":"2 minutos"},"schema":{"@context":"https:\/\/schema.org","@graph":[{"@type":"WebPage","@id":"https:\/\/www.csj-emballages.com\/pt-pt\/produit\/cepes-secos-b-500-gr-em-frasco-pet\/","url":"https:\/\/www.csj-emballages.com\/pt-pt\/produit\/cepes-secos-b-500-gr-em-frasco-pet\/","name":"Cepes secos B 500 gr em frasco PET","isPartOf":{"@id":"https:\/\/www.csj-emballages.com\/pt-pt\/#website"},"primaryImageOfPage":{"@id":"https:\/\/www.csj-emballages.com\/pt-pt\/produit\/cepes-secos-b-500-gr-em-frasco-pet\/#primaryimage"},"image":{"@id":"https:\/\/www.csj-emballages.com\/pt-pt\/produit\/cepes-secos-b-500-gr-em-frasco-pet\/#primaryimage"},"thumbnailUrl":"https:\/\/www.csj-emballages.com\/wp-content\/uploads\/2025\/09\/11502.webp","datePublished":"2025-09-15T07:48:49+00:00","dateModified":"2026-03-28T01:10:31+00:00","description":"Saboreie o aroma intenso dos cogumelos porcini secos B 500g num frasco PET. Reidrate, cozinhe e realce os seus pratos com o seu sabor amadeirado \u00fanico.","breadcrumb":{"@id":"https:\/\/www.csj-emballages.com\/pt-pt\/produit\/cepes-secos-b-500-gr-em-frasco-pet\/#breadcrumb"},"inLanguage":"pt-PT","potentialAction":[{"@type":"ReadAction","target":["https:\/\/www.csj-emballages.com\/pt-pt\/produit\/cepes-secos-b-500-gr-em-frasco-pet\/"]}]},{"@type":"ImageObject","inLanguage":"pt-PT","@id":"https:\/\/www.csj-emballages.com\/pt-pt\/produit\/cepes-secos-b-500-gr-em-frasco-pet\/#primaryimage","url":"https:\/\/www.csj-emballages.com\/wp-content\/uploads\/2025\/09\/11502.webp","contentUrl":"https:\/\/www.csj-emballages.com\/wp-content\/uploads\/2025\/09\/11502.webp","width":800,"height":800,"caption":"C\u00e8pes s\u00e9ch\u00e9s"},{"@type":"BreadcrumbList","@id":"https:\/\/www.csj-emballages.com\/pt-pt\/produit\/cepes-secos-b-500-gr-em-frasco-pet\/#breadcrumb","itemListElement":[{"@type":"ListItem","position":1,"name":"Acolhimento","item":"https:\/\/www.csj-emballages.com\/pt-pt\/universo-das-embalagens-alimentares\/"},{"@type":"ListItem","position":2,"name":"Shop","item":"https:\/\/www.csj-emballages.com\/shop\/"},{"@type":"ListItem","position":3,"name":"Cepes secos B 500 gr em frasco PET"}]},{"@type":"WebSite","@id":"https:\/\/www.csj-emballages.com\/pt-pt\/#website","url":"https:\/\/www.csj-emballages.com\/pt-pt\/","name":"CSJ Emballages","description":"","publisher":{"@id":"https:\/\/www.csj-emballages.com\/pt-pt\/#organization"},"potentialAction":[{"@type":"SearchAction","target":{"@type":"EntryPoint","urlTemplate":"https:\/\/www.csj-emballages.com\/pt-pt\/?s={search_term_string}"},"query-input":{"@type":"PropertyValueSpecification","valueRequired":true,"valueName":"search_term_string"}}],"inLanguage":"pt-PT"},{"@type":"Organization","@id":"https:\/\/www.csj-emballages.com\/pt-pt\/#Organization\/","name":"CSJ Emballages","url":"https:\/\/www.csj-emballages.com\/pt-pt\/","logo":{"@type":"ImageObject","inLanguage":"pt-PT","@id":"https:\/\/www.csj-emballages.com\/pt-pt\/#\/schema\/logo\/image\/","url":"https:\/\/www.csj-emballages.com\/wp-content\/uploads\/2023\/10\/logo_csj.webp","contentUrl":"https:\/\/www.csj-emballages.com\/wp-content\/uploads\/2023\/10\/logo_csj.webp","width":250,"height":95,"caption":"CSJ Emballages"},"image":{"@id":"https:\/\/www.csj-emballages.com\/pt-pt\/#\/schema\/logo\/image\/"},"sameAs":["https:\/\/www.facebook.com\/csjemballages"],"address":{"@type":"PostalAddress","streetAddress":"ZI La Lechere","addressLocality":"Patornay","postalCode":"39130","addressCountry":"FR"},"contactPoint":[{"@type":"ContactPoint","contactType":"Service client","telephone":"0384254272","email":"contact@csj-emballages.com"}]}]}},"df_price":57.42,"df_sale_price":"","df_regular_price":57.42,"df_image_link":"https:\/\/www.csj-emballages.com\/wp-content\/uploads\/2025\/09\/11502-300x300.webp","tiered_pricing_type":"fixed","tiered_pricing_fixed_rules":[],"tiered_pricing_percentage_rules":[],"tiered_pricing_minimum":1,"tiered_pricing_roles_data":[],"_links":{"self":[{"href":"https:\/\/www.csj-emballages.com\/pt-pt\/wp-json\/wp\/v2\/product\/244187","targetHints":{"allow":["GET"]}}],"collection":[{"href":"https:\/\/www.csj-emballages.com\/pt-pt\/wp-json\/wp\/v2\/product"}],"about":[{"href":"https:\/\/www.csj-emballages.com\/pt-pt\/wp-json\/wp\/v2\/types\/product"}],"wp:featuredmedia":[{"embeddable":true,"href":"https:\/\/www.csj-emballages.com\/pt-pt\/wp-json\/wp\/v2\/media\/244176"}],"wp:attachment":[{"href":"https:\/\/www.csj-emballages.com\/pt-pt\/wp-json\/wp\/v2\/media?parent=244187"}],"wp:term":[{"taxonomy":"product_brand","embeddable":true,"href":"https:\/\/www.csj-emballages.com\/pt-pt\/wp-json\/wp\/v2\/product_brand?post=244187"},{"taxonomy":"product_cat","embeddable":true,"href":"https:\/\/www.csj-emballages.com\/pt-pt\/wp-json\/wp\/v2\/product_cat?post=244187"},{"taxonomy":"product_tag","embeddable":true,"href":"https:\/\/www.csj-emballages.com\/pt-pt\/wp-json\/wp\/v2\/product_tag?post=244187"}],"curies":[{"name":"wp","href":"https:\/\/api.w.org\/{rel}","templated":true}]}}