{"id":244146,"date":"2025-09-15T09:49:03","date_gmt":"2025-09-15T07:49:03","guid":{"rendered":"https:\/\/www.csj-emballages.com\/produit\/cantarelos-secos-extra-500-gr-em-frasco-pet\/"},"modified":"2026-03-28T02:10:32","modified_gmt":"2026-03-28T01:10:32","slug":"cantarelos-secos-extra-500-gr-em-frasco-pet","status":"publish","type":"product","link":"https:\/\/www.csj-emballages.com\/pt-pt\/produit\/cantarelos-secos-extra-500-gr-em-frasco-pet\/","title":{"rendered":"Cantarelos secos extra 500 gr em frasco PET"},"content":{"rendered":"<h2 class=\"p1\">Cantarelos secos<\/h2>\n<hr>\n<h3>Descri\u00e7\u00e3o dos nossos cogumelos chanterelles secos extra 500 gr em frasco PET<\/h3>\n<p><!--more--><\/p>\n<p data-start=\"0\" data-end=\"432\">Descubra a autenticidade do <strong data-start=\"61\" data-end=\"102\">chanterelle seco extra 500g num frasco PET<\/strong>, um must para os amantes da boa cozinha. Estes <strong data-start=\"165\" data-end=\"189\">cogumelos selvagens<\/strong> s\u00e3o cuidadosamente selecionados e depois suavemente secos para preservar todo o seu <strong data-start=\"276\" data-end=\"293\">sabor amadeirado<\/strong> e aroma delicado. Gra\u00e7as a este processo, pode desfrutar de um produto pr\u00e1tico e dispon\u00edvel durante todo o ano, sem comprometer o sabor.  <\/p>\n<p data-start=\"434\" data-end=\"873\">A sua prepara\u00e7\u00e3o n\u00e3o podia ser mais f\u00e1cil: comece por <strong data-start=\"489\" data-end=\"503\">reidratar<\/strong> os <strong>cantarelos secos<\/strong> em<strong data-start=\"527\" data-end=\"545\">\u00e1gua a ferver<\/strong> durante cerca de 20 minutos. Depois, lave-os bem, escorra-os e cozinhe-os como faria <strong data-start=\"649\" data-end=\"670\">com os cogumelos frescos<\/strong>. Este passo faz sobressair a sua textura tenra e o seu aroma \u00fanico, perfeito para real\u00e7ar uma grande variedade de receitas: risotos cremosos, molhos suaves, carnes em molho ou omeletas gourmet.  <\/p>\n<p data-start=\"875\" data-end=\"1212\">A embalagem em <strong data-start=\"897\" data-end=\"908\">frascos PET<\/strong> oferece uma excelente prote\u00e7\u00e3o contra a humidade e a luz, sendo f\u00e1cil de armazenar e voltar a fechar. Basta guardar o produto num local <strong data-start=\"1072\" data-end=\"1081\">fresco<\/strong>, seco e <strong data-start=\"1091\" data-end=\"1117\">escuro<\/strong>, ainda na sua <strong data-start=\"1137\" data-end=\"1160\">embalagem original<\/strong>, para manter toda a qualidade dos cogumelos. <\/p>\n<p data-start=\"1214\" data-end=\"1650\">Ao optar por estes <strong>cantarelos secos<\/strong>, pode poupar tempo e dar um <strong data-start=\"1294\" data-end=\"1318\">toque gourmet<\/strong> aos seus pratos. O seu longo prazo de validade torna-os um aliado ideal tanto para os profissionais da restaura\u00e7\u00e3o como para os entusiastas da cozinha caseira. Al\u00e9m disso, o seu tamanho generoso <strong>de 500 g<\/strong> significa que est\u00e3o sempre prontos a utilizar, perfeitos para refei\u00e7\u00f5es de conv\u00edvio ou cria\u00e7\u00f5es culin\u00e1rias em grande escala.  <\/p>\n<p data-start=\"1652\" data-end=\"1857\">Traga a natureza para o seu prato com estes <strong data-start=\"1699\" data-end=\"1725\">cantarelos extra-secos<\/strong>: uma explos\u00e3o de sabor, uma prepara\u00e7\u00e3o f\u00e1cil e uma qualidade preservada que conquistar\u00e1 os seus clientes ou convidados a cada dentada.<\/p>\n<p><!--more--><\/p>\n<h4><strong>Vantagens :<\/strong><\/h4>\n<ul>\n<li><strong data-start=\"2066\" data-end=\"2106\">Sabor intenso e aroma aut\u00eantico<\/strong> para pratos requintados.<\/li>\n<li><strong data-start=\"2136\" data-end=\"2159\">Longa dura\u00e7\u00e3o<\/strong> gra\u00e7as ao frasco herm\u00e9tico em PET.<\/li>\n<li><strong data-start=\"2193\" data-end=\"2215\">Simples de preparar<\/strong>: re-hidratar em 20 minutos e depois cozinhar tal como os cogumelos frescos.<\/li>\n<li><strong data-start=\"2288\" data-end=\"2304\">Formato de 500g<\/strong> perfeito para profissionais ou cozinheiros criativos.<\/li>\n<\/ul>\n<p>&nbsp;<\/p>\n<p><!--more--><\/p>\n<h4>Outras informa\u00e7\u00f5es :<\/h4>\n<ul>\n<li><strong>Embalagem<\/strong>: Frasco de 500g<\/li>\n<li><b>Tipo <\/b>: Extra<\/li>\n<\/ul>\n<p>&nbsp;<\/p>\n<p><!--more--><\/p>\n<p><a href=\"https:\/\/www.csj-emballages.com\/pt-pt\/categorie-produit\/alimentacao-pt-pt\/cogumelos-secos\/\">Ver o resto da nossa gama de cogumelos secos<\/a><\/p>\n","protected":false},"excerpt":{"rendered":"<p>Cantarelos secos Descri\u00e7\u00e3o dos nossos cogumelos chanterelles secos extra 500 gr em frasco PET<\/p>\n","protected":false},"featured_media":244138,"template":"","meta":{"_acf_changed":false},"product_brand":[],"product_cat":[1141,1151,9708],"product_tag":[],"class_list":{"0":"post-244146","1":"product","2":"type-product","3":"status-publish","4":"has-post-thumbnail","6":"product_cat-embalagem-de-alimentos","7":"product_cat-alimentacao-pt-pt","8":"product_cat-cogumelos-secos","10":"first","11":"instock","12":"taxable","13":"shipping-taxable","14":"purchasable","15":"product-type-simple"},"acf":[],"yoast_head":"<!-- This site is optimized with the Yoast SEO Premium plugin v26.6 (Yoast SEO v26.6) - https:\/\/yoast.com\/wordpress\/plugins\/seo\/ -->\n<title>Cantarelos secos Extra 500 gr em frasco PET<\/title>\n<meta name=\"description\" content=\"Cantarelos secos extra 500g num frasco PET: sabor amadeirado, f\u00e1cil prepara\u00e7\u00e3o, ideal para receitas gourmet durante todo o ano.\" \/>\n<meta name=\"robots\" content=\"index, follow, max-snippet:-1, max-image-preview:large, max-video-preview:-1\" \/>\n<link rel=\"canonical\" href=\"https:\/\/www.csj-emballages.com\/pt-pt\/produit\/cantarelos-secos-extra-500-gr-em-frasco-pet\/\" \/>\n<meta property=\"og:locale\" content=\"pt_PT\" \/>\n<meta property=\"og:type\" content=\"article\" \/>\n<meta property=\"og:title\" content=\"Cantarelos secos extra 500 gr em frasco PET\" \/>\n<meta property=\"og:description\" content=\"Cantarelos secos extra 500g num frasco PET: sabor amadeirado, f\u00e1cil prepara\u00e7\u00e3o, ideal para receitas gourmet durante todo o ano.\" \/>\n<meta property=\"og:url\" content=\"https:\/\/www.csj-emballages.com\/pt-pt\/produit\/cantarelos-secos-extra-500-gr-em-frasco-pet\/\" \/>\n<meta property=\"og:site_name\" content=\"CSJ Emballages\" \/>\n<meta property=\"article:publisher\" content=\"https:\/\/www.facebook.com\/csjemballages\" \/>\n<meta property=\"article:modified_time\" content=\"2026-03-28T01:10:32+00:00\" \/>\n<meta property=\"og:image\" content=\"https:\/\/www.csj-emballages.com\/wp-content\/uploads\/2025\/09\/11504.webp\" \/>\n\t<meta property=\"og:image:width\" content=\"800\" \/>\n\t<meta property=\"og:image:height\" content=\"800\" \/>\n\t<meta property=\"og:image:type\" content=\"image\/webp\" \/>\n<meta name=\"twitter:card\" content=\"summary_large_image\" \/>\n<meta name=\"twitter:label1\" content=\"Tempo estimado de leitura\" \/>\n\t<meta name=\"twitter:data1\" content=\"2 minutos\" \/>\n<script type=\"application\/ld+json\" class=\"yoast-schema-graph\">{\"@context\":\"https:\/\/schema.org\",\"@graph\":[{\"@type\":\"WebPage\",\"@id\":\"https:\/\/www.csj-emballages.com\/pt-pt\/produit\/cantarelos-secos-extra-500-gr-em-frasco-pet\/\",\"url\":\"https:\/\/www.csj-emballages.com\/pt-pt\/produit\/cantarelos-secos-extra-500-gr-em-frasco-pet\/\",\"name\":\"Cantarelos secos Extra 500 gr em frasco PET\",\"isPartOf\":{\"@id\":\"https:\/\/www.csj-emballages.com\/pt-pt\/#website\"},\"primaryImageOfPage\":{\"@id\":\"https:\/\/www.csj-emballages.com\/pt-pt\/produit\/cantarelos-secos-extra-500-gr-em-frasco-pet\/#primaryimage\"},\"image\":{\"@id\":\"https:\/\/www.csj-emballages.com\/pt-pt\/produit\/cantarelos-secos-extra-500-gr-em-frasco-pet\/#primaryimage\"},\"thumbnailUrl\":\"https:\/\/www.csj-emballages.com\/wp-content\/uploads\/2025\/09\/11504.webp\",\"datePublished\":\"2025-09-15T07:49:03+00:00\",\"dateModified\":\"2026-03-28T01:10:32+00:00\",\"description\":\"Cantarelos secos extra 500g num frasco PET: sabor amadeirado, f\u00e1cil prepara\u00e7\u00e3o, ideal para receitas gourmet durante todo o ano.\",\"breadcrumb\":{\"@id\":\"https:\/\/www.csj-emballages.com\/pt-pt\/produit\/cantarelos-secos-extra-500-gr-em-frasco-pet\/#breadcrumb\"},\"inLanguage\":\"pt-PT\",\"potentialAction\":[{\"@type\":\"ReadAction\",\"target\":[\"https:\/\/www.csj-emballages.com\/pt-pt\/produit\/cantarelos-secos-extra-500-gr-em-frasco-pet\/\"]}]},{\"@type\":\"ImageObject\",\"inLanguage\":\"pt-PT\",\"@id\":\"https:\/\/www.csj-emballages.com\/pt-pt\/produit\/cantarelos-secos-extra-500-gr-em-frasco-pet\/#primaryimage\",\"url\":\"https:\/\/www.csj-emballages.com\/wp-content\/uploads\/2025\/09\/11504.webp\",\"contentUrl\":\"https:\/\/www.csj-emballages.com\/wp-content\/uploads\/2025\/09\/11504.webp\",\"width\":800,\"height\":800,\"caption\":\"Girolles s\u00e9ch\u00e9es\"},{\"@type\":\"BreadcrumbList\",\"@id\":\"https:\/\/www.csj-emballages.com\/pt-pt\/produit\/cantarelos-secos-extra-500-gr-em-frasco-pet\/#breadcrumb\",\"itemListElement\":[{\"@type\":\"ListItem\",\"position\":1,\"name\":\"Acolhimento\",\"item\":\"https:\/\/www.csj-emballages.com\/pt-pt\/universo-das-embalagens-alimentares\/\"},{\"@type\":\"ListItem\",\"position\":2,\"name\":\"Shop\",\"item\":\"https:\/\/www.csj-emballages.com\/shop\/\"},{\"@type\":\"ListItem\",\"position\":3,\"name\":\"Cantarelos secos extra 500 gr em frasco PET\"}]},{\"@type\":\"WebSite\",\"@id\":\"https:\/\/www.csj-emballages.com\/pt-pt\/#website\",\"url\":\"https:\/\/www.csj-emballages.com\/pt-pt\/\",\"name\":\"CSJ Emballages\",\"description\":\"\",\"publisher\":{\"@id\":\"https:\/\/www.csj-emballages.com\/pt-pt\/#organization\"},\"potentialAction\":[{\"@type\":\"SearchAction\",\"target\":{\"@type\":\"EntryPoint\",\"urlTemplate\":\"https:\/\/www.csj-emballages.com\/pt-pt\/?s={search_term_string}\"},\"query-input\":{\"@type\":\"PropertyValueSpecification\",\"valueRequired\":true,\"valueName\":\"search_term_string\"}}],\"inLanguage\":\"pt-PT\"},{\"@type\":\"Organization\",\"@id\":\"https:\/\/www.csj-emballages.com\/pt-pt\/#Organization\/\",\"name\":\"CSJ Emballages\",\"url\":\"https:\/\/www.csj-emballages.com\/pt-pt\/\",\"logo\":{\"@type\":\"ImageObject\",\"inLanguage\":\"pt-PT\",\"@id\":\"https:\/\/www.csj-emballages.com\/pt-pt\/#\/schema\/logo\/image\/\",\"url\":\"https:\/\/www.csj-emballages.com\/wp-content\/uploads\/2023\/10\/logo_csj.webp\",\"contentUrl\":\"https:\/\/www.csj-emballages.com\/wp-content\/uploads\/2023\/10\/logo_csj.webp\",\"width\":250,\"height\":95,\"caption\":\"CSJ Emballages\"},\"image\":{\"@id\":\"https:\/\/www.csj-emballages.com\/pt-pt\/#\/schema\/logo\/image\/\"},\"sameAs\":[\"https:\/\/www.facebook.com\/csjemballages\"],\"address\":{\"@type\":\"PostalAddress\",\"streetAddress\":\"ZI La Lechere\",\"addressLocality\":\"Patornay\",\"postalCode\":\"39130\",\"addressCountry\":\"FR\"},\"contactPoint\":[{\"@type\":\"ContactPoint\",\"contactType\":\"Service client\",\"telephone\":\"0384254272\",\"email\":\"contact@csj-emballages.com\"}]}]}<\/script>\n<!-- \/ Yoast SEO Premium plugin. -->","yoast_head_json":{"title":"Cantarelos secos Extra 500 gr em frasco PET","description":"Cantarelos secos extra 500g num frasco PET: sabor amadeirado, f\u00e1cil prepara\u00e7\u00e3o, ideal para receitas gourmet durante todo o ano.","robots":{"index":"index","follow":"follow","max-snippet":"max-snippet:-1","max-image-preview":"max-image-preview:large","max-video-preview":"max-video-preview:-1"},"canonical":"https:\/\/www.csj-emballages.com\/pt-pt\/produit\/cantarelos-secos-extra-500-gr-em-frasco-pet\/","og_locale":"pt_PT","og_type":"article","og_title":"Cantarelos secos extra 500 gr em frasco PET","og_description":"Cantarelos secos extra 500g num frasco PET: sabor amadeirado, f\u00e1cil prepara\u00e7\u00e3o, ideal para receitas gourmet durante todo o ano.","og_url":"https:\/\/www.csj-emballages.com\/pt-pt\/produit\/cantarelos-secos-extra-500-gr-em-frasco-pet\/","og_site_name":"CSJ Emballages","article_publisher":"https:\/\/www.facebook.com\/csjemballages","article_modified_time":"2026-03-28T01:10:32+00:00","og_image":[{"width":800,"height":800,"url":"https:\/\/www.csj-emballages.com\/wp-content\/uploads\/2025\/09\/11504.webp","type":"image\/webp"}],"twitter_card":"summary_large_image","twitter_misc":{"Tempo estimado de leitura":"2 minutos"},"schema":{"@context":"https:\/\/schema.org","@graph":[{"@type":"WebPage","@id":"https:\/\/www.csj-emballages.com\/pt-pt\/produit\/cantarelos-secos-extra-500-gr-em-frasco-pet\/","url":"https:\/\/www.csj-emballages.com\/pt-pt\/produit\/cantarelos-secos-extra-500-gr-em-frasco-pet\/","name":"Cantarelos secos Extra 500 gr em frasco PET","isPartOf":{"@id":"https:\/\/www.csj-emballages.com\/pt-pt\/#website"},"primaryImageOfPage":{"@id":"https:\/\/www.csj-emballages.com\/pt-pt\/produit\/cantarelos-secos-extra-500-gr-em-frasco-pet\/#primaryimage"},"image":{"@id":"https:\/\/www.csj-emballages.com\/pt-pt\/produit\/cantarelos-secos-extra-500-gr-em-frasco-pet\/#primaryimage"},"thumbnailUrl":"https:\/\/www.csj-emballages.com\/wp-content\/uploads\/2025\/09\/11504.webp","datePublished":"2025-09-15T07:49:03+00:00","dateModified":"2026-03-28T01:10:32+00:00","description":"Cantarelos secos extra 500g num frasco PET: sabor amadeirado, f\u00e1cil prepara\u00e7\u00e3o, ideal para receitas gourmet durante todo o ano.","breadcrumb":{"@id":"https:\/\/www.csj-emballages.com\/pt-pt\/produit\/cantarelos-secos-extra-500-gr-em-frasco-pet\/#breadcrumb"},"inLanguage":"pt-PT","potentialAction":[{"@type":"ReadAction","target":["https:\/\/www.csj-emballages.com\/pt-pt\/produit\/cantarelos-secos-extra-500-gr-em-frasco-pet\/"]}]},{"@type":"ImageObject","inLanguage":"pt-PT","@id":"https:\/\/www.csj-emballages.com\/pt-pt\/produit\/cantarelos-secos-extra-500-gr-em-frasco-pet\/#primaryimage","url":"https:\/\/www.csj-emballages.com\/wp-content\/uploads\/2025\/09\/11504.webp","contentUrl":"https:\/\/www.csj-emballages.com\/wp-content\/uploads\/2025\/09\/11504.webp","width":800,"height":800,"caption":"Girolles s\u00e9ch\u00e9es"},{"@type":"BreadcrumbList","@id":"https:\/\/www.csj-emballages.com\/pt-pt\/produit\/cantarelos-secos-extra-500-gr-em-frasco-pet\/#breadcrumb","itemListElement":[{"@type":"ListItem","position":1,"name":"Acolhimento","item":"https:\/\/www.csj-emballages.com\/pt-pt\/universo-das-embalagens-alimentares\/"},{"@type":"ListItem","position":2,"name":"Shop","item":"https:\/\/www.csj-emballages.com\/shop\/"},{"@type":"ListItem","position":3,"name":"Cantarelos secos extra 500 gr em frasco PET"}]},{"@type":"WebSite","@id":"https:\/\/www.csj-emballages.com\/pt-pt\/#website","url":"https:\/\/www.csj-emballages.com\/pt-pt\/","name":"CSJ Emballages","description":"","publisher":{"@id":"https:\/\/www.csj-emballages.com\/pt-pt\/#organization"},"potentialAction":[{"@type":"SearchAction","target":{"@type":"EntryPoint","urlTemplate":"https:\/\/www.csj-emballages.com\/pt-pt\/?s={search_term_string}"},"query-input":{"@type":"PropertyValueSpecification","valueRequired":true,"valueName":"search_term_string"}}],"inLanguage":"pt-PT"},{"@type":"Organization","@id":"https:\/\/www.csj-emballages.com\/pt-pt\/#Organization\/","name":"CSJ Emballages","url":"https:\/\/www.csj-emballages.com\/pt-pt\/","logo":{"@type":"ImageObject","inLanguage":"pt-PT","@id":"https:\/\/www.csj-emballages.com\/pt-pt\/#\/schema\/logo\/image\/","url":"https:\/\/www.csj-emballages.com\/wp-content\/uploads\/2023\/10\/logo_csj.webp","contentUrl":"https:\/\/www.csj-emballages.com\/wp-content\/uploads\/2023\/10\/logo_csj.webp","width":250,"height":95,"caption":"CSJ Emballages"},"image":{"@id":"https:\/\/www.csj-emballages.com\/pt-pt\/#\/schema\/logo\/image\/"},"sameAs":["https:\/\/www.facebook.com\/csjemballages"],"address":{"@type":"PostalAddress","streetAddress":"ZI La Lechere","addressLocality":"Patornay","postalCode":"39130","addressCountry":"FR"},"contactPoint":[{"@type":"ContactPoint","contactType":"Service client","telephone":"0384254272","email":"contact@csj-emballages.com"}]}]}},"df_price":64.08,"df_sale_price":"","df_regular_price":64.08,"df_image_link":"https:\/\/www.csj-emballages.com\/wp-content\/uploads\/2025\/09\/11504-300x300.webp","tiered_pricing_type":"fixed","tiered_pricing_fixed_rules":[],"tiered_pricing_percentage_rules":[],"tiered_pricing_minimum":1,"tiered_pricing_roles_data":[],"_links":{"self":[{"href":"https:\/\/www.csj-emballages.com\/pt-pt\/wp-json\/wp\/v2\/product\/244146","targetHints":{"allow":["GET"]}}],"collection":[{"href":"https:\/\/www.csj-emballages.com\/pt-pt\/wp-json\/wp\/v2\/product"}],"about":[{"href":"https:\/\/www.csj-emballages.com\/pt-pt\/wp-json\/wp\/v2\/types\/product"}],"wp:featuredmedia":[{"embeddable":true,"href":"https:\/\/www.csj-emballages.com\/pt-pt\/wp-json\/wp\/v2\/media\/244138"}],"wp:attachment":[{"href":"https:\/\/www.csj-emballages.com\/pt-pt\/wp-json\/wp\/v2\/media?parent=244146"}],"wp:term":[{"taxonomy":"product_brand","embeddable":true,"href":"https:\/\/www.csj-emballages.com\/pt-pt\/wp-json\/wp\/v2\/product_brand?post=244146"},{"taxonomy":"product_cat","embeddable":true,"href":"https:\/\/www.csj-emballages.com\/pt-pt\/wp-json\/wp\/v2\/product_cat?post=244146"},{"taxonomy":"product_tag","embeddable":true,"href":"https:\/\/www.csj-emballages.com\/pt-pt\/wp-json\/wp\/v2\/product_tag?post=244146"}],"curies":[{"name":"wp","href":"https:\/\/api.w.org\/{rel}","templated":true}]}}