{"id":244128,"date":"2025-09-15T09:49:19","date_gmt":"2025-09-15T07:49:19","guid":{"rendered":"https:\/\/www.csj-emballages.com\/produit\/trombetas-secas-extra-500-gr-em-frasco-pet\/"},"modified":"2026-04-09T02:11:06","modified_gmt":"2026-04-09T00:11:06","slug":"trombetas-secas-extra-500-gr-em-frasco-pet","status":"publish","type":"product","link":"https:\/\/www.csj-emballages.com\/pt-pt\/produit\/trombetas-secas-extra-500-gr-em-frasco-pet\/","title":{"rendered":"Trombetas secas extra 500 gr em frasco PET"},"content":{"rendered":"<h2 class=\"p1\">Trombetas secas<\/h2>\n<hr>\n<h3>Descri\u00e7\u00e3o das nossas trompetas secas extra 500 gr em frasco PET<\/h3>\n<p><!--more--><\/p>\n<p data-start=\"0\" data-end=\"415\">Descubra as nossas <strong data-start=\"44\" data-end=\"89\">trompetas secas extra 500g em frascos PET<\/strong>, um verdadeiro convite a del\u00edcias gourmet para chefes, <strong data-start=\"149\" data-end=\"162\">fornecedores<\/strong> e entusiastas da gastronomia. Cuidadosamente colhidos e depois <strong>secos<\/strong> para preservar o seu aroma amadeirado, estes <strong data-start=\"260\" data-end=\"287\">cogumelos excepcionais<\/strong> distinguem-se pela sua qualidade<strong data-start=\"320\" data-end=\"338\"> extra<\/strong>, garantindo uma textura perfeita e um sabor intenso. <\/p>\n<p data-start=\"417\" data-end=\"936\">Para real\u00e7ar todo o seu sabor, basta <strong data-start=\"466\" data-end=\"480\">reidrat\u00e1-los<\/strong>: mergulhe-os em<strong data-start=\"505\" data-end=\"523\">\u00e1gua a ferver<\/strong> durante 20 minutos. Depois, enxag\u00fae-os bem, escorra-os e cozinhe-os tal como <strong data-start=\"615\" data-end=\"636\">os cogumelos frescos<\/strong>. Gra\u00e7as a esta simples etapa, pode desfrutar de um produto pr\u00e1tico que conserva a autenticidade da colheita. Quer seja num molho cremoso, num risotto perfumado, num prato de legumes fritos ou num recheio gourmet, estas <strong>trombetas da morte<\/strong> v\u00e3o real\u00e7ar as suas receitas e dar um toque florestal inimit\u00e1vel.   <\/p>\n<p data-start=\"938\" data-end=\"1367\">O acondicionamento em <strong data-start=\"960\" data-end=\"971\">frasco PET<\/strong> oferece uma s\u00e9rie de vantagens: protege os cogumelos da luz e da humidade e preserva o seu aroma \u00fanico. Al\u00e9m disso, \u00e9 f\u00e1cil de guardar e voltar a fechar, o que o torna ideal para uma utiliza\u00e7\u00e3o gradual sem perda de qualidade. Basta guardar o frasco num local <strong data-start=\"1251\" data-end=\"1260\">fresco<\/strong>, seco e ao abrigo da luz, na sua <strong data-start=\"1302\" data-end=\"1325\">embalagem original<\/strong>, para garantir uma longa dura\u00e7\u00e3o.  <\/p>\n<p data-start=\"1369\" data-end=\"1717\">Ao escolher as nossas <strong>trompetas extra-secas<\/strong>, est\u00e1 a optar por um ingrediente natural, rico em sabor e tradi\u00e7\u00e3o culin\u00e1ria. Poupam tempo na cozinha, preservando o sabor aut\u00eantico do produto fresco. Em suma, estas <strong data-start=\"1605\" data-end=\"1633\">trompetas secas<\/strong> s\u00e3o o segredo de pratos requintados e saborosos, prontos a surpreender os seus convidados.  <\/p>\n<p><!--more--><\/p>\n<h4><strong>Vantagens :<\/strong><\/h4>\n<ul>\n<li><strong data-start=\"2019\" data-end=\"2032\">Pr\u00e1tico<\/strong>: frasco PET de prote\u00e7\u00e3o que pode ser fechado novamente.<\/li>\n<li><strong data-start=\"2073\" data-end=\"2093\">Sabor conservado<\/strong>: aroma amadeirado intacto ap\u00f3s reidrata\u00e7\u00e3o.<\/li>\n<li><strong data-start=\"2140\" data-end=\"2155\">Versatilidade<\/strong>: pode ser utilizado numa vasta gama de receitas gourmet.<\/li>\n<\/ul>\n<p>&nbsp;<\/p>\n<p><!--more--><\/p>\n<h4>Outras informa\u00e7\u00f5es :<\/h4>\n<ul>\n<li><strong>Embalagem<\/strong>: Frasco de 500g<\/li>\n<li><b>Tipo <\/b>: Extra<\/li>\n<\/ul>\n<p>&nbsp;<\/p>\n<p><!--more--><\/p>\n<p><a href=\"https:\/\/www.csj-emballages.com\/pt-pt\/categorie-produit\/alimentacao-pt-pt\/cogumelos-secos\/\">Ver o resto da nossa gama de cogumelos secos<\/a><\/p>\n","protected":false},"excerpt":{"rendered":"<p>Trombetas secas Descri\u00e7\u00e3o das nossas trompetas secas extra 500 gr em frasco PET<\/p>\n","protected":false},"featured_media":244115,"template":"","meta":{"_acf_changed":false},"product_brand":[],"product_cat":[1141,1151,9708],"product_tag":[],"class_list":{"0":"post-244128","1":"product","2":"type-product","3":"status-publish","4":"has-post-thumbnail","6":"product_cat-embalagem-de-alimentos","7":"product_cat-alimentacao-pt-pt","8":"product_cat-cogumelos-secos","10":"first","11":"instock","12":"taxable","13":"shipping-taxable","14":"purchasable","15":"product-type-simple"},"acf":[],"yoast_head":"<!-- This site is optimized with the Yoast SEO Premium plugin v26.6 (Yoast SEO v26.6) - https:\/\/yoast.com\/wordpress\/plugins\/seo\/ -->\n<title>Trombetas secas extra 500 gr em frasco PET<\/title>\n<meta name=\"description\" content=\"Trompetas secas extra 500g num frasco PET, qualidade de restaura\u00e7\u00e3o, f\u00e1cil de reidratar para pratos com um aroma amadeirado e um sabor intenso.\" \/>\n<meta name=\"robots\" content=\"index, follow, max-snippet:-1, max-image-preview:large, max-video-preview:-1\" \/>\n<link rel=\"canonical\" href=\"https:\/\/www.csj-emballages.com\/pt-pt\/produit\/trombetas-secas-extra-500-gr-em-frasco-pet\/\" \/>\n<meta property=\"og:locale\" content=\"pt_PT\" \/>\n<meta property=\"og:type\" content=\"article\" \/>\n<meta property=\"og:title\" content=\"Trombetas secas extra 500 gr em frasco PET\" \/>\n<meta property=\"og:description\" content=\"Trompetas secas extra 500g num frasco PET, qualidade de restaura\u00e7\u00e3o, f\u00e1cil de reidratar para pratos com um aroma amadeirado e um sabor intenso.\" \/>\n<meta property=\"og:url\" content=\"https:\/\/www.csj-emballages.com\/pt-pt\/produit\/trombetas-secas-extra-500-gr-em-frasco-pet\/\" \/>\n<meta property=\"og:site_name\" content=\"CSJ Emballages\" \/>\n<meta property=\"article:publisher\" content=\"https:\/\/www.facebook.com\/csjemballages\" \/>\n<meta property=\"article:modified_time\" content=\"2026-04-09T00:11:06+00:00\" \/>\n<meta property=\"og:image\" content=\"https:\/\/www.csj-emballages.com\/wp-content\/uploads\/2025\/09\/11508-.webp\" \/>\n\t<meta property=\"og:image:width\" content=\"800\" \/>\n\t<meta property=\"og:image:height\" content=\"800\" \/>\n\t<meta property=\"og:image:type\" content=\"image\/webp\" \/>\n<meta name=\"twitter:card\" content=\"summary_large_image\" \/>\n<meta name=\"twitter:label1\" content=\"Tempo estimado de leitura\" \/>\n\t<meta name=\"twitter:data1\" content=\"2 minutos\" \/>\n<script type=\"application\/ld+json\" class=\"yoast-schema-graph\">{\"@context\":\"https:\/\/schema.org\",\"@graph\":[{\"@type\":\"WebPage\",\"@id\":\"https:\/\/www.csj-emballages.com\/pt-pt\/produit\/trombetas-secas-extra-500-gr-em-frasco-pet\/\",\"url\":\"https:\/\/www.csj-emballages.com\/pt-pt\/produit\/trombetas-secas-extra-500-gr-em-frasco-pet\/\",\"name\":\"Trombetas secas extra 500 gr em frasco PET\",\"isPartOf\":{\"@id\":\"https:\/\/www.csj-emballages.com\/pt-pt\/#website\"},\"primaryImageOfPage\":{\"@id\":\"https:\/\/www.csj-emballages.com\/pt-pt\/produit\/trombetas-secas-extra-500-gr-em-frasco-pet\/#primaryimage\"},\"image\":{\"@id\":\"https:\/\/www.csj-emballages.com\/pt-pt\/produit\/trombetas-secas-extra-500-gr-em-frasco-pet\/#primaryimage\"},\"thumbnailUrl\":\"https:\/\/www.csj-emballages.com\/wp-content\/uploads\/2025\/09\/11508-.webp\",\"datePublished\":\"2025-09-15T07:49:19+00:00\",\"dateModified\":\"2026-04-09T00:11:06+00:00\",\"description\":\"Trompetas secas extra 500g num frasco PET, qualidade de restaura\u00e7\u00e3o, f\u00e1cil de reidratar para pratos com um aroma amadeirado e um sabor intenso.\",\"breadcrumb\":{\"@id\":\"https:\/\/www.csj-emballages.com\/pt-pt\/produit\/trombetas-secas-extra-500-gr-em-frasco-pet\/#breadcrumb\"},\"inLanguage\":\"pt-PT\",\"potentialAction\":[{\"@type\":\"ReadAction\",\"target\":[\"https:\/\/www.csj-emballages.com\/pt-pt\/produit\/trombetas-secas-extra-500-gr-em-frasco-pet\/\"]}]},{\"@type\":\"ImageObject\",\"inLanguage\":\"pt-PT\",\"@id\":\"https:\/\/www.csj-emballages.com\/pt-pt\/produit\/trombetas-secas-extra-500-gr-em-frasco-pet\/#primaryimage\",\"url\":\"https:\/\/www.csj-emballages.com\/wp-content\/uploads\/2025\/09\/11508-.webp\",\"contentUrl\":\"https:\/\/www.csj-emballages.com\/wp-content\/uploads\/2025\/09\/11508-.webp\",\"width\":800,\"height\":800,\"caption\":\"Trompettes extra\"},{\"@type\":\"BreadcrumbList\",\"@id\":\"https:\/\/www.csj-emballages.com\/pt-pt\/produit\/trombetas-secas-extra-500-gr-em-frasco-pet\/#breadcrumb\",\"itemListElement\":[{\"@type\":\"ListItem\",\"position\":1,\"name\":\"Acolhimento\",\"item\":\"https:\/\/www.csj-emballages.com\/pt-pt\/universo-das-embalagens-alimentares\/\"},{\"@type\":\"ListItem\",\"position\":2,\"name\":\"Shop\",\"item\":\"https:\/\/www.csj-emballages.com\/shop\/\"},{\"@type\":\"ListItem\",\"position\":3,\"name\":\"Trombetas secas extra 500 gr em frasco PET\"}]},{\"@type\":\"WebSite\",\"@id\":\"https:\/\/www.csj-emballages.com\/pt-pt\/#website\",\"url\":\"https:\/\/www.csj-emballages.com\/pt-pt\/\",\"name\":\"CSJ Emballages\",\"description\":\"\",\"publisher\":{\"@id\":\"https:\/\/www.csj-emballages.com\/pt-pt\/#organization\"},\"potentialAction\":[{\"@type\":\"SearchAction\",\"target\":{\"@type\":\"EntryPoint\",\"urlTemplate\":\"https:\/\/www.csj-emballages.com\/pt-pt\/?s={search_term_string}\"},\"query-input\":{\"@type\":\"PropertyValueSpecification\",\"valueRequired\":true,\"valueName\":\"search_term_string\"}}],\"inLanguage\":\"pt-PT\"},{\"@type\":\"Organization\",\"@id\":\"https:\/\/www.csj-emballages.com\/pt-pt\/#Organization\/\",\"name\":\"CSJ Emballages\",\"url\":\"https:\/\/www.csj-emballages.com\/pt-pt\/\",\"logo\":{\"@type\":\"ImageObject\",\"inLanguage\":\"pt-PT\",\"@id\":\"https:\/\/www.csj-emballages.com\/pt-pt\/#\/schema\/logo\/image\/\",\"url\":\"https:\/\/www.csj-emballages.com\/wp-content\/uploads\/2023\/10\/logo_csj.webp\",\"contentUrl\":\"https:\/\/www.csj-emballages.com\/wp-content\/uploads\/2023\/10\/logo_csj.webp\",\"width\":250,\"height\":95,\"caption\":\"CSJ Emballages\"},\"image\":{\"@id\":\"https:\/\/www.csj-emballages.com\/pt-pt\/#\/schema\/logo\/image\/\"},\"sameAs\":[\"https:\/\/www.facebook.com\/csjemballages\"],\"address\":{\"@type\":\"PostalAddress\",\"streetAddress\":\"ZI La Lechere\",\"addressLocality\":\"Patornay\",\"postalCode\":\"39130\",\"addressCountry\":\"FR\"},\"contactPoint\":[{\"@type\":\"ContactPoint\",\"contactType\":\"Service client\",\"telephone\":\"0384254272\",\"email\":\"contact@csj-emballages.com\"}]}]}<\/script>\n<!-- \/ Yoast SEO Premium plugin. -->","yoast_head_json":{"title":"Trombetas secas extra 500 gr em frasco PET","description":"Trompetas secas extra 500g num frasco PET, qualidade de restaura\u00e7\u00e3o, f\u00e1cil de reidratar para pratos com um aroma amadeirado e um sabor intenso.","robots":{"index":"index","follow":"follow","max-snippet":"max-snippet:-1","max-image-preview":"max-image-preview:large","max-video-preview":"max-video-preview:-1"},"canonical":"https:\/\/www.csj-emballages.com\/pt-pt\/produit\/trombetas-secas-extra-500-gr-em-frasco-pet\/","og_locale":"pt_PT","og_type":"article","og_title":"Trombetas secas extra 500 gr em frasco PET","og_description":"Trompetas secas extra 500g num frasco PET, qualidade de restaura\u00e7\u00e3o, f\u00e1cil de reidratar para pratos com um aroma amadeirado e um sabor intenso.","og_url":"https:\/\/www.csj-emballages.com\/pt-pt\/produit\/trombetas-secas-extra-500-gr-em-frasco-pet\/","og_site_name":"CSJ Emballages","article_publisher":"https:\/\/www.facebook.com\/csjemballages","article_modified_time":"2026-04-09T00:11:06+00:00","og_image":[{"width":800,"height":800,"url":"https:\/\/www.csj-emballages.com\/wp-content\/uploads\/2025\/09\/11508-.webp","type":"image\/webp"}],"twitter_card":"summary_large_image","twitter_misc":{"Tempo estimado de leitura":"2 minutos"},"schema":{"@context":"https:\/\/schema.org","@graph":[{"@type":"WebPage","@id":"https:\/\/www.csj-emballages.com\/pt-pt\/produit\/trombetas-secas-extra-500-gr-em-frasco-pet\/","url":"https:\/\/www.csj-emballages.com\/pt-pt\/produit\/trombetas-secas-extra-500-gr-em-frasco-pet\/","name":"Trombetas secas extra 500 gr em frasco PET","isPartOf":{"@id":"https:\/\/www.csj-emballages.com\/pt-pt\/#website"},"primaryImageOfPage":{"@id":"https:\/\/www.csj-emballages.com\/pt-pt\/produit\/trombetas-secas-extra-500-gr-em-frasco-pet\/#primaryimage"},"image":{"@id":"https:\/\/www.csj-emballages.com\/pt-pt\/produit\/trombetas-secas-extra-500-gr-em-frasco-pet\/#primaryimage"},"thumbnailUrl":"https:\/\/www.csj-emballages.com\/wp-content\/uploads\/2025\/09\/11508-.webp","datePublished":"2025-09-15T07:49:19+00:00","dateModified":"2026-04-09T00:11:06+00:00","description":"Trompetas secas extra 500g num frasco PET, qualidade de restaura\u00e7\u00e3o, f\u00e1cil de reidratar para pratos com um aroma amadeirado e um sabor intenso.","breadcrumb":{"@id":"https:\/\/www.csj-emballages.com\/pt-pt\/produit\/trombetas-secas-extra-500-gr-em-frasco-pet\/#breadcrumb"},"inLanguage":"pt-PT","potentialAction":[{"@type":"ReadAction","target":["https:\/\/www.csj-emballages.com\/pt-pt\/produit\/trombetas-secas-extra-500-gr-em-frasco-pet\/"]}]},{"@type":"ImageObject","inLanguage":"pt-PT","@id":"https:\/\/www.csj-emballages.com\/pt-pt\/produit\/trombetas-secas-extra-500-gr-em-frasco-pet\/#primaryimage","url":"https:\/\/www.csj-emballages.com\/wp-content\/uploads\/2025\/09\/11508-.webp","contentUrl":"https:\/\/www.csj-emballages.com\/wp-content\/uploads\/2025\/09\/11508-.webp","width":800,"height":800,"caption":"Trompettes extra"},{"@type":"BreadcrumbList","@id":"https:\/\/www.csj-emballages.com\/pt-pt\/produit\/trombetas-secas-extra-500-gr-em-frasco-pet\/#breadcrumb","itemListElement":[{"@type":"ListItem","position":1,"name":"Acolhimento","item":"https:\/\/www.csj-emballages.com\/pt-pt\/universo-das-embalagens-alimentares\/"},{"@type":"ListItem","position":2,"name":"Shop","item":"https:\/\/www.csj-emballages.com\/shop\/"},{"@type":"ListItem","position":3,"name":"Trombetas secas extra 500 gr em frasco PET"}]},{"@type":"WebSite","@id":"https:\/\/www.csj-emballages.com\/pt-pt\/#website","url":"https:\/\/www.csj-emballages.com\/pt-pt\/","name":"CSJ Emballages","description":"","publisher":{"@id":"https:\/\/www.csj-emballages.com\/pt-pt\/#organization"},"potentialAction":[{"@type":"SearchAction","target":{"@type":"EntryPoint","urlTemplate":"https:\/\/www.csj-emballages.com\/pt-pt\/?s={search_term_string}"},"query-input":{"@type":"PropertyValueSpecification","valueRequired":true,"valueName":"search_term_string"}}],"inLanguage":"pt-PT"},{"@type":"Organization","@id":"https:\/\/www.csj-emballages.com\/pt-pt\/#Organization\/","name":"CSJ Emballages","url":"https:\/\/www.csj-emballages.com\/pt-pt\/","logo":{"@type":"ImageObject","inLanguage":"pt-PT","@id":"https:\/\/www.csj-emballages.com\/pt-pt\/#\/schema\/logo\/image\/","url":"https:\/\/www.csj-emballages.com\/wp-content\/uploads\/2023\/10\/logo_csj.webp","contentUrl":"https:\/\/www.csj-emballages.com\/wp-content\/uploads\/2023\/10\/logo_csj.webp","width":250,"height":95,"caption":"CSJ Emballages"},"image":{"@id":"https:\/\/www.csj-emballages.com\/pt-pt\/#\/schema\/logo\/image\/"},"sameAs":["https:\/\/www.facebook.com\/csjemballages"],"address":{"@type":"PostalAddress","streetAddress":"ZI La Lechere","addressLocality":"Patornay","postalCode":"39130","addressCountry":"FR"},"contactPoint":[{"@type":"ContactPoint","contactType":"Service client","telephone":"0384254272","email":"contact@csj-emballages.com"}]}]}},"df_price":57.17,"df_sale_price":"","df_regular_price":57.17,"df_image_link":"https:\/\/www.csj-emballages.com\/wp-content\/uploads\/2025\/09\/11508--300x300.webp","tiered_pricing_type":"fixed","tiered_pricing_fixed_rules":[],"tiered_pricing_percentage_rules":[],"tiered_pricing_minimum":1,"tiered_pricing_roles_data":[],"_links":{"self":[{"href":"https:\/\/www.csj-emballages.com\/pt-pt\/wp-json\/wp\/v2\/product\/244128","targetHints":{"allow":["GET"]}}],"collection":[{"href":"https:\/\/www.csj-emballages.com\/pt-pt\/wp-json\/wp\/v2\/product"}],"about":[{"href":"https:\/\/www.csj-emballages.com\/pt-pt\/wp-json\/wp\/v2\/types\/product"}],"wp:featuredmedia":[{"embeddable":true,"href":"https:\/\/www.csj-emballages.com\/pt-pt\/wp-json\/wp\/v2\/media\/244115"}],"wp:attachment":[{"href":"https:\/\/www.csj-emballages.com\/pt-pt\/wp-json\/wp\/v2\/media?parent=244128"}],"wp:term":[{"taxonomy":"product_brand","embeddable":true,"href":"https:\/\/www.csj-emballages.com\/pt-pt\/wp-json\/wp\/v2\/product_brand?post=244128"},{"taxonomy":"product_cat","embeddable":true,"href":"https:\/\/www.csj-emballages.com\/pt-pt\/wp-json\/wp\/v2\/product_cat?post=244128"},{"taxonomy":"product_tag","embeddable":true,"href":"https:\/\/www.csj-emballages.com\/pt-pt\/wp-json\/wp\/v2\/product_tag?post=244128"}],"curies":[{"name":"wp","href":"https:\/\/api.w.org\/{rel}","templated":true}]}}