{"id":244101,"date":"2025-09-15T09:48:38","date_gmt":"2025-09-15T07:48:38","guid":{"rendered":"https:\/\/www.csj-emballages.com\/produit\/morcelas-selvagens-60-40-500-gr\/"},"modified":"2026-04-21T02:10:38","modified_gmt":"2026-04-21T00:10:38","slug":"morcelas-selvagens-60-40-500-gr","status":"publish","type":"product","link":"https:\/\/www.csj-emballages.com\/pt-pt\/produit\/morcelas-selvagens-60-40-500-gr\/","title":{"rendered":"Morcelas selvagens 60\/40 500 gr"},"content":{"rendered":"<h2>Morcelas selvagens<\/h2>\n<hr>\n<h3>Descri\u00e7\u00e3o dos nossos morcelas selvagens 60\/40 500 gr<\/h3>\n<p><!--more--><\/p>\n<p data-start=\"0\" data-end=\"595\">Descubra a autenticidade dos morcelas <strong data-start=\"66\" data-end=\"110\">selvagens 60\/40 &#8211; 500 g<\/strong>, um verdadeiro tesouro gastron\u00f3mico que ir\u00e1 valorizar os seus pratos. Cuidadosamente colhidas, estas <strong data-start=\"200\" data-end=\"212\">morcelas<\/strong> distinguem-se pela sua qualidade <strong data-start=\"245\" data-end=\"263\">Extra delicatessen<\/strong>, composta por <strong data-start=\"277\" data-end=\"294\">60% de cabe\u00e7as<\/strong> carnudas e <strong data-start=\"307\" data-end=\"325\">40% de caudas saborosas<\/strong>, para uma experi\u00eancia culin\u00e1ria refinada e equilibrada. Gra\u00e7as ao seu aroma amadeirado \u00fanico, d\u00e3o um toque de car\u00e1cter e eleg\u00e2ncia a todas as suas cria\u00e7\u00f5es, quer seja um risoto gourmet, um molho cremoso ou um prato de carne nobre.  <\/p>\n<p data-start=\"597\" data-end=\"1065\">A prepara\u00e7\u00e3o destes <strong data-start=\"610\" data-end=\"637\">cogumelos excepcionais<\/strong> \u00e9 r\u00e1pida e f\u00e1cil. Basta <g id=\"gid_1\">rehidrat\u00e1-los em \u00e1gua a ferver durante 20 minutos<\/g>, depois enxaguar <g id=\"gid_2\">bem<\/g> e <g id=\"gid_3\">escorrer cuidadosamente<\/g>. Em seguida, cozinhe-os como faria com <strong data-start=\"842\" data-end=\"863\">os cogumelos frescos<\/strong>, apreciando a sua textura que derrete na boca e o seu sabor intenso. Esta prepara\u00e7\u00e3o garante uma qualidade \u00f3ptima e um sabor preservado, ideal para chefes e entusiastas da cozinha caseira.   <\/p>\n<p data-start=\"1067\" data-end=\"1320\">Para conservar todo o seu sabor, conserve as morcelas <strong data-start=\"1121\" data-end=\"1154\">num local fresco e seco<\/strong>, ao abrigo da luz e, sobretudo, na sua <strong data-start=\"1201\" data-end=\"1224\">embalagem original<\/strong>. Desta forma, pode ter a certeza de obter o aut\u00eantico aroma da floresta sempre que os abrir. <\/p>\n<p data-start=\"1322\" data-end=\"1663\">Quer seja um <strong data-start=\"1340\" data-end=\"1352\">fornecedor de refei\u00e7\u00f5es<\/strong>, um restaurador ou simplesmente um amante de comida gourmet, estas <strong>morcelas selvagens 60\/40<\/strong> s\u00e3o perfeitas para melhorar os seus menus ou surpreender os seus convidados num jantar requintado. Com o seu pr\u00e1tico formato de <strong>500 g<\/strong>, s\u00e3o t\u00e3o adequados para prepara\u00e7\u00f5es profissionais como para refei\u00e7\u00f5es gourmet em casa. <\/p>\n<p data-start=\"1665\" data-end=\"1888\">D\u00ea aos seus pratos um sabor inigual\u00e1vel e fa\u00e7a de cada dentada um convite \u00e0 descoberta. <strong data-start=\"1768\" data-end=\"1804\">Os morcelas selvagens 60\/40<\/strong> s\u00e3o o segredo de uma cozinha generosa, perfumada e simplesmente irresist\u00edvel. <\/p>\n<p><!--more--><\/p>\n<h4><strong>Vantagens :<\/strong><\/h4>\n<ul>\n<li><strong data-start=\"2103\" data-end=\"2129\">Qualidade de restaura\u00e7\u00e3o extra<\/strong>: 60% cabe\u00e7as, 40% caudas para um sabor equilibrado.<\/li>\n<li><strong data-start=\"2184\" data-end=\"2206\">Prepara\u00e7\u00e3o r\u00e1pida<\/strong>: rehidrata-se em apenas 20 minutos.<\/li>\n<li><strong data-start=\"2252\" data-end=\"2275\">Aroma amadeirado intenso<\/strong> para pratos gourmet \u00fanicos.<\/li>\n<li><strong data-start=\"2319\" data-end=\"2342\">Armazenamento a longo prazo<\/strong> na embalagem original, ao abrigo da luz.<\/li>\n<li>Ideal para <strong data-start=\"2410\" data-end=\"2466\">fornecedores de refei\u00e7\u00f5es, restauradores e amantes da boa cozinha.<\/strong><\/li>\n<\/ul>\n<p>&nbsp;<\/p>\n<p><!--more--><\/p>\n<h4>Outras informa\u00e7\u00f5es :<\/h4>\n<ul>\n<li><strong>Embalagem<\/strong>: Frasco de 500g<\/li>\n<li><b>Tipo <\/b>: 60\/40 delicatessen (60% de cabe\u00e7as de morcelas secas e 40% de caules de morcelas secas)<\/li>\n<li><strong>Origem<\/strong>: N\u00e3o UE<\/li>\n<\/ul>\n<p>&nbsp;<\/p>\n<p><!--more--><\/p>\n<p>Descubra aqui todas as nossas variedades de morcelas: <span style=\"color: #d12727;\"><br \/>\n  <a style=\"color: #d12727;\" href=\"https:\/\/www.csj-emballages.com\/es\/produit\/colmenillas-silvestres-especiales-b-500-gr-en-tarro-pet\/\">Especial B morcelas selvagens<\/a><br \/>\n<\/span> \/ <span style=\"color: #d12727;\"><br \/>\n  <a style=\"color: #d12727;\" href=\"https:\/\/www.csj-emballages.com\/es\/produit\/colmenillas-silvestres-especiales-a-500-gr-en-tarro-pet\/\">Morcelas selvagens especiais A<\/a><br \/>\n<\/span><\/p>\n<p>&nbsp;<\/p>\n<p><!--more--><\/p>\n<p><a href=\"https:\/\/www.csj-emballages.com\/pt-pt\/categorie-produit\/alimentacao-pt-pt\/cogumelos-secos\/\">Ver o resto da nossa gama de cogumelos secos<\/a><\/p>\n","protected":false},"excerpt":{"rendered":"<p>Morcelas selvagens Descri\u00e7\u00e3o dos nossos morcelas selvagens 60\/40 500 gr<\/p>\n","protected":false},"featured_media":244108,"template":"","meta":{"_acf_changed":false},"product_brand":[],"product_cat":[1141,1151,9708],"product_tag":[],"class_list":{"0":"post-244101","1":"product","2":"type-product","3":"status-publish","4":"has-post-thumbnail","6":"product_cat-embalagem-de-alimentos","7":"product_cat-alimentacao-pt-pt","8":"product_cat-cogumelos-secos","10":"first","11":"instock","12":"taxable","13":"shipping-taxable","14":"purchasable","15":"product-type-simple"},"acf":[],"yoast_head":"<!-- This site is optimized with the Yoast SEO Premium plugin v26.6 (Yoast SEO v26.6) - https:\/\/yoast.com\/wordpress\/plugins\/seo\/ -->\n<title>Traiteur Morcelas selvagens 60\/40 500 gr<\/title>\n<meta name=\"description\" content=\"Morcelas selvagens de catering 60\/40 - 500 g: aroma amadeirado, cabe\u00e7as e caules de morcelas, f\u00e1ceis de reidratar e de cozinhar para pratos requintados.\" \/>\n<meta name=\"robots\" content=\"index, follow, max-snippet:-1, max-image-preview:large, max-video-preview:-1\" \/>\n<link rel=\"canonical\" href=\"https:\/\/www.csj-emballages.com\/pt-pt\/produit\/morcelas-selvagens-60-40-500-gr\/\" \/>\n<meta property=\"og:locale\" content=\"pt_PT\" \/>\n<meta property=\"og:type\" content=\"article\" \/>\n<meta property=\"og:title\" content=\"Morcelas selvagens 60\/40 500 gr\" \/>\n<meta property=\"og:description\" content=\"Morcelas selvagens de catering 60\/40 - 500 g: aroma amadeirado, cabe\u00e7as e caules de morcelas, f\u00e1ceis de reidratar e de cozinhar para pratos requintados.\" \/>\n<meta property=\"og:url\" content=\"https:\/\/www.csj-emballages.com\/pt-pt\/produit\/morcelas-selvagens-60-40-500-gr\/\" \/>\n<meta property=\"og:site_name\" content=\"CSJ Emballages\" \/>\n<meta property=\"article:publisher\" content=\"https:\/\/www.facebook.com\/csjemballages\" \/>\n<meta property=\"article:modified_time\" content=\"2026-04-21T00:10:38+00:00\" \/>\n<meta property=\"og:image\" content=\"https:\/\/www.csj-emballages.com\/wp-content\/uploads\/2025\/09\/11500-1-1.webp\" \/>\n\t<meta property=\"og:image:width\" content=\"800\" \/>\n\t<meta property=\"og:image:height\" content=\"800\" \/>\n\t<meta property=\"og:image:type\" content=\"image\/webp\" \/>\n<meta name=\"twitter:card\" content=\"summary_large_image\" \/>\n<meta name=\"twitter:label1\" content=\"Tempo estimado de leitura\" \/>\n\t<meta name=\"twitter:data1\" content=\"2 minutos\" \/>\n<script type=\"application\/ld+json\" class=\"yoast-schema-graph\">{\"@context\":\"https:\/\/schema.org\",\"@graph\":[{\"@type\":\"WebPage\",\"@id\":\"https:\/\/www.csj-emballages.com\/pt-pt\/produit\/morcelas-selvagens-60-40-500-gr\/\",\"url\":\"https:\/\/www.csj-emballages.com\/pt-pt\/produit\/morcelas-selvagens-60-40-500-gr\/\",\"name\":\"Traiteur Morcelas selvagens 60\/40 500 gr\",\"isPartOf\":{\"@id\":\"https:\/\/www.csj-emballages.com\/pt-pt\/#website\"},\"primaryImageOfPage\":{\"@id\":\"https:\/\/www.csj-emballages.com\/pt-pt\/produit\/morcelas-selvagens-60-40-500-gr\/#primaryimage\"},\"image\":{\"@id\":\"https:\/\/www.csj-emballages.com\/pt-pt\/produit\/morcelas-selvagens-60-40-500-gr\/#primaryimage\"},\"thumbnailUrl\":\"https:\/\/www.csj-emballages.com\/wp-content\/uploads\/2025\/09\/11500-1-1.webp\",\"datePublished\":\"2025-09-15T07:48:38+00:00\",\"dateModified\":\"2026-04-21T00:10:38+00:00\",\"description\":\"Morcelas selvagens de catering 60\/40 - 500 g: aroma amadeirado, cabe\u00e7as e caules de morcelas, f\u00e1ceis de reidratar e de cozinhar para pratos requintados.\",\"breadcrumb\":{\"@id\":\"https:\/\/www.csj-emballages.com\/pt-pt\/produit\/morcelas-selvagens-60-40-500-gr\/#breadcrumb\"},\"inLanguage\":\"pt-PT\",\"potentialAction\":[{\"@type\":\"ReadAction\",\"target\":[\"https:\/\/www.csj-emballages.com\/pt-pt\/produit\/morcelas-selvagens-60-40-500-gr\/\"]}]},{\"@type\":\"ImageObject\",\"inLanguage\":\"pt-PT\",\"@id\":\"https:\/\/www.csj-emballages.com\/pt-pt\/produit\/morcelas-selvagens-60-40-500-gr\/#primaryimage\",\"url\":\"https:\/\/www.csj-emballages.com\/wp-content\/uploads\/2025\/09\/11500-1-1.webp\",\"contentUrl\":\"https:\/\/www.csj-emballages.com\/wp-content\/uploads\/2025\/09\/11500-1-1.webp\",\"width\":800,\"height\":800,\"caption\":\"Morilles sauvages\"},{\"@type\":\"BreadcrumbList\",\"@id\":\"https:\/\/www.csj-emballages.com\/pt-pt\/produit\/morcelas-selvagens-60-40-500-gr\/#breadcrumb\",\"itemListElement\":[{\"@type\":\"ListItem\",\"position\":1,\"name\":\"Acolhimento\",\"item\":\"https:\/\/www.csj-emballages.com\/pt-pt\/universo-das-embalagens-alimentares\/\"},{\"@type\":\"ListItem\",\"position\":2,\"name\":\"Shop\",\"item\":\"https:\/\/www.csj-emballages.com\/shop\/\"},{\"@type\":\"ListItem\",\"position\":3,\"name\":\"Morcelas selvagens 60\/40 500 gr\"}]},{\"@type\":\"WebSite\",\"@id\":\"https:\/\/www.csj-emballages.com\/pt-pt\/#website\",\"url\":\"https:\/\/www.csj-emballages.com\/pt-pt\/\",\"name\":\"CSJ Emballages\",\"description\":\"\",\"publisher\":{\"@id\":\"https:\/\/www.csj-emballages.com\/pt-pt\/#organization\"},\"potentialAction\":[{\"@type\":\"SearchAction\",\"target\":{\"@type\":\"EntryPoint\",\"urlTemplate\":\"https:\/\/www.csj-emballages.com\/pt-pt\/?s={search_term_string}\"},\"query-input\":{\"@type\":\"PropertyValueSpecification\",\"valueRequired\":true,\"valueName\":\"search_term_string\"}}],\"inLanguage\":\"pt-PT\"},{\"@type\":\"Organization\",\"@id\":\"https:\/\/www.csj-emballages.com\/pt-pt\/#Organization\/\",\"name\":\"CSJ Emballages\",\"url\":\"https:\/\/www.csj-emballages.com\/pt-pt\/\",\"logo\":{\"@type\":\"ImageObject\",\"inLanguage\":\"pt-PT\",\"@id\":\"https:\/\/www.csj-emballages.com\/pt-pt\/#\/schema\/logo\/image\/\",\"url\":\"https:\/\/www.csj-emballages.com\/wp-content\/uploads\/2023\/10\/logo_csj.webp\",\"contentUrl\":\"https:\/\/www.csj-emballages.com\/wp-content\/uploads\/2023\/10\/logo_csj.webp\",\"width\":250,\"height\":95,\"caption\":\"CSJ Emballages\"},\"image\":{\"@id\":\"https:\/\/www.csj-emballages.com\/pt-pt\/#\/schema\/logo\/image\/\"},\"sameAs\":[\"https:\/\/www.facebook.com\/csjemballages\"],\"address\":{\"@type\":\"PostalAddress\",\"streetAddress\":\"ZI La Lechere\",\"addressLocality\":\"Patornay\",\"postalCode\":\"39130\",\"addressCountry\":\"FR\"},\"contactPoint\":[{\"@type\":\"ContactPoint\",\"contactType\":\"Service client\",\"telephone\":\"0384254272\",\"email\":\"contact@csj-emballages.com\"}]}]}<\/script>\n<!-- \/ Yoast SEO Premium plugin. -->","yoast_head_json":{"title":"Traiteur Morcelas selvagens 60\/40 500 gr","description":"Morcelas selvagens de catering 60\/40 - 500 g: aroma amadeirado, cabe\u00e7as e caules de morcelas, f\u00e1ceis de reidratar e de cozinhar para pratos requintados.","robots":{"index":"index","follow":"follow","max-snippet":"max-snippet:-1","max-image-preview":"max-image-preview:large","max-video-preview":"max-video-preview:-1"},"canonical":"https:\/\/www.csj-emballages.com\/pt-pt\/produit\/morcelas-selvagens-60-40-500-gr\/","og_locale":"pt_PT","og_type":"article","og_title":"Morcelas selvagens 60\/40 500 gr","og_description":"Morcelas selvagens de catering 60\/40 - 500 g: aroma amadeirado, cabe\u00e7as e caules de morcelas, f\u00e1ceis de reidratar e de cozinhar para pratos requintados.","og_url":"https:\/\/www.csj-emballages.com\/pt-pt\/produit\/morcelas-selvagens-60-40-500-gr\/","og_site_name":"CSJ Emballages","article_publisher":"https:\/\/www.facebook.com\/csjemballages","article_modified_time":"2026-04-21T00:10:38+00:00","og_image":[{"width":800,"height":800,"url":"https:\/\/www.csj-emballages.com\/wp-content\/uploads\/2025\/09\/11500-1-1.webp","type":"image\/webp"}],"twitter_card":"summary_large_image","twitter_misc":{"Tempo estimado de leitura":"2 minutos"},"schema":{"@context":"https:\/\/schema.org","@graph":[{"@type":"WebPage","@id":"https:\/\/www.csj-emballages.com\/pt-pt\/produit\/morcelas-selvagens-60-40-500-gr\/","url":"https:\/\/www.csj-emballages.com\/pt-pt\/produit\/morcelas-selvagens-60-40-500-gr\/","name":"Traiteur Morcelas selvagens 60\/40 500 gr","isPartOf":{"@id":"https:\/\/www.csj-emballages.com\/pt-pt\/#website"},"primaryImageOfPage":{"@id":"https:\/\/www.csj-emballages.com\/pt-pt\/produit\/morcelas-selvagens-60-40-500-gr\/#primaryimage"},"image":{"@id":"https:\/\/www.csj-emballages.com\/pt-pt\/produit\/morcelas-selvagens-60-40-500-gr\/#primaryimage"},"thumbnailUrl":"https:\/\/www.csj-emballages.com\/wp-content\/uploads\/2025\/09\/11500-1-1.webp","datePublished":"2025-09-15T07:48:38+00:00","dateModified":"2026-04-21T00:10:38+00:00","description":"Morcelas selvagens de catering 60\/40 - 500 g: aroma amadeirado, cabe\u00e7as e caules de morcelas, f\u00e1ceis de reidratar e de cozinhar para pratos requintados.","breadcrumb":{"@id":"https:\/\/www.csj-emballages.com\/pt-pt\/produit\/morcelas-selvagens-60-40-500-gr\/#breadcrumb"},"inLanguage":"pt-PT","potentialAction":[{"@type":"ReadAction","target":["https:\/\/www.csj-emballages.com\/pt-pt\/produit\/morcelas-selvagens-60-40-500-gr\/"]}]},{"@type":"ImageObject","inLanguage":"pt-PT","@id":"https:\/\/www.csj-emballages.com\/pt-pt\/produit\/morcelas-selvagens-60-40-500-gr\/#primaryimage","url":"https:\/\/www.csj-emballages.com\/wp-content\/uploads\/2025\/09\/11500-1-1.webp","contentUrl":"https:\/\/www.csj-emballages.com\/wp-content\/uploads\/2025\/09\/11500-1-1.webp","width":800,"height":800,"caption":"Morilles sauvages"},{"@type":"BreadcrumbList","@id":"https:\/\/www.csj-emballages.com\/pt-pt\/produit\/morcelas-selvagens-60-40-500-gr\/#breadcrumb","itemListElement":[{"@type":"ListItem","position":1,"name":"Acolhimento","item":"https:\/\/www.csj-emballages.com\/pt-pt\/universo-das-embalagens-alimentares\/"},{"@type":"ListItem","position":2,"name":"Shop","item":"https:\/\/www.csj-emballages.com\/shop\/"},{"@type":"ListItem","position":3,"name":"Morcelas selvagens 60\/40 500 gr"}]},{"@type":"WebSite","@id":"https:\/\/www.csj-emballages.com\/pt-pt\/#website","url":"https:\/\/www.csj-emballages.com\/pt-pt\/","name":"CSJ Emballages","description":"","publisher":{"@id":"https:\/\/www.csj-emballages.com\/pt-pt\/#organization"},"potentialAction":[{"@type":"SearchAction","target":{"@type":"EntryPoint","urlTemplate":"https:\/\/www.csj-emballages.com\/pt-pt\/?s={search_term_string}"},"query-input":{"@type":"PropertyValueSpecification","valueRequired":true,"valueName":"search_term_string"}}],"inLanguage":"pt-PT"},{"@type":"Organization","@id":"https:\/\/www.csj-emballages.com\/pt-pt\/#Organization\/","name":"CSJ Emballages","url":"https:\/\/www.csj-emballages.com\/pt-pt\/","logo":{"@type":"ImageObject","inLanguage":"pt-PT","@id":"https:\/\/www.csj-emballages.com\/pt-pt\/#\/schema\/logo\/image\/","url":"https:\/\/www.csj-emballages.com\/wp-content\/uploads\/2023\/10\/logo_csj.webp","contentUrl":"https:\/\/www.csj-emballages.com\/wp-content\/uploads\/2023\/10\/logo_csj.webp","width":250,"height":95,"caption":"CSJ Emballages"},"image":{"@id":"https:\/\/www.csj-emballages.com\/pt-pt\/#\/schema\/logo\/image\/"},"sameAs":["https:\/\/www.facebook.com\/csjemballages"],"address":{"@type":"PostalAddress","streetAddress":"ZI La Lechere","addressLocality":"Patornay","postalCode":"39130","addressCountry":"FR"},"contactPoint":[{"@type":"ContactPoint","contactType":"Service client","telephone":"0384254272","email":"contact@csj-emballages.com"}]}]}},"df_price":64.96,"df_sale_price":"","df_regular_price":64.96,"df_image_link":"https:\/\/www.csj-emballages.com\/wp-content\/uploads\/2025\/09\/11500-1-1-300x300.webp","tiered_pricing_type":"fixed","tiered_pricing_fixed_rules":[],"tiered_pricing_percentage_rules":[],"tiered_pricing_minimum":1,"tiered_pricing_roles_data":[],"_links":{"self":[{"href":"https:\/\/www.csj-emballages.com\/pt-pt\/wp-json\/wp\/v2\/product\/244101","targetHints":{"allow":["GET"]}}],"collection":[{"href":"https:\/\/www.csj-emballages.com\/pt-pt\/wp-json\/wp\/v2\/product"}],"about":[{"href":"https:\/\/www.csj-emballages.com\/pt-pt\/wp-json\/wp\/v2\/types\/product"}],"wp:featuredmedia":[{"embeddable":true,"href":"https:\/\/www.csj-emballages.com\/pt-pt\/wp-json\/wp\/v2\/media\/244108"}],"wp:attachment":[{"href":"https:\/\/www.csj-emballages.com\/pt-pt\/wp-json\/wp\/v2\/media?parent=244101"}],"wp:term":[{"taxonomy":"product_brand","embeddable":true,"href":"https:\/\/www.csj-emballages.com\/pt-pt\/wp-json\/wp\/v2\/product_brand?post=244101"},{"taxonomy":"product_cat","embeddable":true,"href":"https:\/\/www.csj-emballages.com\/pt-pt\/wp-json\/wp\/v2\/product_cat?post=244101"},{"taxonomy":"product_tag","embeddable":true,"href":"https:\/\/www.csj-emballages.com\/pt-pt\/wp-json\/wp\/v2\/product_tag?post=244101"}],"curies":[{"name":"wp","href":"https:\/\/api.w.org\/{rel}","templated":true}]}}