{"id":244042,"date":"2025-09-15T09:49:25","date_gmt":"2025-09-15T07:49:25","guid":{"rendered":"https:\/\/www.csj-emballages.com\/produit\/morcelas-selvagens-especiais-a-500-gr-em-frasco-pet\/"},"modified":"2026-04-24T02:10:41","modified_gmt":"2026-04-24T00:10:41","slug":"morcelas-selvagens-especiais-a-500-gr-em-frasco-pet","status":"publish","type":"product","link":"https:\/\/www.csj-emballages.com\/pt-pt\/produit\/morcelas-selvagens-especiais-a-500-gr-em-frasco-pet\/","title":{"rendered":"Morcelas selvagens especiais A 500 gr em frasco PET"},"content":{"rendered":"<h2>Morcelas selvagens<\/h2>\n<hr>\n<h3>Descri\u00e7\u00e3o das nossas morcelas selvagens especiais Um frasco PET de 500 g<\/h3>\n<p><!--more--><\/p>\n<p data-start=\"0\" data-end=\"368\">Descubra o aut\u00eantico prazer dos <strong data-start=\"67\" data-end=\"100\">Morilles Selvagens Especiais A<\/strong> num <strong>frasco PET<\/strong> <strong data-start=\"115\" data-end=\"124\">de 500 g<\/strong>, um produto excecional que far\u00e1 as del\u00edcias dos conhecedores gourmet e dos chefes apaixonados. Estas <strong>morcelas<\/strong> <strong data-start=\"229\" data-end=\"255\">especiais (sem talo)<\/strong> distinguem-se pelo seu aroma amadeirado e pela sua textura \u00fanica, ideal para real\u00e7ar os seus pratos mais requintados. <\/p>\n<p data-start=\"370\" data-end=\"812\">Para tirar o m\u00e1ximo partido do seu sabor, basta <strong data-start=\"424\" data-end=\"454\">reidratar os cogumelos<\/strong> em<strong data-start=\"465\" data-end=\"483\">\u00e1gua a ferver<\/strong> durante cerca de <strong data-start=\"500\" data-end=\"514\">20 minutos<\/strong>. Depois, enxag\u00fae-os <g id=\"gid_3\">bem<\/g>, escorra-os cuidadosamente e cozinhe-os tal como <g id=\"gid_4\">os cogumelos frescos<\/g>. Este processo simples d\u00e1-lhe todo o aroma delicado e requintado dos <strong>cogumelos morel<\/strong>, perfeito para um molho cremoso, um risoto gourmet ou um prato de carne branca frito na frigideira.  <\/p>\n<p data-start=\"814\" data-end=\"1216\">Para al\u00e9m do seu sabor not\u00e1vel, estas <strong>morcelas selvagens<\/strong> s\u00e3o acondicionadas num <strong data-start=\"888\" data-end=\"899\">frasco PET<\/strong> resistente e herm\u00e9tico para uma conserva\u00e7\u00e3o \u00f3ptima. Para conservar a sua qualidade, \u00e9 necess\u00e1rio mant\u00ea-los <g id=\"gid_2\">num<\/g> <g id=\"gid_3\">local<\/g> <g id=\"gid_2\">fresco<\/g> e <g id=\"gid_3\">seco<\/g>, ao abrigo da <g id=\"gid_4\">luz<\/g> e na sua <g id=\"gid_5\">embalagem original<\/g>. Esta embalagem pr\u00e1tica permite-lhe tamb\u00e9m conservar os seus <strong>cogumelos<\/strong> intactos e prontos a utilizar em qualquer altura.  <\/p>\n<p data-start=\"1218\" data-end=\"1533\">Quer se trate de um restaurador, de um fornecedor ou de um cozinheiro dom\u00e9stico, este formato de <strong data-start=\"1301\" data-end=\"1310\">500 g<\/strong> \u00e9 perfeito para prepara\u00e7\u00f5es generosas e receitas criativas. Al\u00e9m disso, a sua origem <strong>selvagem<\/strong> garante-lhe um produto de qualidade superior que dar\u00e1 um toque de autenticidade a cada prato. <\/p>\n<p data-start=\"1535\" data-end=\"1752\">Deixe-se seduzir pela riqueza arom\u00e1tica das morcelas, um elemento essencial da gastronomia francesa. Gra\u00e7as \u00e0 sua <strong data-start=\"1657\" data-end=\"1676\">qualidade superior<\/strong>, transformam cada refei\u00e7\u00e3o numa experi\u00eancia culin\u00e1ria inesquec\u00edvel. <\/p>\n<p><!--more--><\/p>\n<h4><strong>Vantagens :<\/strong><\/h4>\n<ul>\n<li><strong data-start=\"1970\" data-end=\"1989\">Qualidade superior<\/strong>: morcelas selvagens sem cauda para uma textura e um sabor superiores.<\/li>\n<li><strong data-start=\"2065\" data-end=\"2087\">F\u00e1cil de preparar<\/strong>: reidrata-se rapidamente em 20 minutos.<\/li>\n<li><strong data-start=\"2130\" data-end=\"2155\">Conserva\u00e7\u00e3o \u00f3ptima<\/strong>: frasco PET herm\u00e9tico e de longa dura\u00e7\u00e3o.<\/li>\n<li><strong data-start=\"2196\" data-end=\"2221\">Versatilidade culin\u00e1ria<\/strong>: molhos, risotos, carnes ou pratos gourmet.<\/li>\n<\/ul>\n<p>&nbsp;<\/p>\n<p><!--more--><\/p>\n<h4>Outras informa\u00e7\u00f5es :<\/h4>\n<ul>\n<li><strong>Embalagem<\/strong>: Frasco de 500g<\/li>\n<li><b>Tipo <\/b>: Especial A (sem cauda)<\/li>\n<li><strong>Origem<\/strong>: N\u00e3o UE<\/li>\n<\/ul>\n<p>&nbsp;<\/p>\n<p><!--more--><\/p>\n<p>Descubra aqui todas as nossas variedades de morcelas: <span style=\"color: #d12727;\"><br \/>\n  <a style=\"color: #d12727;\" href=\"https:\/\/www.csj-emballages.com\/es\/produit\/colmenillas-silvestres-especiales-b-500-gr-en-tarro-pet\/\">Especial B morcelas selvagens<\/a><br \/>\n<\/span> \/ <span style=\"color: #d12727;\"><br \/>\n  <a style=\"color: #d12727;\" href=\"https:\/\/www.csj-emballages.com\/es\/produit\/colmenillas-silvestres-60-40-500-gr\/\">Morcelas silvestres de catering 60\/40<\/a><br \/>\n<\/span><\/p>\n<p>&nbsp;<\/p>\n<p><!--more--><\/p>\n<p><a href=\"https:\/\/www.csj-emballages.com\/pt-pt\/categorie-produit\/alimentacao-pt-pt\/cogumelos-secos\/\">Ver o resto da nossa gama de cogumelos secos<\/a><\/p>\n","protected":false},"excerpt":{"rendered":"<p>Morcelas selvagens Descri\u00e7\u00e3o das nossas morcelas selvagens especiais Um frasco PET de 500 g<\/p>\n","protected":false},"featured_media":244051,"template":"","meta":{"_acf_changed":false},"product_brand":[],"product_cat":[1141,1151,9708],"product_tag":[],"class_list":{"0":"post-244042","1":"product","2":"type-product","3":"status-publish","4":"has-post-thumbnail","6":"product_cat-embalagem-de-alimentos","7":"product_cat-alimentacao-pt-pt","8":"product_cat-cogumelos-secos","10":"first","11":"instock","12":"taxable","13":"shipping-taxable","14":"purchasable","15":"product-type-simple"},"acf":[],"yoast_head":"<!-- This site is optimized with the Yoast SEO Premium plugin v26.6 (Yoast SEO v26.6) - https:\/\/yoast.com\/wordpress\/plugins\/seo\/ -->\n<title>Special Wild Morels A Frasco PET de 500 g<\/title>\n<meta name=\"description\" content=\"Morcelas selvagens Special A 500 g sem cauda. Reidratar durante 20 minutos, enxaguar e cozinhar como fresco. Frasco PET pr\u00e1tico, aroma amadeirado garantido.\" \/>\n<meta name=\"robots\" content=\"index, follow, max-snippet:-1, max-image-preview:large, max-video-preview:-1\" \/>\n<link rel=\"canonical\" href=\"https:\/\/www.csj-emballages.com\/pt-pt\/produit\/morcelas-selvagens-especiais-a-500-gr-em-frasco-pet\/\" \/>\n<meta property=\"og:locale\" content=\"pt_PT\" \/>\n<meta property=\"og:type\" content=\"article\" \/>\n<meta property=\"og:title\" content=\"Morcelas selvagens especiais A 500 gr em frasco PET\" \/>\n<meta property=\"og:description\" content=\"Morcelas selvagens Special A 500 g sem cauda. Reidratar durante 20 minutos, enxaguar e cozinhar como fresco. Frasco PET pr\u00e1tico, aroma amadeirado garantido.\" \/>\n<meta property=\"og:url\" content=\"https:\/\/www.csj-emballages.com\/pt-pt\/produit\/morcelas-selvagens-especiais-a-500-gr-em-frasco-pet\/\" \/>\n<meta property=\"og:site_name\" content=\"CSJ Emballages\" \/>\n<meta property=\"article:publisher\" content=\"https:\/\/www.facebook.com\/csjemballages\" \/>\n<meta property=\"article:modified_time\" content=\"2026-04-24T00:10:41+00:00\" \/>\n<meta property=\"og:image\" content=\"https:\/\/www.csj-emballages.com\/wp-content\/uploads\/2025\/09\/11509-1.webp\" \/>\n\t<meta property=\"og:image:width\" content=\"800\" \/>\n\t<meta property=\"og:image:height\" content=\"800\" \/>\n\t<meta property=\"og:image:type\" content=\"image\/webp\" \/>\n<meta name=\"twitter:card\" content=\"summary_large_image\" \/>\n<meta name=\"twitter:label1\" content=\"Tempo estimado de leitura\" \/>\n\t<meta name=\"twitter:data1\" content=\"2 minutos\" \/>\n<script type=\"application\/ld+json\" class=\"yoast-schema-graph\">{\"@context\":\"https:\/\/schema.org\",\"@graph\":[{\"@type\":\"WebPage\",\"@id\":\"https:\/\/www.csj-emballages.com\/pt-pt\/produit\/morcelas-selvagens-especiais-a-500-gr-em-frasco-pet\/\",\"url\":\"https:\/\/www.csj-emballages.com\/pt-pt\/produit\/morcelas-selvagens-especiais-a-500-gr-em-frasco-pet\/\",\"name\":\"Special Wild Morels A Frasco PET de 500 g\",\"isPartOf\":{\"@id\":\"https:\/\/www.csj-emballages.com\/pt-pt\/#website\"},\"primaryImageOfPage\":{\"@id\":\"https:\/\/www.csj-emballages.com\/pt-pt\/produit\/morcelas-selvagens-especiais-a-500-gr-em-frasco-pet\/#primaryimage\"},\"image\":{\"@id\":\"https:\/\/www.csj-emballages.com\/pt-pt\/produit\/morcelas-selvagens-especiais-a-500-gr-em-frasco-pet\/#primaryimage\"},\"thumbnailUrl\":\"https:\/\/www.csj-emballages.com\/wp-content\/uploads\/2025\/09\/11509-1.webp\",\"datePublished\":\"2025-09-15T07:49:25+00:00\",\"dateModified\":\"2026-04-24T00:10:41+00:00\",\"description\":\"Morcelas selvagens Special A 500 g sem cauda. Reidratar durante 20 minutos, enxaguar e cozinhar como fresco. Frasco PET pr\u00e1tico, aroma amadeirado garantido.\",\"breadcrumb\":{\"@id\":\"https:\/\/www.csj-emballages.com\/pt-pt\/produit\/morcelas-selvagens-especiais-a-500-gr-em-frasco-pet\/#breadcrumb\"},\"inLanguage\":\"pt-PT\",\"potentialAction\":[{\"@type\":\"ReadAction\",\"target\":[\"https:\/\/www.csj-emballages.com\/pt-pt\/produit\/morcelas-selvagens-especiais-a-500-gr-em-frasco-pet\/\"]}]},{\"@type\":\"ImageObject\",\"inLanguage\":\"pt-PT\",\"@id\":\"https:\/\/www.csj-emballages.com\/pt-pt\/produit\/morcelas-selvagens-especiais-a-500-gr-em-frasco-pet\/#primaryimage\",\"url\":\"https:\/\/www.csj-emballages.com\/wp-content\/uploads\/2025\/09\/11509-1.webp\",\"contentUrl\":\"https:\/\/www.csj-emballages.com\/wp-content\/uploads\/2025\/09\/11509-1.webp\",\"width\":800,\"height\":800,\"caption\":\"Morilles sauvages\"},{\"@type\":\"BreadcrumbList\",\"@id\":\"https:\/\/www.csj-emballages.com\/pt-pt\/produit\/morcelas-selvagens-especiais-a-500-gr-em-frasco-pet\/#breadcrumb\",\"itemListElement\":[{\"@type\":\"ListItem\",\"position\":1,\"name\":\"Acolhimento\",\"item\":\"https:\/\/www.csj-emballages.com\/pt-pt\/universo-das-embalagens-alimentares\/\"},{\"@type\":\"ListItem\",\"position\":2,\"name\":\"Shop\",\"item\":\"https:\/\/www.csj-emballages.com\/shop\/\"},{\"@type\":\"ListItem\",\"position\":3,\"name\":\"Morcelas selvagens especiais A 500 gr em frasco PET\"}]},{\"@type\":\"WebSite\",\"@id\":\"https:\/\/www.csj-emballages.com\/pt-pt\/#website\",\"url\":\"https:\/\/www.csj-emballages.com\/pt-pt\/\",\"name\":\"CSJ Emballages\",\"description\":\"\",\"publisher\":{\"@id\":\"https:\/\/www.csj-emballages.com\/pt-pt\/#organization\"},\"potentialAction\":[{\"@type\":\"SearchAction\",\"target\":{\"@type\":\"EntryPoint\",\"urlTemplate\":\"https:\/\/www.csj-emballages.com\/pt-pt\/?s={search_term_string}\"},\"query-input\":{\"@type\":\"PropertyValueSpecification\",\"valueRequired\":true,\"valueName\":\"search_term_string\"}}],\"inLanguage\":\"pt-PT\"},{\"@type\":\"Organization\",\"@id\":\"https:\/\/www.csj-emballages.com\/pt-pt\/#Organization\/\",\"name\":\"CSJ Emballages\",\"url\":\"https:\/\/www.csj-emballages.com\/pt-pt\/\",\"logo\":{\"@type\":\"ImageObject\",\"inLanguage\":\"pt-PT\",\"@id\":\"https:\/\/www.csj-emballages.com\/pt-pt\/#\/schema\/logo\/image\/\",\"url\":\"https:\/\/www.csj-emballages.com\/wp-content\/uploads\/2023\/10\/logo_csj.webp\",\"contentUrl\":\"https:\/\/www.csj-emballages.com\/wp-content\/uploads\/2023\/10\/logo_csj.webp\",\"width\":250,\"height\":95,\"caption\":\"CSJ Emballages\"},\"image\":{\"@id\":\"https:\/\/www.csj-emballages.com\/pt-pt\/#\/schema\/logo\/image\/\"},\"sameAs\":[\"https:\/\/www.facebook.com\/csjemballages\"],\"address\":{\"@type\":\"PostalAddress\",\"streetAddress\":\"ZI La Lechere\",\"addressLocality\":\"Patornay\",\"postalCode\":\"39130\",\"addressCountry\":\"FR\"},\"contactPoint\":[{\"@type\":\"ContactPoint\",\"contactType\":\"Service client\",\"telephone\":\"0384254272\",\"email\":\"contact@csj-emballages.com\"}]}]}<\/script>\n<!-- \/ Yoast SEO Premium plugin. -->","yoast_head_json":{"title":"Special Wild Morels A Frasco PET de 500 g","description":"Morcelas selvagens Special A 500 g sem cauda. Reidratar durante 20 minutos, enxaguar e cozinhar como fresco. Frasco PET pr\u00e1tico, aroma amadeirado garantido.","robots":{"index":"index","follow":"follow","max-snippet":"max-snippet:-1","max-image-preview":"max-image-preview:large","max-video-preview":"max-video-preview:-1"},"canonical":"https:\/\/www.csj-emballages.com\/pt-pt\/produit\/morcelas-selvagens-especiais-a-500-gr-em-frasco-pet\/","og_locale":"pt_PT","og_type":"article","og_title":"Morcelas selvagens especiais A 500 gr em frasco PET","og_description":"Morcelas selvagens Special A 500 g sem cauda. Reidratar durante 20 minutos, enxaguar e cozinhar como fresco. Frasco PET pr\u00e1tico, aroma amadeirado garantido.","og_url":"https:\/\/www.csj-emballages.com\/pt-pt\/produit\/morcelas-selvagens-especiais-a-500-gr-em-frasco-pet\/","og_site_name":"CSJ Emballages","article_publisher":"https:\/\/www.facebook.com\/csjemballages","article_modified_time":"2026-04-24T00:10:41+00:00","og_image":[{"width":800,"height":800,"url":"https:\/\/www.csj-emballages.com\/wp-content\/uploads\/2025\/09\/11509-1.webp","type":"image\/webp"}],"twitter_card":"summary_large_image","twitter_misc":{"Tempo estimado de leitura":"2 minutos"},"schema":{"@context":"https:\/\/schema.org","@graph":[{"@type":"WebPage","@id":"https:\/\/www.csj-emballages.com\/pt-pt\/produit\/morcelas-selvagens-especiais-a-500-gr-em-frasco-pet\/","url":"https:\/\/www.csj-emballages.com\/pt-pt\/produit\/morcelas-selvagens-especiais-a-500-gr-em-frasco-pet\/","name":"Special Wild Morels A Frasco PET de 500 g","isPartOf":{"@id":"https:\/\/www.csj-emballages.com\/pt-pt\/#website"},"primaryImageOfPage":{"@id":"https:\/\/www.csj-emballages.com\/pt-pt\/produit\/morcelas-selvagens-especiais-a-500-gr-em-frasco-pet\/#primaryimage"},"image":{"@id":"https:\/\/www.csj-emballages.com\/pt-pt\/produit\/morcelas-selvagens-especiais-a-500-gr-em-frasco-pet\/#primaryimage"},"thumbnailUrl":"https:\/\/www.csj-emballages.com\/wp-content\/uploads\/2025\/09\/11509-1.webp","datePublished":"2025-09-15T07:49:25+00:00","dateModified":"2026-04-24T00:10:41+00:00","description":"Morcelas selvagens Special A 500 g sem cauda. Reidratar durante 20 minutos, enxaguar e cozinhar como fresco. Frasco PET pr\u00e1tico, aroma amadeirado garantido.","breadcrumb":{"@id":"https:\/\/www.csj-emballages.com\/pt-pt\/produit\/morcelas-selvagens-especiais-a-500-gr-em-frasco-pet\/#breadcrumb"},"inLanguage":"pt-PT","potentialAction":[{"@type":"ReadAction","target":["https:\/\/www.csj-emballages.com\/pt-pt\/produit\/morcelas-selvagens-especiais-a-500-gr-em-frasco-pet\/"]}]},{"@type":"ImageObject","inLanguage":"pt-PT","@id":"https:\/\/www.csj-emballages.com\/pt-pt\/produit\/morcelas-selvagens-especiais-a-500-gr-em-frasco-pet\/#primaryimage","url":"https:\/\/www.csj-emballages.com\/wp-content\/uploads\/2025\/09\/11509-1.webp","contentUrl":"https:\/\/www.csj-emballages.com\/wp-content\/uploads\/2025\/09\/11509-1.webp","width":800,"height":800,"caption":"Morilles sauvages"},{"@type":"BreadcrumbList","@id":"https:\/\/www.csj-emballages.com\/pt-pt\/produit\/morcelas-selvagens-especiais-a-500-gr-em-frasco-pet\/#breadcrumb","itemListElement":[{"@type":"ListItem","position":1,"name":"Acolhimento","item":"https:\/\/www.csj-emballages.com\/pt-pt\/universo-das-embalagens-alimentares\/"},{"@type":"ListItem","position":2,"name":"Shop","item":"https:\/\/www.csj-emballages.com\/shop\/"},{"@type":"ListItem","position":3,"name":"Morcelas selvagens especiais A 500 gr em frasco PET"}]},{"@type":"WebSite","@id":"https:\/\/www.csj-emballages.com\/pt-pt\/#website","url":"https:\/\/www.csj-emballages.com\/pt-pt\/","name":"CSJ Emballages","description":"","publisher":{"@id":"https:\/\/www.csj-emballages.com\/pt-pt\/#organization"},"potentialAction":[{"@type":"SearchAction","target":{"@type":"EntryPoint","urlTemplate":"https:\/\/www.csj-emballages.com\/pt-pt\/?s={search_term_string}"},"query-input":{"@type":"PropertyValueSpecification","valueRequired":true,"valueName":"search_term_string"}}],"inLanguage":"pt-PT"},{"@type":"Organization","@id":"https:\/\/www.csj-emballages.com\/pt-pt\/#Organization\/","name":"CSJ Emballages","url":"https:\/\/www.csj-emballages.com\/pt-pt\/","logo":{"@type":"ImageObject","inLanguage":"pt-PT","@id":"https:\/\/www.csj-emballages.com\/pt-pt\/#\/schema\/logo\/image\/","url":"https:\/\/www.csj-emballages.com\/wp-content\/uploads\/2023\/10\/logo_csj.webp","contentUrl":"https:\/\/www.csj-emballages.com\/wp-content\/uploads\/2023\/10\/logo_csj.webp","width":250,"height":95,"caption":"CSJ Emballages"},"image":{"@id":"https:\/\/www.csj-emballages.com\/pt-pt\/#\/schema\/logo\/image\/"},"sameAs":["https:\/\/www.facebook.com\/csjemballages"],"address":{"@type":"PostalAddress","streetAddress":"ZI La Lechere","addressLocality":"Patornay","postalCode":"39130","addressCountry":"FR"},"contactPoint":[{"@type":"ContactPoint","contactType":"Service client","telephone":"0384254272","email":"contact@csj-emballages.com"}]}]}},"df_price":116.05,"df_sale_price":"","df_regular_price":116.05,"df_image_link":"https:\/\/www.csj-emballages.com\/wp-content\/uploads\/2025\/09\/11509-1-300x300.webp","tiered_pricing_type":"fixed","tiered_pricing_fixed_rules":[],"tiered_pricing_percentage_rules":[],"tiered_pricing_minimum":1,"tiered_pricing_roles_data":[],"_links":{"self":[{"href":"https:\/\/www.csj-emballages.com\/pt-pt\/wp-json\/wp\/v2\/product\/244042","targetHints":{"allow":["GET"]}}],"collection":[{"href":"https:\/\/www.csj-emballages.com\/pt-pt\/wp-json\/wp\/v2\/product"}],"about":[{"href":"https:\/\/www.csj-emballages.com\/pt-pt\/wp-json\/wp\/v2\/types\/product"}],"wp:featuredmedia":[{"embeddable":true,"href":"https:\/\/www.csj-emballages.com\/pt-pt\/wp-json\/wp\/v2\/media\/244051"}],"wp:attachment":[{"href":"https:\/\/www.csj-emballages.com\/pt-pt\/wp-json\/wp\/v2\/media?parent=244042"}],"wp:term":[{"taxonomy":"product_brand","embeddable":true,"href":"https:\/\/www.csj-emballages.com\/pt-pt\/wp-json\/wp\/v2\/product_brand?post=244042"},{"taxonomy":"product_cat","embeddable":true,"href":"https:\/\/www.csj-emballages.com\/pt-pt\/wp-json\/wp\/v2\/product_cat?post=244042"},{"taxonomy":"product_tag","embeddable":true,"href":"https:\/\/www.csj-emballages.com\/pt-pt\/wp-json\/wp\/v2\/product_tag?post=244042"}],"curies":[{"name":"wp","href":"https:\/\/api.w.org\/{rel}","templated":true}]}}