{"id":243448,"date":"2025-09-15T09:56:15","date_gmt":"2025-09-15T07:56:15","guid":{"rendered":"https:\/\/www.csj-emballages.com\/produit\/tabuleiro-de-plastico-selavel-1500-ml-por-100\/"},"modified":"2026-04-18T02:17:29","modified_gmt":"2026-04-18T00:17:29","slug":"tabuleiro-de-plastico-selavel-1500-ml-por-100","status":"publish","type":"product","link":"https:\/\/www.csj-emballages.com\/pt-pt\/produit\/tabuleiro-de-plastico-selavel-1500-ml-por-100\/","title":{"rendered":"Tabuleiro de pl\u00e1stico sel\u00e1vel 1500 ml por 100"},"content":{"rendered":"<h2 class=\"p1\">Tabuleiro sel\u00e1vel<\/h2>\n<hr>\n<h3>Descri\u00e7\u00e3o do nosso tabuleiro de pl\u00e1stico sel\u00e1vel 1500 ml por 100<\/h3>\n<p><!--more--><\/p>\n<p data-start=\"0\" data-end=\"545\">Descubra o <strong data-start=\"43\" data-end=\"84\">tabuleiro de pl\u00e1stico sel\u00e1vel de 1500 ml<\/strong>, o aliado ideal para as suas prepara\u00e7\u00f5es culin\u00e1rias para levar ou guardar. Fabricado em <strong data-start=\"170\" data-end=\"192\">polipropileno (PP)<\/strong> de alta qualidade, este <strong data-start=\"217\" data-end=\"246\">tabuleiro termossel\u00e1vel<\/strong> tem uma <strong data-start=\"267\" data-end=\"311\">resist\u00eancia \u00e0 temperatura de -20\u00b0C a +120\u00b0C<\/strong>, pelo que pode ser utilizado tanto em congeladores como em micro-ondas. Gra\u00e7as \u00e0 sua <strong data-start=\"398\" data-end=\"414\">transpar\u00eancia<\/strong>, destaca os seus pratos, quer sejam quentes ou frios, oferecendo uma apresenta\u00e7\u00e3o cuidada que agradar\u00e1 aos seus clientes.<\/p>\n<p data-start=\"547\" data-end=\"1116\">Com <strong data-start=\"556\" data-end=\"586\">dimens\u00f5es de 192 \u00d7 138 mm<\/strong> e <strong data-start=\"593\" data-end=\"613\">uma altura de 90 mm<\/strong>, este generoso tabuleiro <strong data-start=\"653\" data-end=\"665\">de 1500 ml<\/strong> pode ser utilizado para embalar por\u00e7\u00f5es fartas, perfeitas para refei\u00e7\u00f5es em fam\u00edlia, menus de catering ou takeaway. A sua <strong data-start=\"804\" data-end=\"827\">tampa sel\u00e1vel<\/strong> (folha de alum\u00ednio n\u00e3o fornecida) garante uma veda\u00e7\u00e3o herm\u00e9tica, para que os seus molhos permane\u00e7am no lugar e n\u00e3o vazem durante o transporte. Al\u00e9m disso, a sua robustez e resist\u00eancia aos choques fazem dela uma solu\u00e7\u00e3o fi\u00e1vel para os profissionais.<\/p>\n<p data-start=\"1118\" data-end=\"1507\">Ao escolher este <strong>tabuleiro sel\u00e1vel<\/strong>, est\u00e1 a optar por uma log\u00edstica simplificada: \u00e9 <strong data-start=\"1203\" data-end=\"1216\">empilh\u00e1vel<\/strong>, o que facilita a sua arruma\u00e7\u00e3o e optimiza o espa\u00e7o na sua cozinha ou arrecada\u00e7\u00e3o. O seu material recicl\u00e1vel contribui igualmente para uma abordagem mais respeitadora do ambiente, um argumento que est\u00e1 a conquistar cada vez mais consumidores sens\u00edveis \u00e0 necessidade de reduzir os res\u00edduos de pl\u00e1stico.<\/p>\n<p data-start=\"1509\" data-end=\"1801\">Em suma, este <strong data-start=\"1526\" data-end=\"1567\">tabuleiro transl\u00facido termo-sel\u00e1vel<\/strong> combina <strong data-start=\"1576\" data-end=\"1589\">praticidade<\/strong>, <strong data-start=\"1591\" data-end=\"1615\">seguran\u00e7a alimentar<\/strong> e <strong data-start=\"1619\" data-end=\"1633\">est\u00e9tica<\/strong>. Em suma, mant\u00e9m os sabores intactos, melhorando a qualidade das suas prepara\u00e7\u00f5es.<\/p>\n<p data-start=\"1367\" data-end=\"1669\"><!--more--><\/p>\n<h4 data-start=\"1367\" data-end=\"1669\">Vantagens :<\/h4>\n<ul>\n<li data-start=\"1367\" data-end=\"1669\"><strong data-start=\"2024\" data-end=\"2044\">Grande capacidade<\/strong> de 1.500 ml para pratos generosos.<\/li>\n<li data-start=\"1367\" data-end=\"1669\"><strong data-start=\"2081\" data-end=\"2105\">Resist\u00eancia t\u00e9rmica<\/strong> de -20\u00b0C a +120\u00b0C.<\/li>\n<li data-start=\"1367\" data-end=\"1669\"><strong data-start=\"2130\" data-end=\"2144\">Hermeticamente fechado<\/strong>: transporte sem fugas.<\/li>\n<li data-start=\"1367\" data-end=\"1669\"><strong data-start=\"2172\" data-end=\"2187\">Transl\u00facido<\/strong> para mostrar os alimentos da melhor forma poss\u00edvel.<\/li>\n<li data-start=\"1367\" data-end=\"1669\"><strong data-start=\"2229\" data-end=\"2256\">Empilh\u00e1veis e recicl\u00e1veis<\/strong> para uma arruma\u00e7\u00e3o pr\u00e1tica e respons\u00e1vel.<\/li>\n<\/ul>\n<p>&nbsp;<\/p>\n<p><!--more--><\/p>\n<h4>Outras informa\u00e7\u00f5es :<\/h4>\n<ul>\n<li><strong>Embalagem<\/strong>: Pacote de 100<\/li>\n<li><strong>Dimens\u00f5es<\/strong>: 192 \u00d7 138 x 90 (C x L x A em mm)<\/li>\n<li><strong>Cor<\/strong>: Transparente<\/li>\n<li><strong>Material<\/strong>: PP (polipropileno)<\/li>\n<li><strong>Temperatura de funcionamento<\/strong>: -20 \u00b0C a +120 \u00b0C<\/li>\n<\/ul>\n<p>&nbsp;<\/p>\n<p><!--more--><\/p>\n<p>Este tabuleiro sel\u00e1vel est\u00e1 dispon\u00edvel em diferentes tamanhos: <span style=\"color: #d12727;\"><a style=\"color: #d12727;\" href=\"https:\/\/www.csj-emballages.com\/es\/produit\/100-bandejas-desechables-de-plastico-precintable-250-ml\/\">250 ml<\/a><\/span> \/ <span style=\"color: #d12727;\"><a style=\"color: #d12727;\" href=\"https:\/\/www.csj-emballages.com\/es\/produit\/120-bandejas-de-plastico-desechables-con-cierre-375-ml\/\">375 ml<\/a><\/span> \/ <span style=\"color: #d12727;\"><span style=\"color: #d12727;\"><a style=\"color: #d12727;\" href=\"https:\/\/www.csj-emballages.com\/es\/produit\/100-bandejas-desechables-de-plastico-precintable-500-ml\/\">500 ml<\/a><\/span> <span style=\"color: #000000;\">\/<\/span> <span style=\"color: #d12727;\"><a style=\"color: #d12727;\" href=\"https:\/\/www.csj-emballages.com\/es\/produit\/140-bandejas-de-plastico-desechables-con-cierre-750-ml\/\">750 ml<\/a><\/span> <span style=\"color: #000000;\">\/<\/span> <span style=\"color: #d12727;\"><a style=\"color: #d12727;\" href=\"https:\/\/www.csj-emballages.com\/es\/produit\/160-bandejas-desechables-de-plastico-precintable-1000-ml\/\">1000 ml<\/a><\/span><\/span><\/p>\n<p>&nbsp;<\/p>\n<p><!--more--><\/p>\n<p><a href=\"https:\/\/www.csj-emballages.com\/pt-pt\/categorie-produit\/embalagem-de-alimentos\/talho-e-charcutaria\/tabuleiros-latas-e-frascos\/tabuleiros-latas-frascos-para-alimentos\/tabuleiros-selaveis-alphacel\/tabuleiros-translucidos-selaveis\/\">Ver o resto da nossa gama de tabuleiros sel\u00e1veis<\/a><\/p>\n","protected":false},"excerpt":{"rendered":"<p>Tabuleiro sel\u00e1vel Descri\u00e7\u00e3o do nosso tabuleiro de pl\u00e1stico sel\u00e1vel 1500 ml por 100<\/p>\n","protected":false},"featured_media":243443,"template":"","meta":{"_acf_changed":false},"product_brand":[],"product_cat":[1141,1176,2289,1525,2243,3616],"product_tag":[],"class_list":{"0":"post-243448","1":"product","2":"type-product","3":"status-publish","4":"has-post-thumbnail","6":"product_cat-embalagem-de-alimentos","7":"product_cat-talho-e-charcutaria","8":"product_cat-tabuleiros-latas-e-frascos","9":"product_cat-tabuleiros-latas-frascos-para-alimentos","10":"product_cat-tabuleiros-selaveis-alphacel","11":"product_cat-tabuleiros-translucidos-selaveis","13":"first","14":"instock","15":"taxable","16":"shipping-taxable","17":"purchasable","18":"product-type-simple"},"acf":[],"yoast_head":"<!-- This site is optimized with the Yoast SEO Premium plugin v26.6 (Yoast SEO v26.6) - https:\/\/yoast.com\/wordpress\/plugins\/seo\/ -->\n<title>Tabuleiro de pl\u00e1stico sel\u00e1vel 1500 ml por 100<\/title>\n<meta name=\"description\" content=\"Tabuleiro de pl\u00e1stico sel\u00e1vel de 1500 ml, resistente de -20\u00b0C a +120\u00b0C, ideal para pratos quentes e frios. Apresenta\u00e7\u00e3o cuidada e armazenamento optimizado.\" \/>\n<meta name=\"robots\" content=\"index, follow, max-snippet:-1, max-image-preview:large, max-video-preview:-1\" \/>\n<link rel=\"canonical\" href=\"https:\/\/www.csj-emballages.com\/pt-pt\/produit\/tabuleiro-de-plastico-selavel-1500-ml-por-100\/\" \/>\n<meta property=\"og:locale\" content=\"pt_PT\" \/>\n<meta property=\"og:type\" content=\"article\" \/>\n<meta property=\"og:title\" content=\"Tabuleiro de pl\u00e1stico sel\u00e1vel 1500 ml por 100\" \/>\n<meta property=\"og:description\" content=\"Tabuleiro de pl\u00e1stico sel\u00e1vel de 1500 ml, resistente de -20\u00b0C a +120\u00b0C, ideal para pratos quentes e frios. Apresenta\u00e7\u00e3o cuidada e armazenamento optimizado.\" \/>\n<meta property=\"og:url\" content=\"https:\/\/www.csj-emballages.com\/pt-pt\/produit\/tabuleiro-de-plastico-selavel-1500-ml-por-100\/\" \/>\n<meta property=\"og:site_name\" content=\"CSJ Emballages\" \/>\n<meta property=\"article:publisher\" content=\"https:\/\/www.facebook.com\/csjemballages\" \/>\n<meta property=\"article:modified_time\" content=\"2026-04-18T00:17:29+00:00\" \/>\n<meta property=\"og:image\" content=\"https:\/\/www.csj-emballages.com\/wp-content\/uploads\/2025\/09\/SEL1500.jpg\" \/>\n\t<meta property=\"og:image:width\" content=\"800\" \/>\n\t<meta property=\"og:image:height\" content=\"800\" \/>\n\t<meta property=\"og:image:type\" content=\"image\/jpeg\" \/>\n<meta name=\"twitter:card\" content=\"summary_large_image\" \/>\n<meta name=\"twitter:label1\" content=\"Tempo estimado de leitura\" \/>\n\t<meta name=\"twitter:data1\" content=\"2 minutos\" \/>\n<script type=\"application\/ld+json\" class=\"yoast-schema-graph\">{\"@context\":\"https:\/\/schema.org\",\"@graph\":[{\"@type\":\"WebPage\",\"@id\":\"https:\/\/www.csj-emballages.com\/pt-pt\/produit\/tabuleiro-de-plastico-selavel-1500-ml-por-100\/\",\"url\":\"https:\/\/www.csj-emballages.com\/pt-pt\/produit\/tabuleiro-de-plastico-selavel-1500-ml-por-100\/\",\"name\":\"Tabuleiro de pl\u00e1stico sel\u00e1vel 1500 ml por 100\",\"isPartOf\":{\"@id\":\"https:\/\/www.csj-emballages.com\/pt-pt\/#website\"},\"primaryImageOfPage\":{\"@id\":\"https:\/\/www.csj-emballages.com\/pt-pt\/produit\/tabuleiro-de-plastico-selavel-1500-ml-por-100\/#primaryimage\"},\"image\":{\"@id\":\"https:\/\/www.csj-emballages.com\/pt-pt\/produit\/tabuleiro-de-plastico-selavel-1500-ml-por-100\/#primaryimage\"},\"thumbnailUrl\":\"https:\/\/www.csj-emballages.com\/wp-content\/uploads\/2025\/09\/SEL1500.jpg\",\"datePublished\":\"2025-09-15T07:56:15+00:00\",\"dateModified\":\"2026-04-18T00:17:29+00:00\",\"description\":\"Tabuleiro de pl\u00e1stico sel\u00e1vel de 1500 ml, resistente de -20\u00b0C a +120\u00b0C, ideal para pratos quentes e frios. Apresenta\u00e7\u00e3o cuidada e armazenamento optimizado.\",\"breadcrumb\":{\"@id\":\"https:\/\/www.csj-emballages.com\/pt-pt\/produit\/tabuleiro-de-plastico-selavel-1500-ml-por-100\/#breadcrumb\"},\"inLanguage\":\"pt-PT\",\"potentialAction\":[{\"@type\":\"ReadAction\",\"target\":[\"https:\/\/www.csj-emballages.com\/pt-pt\/produit\/tabuleiro-de-plastico-selavel-1500-ml-por-100\/\"]}]},{\"@type\":\"ImageObject\",\"inLanguage\":\"pt-PT\",\"@id\":\"https:\/\/www.csj-emballages.com\/pt-pt\/produit\/tabuleiro-de-plastico-selavel-1500-ml-por-100\/#primaryimage\",\"url\":\"https:\/\/www.csj-emballages.com\/wp-content\/uploads\/2025\/09\/SEL1500.jpg\",\"contentUrl\":\"https:\/\/www.csj-emballages.com\/wp-content\/uploads\/2025\/09\/SEL1500.jpg\",\"width\":800,\"height\":800,\"caption\":\"Barquette scellable\"},{\"@type\":\"BreadcrumbList\",\"@id\":\"https:\/\/www.csj-emballages.com\/pt-pt\/produit\/tabuleiro-de-plastico-selavel-1500-ml-por-100\/#breadcrumb\",\"itemListElement\":[{\"@type\":\"ListItem\",\"position\":1,\"name\":\"Acolhimento\",\"item\":\"https:\/\/www.csj-emballages.com\/pt-pt\/universo-das-embalagens-alimentares\/\"},{\"@type\":\"ListItem\",\"position\":2,\"name\":\"Shop\",\"item\":\"https:\/\/www.csj-emballages.com\/shop\/\"},{\"@type\":\"ListItem\",\"position\":3,\"name\":\"Tabuleiro de pl\u00e1stico sel\u00e1vel 1500 ml por 100\"}]},{\"@type\":\"WebSite\",\"@id\":\"https:\/\/www.csj-emballages.com\/pt-pt\/#website\",\"url\":\"https:\/\/www.csj-emballages.com\/pt-pt\/\",\"name\":\"CSJ Emballages\",\"description\":\"\",\"publisher\":{\"@id\":\"https:\/\/www.csj-emballages.com\/pt-pt\/#organization\"},\"potentialAction\":[{\"@type\":\"SearchAction\",\"target\":{\"@type\":\"EntryPoint\",\"urlTemplate\":\"https:\/\/www.csj-emballages.com\/pt-pt\/?s={search_term_string}\"},\"query-input\":{\"@type\":\"PropertyValueSpecification\",\"valueRequired\":true,\"valueName\":\"search_term_string\"}}],\"inLanguage\":\"pt-PT\"},{\"@type\":\"Organization\",\"@id\":\"https:\/\/www.csj-emballages.com\/pt-pt\/#Organization\/\",\"name\":\"CSJ Emballages\",\"url\":\"https:\/\/www.csj-emballages.com\/pt-pt\/\",\"logo\":{\"@type\":\"ImageObject\",\"inLanguage\":\"pt-PT\",\"@id\":\"https:\/\/www.csj-emballages.com\/pt-pt\/#\/schema\/logo\/image\/\",\"url\":\"https:\/\/www.csj-emballages.com\/wp-content\/uploads\/2023\/10\/logo_csj.webp\",\"contentUrl\":\"https:\/\/www.csj-emballages.com\/wp-content\/uploads\/2023\/10\/logo_csj.webp\",\"width\":250,\"height\":95,\"caption\":\"CSJ Emballages\"},\"image\":{\"@id\":\"https:\/\/www.csj-emballages.com\/pt-pt\/#\/schema\/logo\/image\/\"},\"sameAs\":[\"https:\/\/www.facebook.com\/csjemballages\"],\"address\":{\"@type\":\"PostalAddress\",\"streetAddress\":\"ZI La Lechere\",\"addressLocality\":\"Patornay\",\"postalCode\":\"39130\",\"addressCountry\":\"FR\"},\"contactPoint\":[{\"@type\":\"ContactPoint\",\"contactType\":\"Service client\",\"telephone\":\"0384254272\",\"email\":\"contact@csj-emballages.com\"}]}]}<\/script>\n<!-- \/ Yoast SEO Premium plugin. -->","yoast_head_json":{"title":"Tabuleiro de pl\u00e1stico sel\u00e1vel 1500 ml por 100","description":"Tabuleiro de pl\u00e1stico sel\u00e1vel de 1500 ml, resistente de -20\u00b0C a +120\u00b0C, ideal para pratos quentes e frios. Apresenta\u00e7\u00e3o cuidada e armazenamento optimizado.","robots":{"index":"index","follow":"follow","max-snippet":"max-snippet:-1","max-image-preview":"max-image-preview:large","max-video-preview":"max-video-preview:-1"},"canonical":"https:\/\/www.csj-emballages.com\/pt-pt\/produit\/tabuleiro-de-plastico-selavel-1500-ml-por-100\/","og_locale":"pt_PT","og_type":"article","og_title":"Tabuleiro de pl\u00e1stico sel\u00e1vel 1500 ml por 100","og_description":"Tabuleiro de pl\u00e1stico sel\u00e1vel de 1500 ml, resistente de -20\u00b0C a +120\u00b0C, ideal para pratos quentes e frios. Apresenta\u00e7\u00e3o cuidada e armazenamento optimizado.","og_url":"https:\/\/www.csj-emballages.com\/pt-pt\/produit\/tabuleiro-de-plastico-selavel-1500-ml-por-100\/","og_site_name":"CSJ Emballages","article_publisher":"https:\/\/www.facebook.com\/csjemballages","article_modified_time":"2026-04-18T00:17:29+00:00","og_image":[{"width":800,"height":800,"url":"https:\/\/www.csj-emballages.com\/wp-content\/uploads\/2025\/09\/SEL1500.jpg","type":"image\/jpeg"}],"twitter_card":"summary_large_image","twitter_misc":{"Tempo estimado de leitura":"2 minutos"},"schema":{"@context":"https:\/\/schema.org","@graph":[{"@type":"WebPage","@id":"https:\/\/www.csj-emballages.com\/pt-pt\/produit\/tabuleiro-de-plastico-selavel-1500-ml-por-100\/","url":"https:\/\/www.csj-emballages.com\/pt-pt\/produit\/tabuleiro-de-plastico-selavel-1500-ml-por-100\/","name":"Tabuleiro de pl\u00e1stico sel\u00e1vel 1500 ml por 100","isPartOf":{"@id":"https:\/\/www.csj-emballages.com\/pt-pt\/#website"},"primaryImageOfPage":{"@id":"https:\/\/www.csj-emballages.com\/pt-pt\/produit\/tabuleiro-de-plastico-selavel-1500-ml-por-100\/#primaryimage"},"image":{"@id":"https:\/\/www.csj-emballages.com\/pt-pt\/produit\/tabuleiro-de-plastico-selavel-1500-ml-por-100\/#primaryimage"},"thumbnailUrl":"https:\/\/www.csj-emballages.com\/wp-content\/uploads\/2025\/09\/SEL1500.jpg","datePublished":"2025-09-15T07:56:15+00:00","dateModified":"2026-04-18T00:17:29+00:00","description":"Tabuleiro de pl\u00e1stico sel\u00e1vel de 1500 ml, resistente de -20\u00b0C a +120\u00b0C, ideal para pratos quentes e frios. Apresenta\u00e7\u00e3o cuidada e armazenamento optimizado.","breadcrumb":{"@id":"https:\/\/www.csj-emballages.com\/pt-pt\/produit\/tabuleiro-de-plastico-selavel-1500-ml-por-100\/#breadcrumb"},"inLanguage":"pt-PT","potentialAction":[{"@type":"ReadAction","target":["https:\/\/www.csj-emballages.com\/pt-pt\/produit\/tabuleiro-de-plastico-selavel-1500-ml-por-100\/"]}]},{"@type":"ImageObject","inLanguage":"pt-PT","@id":"https:\/\/www.csj-emballages.com\/pt-pt\/produit\/tabuleiro-de-plastico-selavel-1500-ml-por-100\/#primaryimage","url":"https:\/\/www.csj-emballages.com\/wp-content\/uploads\/2025\/09\/SEL1500.jpg","contentUrl":"https:\/\/www.csj-emballages.com\/wp-content\/uploads\/2025\/09\/SEL1500.jpg","width":800,"height":800,"caption":"Barquette scellable"},{"@type":"BreadcrumbList","@id":"https:\/\/www.csj-emballages.com\/pt-pt\/produit\/tabuleiro-de-plastico-selavel-1500-ml-por-100\/#breadcrumb","itemListElement":[{"@type":"ListItem","position":1,"name":"Acolhimento","item":"https:\/\/www.csj-emballages.com\/pt-pt\/universo-das-embalagens-alimentares\/"},{"@type":"ListItem","position":2,"name":"Shop","item":"https:\/\/www.csj-emballages.com\/shop\/"},{"@type":"ListItem","position":3,"name":"Tabuleiro de pl\u00e1stico sel\u00e1vel 1500 ml por 100"}]},{"@type":"WebSite","@id":"https:\/\/www.csj-emballages.com\/pt-pt\/#website","url":"https:\/\/www.csj-emballages.com\/pt-pt\/","name":"CSJ Emballages","description":"","publisher":{"@id":"https:\/\/www.csj-emballages.com\/pt-pt\/#organization"},"potentialAction":[{"@type":"SearchAction","target":{"@type":"EntryPoint","urlTemplate":"https:\/\/www.csj-emballages.com\/pt-pt\/?s={search_term_string}"},"query-input":{"@type":"PropertyValueSpecification","valueRequired":true,"valueName":"search_term_string"}}],"inLanguage":"pt-PT"},{"@type":"Organization","@id":"https:\/\/www.csj-emballages.com\/pt-pt\/#Organization\/","name":"CSJ Emballages","url":"https:\/\/www.csj-emballages.com\/pt-pt\/","logo":{"@type":"ImageObject","inLanguage":"pt-PT","@id":"https:\/\/www.csj-emballages.com\/pt-pt\/#\/schema\/logo\/image\/","url":"https:\/\/www.csj-emballages.com\/wp-content\/uploads\/2023\/10\/logo_csj.webp","contentUrl":"https:\/\/www.csj-emballages.com\/wp-content\/uploads\/2023\/10\/logo_csj.webp","width":250,"height":95,"caption":"CSJ Emballages"},"image":{"@id":"https:\/\/www.csj-emballages.com\/pt-pt\/#\/schema\/logo\/image\/"},"sameAs":["https:\/\/www.facebook.com\/csjemballages"],"address":{"@type":"PostalAddress","streetAddress":"ZI La Lechere","addressLocality":"Patornay","postalCode":"39130","addressCountry":"FR"},"contactPoint":[{"@type":"ContactPoint","contactType":"Service client","telephone":"0384254272","email":"contact@csj-emballages.com"}]}]}},"df_price":12.94,"df_sale_price":"","df_regular_price":12.94,"df_image_link":"https:\/\/www.csj-emballages.com\/wp-content\/uploads\/2025\/09\/SEL1500-300x300.jpg","tiered_pricing_type":"fixed","tiered_pricing_fixed_rules":[],"tiered_pricing_percentage_rules":[],"tiered_pricing_minimum":1,"tiered_pricing_roles_data":[],"_links":{"self":[{"href":"https:\/\/www.csj-emballages.com\/pt-pt\/wp-json\/wp\/v2\/product\/243448","targetHints":{"allow":["GET"]}}],"collection":[{"href":"https:\/\/www.csj-emballages.com\/pt-pt\/wp-json\/wp\/v2\/product"}],"about":[{"href":"https:\/\/www.csj-emballages.com\/pt-pt\/wp-json\/wp\/v2\/types\/product"}],"wp:featuredmedia":[{"embeddable":true,"href":"https:\/\/www.csj-emballages.com\/pt-pt\/wp-json\/wp\/v2\/media\/243443"}],"wp:attachment":[{"href":"https:\/\/www.csj-emballages.com\/pt-pt\/wp-json\/wp\/v2\/media?parent=243448"}],"wp:term":[{"taxonomy":"product_brand","embeddable":true,"href":"https:\/\/www.csj-emballages.com\/pt-pt\/wp-json\/wp\/v2\/product_brand?post=243448"},{"taxonomy":"product_cat","embeddable":true,"href":"https:\/\/www.csj-emballages.com\/pt-pt\/wp-json\/wp\/v2\/product_cat?post=243448"},{"taxonomy":"product_tag","embeddable":true,"href":"https:\/\/www.csj-emballages.com\/pt-pt\/wp-json\/wp\/v2\/product_tag?post=243448"}],"curies":[{"name":"wp","href":"https:\/\/api.w.org\/{rel}","templated":true}]}}