{"id":243139,"date":"2025-09-11T14:55:28","date_gmt":"2025-09-11T12:55:28","guid":{"rendered":"https:\/\/www.csj-emballages.com\/produit\/caixa-de-troncos-magia-do-natal-40-x-11-x-10-cm-x-25\/"},"modified":"2026-03-12T16:11:27","modified_gmt":"2026-03-12T15:11:27","slug":"caixa-de-troncos-magia-do-natal-40-x-11-x-10-cm-x-25","status":"publish","type":"product","link":"https:\/\/www.csj-emballages.com\/pt-pt\/produit\/caixa-de-troncos-magia-do-natal-40-x-11-x-10-cm-x-25\/","title":{"rendered":"Caixa de troncos &#8220;Magia do Natal&#8221; 40 x 11 x 10 cm x 25"},"content":{"rendered":"<h2>Caixa de registo<\/h2>\n<hr>\n<h3>Descri\u00e7\u00e3o da nossa caixa de troncos &#8220;Magia do Natal&#8221; 40 x 11 x 10 cm, embalagem de 25<\/h3>\n<p><!--more--><\/p>\n<p data-start=\"0\" data-end=\"495\">Mergulhe as suas cria\u00e7\u00f5es gourmet no mundo m\u00e1gico do Natal com a <strong data-start=\"105\" data-end=\"152\">caixa de troncos &#8220;Magic of Christmas&#8221;, 40 x 11 x 10 cm<\/strong>. Concebida para real\u00e7ar as suas sobremesas de fim de ano, esta <strong data-start=\"105\" data-end=\"152\">caixa de madeira<\/strong> combina <strong data-start=\"222\" data-end=\"234\">eleg\u00e2ncia<\/strong>, <strong data-start=\"236\" data-end=\"249\">praticidade<\/strong> e <strong data-start=\"253\" data-end=\"265\">robustez<\/strong>. Gra\u00e7as ao seu tamanho generoso, pode acomodar sem esfor\u00e7o os seus troncos de Natal caseiros, quer sejam tradicionais ou revisitados. Desta forma, pode mostrar o seu conhecimento e, ao mesmo tempo, proteger cuidadosamente os seus bolos.<\/p>\n<p data-start=\"497\" data-end=\"919\">Fabricado em <strong data-start=\"510\" data-end=\"543\">cart\u00e3o de qualidade alimentar<\/strong>, \u00e9 muito resistente ao transporte. Quer seja um <strong data-start=\"631\" data-end=\"644\">padeiro<\/strong>, um <strong data-start=\"631\" data-end=\"644\">pasteleiro<\/strong> ou apenas um amante de doces, vai adorar o design elegante com motivos festivos, ideal para captar a aten\u00e7\u00e3o dos clientes ou deliciar os seus amigos e familiares. Al\u00e9m disso, o seu fecho seguro mant\u00e9m a sobremesa fresca, mesmo em viagens longas.<\/p>\n<p data-start=\"921\" data-end=\"1382\">Al\u00e9m disso, a <strong data-start=\"105\" data-end=\"152\">caixa para<\/strong><strong data-start=\"938\" data-end=\"967\"> troncos de Natal Magie de No\u00ebl<\/strong> distingue-se pela sua rapidez de montagem. Em apenas alguns passos simples, est\u00e1 pronto para receber as suas cria\u00e7\u00f5es. A sua constru\u00e7\u00e3o leve mas robusta facilita o seu manuseamento, poupando-lhe tempo e garantindo uma apresenta\u00e7\u00e3o impec\u00e1vel. Al\u00e9m disso, a sua conce\u00e7\u00e3o ecol\u00f3gica, baseada em materiais recicl\u00e1veis, responde \u00e0s expectativas actuais em termos de<strong data-start=\"1358\" data-end=\"1379\">eco-responsabilidade<\/strong>.<\/p>\n<p data-start=\"1384\" data-end=\"1844\">Ao escolher esta <strong data-start=\"105\" data-end=\"152\">caixa<\/strong>, pode dar \u00e0s suas sobremesas uma <strong data-start=\"1443\" data-end=\"1475\">apresenta\u00e7\u00e3o profissional<\/strong> que seduzir\u00e1 o olhar mesmo antes da primeira dentada. \u00c9 a embalagem perfeita para criar um efeito &#8220;uau&#8221; quando a descobrir. Com o seu aspeto requintado e a sua capacidade ideal, tornar-se-\u00e1 rapidamente uma pe\u00e7a indispens\u00e1vel para a sua \u00e9poca festiva. D\u00ea aos seus registos o palco que merecem e deixe uma impress\u00e3o duradoura com esta solu\u00e7\u00e3o pr\u00e1tica e festiva.<\/p>\n<p><!--more--><\/p>\n<h4><strong>Vantagens :<\/strong><\/h4>\n<ul>\n<li><strong data-start=\"1798\" data-end=\"1815\">Um design festivo<\/strong> que valoriza ao m\u00e1ximo os seus troncos e sobremesas.<\/li>\n<li>O cart\u00e3o de qualidade alimentar garante prote\u00e7\u00e3o durante o transporte.<\/li>\n<li><strong data-start=\"2019\" data-end=\"2037\">Montagem f\u00e1cil<\/strong> e fecho seguro, poupando tempo.<\/li>\n<li><strong data-start=\"2088\" data-end=\"2112\">Embalagem econ\u00f3mica de 25<\/strong> caixas recicl\u00e1veis.<\/li>\n<\/ul>\n<p>&nbsp;<\/p>\n<p><!--more--><\/p>\n<h4>Outras informa\u00e7\u00f5es :<\/h4>\n<ul>\n<li><strong>Embalagem<\/strong>: Pacote de 25<\/li>\n<li><strong>Dimens\u00f5es<\/strong>: 40 x 11 x 10 cm<\/li>\n<li><strong>Material<\/strong>: Cart\u00e3o<\/li>\n<li><strong>Cor<\/strong>: Branco \/ Decors<\/li>\n<li><strong>Modelo<\/strong>: Magia de Natal<\/li>\n<\/ul>\n<p>&nbsp;<\/p>\n<p><!--more--><\/p>\n<p>Esta caixa de madeira est\u00e1 dispon\u00edvel em diferentes tamanhos: <span style=\"color: #d12727;\"><a style=\"color: #d12727;\" href=\"https:\/\/www.csj-emballages.com\/es\/produit\/caja-de-troncos-magie-de-noel-16-x-11-x-10-cm-paquete-de-25\/\">16 x 11 x 10 cm<\/a><\/span> \/ <span style=\"color: #d12727;\"><a style=\"color: #d12727;\" href=\"https:\/\/www.csj-emballages.com\/produit\/boite-buche-magie-de-noel-20-x-11-x-10-cm-par-25\/\">20 x 11 x 10 cm<\/a><\/span> \/ <span style=\"color: #d12727;\"><a style=\"color: #d12727;\" href=\"https:\/\/www.csj-emballages.com\/produit\/boite-buche-magie-de-noel-25-x-11-x-10-cm-par-25\/\">25 x 11 x 10 cm<\/a><\/span> \/ <span style=\"color: #d12727;\"><a style=\"color: #d12727;\" href=\"https:\/\/www.csj-emballages.com\/es\/produit\/caja-de-troncos-magia-de-la-navidad-35-x-11-x-10-cm-paquete-de-25\/\">35 x 11 x 10 cm<\/a><\/span><\/p>\n<p>&nbsp;<\/p>\n<p><!--more--><\/p>\n<p><a href=\"https:\/\/www.csj-emballages.com\/pt-pt\/categorie-produit\/embalagem-de-alimentos\/padaria-e-pastelaria\/caixas-e-estojos\/caixas-de-registo\/a-magia-das-caixas-de-troncos-de-natal\/\">Veja o resto da nossa gama de caixas de madeira &#8220;Christmas Magic&#8221; aqui<\/a><\/p>\n","protected":false},"excerpt":{"rendered":"<p>Caixa de registo Descri\u00e7\u00e3o da nossa caixa de troncos &#8220;Magia do Natal&#8221; 40 x 11 x 10 cm, embalagem de 25<\/p>\n","protected":false},"featured_media":243144,"template":"","meta":{"_acf_changed":false},"product_brand":[],"product_cat":[1141,1177,3916,2079,9443],"product_tag":[],"class_list":{"0":"post-243139","1":"product","2":"type-product","3":"status-publish","4":"has-post-thumbnail","6":"product_cat-embalagem-de-alimentos","7":"product_cat-padaria-e-pastelaria","8":"product_cat-caixas-e-estojos","9":"product_cat-caixas-de-registo","10":"product_cat-a-magia-das-caixas-de-troncos-de-natal","12":"first","13":"outofstock","14":"sale","15":"taxable","16":"shipping-taxable","17":"purchasable","18":"product-type-simple"},"acf":[],"yoast_head":"<!-- This site is optimized with the Yoast SEO Premium plugin v26.6 (Yoast SEO v26.6) - https:\/\/yoast.com\/wordpress\/plugins\/seo\/ -->\n<title>Caixa de troncos &quot;Magia do Natal&quot; 40 x 11 x 10 cm x 25<\/title>\n<meta name=\"description\" content=\"Caixa de troncos &quot;Magia do Natal&quot; 40 x 11 x 10 cm x 25: elegante, resistente e ecol\u00f3gica, perfeita para as suas sobremesas de fim de ano.\" \/>\n<meta name=\"robots\" content=\"index, follow, max-snippet:-1, max-image-preview:large, max-video-preview:-1\" \/>\n<link rel=\"canonical\" href=\"https:\/\/www.csj-emballages.com\/pt-pt\/produit\/caixa-de-troncos-magia-do-natal-40-x-11-x-10-cm-x-25\/\" \/>\n<meta property=\"og:locale\" content=\"pt_PT\" \/>\n<meta property=\"og:type\" content=\"article\" \/>\n<meta property=\"og:title\" content=\"Caixa de troncos &quot;Magia do Natal&quot; 40 x 11 x 10 cm x 25\" \/>\n<meta property=\"og:description\" content=\"Caixa de troncos &quot;Magia do Natal&quot; 40 x 11 x 10 cm x 25: elegante, resistente e ecol\u00f3gica, perfeita para as suas sobremesas de fim de ano.\" \/>\n<meta property=\"og:url\" content=\"https:\/\/www.csj-emballages.com\/pt-pt\/produit\/caixa-de-troncos-magia-do-natal-40-x-11-x-10-cm-x-25\/\" \/>\n<meta property=\"og:site_name\" content=\"CSJ Emballages\" \/>\n<meta property=\"article:publisher\" content=\"https:\/\/www.facebook.com\/csjemballages\" \/>\n<meta property=\"article:modified_time\" content=\"2026-03-12T15:11:27+00:00\" \/>\n<meta property=\"og:image\" content=\"https:\/\/www.csj-emballages.com\/wp-content\/uploads\/2025\/09\/Boite-buche-Magie-de-Noel.webp\" \/>\n\t<meta property=\"og:image:width\" content=\"800\" \/>\n\t<meta property=\"og:image:height\" content=\"800\" \/>\n\t<meta property=\"og:image:type\" content=\"image\/webp\" \/>\n<meta name=\"twitter:card\" content=\"summary_large_image\" \/>\n<meta name=\"twitter:label1\" content=\"Tempo estimado de leitura\" \/>\n\t<meta name=\"twitter:data1\" content=\"2 minutos\" \/>\n<script type=\"application\/ld+json\" class=\"yoast-schema-graph\">{\"@context\":\"https:\/\/schema.org\",\"@graph\":[{\"@type\":\"WebPage\",\"@id\":\"https:\/\/www.csj-emballages.com\/pt-pt\/produit\/caixa-de-troncos-magia-do-natal-40-x-11-x-10-cm-x-25\/\",\"url\":\"https:\/\/www.csj-emballages.com\/pt-pt\/produit\/caixa-de-troncos-magia-do-natal-40-x-11-x-10-cm-x-25\/\",\"name\":\"Caixa de troncos \\\"Magia do Natal\\\" 40 x 11 x 10 cm x 25\",\"isPartOf\":{\"@id\":\"https:\/\/www.csj-emballages.com\/pt-pt\/#website\"},\"primaryImageOfPage\":{\"@id\":\"https:\/\/www.csj-emballages.com\/pt-pt\/produit\/caixa-de-troncos-magia-do-natal-40-x-11-x-10-cm-x-25\/#primaryimage\"},\"image\":{\"@id\":\"https:\/\/www.csj-emballages.com\/pt-pt\/produit\/caixa-de-troncos-magia-do-natal-40-x-11-x-10-cm-x-25\/#primaryimage\"},\"thumbnailUrl\":\"https:\/\/www.csj-emballages.com\/wp-content\/uploads\/2025\/09\/Boite-buche-Magie-de-Noel.webp\",\"datePublished\":\"2025-09-11T12:55:28+00:00\",\"dateModified\":\"2026-03-12T15:11:27+00:00\",\"description\":\"Caixa de troncos \\\"Magia do Natal\\\" 40 x 11 x 10 cm x 25: elegante, resistente e ecol\u00f3gica, perfeita para as suas sobremesas de fim de ano.\",\"breadcrumb\":{\"@id\":\"https:\/\/www.csj-emballages.com\/pt-pt\/produit\/caixa-de-troncos-magia-do-natal-40-x-11-x-10-cm-x-25\/#breadcrumb\"},\"inLanguage\":\"pt-PT\",\"potentialAction\":[{\"@type\":\"ReadAction\",\"target\":[\"https:\/\/www.csj-emballages.com\/pt-pt\/produit\/caixa-de-troncos-magia-do-natal-40-x-11-x-10-cm-x-25\/\"]}]},{\"@type\":\"ImageObject\",\"inLanguage\":\"pt-PT\",\"@id\":\"https:\/\/www.csj-emballages.com\/pt-pt\/produit\/caixa-de-troncos-magia-do-natal-40-x-11-x-10-cm-x-25\/#primaryimage\",\"url\":\"https:\/\/www.csj-emballages.com\/wp-content\/uploads\/2025\/09\/Boite-buche-Magie-de-Noel.webp\",\"contentUrl\":\"https:\/\/www.csj-emballages.com\/wp-content\/uploads\/2025\/09\/Boite-buche-Magie-de-Noel.webp\",\"width\":800,\"height\":800,\"caption\":\"Boite b\u00fbche\"},{\"@type\":\"BreadcrumbList\",\"@id\":\"https:\/\/www.csj-emballages.com\/pt-pt\/produit\/caixa-de-troncos-magia-do-natal-40-x-11-x-10-cm-x-25\/#breadcrumb\",\"itemListElement\":[{\"@type\":\"ListItem\",\"position\":1,\"name\":\"Acolhimento\",\"item\":\"https:\/\/www.csj-emballages.com\/pt-pt\/universo-das-embalagens-alimentares\/\"},{\"@type\":\"ListItem\",\"position\":2,\"name\":\"Shop\",\"item\":\"https:\/\/www.csj-emballages.com\/shop\/\"},{\"@type\":\"ListItem\",\"position\":3,\"name\":\"Caixa de troncos \u00ab\u00a0Magia do Natal\u00a0\u00bb 40 x 11 x 10 cm x 25\"}]},{\"@type\":\"WebSite\",\"@id\":\"https:\/\/www.csj-emballages.com\/pt-pt\/#website\",\"url\":\"https:\/\/www.csj-emballages.com\/pt-pt\/\",\"name\":\"CSJ Emballages\",\"description\":\"\",\"publisher\":{\"@id\":\"https:\/\/www.csj-emballages.com\/pt-pt\/#organization\"},\"potentialAction\":[{\"@type\":\"SearchAction\",\"target\":{\"@type\":\"EntryPoint\",\"urlTemplate\":\"https:\/\/www.csj-emballages.com\/pt-pt\/?s={search_term_string}\"},\"query-input\":{\"@type\":\"PropertyValueSpecification\",\"valueRequired\":true,\"valueName\":\"search_term_string\"}}],\"inLanguage\":\"pt-PT\"},{\"@type\":\"Organization\",\"@id\":\"https:\/\/www.csj-emballages.com\/pt-pt\/#Organization\/\",\"name\":\"CSJ Emballages\",\"url\":\"https:\/\/www.csj-emballages.com\/pt-pt\/\",\"logo\":{\"@type\":\"ImageObject\",\"inLanguage\":\"pt-PT\",\"@id\":\"https:\/\/www.csj-emballages.com\/pt-pt\/#\/schema\/logo\/image\/\",\"url\":\"https:\/\/www.csj-emballages.com\/wp-content\/uploads\/2023\/10\/logo_csj.webp\",\"contentUrl\":\"https:\/\/www.csj-emballages.com\/wp-content\/uploads\/2023\/10\/logo_csj.webp\",\"width\":250,\"height\":95,\"caption\":\"CSJ Emballages\"},\"image\":{\"@id\":\"https:\/\/www.csj-emballages.com\/pt-pt\/#\/schema\/logo\/image\/\"},\"sameAs\":[\"https:\/\/www.facebook.com\/csjemballages\"],\"address\":{\"@type\":\"PostalAddress\",\"streetAddress\":\"ZI La Lechere\",\"addressLocality\":\"Patornay\",\"postalCode\":\"39130\",\"addressCountry\":\"FR\"},\"contactPoint\":[{\"@type\":\"ContactPoint\",\"contactType\":\"Service client\",\"telephone\":\"0384254272\",\"email\":\"contact@csj-emballages.com\"}]}]}<\/script>\n<!-- \/ Yoast SEO Premium plugin. -->","yoast_head_json":{"title":"Caixa de troncos \"Magia do Natal\" 40 x 11 x 10 cm x 25","description":"Caixa de troncos \"Magia do Natal\" 40 x 11 x 10 cm x 25: elegante, resistente e ecol\u00f3gica, perfeita para as suas sobremesas de fim de ano.","robots":{"index":"index","follow":"follow","max-snippet":"max-snippet:-1","max-image-preview":"max-image-preview:large","max-video-preview":"max-video-preview:-1"},"canonical":"https:\/\/www.csj-emballages.com\/pt-pt\/produit\/caixa-de-troncos-magia-do-natal-40-x-11-x-10-cm-x-25\/","og_locale":"pt_PT","og_type":"article","og_title":"Caixa de troncos \"Magia do Natal\" 40 x 11 x 10 cm x 25","og_description":"Caixa de troncos \"Magia do Natal\" 40 x 11 x 10 cm x 25: elegante, resistente e ecol\u00f3gica, perfeita para as suas sobremesas de fim de ano.","og_url":"https:\/\/www.csj-emballages.com\/pt-pt\/produit\/caixa-de-troncos-magia-do-natal-40-x-11-x-10-cm-x-25\/","og_site_name":"CSJ Emballages","article_publisher":"https:\/\/www.facebook.com\/csjemballages","article_modified_time":"2026-03-12T15:11:27+00:00","og_image":[{"width":800,"height":800,"url":"https:\/\/www.csj-emballages.com\/wp-content\/uploads\/2025\/09\/Boite-buche-Magie-de-Noel.webp","type":"image\/webp"}],"twitter_card":"summary_large_image","twitter_misc":{"Tempo estimado de leitura":"2 minutos"},"schema":{"@context":"https:\/\/schema.org","@graph":[{"@type":"WebPage","@id":"https:\/\/www.csj-emballages.com\/pt-pt\/produit\/caixa-de-troncos-magia-do-natal-40-x-11-x-10-cm-x-25\/","url":"https:\/\/www.csj-emballages.com\/pt-pt\/produit\/caixa-de-troncos-magia-do-natal-40-x-11-x-10-cm-x-25\/","name":"Caixa de troncos \"Magia do Natal\" 40 x 11 x 10 cm x 25","isPartOf":{"@id":"https:\/\/www.csj-emballages.com\/pt-pt\/#website"},"primaryImageOfPage":{"@id":"https:\/\/www.csj-emballages.com\/pt-pt\/produit\/caixa-de-troncos-magia-do-natal-40-x-11-x-10-cm-x-25\/#primaryimage"},"image":{"@id":"https:\/\/www.csj-emballages.com\/pt-pt\/produit\/caixa-de-troncos-magia-do-natal-40-x-11-x-10-cm-x-25\/#primaryimage"},"thumbnailUrl":"https:\/\/www.csj-emballages.com\/wp-content\/uploads\/2025\/09\/Boite-buche-Magie-de-Noel.webp","datePublished":"2025-09-11T12:55:28+00:00","dateModified":"2026-03-12T15:11:27+00:00","description":"Caixa de troncos \"Magia do Natal\" 40 x 11 x 10 cm x 25: elegante, resistente e ecol\u00f3gica, perfeita para as suas sobremesas de fim de ano.","breadcrumb":{"@id":"https:\/\/www.csj-emballages.com\/pt-pt\/produit\/caixa-de-troncos-magia-do-natal-40-x-11-x-10-cm-x-25\/#breadcrumb"},"inLanguage":"pt-PT","potentialAction":[{"@type":"ReadAction","target":["https:\/\/www.csj-emballages.com\/pt-pt\/produit\/caixa-de-troncos-magia-do-natal-40-x-11-x-10-cm-x-25\/"]}]},{"@type":"ImageObject","inLanguage":"pt-PT","@id":"https:\/\/www.csj-emballages.com\/pt-pt\/produit\/caixa-de-troncos-magia-do-natal-40-x-11-x-10-cm-x-25\/#primaryimage","url":"https:\/\/www.csj-emballages.com\/wp-content\/uploads\/2025\/09\/Boite-buche-Magie-de-Noel.webp","contentUrl":"https:\/\/www.csj-emballages.com\/wp-content\/uploads\/2025\/09\/Boite-buche-Magie-de-Noel.webp","width":800,"height":800,"caption":"Boite b\u00fbche"},{"@type":"BreadcrumbList","@id":"https:\/\/www.csj-emballages.com\/pt-pt\/produit\/caixa-de-troncos-magia-do-natal-40-x-11-x-10-cm-x-25\/#breadcrumb","itemListElement":[{"@type":"ListItem","position":1,"name":"Acolhimento","item":"https:\/\/www.csj-emballages.com\/pt-pt\/universo-das-embalagens-alimentares\/"},{"@type":"ListItem","position":2,"name":"Shop","item":"https:\/\/www.csj-emballages.com\/shop\/"},{"@type":"ListItem","position":3,"name":"Caixa de troncos \u00ab\u00a0Magia do Natal\u00a0\u00bb 40 x 11 x 10 cm x 25"}]},{"@type":"WebSite","@id":"https:\/\/www.csj-emballages.com\/pt-pt\/#website","url":"https:\/\/www.csj-emballages.com\/pt-pt\/","name":"CSJ Emballages","description":"","publisher":{"@id":"https:\/\/www.csj-emballages.com\/pt-pt\/#organization"},"potentialAction":[{"@type":"SearchAction","target":{"@type":"EntryPoint","urlTemplate":"https:\/\/www.csj-emballages.com\/pt-pt\/?s={search_term_string}"},"query-input":{"@type":"PropertyValueSpecification","valueRequired":true,"valueName":"search_term_string"}}],"inLanguage":"pt-PT"},{"@type":"Organization","@id":"https:\/\/www.csj-emballages.com\/pt-pt\/#Organization\/","name":"CSJ Emballages","url":"https:\/\/www.csj-emballages.com\/pt-pt\/","logo":{"@type":"ImageObject","inLanguage":"pt-PT","@id":"https:\/\/www.csj-emballages.com\/pt-pt\/#\/schema\/logo\/image\/","url":"https:\/\/www.csj-emballages.com\/wp-content\/uploads\/2023\/10\/logo_csj.webp","contentUrl":"https:\/\/www.csj-emballages.com\/wp-content\/uploads\/2023\/10\/logo_csj.webp","width":250,"height":95,"caption":"CSJ Emballages"},"image":{"@id":"https:\/\/www.csj-emballages.com\/pt-pt\/#\/schema\/logo\/image\/"},"sameAs":["https:\/\/www.facebook.com\/csjemballages"],"address":{"@type":"PostalAddress","streetAddress":"ZI La Lechere","addressLocality":"Patornay","postalCode":"39130","addressCountry":"FR"},"contactPoint":[{"@type":"ContactPoint","contactType":"Service client","telephone":"0384254272","email":"contact@csj-emballages.com"}]}]}},"df_price":14.17,"df_sale_price":14.17,"df_regular_price":14.92,"df_image_link":"https:\/\/www.csj-emballages.com\/wp-content\/uploads\/2025\/09\/Boite-buche-Magie-de-Noel-300x300.webp","tiered_pricing_type":"fixed","tiered_pricing_fixed_rules":[],"tiered_pricing_percentage_rules":[],"tiered_pricing_minimum":1,"tiered_pricing_roles_data":[],"_links":{"self":[{"href":"https:\/\/www.csj-emballages.com\/pt-pt\/wp-json\/wp\/v2\/product\/243139","targetHints":{"allow":["GET"]}}],"collection":[{"href":"https:\/\/www.csj-emballages.com\/pt-pt\/wp-json\/wp\/v2\/product"}],"about":[{"href":"https:\/\/www.csj-emballages.com\/pt-pt\/wp-json\/wp\/v2\/types\/product"}],"wp:featuredmedia":[{"embeddable":true,"href":"https:\/\/www.csj-emballages.com\/pt-pt\/wp-json\/wp\/v2\/media\/243144"}],"wp:attachment":[{"href":"https:\/\/www.csj-emballages.com\/pt-pt\/wp-json\/wp\/v2\/media?parent=243139"}],"wp:term":[{"taxonomy":"product_brand","embeddable":true,"href":"https:\/\/www.csj-emballages.com\/pt-pt\/wp-json\/wp\/v2\/product_brand?post=243139"},{"taxonomy":"product_cat","embeddable":true,"href":"https:\/\/www.csj-emballages.com\/pt-pt\/wp-json\/wp\/v2\/product_cat?post=243139"},{"taxonomy":"product_tag","embeddable":true,"href":"https:\/\/www.csj-emballages.com\/pt-pt\/wp-json\/wp\/v2\/product_tag?post=243139"}],"curies":[{"name":"wp","href":"https:\/\/api.w.org\/{rel}","templated":true}]}}