{"id":243119,"date":"2025-09-11T14:57:49","date_gmt":"2025-09-11T12:57:49","guid":{"rendered":"https:\/\/www.csj-emballages.com\/produit\/caixa-de-toros-magie-de-noel-16-x-11-x-10-cm-embalagem-de-25\/"},"modified":"2026-03-12T16:11:25","modified_gmt":"2026-03-12T15:11:25","slug":"caixa-de-toros-magie-de-noel-16-x-11-x-10-cm-embalagem-de-25","status":"publish","type":"product","link":"https:\/\/www.csj-emballages.com\/pt-pt\/produit\/caixa-de-toros-magie-de-noel-16-x-11-x-10-cm-embalagem-de-25\/","title":{"rendered":"Caixa de toros &#8220;Magie de No\u00ebl&#8221; 16 x 11 x 10 cm, embalagem de 25"},"content":{"rendered":"<h2>Caixa de registo<\/h2>\n<hr>\n<h3>Descri\u00e7\u00e3o da nossa caixa de registo &#8220;Magia do Natal&#8221; 16 x 11 x 10 cm, embalagem de 25<\/h3>\n<p><!--more--><\/p>\n<p data-start=\"121\" data-end=\"391\">D\u00ea um <strong data-start=\"134\" data-end=\"153\">toque m\u00e1gico<\/strong> \u00e0s suas cria\u00e7\u00f5es de pastelaria com a <strong data-start=\"190\" data-end=\"237\">caixa de troncos &#8220;Christmas Magic&#8221;, 16 x 11 x 10 cm<\/strong>, vendida em embalagens de <strong>25<\/strong>. Ideal para a \u00e9poca festiva, esta <strong data-start=\"190\" data-end=\"237\">caixa para troncos de Natal<\/strong> combina <strong data-start=\"318\" data-end=\"330\">eleg\u00e2ncia<\/strong>, <strong data-start=\"332\" data-end=\"345\">praticidade<\/strong> e <strong data-start=\"349\" data-end=\"361\">robustez<\/strong> para dar destaque \u00e0s suas sobremesas.<\/p>\n<p data-start=\"393\" data-end=\"835\">Em primeiro lugar, o seu <strong data-start=\"411\" data-end=\"432\">design encantador<\/strong> com <strong>motivos natal\u00edcios<\/strong> cria um verdadeiro efeito &#8220;uau&#8221; logo \u00e0 primeira vista. Com as suas cores quentes e ilustra\u00e7\u00e3o festiva, transforma cada <strong>tronco<\/strong> num presente gourmet pronto a oferecer. O seu tamanho de <strong data-start=\"660\" data-end=\"679\">16 x 11 x 10 cm<\/strong> \u00e9 perfeito para pequenos troncos ou sobremesas individuais, tornando-o ideal para artes\u00e3os, pasteleiros, fornecedores e amadores entusiastas.<\/p>\n<p data-start=\"837\" data-end=\"1199\">Em segundo lugar, esta <strong data-start=\"190\" data-end=\"237\">caixa<\/strong> \u00e9 fabricada em <strong data-start=\"872\" data-end=\"916\">cart\u00e3o de qualidade alimentar<\/strong>, garantindo <strong>uma boa<\/strong> <strong data-start=\"931\" data-end=\"954\">resist\u00eancia<\/strong> durante o transporte. Protege os seus produtos da humidade e do impacto, respeitando as normas de higiene. A montagem r\u00e1pida e o fecho seguro <strong data-start=\"1141\" data-end=\"1158\">poupam tempo<\/strong> valioso durante os per\u00edodos de maior atividade.<\/p>\n<p data-start=\"1201\" data-end=\"1615\">Por fim, optar por esta <strong data-start=\"190\" data-end=\"237\">caixa de toros<\/strong> \u00e9 tamb\u00e9m uma escolha <strong data-start=\"1263\" data-end=\"1289\">pr\u00e1tica e econ\u00f3mica<\/strong>: vendida em <strong data-start=\"1303\" data-end=\"1316\">embalagens de 25 unidades<\/strong>, permite-lhe antecipar grandes encomendas, mantendo-se amigo do ambiente gra\u00e7as ao seu cart\u00e3o recicl\u00e1vel. Quer seja para uso profissional ou pessoal, a <strong data-start=\"190\" data-end=\"237\">caixa<\/strong><strong data-start=\"1504\" data-end=\"1535\"> para toros &#8220;Magic of Christmas&#8221;<\/strong> oferece uma solu\u00e7\u00e3o est\u00e9tica e fi\u00e1vel para apresentar as suas del\u00edcias festivas.<\/p>\n<p data-start=\"1617\" data-end=\"1755\">Ofere\u00e7a aos seus clientes ou convidados uma experi\u00eancia \u00fanica em que a <strong data-start=\"1677\" data-end=\"1694\">magia do Natal<\/strong> pode ser encontrada tanto no sabor como na embalagem!<\/p>\n<p><!--more--><\/p>\n<h4><strong>Vantagens :<\/strong><\/h4>\n<ul>\n<li><strong data-start=\"1798\" data-end=\"1815\">Um design festivo<\/strong> que valoriza ao m\u00e1ximo os seus troncos e sobremesas.<\/li>\n<li>O cart\u00e3o de qualidade alimentar garante prote\u00e7\u00e3o durante o transporte.<\/li>\n<li>Formato pequeno de <strong>16 x 11 x 10 cm,<\/strong> perfeito para pequenos troncos.<\/li>\n<li><strong data-start=\"2019\" data-end=\"2037\">Montagem f\u00e1cil<\/strong> e fecho seguro, poupando tempo.<\/li>\n<li><strong data-start=\"2088\" data-end=\"2112\">Embalagem econ\u00f3mica de 25<\/strong> caixas recicl\u00e1veis.<\/li>\n<\/ul>\n<p>&nbsp;<\/p>\n<p><!--more--><\/p>\n<h4>Outras informa\u00e7\u00f5es :<\/h4>\n<ul>\n<li><strong>Embalagem<\/strong>: Pacote de 25<\/li>\n<li><strong>Dimens\u00f5es<\/strong>: 16 x 11 x 10 cm<\/li>\n<li><strong>Material<\/strong>: Cart\u00e3o<\/li>\n<li><strong>Cor<\/strong>: Branco \/ Decors<\/li>\n<li><strong>Modelo<\/strong>: Magia de Natal<\/li>\n<\/ul>\n<p>&nbsp;<\/p>\n<p><!--more--><\/p>\n<p>Esta caixa de madeira est\u00e1 dispon\u00edvel em diferentes tamanhos: <span style=\"color: #d12727;\"><a style=\"color: #d12727;\" href=\"https:\/\/www.csj-emballages.com\/pt-pt\/?post_type=product&#038;p=243124\">20 x 11 x 10 cm<\/a><\/span> \/ <span style=\"color: #d12727;\"><a style=\"color: #d12727;\" href=\"https:\/\/www.csj-emballages.com\/produit\/boite-buche-magie-de-noel-25-x-11-x-10-cm-par-25\/\">25 x 11 x 10 cm<\/a><\/span> \/ <span style=\"color: #d12727;\"><a style=\"color: #d12727;\" href=\"https:\/\/www.csj-emballages.com\/pt-pt\/produit\/caixa-de-troncos-magia-do-natal-35-x-11-x-10-cm-embalagem-de-25\/\">35 x 11 x 10 cm<\/a><\/span> \/ <span style=\"color: #d12727;\"><a style=\"color: #d12727;\" href=\"https:\/\/www.csj-emballages.com\/pt-pt\/produit\/caixa-de-troncos-magia-do-natal-40-x-11-x-10-cm-x-25\/\">40 x 11 x 10 cm<\/a><\/span><\/p>\n<p>&nbsp;<\/p>\n<p><!--more--><\/p>\n<p><a href=\"https:\/\/www.csj-emballages.com\/pt-pt\/categorie-produit\/embalagem-de-alimentos\/padaria-e-pastelaria\/caixas-e-estojos\/caixas-de-registo\/a-magia-das-caixas-de-troncos-de-natal\/\">Veja o resto da nossa gama de caixas de madeira &#8220;Christmas Magic&#8221; aqui<\/a><\/p>\n","protected":false},"excerpt":{"rendered":"<p>Caixa de registo Descri\u00e7\u00e3o da nossa caixa de registo &#8220;Magia do Natal&#8221; 16 x 11 x 10 cm, embalagem de 25<\/p>\n","protected":false},"featured_media":243144,"template":"","meta":{"_acf_changed":false},"product_brand":[],"product_cat":[1141,1177,3916,2079,9443],"product_tag":[],"class_list":{"0":"post-243119","1":"product","2":"type-product","3":"status-publish","4":"has-post-thumbnail","6":"product_cat-embalagem-de-alimentos","7":"product_cat-padaria-e-pastelaria","8":"product_cat-caixas-e-estojos","9":"product_cat-caixas-de-registo","10":"product_cat-a-magia-das-caixas-de-troncos-de-natal","12":"first","13":"instock","14":"sale","15":"taxable","16":"shipping-taxable","17":"purchasable","18":"product-type-simple"},"acf":[],"yoast_head":"<!-- This site is optimized with the Yoast SEO Premium plugin v26.6 (Yoast SEO v26.6) - https:\/\/yoast.com\/wordpress\/plugins\/seo\/ -->\n<title>Caixa de troncos m\u00e1gicos de Natal 16 x 11 x 10 cm x 25<\/title>\n<meta name=\"description\" content=\"Caixa de troncos &quot;Magic of Christmas&quot; 16 x 11 x 10 cm - Design festivo, cart\u00e3o resistente, embalagem de 25 para real\u00e7ar as suas sobremesas festivas.\" \/>\n<meta name=\"robots\" content=\"index, follow, max-snippet:-1, max-image-preview:large, max-video-preview:-1\" \/>\n<link rel=\"canonical\" href=\"https:\/\/www.csj-emballages.com\/pt-pt\/produit\/caixa-de-toros-magie-de-noel-16-x-11-x-10-cm-embalagem-de-25\/\" \/>\n<meta property=\"og:locale\" content=\"pt_PT\" \/>\n<meta property=\"og:type\" content=\"article\" \/>\n<meta property=\"og:title\" content=\"Caixa de toros &quot;Magie de No\u00ebl&quot; 16 x 11 x 10 cm, embalagem de 25\" \/>\n<meta property=\"og:description\" content=\"Caixa de troncos &quot;Magic of Christmas&quot; 16 x 11 x 10 cm - Design festivo, cart\u00e3o resistente, embalagem de 25 para real\u00e7ar as suas sobremesas festivas.\" \/>\n<meta property=\"og:url\" content=\"https:\/\/www.csj-emballages.com\/pt-pt\/produit\/caixa-de-toros-magie-de-noel-16-x-11-x-10-cm-embalagem-de-25\/\" \/>\n<meta property=\"og:site_name\" content=\"CSJ Emballages\" \/>\n<meta property=\"article:publisher\" content=\"https:\/\/www.facebook.com\/csjemballages\" \/>\n<meta property=\"article:modified_time\" content=\"2026-03-12T15:11:25+00:00\" \/>\n<meta property=\"og:image\" content=\"https:\/\/www.csj-emballages.com\/wp-content\/uploads\/2025\/09\/Boite-buche-Magie-de-Noel.webp\" \/>\n\t<meta property=\"og:image:width\" content=\"800\" \/>\n\t<meta property=\"og:image:height\" content=\"800\" \/>\n\t<meta property=\"og:image:type\" content=\"image\/webp\" \/>\n<meta name=\"twitter:card\" content=\"summary_large_image\" \/>\n<meta name=\"twitter:label1\" content=\"Tempo estimado de leitura\" \/>\n\t<meta name=\"twitter:data1\" content=\"2 minutos\" \/>\n<script type=\"application\/ld+json\" class=\"yoast-schema-graph\">{\"@context\":\"https:\/\/schema.org\",\"@graph\":[{\"@type\":\"WebPage\",\"@id\":\"https:\/\/www.csj-emballages.com\/pt-pt\/produit\/caixa-de-toros-magie-de-noel-16-x-11-x-10-cm-embalagem-de-25\/\",\"url\":\"https:\/\/www.csj-emballages.com\/pt-pt\/produit\/caixa-de-toros-magie-de-noel-16-x-11-x-10-cm-embalagem-de-25\/\",\"name\":\"Caixa de troncos m\u00e1gicos de Natal 16 x 11 x 10 cm x 25\",\"isPartOf\":{\"@id\":\"https:\/\/www.csj-emballages.com\/pt-pt\/#website\"},\"primaryImageOfPage\":{\"@id\":\"https:\/\/www.csj-emballages.com\/pt-pt\/produit\/caixa-de-toros-magie-de-noel-16-x-11-x-10-cm-embalagem-de-25\/#primaryimage\"},\"image\":{\"@id\":\"https:\/\/www.csj-emballages.com\/pt-pt\/produit\/caixa-de-toros-magie-de-noel-16-x-11-x-10-cm-embalagem-de-25\/#primaryimage\"},\"thumbnailUrl\":\"https:\/\/www.csj-emballages.com\/wp-content\/uploads\/2025\/09\/Boite-buche-Magie-de-Noel.webp\",\"datePublished\":\"2025-09-11T12:57:49+00:00\",\"dateModified\":\"2026-03-12T15:11:25+00:00\",\"description\":\"Caixa de troncos \\\"Magic of Christmas\\\" 16 x 11 x 10 cm - Design festivo, cart\u00e3o resistente, embalagem de 25 para real\u00e7ar as suas sobremesas festivas.\",\"breadcrumb\":{\"@id\":\"https:\/\/www.csj-emballages.com\/pt-pt\/produit\/caixa-de-toros-magie-de-noel-16-x-11-x-10-cm-embalagem-de-25\/#breadcrumb\"},\"inLanguage\":\"pt-PT\",\"potentialAction\":[{\"@type\":\"ReadAction\",\"target\":[\"https:\/\/www.csj-emballages.com\/pt-pt\/produit\/caixa-de-toros-magie-de-noel-16-x-11-x-10-cm-embalagem-de-25\/\"]}]},{\"@type\":\"ImageObject\",\"inLanguage\":\"pt-PT\",\"@id\":\"https:\/\/www.csj-emballages.com\/pt-pt\/produit\/caixa-de-toros-magie-de-noel-16-x-11-x-10-cm-embalagem-de-25\/#primaryimage\",\"url\":\"https:\/\/www.csj-emballages.com\/wp-content\/uploads\/2025\/09\/Boite-buche-Magie-de-Noel.webp\",\"contentUrl\":\"https:\/\/www.csj-emballages.com\/wp-content\/uploads\/2025\/09\/Boite-buche-Magie-de-Noel.webp\",\"width\":800,\"height\":800,\"caption\":\"Boite b\u00fbche\"},{\"@type\":\"BreadcrumbList\",\"@id\":\"https:\/\/www.csj-emballages.com\/pt-pt\/produit\/caixa-de-toros-magie-de-noel-16-x-11-x-10-cm-embalagem-de-25\/#breadcrumb\",\"itemListElement\":[{\"@type\":\"ListItem\",\"position\":1,\"name\":\"Acolhimento\",\"item\":\"https:\/\/www.csj-emballages.com\/pt-pt\/universo-das-embalagens-alimentares\/\"},{\"@type\":\"ListItem\",\"position\":2,\"name\":\"Shop\",\"item\":\"https:\/\/www.csj-emballages.com\/shop\/\"},{\"@type\":\"ListItem\",\"position\":3,\"name\":\"Caixa de toros \u00ab\u00a0Magie de No\u00ebl\u00a0\u00bb 16 x 11 x 10 cm, embalagem de 25\"}]},{\"@type\":\"WebSite\",\"@id\":\"https:\/\/www.csj-emballages.com\/pt-pt\/#website\",\"url\":\"https:\/\/www.csj-emballages.com\/pt-pt\/\",\"name\":\"CSJ Emballages\",\"description\":\"\",\"publisher\":{\"@id\":\"https:\/\/www.csj-emballages.com\/pt-pt\/#organization\"},\"potentialAction\":[{\"@type\":\"SearchAction\",\"target\":{\"@type\":\"EntryPoint\",\"urlTemplate\":\"https:\/\/www.csj-emballages.com\/pt-pt\/?s={search_term_string}\"},\"query-input\":{\"@type\":\"PropertyValueSpecification\",\"valueRequired\":true,\"valueName\":\"search_term_string\"}}],\"inLanguage\":\"pt-PT\"},{\"@type\":\"Organization\",\"@id\":\"https:\/\/www.csj-emballages.com\/pt-pt\/#Organization\/\",\"name\":\"CSJ Emballages\",\"url\":\"https:\/\/www.csj-emballages.com\/pt-pt\/\",\"logo\":{\"@type\":\"ImageObject\",\"inLanguage\":\"pt-PT\",\"@id\":\"https:\/\/www.csj-emballages.com\/pt-pt\/#\/schema\/logo\/image\/\",\"url\":\"https:\/\/www.csj-emballages.com\/wp-content\/uploads\/2023\/10\/logo_csj.webp\",\"contentUrl\":\"https:\/\/www.csj-emballages.com\/wp-content\/uploads\/2023\/10\/logo_csj.webp\",\"width\":250,\"height\":95,\"caption\":\"CSJ Emballages\"},\"image\":{\"@id\":\"https:\/\/www.csj-emballages.com\/pt-pt\/#\/schema\/logo\/image\/\"},\"sameAs\":[\"https:\/\/www.facebook.com\/csjemballages\"],\"address\":{\"@type\":\"PostalAddress\",\"streetAddress\":\"ZI La Lechere\",\"addressLocality\":\"Patornay\",\"postalCode\":\"39130\",\"addressCountry\":\"FR\"},\"contactPoint\":[{\"@type\":\"ContactPoint\",\"contactType\":\"Service client\",\"telephone\":\"0384254272\",\"email\":\"contact@csj-emballages.com\"}]}]}<\/script>\n<!-- \/ Yoast SEO Premium plugin. -->","yoast_head_json":{"title":"Caixa de troncos m\u00e1gicos de Natal 16 x 11 x 10 cm x 25","description":"Caixa de troncos \"Magic of Christmas\" 16 x 11 x 10 cm - Design festivo, cart\u00e3o resistente, embalagem de 25 para real\u00e7ar as suas sobremesas festivas.","robots":{"index":"index","follow":"follow","max-snippet":"max-snippet:-1","max-image-preview":"max-image-preview:large","max-video-preview":"max-video-preview:-1"},"canonical":"https:\/\/www.csj-emballages.com\/pt-pt\/produit\/caixa-de-toros-magie-de-noel-16-x-11-x-10-cm-embalagem-de-25\/","og_locale":"pt_PT","og_type":"article","og_title":"Caixa de toros \"Magie de No\u00ebl\" 16 x 11 x 10 cm, embalagem de 25","og_description":"Caixa de troncos \"Magic of Christmas\" 16 x 11 x 10 cm - Design festivo, cart\u00e3o resistente, embalagem de 25 para real\u00e7ar as suas sobremesas festivas.","og_url":"https:\/\/www.csj-emballages.com\/pt-pt\/produit\/caixa-de-toros-magie-de-noel-16-x-11-x-10-cm-embalagem-de-25\/","og_site_name":"CSJ Emballages","article_publisher":"https:\/\/www.facebook.com\/csjemballages","article_modified_time":"2026-03-12T15:11:25+00:00","og_image":[{"width":800,"height":800,"url":"https:\/\/www.csj-emballages.com\/wp-content\/uploads\/2025\/09\/Boite-buche-Magie-de-Noel.webp","type":"image\/webp"}],"twitter_card":"summary_large_image","twitter_misc":{"Tempo estimado de leitura":"2 minutos"},"schema":{"@context":"https:\/\/schema.org","@graph":[{"@type":"WebPage","@id":"https:\/\/www.csj-emballages.com\/pt-pt\/produit\/caixa-de-toros-magie-de-noel-16-x-11-x-10-cm-embalagem-de-25\/","url":"https:\/\/www.csj-emballages.com\/pt-pt\/produit\/caixa-de-toros-magie-de-noel-16-x-11-x-10-cm-embalagem-de-25\/","name":"Caixa de troncos m\u00e1gicos de Natal 16 x 11 x 10 cm x 25","isPartOf":{"@id":"https:\/\/www.csj-emballages.com\/pt-pt\/#website"},"primaryImageOfPage":{"@id":"https:\/\/www.csj-emballages.com\/pt-pt\/produit\/caixa-de-toros-magie-de-noel-16-x-11-x-10-cm-embalagem-de-25\/#primaryimage"},"image":{"@id":"https:\/\/www.csj-emballages.com\/pt-pt\/produit\/caixa-de-toros-magie-de-noel-16-x-11-x-10-cm-embalagem-de-25\/#primaryimage"},"thumbnailUrl":"https:\/\/www.csj-emballages.com\/wp-content\/uploads\/2025\/09\/Boite-buche-Magie-de-Noel.webp","datePublished":"2025-09-11T12:57:49+00:00","dateModified":"2026-03-12T15:11:25+00:00","description":"Caixa de troncos \"Magic of Christmas\" 16 x 11 x 10 cm - Design festivo, cart\u00e3o resistente, embalagem de 25 para real\u00e7ar as suas sobremesas festivas.","breadcrumb":{"@id":"https:\/\/www.csj-emballages.com\/pt-pt\/produit\/caixa-de-toros-magie-de-noel-16-x-11-x-10-cm-embalagem-de-25\/#breadcrumb"},"inLanguage":"pt-PT","potentialAction":[{"@type":"ReadAction","target":["https:\/\/www.csj-emballages.com\/pt-pt\/produit\/caixa-de-toros-magie-de-noel-16-x-11-x-10-cm-embalagem-de-25\/"]}]},{"@type":"ImageObject","inLanguage":"pt-PT","@id":"https:\/\/www.csj-emballages.com\/pt-pt\/produit\/caixa-de-toros-magie-de-noel-16-x-11-x-10-cm-embalagem-de-25\/#primaryimage","url":"https:\/\/www.csj-emballages.com\/wp-content\/uploads\/2025\/09\/Boite-buche-Magie-de-Noel.webp","contentUrl":"https:\/\/www.csj-emballages.com\/wp-content\/uploads\/2025\/09\/Boite-buche-Magie-de-Noel.webp","width":800,"height":800,"caption":"Boite b\u00fbche"},{"@type":"BreadcrumbList","@id":"https:\/\/www.csj-emballages.com\/pt-pt\/produit\/caixa-de-toros-magie-de-noel-16-x-11-x-10-cm-embalagem-de-25\/#breadcrumb","itemListElement":[{"@type":"ListItem","position":1,"name":"Acolhimento","item":"https:\/\/www.csj-emballages.com\/pt-pt\/universo-das-embalagens-alimentares\/"},{"@type":"ListItem","position":2,"name":"Shop","item":"https:\/\/www.csj-emballages.com\/shop\/"},{"@type":"ListItem","position":3,"name":"Caixa de toros \u00ab\u00a0Magie de No\u00ebl\u00a0\u00bb 16 x 11 x 10 cm, embalagem de 25"}]},{"@type":"WebSite","@id":"https:\/\/www.csj-emballages.com\/pt-pt\/#website","url":"https:\/\/www.csj-emballages.com\/pt-pt\/","name":"CSJ Emballages","description":"","publisher":{"@id":"https:\/\/www.csj-emballages.com\/pt-pt\/#organization"},"potentialAction":[{"@type":"SearchAction","target":{"@type":"EntryPoint","urlTemplate":"https:\/\/www.csj-emballages.com\/pt-pt\/?s={search_term_string}"},"query-input":{"@type":"PropertyValueSpecification","valueRequired":true,"valueName":"search_term_string"}}],"inLanguage":"pt-PT"},{"@type":"Organization","@id":"https:\/\/www.csj-emballages.com\/pt-pt\/#Organization\/","name":"CSJ Emballages","url":"https:\/\/www.csj-emballages.com\/pt-pt\/","logo":{"@type":"ImageObject","inLanguage":"pt-PT","@id":"https:\/\/www.csj-emballages.com\/pt-pt\/#\/schema\/logo\/image\/","url":"https:\/\/www.csj-emballages.com\/wp-content\/uploads\/2023\/10\/logo_csj.webp","contentUrl":"https:\/\/www.csj-emballages.com\/wp-content\/uploads\/2023\/10\/logo_csj.webp","width":250,"height":95,"caption":"CSJ Emballages"},"image":{"@id":"https:\/\/www.csj-emballages.com\/pt-pt\/#\/schema\/logo\/image\/"},"sameAs":["https:\/\/www.facebook.com\/csjemballages"],"address":{"@type":"PostalAddress","streetAddress":"ZI La Lechere","addressLocality":"Patornay","postalCode":"39130","addressCountry":"FR"},"contactPoint":[{"@type":"ContactPoint","contactType":"Service client","telephone":"0384254272","email":"contact@csj-emballages.com"}]}]}},"df_price":8.24,"df_sale_price":8.24,"df_regular_price":8.68,"df_image_link":"https:\/\/www.csj-emballages.com\/wp-content\/uploads\/2025\/09\/Boite-buche-Magie-de-Noel-300x300.webp","tiered_pricing_type":"fixed","tiered_pricing_fixed_rules":[],"tiered_pricing_percentage_rules":[],"tiered_pricing_minimum":1,"tiered_pricing_roles_data":[],"_links":{"self":[{"href":"https:\/\/www.csj-emballages.com\/pt-pt\/wp-json\/wp\/v2\/product\/243119","targetHints":{"allow":["GET"]}}],"collection":[{"href":"https:\/\/www.csj-emballages.com\/pt-pt\/wp-json\/wp\/v2\/product"}],"about":[{"href":"https:\/\/www.csj-emballages.com\/pt-pt\/wp-json\/wp\/v2\/types\/product"}],"wp:featuredmedia":[{"embeddable":true,"href":"https:\/\/www.csj-emballages.com\/pt-pt\/wp-json\/wp\/v2\/media\/243144"}],"wp:attachment":[{"href":"https:\/\/www.csj-emballages.com\/pt-pt\/wp-json\/wp\/v2\/media?parent=243119"}],"wp:term":[{"taxonomy":"product_brand","embeddable":true,"href":"https:\/\/www.csj-emballages.com\/pt-pt\/wp-json\/wp\/v2\/product_brand?post=243119"},{"taxonomy":"product_cat","embeddable":true,"href":"https:\/\/www.csj-emballages.com\/pt-pt\/wp-json\/wp\/v2\/product_cat?post=243119"},{"taxonomy":"product_tag","embeddable":true,"href":"https:\/\/www.csj-emballages.com\/pt-pt\/wp-json\/wp\/v2\/product_tag?post=243119"}],"curies":[{"name":"wp","href":"https:\/\/api.w.org\/{rel}","templated":true}]}}