{"id":242693,"date":"2025-09-05T13:57:57","date_gmt":"2025-09-05T11:57:57","guid":{"rendered":"https:\/\/www.csj-emballages.com\/produit\/tampa-de-palha-em-cruz-para-tacho-gob-fast-950-500-unidades\/"},"modified":"2026-04-17T02:12:43","modified_gmt":"2026-04-17T00:12:43","slug":"tampa-de-palha-em-cruz-para-tacho-gob-fast-950-500-unidades","status":"publish","type":"product","link":"https:\/\/www.csj-emballages.com\/pt-pt\/produit\/tampa-de-palha-em-cruz-para-tacho-gob-fast-950-500-unidades\/","title":{"rendered":"Tampa de palha em cruz para tacho GOB FAST 950 (500 unidades)"},"content":{"rendered":"<h2 class=\"p1\">Tampa em cruz de palha<\/h2>\n<hr>\n<h3>Descri\u00e7\u00e3o da nossa tampa em cruz de palha para o pote GOB FAST 950 por 500<\/h3>\n<p><!--more--><\/p>\n<p data-start=\"166\" data-end=\"548\">Pr\u00e1tica, robusta e concebida a pensar nos profissionais, a <strong data-start=\"221\" data-end=\"277\">tampa em cruz com palhinha GOB FAST 950<\/strong> \u00e9 um acess\u00f3rio indispens\u00e1vel para as suas bebidas para levar. Especialmente concebida para se adaptar aos <strong>copos de grande capacidade (<span style=\"color: #d12727;\"><a style=\"color: #d12727;\" href=\"https:\/\/www.csj-emballages.com\/pt-pt\/produit\/frasco-pet-transparente-de-950-ml-1000-ml\/\">GOBFAST950<\/a><\/span><\/strong>), esta <strong>tampa<\/strong> proporciona uma veda\u00e7\u00e3o fi\u00e1vel e higi\u00e9nica, permitindo simultaneamente a passagem de uma <strong data-start=\"490\" data-end=\"500\">palhinha<\/strong> gra\u00e7as \u00e0 sua abertura em forma de cruz. Este sistema engenhoso evita os salpicos durante o transporte, ao mesmo tempo que oferece aos seus clientes uma \u00f3ptima facilidade de utiliza\u00e7\u00e3o. Chega de levantar tampas ou de derramar bebidas: com este modelo, as suas bebidas est\u00e3o bem protegidas e s\u00e3o f\u00e1ceis de beber em todas as circunst\u00e2ncias.   <\/p>\n<p data-start=\"864\" data-end=\"1240\">Quer esteja a servir <strong data-start=\"887\" data-end=\"896\">refrigerantes<\/strong>, <strong data-start=\"902\" data-end=\"915\">batidos<\/strong>, <strong data-start=\"921\" data-end=\"935\">batidos<\/strong> ou sumos de fruta fresca, esta tampa adapta-se a todas as suas receitas. Al\u00e9m disso, o seu design robusto garante uma boa resist\u00eancia, mesmo com bebidas espessas ou geladas. Al\u00e9m disso, a sua cor transparente real\u00e7a o conte\u00fado do copo, tornando-o um verdadeiro chamariz para os seus clientes.  <\/p>\n<p data-start=\"1242\" data-end=\"1539\">Embalada em pacotes <strong data-start=\"1258\" data-end=\"1272\">de 500 unidades<\/strong>, esta embalagem adapta-se perfeitamente \u00e0s necessidades dos restaurantes, dos estabelecimentos de fast-food, dos bares de sumos, dos cami\u00f5es de transporte de alimentos e dos eventos de grande movimento.<\/p>\n<p data-start=\"1541\" data-end=\"1742\">Em suma, a <strong data-start=\"1554\" data-end=\"1591\">tampa em cruz com palhinha &#8220;GOB FAST 950&#8221;<\/strong> alia praticidade, higiene e est\u00e9tica. \u00c9 a solu\u00e7\u00e3o ideal para oferecer aos seus clientes uma experi\u00eancia de consumo agrad\u00e1vel e sem complica\u00e7\u00f5es. <\/p>\n<p><!--more--><\/p>\n<h4><strong>Vantagens :<\/strong><\/h4>\n<ul>\n<li>Fecho seguro com abertura <strong data-start=\"1818\" data-end=\"1832\">em cruz<\/strong> para a palhinha.<\/li>\n<li>Ideal para batidos, batidos de leite&#8230;<\/li>\n<li>Gra\u00e7as \u00e0 sua transpar\u00eancia, destaca o conte\u00fado da ch\u00e1vena.<\/li>\n<li>Conjunto pr\u00e1tico de <strong data-start=\"2002\" data-end=\"2016\">500 pe\u00e7as<\/strong> para profissionais.<\/li>\n<li>Compat\u00edvel com <span style=\"color: #d12727;\"><a style=\"color: #d12727;\" href=\"https:\/\/www.csj-emballages.com\/pt-pt\/produit\/frasco-pet-transparente-de-950-ml-1000-ml\/\">GOBFAST950<\/a><\/span>.<\/li>\n<\/ul>\n<p>&nbsp;<\/p>\n<p><!--more--><\/p>\n<h4>Outras informa\u00e7\u00f5es :<\/h4>\n<ul>\n<li><strong>Embalagem<\/strong>: Caixa de 500<\/li>\n<li><strong>Di\u00e2metro<\/strong>: 105 mm<\/li>\n<li><strong>Material<\/strong>: PET (polietileno)<\/li>\n<li><strong>Cor<\/strong>: Transparente<\/li>\n<\/ul>\n<p>&nbsp;<\/p>\n<p><!--more--><\/p>\n<p>Encontre aqui o nosso pote transparente compat\u00edvel com esta tampa: <span style=\"color: #d12727;\"><a style=\"color: #d12727;\" href=\"https:\/\/www.csj-emballages.com\/pt-pt\/produit\/frasco-pet-transparente-de-950-ml-1000-ml\/\">GOBFAST950<\/a><\/span><\/p>\n<p>&nbsp;<\/p>\n<p><!--more--><\/p>\n<p><a href=\"https:\/\/www.csj-emballages.com\/pt-pt\/categorie-produit\/embalagem-de-alimentos\/restauracao\/chavenas-copos-baldes-garrafas\/copos-para-bebidas-frias\/frascos-de-smoothies\/\">Ver o resto da nossa gama de frascos para smoothies<\/a><\/p>\n","protected":false},"excerpt":{"rendered":"<p>Tampa em cruz de palha Descri\u00e7\u00e3o da nossa tampa em cruz de palha para o pote GOB FAST 950 por 500<\/p>\n","protected":false},"featured_media":242679,"template":"","meta":{"_acf_changed":false},"product_brand":[],"product_cat":[1141,1138,1471,1808,2544,9398],"product_tag":[],"class_list":{"0":"post-242693","1":"product","2":"type-product","3":"status-publish","4":"has-post-thumbnail","6":"product_cat-embalagem-de-alimentos","7":"product_cat-restauracao","8":"product_cat-chavenas-copos-baldes-garrafas","9":"product_cat-copos-para-bebidas-frias","10":"product_cat-frascos-de-smoothies","11":"product_cat-diametro-dos-recipientes-para-smoothies-105-mm","13":"first","14":"outofstock","15":"taxable","16":"shipping-taxable","17":"purchasable","18":"product-type-simple"},"acf":[],"yoast_head":"<!-- This site is optimized with the Yoast SEO Premium plugin v26.6 (Yoast SEO v26.6) - https:\/\/yoast.com\/wordpress\/plugins\/seo\/ -->\n<title>Tampa de palha em cruz para GOB FAST Pot 950 por 500<\/title>\n<meta name=\"description\" content=\"Tampa de palhinha transparente para GOB FAST 950. Pr\u00e1tica, higi\u00e9nica e vendida em embalagens de 500 unidades, ideal para bebidas frias para levar.\" \/>\n<meta name=\"robots\" content=\"index, follow, max-snippet:-1, max-image-preview:large, max-video-preview:-1\" \/>\n<link rel=\"canonical\" href=\"https:\/\/www.csj-emballages.com\/pt-pt\/produit\/tampa-de-palha-em-cruz-para-tacho-gob-fast-950-500-unidades\/\" \/>\n<meta property=\"og:locale\" content=\"pt_PT\" \/>\n<meta property=\"og:type\" content=\"article\" \/>\n<meta property=\"og:title\" content=\"Tampa de palha em cruz para tacho GOB FAST 950 (500 unidades)\" \/>\n<meta property=\"og:description\" content=\"Tampa de palhinha transparente para GOB FAST 950. Pr\u00e1tica, higi\u00e9nica e vendida em embalagens de 500 unidades, ideal para bebidas frias para levar.\" \/>\n<meta property=\"og:url\" content=\"https:\/\/www.csj-emballages.com\/pt-pt\/produit\/tampa-de-palha-em-cruz-para-tacho-gob-fast-950-500-unidades\/\" \/>\n<meta property=\"og:site_name\" content=\"CSJ Emballages\" \/>\n<meta property=\"article:publisher\" content=\"https:\/\/www.facebook.com\/csjemballages\" \/>\n<meta property=\"article:modified_time\" content=\"2026-04-17T00:12:43+00:00\" \/>\n<meta property=\"og:image\" content=\"https:\/\/www.csj-emballages.com\/wp-content\/uploads\/2025\/09\/COUVX960.webp\" \/>\n\t<meta property=\"og:image:width\" content=\"800\" \/>\n\t<meta property=\"og:image:height\" content=\"800\" \/>\n\t<meta property=\"og:image:type\" content=\"image\/webp\" \/>\n<meta name=\"twitter:card\" content=\"summary_large_image\" \/>\n<meta name=\"twitter:label1\" content=\"Tempo estimado de leitura\" \/>\n\t<meta name=\"twitter:data1\" content=\"2 minutos\" \/>\n<script type=\"application\/ld+json\" class=\"yoast-schema-graph\">{\"@context\":\"https:\/\/schema.org\",\"@graph\":[{\"@type\":\"WebPage\",\"@id\":\"https:\/\/www.csj-emballages.com\/pt-pt\/produit\/tampa-de-palha-em-cruz-para-tacho-gob-fast-950-500-unidades\/\",\"url\":\"https:\/\/www.csj-emballages.com\/pt-pt\/produit\/tampa-de-palha-em-cruz-para-tacho-gob-fast-950-500-unidades\/\",\"name\":\"Tampa de palha em cruz para GOB FAST Pot 950 por 500\",\"isPartOf\":{\"@id\":\"https:\/\/www.csj-emballages.com\/pt-pt\/#website\"},\"primaryImageOfPage\":{\"@id\":\"https:\/\/www.csj-emballages.com\/pt-pt\/produit\/tampa-de-palha-em-cruz-para-tacho-gob-fast-950-500-unidades\/#primaryimage\"},\"image\":{\"@id\":\"https:\/\/www.csj-emballages.com\/pt-pt\/produit\/tampa-de-palha-em-cruz-para-tacho-gob-fast-950-500-unidades\/#primaryimage\"},\"thumbnailUrl\":\"https:\/\/www.csj-emballages.com\/wp-content\/uploads\/2025\/09\/COUVX960.webp\",\"datePublished\":\"2025-09-05T11:57:57+00:00\",\"dateModified\":\"2026-04-17T00:12:43+00:00\",\"description\":\"Tampa de palhinha transparente para GOB FAST 950. Pr\u00e1tica, higi\u00e9nica e vendida em embalagens de 500 unidades, ideal para bebidas frias para levar.\",\"breadcrumb\":{\"@id\":\"https:\/\/www.csj-emballages.com\/pt-pt\/produit\/tampa-de-palha-em-cruz-para-tacho-gob-fast-950-500-unidades\/#breadcrumb\"},\"inLanguage\":\"pt-PT\",\"potentialAction\":[{\"@type\":\"ReadAction\",\"target\":[\"https:\/\/www.csj-emballages.com\/pt-pt\/produit\/tampa-de-palha-em-cruz-para-tacho-gob-fast-950-500-unidades\/\"]}]},{\"@type\":\"ImageObject\",\"inLanguage\":\"pt-PT\",\"@id\":\"https:\/\/www.csj-emballages.com\/pt-pt\/produit\/tampa-de-palha-em-cruz-para-tacho-gob-fast-950-500-unidades\/#primaryimage\",\"url\":\"https:\/\/www.csj-emballages.com\/wp-content\/uploads\/2025\/09\/COUVX960.webp\",\"contentUrl\":\"https:\/\/www.csj-emballages.com\/wp-content\/uploads\/2025\/09\/COUVX960.webp\",\"width\":800,\"height\":800,\"caption\":\"Couvercle pour pot GOB FAST\"},{\"@type\":\"BreadcrumbList\",\"@id\":\"https:\/\/www.csj-emballages.com\/pt-pt\/produit\/tampa-de-palha-em-cruz-para-tacho-gob-fast-950-500-unidades\/#breadcrumb\",\"itemListElement\":[{\"@type\":\"ListItem\",\"position\":1,\"name\":\"Acolhimento\",\"item\":\"https:\/\/www.csj-emballages.com\/pt-pt\/universo-das-embalagens-alimentares\/\"},{\"@type\":\"ListItem\",\"position\":2,\"name\":\"Shop\",\"item\":\"https:\/\/www.csj-emballages.com\/shop\/\"},{\"@type\":\"ListItem\",\"position\":3,\"name\":\"Tampa de palha em cruz para tacho GOB FAST 950 (500 unidades)\"}]},{\"@type\":\"WebSite\",\"@id\":\"https:\/\/www.csj-emballages.com\/pt-pt\/#website\",\"url\":\"https:\/\/www.csj-emballages.com\/pt-pt\/\",\"name\":\"CSJ Emballages\",\"description\":\"\",\"publisher\":{\"@id\":\"https:\/\/www.csj-emballages.com\/pt-pt\/#organization\"},\"potentialAction\":[{\"@type\":\"SearchAction\",\"target\":{\"@type\":\"EntryPoint\",\"urlTemplate\":\"https:\/\/www.csj-emballages.com\/pt-pt\/?s={search_term_string}\"},\"query-input\":{\"@type\":\"PropertyValueSpecification\",\"valueRequired\":true,\"valueName\":\"search_term_string\"}}],\"inLanguage\":\"pt-PT\"},{\"@type\":\"Organization\",\"@id\":\"https:\/\/www.csj-emballages.com\/pt-pt\/#Organization\/\",\"name\":\"CSJ Emballages\",\"url\":\"https:\/\/www.csj-emballages.com\/pt-pt\/\",\"logo\":{\"@type\":\"ImageObject\",\"inLanguage\":\"pt-PT\",\"@id\":\"https:\/\/www.csj-emballages.com\/pt-pt\/#\/schema\/logo\/image\/\",\"url\":\"https:\/\/www.csj-emballages.com\/wp-content\/uploads\/2023\/10\/logo_csj.webp\",\"contentUrl\":\"https:\/\/www.csj-emballages.com\/wp-content\/uploads\/2023\/10\/logo_csj.webp\",\"width\":250,\"height\":95,\"caption\":\"CSJ Emballages\"},\"image\":{\"@id\":\"https:\/\/www.csj-emballages.com\/pt-pt\/#\/schema\/logo\/image\/\"},\"sameAs\":[\"https:\/\/www.facebook.com\/csjemballages\"],\"address\":{\"@type\":\"PostalAddress\",\"streetAddress\":\"ZI La Lechere\",\"addressLocality\":\"Patornay\",\"postalCode\":\"39130\",\"addressCountry\":\"FR\"},\"contactPoint\":[{\"@type\":\"ContactPoint\",\"contactType\":\"Service client\",\"telephone\":\"0384254272\",\"email\":\"contact@csj-emballages.com\"}]}]}<\/script>\n<!-- \/ Yoast SEO Premium plugin. -->","yoast_head_json":{"title":"Tampa de palha em cruz para GOB FAST Pot 950 por 500","description":"Tampa de palhinha transparente para GOB FAST 950. Pr\u00e1tica, higi\u00e9nica e vendida em embalagens de 500 unidades, ideal para bebidas frias para levar.","robots":{"index":"index","follow":"follow","max-snippet":"max-snippet:-1","max-image-preview":"max-image-preview:large","max-video-preview":"max-video-preview:-1"},"canonical":"https:\/\/www.csj-emballages.com\/pt-pt\/produit\/tampa-de-palha-em-cruz-para-tacho-gob-fast-950-500-unidades\/","og_locale":"pt_PT","og_type":"article","og_title":"Tampa de palha em cruz para tacho GOB FAST 950 (500 unidades)","og_description":"Tampa de palhinha transparente para GOB FAST 950. Pr\u00e1tica, higi\u00e9nica e vendida em embalagens de 500 unidades, ideal para bebidas frias para levar.","og_url":"https:\/\/www.csj-emballages.com\/pt-pt\/produit\/tampa-de-palha-em-cruz-para-tacho-gob-fast-950-500-unidades\/","og_site_name":"CSJ Emballages","article_publisher":"https:\/\/www.facebook.com\/csjemballages","article_modified_time":"2026-04-17T00:12:43+00:00","og_image":[{"width":800,"height":800,"url":"https:\/\/www.csj-emballages.com\/wp-content\/uploads\/2025\/09\/COUVX960.webp","type":"image\/webp"}],"twitter_card":"summary_large_image","twitter_misc":{"Tempo estimado de leitura":"2 minutos"},"schema":{"@context":"https:\/\/schema.org","@graph":[{"@type":"WebPage","@id":"https:\/\/www.csj-emballages.com\/pt-pt\/produit\/tampa-de-palha-em-cruz-para-tacho-gob-fast-950-500-unidades\/","url":"https:\/\/www.csj-emballages.com\/pt-pt\/produit\/tampa-de-palha-em-cruz-para-tacho-gob-fast-950-500-unidades\/","name":"Tampa de palha em cruz para GOB FAST Pot 950 por 500","isPartOf":{"@id":"https:\/\/www.csj-emballages.com\/pt-pt\/#website"},"primaryImageOfPage":{"@id":"https:\/\/www.csj-emballages.com\/pt-pt\/produit\/tampa-de-palha-em-cruz-para-tacho-gob-fast-950-500-unidades\/#primaryimage"},"image":{"@id":"https:\/\/www.csj-emballages.com\/pt-pt\/produit\/tampa-de-palha-em-cruz-para-tacho-gob-fast-950-500-unidades\/#primaryimage"},"thumbnailUrl":"https:\/\/www.csj-emballages.com\/wp-content\/uploads\/2025\/09\/COUVX960.webp","datePublished":"2025-09-05T11:57:57+00:00","dateModified":"2026-04-17T00:12:43+00:00","description":"Tampa de palhinha transparente para GOB FAST 950. Pr\u00e1tica, higi\u00e9nica e vendida em embalagens de 500 unidades, ideal para bebidas frias para levar.","breadcrumb":{"@id":"https:\/\/www.csj-emballages.com\/pt-pt\/produit\/tampa-de-palha-em-cruz-para-tacho-gob-fast-950-500-unidades\/#breadcrumb"},"inLanguage":"pt-PT","potentialAction":[{"@type":"ReadAction","target":["https:\/\/www.csj-emballages.com\/pt-pt\/produit\/tampa-de-palha-em-cruz-para-tacho-gob-fast-950-500-unidades\/"]}]},{"@type":"ImageObject","inLanguage":"pt-PT","@id":"https:\/\/www.csj-emballages.com\/pt-pt\/produit\/tampa-de-palha-em-cruz-para-tacho-gob-fast-950-500-unidades\/#primaryimage","url":"https:\/\/www.csj-emballages.com\/wp-content\/uploads\/2025\/09\/COUVX960.webp","contentUrl":"https:\/\/www.csj-emballages.com\/wp-content\/uploads\/2025\/09\/COUVX960.webp","width":800,"height":800,"caption":"Couvercle pour pot GOB FAST"},{"@type":"BreadcrumbList","@id":"https:\/\/www.csj-emballages.com\/pt-pt\/produit\/tampa-de-palha-em-cruz-para-tacho-gob-fast-950-500-unidades\/#breadcrumb","itemListElement":[{"@type":"ListItem","position":1,"name":"Acolhimento","item":"https:\/\/www.csj-emballages.com\/pt-pt\/universo-das-embalagens-alimentares\/"},{"@type":"ListItem","position":2,"name":"Shop","item":"https:\/\/www.csj-emballages.com\/shop\/"},{"@type":"ListItem","position":3,"name":"Tampa de palha em cruz para tacho GOB FAST 950 (500 unidades)"}]},{"@type":"WebSite","@id":"https:\/\/www.csj-emballages.com\/pt-pt\/#website","url":"https:\/\/www.csj-emballages.com\/pt-pt\/","name":"CSJ Emballages","description":"","publisher":{"@id":"https:\/\/www.csj-emballages.com\/pt-pt\/#organization"},"potentialAction":[{"@type":"SearchAction","target":{"@type":"EntryPoint","urlTemplate":"https:\/\/www.csj-emballages.com\/pt-pt\/?s={search_term_string}"},"query-input":{"@type":"PropertyValueSpecification","valueRequired":true,"valueName":"search_term_string"}}],"inLanguage":"pt-PT"},{"@type":"Organization","@id":"https:\/\/www.csj-emballages.com\/pt-pt\/#Organization\/","name":"CSJ Emballages","url":"https:\/\/www.csj-emballages.com\/pt-pt\/","logo":{"@type":"ImageObject","inLanguage":"pt-PT","@id":"https:\/\/www.csj-emballages.com\/pt-pt\/#\/schema\/logo\/image\/","url":"https:\/\/www.csj-emballages.com\/wp-content\/uploads\/2023\/10\/logo_csj.webp","contentUrl":"https:\/\/www.csj-emballages.com\/wp-content\/uploads\/2023\/10\/logo_csj.webp","width":250,"height":95,"caption":"CSJ Emballages"},"image":{"@id":"https:\/\/www.csj-emballages.com\/pt-pt\/#\/schema\/logo\/image\/"},"sameAs":["https:\/\/www.facebook.com\/csjemballages"],"address":{"@type":"PostalAddress","streetAddress":"ZI La Lechere","addressLocality":"Patornay","postalCode":"39130","addressCountry":"FR"},"contactPoint":[{"@type":"ContactPoint","contactType":"Service client","telephone":"0384254272","email":"contact@csj-emballages.com"}]}]}},"df_price":80.29,"df_sale_price":"","df_regular_price":80.29,"df_image_link":"https:\/\/www.csj-emballages.com\/wp-content\/uploads\/2025\/09\/COUVX960-300x300.webp","tiered_pricing_type":"fixed","tiered_pricing_fixed_rules":[],"tiered_pricing_percentage_rules":[],"tiered_pricing_minimum":1,"tiered_pricing_roles_data":[],"_links":{"self":[{"href":"https:\/\/www.csj-emballages.com\/pt-pt\/wp-json\/wp\/v2\/product\/242693","targetHints":{"allow":["GET"]}}],"collection":[{"href":"https:\/\/www.csj-emballages.com\/pt-pt\/wp-json\/wp\/v2\/product"}],"about":[{"href":"https:\/\/www.csj-emballages.com\/pt-pt\/wp-json\/wp\/v2\/types\/product"}],"wp:featuredmedia":[{"embeddable":true,"href":"https:\/\/www.csj-emballages.com\/pt-pt\/wp-json\/wp\/v2\/media\/242679"}],"wp:attachment":[{"href":"https:\/\/www.csj-emballages.com\/pt-pt\/wp-json\/wp\/v2\/media?parent=242693"}],"wp:term":[{"taxonomy":"product_brand","embeddable":true,"href":"https:\/\/www.csj-emballages.com\/pt-pt\/wp-json\/wp\/v2\/product_brand?post=242693"},{"taxonomy":"product_cat","embeddable":true,"href":"https:\/\/www.csj-emballages.com\/pt-pt\/wp-json\/wp\/v2\/product_cat?post=242693"},{"taxonomy":"product_tag","embeddable":true,"href":"https:\/\/www.csj-emballages.com\/pt-pt\/wp-json\/wp\/v2\/product_tag?post=242693"}],"curies":[{"name":"wp","href":"https:\/\/api.w.org\/{rel}","templated":true}]}}