{"id":242658,"date":"2025-09-05T13:56:56","date_gmt":"2025-09-05T11:56:56","guid":{"rendered":"https:\/\/www.csj-emballages.com\/produit\/frasco-pet-transparente-de-950-ml-1000-ml\/"},"modified":"2026-04-17T02:13:50","modified_gmt":"2026-04-17T00:13:50","slug":"frasco-pet-transparente-de-950-ml-1000-ml","status":"publish","type":"product","link":"https:\/\/www.csj-emballages.com\/pt-pt\/produit\/frasco-pet-transparente-de-950-ml-1000-ml\/","title":{"rendered":"Recipiente de pl\u00e1stico 105 mm PET 950 ml \/ 1000 ml por 300"},"content":{"rendered":"<h2>Pote transparente<\/h2>\n<hr>\n<h3>Descri\u00e7\u00e3o do nosso frasco PET transparente de 950 ml \/ 1000 ml, embalagem de 300<\/h3>\n<p><!--more--><\/p>\n<p data-start=\"176\" data-end=\"765\">Pr\u00e1tico, vers\u00e1til e atrativo, o <strong data-start=\"215\" data-end=\"255\">frasco PET transparente de 950 ml \/ 1000 ml<\/strong> \u00e9 a embalagem ideal para todos os profissionais dos sectores da restaura\u00e7\u00e3o, takeaway e charcutaria. Gra\u00e7as \u00e0 sua <strong data-start=\"391\" data-end=\"419\">transpar\u00eancia cristalina<\/strong>, destaca instantaneamente os seus preparados, quer sejam batidos, batidos ou fruta cortada. O seu tamanho generoso permite-lhe embalar por\u00e7\u00f5es abundantes, mantendo-o compacto e f\u00e1cil de transportar. Fabricado em <strong data-start=\"779\" data-end=\"809\">PET de qualidade alimentar<\/strong>, o <strong>frasco<\/strong> \u00e9 simultaneamente <strong data-start=\"824\" data-end=\"850\">leve e robusto<\/strong>. Resiste perfeitamente ao manuseamento di\u00e1rio, sem deformar ou rachar, tornando-o uma escolha fi\u00e1vel para uma utiliza\u00e7\u00e3o intensiva. Al\u00e9m disso, a sua superf\u00edcie <strong>lisa e brilhante<\/strong> oferece um acabamento topo de gama que conquistar\u00e1 os seus clientes \u00e0 primeira vista.     <\/p>\n<p data-start=\"767\" data-end=\"1115\">Este <strong>frasco PET transparente de 950 ml \/ 1000 ml<\/strong> tamb\u00e9m \u00e9 vendido em <strong>caixas de 300<\/strong>.<\/p>\n<p data-start=\"767\" data-end=\"1115\">Al\u00e9m disso, este <strong>frasco transparente <\/strong>\u00e9 compat\u00edvel com esta <strong>tampa em cruz de palha, vendida separadamente<\/strong><strong>(COUVX960<\/strong>), garantindo um fecho herm\u00e9tico e uma melhor conserva\u00e7\u00e3o dos alimentos. Quer seja utilizado numa vitrina, em self-service ou em delivery, garante <strong data-start=\"1403\" data-end=\"1429\">frescura e praticidade<\/strong>. <\/p>\n<p data-start=\"1434\" data-end=\"1661\">Por \u00faltimo, ao ser fabricado a partir de <strong data-start=\"1466\" data-end=\"1488\">material recicl\u00e1vel<\/strong>, este <strong>frasco<\/strong> inscreve-se numa abordagem mais respeitadora do ambiente, respondendo simultaneamente \u00e0s expectativas dos consumidores actuais que se preocupam com embalagens mais sustent\u00e1veis.<\/p>\n<p data-start=\"1663\" data-end=\"1796\">Ao escolher este <strong data-start=\"1681\" data-end=\"1704\">frasco PET transparente<\/strong>, est\u00e1 a optar por uma embalagem que combina <strong data-start=\"1752\" data-end=\"1793\">qualidade, est\u00e9tica e funcionalidade<\/strong>.<\/p>\n<p data-start=\"1663\" data-end=\"1796\"><strong><span style=\"color: #ff0000;\">*A panela s\u00f3 \u00e9 adequada para aplica\u00e7\u00f5es a frio<\/span><\/strong><\/p>\n<p><!--more--><\/p>\n<h4><strong>Vantagens :<\/strong><\/h4>\n<ul>\n<li>A sua <strong>grande capacidade torna-a<\/strong> ideal para grandes batidos ou smoothies.<\/li>\n<li>Material <strong>PET<\/strong> resistente e leve.<\/li>\n<li>Transpar\u00eancia perfeita para melhorar os seus preparativos.<\/li>\n<li>Empilh\u00e1vel e f\u00e1cil de guardar.<\/li>\n<\/ul>\n<p>&nbsp;<\/p>\n<p><!--more--><\/p>\n<h4>Outras informa\u00e7\u00f5es :<\/h4>\n<ul>\n<li><strong>Embalagem<\/strong>: Caixa de 300<\/li>\n<li><strong>Volume<\/strong>: 950 ml \/ 1000 ml<\/li>\n<li><strong>Di\u00e2metro<\/strong>: 105 mm<\/li>\n<li><strong>Material<\/strong>: PET (polietileno)<\/li>\n<li><strong>Cor<\/strong>: Transparente<\/li>\n<\/ul>\n<p>&nbsp;<\/p>\n<p><!--more--><\/p>\n<p>Encontre aqui a nossa tampa em cruz de palha compat\u00edvel com este copo: <span style=\"color: #d12727;\"><a style=\"color: #d12727;\" href=\"https:\/\/www.csj-emballages.com\/es\/produit\/tapa-de-paja-en-cruz-para-olla-gob-fast-950-500-unidades\/\">COUVX960<\/a><\/span><\/p>\n<p>&nbsp;<\/p>\n<p><!--more--><\/p>\n<p><a href=\"https:\/\/www.csj-emballages.com\/pt-pt\/categorie-produit\/embalagem-de-alimentos\/restauracao\/chavenas-copos-baldes-garrafas\/copos-para-bebidas-frias\/frascos-de-smoothies\/\">Ver o resto da nossa gama de frascos para smoothies<\/a><\/p>\n","protected":false},"excerpt":{"rendered":"<p>Pote transparente Descri\u00e7\u00e3o do nosso frasco PET transparente de 950 ml \/ 1000 ml, embalagem de 300<\/p>\n","protected":false},"featured_media":242655,"template":"","meta":{"_acf_changed":false},"product_brand":[],"product_cat":[1141,1138,1471,1808,2544,9398],"product_tag":[],"class_list":{"0":"post-242658","1":"product","2":"type-product","3":"status-publish","4":"has-post-thumbnail","6":"product_cat-embalagem-de-alimentos","7":"product_cat-restauracao","8":"product_cat-chavenas-copos-baldes-garrafas","9":"product_cat-copos-para-bebidas-frias","10":"product_cat-frascos-de-smoothies","11":"product_cat-diametro-dos-recipientes-para-smoothies-105-mm","13":"first","14":"outofstock","15":"taxable","16":"shipping-taxable","17":"purchasable","18":"product-type-simple"},"acf":[],"yoast_head":"<!-- This site is optimized with the Yoast SEO Premium plugin v26.6 (Yoast SEO v26.6) - https:\/\/yoast.com\/wordpress\/plugins\/seo\/ -->\n<title>Frasco PET transparente de 950 ml \/ 1000 ml 300 unidades<\/title>\n<meta name=\"description\" content=\"Frasco PET transparente de 950 ml \/ 1000 ml: forte, pr\u00e1tico e resistente, ideal para batidos, batidos ou composi\u00e7\u00f5es de fruta.\" \/>\n<meta name=\"robots\" content=\"index, follow, max-snippet:-1, max-image-preview:large, max-video-preview:-1\" \/>\n<link rel=\"canonical\" href=\"https:\/\/www.csj-emballages.com\/pt-pt\/produit\/frasco-pet-transparente-de-950-ml-1000-ml\/\" \/>\n<meta property=\"og:locale\" content=\"pt_PT\" \/>\n<meta property=\"og:type\" content=\"article\" \/>\n<meta property=\"og:title\" content=\"Recipiente de pl\u00e1stico 105 mm PET 950 ml \/ 1000 ml por 300\" \/>\n<meta property=\"og:description\" content=\"Frasco PET transparente de 950 ml \/ 1000 ml: forte, pr\u00e1tico e resistente, ideal para batidos, batidos ou composi\u00e7\u00f5es de fruta.\" \/>\n<meta property=\"og:url\" content=\"https:\/\/www.csj-emballages.com\/pt-pt\/produit\/frasco-pet-transparente-de-950-ml-1000-ml\/\" \/>\n<meta property=\"og:site_name\" content=\"CSJ Emballages\" \/>\n<meta property=\"article:publisher\" content=\"https:\/\/www.facebook.com\/csjemballages\" \/>\n<meta property=\"article:modified_time\" content=\"2026-04-17T00:13:50+00:00\" \/>\n<meta property=\"og:image\" content=\"https:\/\/www.csj-emballages.com\/wp-content\/uploads\/2025\/09\/GOBFAST950.webp\" \/>\n\t<meta property=\"og:image:width\" content=\"800\" \/>\n\t<meta property=\"og:image:height\" content=\"800\" \/>\n\t<meta property=\"og:image:type\" content=\"image\/webp\" \/>\n<meta name=\"twitter:card\" content=\"summary_large_image\" \/>\n<meta name=\"twitter:label1\" content=\"Tempo estimado de leitura\" \/>\n\t<meta name=\"twitter:data1\" content=\"2 minutos\" \/>\n<script type=\"application\/ld+json\" class=\"yoast-schema-graph\">{\"@context\":\"https:\/\/schema.org\",\"@graph\":[{\"@type\":\"WebPage\",\"@id\":\"https:\/\/www.csj-emballages.com\/pt-pt\/produit\/frasco-pet-transparente-de-950-ml-1000-ml\/\",\"url\":\"https:\/\/www.csj-emballages.com\/pt-pt\/produit\/frasco-pet-transparente-de-950-ml-1000-ml\/\",\"name\":\"Frasco PET transparente de 950 ml \/ 1000 ml 300 unidades\",\"isPartOf\":{\"@id\":\"https:\/\/www.csj-emballages.com\/pt-pt\/#website\"},\"primaryImageOfPage\":{\"@id\":\"https:\/\/www.csj-emballages.com\/pt-pt\/produit\/frasco-pet-transparente-de-950-ml-1000-ml\/#primaryimage\"},\"image\":{\"@id\":\"https:\/\/www.csj-emballages.com\/pt-pt\/produit\/frasco-pet-transparente-de-950-ml-1000-ml\/#primaryimage\"},\"thumbnailUrl\":\"https:\/\/www.csj-emballages.com\/wp-content\/uploads\/2025\/09\/GOBFAST950.webp\",\"datePublished\":\"2025-09-05T11:56:56+00:00\",\"dateModified\":\"2026-04-17T00:13:50+00:00\",\"description\":\"Frasco PET transparente de 950 ml \/ 1000 ml: forte, pr\u00e1tico e resistente, ideal para batidos, batidos ou composi\u00e7\u00f5es de fruta.\",\"breadcrumb\":{\"@id\":\"https:\/\/www.csj-emballages.com\/pt-pt\/produit\/frasco-pet-transparente-de-950-ml-1000-ml\/#breadcrumb\"},\"inLanguage\":\"pt-PT\",\"potentialAction\":[{\"@type\":\"ReadAction\",\"target\":[\"https:\/\/www.csj-emballages.com\/pt-pt\/produit\/frasco-pet-transparente-de-950-ml-1000-ml\/\"]}]},{\"@type\":\"ImageObject\",\"inLanguage\":\"pt-PT\",\"@id\":\"https:\/\/www.csj-emballages.com\/pt-pt\/produit\/frasco-pet-transparente-de-950-ml-1000-ml\/#primaryimage\",\"url\":\"https:\/\/www.csj-emballages.com\/wp-content\/uploads\/2025\/09\/GOBFAST950.webp\",\"contentUrl\":\"https:\/\/www.csj-emballages.com\/wp-content\/uploads\/2025\/09\/GOBFAST950.webp\",\"width\":800,\"height\":800,\"caption\":\"Pot transparent 950 ml \/ 1000 ml PET\"},{\"@type\":\"BreadcrumbList\",\"@id\":\"https:\/\/www.csj-emballages.com\/pt-pt\/produit\/frasco-pet-transparente-de-950-ml-1000-ml\/#breadcrumb\",\"itemListElement\":[{\"@type\":\"ListItem\",\"position\":1,\"name\":\"Acolhimento\",\"item\":\"https:\/\/www.csj-emballages.com\/pt-pt\/universo-das-embalagens-alimentares\/\"},{\"@type\":\"ListItem\",\"position\":2,\"name\":\"Shop\",\"item\":\"https:\/\/www.csj-emballages.com\/shop\/\"},{\"@type\":\"ListItem\",\"position\":3,\"name\":\"Recipiente de pl\u00e1stico 105 mm PET 950 ml \/ 1000 ml por 300\"}]},{\"@type\":\"WebSite\",\"@id\":\"https:\/\/www.csj-emballages.com\/pt-pt\/#website\",\"url\":\"https:\/\/www.csj-emballages.com\/pt-pt\/\",\"name\":\"CSJ Emballages\",\"description\":\"\",\"publisher\":{\"@id\":\"https:\/\/www.csj-emballages.com\/pt-pt\/#organization\"},\"potentialAction\":[{\"@type\":\"SearchAction\",\"target\":{\"@type\":\"EntryPoint\",\"urlTemplate\":\"https:\/\/www.csj-emballages.com\/pt-pt\/?s={search_term_string}\"},\"query-input\":{\"@type\":\"PropertyValueSpecification\",\"valueRequired\":true,\"valueName\":\"search_term_string\"}}],\"inLanguage\":\"pt-PT\"},{\"@type\":\"Organization\",\"@id\":\"https:\/\/www.csj-emballages.com\/pt-pt\/#Organization\/\",\"name\":\"CSJ Emballages\",\"url\":\"https:\/\/www.csj-emballages.com\/pt-pt\/\",\"logo\":{\"@type\":\"ImageObject\",\"inLanguage\":\"pt-PT\",\"@id\":\"https:\/\/www.csj-emballages.com\/pt-pt\/#\/schema\/logo\/image\/\",\"url\":\"https:\/\/www.csj-emballages.com\/wp-content\/uploads\/2023\/10\/logo_csj.webp\",\"contentUrl\":\"https:\/\/www.csj-emballages.com\/wp-content\/uploads\/2023\/10\/logo_csj.webp\",\"width\":250,\"height\":95,\"caption\":\"CSJ Emballages\"},\"image\":{\"@id\":\"https:\/\/www.csj-emballages.com\/pt-pt\/#\/schema\/logo\/image\/\"},\"sameAs\":[\"https:\/\/www.facebook.com\/csjemballages\"],\"address\":{\"@type\":\"PostalAddress\",\"streetAddress\":\"ZI La Lechere\",\"addressLocality\":\"Patornay\",\"postalCode\":\"39130\",\"addressCountry\":\"FR\"},\"contactPoint\":[{\"@type\":\"ContactPoint\",\"contactType\":\"Service client\",\"telephone\":\"0384254272\",\"email\":\"contact@csj-emballages.com\"}]}]}<\/script>\n<!-- \/ Yoast SEO Premium plugin. -->","yoast_head_json":{"title":"Frasco PET transparente de 950 ml \/ 1000 ml 300 unidades","description":"Frasco PET transparente de 950 ml \/ 1000 ml: forte, pr\u00e1tico e resistente, ideal para batidos, batidos ou composi\u00e7\u00f5es de fruta.","robots":{"index":"index","follow":"follow","max-snippet":"max-snippet:-1","max-image-preview":"max-image-preview:large","max-video-preview":"max-video-preview:-1"},"canonical":"https:\/\/www.csj-emballages.com\/pt-pt\/produit\/frasco-pet-transparente-de-950-ml-1000-ml\/","og_locale":"pt_PT","og_type":"article","og_title":"Recipiente de pl\u00e1stico 105 mm PET 950 ml \/ 1000 ml por 300","og_description":"Frasco PET transparente de 950 ml \/ 1000 ml: forte, pr\u00e1tico e resistente, ideal para batidos, batidos ou composi\u00e7\u00f5es de fruta.","og_url":"https:\/\/www.csj-emballages.com\/pt-pt\/produit\/frasco-pet-transparente-de-950-ml-1000-ml\/","og_site_name":"CSJ Emballages","article_publisher":"https:\/\/www.facebook.com\/csjemballages","article_modified_time":"2026-04-17T00:13:50+00:00","og_image":[{"width":800,"height":800,"url":"https:\/\/www.csj-emballages.com\/wp-content\/uploads\/2025\/09\/GOBFAST950.webp","type":"image\/webp"}],"twitter_card":"summary_large_image","twitter_misc":{"Tempo estimado de leitura":"2 minutos"},"schema":{"@context":"https:\/\/schema.org","@graph":[{"@type":"WebPage","@id":"https:\/\/www.csj-emballages.com\/pt-pt\/produit\/frasco-pet-transparente-de-950-ml-1000-ml\/","url":"https:\/\/www.csj-emballages.com\/pt-pt\/produit\/frasco-pet-transparente-de-950-ml-1000-ml\/","name":"Frasco PET transparente de 950 ml \/ 1000 ml 300 unidades","isPartOf":{"@id":"https:\/\/www.csj-emballages.com\/pt-pt\/#website"},"primaryImageOfPage":{"@id":"https:\/\/www.csj-emballages.com\/pt-pt\/produit\/frasco-pet-transparente-de-950-ml-1000-ml\/#primaryimage"},"image":{"@id":"https:\/\/www.csj-emballages.com\/pt-pt\/produit\/frasco-pet-transparente-de-950-ml-1000-ml\/#primaryimage"},"thumbnailUrl":"https:\/\/www.csj-emballages.com\/wp-content\/uploads\/2025\/09\/GOBFAST950.webp","datePublished":"2025-09-05T11:56:56+00:00","dateModified":"2026-04-17T00:13:50+00:00","description":"Frasco PET transparente de 950 ml \/ 1000 ml: forte, pr\u00e1tico e resistente, ideal para batidos, batidos ou composi\u00e7\u00f5es de fruta.","breadcrumb":{"@id":"https:\/\/www.csj-emballages.com\/pt-pt\/produit\/frasco-pet-transparente-de-950-ml-1000-ml\/#breadcrumb"},"inLanguage":"pt-PT","potentialAction":[{"@type":"ReadAction","target":["https:\/\/www.csj-emballages.com\/pt-pt\/produit\/frasco-pet-transparente-de-950-ml-1000-ml\/"]}]},{"@type":"ImageObject","inLanguage":"pt-PT","@id":"https:\/\/www.csj-emballages.com\/pt-pt\/produit\/frasco-pet-transparente-de-950-ml-1000-ml\/#primaryimage","url":"https:\/\/www.csj-emballages.com\/wp-content\/uploads\/2025\/09\/GOBFAST950.webp","contentUrl":"https:\/\/www.csj-emballages.com\/wp-content\/uploads\/2025\/09\/GOBFAST950.webp","width":800,"height":800,"caption":"Pot transparent 950 ml \/ 1000 ml PET"},{"@type":"BreadcrumbList","@id":"https:\/\/www.csj-emballages.com\/pt-pt\/produit\/frasco-pet-transparente-de-950-ml-1000-ml\/#breadcrumb","itemListElement":[{"@type":"ListItem","position":1,"name":"Acolhimento","item":"https:\/\/www.csj-emballages.com\/pt-pt\/universo-das-embalagens-alimentares\/"},{"@type":"ListItem","position":2,"name":"Shop","item":"https:\/\/www.csj-emballages.com\/shop\/"},{"@type":"ListItem","position":3,"name":"Recipiente de pl\u00e1stico 105 mm PET 950 ml \/ 1000 ml por 300"}]},{"@type":"WebSite","@id":"https:\/\/www.csj-emballages.com\/pt-pt\/#website","url":"https:\/\/www.csj-emballages.com\/pt-pt\/","name":"CSJ Emballages","description":"","publisher":{"@id":"https:\/\/www.csj-emballages.com\/pt-pt\/#organization"},"potentialAction":[{"@type":"SearchAction","target":{"@type":"EntryPoint","urlTemplate":"https:\/\/www.csj-emballages.com\/pt-pt\/?s={search_term_string}"},"query-input":{"@type":"PropertyValueSpecification","valueRequired":true,"valueName":"search_term_string"}}],"inLanguage":"pt-PT"},{"@type":"Organization","@id":"https:\/\/www.csj-emballages.com\/pt-pt\/#Organization\/","name":"CSJ Emballages","url":"https:\/\/www.csj-emballages.com\/pt-pt\/","logo":{"@type":"ImageObject","inLanguage":"pt-PT","@id":"https:\/\/www.csj-emballages.com\/pt-pt\/#\/schema\/logo\/image\/","url":"https:\/\/www.csj-emballages.com\/wp-content\/uploads\/2023\/10\/logo_csj.webp","contentUrl":"https:\/\/www.csj-emballages.com\/wp-content\/uploads\/2023\/10\/logo_csj.webp","width":250,"height":95,"caption":"CSJ Emballages"},"image":{"@id":"https:\/\/www.csj-emballages.com\/pt-pt\/#\/schema\/logo\/image\/"},"sameAs":["https:\/\/www.facebook.com\/csjemballages"],"address":{"@type":"PostalAddress","streetAddress":"ZI La Lechere","addressLocality":"Patornay","postalCode":"39130","addressCountry":"FR"},"contactPoint":[{"@type":"ContactPoint","contactType":"Service client","telephone":"0384254272","email":"contact@csj-emballages.com"}]}]}},"df_price":108.92,"df_sale_price":"","df_regular_price":108.92,"df_image_link":"https:\/\/www.csj-emballages.com\/wp-content\/uploads\/2025\/09\/GOBFAST950-300x300.webp","tiered_pricing_type":"fixed","tiered_pricing_fixed_rules":[],"tiered_pricing_percentage_rules":[],"tiered_pricing_minimum":1,"tiered_pricing_roles_data":[],"_links":{"self":[{"href":"https:\/\/www.csj-emballages.com\/pt-pt\/wp-json\/wp\/v2\/product\/242658","targetHints":{"allow":["GET"]}}],"collection":[{"href":"https:\/\/www.csj-emballages.com\/pt-pt\/wp-json\/wp\/v2\/product"}],"about":[{"href":"https:\/\/www.csj-emballages.com\/pt-pt\/wp-json\/wp\/v2\/types\/product"}],"wp:featuredmedia":[{"embeddable":true,"href":"https:\/\/www.csj-emballages.com\/pt-pt\/wp-json\/wp\/v2\/media\/242655"}],"wp:attachment":[{"href":"https:\/\/www.csj-emballages.com\/pt-pt\/wp-json\/wp\/v2\/media?parent=242658"}],"wp:term":[{"taxonomy":"product_brand","embeddable":true,"href":"https:\/\/www.csj-emballages.com\/pt-pt\/wp-json\/wp\/v2\/product_brand?post=242658"},{"taxonomy":"product_cat","embeddable":true,"href":"https:\/\/www.csj-emballages.com\/pt-pt\/wp-json\/wp\/v2\/product_cat?post=242658"},{"taxonomy":"product_tag","embeddable":true,"href":"https:\/\/www.csj-emballages.com\/pt-pt\/wp-json\/wp\/v2\/product_tag?post=242658"}],"curies":[{"name":"wp","href":"https:\/\/api.w.org\/{rel}","templated":true}]}}