{"id":242648,"date":"2025-09-05T14:05:48","date_gmt":"2025-09-05T12:05:48","guid":{"rendered":"https:\/\/www.csj-emballages.com\/produit\/saco-para-tubagens-quentes-e-frias-31-x-54-cm-embalagem-de-100\/"},"modified":"2026-04-28T02:17:42","modified_gmt":"2026-04-28T00:17:42","slug":"saco-para-tubagens-quentes-e-frias-31-x-54-cm-embalagem-de-100","status":"publish","type":"product","link":"https:\/\/www.csj-emballages.com\/pt-pt\/produit\/saco-para-tubagens-quentes-e-frias-31-x-54-cm-embalagem-de-100\/","title":{"rendered":"Saco para tubagens quentes e frias 31 x 54 cm embalagem de 100"},"content":{"rendered":"<h2>Saco de pasteleiro<\/h2>\n<hr>\n<h3>Descri\u00e7\u00e3o do nosso saco de pasteleiro para uso quente ou frio 31 x 54 cm embalagem de 100<\/h3>\n<p><!--more--><\/p>\n<p data-start=\"230\" data-end=\"551\">O <strong data-start=\"233\" data-end=\"294\">saco de pasteleiro de 31 x 54 cm<\/strong> por <strong>100<\/strong>, <strong data-start=\"233\" data-end=\"294\">para utiliza\u00e7\u00e3o a quente ou a frio<\/strong>, foi especialmente concebido para responder \u00e0s necessidades dos profissionais da pastelaria, da restaura\u00e7\u00e3o e do catering. O seu formato generoso facilita o trabalho com grandes volumes, garantindo ao mesmo tempo higiene e praticidade. A primeira carater\u00edstica deste <strong>saco de pasteleiro<\/strong> \u00e9 a sua <strong data-start=\"594\" data-end=\"629\">costura dupla soldada ultra-resistente<\/strong>. \u00c9 infal\u00edvel, mesmo sob alta press\u00e3o, tornando-o um aliado fi\u00e1vel para todas as suas prepara\u00e7\u00f5es. Quer se trate de <strong data-start=\"787\" data-end=\"827\">cremes batidos, mousses, natas batidas<\/strong> ou <strong data-start=\"842\" data-end=\"870\">pur\u00e9s e molhos quentes<\/strong>, pode confiar na sua resist\u00eancia sem recear a m\u00ednima fuga.    <\/p>\n<p data-start=\"945\" data-end=\"1173\">Al\u00e9m disso, a <strong>bolsa<\/strong> \u00e9 <strong data-start=\"970\" data-end=\"986\">transparente<\/strong>, um pormenor pr\u00e1tico que facilita muito o seu trabalho na cozinha: pode ver instantaneamente a quantidade de prepara\u00e7\u00e3o restante, para uma maior precis\u00e3o e efici\u00eancia. Al\u00e9m disso, o seu <strong data-start=\"1188\" data-end=\"1207\">interior liso<\/strong> garante um derramamento suave e uniforme, enquanto o seu <strong data-start=\"1264\" data-end=\"1291\">exterior antiderrapante<\/strong> proporciona uma excelente ader\u00eancia. Mesmo durante uma utiliza\u00e7\u00e3o intensiva, manter-se-\u00e1 confort\u00e1vel e em controlo.  <\/p>\n<p data-start=\"1416\" data-end=\"1635\">Em termos de desempenho, foi concebido para utiliza\u00e7\u00e3o tanto <strong data-start=\"1482\" data-end=\"1493\">a frio<\/strong> como a<strong data-start=\"1497\" data-end=\"1522\">quente at\u00e9 70\u00b0C<\/strong>. Assim, obt\u00e9m-se uma verdadeira versatilidade, adaptada \u00e0s diferentes necessidades de uma cozinha profissional. <\/p>\n<p data-start=\"1637\" data-end=\"1951\">Por fim, embalado em <strong data-start=\"1660\" data-end=\"1697\">feixes pr\u00e9-cortados de 100 bolsas<\/strong>, \u00e9 <strong>f\u00e1cil de separar<\/strong>, o que lhe permite poupar muito tempo e melhorar a organiza\u00e7\u00e3o do seu espa\u00e7o de trabalho.<\/p>\n<p data-start=\"1953\" data-end=\"2141\">Em suma, o <strong data-start=\"1967\" data-end=\"2020\">saco de pasteleiro transparente de 31 x 54 cm numa embalagem<\/strong> \u00e9 robusto, pr\u00e1tico e vers\u00e1til: a ferramenta essencial para confec\u00e7\u00f5es impec\u00e1veis e uma vida quotidiana simplificada.<\/p>\n<p><!--more--><\/p>\n<h4><strong>Vantagens :<\/strong><\/h4>\n<ul>\n<li><strong data-start=\"2375\" data-end=\"2410\">Soldadura dupla ultra-resistente<\/strong>: robustez garantida.<\/li>\n<li><strong data-start=\"2435\" data-end=\"2451\">Transparente<\/strong>: controlo visual imediato do conte\u00fado.<\/li>\n<li>Pode ser utilizado <strong data-start=\"2506\" data-end=\"2531\">quente at\u00e9 70\u00b0C<\/strong> ou frio.<\/li>\n<li><strong data-start=\"2546\" data-end=\"2572\">Superf\u00edcie antiderrapante<\/strong> para uma melhor ader\u00eancia.<\/li>\n<li><strong data-start=\"2610\" data-end=\"2629\">Interior liso<\/strong>: fluxo suave e homog\u00e9neo.<\/li>\n<li><strong data-start=\"2666\" data-end=\"2695\">Embalado em feixes<\/strong> pr\u00e9-cortados para maior comodidade.<\/li>\n<\/ul>\n<p>&nbsp;<\/p>\n<p><!--more--><\/p>\n<h4>Outras informa\u00e7\u00f5es :<\/h4>\n<ul>\n<li><strong>Embalagem<\/strong>: Pacote de 100<\/li>\n<li><strong>Dimens\u00f5es<\/strong>: 31 x 54 cm<\/li>\n<li><strong>Material<\/strong>: LDPE (Polietileno de Baixa Densidade)<\/li>\n<li><strong>Cor<\/strong>: Transparente<\/li>\n<li><strong>Resist\u00eancia<\/strong>: 82 microns<\/li>\n<\/ul>\n<p>&nbsp;<\/p>\n<p><!--more--><\/p>\n<p>Encontre o nosso saco de pasteleiro de 27 x 50 cm aqui: <span style=\"color: #d12727;\"><a style=\"color: #d12727;\" href=\"https:\/\/www.csj-emballages.com\/pt-pt\/produit\/100-sacos-de-pasteleiro-descartaveis-quentes-ou-frios-27-x-50-cm\/\">POC50HOT<\/a><\/span><\/p>\n<p>&nbsp;<\/p>\n<p><!--more--><\/p>\n<p><a href=\"\/?product_cat=poches-a-douilles\">Veja o resto da nossa gama de sacos de pasteleiro aqui<\/a><\/p>\n","protected":false},"excerpt":{"rendered":"<p>Saco de pasteleiro Descri\u00e7\u00e3o do nosso saco de pasteleiro para uso quente ou frio 31 x 54 cm embalagem de 100<\/p>\n","protected":false},"featured_media":242645,"template":"","meta":{"_acf_changed":false},"product_brand":[],"product_cat":[1141,1177,3918,3157],"product_tag":[],"class_list":{"0":"post-242648","1":"product","2":"type-product","3":"status-publish","4":"has-post-thumbnail","6":"product_cat-embalagem-de-alimentos","7":"product_cat-padaria-e-pastelaria","8":"product_cat-acessorios-e-equipamentos","9":"product_cat-sacos-de-tomadas","11":"first","12":"instock","13":"taxable","14":"shipping-taxable","15":"purchasable","16":"product-type-simple"},"acf":[],"yoast_head":"<!-- This site is optimized with the Yoast SEO Premium plugin v26.6 (Yoast SEO v26.6) - https:\/\/yoast.com\/wordpress\/plugins\/seo\/ -->\n<title>Saco de pasteleiro para quentes e frios 31 x 54 cm<\/title>\n<meta name=\"description\" content=\"Saco de pasteleiro transparente 31 x 54 cm, embalagem de 100, com fecho duplo ultra-resistente. Pode ser utilizado quente at\u00e9 70\u00b0C ou frio.\" \/>\n<meta name=\"robots\" content=\"index, follow, max-snippet:-1, max-image-preview:large, max-video-preview:-1\" \/>\n<link rel=\"canonical\" href=\"https:\/\/www.csj-emballages.com\/pt-pt\/produit\/saco-para-tubagens-quentes-e-frias-31-x-54-cm-embalagem-de-100\/\" \/>\n<meta property=\"og:locale\" content=\"pt_PT\" \/>\n<meta property=\"og:type\" content=\"article\" \/>\n<meta property=\"og:title\" content=\"Saco para tubagens quentes e frias 31 x 54 cm embalagem de 100\" \/>\n<meta property=\"og:description\" content=\"Saco de pasteleiro transparente 31 x 54 cm, embalagem de 100, com fecho duplo ultra-resistente. Pode ser utilizado quente at\u00e9 70\u00b0C ou frio.\" \/>\n<meta property=\"og:url\" content=\"https:\/\/www.csj-emballages.com\/pt-pt\/produit\/saco-para-tubagens-quentes-e-frias-31-x-54-cm-embalagem-de-100\/\" \/>\n<meta property=\"og:site_name\" content=\"CSJ Emballages\" \/>\n<meta property=\"article:publisher\" content=\"https:\/\/www.facebook.com\/csjemballages\" \/>\n<meta property=\"article:modified_time\" content=\"2026-04-28T00:17:42+00:00\" \/>\n<meta property=\"og:image\" content=\"https:\/\/www.csj-emballages.com\/wp-content\/uploads\/2025\/09\/POC54HOT.webp\" \/>\n\t<meta property=\"og:image:width\" content=\"800\" \/>\n\t<meta property=\"og:image:height\" content=\"800\" \/>\n\t<meta property=\"og:image:type\" content=\"image\/webp\" \/>\n<meta name=\"twitter:card\" content=\"summary_large_image\" \/>\n<meta name=\"twitter:label1\" content=\"Tempo estimado de leitura\" \/>\n\t<meta name=\"twitter:data1\" content=\"2 minutos\" \/>\n<script type=\"application\/ld+json\" class=\"yoast-schema-graph\">{\"@context\":\"https:\/\/schema.org\",\"@graph\":[{\"@type\":\"WebPage\",\"@id\":\"https:\/\/www.csj-emballages.com\/pt-pt\/produit\/saco-para-tubagens-quentes-e-frias-31-x-54-cm-embalagem-de-100\/\",\"url\":\"https:\/\/www.csj-emballages.com\/pt-pt\/produit\/saco-para-tubagens-quentes-e-frias-31-x-54-cm-embalagem-de-100\/\",\"name\":\"Saco de pasteleiro para quentes e frios 31 x 54 cm\",\"isPartOf\":{\"@id\":\"https:\/\/www.csj-emballages.com\/pt-pt\/#website\"},\"primaryImageOfPage\":{\"@id\":\"https:\/\/www.csj-emballages.com\/pt-pt\/produit\/saco-para-tubagens-quentes-e-frias-31-x-54-cm-embalagem-de-100\/#primaryimage\"},\"image\":{\"@id\":\"https:\/\/www.csj-emballages.com\/pt-pt\/produit\/saco-para-tubagens-quentes-e-frias-31-x-54-cm-embalagem-de-100\/#primaryimage\"},\"thumbnailUrl\":\"https:\/\/www.csj-emballages.com\/wp-content\/uploads\/2025\/09\/POC54HOT.webp\",\"datePublished\":\"2025-09-05T12:05:48+00:00\",\"dateModified\":\"2026-04-28T00:17:42+00:00\",\"description\":\"Saco de pasteleiro transparente 31 x 54 cm, embalagem de 100, com fecho duplo ultra-resistente. Pode ser utilizado quente at\u00e9 70\u00b0C ou frio.\",\"breadcrumb\":{\"@id\":\"https:\/\/www.csj-emballages.com\/pt-pt\/produit\/saco-para-tubagens-quentes-e-frias-31-x-54-cm-embalagem-de-100\/#breadcrumb\"},\"inLanguage\":\"pt-PT\",\"potentialAction\":[{\"@type\":\"ReadAction\",\"target\":[\"https:\/\/www.csj-emballages.com\/pt-pt\/produit\/saco-para-tubagens-quentes-e-frias-31-x-54-cm-embalagem-de-100\/\"]}]},{\"@type\":\"ImageObject\",\"inLanguage\":\"pt-PT\",\"@id\":\"https:\/\/www.csj-emballages.com\/pt-pt\/produit\/saco-para-tubagens-quentes-e-frias-31-x-54-cm-embalagem-de-100\/#primaryimage\",\"url\":\"https:\/\/www.csj-emballages.com\/wp-content\/uploads\/2025\/09\/POC54HOT.webp\",\"contentUrl\":\"https:\/\/www.csj-emballages.com\/wp-content\/uploads\/2025\/09\/POC54HOT.webp\",\"width\":800,\"height\":800,\"caption\":\"Poche \u00e0 douille\"},{\"@type\":\"BreadcrumbList\",\"@id\":\"https:\/\/www.csj-emballages.com\/pt-pt\/produit\/saco-para-tubagens-quentes-e-frias-31-x-54-cm-embalagem-de-100\/#breadcrumb\",\"itemListElement\":[{\"@type\":\"ListItem\",\"position\":1,\"name\":\"Acolhimento\",\"item\":\"https:\/\/www.csj-emballages.com\/pt-pt\/universo-das-embalagens-alimentares\/\"},{\"@type\":\"ListItem\",\"position\":2,\"name\":\"Shop\",\"item\":\"https:\/\/www.csj-emballages.com\/shop\/\"},{\"@type\":\"ListItem\",\"position\":3,\"name\":\"Saco para tubagens quentes e frias 31 x 54 cm embalagem de 100\"}]},{\"@type\":\"WebSite\",\"@id\":\"https:\/\/www.csj-emballages.com\/pt-pt\/#website\",\"url\":\"https:\/\/www.csj-emballages.com\/pt-pt\/\",\"name\":\"CSJ Emballages\",\"description\":\"\",\"publisher\":{\"@id\":\"https:\/\/www.csj-emballages.com\/pt-pt\/#organization\"},\"potentialAction\":[{\"@type\":\"SearchAction\",\"target\":{\"@type\":\"EntryPoint\",\"urlTemplate\":\"https:\/\/www.csj-emballages.com\/pt-pt\/?s={search_term_string}\"},\"query-input\":{\"@type\":\"PropertyValueSpecification\",\"valueRequired\":true,\"valueName\":\"search_term_string\"}}],\"inLanguage\":\"pt-PT\"},{\"@type\":\"Organization\",\"@id\":\"https:\/\/www.csj-emballages.com\/pt-pt\/#Organization\/\",\"name\":\"CSJ Emballages\",\"url\":\"https:\/\/www.csj-emballages.com\/pt-pt\/\",\"logo\":{\"@type\":\"ImageObject\",\"inLanguage\":\"pt-PT\",\"@id\":\"https:\/\/www.csj-emballages.com\/pt-pt\/#\/schema\/logo\/image\/\",\"url\":\"https:\/\/www.csj-emballages.com\/wp-content\/uploads\/2023\/10\/logo_csj.webp\",\"contentUrl\":\"https:\/\/www.csj-emballages.com\/wp-content\/uploads\/2023\/10\/logo_csj.webp\",\"width\":250,\"height\":95,\"caption\":\"CSJ Emballages\"},\"image\":{\"@id\":\"https:\/\/www.csj-emballages.com\/pt-pt\/#\/schema\/logo\/image\/\"},\"sameAs\":[\"https:\/\/www.facebook.com\/csjemballages\"],\"address\":{\"@type\":\"PostalAddress\",\"streetAddress\":\"ZI La Lechere\",\"addressLocality\":\"Patornay\",\"postalCode\":\"39130\",\"addressCountry\":\"FR\"},\"contactPoint\":[{\"@type\":\"ContactPoint\",\"contactType\":\"Service client\",\"telephone\":\"0384254272\",\"email\":\"contact@csj-emballages.com\"}]}]}<\/script>\n<!-- \/ Yoast SEO Premium plugin. -->","yoast_head_json":{"title":"Saco de pasteleiro para quentes e frios 31 x 54 cm","description":"Saco de pasteleiro transparente 31 x 54 cm, embalagem de 100, com fecho duplo ultra-resistente. Pode ser utilizado quente at\u00e9 70\u00b0C ou frio.","robots":{"index":"index","follow":"follow","max-snippet":"max-snippet:-1","max-image-preview":"max-image-preview:large","max-video-preview":"max-video-preview:-1"},"canonical":"https:\/\/www.csj-emballages.com\/pt-pt\/produit\/saco-para-tubagens-quentes-e-frias-31-x-54-cm-embalagem-de-100\/","og_locale":"pt_PT","og_type":"article","og_title":"Saco para tubagens quentes e frias 31 x 54 cm embalagem de 100","og_description":"Saco de pasteleiro transparente 31 x 54 cm, embalagem de 100, com fecho duplo ultra-resistente. Pode ser utilizado quente at\u00e9 70\u00b0C ou frio.","og_url":"https:\/\/www.csj-emballages.com\/pt-pt\/produit\/saco-para-tubagens-quentes-e-frias-31-x-54-cm-embalagem-de-100\/","og_site_name":"CSJ Emballages","article_publisher":"https:\/\/www.facebook.com\/csjemballages","article_modified_time":"2026-04-28T00:17:42+00:00","og_image":[{"width":800,"height":800,"url":"https:\/\/www.csj-emballages.com\/wp-content\/uploads\/2025\/09\/POC54HOT.webp","type":"image\/webp"}],"twitter_card":"summary_large_image","twitter_misc":{"Tempo estimado de leitura":"2 minutos"},"schema":{"@context":"https:\/\/schema.org","@graph":[{"@type":"WebPage","@id":"https:\/\/www.csj-emballages.com\/pt-pt\/produit\/saco-para-tubagens-quentes-e-frias-31-x-54-cm-embalagem-de-100\/","url":"https:\/\/www.csj-emballages.com\/pt-pt\/produit\/saco-para-tubagens-quentes-e-frias-31-x-54-cm-embalagem-de-100\/","name":"Saco de pasteleiro para quentes e frios 31 x 54 cm","isPartOf":{"@id":"https:\/\/www.csj-emballages.com\/pt-pt\/#website"},"primaryImageOfPage":{"@id":"https:\/\/www.csj-emballages.com\/pt-pt\/produit\/saco-para-tubagens-quentes-e-frias-31-x-54-cm-embalagem-de-100\/#primaryimage"},"image":{"@id":"https:\/\/www.csj-emballages.com\/pt-pt\/produit\/saco-para-tubagens-quentes-e-frias-31-x-54-cm-embalagem-de-100\/#primaryimage"},"thumbnailUrl":"https:\/\/www.csj-emballages.com\/wp-content\/uploads\/2025\/09\/POC54HOT.webp","datePublished":"2025-09-05T12:05:48+00:00","dateModified":"2026-04-28T00:17:42+00:00","description":"Saco de pasteleiro transparente 31 x 54 cm, embalagem de 100, com fecho duplo ultra-resistente. Pode ser utilizado quente at\u00e9 70\u00b0C ou frio.","breadcrumb":{"@id":"https:\/\/www.csj-emballages.com\/pt-pt\/produit\/saco-para-tubagens-quentes-e-frias-31-x-54-cm-embalagem-de-100\/#breadcrumb"},"inLanguage":"pt-PT","potentialAction":[{"@type":"ReadAction","target":["https:\/\/www.csj-emballages.com\/pt-pt\/produit\/saco-para-tubagens-quentes-e-frias-31-x-54-cm-embalagem-de-100\/"]}]},{"@type":"ImageObject","inLanguage":"pt-PT","@id":"https:\/\/www.csj-emballages.com\/pt-pt\/produit\/saco-para-tubagens-quentes-e-frias-31-x-54-cm-embalagem-de-100\/#primaryimage","url":"https:\/\/www.csj-emballages.com\/wp-content\/uploads\/2025\/09\/POC54HOT.webp","contentUrl":"https:\/\/www.csj-emballages.com\/wp-content\/uploads\/2025\/09\/POC54HOT.webp","width":800,"height":800,"caption":"Poche \u00e0 douille"},{"@type":"BreadcrumbList","@id":"https:\/\/www.csj-emballages.com\/pt-pt\/produit\/saco-para-tubagens-quentes-e-frias-31-x-54-cm-embalagem-de-100\/#breadcrumb","itemListElement":[{"@type":"ListItem","position":1,"name":"Acolhimento","item":"https:\/\/www.csj-emballages.com\/pt-pt\/universo-das-embalagens-alimentares\/"},{"@type":"ListItem","position":2,"name":"Shop","item":"https:\/\/www.csj-emballages.com\/shop\/"},{"@type":"ListItem","position":3,"name":"Saco para tubagens quentes e frias 31 x 54 cm embalagem de 100"}]},{"@type":"WebSite","@id":"https:\/\/www.csj-emballages.com\/pt-pt\/#website","url":"https:\/\/www.csj-emballages.com\/pt-pt\/","name":"CSJ Emballages","description":"","publisher":{"@id":"https:\/\/www.csj-emballages.com\/pt-pt\/#organization"},"potentialAction":[{"@type":"SearchAction","target":{"@type":"EntryPoint","urlTemplate":"https:\/\/www.csj-emballages.com\/pt-pt\/?s={search_term_string}"},"query-input":{"@type":"PropertyValueSpecification","valueRequired":true,"valueName":"search_term_string"}}],"inLanguage":"pt-PT"},{"@type":"Organization","@id":"https:\/\/www.csj-emballages.com\/pt-pt\/#Organization\/","name":"CSJ Emballages","url":"https:\/\/www.csj-emballages.com\/pt-pt\/","logo":{"@type":"ImageObject","inLanguage":"pt-PT","@id":"https:\/\/www.csj-emballages.com\/pt-pt\/#\/schema\/logo\/image\/","url":"https:\/\/www.csj-emballages.com\/wp-content\/uploads\/2023\/10\/logo_csj.webp","contentUrl":"https:\/\/www.csj-emballages.com\/wp-content\/uploads\/2023\/10\/logo_csj.webp","width":250,"height":95,"caption":"CSJ Emballages"},"image":{"@id":"https:\/\/www.csj-emballages.com\/pt-pt\/#\/schema\/logo\/image\/"},"sameAs":["https:\/\/www.facebook.com\/csjemballages"],"address":{"@type":"PostalAddress","streetAddress":"ZI La Lechere","addressLocality":"Patornay","postalCode":"39130","addressCountry":"FR"},"contactPoint":[{"@type":"ContactPoint","contactType":"Service client","telephone":"0384254272","email":"contact@csj-emballages.com"}]}]}},"df_price":12.11,"df_sale_price":"","df_regular_price":12.11,"df_image_link":"https:\/\/www.csj-emballages.com\/wp-content\/uploads\/2025\/09\/POC54HOT-300x300.webp","tiered_pricing_type":"fixed","tiered_pricing_fixed_rules":[],"tiered_pricing_percentage_rules":[],"tiered_pricing_minimum":1,"tiered_pricing_roles_data":[],"_links":{"self":[{"href":"https:\/\/www.csj-emballages.com\/pt-pt\/wp-json\/wp\/v2\/product\/242648","targetHints":{"allow":["GET"]}}],"collection":[{"href":"https:\/\/www.csj-emballages.com\/pt-pt\/wp-json\/wp\/v2\/product"}],"about":[{"href":"https:\/\/www.csj-emballages.com\/pt-pt\/wp-json\/wp\/v2\/types\/product"}],"wp:featuredmedia":[{"embeddable":true,"href":"https:\/\/www.csj-emballages.com\/pt-pt\/wp-json\/wp\/v2\/media\/242645"}],"wp:attachment":[{"href":"https:\/\/www.csj-emballages.com\/pt-pt\/wp-json\/wp\/v2\/media?parent=242648"}],"wp:term":[{"taxonomy":"product_brand","embeddable":true,"href":"https:\/\/www.csj-emballages.com\/pt-pt\/wp-json\/wp\/v2\/product_brand?post=242648"},{"taxonomy":"product_cat","embeddable":true,"href":"https:\/\/www.csj-emballages.com\/pt-pt\/wp-json\/wp\/v2\/product_cat?post=242648"},{"taxonomy":"product_tag","embeddable":true,"href":"https:\/\/www.csj-emballages.com\/pt-pt\/wp-json\/wp\/v2\/product_tag?post=242648"}],"curies":[{"name":"wp","href":"https:\/\/api.w.org\/{rel}","templated":true}]}}