{"id":24184,"date":"2024-03-01T16:47:27","date_gmt":"2024-03-01T15:47:27","guid":{"rendered":"https:\/\/u15jnbdpoq.preview.infomaniak.website\/produit\/100-tabuleiros-descartaveis-de-plastico-selados-de-500-ml\/"},"modified":"2026-04-29T02:19:48","modified_gmt":"2026-04-29T00:19:48","slug":"100-tabuleiros-descartaveis-de-plastico-selados-de-500-ml","status":"publish","type":"product","link":"https:\/\/www.csj-emballages.com\/pt-pt\/produit\/100-tabuleiros-descartaveis-de-plastico-selados-de-500-ml\/","title":{"rendered":"100 tabuleiros descart\u00e1veis de pl\u00e1stico selados de 500 ml"},"content":{"rendered":"<p><span style=\"box-sizing: inherit; font-weight: bold; text-decoration: underline;\">Tabuleiros descart\u00e1veis de pl\u00e1stico selados 500 ml <\/span><span style=\"box-sizing: inherit; font-weight: bold; text-decoration: underline;\">Descri\u00e7\u00e3o :<\/span><\/p>\n<p style=\"box-sizing: inherit; font-family: Roboto, sans-serif;\"><span style=\"box-sizing: inherit;\"> <\/span><\/p>\n<h3 style=\"font-family: Roboto, sans-serif; box-sizing: inherit;\"><span style=\"box-sizing: inherit; font-weight: bold;\">Descobre os nossos tabuleiros de pl\u00e1stico termo-sel\u00e1veis\/selados descart\u00e1veis de 500 ml<\/span><\/h3>\n<p>&nbsp;<\/p>\n<p style=\"box-sizing: inherit; font-family: Roboto, sans-serif;\"><span style=\"box-sizing: inherit;\">  <\/span><span style=\"box-sizing: inherit;\">O tabuleiro de pl\u00e1stico transl\u00facido e sel\u00e1vel \u00e9 utilizado principalmente na ind\u00fastria da restaura\u00e7\u00e3o, como <\/span><span style=\"box-sizing: inherit;\">restaura\u00e7\u00e3o, talhos, comerciantes e takeaways.<\/span><\/p>\n<p style=\"box-sizing: inherit; font-family: Roboto, sans-serif;\"><span style=\"box-sizing: inherit;\">Os tabuleiros de pl\u00e1stico est\u00e3o dispon\u00edveis numa vasta gama de tamanhos para utiliza\u00e7\u00e3o a quente ou a frio.<\/span><\/p>\n<p style=\"box-sizing: inherit; font-family: Roboto, sans-serif;\"><span style=\"box-sizing: inherit;\">Gra\u00e7as \u00e0 pel\u00edcula de selagem, este tabuleiro de pl\u00e1stico fica perfeitamente herm\u00e9tico.<\/span><\/p>\n<p style=\"box-sizing: inherit; font-family: Roboto, sans-serif;\"><span style=\"box-sizing: inherit;\">  <\/span><span style=\"box-sizing: inherit; font-weight: bold;\">*Para utilizar com uma m\u00e1quina de selar a quente<\/span><\/p>\n<p style=\"box-sizing: inherit; font-family: Roboto, sans-serif;\"><span style=\"box-sizing: inherit;\">  V\u00ea o resto da nossa gama de tabuleiros termossel\u00e1veis  <\/span><\/p>\n<h3 style=\"font-family: Roboto, sans-serif; box-sizing: inherit;\"><span style=\"box-sizing: inherit; font-weight: bold; text-decoration: underline;\">Caracter\u00edsticas dos tabuleiros termossel\u00e1veis descart\u00e1veis:<\/span><\/h3>\n<p>&nbsp;<\/p>\n<p style=\"box-sizing: inherit; font-family: Roboto, sans-serif;\"><span style=\"box-sizing: inherit;\"> <\/span><\/p>\n<ul style=\"box-sizing: inherit; font-family: Roboto, sans-serif;\">\n<li style=\"box-sizing: inherit;\"><span style=\"box-sizing: inherit;\">Vendido a particulares \/ profissionais<\/span><\/li>\n<li style=\"box-sizing: inherit;\"><span style=\"box-sizing: inherit;\">ALPHACEL sel\u00e1vel \/ termo-sel\u00e1vel \/ tabuleiros retr\u00e1cteis<\/span><\/li>\n<li style=\"box-sizing: inherit;\"><span style=\"box-sizing: inherit;\"><span style=\"box-sizing: inherit; font-weight: bold; text-decoration: underline;\">Volume<\/span>: 500 ml<\/span><\/li>\n<li style=\"box-sizing: inherit;\"><span style=\"box-sizing: inherit;\"><span style=\"box-sizing: inherit; font-weight: bold; text-decoration: underline;\">Dimens\u00f5es<\/span>: 137 x 96 x 66 (C x L x A em mm)<\/span><\/li>\n<li style=\"box-sizing: inherit;\"><span style=\"box-sizing: inherit;\"><span style=\"box-sizing: inherit; font-weight: bold; text-decoration: underline;\">Embalagem<\/span>: Saco de 100 tabuleiros<\/span><\/li>\n<li style=\"box-sizing: inherit;\"><span style=\"box-sizing: inherit;\">Embalado em pel\u00edcula protetora para melhor armazenamento e prote\u00e7\u00e3o.<\/span><\/li>\n<li style=\"box-sizing: inherit;\"><span style=\"box-sizing: inherit;\"><span style=\"box-sizing: inherit; text-indent: 0pt; font-weight: bold; text-decoration: underline;\">Material<\/span><span style=\"box-sizing: inherit; text-indent: 0pt;\"> Polipropileno<\/span><\/span><\/li>\n<\/ul>\n<h2 style=\"font-family: Roboto, sans-serif; box-sizing: inherit;\"><span style=\"box-sizing: inherit;\">  <\/span><span style=\"box-sizing: inherit; font-weight: bold;\">Escolhe j\u00e1 os tabuleiros sel\u00e1veis \/ termossel\u00e1veis ALPHACEL!<\/span><\/h2>\n","protected":false},"excerpt":{"rendered":"<p>Tabuleiros descart\u00e1veis de pl\u00e1stico selados 500 ml Descri\u00e7\u00e3o : Descobre os nossos tabuleiros de pl\u00e1stico termo-sel\u00e1veis\/selados descart\u00e1veis de 500 ml &nbsp; O tabuleiro de pl\u00e1stico transl\u00facido e sel\u00e1vel \u00e9 utilizado principalmente na ind\u00fastria da restaura\u00e7\u00e3o, como restaura\u00e7\u00e3o, talhos, comerciantes e takeaways. Os tabuleiros de pl\u00e1stico est\u00e3o dispon\u00edveis numa vasta gama de tamanhos para utiliza\u00e7\u00e3o a [&hellip;]<\/p>\n","protected":false},"featured_media":219639,"template":"","meta":{"_acf_changed":false},"product_brand":[],"product_cat":[1176,1525,2243,3616],"product_tag":[],"class_list":{"0":"post-24184","1":"product","2":"type-product","3":"status-publish","4":"has-post-thumbnail","6":"product_cat-talho-e-charcutaria","7":"product_cat-tabuleiros-latas-frascos-para-alimentos","8":"product_cat-tabuleiros-selaveis-alphacel","9":"product_cat-tabuleiros-translucidos-selaveis","11":"first","12":"instock","13":"taxable","14":"shipping-taxable","15":"purchasable","16":"product-type-simple"},"acf":[],"yoast_head":"<!-- This site is optimized with the Yoast SEO Premium plugin v26.6 (Yoast SEO v26.6) - https:\/\/yoast.com\/wordpress\/plugins\/seo\/ -->\n<title>100 Tabuleiros descart\u00e1veis de pl\u00e1stico termo-sel\u00e1veis 500 ml \/ csj-emballages.com<\/title>\n<meta name=\"description\" content=\"Compra uma saqueta de recipiente descart\u00e1vel de pl\u00e1stico film\u00e1vel 50cl termo-sel\u00e1vel! Oferecemos-te um saco de 100 tabuleiros robustos e de qualidade a pre\u00e7os de DESCONTO.\" \/>\n<meta name=\"robots\" content=\"index, follow, max-snippet:-1, max-image-preview:large, max-video-preview:-1\" \/>\n<link rel=\"canonical\" href=\"https:\/\/www.csj-emballages.com\/pt-pt\/produit\/100-tabuleiros-descartaveis-de-plastico-selados-de-500-ml\/\" \/>\n<meta property=\"og:locale\" content=\"pt_PT\" \/>\n<meta property=\"og:type\" content=\"article\" \/>\n<meta property=\"og:title\" content=\"100 tabuleiros descart\u00e1veis de pl\u00e1stico selados de 500 ml\" \/>\n<meta property=\"og:description\" content=\"Compra uma saqueta de recipiente descart\u00e1vel de pl\u00e1stico film\u00e1vel 50cl termo-sel\u00e1vel! Oferecemos-te um saco de 100 tabuleiros robustos e de qualidade a pre\u00e7os de DESCONTO.\" \/>\n<meta property=\"og:url\" content=\"https:\/\/www.csj-emballages.com\/pt-pt\/produit\/100-tabuleiros-descartaveis-de-plastico-selados-de-500-ml\/\" \/>\n<meta property=\"og:site_name\" content=\"CSJ Emballages\" \/>\n<meta property=\"article:publisher\" content=\"https:\/\/www.facebook.com\/csjemballages\" \/>\n<meta property=\"article:modified_time\" content=\"2026-04-29T00:19:48+00:00\" \/>\n<meta property=\"og:image\" content=\"https:\/\/www.csj-emballages.com\/wp-content\/uploads\/2024\/03\/500-barquettes-plastique-translucide-traiteur-pas-cher-discount-csj-emballag-jpg.webp\" \/>\n\t<meta property=\"og:image:width\" content=\"800\" \/>\n\t<meta property=\"og:image:height\" content=\"800\" \/>\n\t<meta property=\"og:image:type\" content=\"image\/jpeg\" \/>\n<meta name=\"twitter:card\" content=\"summary_large_image\" \/>\n<meta name=\"twitter:label1\" content=\"Tempo estimado de leitura\" \/>\n\t<meta name=\"twitter:data1\" content=\"1 minuto\" \/>\n<script type=\"application\/ld+json\" class=\"yoast-schema-graph\">{\"@context\":\"https:\/\/schema.org\",\"@graph\":[{\"@type\":\"WebPage\",\"@id\":\"https:\/\/www.csj-emballages.com\/pt-pt\/produit\/100-tabuleiros-descartaveis-de-plastico-selados-de-500-ml\/\",\"url\":\"https:\/\/www.csj-emballages.com\/pt-pt\/produit\/100-tabuleiros-descartaveis-de-plastico-selados-de-500-ml\/\",\"name\":\"100 Tabuleiros descart\u00e1veis de pl\u00e1stico termo-sel\u00e1veis 500 ml \/ csj-emballages.com\",\"isPartOf\":{\"@id\":\"https:\/\/www.csj-emballages.com\/pt-pt\/#website\"},\"primaryImageOfPage\":{\"@id\":\"https:\/\/www.csj-emballages.com\/pt-pt\/produit\/100-tabuleiros-descartaveis-de-plastico-selados-de-500-ml\/#primaryimage\"},\"image\":{\"@id\":\"https:\/\/www.csj-emballages.com\/pt-pt\/produit\/100-tabuleiros-descartaveis-de-plastico-selados-de-500-ml\/#primaryimage\"},\"thumbnailUrl\":\"https:\/\/www.csj-emballages.com\/wp-content\/uploads\/2024\/03\/CL375TP.webp\",\"datePublished\":\"2024-03-01T15:47:27+00:00\",\"dateModified\":\"2026-04-29T00:19:48+00:00\",\"description\":\"Compra uma saqueta de recipiente descart\u00e1vel de pl\u00e1stico film\u00e1vel 50cl termo-sel\u00e1vel! Oferecemos-te um saco de 100 tabuleiros robustos e de qualidade a pre\u00e7os de DESCONTO.\",\"breadcrumb\":{\"@id\":\"https:\/\/www.csj-emballages.com\/pt-pt\/produit\/100-tabuleiros-descartaveis-de-plastico-selados-de-500-ml\/#breadcrumb\"},\"inLanguage\":\"pt-PT\",\"potentialAction\":[{\"@type\":\"ReadAction\",\"target\":[\"https:\/\/www.csj-emballages.com\/pt-pt\/produit\/100-tabuleiros-descartaveis-de-plastico-selados-de-500-ml\/\"]}]},{\"@type\":\"ImageObject\",\"inLanguage\":\"pt-PT\",\"@id\":\"https:\/\/www.csj-emballages.com\/pt-pt\/produit\/100-tabuleiros-descartaveis-de-plastico-selados-de-500-ml\/#primaryimage\",\"url\":\"https:\/\/www.csj-emballages.com\/wp-content\/uploads\/2024\/03\/CL375TP.webp\",\"contentUrl\":\"https:\/\/www.csj-emballages.com\/wp-content\/uploads\/2024\/03\/CL375TP.webp\",\"width\":800,\"height\":800,\"caption\":\"Barquette scellable\"},{\"@type\":\"BreadcrumbList\",\"@id\":\"https:\/\/www.csj-emballages.com\/pt-pt\/produit\/100-tabuleiros-descartaveis-de-plastico-selados-de-500-ml\/#breadcrumb\",\"itemListElement\":[{\"@type\":\"ListItem\",\"position\":1,\"name\":\"Acolhimento\",\"item\":\"https:\/\/www.csj-emballages.com\/pt-pt\/universo-das-embalagens-alimentares\/\"},{\"@type\":\"ListItem\",\"position\":2,\"name\":\"Shop\",\"item\":\"https:\/\/www.csj-emballages.com\/shop\/\"},{\"@type\":\"ListItem\",\"position\":3,\"name\":\"100 tabuleiros descart\u00e1veis de pl\u00e1stico selados de 500 ml\"}]},{\"@type\":\"WebSite\",\"@id\":\"https:\/\/www.csj-emballages.com\/pt-pt\/#website\",\"url\":\"https:\/\/www.csj-emballages.com\/pt-pt\/\",\"name\":\"CSJ Emballages\",\"description\":\"\",\"publisher\":{\"@id\":\"https:\/\/www.csj-emballages.com\/pt-pt\/#organization\"},\"potentialAction\":[{\"@type\":\"SearchAction\",\"target\":{\"@type\":\"EntryPoint\",\"urlTemplate\":\"https:\/\/www.csj-emballages.com\/pt-pt\/?s={search_term_string}\"},\"query-input\":{\"@type\":\"PropertyValueSpecification\",\"valueRequired\":true,\"valueName\":\"search_term_string\"}}],\"inLanguage\":\"pt-PT\"},{\"@type\":\"Organization\",\"@id\":\"https:\/\/www.csj-emballages.com\/pt-pt\/#Organization\/\",\"name\":\"CSJ Emballages\",\"url\":\"https:\/\/www.csj-emballages.com\/pt-pt\/\",\"logo\":{\"@type\":\"ImageObject\",\"inLanguage\":\"pt-PT\",\"@id\":\"https:\/\/www.csj-emballages.com\/pt-pt\/#\/schema\/logo\/image\/\",\"url\":\"https:\/\/www.csj-emballages.com\/wp-content\/uploads\/2023\/10\/logo_csj.webp\",\"contentUrl\":\"https:\/\/www.csj-emballages.com\/wp-content\/uploads\/2023\/10\/logo_csj.webp\",\"width\":250,\"height\":95,\"caption\":\"CSJ Emballages\"},\"image\":{\"@id\":\"https:\/\/www.csj-emballages.com\/pt-pt\/#\/schema\/logo\/image\/\"},\"sameAs\":[\"https:\/\/www.facebook.com\/csjemballages\"],\"address\":{\"@type\":\"PostalAddress\",\"streetAddress\":\"ZI La Lechere\",\"addressLocality\":\"Patornay\",\"postalCode\":\"39130\",\"addressCountry\":\"FR\"},\"contactPoint\":[{\"@type\":\"ContactPoint\",\"contactType\":\"Service client\",\"telephone\":\"0384254272\",\"email\":\"contact@csj-emballages.com\"}]}]}<\/script>\n<!-- \/ Yoast SEO Premium plugin. -->","yoast_head_json":{"title":"100 Tabuleiros descart\u00e1veis de pl\u00e1stico termo-sel\u00e1veis 500 ml \/ csj-emballages.com","description":"Compra uma saqueta de recipiente descart\u00e1vel de pl\u00e1stico film\u00e1vel 50cl termo-sel\u00e1vel! Oferecemos-te um saco de 100 tabuleiros robustos e de qualidade a pre\u00e7os de DESCONTO.","robots":{"index":"index","follow":"follow","max-snippet":"max-snippet:-1","max-image-preview":"max-image-preview:large","max-video-preview":"max-video-preview:-1"},"canonical":"https:\/\/www.csj-emballages.com\/pt-pt\/produit\/100-tabuleiros-descartaveis-de-plastico-selados-de-500-ml\/","og_locale":"pt_PT","og_type":"article","og_title":"100 tabuleiros descart\u00e1veis de pl\u00e1stico selados de 500 ml","og_description":"Compra uma saqueta de recipiente descart\u00e1vel de pl\u00e1stico film\u00e1vel 50cl termo-sel\u00e1vel! Oferecemos-te um saco de 100 tabuleiros robustos e de qualidade a pre\u00e7os de DESCONTO.","og_url":"https:\/\/www.csj-emballages.com\/pt-pt\/produit\/100-tabuleiros-descartaveis-de-plastico-selados-de-500-ml\/","og_site_name":"CSJ Emballages","article_publisher":"https:\/\/www.facebook.com\/csjemballages","article_modified_time":"2026-04-29T00:19:48+00:00","og_image":[{"width":800,"height":800,"url":"https:\/\/www.csj-emballages.com\/wp-content\/uploads\/2024\/03\/500-barquettes-plastique-translucide-traiteur-pas-cher-discount-csj-emballag-jpg.webp","type":"image\/jpeg"}],"twitter_card":"summary_large_image","twitter_misc":{"Tempo estimado de leitura":"1 minuto"},"schema":{"@context":"https:\/\/schema.org","@graph":[{"@type":"WebPage","@id":"https:\/\/www.csj-emballages.com\/pt-pt\/produit\/100-tabuleiros-descartaveis-de-plastico-selados-de-500-ml\/","url":"https:\/\/www.csj-emballages.com\/pt-pt\/produit\/100-tabuleiros-descartaveis-de-plastico-selados-de-500-ml\/","name":"100 Tabuleiros descart\u00e1veis de pl\u00e1stico termo-sel\u00e1veis 500 ml \/ csj-emballages.com","isPartOf":{"@id":"https:\/\/www.csj-emballages.com\/pt-pt\/#website"},"primaryImageOfPage":{"@id":"https:\/\/www.csj-emballages.com\/pt-pt\/produit\/100-tabuleiros-descartaveis-de-plastico-selados-de-500-ml\/#primaryimage"},"image":{"@id":"https:\/\/www.csj-emballages.com\/pt-pt\/produit\/100-tabuleiros-descartaveis-de-plastico-selados-de-500-ml\/#primaryimage"},"thumbnailUrl":"https:\/\/www.csj-emballages.com\/wp-content\/uploads\/2024\/03\/CL375TP.webp","datePublished":"2024-03-01T15:47:27+00:00","dateModified":"2026-04-29T00:19:48+00:00","description":"Compra uma saqueta de recipiente descart\u00e1vel de pl\u00e1stico film\u00e1vel 50cl termo-sel\u00e1vel! Oferecemos-te um saco de 100 tabuleiros robustos e de qualidade a pre\u00e7os de DESCONTO.","breadcrumb":{"@id":"https:\/\/www.csj-emballages.com\/pt-pt\/produit\/100-tabuleiros-descartaveis-de-plastico-selados-de-500-ml\/#breadcrumb"},"inLanguage":"pt-PT","potentialAction":[{"@type":"ReadAction","target":["https:\/\/www.csj-emballages.com\/pt-pt\/produit\/100-tabuleiros-descartaveis-de-plastico-selados-de-500-ml\/"]}]},{"@type":"ImageObject","inLanguage":"pt-PT","@id":"https:\/\/www.csj-emballages.com\/pt-pt\/produit\/100-tabuleiros-descartaveis-de-plastico-selados-de-500-ml\/#primaryimage","url":"https:\/\/www.csj-emballages.com\/wp-content\/uploads\/2024\/03\/CL375TP.webp","contentUrl":"https:\/\/www.csj-emballages.com\/wp-content\/uploads\/2024\/03\/CL375TP.webp","width":800,"height":800,"caption":"Barquette scellable"},{"@type":"BreadcrumbList","@id":"https:\/\/www.csj-emballages.com\/pt-pt\/produit\/100-tabuleiros-descartaveis-de-plastico-selados-de-500-ml\/#breadcrumb","itemListElement":[{"@type":"ListItem","position":1,"name":"Acolhimento","item":"https:\/\/www.csj-emballages.com\/pt-pt\/universo-das-embalagens-alimentares\/"},{"@type":"ListItem","position":2,"name":"Shop","item":"https:\/\/www.csj-emballages.com\/shop\/"},{"@type":"ListItem","position":3,"name":"100 tabuleiros descart\u00e1veis de pl\u00e1stico selados de 500 ml"}]},{"@type":"WebSite","@id":"https:\/\/www.csj-emballages.com\/pt-pt\/#website","url":"https:\/\/www.csj-emballages.com\/pt-pt\/","name":"CSJ Emballages","description":"","publisher":{"@id":"https:\/\/www.csj-emballages.com\/pt-pt\/#organization"},"potentialAction":[{"@type":"SearchAction","target":{"@type":"EntryPoint","urlTemplate":"https:\/\/www.csj-emballages.com\/pt-pt\/?s={search_term_string}"},"query-input":{"@type":"PropertyValueSpecification","valueRequired":true,"valueName":"search_term_string"}}],"inLanguage":"pt-PT"},{"@type":"Organization","@id":"https:\/\/www.csj-emballages.com\/pt-pt\/#Organization\/","name":"CSJ Emballages","url":"https:\/\/www.csj-emballages.com\/pt-pt\/","logo":{"@type":"ImageObject","inLanguage":"pt-PT","@id":"https:\/\/www.csj-emballages.com\/pt-pt\/#\/schema\/logo\/image\/","url":"https:\/\/www.csj-emballages.com\/wp-content\/uploads\/2023\/10\/logo_csj.webp","contentUrl":"https:\/\/www.csj-emballages.com\/wp-content\/uploads\/2023\/10\/logo_csj.webp","width":250,"height":95,"caption":"CSJ Emballages"},"image":{"@id":"https:\/\/www.csj-emballages.com\/pt-pt\/#\/schema\/logo\/image\/"},"sameAs":["https:\/\/www.facebook.com\/csjemballages"],"address":{"@type":"PostalAddress","streetAddress":"ZI La Lechere","addressLocality":"Patornay","postalCode":"39130","addressCountry":"FR"},"contactPoint":[{"@type":"ContactPoint","contactType":"Service client","telephone":"0384254272","email":"contact@csj-emballages.com"}]}]}},"df_price":6.04,"df_sale_price":"","df_regular_price":6.04,"df_image_link":"https:\/\/www.csj-emballages.com\/wp-content\/uploads\/2024\/03\/CL375TP-300x300.webp","tiered_pricing_type":"fixed","tiered_pricing_fixed_rules":[],"tiered_pricing_percentage_rules":[],"tiered_pricing_minimum":1,"tiered_pricing_roles_data":[],"_links":{"self":[{"href":"https:\/\/www.csj-emballages.com\/pt-pt\/wp-json\/wp\/v2\/product\/24184","targetHints":{"allow":["GET"]}}],"collection":[{"href":"https:\/\/www.csj-emballages.com\/pt-pt\/wp-json\/wp\/v2\/product"}],"about":[{"href":"https:\/\/www.csj-emballages.com\/pt-pt\/wp-json\/wp\/v2\/types\/product"}],"wp:featuredmedia":[{"embeddable":true,"href":"https:\/\/www.csj-emballages.com\/pt-pt\/wp-json\/wp\/v2\/media\/219639"}],"wp:attachment":[{"href":"https:\/\/www.csj-emballages.com\/pt-pt\/wp-json\/wp\/v2\/media?parent=24184"}],"wp:term":[{"taxonomy":"product_brand","embeddable":true,"href":"https:\/\/www.csj-emballages.com\/pt-pt\/wp-json\/wp\/v2\/product_brand?post=24184"},{"taxonomy":"product_cat","embeddable":true,"href":"https:\/\/www.csj-emballages.com\/pt-pt\/wp-json\/wp\/v2\/product_cat?post=24184"},{"taxonomy":"product_tag","embeddable":true,"href":"https:\/\/www.csj-emballages.com\/pt-pt\/wp-json\/wp\/v2\/product_tag?post=24184"}],"curies":[{"name":"wp","href":"https:\/\/api.w.org\/{rel}","templated":true}]}}