{"id":24154,"date":"2024-03-01T16:47:28","date_gmt":"2024-03-01T15:47:28","guid":{"rendered":"https:\/\/u15jnbdpoq.preview.infomaniak.website\/produit\/1200-tabuleiros-descartaveis-selaveis-de-plastico-preto-750-ml\/"},"modified":"2026-03-12T16:48:06","modified_gmt":"2026-03-12T15:48:06","slug":"1200-tabuleiros-descartaveis-selaveis-de-plastico-preto-750-ml","status":"publish","type":"product","link":"https:\/\/www.csj-emballages.com\/pt-pt\/produit\/1200-tabuleiros-descartaveis-selaveis-de-plastico-preto-750-ml\/","title":{"rendered":"Bandeja sel\u00e1vel de pl\u00e1stico preto 750 ml, pack de 1200"},"content":{"rendered":"<h2 style=\"box-sizing: inherit;\">Tabuleiro sel\u00e1vel<\/h2>\n<hr>\n<h3>Descubra a nossa bandeja sel\u00e1vel de pl\u00e1stico preto 750 ml, pack de 1200<\/h3>\n<p><!--more--><\/p>\n<p data-start=\"227\" data-end=\"570\">A <strong>bandeja sel\u00e1vel de pl\u00e1stico preto 750 ml<\/strong> foi concebida para satisfazer as exig\u00eancias dos profissionais da restaura\u00e7\u00e3o, dos servi\u00e7os de catering e do take-away. Robusta e funcional, \u00e9 perfeitamente adequada para o acondicionamento de pratos cozinhados, prepara\u00e7\u00f5es <strong>quentes<\/strong>, <strong>por\u00e7\u00f5es individuais generosas<\/strong> e menus completos. <\/p>\n<p data-start=\"572\" data-end=\"965\">Fabricada em <strong>pl\u00e1stico PP<\/strong> de qualidade alimentar, esta <strong>bandeja preta sel\u00e1vel<\/strong> oferece uma excelente resist\u00eancia ao manuseamento, transporte e empilhamento. Gra\u00e7as \u00e0 sua <strong>capacidade de 750 ml,<\/strong> permite apresentar pratos generosos, garantindo uma \u00f3tima conserva\u00e7\u00e3o. A <strong>cor preta<\/strong> confere um toque moderno e profissional, real\u00e7ando os alimentos e refor\u00e7ando a imagem de qualidade do ponto de venda.  <\/p>\n<p data-start=\"967\" data-end=\"1320\">Concebida para ser utilizada com uma <strong>pel\u00edcula de selagem<\/strong>, esta <strong>bandeja<\/strong> assegura um fecho herm\u00e9tico, ideal para preservar a frescura das prepara\u00e7\u00f5es, evitar fugas e garantir a seguran\u00e7a no transporte. \u00c9 perfeitamente adequada para vitrines refrigeradas, entregas e take-away. <\/p>\n<p data-start=\"1322\" data-end=\"1640\">O seu formato padr\u00e3o facilita a organiza\u00e7\u00e3o na cozinha e o armazenamento em reserva. Em resumo, acondicionada em lotes de <strong>1200 unidades<\/strong>, a <strong>bandeja sel\u00e1vel de pl\u00e1stico preto 750 ml<\/strong> \u00e9 particularmente adequada para uso intensivo. <\/p>\n<p data-start=\"1322\" data-end=\"1640\"><!--more--><\/p>\n<div style=\"box-sizing: inherit; font-family: Roboto, sans-serif;\">\n<h4><span style=\"box-sizing: inherit;\">Vantagens :  <\/span><\/h4>\n<ul>\n<li data-start=\"1678\" data-end=\"1724\">Capacidade <strong>750 ml<\/strong> ideal para pratos completos.<\/li>\n<li data-start=\"1727\" data-end=\"1766\">Pl\u00e1stico apto para contacto alimentar.<\/li>\n<li data-start=\"1769\" data-end=\"1805\"><strong>Cor preta<\/strong> elegante e valorizadora.<\/li>\n<li data-start=\"1808\" data-end=\"1867\">Compat\u00edvel com selagem para um fecho herm\u00e9tico.<\/li>\n<li data-start=\"1984\" data-end=\"2033\">Ideal para takeaway e entrega.<\/li>\n<li data-start=\"2036\" data-end=\"2084\">Acondicionamento econ\u00f3mico em <strong>1200 bandejas<\/strong>.<\/li>\n<\/ul>\n<p>&nbsp;<\/p>\n<\/div>\n<p><!--more--><\/p>\n<div style=\"box-sizing: inherit; font-family: Roboto, sans-serif;\">\n<div style=\"box-sizing: inherit; font-family: Roboto, sans-serif;\">\n<h4>Outras informa\u00e7\u00f5es :<\/h4>\n<ul>\n<li><strong>Acondicionamento<\/strong>: Pack de 1200<\/li>\n<li><strong>Dimens\u00f5es<\/strong>: <span style=\"box-sizing: inherit;\"><span style=\"background-color: #ffffff;\">192 x 137 x 41 <\/span>(C x L x A em mm)<\/span><\/li>\n<li><strong>Volume<\/strong>: 750 ml<\/li>\n<li><strong>Cor<\/strong>: preto<\/li>\n<li><strong>Material<\/strong>: Polipropileno (PP)<\/li>\n<\/ul>\n<\/div>\n<\/div>\n<p>&nbsp;<\/p>\n<p><!--more--><\/p>\n<p>Encontre aqui a nossa pel\u00edcula sel\u00e1vel e a nossa termoseladora: <span style=\"color: #d12727;\"><a style=\"color: #d12727;\" href=\"https:\/\/www.csj-emballages.com\/produit\/film-scellable-40%c2%b5-15-cm-x-500-m-pp\/\">Pel\u00edcula sel\u00e1vel FL15<\/a><\/span> \/ <span style=\"color: #d12727;\"><a style=\"color: #d12727;\" href=\"https:\/\/www.csj-emballages.com\/produit\/thermoscelleuse-manuelle-permettant-de-sceller-les-barquettes-de-250-a-2000-grammes\/\">Termoseladora manual<\/a><\/span><\/p>\n<p>&nbsp;<\/p>\n<p><!--more--><\/p>\n<p><a href=\"https:\/\/www.csj-emballages.com\/categorie-produit\/emballages\/boucherie-traiteur-primeur\/barquettes-boites-et-pots\/barquettes-boites-pots-alimentaires\/barquettes-scellables-1\/barquettes-scellables-noires\/\">Ver o resto da nossa gama de tabuleiros sel\u00e1veis pretos<\/a><\/p>\n","protected":false},"excerpt":{"rendered":"<p>Tabuleiro sel\u00e1vel Descubra a nossa bandeja sel\u00e1vel de pl\u00e1stico preto 750 ml, pack de 1200<\/p>\n","protected":false},"featured_media":12196,"template":"","meta":{"_acf_changed":false},"product_brand":[],"product_cat":[1176,1525,2243,3619,1267],"product_tag":[],"class_list":{"0":"post-24154","1":"product","2":"type-product","3":"status-publish","4":"has-post-thumbnail","6":"product_cat-talho-e-charcutaria","7":"product_cat-tabuleiros-latas-frascos-para-alimentos","8":"product_cat-tabuleiros-selaveis-alphacel","9":"product_cat-tabuleiros-pretos-selaveis","10":"product_cat-descontos-promocoes","12":"first","13":"instock","14":"sale","15":"taxable","16":"shipping-taxable","17":"purchasable","18":"product-type-simple"},"acf":[],"yoast_head":"<!-- This site is optimized with the Yoast SEO Premium plugin v26.6 (Yoast SEO v26.6) - https:\/\/yoast.com\/wordpress\/plugins\/seo\/ -->\n<title>Bandeja Sel\u00e1vel de Pl\u00e1stico Preto 750 ml, Pack de 1200<\/title>\n<meta name=\"description\" content=\"Bandeja sel\u00e1vel de pl\u00e1stico preto 750 ml, pack de 1200. Ideal para take-away, fecho herm\u00e9tico, uso profissional intensivo.\" \/>\n<meta name=\"robots\" content=\"index, follow, max-snippet:-1, max-image-preview:large, max-video-preview:-1\" \/>\n<link rel=\"canonical\" href=\"https:\/\/www.csj-emballages.com\/pt-pt\/produit\/1200-tabuleiros-descartaveis-selaveis-de-plastico-preto-750-ml\/\" \/>\n<meta property=\"og:locale\" content=\"pt_PT\" \/>\n<meta property=\"og:type\" content=\"article\" \/>\n<meta property=\"og:title\" content=\"Bandeja sel\u00e1vel de pl\u00e1stico preto 750 ml, pack de 1200\" \/>\n<meta property=\"og:description\" content=\"Bandeja sel\u00e1vel de pl\u00e1stico preto 750 ml, pack de 1200. Ideal para take-away, fecho herm\u00e9tico, uso profissional intensivo.\" \/>\n<meta property=\"og:url\" content=\"https:\/\/www.csj-emballages.com\/pt-pt\/produit\/1200-tabuleiros-descartaveis-selaveis-de-plastico-preto-750-ml\/\" \/>\n<meta property=\"og:site_name\" content=\"CSJ Emballages\" \/>\n<meta property=\"article:publisher\" content=\"https:\/\/www.facebook.com\/csjemballages\" \/>\n<meta property=\"article:modified_time\" content=\"2026-03-12T15:48:06+00:00\" \/>\n<meta property=\"og:image\" content=\"https:\/\/www.csj-emballages.com\/wp-content\/uploads\/2024\/03\/ItemTS750NS.png\" \/>\n\t<meta property=\"og:image:width\" content=\"300\" \/>\n\t<meta property=\"og:image:height\" content=\"300\" \/>\n\t<meta property=\"og:image:type\" content=\"image\/png\" \/>\n<meta name=\"twitter:card\" content=\"summary_large_image\" \/>\n<meta name=\"twitter:label1\" content=\"Tempo estimado de leitura\" \/>\n\t<meta name=\"twitter:data1\" content=\"2 minutos\" \/>\n<script type=\"application\/ld+json\" class=\"yoast-schema-graph\">{\"@context\":\"https:\/\/schema.org\",\"@graph\":[{\"@type\":\"WebPage\",\"@id\":\"https:\/\/www.csj-emballages.com\/pt-pt\/produit\/1200-tabuleiros-descartaveis-selaveis-de-plastico-preto-750-ml\/\",\"url\":\"https:\/\/www.csj-emballages.com\/pt-pt\/produit\/1200-tabuleiros-descartaveis-selaveis-de-plastico-preto-750-ml\/\",\"name\":\"Bandeja Sel\u00e1vel de Pl\u00e1stico Preto 750 ml, Pack de 1200\",\"isPartOf\":{\"@id\":\"https:\/\/www.csj-emballages.com\/pt-pt\/#website\"},\"primaryImageOfPage\":{\"@id\":\"https:\/\/www.csj-emballages.com\/pt-pt\/produit\/1200-tabuleiros-descartaveis-selaveis-de-plastico-preto-750-ml\/#primaryimage\"},\"image\":{\"@id\":\"https:\/\/www.csj-emballages.com\/pt-pt\/produit\/1200-tabuleiros-descartaveis-selaveis-de-plastico-preto-750-ml\/#primaryimage\"},\"thumbnailUrl\":\"https:\/\/www.csj-emballages.com\/wp-content\/uploads\/2024\/03\/ItemTS750NS.png\",\"datePublished\":\"2024-03-01T15:47:28+00:00\",\"dateModified\":\"2026-03-12T15:48:06+00:00\",\"description\":\"Bandeja sel\u00e1vel de pl\u00e1stico preto 750 ml, pack de 1200. Ideal para take-away, fecho herm\u00e9tico, uso profissional intensivo.\",\"breadcrumb\":{\"@id\":\"https:\/\/www.csj-emballages.com\/pt-pt\/produit\/1200-tabuleiros-descartaveis-selaveis-de-plastico-preto-750-ml\/#breadcrumb\"},\"inLanguage\":\"pt-PT\",\"potentialAction\":[{\"@type\":\"ReadAction\",\"target\":[\"https:\/\/www.csj-emballages.com\/pt-pt\/produit\/1200-tabuleiros-descartaveis-selaveis-de-plastico-preto-750-ml\/\"]}]},{\"@type\":\"ImageObject\",\"inLanguage\":\"pt-PT\",\"@id\":\"https:\/\/www.csj-emballages.com\/pt-pt\/produit\/1200-tabuleiros-descartaveis-selaveis-de-plastico-preto-750-ml\/#primaryimage\",\"url\":\"https:\/\/www.csj-emballages.com\/wp-content\/uploads\/2024\/03\/ItemTS750NS.png\",\"contentUrl\":\"https:\/\/www.csj-emballages.com\/wp-content\/uploads\/2024\/03\/ItemTS750NS.png\",\"width\":300,\"height\":300,\"caption\":\"Barquette scellable\"},{\"@type\":\"BreadcrumbList\",\"@id\":\"https:\/\/www.csj-emballages.com\/pt-pt\/produit\/1200-tabuleiros-descartaveis-selaveis-de-plastico-preto-750-ml\/#breadcrumb\",\"itemListElement\":[{\"@type\":\"ListItem\",\"position\":1,\"name\":\"Acolhimento\",\"item\":\"https:\/\/www.csj-emballages.com\/pt-pt\/universo-das-embalagens-alimentares\/\"},{\"@type\":\"ListItem\",\"position\":2,\"name\":\"Shop\",\"item\":\"https:\/\/www.csj-emballages.com\/shop\/\"},{\"@type\":\"ListItem\",\"position\":3,\"name\":\"Bandeja sel\u00e1vel de pl\u00e1stico preto 750 ml, pack de 1200\"}]},{\"@type\":\"WebSite\",\"@id\":\"https:\/\/www.csj-emballages.com\/pt-pt\/#website\",\"url\":\"https:\/\/www.csj-emballages.com\/pt-pt\/\",\"name\":\"CSJ Emballages\",\"description\":\"\",\"publisher\":{\"@id\":\"https:\/\/www.csj-emballages.com\/pt-pt\/#organization\"},\"potentialAction\":[{\"@type\":\"SearchAction\",\"target\":{\"@type\":\"EntryPoint\",\"urlTemplate\":\"https:\/\/www.csj-emballages.com\/pt-pt\/?s={search_term_string}\"},\"query-input\":{\"@type\":\"PropertyValueSpecification\",\"valueRequired\":true,\"valueName\":\"search_term_string\"}}],\"inLanguage\":\"pt-PT\"},{\"@type\":\"Organization\",\"@id\":\"https:\/\/www.csj-emballages.com\/pt-pt\/#Organization\/\",\"name\":\"CSJ Emballages\",\"url\":\"https:\/\/www.csj-emballages.com\/pt-pt\/\",\"logo\":{\"@type\":\"ImageObject\",\"inLanguage\":\"pt-PT\",\"@id\":\"https:\/\/www.csj-emballages.com\/pt-pt\/#\/schema\/logo\/image\/\",\"url\":\"https:\/\/www.csj-emballages.com\/wp-content\/uploads\/2023\/10\/logo_csj.webp\",\"contentUrl\":\"https:\/\/www.csj-emballages.com\/wp-content\/uploads\/2023\/10\/logo_csj.webp\",\"width\":250,\"height\":95,\"caption\":\"CSJ Emballages\"},\"image\":{\"@id\":\"https:\/\/www.csj-emballages.com\/pt-pt\/#\/schema\/logo\/image\/\"},\"sameAs\":[\"https:\/\/www.facebook.com\/csjemballages\"],\"address\":{\"@type\":\"PostalAddress\",\"streetAddress\":\"ZI La Lechere\",\"addressLocality\":\"Patornay\",\"postalCode\":\"39130\",\"addressCountry\":\"FR\"},\"contactPoint\":[{\"@type\":\"ContactPoint\",\"contactType\":\"Service client\",\"telephone\":\"0384254272\",\"email\":\"contact@csj-emballages.com\"}]}]}<\/script>\n<!-- \/ Yoast SEO Premium plugin. -->","yoast_head_json":{"title":"Bandeja Sel\u00e1vel de Pl\u00e1stico Preto 750 ml, Pack de 1200","description":"Bandeja sel\u00e1vel de pl\u00e1stico preto 750 ml, pack de 1200. Ideal para take-away, fecho herm\u00e9tico, uso profissional intensivo.","robots":{"index":"index","follow":"follow","max-snippet":"max-snippet:-1","max-image-preview":"max-image-preview:large","max-video-preview":"max-video-preview:-1"},"canonical":"https:\/\/www.csj-emballages.com\/pt-pt\/produit\/1200-tabuleiros-descartaveis-selaveis-de-plastico-preto-750-ml\/","og_locale":"pt_PT","og_type":"article","og_title":"Bandeja sel\u00e1vel de pl\u00e1stico preto 750 ml, pack de 1200","og_description":"Bandeja sel\u00e1vel de pl\u00e1stico preto 750 ml, pack de 1200. Ideal para take-away, fecho herm\u00e9tico, uso profissional intensivo.","og_url":"https:\/\/www.csj-emballages.com\/pt-pt\/produit\/1200-tabuleiros-descartaveis-selaveis-de-plastico-preto-750-ml\/","og_site_name":"CSJ Emballages","article_publisher":"https:\/\/www.facebook.com\/csjemballages","article_modified_time":"2026-03-12T15:48:06+00:00","og_image":[{"width":300,"height":300,"url":"https:\/\/www.csj-emballages.com\/wp-content\/uploads\/2024\/03\/ItemTS750NS.png","type":"image\/png"}],"twitter_card":"summary_large_image","twitter_misc":{"Tempo estimado de leitura":"2 minutos"},"schema":{"@context":"https:\/\/schema.org","@graph":[{"@type":"WebPage","@id":"https:\/\/www.csj-emballages.com\/pt-pt\/produit\/1200-tabuleiros-descartaveis-selaveis-de-plastico-preto-750-ml\/","url":"https:\/\/www.csj-emballages.com\/pt-pt\/produit\/1200-tabuleiros-descartaveis-selaveis-de-plastico-preto-750-ml\/","name":"Bandeja Sel\u00e1vel de Pl\u00e1stico Preto 750 ml, Pack de 1200","isPartOf":{"@id":"https:\/\/www.csj-emballages.com\/pt-pt\/#website"},"primaryImageOfPage":{"@id":"https:\/\/www.csj-emballages.com\/pt-pt\/produit\/1200-tabuleiros-descartaveis-selaveis-de-plastico-preto-750-ml\/#primaryimage"},"image":{"@id":"https:\/\/www.csj-emballages.com\/pt-pt\/produit\/1200-tabuleiros-descartaveis-selaveis-de-plastico-preto-750-ml\/#primaryimage"},"thumbnailUrl":"https:\/\/www.csj-emballages.com\/wp-content\/uploads\/2024\/03\/ItemTS750NS.png","datePublished":"2024-03-01T15:47:28+00:00","dateModified":"2026-03-12T15:48:06+00:00","description":"Bandeja sel\u00e1vel de pl\u00e1stico preto 750 ml, pack de 1200. Ideal para take-away, fecho herm\u00e9tico, uso profissional intensivo.","breadcrumb":{"@id":"https:\/\/www.csj-emballages.com\/pt-pt\/produit\/1200-tabuleiros-descartaveis-selaveis-de-plastico-preto-750-ml\/#breadcrumb"},"inLanguage":"pt-PT","potentialAction":[{"@type":"ReadAction","target":["https:\/\/www.csj-emballages.com\/pt-pt\/produit\/1200-tabuleiros-descartaveis-selaveis-de-plastico-preto-750-ml\/"]}]},{"@type":"ImageObject","inLanguage":"pt-PT","@id":"https:\/\/www.csj-emballages.com\/pt-pt\/produit\/1200-tabuleiros-descartaveis-selaveis-de-plastico-preto-750-ml\/#primaryimage","url":"https:\/\/www.csj-emballages.com\/wp-content\/uploads\/2024\/03\/ItemTS750NS.png","contentUrl":"https:\/\/www.csj-emballages.com\/wp-content\/uploads\/2024\/03\/ItemTS750NS.png","width":300,"height":300,"caption":"Barquette scellable"},{"@type":"BreadcrumbList","@id":"https:\/\/www.csj-emballages.com\/pt-pt\/produit\/1200-tabuleiros-descartaveis-selaveis-de-plastico-preto-750-ml\/#breadcrumb","itemListElement":[{"@type":"ListItem","position":1,"name":"Acolhimento","item":"https:\/\/www.csj-emballages.com\/pt-pt\/universo-das-embalagens-alimentares\/"},{"@type":"ListItem","position":2,"name":"Shop","item":"https:\/\/www.csj-emballages.com\/shop\/"},{"@type":"ListItem","position":3,"name":"Bandeja sel\u00e1vel de pl\u00e1stico preto 750 ml, pack de 1200"}]},{"@type":"WebSite","@id":"https:\/\/www.csj-emballages.com\/pt-pt\/#website","url":"https:\/\/www.csj-emballages.com\/pt-pt\/","name":"CSJ Emballages","description":"","publisher":{"@id":"https:\/\/www.csj-emballages.com\/pt-pt\/#organization"},"potentialAction":[{"@type":"SearchAction","target":{"@type":"EntryPoint","urlTemplate":"https:\/\/www.csj-emballages.com\/pt-pt\/?s={search_term_string}"},"query-input":{"@type":"PropertyValueSpecification","valueRequired":true,"valueName":"search_term_string"}}],"inLanguage":"pt-PT"},{"@type":"Organization","@id":"https:\/\/www.csj-emballages.com\/pt-pt\/#Organization\/","name":"CSJ Emballages","url":"https:\/\/www.csj-emballages.com\/pt-pt\/","logo":{"@type":"ImageObject","inLanguage":"pt-PT","@id":"https:\/\/www.csj-emballages.com\/pt-pt\/#\/schema\/logo\/image\/","url":"https:\/\/www.csj-emballages.com\/wp-content\/uploads\/2023\/10\/logo_csj.webp","contentUrl":"https:\/\/www.csj-emballages.com\/wp-content\/uploads\/2023\/10\/logo_csj.webp","width":250,"height":95,"caption":"CSJ Emballages"},"image":{"@id":"https:\/\/www.csj-emballages.com\/pt-pt\/#\/schema\/logo\/image\/"},"sameAs":["https:\/\/www.facebook.com\/csjemballages"],"address":{"@type":"PostalAddress","streetAddress":"ZI La Lechere","addressLocality":"Patornay","postalCode":"39130","addressCountry":"FR"},"contactPoint":[{"@type":"ContactPoint","contactType":"Service client","telephone":"0384254272","email":"contact@csj-emballages.com"}]}]}},"df_price":90.67,"df_sale_price":90.67,"df_regular_price":120.89,"df_image_link":"https:\/\/www.csj-emballages.com\/wp-content\/uploads\/2024\/03\/ItemTS750NS.png","tiered_pricing_type":"fixed","tiered_pricing_fixed_rules":[],"tiered_pricing_percentage_rules":[],"tiered_pricing_minimum":1,"tiered_pricing_roles_data":[],"_links":{"self":[{"href":"https:\/\/www.csj-emballages.com\/pt-pt\/wp-json\/wp\/v2\/product\/24154","targetHints":{"allow":["GET"]}}],"collection":[{"href":"https:\/\/www.csj-emballages.com\/pt-pt\/wp-json\/wp\/v2\/product"}],"about":[{"href":"https:\/\/www.csj-emballages.com\/pt-pt\/wp-json\/wp\/v2\/types\/product"}],"wp:featuredmedia":[{"embeddable":true,"href":"https:\/\/www.csj-emballages.com\/pt-pt\/wp-json\/wp\/v2\/media\/12196"}],"wp:attachment":[{"href":"https:\/\/www.csj-emballages.com\/pt-pt\/wp-json\/wp\/v2\/media?parent=24154"}],"wp:term":[{"taxonomy":"product_brand","embeddable":true,"href":"https:\/\/www.csj-emballages.com\/pt-pt\/wp-json\/wp\/v2\/product_brand?post=24154"},{"taxonomy":"product_cat","embeddable":true,"href":"https:\/\/www.csj-emballages.com\/pt-pt\/wp-json\/wp\/v2\/product_cat?post=24154"},{"taxonomy":"product_tag","embeddable":true,"href":"https:\/\/www.csj-emballages.com\/pt-pt\/wp-json\/wp\/v2\/product_tag?post=24154"}],"curies":[{"name":"wp","href":"https:\/\/api.w.org\/{rel}","templated":true}]}}