{"id":24110,"date":"2024-03-01T16:47:28","date_gmt":"2024-03-01T15:47:28","guid":{"rendered":"https:\/\/u15jnbdpoq.preview.infomaniak.website\/produit\/140-tabuleiros-de-plastico-descartaveis-selados-de-750-ml\/"},"modified":"2026-04-15T02:18:21","modified_gmt":"2026-04-15T00:18:21","slug":"140-tabuleiros-de-plastico-descartaveis-selados-de-750-ml","status":"publish","type":"product","link":"https:\/\/www.csj-emballages.com\/pt-pt\/produit\/140-tabuleiros-de-plastico-descartaveis-selados-de-750-ml\/","title":{"rendered":"Tabuleiro de pl\u00e1stico sel\u00e1vel 750 ml x 140"},"content":{"rendered":"<h2>Tabuleiro sel\u00e1vel<\/h2>\n<hr>\n<h3>Descri\u00e7\u00e3o do nosso tabuleiro de pl\u00e1stico sel\u00e1vel 750 ml por 140<\/h3>\n<p><!--more--><\/p>\n<p>O <strong>tabuleiro de pl\u00e1stico sel\u00e1vel de 750 ml por 140<\/strong> \u00e9 a solu\u00e7\u00e3o ideal para o acondicionamento de alimentos. Concebido para profissionais, oferece uma conserva\u00e7\u00e3o \u00f3ptima e um transporte seguro. O seu sistema <strong>de fecho<\/strong> garante uma selagem perfeita, mantendo os alimentos frescos e evitando derrames. Perfeitamente adaptado \u00e0 restaura\u00e7\u00e3o r\u00e1pida e ao take-away, responde \u00e0s exig\u00eancias dos fornecedores e dos profissionais do sector alimentar.   <\/p>\n<p>Fabricados em <strong>PP<\/strong> robusto, <strong>os tabuleiros Alphacel<\/strong> destacam-se pela sua resist\u00eancia a temperaturas elevadas, tornando-os perfeitamente adequados para reaquecimento no micro-ondas.<\/p>\n<p>&nbsp;<\/p>\n<p><!--more--><\/p>\n<h4><strong>Um formato pr\u00e1tico para uma vasta gama de utiliza\u00e7\u00f5es<\/strong><\/h4>\n<p>Com uma capacidade <strong>de 750<\/strong><strong> ml<\/strong>, este <strong>tabuleiro<\/strong> \u00e9 ideal para por\u00e7\u00f5es individuais de saladas, sobremesas, refei\u00e7\u00f5es prontas ou snacks. Embalado em lotes de <strong>140<\/strong> unidades, \u00e9 particularmente pr\u00e1tico para os profissionais que pretendem gerir eficazmente os seus stocks. Al\u00e9m disso, este <strong>tabuleiro de pl\u00e1stico<\/strong> permite reduzir o desperd\u00edcio alimentar e facilita o transporte, oferecendo uma solu\u00e7\u00e3o econ\u00f3mica e fi\u00e1vel que respeita as normas de seguran\u00e7a e higiene alimentar.  <\/p>\n<p>Escolha hoje mesmo estes <strong>tabuleiros sel\u00e1veis<\/strong> para melhorar o seu servi\u00e7o e satisfazer plenamente os seus clientes.<\/p>\n<p>&nbsp;<\/p>\n<p><!--more--><\/p>\n<p><strong><span style=\"color: #ff0000;\">*Pode ir ao micro-ondas<\/span><\/strong><\/p>\n<p>&nbsp;<\/p>\n<p><!--more--><\/p>\n<h4>Outras informa\u00e7\u00f5es :<\/h4>\n<ul>\n<li><strong>Volume<\/strong>: 750 ml<\/li>\n<li><strong>Dimens\u00f5es<\/strong>: 192 x 137 x 41 (C x L x A em mm)<\/li>\n<li><strong>Embalagem<\/strong>: Embalagem de 140<\/li>\n<li><strong>Material<\/strong>: <span style=\"text-indent: 0pt;\">PP<\/span><\/li>\n<li><strong>Temperatura de funcionamento<\/strong>: -0\u00b0C \/ +100\u00b0C<\/li>\n<\/ul>\n<p>&nbsp;<\/p>\n<p><!--more--><\/p>\n<p>Tabuleiro dispon\u00edvel em v\u00e1rios tamanhos: <span style=\"color: #d12727;\"><a style=\"color: #d12727;\" href=\"https:\/\/www.csj-emballages.com\/es\/produit\/100-bandejas-desechables-de-plastico-precintable-250-ml\/\">250 ml<\/a><\/span> \/ <span style=\"color: #d12727;\"><a style=\"color: #d12727;\" href=\"https:\/\/www.csj-emballages.com\/es\/produit\/120-bandejas-de-plastico-desechables-con-cierre-375-ml\/\">375 ml<\/a><\/span> \/ <span style=\"color: #d12727;\"><a style=\"color: #d12727;\" href=\"https:\/\/www.csj-emballages.com\/es\/produit\/100-bandejas-desechables-de-plastico-precintable-500-ml\/\">500 ml<\/a><\/span> \/ <span style=\"color: #d12727;\"><a style=\"color: #d12727;\" href=\"https:\/\/www.csj-emballages.com\/es\/produit\/160-bandejas-desechables-de-plastico-precintable-1000-ml\/\">1000 ml<\/a><\/span> \/ <span style=\"color: #d12727;\"><a style=\"color: #d12727;\" href=\"https:\/\/www.csj-emballages.com\/es\/produit\/110-bandejas-de-plastico-desechables-precintables-1500-ml\/\">1500 ml<\/a><\/span><\/p>\n<p>&nbsp;<\/p>\n<p><!--more--><\/p>\n<p>Tabuleiro compat\u00edvel com <span style=\"color: #d12727;\"><a style=\"color: #d12727;\" href=\"https:\/\/www.csj-emballages.com\/produit\/machine-manuelle-permettant-de-sceller-les-barquettes-de-250-a-2000-grammes\/\">M\u00e1quina de selagem BP30<\/a><\/span><\/p>\n<p>&nbsp;<\/p>\n<p><!--more--><\/p>\n<p><a href=\"https:\/\/www.csj-emballages.com\/pt-pt\/categorie-produit\/embalagem-de-alimentos\/talho-e-charcutaria\/tabuleiros-latas-e-frascos\/tabuleiros-latas-frascos-para-alimentos\/tabuleiros-selaveis-alphacel\/tabuleiros-translucidos-selaveis\/\"><em>Ver o resto da nossa gama de tabuleiros sel\u00e1veis transl\u00facidos<\/em><\/a><\/p>\n","protected":false},"excerpt":{"rendered":"<p>Tabuleiro sel\u00e1vel Descri\u00e7\u00e3o do nosso tabuleiro de pl\u00e1stico sel\u00e1vel 750 ml por 140<\/p>\n","protected":false},"featured_media":219660,"template":"","meta":{"_acf_changed":false},"product_brand":[],"product_cat":[1176,1525,2243,3616,1267],"product_tag":[],"class_list":{"0":"post-24110","1":"product","2":"type-product","3":"status-publish","4":"has-post-thumbnail","6":"product_cat-talho-e-charcutaria","7":"product_cat-tabuleiros-latas-frascos-para-alimentos","8":"product_cat-tabuleiros-selaveis-alphacel","9":"product_cat-tabuleiros-translucidos-selaveis","10":"product_cat-descontos-promocoes","12":"first","13":"instock","14":"sale","15":"taxable","16":"shipping-taxable","17":"purchasable","18":"product-type-simple"},"acf":[],"yoast_head":"<!-- This site is optimized with the Yoast SEO Premium plugin v26.6 (Yoast SEO v26.6) - https:\/\/yoast.com\/wordpress\/plugins\/seo\/ -->\n<title>Tabuleiro de pl\u00e1stico sel\u00e1vel - 750 ml<\/title>\n<meta name=\"description\" content=\"Descubra o tabuleiro de pl\u00e1stico sel\u00e1vel de 750 ml, ideal para armazenar e transportar os seus alimentos. Pr\u00e1tico, \u00e0 prova de fugas e apto para o micro-ondas.\" \/>\n<meta name=\"robots\" content=\"index, follow, max-snippet:-1, max-image-preview:large, max-video-preview:-1\" \/>\n<link rel=\"canonical\" href=\"https:\/\/www.csj-emballages.com\/pt-pt\/produit\/140-tabuleiros-de-plastico-descartaveis-selados-de-750-ml\/\" \/>\n<meta property=\"og:locale\" content=\"pt_PT\" \/>\n<meta property=\"og:type\" content=\"article\" \/>\n<meta property=\"og:title\" content=\"Tabuleiro de pl\u00e1stico sel\u00e1vel 750 ml x 140\" \/>\n<meta property=\"og:description\" content=\"Descubra o tabuleiro de pl\u00e1stico sel\u00e1vel de 750 ml, ideal para armazenar e transportar os seus alimentos. Pr\u00e1tico, \u00e0 prova de fugas e apto para o micro-ondas.\" \/>\n<meta property=\"og:url\" content=\"https:\/\/www.csj-emballages.com\/pt-pt\/produit\/140-tabuleiros-de-plastico-descartaveis-selados-de-750-ml\/\" \/>\n<meta property=\"og:site_name\" content=\"CSJ Emballages\" \/>\n<meta property=\"article:publisher\" content=\"https:\/\/www.facebook.com\/csjemballages\" \/>\n<meta property=\"article:modified_time\" content=\"2026-04-15T00:18:21+00:00\" \/>\n<meta property=\"og:image\" content=\"https:\/\/www.csj-emballages.com\/wp-content\/uploads\/2024\/03\/CL750TP.webp\" \/>\n\t<meta property=\"og:image:width\" content=\"800\" \/>\n\t<meta property=\"og:image:height\" content=\"801\" \/>\n\t<meta property=\"og:image:type\" content=\"image\/webp\" \/>\n<meta name=\"twitter:card\" content=\"summary_large_image\" \/>\n<meta name=\"twitter:label1\" content=\"Tempo estimado de leitura\" \/>\n\t<meta name=\"twitter:data1\" content=\"1 minuto\" \/>\n<script type=\"application\/ld+json\" class=\"yoast-schema-graph\">{\"@context\":\"https:\/\/schema.org\",\"@graph\":[{\"@type\":\"WebPage\",\"@id\":\"https:\/\/www.csj-emballages.com\/pt-pt\/produit\/140-tabuleiros-de-plastico-descartaveis-selados-de-750-ml\/\",\"url\":\"https:\/\/www.csj-emballages.com\/pt-pt\/produit\/140-tabuleiros-de-plastico-descartaveis-selados-de-750-ml\/\",\"name\":\"Tabuleiro de pl\u00e1stico sel\u00e1vel - 750 ml\",\"isPartOf\":{\"@id\":\"https:\/\/www.csj-emballages.com\/pt-pt\/#website\"},\"primaryImageOfPage\":{\"@id\":\"https:\/\/www.csj-emballages.com\/pt-pt\/produit\/140-tabuleiros-de-plastico-descartaveis-selados-de-750-ml\/#primaryimage\"},\"image\":{\"@id\":\"https:\/\/www.csj-emballages.com\/pt-pt\/produit\/140-tabuleiros-de-plastico-descartaveis-selados-de-750-ml\/#primaryimage\"},\"thumbnailUrl\":\"https:\/\/www.csj-emballages.com\/wp-content\/uploads\/2024\/03\/CL750TP.webp\",\"datePublished\":\"2024-03-01T15:47:28+00:00\",\"dateModified\":\"2026-04-15T00:18:21+00:00\",\"description\":\"Descubra o tabuleiro de pl\u00e1stico sel\u00e1vel de 750 ml, ideal para armazenar e transportar os seus alimentos. Pr\u00e1tico, \u00e0 prova de fugas e apto para o micro-ondas.\",\"breadcrumb\":{\"@id\":\"https:\/\/www.csj-emballages.com\/pt-pt\/produit\/140-tabuleiros-de-plastico-descartaveis-selados-de-750-ml\/#breadcrumb\"},\"inLanguage\":\"pt-PT\",\"potentialAction\":[{\"@type\":\"ReadAction\",\"target\":[\"https:\/\/www.csj-emballages.com\/pt-pt\/produit\/140-tabuleiros-de-plastico-descartaveis-selados-de-750-ml\/\"]}]},{\"@type\":\"ImageObject\",\"inLanguage\":\"pt-PT\",\"@id\":\"https:\/\/www.csj-emballages.com\/pt-pt\/produit\/140-tabuleiros-de-plastico-descartaveis-selados-de-750-ml\/#primaryimage\",\"url\":\"https:\/\/www.csj-emballages.com\/wp-content\/uploads\/2024\/03\/CL750TP.webp\",\"contentUrl\":\"https:\/\/www.csj-emballages.com\/wp-content\/uploads\/2024\/03\/CL750TP.webp\",\"width\":800,\"height\":801,\"caption\":\"Barquette scellable\"},{\"@type\":\"BreadcrumbList\",\"@id\":\"https:\/\/www.csj-emballages.com\/pt-pt\/produit\/140-tabuleiros-de-plastico-descartaveis-selados-de-750-ml\/#breadcrumb\",\"itemListElement\":[{\"@type\":\"ListItem\",\"position\":1,\"name\":\"Acolhimento\",\"item\":\"https:\/\/www.csj-emballages.com\/pt-pt\/universo-das-embalagens-alimentares\/\"},{\"@type\":\"ListItem\",\"position\":2,\"name\":\"Shop\",\"item\":\"https:\/\/www.csj-emballages.com\/shop\/\"},{\"@type\":\"ListItem\",\"position\":3,\"name\":\"Tabuleiro de pl\u00e1stico sel\u00e1vel 750 ml x 140\"}]},{\"@type\":\"WebSite\",\"@id\":\"https:\/\/www.csj-emballages.com\/pt-pt\/#website\",\"url\":\"https:\/\/www.csj-emballages.com\/pt-pt\/\",\"name\":\"CSJ Emballages\",\"description\":\"\",\"publisher\":{\"@id\":\"https:\/\/www.csj-emballages.com\/pt-pt\/#organization\"},\"potentialAction\":[{\"@type\":\"SearchAction\",\"target\":{\"@type\":\"EntryPoint\",\"urlTemplate\":\"https:\/\/www.csj-emballages.com\/pt-pt\/?s={search_term_string}\"},\"query-input\":{\"@type\":\"PropertyValueSpecification\",\"valueRequired\":true,\"valueName\":\"search_term_string\"}}],\"inLanguage\":\"pt-PT\"},{\"@type\":\"Organization\",\"@id\":\"https:\/\/www.csj-emballages.com\/pt-pt\/#Organization\/\",\"name\":\"CSJ Emballages\",\"url\":\"https:\/\/www.csj-emballages.com\/pt-pt\/\",\"logo\":{\"@type\":\"ImageObject\",\"inLanguage\":\"pt-PT\",\"@id\":\"https:\/\/www.csj-emballages.com\/pt-pt\/#\/schema\/logo\/image\/\",\"url\":\"https:\/\/www.csj-emballages.com\/wp-content\/uploads\/2023\/10\/logo_csj.webp\",\"contentUrl\":\"https:\/\/www.csj-emballages.com\/wp-content\/uploads\/2023\/10\/logo_csj.webp\",\"width\":250,\"height\":95,\"caption\":\"CSJ Emballages\"},\"image\":{\"@id\":\"https:\/\/www.csj-emballages.com\/pt-pt\/#\/schema\/logo\/image\/\"},\"sameAs\":[\"https:\/\/www.facebook.com\/csjemballages\"],\"address\":{\"@type\":\"PostalAddress\",\"streetAddress\":\"ZI La Lechere\",\"addressLocality\":\"Patornay\",\"postalCode\":\"39130\",\"addressCountry\":\"FR\"},\"contactPoint\":[{\"@type\":\"ContactPoint\",\"contactType\":\"Service client\",\"telephone\":\"0384254272\",\"email\":\"contact@csj-emballages.com\"}]}]}<\/script>\n<!-- \/ Yoast SEO Premium plugin. -->","yoast_head_json":{"title":"Tabuleiro de pl\u00e1stico sel\u00e1vel - 750 ml","description":"Descubra o tabuleiro de pl\u00e1stico sel\u00e1vel de 750 ml, ideal para armazenar e transportar os seus alimentos. Pr\u00e1tico, \u00e0 prova de fugas e apto para o micro-ondas.","robots":{"index":"index","follow":"follow","max-snippet":"max-snippet:-1","max-image-preview":"max-image-preview:large","max-video-preview":"max-video-preview:-1"},"canonical":"https:\/\/www.csj-emballages.com\/pt-pt\/produit\/140-tabuleiros-de-plastico-descartaveis-selados-de-750-ml\/","og_locale":"pt_PT","og_type":"article","og_title":"Tabuleiro de pl\u00e1stico sel\u00e1vel 750 ml x 140","og_description":"Descubra o tabuleiro de pl\u00e1stico sel\u00e1vel de 750 ml, ideal para armazenar e transportar os seus alimentos. Pr\u00e1tico, \u00e0 prova de fugas e apto para o micro-ondas.","og_url":"https:\/\/www.csj-emballages.com\/pt-pt\/produit\/140-tabuleiros-de-plastico-descartaveis-selados-de-750-ml\/","og_site_name":"CSJ Emballages","article_publisher":"https:\/\/www.facebook.com\/csjemballages","article_modified_time":"2026-04-15T00:18:21+00:00","og_image":[{"width":800,"height":801,"url":"https:\/\/www.csj-emballages.com\/wp-content\/uploads\/2024\/03\/CL750TP.webp","type":"image\/webp"}],"twitter_card":"summary_large_image","twitter_misc":{"Tempo estimado de leitura":"1 minuto"},"schema":{"@context":"https:\/\/schema.org","@graph":[{"@type":"WebPage","@id":"https:\/\/www.csj-emballages.com\/pt-pt\/produit\/140-tabuleiros-de-plastico-descartaveis-selados-de-750-ml\/","url":"https:\/\/www.csj-emballages.com\/pt-pt\/produit\/140-tabuleiros-de-plastico-descartaveis-selados-de-750-ml\/","name":"Tabuleiro de pl\u00e1stico sel\u00e1vel - 750 ml","isPartOf":{"@id":"https:\/\/www.csj-emballages.com\/pt-pt\/#website"},"primaryImageOfPage":{"@id":"https:\/\/www.csj-emballages.com\/pt-pt\/produit\/140-tabuleiros-de-plastico-descartaveis-selados-de-750-ml\/#primaryimage"},"image":{"@id":"https:\/\/www.csj-emballages.com\/pt-pt\/produit\/140-tabuleiros-de-plastico-descartaveis-selados-de-750-ml\/#primaryimage"},"thumbnailUrl":"https:\/\/www.csj-emballages.com\/wp-content\/uploads\/2024\/03\/CL750TP.webp","datePublished":"2024-03-01T15:47:28+00:00","dateModified":"2026-04-15T00:18:21+00:00","description":"Descubra o tabuleiro de pl\u00e1stico sel\u00e1vel de 750 ml, ideal para armazenar e transportar os seus alimentos. Pr\u00e1tico, \u00e0 prova de fugas e apto para o micro-ondas.","breadcrumb":{"@id":"https:\/\/www.csj-emballages.com\/pt-pt\/produit\/140-tabuleiros-de-plastico-descartaveis-selados-de-750-ml\/#breadcrumb"},"inLanguage":"pt-PT","potentialAction":[{"@type":"ReadAction","target":["https:\/\/www.csj-emballages.com\/pt-pt\/produit\/140-tabuleiros-de-plastico-descartaveis-selados-de-750-ml\/"]}]},{"@type":"ImageObject","inLanguage":"pt-PT","@id":"https:\/\/www.csj-emballages.com\/pt-pt\/produit\/140-tabuleiros-de-plastico-descartaveis-selados-de-750-ml\/#primaryimage","url":"https:\/\/www.csj-emballages.com\/wp-content\/uploads\/2024\/03\/CL750TP.webp","contentUrl":"https:\/\/www.csj-emballages.com\/wp-content\/uploads\/2024\/03\/CL750TP.webp","width":800,"height":801,"caption":"Barquette scellable"},{"@type":"BreadcrumbList","@id":"https:\/\/www.csj-emballages.com\/pt-pt\/produit\/140-tabuleiros-de-plastico-descartaveis-selados-de-750-ml\/#breadcrumb","itemListElement":[{"@type":"ListItem","position":1,"name":"Acolhimento","item":"https:\/\/www.csj-emballages.com\/pt-pt\/universo-das-embalagens-alimentares\/"},{"@type":"ListItem","position":2,"name":"Shop","item":"https:\/\/www.csj-emballages.com\/shop\/"},{"@type":"ListItem","position":3,"name":"Tabuleiro de pl\u00e1stico sel\u00e1vel 750 ml x 140"}]},{"@type":"WebSite","@id":"https:\/\/www.csj-emballages.com\/pt-pt\/#website","url":"https:\/\/www.csj-emballages.com\/pt-pt\/","name":"CSJ Emballages","description":"","publisher":{"@id":"https:\/\/www.csj-emballages.com\/pt-pt\/#organization"},"potentialAction":[{"@type":"SearchAction","target":{"@type":"EntryPoint","urlTemplate":"https:\/\/www.csj-emballages.com\/pt-pt\/?s={search_term_string}"},"query-input":{"@type":"PropertyValueSpecification","valueRequired":true,"valueName":"search_term_string"}}],"inLanguage":"pt-PT"},{"@type":"Organization","@id":"https:\/\/www.csj-emballages.com\/pt-pt\/#Organization\/","name":"CSJ Emballages","url":"https:\/\/www.csj-emballages.com\/pt-pt\/","logo":{"@type":"ImageObject","inLanguage":"pt-PT","@id":"https:\/\/www.csj-emballages.com\/pt-pt\/#\/schema\/logo\/image\/","url":"https:\/\/www.csj-emballages.com\/wp-content\/uploads\/2023\/10\/logo_csj.webp","contentUrl":"https:\/\/www.csj-emballages.com\/wp-content\/uploads\/2023\/10\/logo_csj.webp","width":250,"height":95,"caption":"CSJ Emballages"},"image":{"@id":"https:\/\/www.csj-emballages.com\/pt-pt\/#\/schema\/logo\/image\/"},"sameAs":["https:\/\/www.facebook.com\/csjemballages"],"address":{"@type":"PostalAddress","streetAddress":"ZI La Lechere","addressLocality":"Patornay","postalCode":"39130","addressCountry":"FR"},"contactPoint":[{"@type":"ContactPoint","contactType":"Service client","telephone":"0384254272","email":"contact@csj-emballages.com"}]}]}},"df_price":9.91,"df_sale_price":9.91,"df_regular_price":11.66,"df_image_link":"https:\/\/www.csj-emballages.com\/wp-content\/uploads\/2024\/03\/CL750TP-300x300.webp","tiered_pricing_type":"fixed","tiered_pricing_fixed_rules":[],"tiered_pricing_percentage_rules":[],"tiered_pricing_minimum":1,"tiered_pricing_roles_data":[],"_links":{"self":[{"href":"https:\/\/www.csj-emballages.com\/pt-pt\/wp-json\/wp\/v2\/product\/24110","targetHints":{"allow":["GET"]}}],"collection":[{"href":"https:\/\/www.csj-emballages.com\/pt-pt\/wp-json\/wp\/v2\/product"}],"about":[{"href":"https:\/\/www.csj-emballages.com\/pt-pt\/wp-json\/wp\/v2\/types\/product"}],"wp:featuredmedia":[{"embeddable":true,"href":"https:\/\/www.csj-emballages.com\/pt-pt\/wp-json\/wp\/v2\/media\/219660"}],"wp:attachment":[{"href":"https:\/\/www.csj-emballages.com\/pt-pt\/wp-json\/wp\/v2\/media?parent=24110"}],"wp:term":[{"taxonomy":"product_brand","embeddable":true,"href":"https:\/\/www.csj-emballages.com\/pt-pt\/wp-json\/wp\/v2\/product_brand?post=24110"},{"taxonomy":"product_cat","embeddable":true,"href":"https:\/\/www.csj-emballages.com\/pt-pt\/wp-json\/wp\/v2\/product_cat?post=24110"},{"taxonomy":"product_tag","embeddable":true,"href":"https:\/\/www.csj-emballages.com\/pt-pt\/wp-json\/wp\/v2\/product_tag?post=24110"}],"curies":[{"name":"wp","href":"https:\/\/api.w.org\/{rel}","templated":true}]}}