{"id":240814,"date":"2025-08-20T08:20:58","date_gmt":"2025-08-20T06:20:58","guid":{"rendered":"https:\/\/www.csj-emballages.com\/produit\/saco-de-congelacao-com-fecho-de-correr-40-microns-30-x-40-cm-por-10\/"},"modified":"2026-04-17T02:12:34","modified_gmt":"2026-04-17T00:12:34","slug":"saco-de-congelacao-com-fecho-de-correr-40-microns-30-x-40-cm-por-10","status":"publish","type":"product","link":"https:\/\/www.csj-emballages.com\/pt-pt\/produit\/saco-de-congelacao-com-fecho-de-correr-40-microns-30-x-40-cm-por-10\/","title":{"rendered":"Saco de congela\u00e7\u00e3o com fecho de correr 40 microns 30 x 40 cm por 10"},"content":{"rendered":"<div style=\"font-family: Roboto, sans-serif;\">\n<div style=\"font-family: Roboto, sans-serif;\">\n<div style=\"font-family: Roboto, sans-serif;\">\n<div style=\"font-family: Roboto, sans-serif;\">\n<div style=\"font-family: Roboto, sans-serif;\">\n<div style=\"font-family: Roboto, sans-serif;\">\n<h2><strong style=\"font-family: Roboto, sans-serif;\">Saco de congela\u00e7\u00e3o  <\/strong><\/h2>\n<div style=\"font-family: Roboto, sans-serif;\">\n<div style=\"font-family: Roboto, sans-serif;\">\n<div style=\"font-family: Roboto, sans-serif;\">\n<div style=\"text-align: center;\">\n<div style=\"font-family: Roboto, sans-serif;\">\n<div style=\"font-family: Roboto, sans-serif;\">\n<div style=\"font-family: Roboto, sans-serif;\">\n<div style=\"font-family: Roboto, sans-serif;\">\n<div style=\"font-family: Roboto, sans-serif;\">\n<div style=\"font-family: Roboto, sans-serif; text-align: left;\">\n<hr>\n<h3 style=\"text-align: left;\">Descri\u00e7\u00e3o do nosso saco de congela\u00e7\u00e3o com fecho de correr 40 microns 30 x 40 cm por 10<\/h3>\n<p><!--more--><\/p>\n<p data-start=\"233\" data-end=\"570\">Pr\u00e1ticos, resistentes e seguros, estes <strong data-start=\"265\" data-end=\"320\">sacos de congela\u00e7\u00e3o com fecho de correr de 40 microns 30 x 40 cm (conjunto de 10)<\/strong> s\u00e3o o acess\u00f3rio indispens\u00e1vel para conservar os seus alimentos nas melhores condi\u00e7\u00f5es poss\u00edveis. Concebidos para responder \u00e0s necessidades dos particulares e dos profissionais, combinam <strong data-start=\"510\" data-end=\"567\">qualidade, praticidade e conformidade com as normas alimentares<\/strong>. <\/p>\n<p data-start=\"572\" data-end=\"1080\">Gra\u00e7as ao <strong data-start=\"585\" data-end=\"610\">fecho de correr estanque<\/strong>, pode guardar as suas prepara\u00e7\u00f5es sem o risco de fugas ou de odores se espalharem pelo congelador. Os <strong>sacos<\/strong> <strong>de congela\u00e7\u00e3o<\/strong> s\u00e3o fabricados em pl\u00e1stico <strong data-start=\"762\" data-end=\"788\">com 40 m\u00edcrones de espessura<\/strong>, o que lhes confere uma excelente resist\u00eancia ao rasgamento e um prazo de validade prolongado para os seus produtos alimentares. Gra\u00e7as ao seu formato de <strong>30 x 40 cm<\/strong>, este <strong>saco de congela\u00e7\u00e3o<\/strong> \u00e9 ideal para por\u00e7\u00f5es individuais, fruta cortada, restos de comida ou carne e peixe a congelar.  <\/p>\n<p data-start=\"1082\" data-end=\"1444\">Vers\u00e1teis, n\u00e3o servem apenas para congelar: pode tamb\u00e9m utiliz\u00e1-las no frio para guardar os seus alimentos no frigor\u00edfico, transportar snacks ou mesmo guardar pequenos objectos do dia a dia. Totalmente <strong data-start=\"1308\" data-end=\"1323\">recicl\u00e1veis<\/strong>, fazem parte de uma abordagem mais respons\u00e1vel, mantendo-se perfeitamente adequadas para o <strong data-start=\"1418\" data-end=\"1441\">contacto com os alimentos<\/strong>. <\/p>\n<p data-start=\"1446\" data-end=\"1708\">Cada saco \u00e9 igualmente <strong data-start=\"1464\" data-end=\"1475\">codificado<\/strong>, o que facilita aos profissionais a gest\u00e3o e o controlo do seu stock. Quer se trate de uma empresa de catering, de um propriet\u00e1rio de um restaurante ou de um particular que procura organizar o seu stock, estes <strong>sacos de congela\u00e7\u00e3o<\/strong> com <strong>fecho de correr<\/strong> s\u00e3o a solu\u00e7\u00e3o. <\/p>\n<p data-start=\"1710\" data-end=\"1845\">Em suma, os seus produtos s\u00e3o protegidos e conservados e o seu congelador fica perfeitamente arrumado.<\/p>\n<p data-start=\"1710\" data-end=\"1845\">\n<\/div>\n<\/div>\n<\/div>\n<\/div>\n<\/div>\n<\/div>\n<\/div>\n<\/div>\n<\/div>\n<\/div>\n<p><!--more--><\/p>\n<h4 style=\"text-align: left;\"><strong>Vantagens :<\/strong><\/h4>\n<ul style=\"text-align: left;\">\n<li>Fecho de correr pr\u00e1tico e imperme\u00e1vel.<\/li>\n<li><strong>Resist\u00eancia refor\u00e7ada<\/strong>: 40 microns de espessura.<\/li>\n<li>Pode ser utilizado frio ou congelado.<\/li>\n<li>100% recicl\u00e1vel e amigo do ambiente.<\/li>\n<li>Contacto alimentar garantido.<\/li>\n<li>Item codificado para facilitar a gest\u00e3o.<\/li>\n<\/ul>\n<\/div>\n<div style=\"font-family: Roboto, sans-serif;\"><\/div>\n<\/div>\n<\/div>\n<\/div>\n<\/div>\n<\/div>\n<p><!--more--><\/p>\n<div style=\"font-family: Roboto, sans-serif;\">\n<div style=\"font-family: Roboto, sans-serif;\">\n<div style=\"font-family: Roboto, sans-serif;\">\n<h4>Outras informa\u00e7\u00f5es :<\/h4>\n<ul>\n<li><strong>Embalagem<\/strong>: Pacote de 10<\/li>\n<li><strong>Dimens\u00f5es<\/strong>: 30 x 40 cm<\/li>\n<li><strong>Resist\u00eancia<\/strong>: 40 microns<\/li>\n<\/ul>\n<div style=\"font-family: Roboto, sans-serif;\">\n<div style=\"font-family: Roboto, sans-serif;\">\n<div style=\"font-family: Roboto, sans-serif;\">\n<div style=\"font-family: Roboto, sans-serif;\">\n<div style=\"font-family: Roboto, sans-serif;\">\n<div style=\"font-family: Roboto, sans-serif;\">\n<p>&nbsp;<\/p>\n<p><!--more--><\/p>\n<p>Este produto est\u00e1 dispon\u00edvel em v\u00e1rios tamanhos: <span style=\"color: #d12727;\"><a style=\"color: #d12727;\" href=\"https:\/\/www.csj-emballages.com\/pt-pt\/produit\/saco-de-congelacao-com-fecho-de-correr-40-microns-18-x-22-cm-por-20\/\">18 x 22 cm<\/a><\/span> \/ <span style=\"color: #d12727;\"><a style=\"color: #d12727;\" href=\"https:\/\/www.csj-emballages.com\/pt-pt\/produit\/saco-de-congelacao-com-fecho-de-correr-40-microns-20-x-32-cm-por-20\/\">20 x 32 cm<\/a><\/span><\/p>\n<p>&nbsp;<\/p>\n<\/div>\n<\/div>\n<\/div>\n<\/div>\n<\/div>\n<\/div>\n<\/div>\n<\/div>\n<\/div>\n<div style=\"font-family: Roboto, sans-serif;\">\n<div style=\"font-family: Roboto, sans-serif;\">\n<div style=\"font-family: Roboto, sans-serif;\">\n<p><!--more--><\/p>\n<p><a href=\"\/?product_cat=sacs-sous-vide-lisses-90-\u03bcm\">Ver o resto da nossa gama de sacos de congela\u00e7\u00e3o com fecho de correr<\/a><\/p>\n<\/div>\n<\/div>\n<\/div>\n","protected":false},"excerpt":{"rendered":"<p>Saco de congela\u00e7\u00e3o Descri\u00e7\u00e3o do nosso saco de congela\u00e7\u00e3o com fecho de correr 40 microns 30 x 40 cm por 10<\/p>\n","protected":false},"featured_media":240811,"template":"","meta":{"_acf_changed":false},"product_brand":[],"product_cat":[1141,1176,3914,9393],"product_tag":[],"class_list":{"0":"post-240814","1":"product","2":"type-product","3":"status-publish","4":"has-post-thumbnail","6":"product_cat-embalagem-de-alimentos","7":"product_cat-talho-e-charcutaria","8":"product_cat-sacos-e-bolsas","9":"product_cat-sacos-de-congelacao","11":"first","12":"instock","13":"taxable","14":"shipping-taxable","15":"purchasable","16":"product-type-simple"},"acf":[],"yoast_head":"<!-- This site is optimized with the Yoast SEO Premium plugin v26.6 (Yoast SEO v26.6) - https:\/\/yoast.com\/wordpress\/plugins\/seo\/ -->\n<title>Saco de congela\u00e7\u00e3o Zip 40 Microns 30 x 40 cm por 10<\/title>\n<meta name=\"description\" content=\"Sacos de congela\u00e7\u00e3o zip lock de 40 microns 30 x 40 cm por 10: resistentes, recicl\u00e1veis e em contacto com os alimentos, para uma arruma\u00e7\u00e3o pr\u00e1tica e segura.\" \/>\n<meta name=\"robots\" content=\"index, follow, max-snippet:-1, max-image-preview:large, max-video-preview:-1\" \/>\n<link rel=\"canonical\" href=\"https:\/\/www.csj-emballages.com\/pt-pt\/produit\/saco-de-congelacao-com-fecho-de-correr-40-microns-30-x-40-cm-por-10\/\" \/>\n<meta property=\"og:locale\" content=\"pt_PT\" \/>\n<meta property=\"og:type\" content=\"article\" \/>\n<meta property=\"og:title\" content=\"Saco de congela\u00e7\u00e3o com fecho de correr 40 microns 30 x 40 cm por 10\" \/>\n<meta property=\"og:description\" content=\"Sacos de congela\u00e7\u00e3o zip lock de 40 microns 30 x 40 cm por 10: resistentes, recicl\u00e1veis e em contacto com os alimentos, para uma arruma\u00e7\u00e3o pr\u00e1tica e segura.\" \/>\n<meta property=\"og:url\" content=\"https:\/\/www.csj-emballages.com\/pt-pt\/produit\/saco-de-congelacao-com-fecho-de-correr-40-microns-30-x-40-cm-por-10\/\" \/>\n<meta property=\"og:site_name\" content=\"CSJ Emballages\" \/>\n<meta property=\"article:publisher\" content=\"https:\/\/www.facebook.com\/csjemballages\" \/>\n<meta property=\"article:modified_time\" content=\"2026-04-17T00:12:34+00:00\" \/>\n<meta property=\"og:image\" content=\"https:\/\/www.csj-emballages.com\/wp-content\/uploads\/2025\/08\/CONZ3040.webp\" \/>\n\t<meta property=\"og:image:width\" content=\"800\" \/>\n\t<meta property=\"og:image:height\" content=\"800\" \/>\n\t<meta property=\"og:image:type\" content=\"image\/webp\" \/>\n<meta name=\"twitter:card\" content=\"summary_large_image\" \/>\n<meta name=\"twitter:label1\" content=\"Tempo estimado de leitura\" \/>\n\t<meta name=\"twitter:data1\" content=\"2 minutos\" \/>\n<script type=\"application\/ld+json\" class=\"yoast-schema-graph\">{\"@context\":\"https:\/\/schema.org\",\"@graph\":[{\"@type\":\"WebPage\",\"@id\":\"https:\/\/www.csj-emballages.com\/pt-pt\/produit\/saco-de-congelacao-com-fecho-de-correr-40-microns-30-x-40-cm-por-10\/\",\"url\":\"https:\/\/www.csj-emballages.com\/pt-pt\/produit\/saco-de-congelacao-com-fecho-de-correr-40-microns-30-x-40-cm-por-10\/\",\"name\":\"Saco de congela\u00e7\u00e3o Zip 40 Microns 30 x 40 cm por 10\",\"isPartOf\":{\"@id\":\"https:\/\/www.csj-emballages.com\/pt-pt\/#website\"},\"primaryImageOfPage\":{\"@id\":\"https:\/\/www.csj-emballages.com\/pt-pt\/produit\/saco-de-congelacao-com-fecho-de-correr-40-microns-30-x-40-cm-por-10\/#primaryimage\"},\"image\":{\"@id\":\"https:\/\/www.csj-emballages.com\/pt-pt\/produit\/saco-de-congelacao-com-fecho-de-correr-40-microns-30-x-40-cm-por-10\/#primaryimage\"},\"thumbnailUrl\":\"https:\/\/www.csj-emballages.com\/wp-content\/uploads\/2025\/08\/CONZ3040.webp\",\"datePublished\":\"2025-08-20T06:20:58+00:00\",\"dateModified\":\"2026-04-17T00:12:34+00:00\",\"description\":\"Sacos de congela\u00e7\u00e3o zip lock de 40 microns 30 x 40 cm por 10: resistentes, recicl\u00e1veis e em contacto com os alimentos, para uma arruma\u00e7\u00e3o pr\u00e1tica e segura.\",\"breadcrumb\":{\"@id\":\"https:\/\/www.csj-emballages.com\/pt-pt\/produit\/saco-de-congelacao-com-fecho-de-correr-40-microns-30-x-40-cm-por-10\/#breadcrumb\"},\"inLanguage\":\"pt-PT\",\"potentialAction\":[{\"@type\":\"ReadAction\",\"target\":[\"https:\/\/www.csj-emballages.com\/pt-pt\/produit\/saco-de-congelacao-com-fecho-de-correr-40-microns-30-x-40-cm-por-10\/\"]}]},{\"@type\":\"ImageObject\",\"inLanguage\":\"pt-PT\",\"@id\":\"https:\/\/www.csj-emballages.com\/pt-pt\/produit\/saco-de-congelacao-com-fecho-de-correr-40-microns-30-x-40-cm-por-10\/#primaryimage\",\"url\":\"https:\/\/www.csj-emballages.com\/wp-content\/uploads\/2025\/08\/CONZ3040.webp\",\"contentUrl\":\"https:\/\/www.csj-emballages.com\/wp-content\/uploads\/2025\/08\/CONZ3040.webp\",\"width\":800,\"height\":800,\"caption\":\"Sac cong\u00e9lation\u00a0\"},{\"@type\":\"BreadcrumbList\",\"@id\":\"https:\/\/www.csj-emballages.com\/pt-pt\/produit\/saco-de-congelacao-com-fecho-de-correr-40-microns-30-x-40-cm-por-10\/#breadcrumb\",\"itemListElement\":[{\"@type\":\"ListItem\",\"position\":1,\"name\":\"Acolhimento\",\"item\":\"https:\/\/www.csj-emballages.com\/pt-pt\/universo-das-embalagens-alimentares\/\"},{\"@type\":\"ListItem\",\"position\":2,\"name\":\"Shop\",\"item\":\"https:\/\/www.csj-emballages.com\/shop\/\"},{\"@type\":\"ListItem\",\"position\":3,\"name\":\"Saco de congela\u00e7\u00e3o com fecho de correr 40 microns 30 x 40 cm por 10\"}]},{\"@type\":\"WebSite\",\"@id\":\"https:\/\/www.csj-emballages.com\/pt-pt\/#website\",\"url\":\"https:\/\/www.csj-emballages.com\/pt-pt\/\",\"name\":\"CSJ Emballages\",\"description\":\"\",\"publisher\":{\"@id\":\"https:\/\/www.csj-emballages.com\/pt-pt\/#organization\"},\"potentialAction\":[{\"@type\":\"SearchAction\",\"target\":{\"@type\":\"EntryPoint\",\"urlTemplate\":\"https:\/\/www.csj-emballages.com\/pt-pt\/?s={search_term_string}\"},\"query-input\":{\"@type\":\"PropertyValueSpecification\",\"valueRequired\":true,\"valueName\":\"search_term_string\"}}],\"inLanguage\":\"pt-PT\"},{\"@type\":\"Organization\",\"@id\":\"https:\/\/www.csj-emballages.com\/pt-pt\/#Organization\/\",\"name\":\"CSJ Emballages\",\"url\":\"https:\/\/www.csj-emballages.com\/pt-pt\/\",\"logo\":{\"@type\":\"ImageObject\",\"inLanguage\":\"pt-PT\",\"@id\":\"https:\/\/www.csj-emballages.com\/pt-pt\/#\/schema\/logo\/image\/\",\"url\":\"https:\/\/www.csj-emballages.com\/wp-content\/uploads\/2023\/10\/logo_csj.webp\",\"contentUrl\":\"https:\/\/www.csj-emballages.com\/wp-content\/uploads\/2023\/10\/logo_csj.webp\",\"width\":250,\"height\":95,\"caption\":\"CSJ Emballages\"},\"image\":{\"@id\":\"https:\/\/www.csj-emballages.com\/pt-pt\/#\/schema\/logo\/image\/\"},\"sameAs\":[\"https:\/\/www.facebook.com\/csjemballages\"],\"address\":{\"@type\":\"PostalAddress\",\"streetAddress\":\"ZI La Lechere\",\"addressLocality\":\"Patornay\",\"postalCode\":\"39130\",\"addressCountry\":\"FR\"},\"contactPoint\":[{\"@type\":\"ContactPoint\",\"contactType\":\"Service client\",\"telephone\":\"0384254272\",\"email\":\"contact@csj-emballages.com\"}]}]}<\/script>\n<!-- \/ Yoast SEO Premium plugin. -->","yoast_head_json":{"title":"Saco de congela\u00e7\u00e3o Zip 40 Microns 30 x 40 cm por 10","description":"Sacos de congela\u00e7\u00e3o zip lock de 40 microns 30 x 40 cm por 10: resistentes, recicl\u00e1veis e em contacto com os alimentos, para uma arruma\u00e7\u00e3o pr\u00e1tica e segura.","robots":{"index":"index","follow":"follow","max-snippet":"max-snippet:-1","max-image-preview":"max-image-preview:large","max-video-preview":"max-video-preview:-1"},"canonical":"https:\/\/www.csj-emballages.com\/pt-pt\/produit\/saco-de-congelacao-com-fecho-de-correr-40-microns-30-x-40-cm-por-10\/","og_locale":"pt_PT","og_type":"article","og_title":"Saco de congela\u00e7\u00e3o com fecho de correr 40 microns 30 x 40 cm por 10","og_description":"Sacos de congela\u00e7\u00e3o zip lock de 40 microns 30 x 40 cm por 10: resistentes, recicl\u00e1veis e em contacto com os alimentos, para uma arruma\u00e7\u00e3o pr\u00e1tica e segura.","og_url":"https:\/\/www.csj-emballages.com\/pt-pt\/produit\/saco-de-congelacao-com-fecho-de-correr-40-microns-30-x-40-cm-por-10\/","og_site_name":"CSJ Emballages","article_publisher":"https:\/\/www.facebook.com\/csjemballages","article_modified_time":"2026-04-17T00:12:34+00:00","og_image":[{"width":800,"height":800,"url":"https:\/\/www.csj-emballages.com\/wp-content\/uploads\/2025\/08\/CONZ3040.webp","type":"image\/webp"}],"twitter_card":"summary_large_image","twitter_misc":{"Tempo estimado de leitura":"2 minutos"},"schema":{"@context":"https:\/\/schema.org","@graph":[{"@type":"WebPage","@id":"https:\/\/www.csj-emballages.com\/pt-pt\/produit\/saco-de-congelacao-com-fecho-de-correr-40-microns-30-x-40-cm-por-10\/","url":"https:\/\/www.csj-emballages.com\/pt-pt\/produit\/saco-de-congelacao-com-fecho-de-correr-40-microns-30-x-40-cm-por-10\/","name":"Saco de congela\u00e7\u00e3o Zip 40 Microns 30 x 40 cm por 10","isPartOf":{"@id":"https:\/\/www.csj-emballages.com\/pt-pt\/#website"},"primaryImageOfPage":{"@id":"https:\/\/www.csj-emballages.com\/pt-pt\/produit\/saco-de-congelacao-com-fecho-de-correr-40-microns-30-x-40-cm-por-10\/#primaryimage"},"image":{"@id":"https:\/\/www.csj-emballages.com\/pt-pt\/produit\/saco-de-congelacao-com-fecho-de-correr-40-microns-30-x-40-cm-por-10\/#primaryimage"},"thumbnailUrl":"https:\/\/www.csj-emballages.com\/wp-content\/uploads\/2025\/08\/CONZ3040.webp","datePublished":"2025-08-20T06:20:58+00:00","dateModified":"2026-04-17T00:12:34+00:00","description":"Sacos de congela\u00e7\u00e3o zip lock de 40 microns 30 x 40 cm por 10: resistentes, recicl\u00e1veis e em contacto com os alimentos, para uma arruma\u00e7\u00e3o pr\u00e1tica e segura.","breadcrumb":{"@id":"https:\/\/www.csj-emballages.com\/pt-pt\/produit\/saco-de-congelacao-com-fecho-de-correr-40-microns-30-x-40-cm-por-10\/#breadcrumb"},"inLanguage":"pt-PT","potentialAction":[{"@type":"ReadAction","target":["https:\/\/www.csj-emballages.com\/pt-pt\/produit\/saco-de-congelacao-com-fecho-de-correr-40-microns-30-x-40-cm-por-10\/"]}]},{"@type":"ImageObject","inLanguage":"pt-PT","@id":"https:\/\/www.csj-emballages.com\/pt-pt\/produit\/saco-de-congelacao-com-fecho-de-correr-40-microns-30-x-40-cm-por-10\/#primaryimage","url":"https:\/\/www.csj-emballages.com\/wp-content\/uploads\/2025\/08\/CONZ3040.webp","contentUrl":"https:\/\/www.csj-emballages.com\/wp-content\/uploads\/2025\/08\/CONZ3040.webp","width":800,"height":800,"caption":"Sac cong\u00e9lation\u00a0"},{"@type":"BreadcrumbList","@id":"https:\/\/www.csj-emballages.com\/pt-pt\/produit\/saco-de-congelacao-com-fecho-de-correr-40-microns-30-x-40-cm-por-10\/#breadcrumb","itemListElement":[{"@type":"ListItem","position":1,"name":"Acolhimento","item":"https:\/\/www.csj-emballages.com\/pt-pt\/universo-das-embalagens-alimentares\/"},{"@type":"ListItem","position":2,"name":"Shop","item":"https:\/\/www.csj-emballages.com\/shop\/"},{"@type":"ListItem","position":3,"name":"Saco de congela\u00e7\u00e3o com fecho de correr 40 microns 30 x 40 cm por 10"}]},{"@type":"WebSite","@id":"https:\/\/www.csj-emballages.com\/pt-pt\/#website","url":"https:\/\/www.csj-emballages.com\/pt-pt\/","name":"CSJ Emballages","description":"","publisher":{"@id":"https:\/\/www.csj-emballages.com\/pt-pt\/#organization"},"potentialAction":[{"@type":"SearchAction","target":{"@type":"EntryPoint","urlTemplate":"https:\/\/www.csj-emballages.com\/pt-pt\/?s={search_term_string}"},"query-input":{"@type":"PropertyValueSpecification","valueRequired":true,"valueName":"search_term_string"}}],"inLanguage":"pt-PT"},{"@type":"Organization","@id":"https:\/\/www.csj-emballages.com\/pt-pt\/#Organization\/","name":"CSJ Emballages","url":"https:\/\/www.csj-emballages.com\/pt-pt\/","logo":{"@type":"ImageObject","inLanguage":"pt-PT","@id":"https:\/\/www.csj-emballages.com\/pt-pt\/#\/schema\/logo\/image\/","url":"https:\/\/www.csj-emballages.com\/wp-content\/uploads\/2023\/10\/logo_csj.webp","contentUrl":"https:\/\/www.csj-emballages.com\/wp-content\/uploads\/2023\/10\/logo_csj.webp","width":250,"height":95,"caption":"CSJ Emballages"},"image":{"@id":"https:\/\/www.csj-emballages.com\/pt-pt\/#\/schema\/logo\/image\/"},"sameAs":["https:\/\/www.facebook.com\/csjemballages"],"address":{"@type":"PostalAddress","streetAddress":"ZI La Lechere","addressLocality":"Patornay","postalCode":"39130","addressCountry":"FR"},"contactPoint":[{"@type":"ContactPoint","contactType":"Service client","telephone":"0384254272","email":"contact@csj-emballages.com"}]}]}},"df_price":1.18,"df_sale_price":"","df_regular_price":1.18,"df_image_link":"https:\/\/www.csj-emballages.com\/wp-content\/uploads\/2025\/08\/CONZ3040-300x300.webp","tiered_pricing_type":"fixed","tiered_pricing_fixed_rules":[],"tiered_pricing_percentage_rules":[],"tiered_pricing_minimum":1,"tiered_pricing_roles_data":[],"_links":{"self":[{"href":"https:\/\/www.csj-emballages.com\/pt-pt\/wp-json\/wp\/v2\/product\/240814","targetHints":{"allow":["GET"]}}],"collection":[{"href":"https:\/\/www.csj-emballages.com\/pt-pt\/wp-json\/wp\/v2\/product"}],"about":[{"href":"https:\/\/www.csj-emballages.com\/pt-pt\/wp-json\/wp\/v2\/types\/product"}],"wp:featuredmedia":[{"embeddable":true,"href":"https:\/\/www.csj-emballages.com\/pt-pt\/wp-json\/wp\/v2\/media\/240811"}],"wp:attachment":[{"href":"https:\/\/www.csj-emballages.com\/pt-pt\/wp-json\/wp\/v2\/media?parent=240814"}],"wp:term":[{"taxonomy":"product_brand","embeddable":true,"href":"https:\/\/www.csj-emballages.com\/pt-pt\/wp-json\/wp\/v2\/product_brand?post=240814"},{"taxonomy":"product_cat","embeddable":true,"href":"https:\/\/www.csj-emballages.com\/pt-pt\/wp-json\/wp\/v2\/product_cat?post=240814"},{"taxonomy":"product_tag","embeddable":true,"href":"https:\/\/www.csj-emballages.com\/pt-pt\/wp-json\/wp\/v2\/product_tag?post=240814"}],"curies":[{"name":"wp","href":"https:\/\/api.w.org\/{rel}","templated":true}]}}