{"id":24063,"date":"2024-03-01T16:47:31","date_gmt":"2024-03-01T15:47:31","guid":{"rendered":"https:\/\/u15jnbdpoq.preview.infomaniak.website\/produit\/45-tacas-de-sobremesa-em-plastico-cristal-rpet-200-ml-o99\/"},"modified":"2026-05-07T02:21:07","modified_gmt":"2026-05-07T00:21:07","slug":"45-tacas-de-sobremesa-em-plastico-cristal-rpet-200-ml-o99","status":"publish","type":"product","link":"https:\/\/www.csj-emballages.com\/pt-pt\/produit\/45-tacas-de-sobremesa-em-plastico-cristal-rpet-200-ml-o99\/","title":{"rendered":"Copo de pl\u00e1stico para sobremesas RPET 200 ml \u00d899 par 60"},"content":{"rendered":"<div style=\"font-family: Roboto, sans-serif\">\n<div style=\"font-family: Roboto, sans-serif\">\n<div style=\"font-family: Roboto, sans-serif\">\n<div style=\"font-family: Roboto, sans-serif\">\n<div style=\"font-family: Roboto, sans-serif\">\n<div style=\"font-family: Roboto, sans-serif\">\n<div style=\"font-family: Roboto, sans-serif\">\n<div style=\"font-family: Roboto, sans-serif\">\n<div style=\"font-family: Roboto, sans-serif\">\n<div style=\"font-family: Roboto, sans-serif\">\n<div style=\"font-family: Roboto, sans-serif\">\n<div style=\"font-family: Roboto, sans-serif\">\n<div style=\"font-family: Roboto, sans-serif\">\n<div class=\"flex flex-grow flex-col max-w-full\">\n<div class=\"min-h-[20px] text-message flex flex-col items-start whitespace-pre-wrap break-words [.text-message+&amp;]:mt-5 juice:w-full juice:items-end overflow-x-auto gap-2\" dir=\"auto\" data-message-author-role=\"assistant\" data-message-id=\"2034782e-88f9-44ef-b4dc-07dd7bf0115f\">\n<div class=\"flex w-full flex-col gap-1 juice:empty:hidden juice:first:pt-[3px]\">\n<div class=\"markdown prose w-full break-words dark:prose-invert light\">\n<div style=\"font-family: Roboto, sans-serif\">\n<div style=\"font-family: Roboto, sans-serif\">\n<div style=\"font-family: Roboto, sans-serif\">\n<div style=\"font-family: Roboto, sans-serif\">\n<div style=\"font-family: Roboto, sans-serif\">\n<div style=\"font-family: Roboto, sans-serif\">\n<h2>Copo de sobremesa<\/h2>\n<div style=\"font-family: Roboto, sans-serif\">\n<div style=\"font-family: Roboto, sans-serif\">\n<div style=\"font-family: Roboto, sans-serif\">\n<div style=\"text-align: center\">\n<div style=\"font-family: Roboto, sans-serif\">\n<div style=\"font-family: Roboto, sans-serif\">\n<div style=\"font-family: Roboto, sans-serif\">\n<div style=\"font-family: Roboto, sans-serif\">\n<div style=\"font-family: Roboto, sans-serif\">\n<div style=\"font-family: Roboto, sans-serif;text-align: left\">\n<hr>\n<h3 style=\"text-align: left\">Descri\u00e7\u00e3o do nosso copo de pl\u00e1stico para sobremesas RPET 200 ml \u00d899 por 60<\/h3>\n<h3 style=\"text-align: left\"><!--more--><\/h3>\n<\/div>\n<\/div>\n<\/div>\n<\/div>\n<\/div>\n<\/div>\n<\/div>\n<\/div>\n<\/div>\n<\/div>\n<\/div>\n<\/div>\n<\/div>\n<\/div>\n<\/div>\n<\/div>\n<\/div>\n<\/div>\n<\/div>\n<\/div>\n<div class=\"flex flex-grow flex-col max-w-full\">\n<div class=\"min-h-[20px] text-message flex flex-col items-start whitespace-pre-wrap break-words [.text-message+&amp;]:mt-5 juice:w-full juice:items-end overflow-x-auto gap-2\" dir=\"auto\" data-message-author-role=\"assistant\" data-message-id=\"2034782e-88f9-44ef-b4dc-07dd7bf0115f\">\n<div class=\"flex w-full flex-col gap-1 juice:empty:hidden juice:first:pt-[3px]\">\n<div class=\"markdown prose w-full break-words dark:prose-invert light\">\n<div style=\"font-family: Roboto, sans-serif\">\n<div style=\"font-family: Roboto, sans-serif\">\n<div style=\"font-family: Roboto, sans-serif\">\n<div style=\"font-family: Roboto, sans-serif\">\n<div style=\"font-family: Roboto, sans-serif\">\n<div style=\"font-family: Roboto, sans-serif\">\n<p>Este <strong>copo de sobremesa<\/strong> vers\u00e1til, concebido para real\u00e7ar as suas sobremesas, entradas ou amuse-bouches, combina praticidade, est\u00e9tica e responsabilidade ambiental. Fabricado em <strong>pl\u00e1stico RPET<\/strong>, um material derivado da reciclagem, oferece uma solu\u00e7\u00e3o sustent\u00e1vel, satisfazendo simultaneamente as exig\u00eancias dos profissionais da restaura\u00e7\u00e3o, dos fornecedores de refei\u00e7\u00f5es e dos organizadores de eventos. <\/p>\n<p>Com uma <strong>capacidade de 200 ml<\/strong>, as suas dimens\u00f5es compactas<strong>(\u00d899 mm e altura de 45 mm<\/strong>) facilitam a sua utiliza\u00e7\u00e3o para mostrar as suas cria\u00e7\u00f5es. Transparente e elegante, real\u00e7a as texturas, as cores e as camadas das suas prepara\u00e7\u00f5es, para um impacto visual garantido. <\/p>\n<p>Leve e resistente, este copo \u00e9 ideal para uma utiliza\u00e7\u00e3o r\u00e1pida e pr\u00e1tica, sem comprometer a qualidade ou a est\u00e9tica. Quer se trate de um buffet, de um cocktail ou de uma rece\u00e7\u00e3o, integra-se perfeitamente em todos os seus ambientes, reflectindo simultaneamente um compromisso com a responsabilidade ecol\u00f3gica. <\/p>\n<p>Adopte esta <strong>ta\u00e7a de sobremesa RPET<\/strong> para combinar estilo, funcionalidade e respeito pelo ambiente em todas as suas apresenta\u00e7\u00f5es gourmet.<\/p>\n<p>&nbsp;<\/p>\n<\/div>\n<\/div>\n<\/div>\n<\/div>\n<\/div>\n<\/div>\n<\/div>\n<\/div>\n<\/div>\n<\/div>\n<\/div>\n<\/div>\n<\/div>\n<\/div>\n<\/div>\n<\/div>\n<\/div>\n<\/div>\n<\/div>\n<\/div>\n<\/div>\n<\/div>\n<\/div>\n<div style=\"font-family: Roboto, sans-serif\">\n<div style=\"font-family: Roboto, sans-serif\">\n<div style=\"font-family: Roboto, sans-serif\">\n<div style=\"font-family: Roboto, sans-serif\">\n<div style=\"font-family: Roboto, sans-serif\">\n<div style=\"font-family: Roboto, sans-serif\">\n<div style=\"font-family: Roboto, sans-serif\">\n<div style=\"font-family: Roboto, sans-serif\">\n<div style=\"font-family: Roboto, sans-serif\">\n<div style=\"font-family: Roboto, sans-serif\">\n<div style=\"font-family: Roboto, sans-serif\">\n<div style=\"font-family: Roboto, sans-serif\">\n<div style=\"font-family: Roboto, sans-serif\">\n<div class=\"flex flex-grow flex-col max-w-full\">\n<div class=\"min-h-[20px] text-message flex flex-col items-start whitespace-pre-wrap break-words [.text-message+&amp;]:mt-5 juice:w-full juice:items-end overflow-x-auto gap-2\" dir=\"auto\" data-message-author-role=\"assistant\" data-message-id=\"2034782e-88f9-44ef-b4dc-07dd7bf0115f\">\n<div class=\"flex w-full flex-col gap-1 juice:empty:hidden juice:first:pt-[3px]\">\n<div class=\"markdown prose w-full break-words dark:prose-invert light\">\n<div style=\"font-family: Roboto, sans-serif\">\n<div style=\"font-family: Roboto, sans-serif\">\n<div style=\"font-family: Roboto, sans-serif\">\n<div style=\"font-family: Roboto, sans-serif\">\n<div style=\"font-family: Roboto, sans-serif\">\n<div style=\"font-family: Roboto, sans-serif\">\n<p><!--more--><\/p>\n<h4 style=\"text-align: left\"><strong>As vantagens dos copos de pl\u00e1stico para sobremesas RPET 200 ml \u00d899 por 60:<\/strong><\/h4>\n<ul style=\"text-align: left\">\n<li><strong>Responsabilidade ecol\u00f3gica<\/strong>: Fabricado a partir de pl\u00e1stico RPET reciclado, ajuda a reduzir o impacto ambiental, promovendo simultaneamente uma abordagem sustent\u00e1vel.<\/li>\n<li><strong>Versatilidade<\/strong>: Ideal para apresentar sobremesas, entradas, verrines ou amuse-bouches, pode ser utilizado de v\u00e1rias formas.<\/li>\n<li><strong>Esteticamente agrad\u00e1vel<\/strong>: transparente, real\u00e7a as cores e as texturas das suas prepara\u00e7\u00f5es para um efeito visual \u00f3timo.<\/li>\n<li><strong>Utiliza\u00e7\u00e3o profissional e eventos<\/strong>: Ideal para empresas de catering, restaurantes e eventos como buffets, cocktails e recep\u00e7\u00f5es.<\/li>\n<\/ul>\n<\/div>\n<\/div>\n<\/div>\n<\/div>\n<\/div>\n<\/div>\n<\/div>\n<\/div>\n<\/div>\n<\/div>\n<\/div>\n<\/div>\n<p>&nbsp;<\/p>\n<\/div>\n<\/div>\n<\/div>\n<\/div>\n<\/div>\n<\/div>\n<\/div>\n<\/div>\n<\/div>\n<\/div>\n<\/div>\n<p><!--more--><\/p>\n<h4>Outras informa\u00e7\u00f5es :<\/h4>\n<ul style=\"font-family: Roboto, sans-serif\">\n<li><strong>Embalagem<\/strong>: Pacote de 60<\/li>\n<li><strong>Econ\u00f3mico: <\/strong>Estas verrinas s\u00e3o reutiliz\u00e1veis<\/li>\n<li><span style=\"font-weight: bold\">Dimens\u00f5es<\/span>: \u00d899 x 45 (\u00d8 topo x H em mm)<\/li>\n<li><strong>Volume<\/strong>: 200 ml<\/li>\n<li><strong>Material<\/strong>: rPET<\/li>\n<\/ul>\n<p>&nbsp;<\/p>\n<p><!--more--><\/p>\n<p>Produto dispon\u00edvel em v\u00e1rios tamanhos: <span style=\"color: #d12727\"><a style=\"color: #d12727\" href=\"https:\/\/www.csj-emballages.com\/es\/produit\/45-vasos-de-postre-de-plastico-rpet-cristal-170-ml-o99\/\">TP170<\/a><\/span> \/ <span style=\"color: #d12727\"><a style=\"color: #d12727\" href=\"https:\/\/www.csj-emballages.com\/produit\/45-coupes-a-dessert-plastique-rpet-cristal-300-ml-o99\/\">TP300<\/a><\/span><\/p>\n<p>&nbsp;<\/p>\n<p><!--more--><\/p>\n<p>Encontre aqui a tampa concebida para esta ta\u00e7a de sobremesa: <span style=\"color: #d12727\"><a style=\"color: #d12727\" href=\"https:\/\/www.csj-emballages.com\/produit\/45-couvercles-plastique-rpet-o99-tp170-tp200-tp300\/\">COUVTP<\/a><\/span><\/p>\n<p>&nbsp;<\/p>\n<p style=\"text-align: left\"><!--more--><\/p>\n<p><a href=\"https:\/\/www.csj-emballages.com\/pt-pt\/categorie-produit\/embalagem-de-alimentos\/talho-e-charcutaria\/copos-jarras-copos\/copos-de-sobremesa\/\">V\u00ea o resto da nossa gama de ta\u00e7as de sobremesa<\/a><\/p>\n","protected":false},"excerpt":{"rendered":"<p>Copo de sobremesa Descri\u00e7\u00e3o do nosso copo de pl\u00e1stico para sobremesas RPET 200 ml \u00d899 por 60<\/p>\n","protected":false},"featured_media":215640,"template":"","meta":{"_acf_changed":false},"product_brand":[],"product_cat":[1141,1176,1306,1459],"product_tag":[],"class_list":{"0":"post-24063","1":"product","2":"type-product","3":"status-publish","4":"has-post-thumbnail","6":"product_cat-embalagem-de-alimentos","7":"product_cat-talho-e-charcutaria","8":"product_cat-copos-jarras-copos","9":"product_cat-copos-de-sobremesa","11":"first","12":"instock","13":"taxable","14":"shipping-taxable","15":"purchasable","16":"product-type-simple"},"acf":[],"yoast_head":"<!-- This site is optimized with the Yoast SEO Premium plugin v26.6 (Yoast SEO v26.6) - https:\/\/yoast.com\/wordpress\/plugins\/seo\/ -->\n<title>Ta\u00e7a de sobremesa em pl\u00e1stico RPET \u00d899 mm - 200 ml<\/title>\n<meta name=\"description\" content=\"Descubra o nosso copo de pl\u00e1stico para sobremesas RPET 200 ml \u00d899 x 45 mm: elegante, resistente e amigo do ambiente. Perfeito para as suas sobremesas, entradas e buffets.\" \/>\n<meta name=\"robots\" content=\"index, follow, max-snippet:-1, max-image-preview:large, max-video-preview:-1\" \/>\n<link rel=\"canonical\" href=\"https:\/\/www.csj-emballages.com\/pt-pt\/produit\/45-tacas-de-sobremesa-em-plastico-cristal-rpet-200-ml-o99\/\" \/>\n<meta property=\"og:locale\" content=\"pt_PT\" \/>\n<meta property=\"og:type\" content=\"article\" \/>\n<meta property=\"og:title\" content=\"Copo de pl\u00e1stico para sobremesas RPET 200 ml \u00d899 par 60\" \/>\n<meta property=\"og:description\" content=\"Descubra o nosso copo de pl\u00e1stico para sobremesas RPET 200 ml \u00d899 x 45 mm: elegante, resistente e amigo do ambiente. Perfeito para as suas sobremesas, entradas e buffets.\" \/>\n<meta property=\"og:url\" content=\"https:\/\/www.csj-emballages.com\/pt-pt\/produit\/45-tacas-de-sobremesa-em-plastico-cristal-rpet-200-ml-o99\/\" \/>\n<meta property=\"og:site_name\" content=\"CSJ Emballages\" \/>\n<meta property=\"article:publisher\" content=\"https:\/\/www.facebook.com\/csjemballages\" \/>\n<meta property=\"article:modified_time\" content=\"2026-05-07T00:21:07+00:00\" \/>\n<meta property=\"og:image\" content=\"https:\/\/www.csj-emballages.com\/wp-content\/uploads\/2024\/03\/TP200.webp\" \/>\n\t<meta property=\"og:image:width\" content=\"800\" \/>\n\t<meta property=\"og:image:height\" content=\"800\" \/>\n\t<meta property=\"og:image:type\" content=\"image\/webp\" \/>\n<meta name=\"twitter:card\" content=\"summary_large_image\" \/>\n<meta name=\"twitter:label1\" content=\"Tempo estimado de leitura\" \/>\n\t<meta name=\"twitter:data1\" content=\"2 minutos\" \/>\n<script type=\"application\/ld+json\" class=\"yoast-schema-graph\">{\"@context\":\"https:\/\/schema.org\",\"@graph\":[{\"@type\":\"WebPage\",\"@id\":\"https:\/\/www.csj-emballages.com\/pt-pt\/produit\/45-tacas-de-sobremesa-em-plastico-cristal-rpet-200-ml-o99\/\",\"url\":\"https:\/\/www.csj-emballages.com\/pt-pt\/produit\/45-tacas-de-sobremesa-em-plastico-cristal-rpet-200-ml-o99\/\",\"name\":\"Ta\u00e7a de sobremesa em pl\u00e1stico RPET \u00d899 mm - 200 ml\",\"isPartOf\":{\"@id\":\"https:\/\/www.csj-emballages.com\/pt-pt\/#website\"},\"primaryImageOfPage\":{\"@id\":\"https:\/\/www.csj-emballages.com\/pt-pt\/produit\/45-tacas-de-sobremesa-em-plastico-cristal-rpet-200-ml-o99\/#primaryimage\"},\"image\":{\"@id\":\"https:\/\/www.csj-emballages.com\/pt-pt\/produit\/45-tacas-de-sobremesa-em-plastico-cristal-rpet-200-ml-o99\/#primaryimage\"},\"thumbnailUrl\":\"https:\/\/www.csj-emballages.com\/wp-content\/uploads\/2024\/03\/TP200.webp\",\"datePublished\":\"2024-03-01T15:47:31+00:00\",\"dateModified\":\"2026-05-07T00:21:07+00:00\",\"description\":\"Descubra o nosso copo de pl\u00e1stico para sobremesas RPET 200 ml \u00d899 x 45 mm: elegante, resistente e amigo do ambiente. Perfeito para as suas sobremesas, entradas e buffets.\",\"breadcrumb\":{\"@id\":\"https:\/\/www.csj-emballages.com\/pt-pt\/produit\/45-tacas-de-sobremesa-em-plastico-cristal-rpet-200-ml-o99\/#breadcrumb\"},\"inLanguage\":\"pt-PT\",\"potentialAction\":[{\"@type\":\"ReadAction\",\"target\":[\"https:\/\/www.csj-emballages.com\/pt-pt\/produit\/45-tacas-de-sobremesa-em-plastico-cristal-rpet-200-ml-o99\/\"]}]},{\"@type\":\"ImageObject\",\"inLanguage\":\"pt-PT\",\"@id\":\"https:\/\/www.csj-emballages.com\/pt-pt\/produit\/45-tacas-de-sobremesa-em-plastico-cristal-rpet-200-ml-o99\/#primaryimage\",\"url\":\"https:\/\/www.csj-emballages.com\/wp-content\/uploads\/2024\/03\/TP200.webp\",\"contentUrl\":\"https:\/\/www.csj-emballages.com\/wp-content\/uploads\/2024\/03\/TP200.webp\",\"width\":800,\"height\":800,\"caption\":\"Coupe \u00e0 dessert\"},{\"@type\":\"BreadcrumbList\",\"@id\":\"https:\/\/www.csj-emballages.com\/pt-pt\/produit\/45-tacas-de-sobremesa-em-plastico-cristal-rpet-200-ml-o99\/#breadcrumb\",\"itemListElement\":[{\"@type\":\"ListItem\",\"position\":1,\"name\":\"Acolhimento\",\"item\":\"https:\/\/www.csj-emballages.com\/pt-pt\/universo-das-embalagens-alimentares\/\"},{\"@type\":\"ListItem\",\"position\":2,\"name\":\"Shop\",\"item\":\"https:\/\/www.csj-emballages.com\/shop\/\"},{\"@type\":\"ListItem\",\"position\":3,\"name\":\"Copo de pl\u00e1stico para sobremesas RPET 200 ml \u00d899 par 60\"}]},{\"@type\":\"WebSite\",\"@id\":\"https:\/\/www.csj-emballages.com\/pt-pt\/#website\",\"url\":\"https:\/\/www.csj-emballages.com\/pt-pt\/\",\"name\":\"CSJ Emballages\",\"description\":\"\",\"publisher\":{\"@id\":\"https:\/\/www.csj-emballages.com\/pt-pt\/#organization\"},\"potentialAction\":[{\"@type\":\"SearchAction\",\"target\":{\"@type\":\"EntryPoint\",\"urlTemplate\":\"https:\/\/www.csj-emballages.com\/pt-pt\/?s={search_term_string}\"},\"query-input\":{\"@type\":\"PropertyValueSpecification\",\"valueRequired\":true,\"valueName\":\"search_term_string\"}}],\"inLanguage\":\"pt-PT\"},{\"@type\":\"Organization\",\"@id\":\"https:\/\/www.csj-emballages.com\/pt-pt\/#Organization\/\",\"name\":\"CSJ Emballages\",\"url\":\"https:\/\/www.csj-emballages.com\/pt-pt\/\",\"logo\":{\"@type\":\"ImageObject\",\"inLanguage\":\"pt-PT\",\"@id\":\"https:\/\/www.csj-emballages.com\/pt-pt\/#\/schema\/logo\/image\/\",\"url\":\"https:\/\/www.csj-emballages.com\/wp-content\/uploads\/2023\/10\/logo_csj.webp\",\"contentUrl\":\"https:\/\/www.csj-emballages.com\/wp-content\/uploads\/2023\/10\/logo_csj.webp\",\"width\":250,\"height\":95,\"caption\":\"CSJ Emballages\"},\"image\":{\"@id\":\"https:\/\/www.csj-emballages.com\/pt-pt\/#\/schema\/logo\/image\/\"},\"sameAs\":[\"https:\/\/www.facebook.com\/csjemballages\"],\"address\":{\"@type\":\"PostalAddress\",\"streetAddress\":\"ZI La Lechere\",\"addressLocality\":\"Patornay\",\"postalCode\":\"39130\",\"addressCountry\":\"FR\"},\"contactPoint\":[{\"@type\":\"ContactPoint\",\"contactType\":\"Service client\",\"telephone\":\"0384254272\",\"email\":\"contact@csj-emballages.com\"}]}]}<\/script>\n<!-- \/ Yoast SEO Premium plugin. -->","yoast_head_json":{"title":"Ta\u00e7a de sobremesa em pl\u00e1stico RPET \u00d899 mm - 200 ml","description":"Descubra o nosso copo de pl\u00e1stico para sobremesas RPET 200 ml \u00d899 x 45 mm: elegante, resistente e amigo do ambiente. Perfeito para as suas sobremesas, entradas e buffets.","robots":{"index":"index","follow":"follow","max-snippet":"max-snippet:-1","max-image-preview":"max-image-preview:large","max-video-preview":"max-video-preview:-1"},"canonical":"https:\/\/www.csj-emballages.com\/pt-pt\/produit\/45-tacas-de-sobremesa-em-plastico-cristal-rpet-200-ml-o99\/","og_locale":"pt_PT","og_type":"article","og_title":"Copo de pl\u00e1stico para sobremesas RPET 200 ml \u00d899 par 60","og_description":"Descubra o nosso copo de pl\u00e1stico para sobremesas RPET 200 ml \u00d899 x 45 mm: elegante, resistente e amigo do ambiente. Perfeito para as suas sobremesas, entradas e buffets.","og_url":"https:\/\/www.csj-emballages.com\/pt-pt\/produit\/45-tacas-de-sobremesa-em-plastico-cristal-rpet-200-ml-o99\/","og_site_name":"CSJ Emballages","article_publisher":"https:\/\/www.facebook.com\/csjemballages","article_modified_time":"2026-05-07T00:21:07+00:00","og_image":[{"width":800,"height":800,"url":"https:\/\/www.csj-emballages.com\/wp-content\/uploads\/2024\/03\/TP200.webp","type":"image\/webp"}],"twitter_card":"summary_large_image","twitter_misc":{"Tempo estimado de leitura":"2 minutos"},"schema":{"@context":"https:\/\/schema.org","@graph":[{"@type":"WebPage","@id":"https:\/\/www.csj-emballages.com\/pt-pt\/produit\/45-tacas-de-sobremesa-em-plastico-cristal-rpet-200-ml-o99\/","url":"https:\/\/www.csj-emballages.com\/pt-pt\/produit\/45-tacas-de-sobremesa-em-plastico-cristal-rpet-200-ml-o99\/","name":"Ta\u00e7a de sobremesa em pl\u00e1stico RPET \u00d899 mm - 200 ml","isPartOf":{"@id":"https:\/\/www.csj-emballages.com\/pt-pt\/#website"},"primaryImageOfPage":{"@id":"https:\/\/www.csj-emballages.com\/pt-pt\/produit\/45-tacas-de-sobremesa-em-plastico-cristal-rpet-200-ml-o99\/#primaryimage"},"image":{"@id":"https:\/\/www.csj-emballages.com\/pt-pt\/produit\/45-tacas-de-sobremesa-em-plastico-cristal-rpet-200-ml-o99\/#primaryimage"},"thumbnailUrl":"https:\/\/www.csj-emballages.com\/wp-content\/uploads\/2024\/03\/TP200.webp","datePublished":"2024-03-01T15:47:31+00:00","dateModified":"2026-05-07T00:21:07+00:00","description":"Descubra o nosso copo de pl\u00e1stico para sobremesas RPET 200 ml \u00d899 x 45 mm: elegante, resistente e amigo do ambiente. Perfeito para as suas sobremesas, entradas e buffets.","breadcrumb":{"@id":"https:\/\/www.csj-emballages.com\/pt-pt\/produit\/45-tacas-de-sobremesa-em-plastico-cristal-rpet-200-ml-o99\/#breadcrumb"},"inLanguage":"pt-PT","potentialAction":[{"@type":"ReadAction","target":["https:\/\/www.csj-emballages.com\/pt-pt\/produit\/45-tacas-de-sobremesa-em-plastico-cristal-rpet-200-ml-o99\/"]}]},{"@type":"ImageObject","inLanguage":"pt-PT","@id":"https:\/\/www.csj-emballages.com\/pt-pt\/produit\/45-tacas-de-sobremesa-em-plastico-cristal-rpet-200-ml-o99\/#primaryimage","url":"https:\/\/www.csj-emballages.com\/wp-content\/uploads\/2024\/03\/TP200.webp","contentUrl":"https:\/\/www.csj-emballages.com\/wp-content\/uploads\/2024\/03\/TP200.webp","width":800,"height":800,"caption":"Coupe \u00e0 dessert"},{"@type":"BreadcrumbList","@id":"https:\/\/www.csj-emballages.com\/pt-pt\/produit\/45-tacas-de-sobremesa-em-plastico-cristal-rpet-200-ml-o99\/#breadcrumb","itemListElement":[{"@type":"ListItem","position":1,"name":"Acolhimento","item":"https:\/\/www.csj-emballages.com\/pt-pt\/universo-das-embalagens-alimentares\/"},{"@type":"ListItem","position":2,"name":"Shop","item":"https:\/\/www.csj-emballages.com\/shop\/"},{"@type":"ListItem","position":3,"name":"Copo de pl\u00e1stico para sobremesas RPET 200 ml \u00d899 par 60"}]},{"@type":"WebSite","@id":"https:\/\/www.csj-emballages.com\/pt-pt\/#website","url":"https:\/\/www.csj-emballages.com\/pt-pt\/","name":"CSJ Emballages","description":"","publisher":{"@id":"https:\/\/www.csj-emballages.com\/pt-pt\/#organization"},"potentialAction":[{"@type":"SearchAction","target":{"@type":"EntryPoint","urlTemplate":"https:\/\/www.csj-emballages.com\/pt-pt\/?s={search_term_string}"},"query-input":{"@type":"PropertyValueSpecification","valueRequired":true,"valueName":"search_term_string"}}],"inLanguage":"pt-PT"},{"@type":"Organization","@id":"https:\/\/www.csj-emballages.com\/pt-pt\/#Organization\/","name":"CSJ Emballages","url":"https:\/\/www.csj-emballages.com\/pt-pt\/","logo":{"@type":"ImageObject","inLanguage":"pt-PT","@id":"https:\/\/www.csj-emballages.com\/pt-pt\/#\/schema\/logo\/image\/","url":"https:\/\/www.csj-emballages.com\/wp-content\/uploads\/2023\/10\/logo_csj.webp","contentUrl":"https:\/\/www.csj-emballages.com\/wp-content\/uploads\/2023\/10\/logo_csj.webp","width":250,"height":95,"caption":"CSJ Emballages"},"image":{"@id":"https:\/\/www.csj-emballages.com\/pt-pt\/#\/schema\/logo\/image\/"},"sameAs":["https:\/\/www.facebook.com\/csjemballages"],"address":{"@type":"PostalAddress","streetAddress":"ZI La Lechere","addressLocality":"Patornay","postalCode":"39130","addressCountry":"FR"},"contactPoint":[{"@type":"ContactPoint","contactType":"Service client","telephone":"0384254272","email":"contact@csj-emballages.com"}]}]}},"df_price":4.84,"df_sale_price":"","df_regular_price":4.84,"df_image_link":"https:\/\/www.csj-emballages.com\/wp-content\/uploads\/2024\/03\/TP200-300x300.webp","tiered_pricing_type":"fixed","tiered_pricing_fixed_rules":[],"tiered_pricing_percentage_rules":[],"tiered_pricing_minimum":1,"tiered_pricing_roles_data":[],"_links":{"self":[{"href":"https:\/\/www.csj-emballages.com\/pt-pt\/wp-json\/wp\/v2\/product\/24063","targetHints":{"allow":["GET"]}}],"collection":[{"href":"https:\/\/www.csj-emballages.com\/pt-pt\/wp-json\/wp\/v2\/product"}],"about":[{"href":"https:\/\/www.csj-emballages.com\/pt-pt\/wp-json\/wp\/v2\/types\/product"}],"wp:featuredmedia":[{"embeddable":true,"href":"https:\/\/www.csj-emballages.com\/pt-pt\/wp-json\/wp\/v2\/media\/215640"}],"wp:attachment":[{"href":"https:\/\/www.csj-emballages.com\/pt-pt\/wp-json\/wp\/v2\/media?parent=24063"}],"wp:term":[{"taxonomy":"product_brand","embeddable":true,"href":"https:\/\/www.csj-emballages.com\/pt-pt\/wp-json\/wp\/v2\/product_brand?post=24063"},{"taxonomy":"product_cat","embeddable":true,"href":"https:\/\/www.csj-emballages.com\/pt-pt\/wp-json\/wp\/v2\/product_cat?post=24063"},{"taxonomy":"product_tag","embeddable":true,"href":"https:\/\/www.csj-emballages.com\/pt-pt\/wp-json\/wp\/v2\/product_tag?post=24063"}],"curies":[{"name":"wp","href":"https:\/\/api.w.org\/{rel}","templated":true}]}}