{"id":24048,"date":"2024-03-01T16:47:32","date_gmt":"2024-03-01T15:47:32","guid":{"rendered":"https:\/\/u15jnbdpoq.preview.infomaniak.website\/produit\/fronha-plp-nao-tecida-branca-60-x-60-10-cm\/"},"modified":"2026-04-16T02:17:28","modified_gmt":"2026-04-16T00:17:28","slug":"fronha-plp-nao-tecida-branca-60-x-60-10-cm","status":"publish","type":"product","link":"https:\/\/www.csj-emballages.com\/pt-pt\/produit\/fronha-plp-nao-tecida-branca-60-x-60-10-cm\/","title":{"rendered":"Fronha de almofada descart\u00e1vel PLP n\u00e3o tecido branco 60 x 60 + 10 cm, embalagem de 200 unidades"},"content":{"rendered":"<h2>Fronha descart\u00e1vel<\/h2>\n<hr>\n<h3>Descri\u00e7\u00e3o da nossa fronha de almofada PLP n\u00e3o tecido branco 60 x 60 + 10 cm<!--more--><\/h3>\n<div class=\"flex max-w-full flex-col flex-grow\">\n<div class=\"min-h-8 text-message flex w-full flex-col items-end gap-2 whitespace-normal break-words text-start [.text-message+&amp;]:mt-5\" dir=\"auto\" data-message-author-role=\"assistant\" data-message-id=\"266ca6f3-5e07-4948-bd20-80ac5e6da4a5\" data-message-model-slug=\"gpt-4o\">\n<div class=\"flex w-full flex-col gap-1 empty:hidden first:pt-[3px]\">\n<div class=\"markdown prose w-full break-words dark:prose-invert dark\">\n<p>Esta <strong>fronha descart\u00e1vel<\/strong> <strong>em n\u00e3o-tecido<\/strong> <strong>PLP (polipropileno)<\/strong> foi concebida para oferecer uma solu\u00e7\u00e3o pr\u00e1tica, higi\u00e9nica e econ\u00f3mica. Ideal para <strong>hot\u00e9is<\/strong>, <strong>centros de sa\u00fade<\/strong> e <strong>cl\u00ednicas<\/strong>, ou para uma utiliza\u00e7\u00e3o ocasional por particulares, garante uma prote\u00e7\u00e3o \u00f3ptima da almofada, assegurando ao mesmo tempo o conforto do utilizador. <\/p>\n<div class=\"flex max-w-full flex-col flex-grow\">\n<div class=\"min-h-8 text-message flex w-full flex-col items-end gap-2 whitespace-normal break-words text-start [.text-message+&amp;]:mt-5\" dir=\"auto\" data-message-author-role=\"assistant\" data-message-id=\"b1947fe2-7e31-41aa-b63f-1e77e554abb3\" data-message-model-slug=\"gpt-4o\">\n<div class=\"flex w-full flex-col gap-1 empty:hidden first:pt-[3px]\">\n<div class=\"markdown prose w-full break-words dark:prose-invert dark\">\n<p>Vendida \u00e0 unidade, esta <strong>fronha de almofada<\/strong> \u00e9 uma op\u00e7\u00e3o fi\u00e1vel e econ\u00f3mica para manter a limpeza e o conforto em todos os seus espa\u00e7os.<\/p>\n<\/div>\n<\/div>\n<\/div>\n<\/div>\n<div class=\"mb-2 flex gap-3 empty:hidden -ml-2\">\n<div class=\"items-center justify-start rounded-xl p-1 flex\">\n<div class=\"flex items-center\">\n<div class=\"flex items-center pb-0\"><\/div>\n<\/div>\n<\/div>\n<\/div>\n<\/div>\n<\/div>\n<\/div>\n<\/div>\n<p><!--more--><\/p>\n<h4>Vantagens :<\/h4>\n<ul>\n<li>60 x 60 + 10 cm com uma aba adicional de 10 cm para uma fixa\u00e7\u00e3o perfeita na almofada.<\/li>\n<li>Material n\u00e3o tecido respir\u00e1vel e suave, ideal para evitar contamina\u00e7\u00f5es cruzadas.<\/li>\n<li>Perfeita para uma utiliza\u00e7\u00e3o pontual ou tempor\u00e1ria.<\/li>\n<li>Adequada para todos os ambientes profissionais ou dom\u00e9sticos.<\/li>\n<\/ul>\n<p>&nbsp;<\/p>\n<p><!--more--><\/p>\n<h4>Outras informa\u00e7\u00f5es :<\/h4>\n<ul>\n<li><strong>Embalagem<\/strong>: Vendido individualmente<\/li>\n<li><strong>Dimens\u00f5es<\/strong>: 60 x 60 + 10 cm<\/li>\n<li><strong>Material<\/strong>: Polipropileno n\u00e3o tecido (PLP)<\/li>\n<li><strong>Cor<\/strong>: Branco<\/li>\n<li><strong>Espessura<\/strong>: 25 gr\/m\u00b2.<\/li>\n<\/ul>\n<p>&nbsp;<\/p>\n<p><!--more--><\/p>\n<p><a href=\"https:\/\/www.csj-emballages.com\/pt-pt\/categorie-produit\/higiene-e-manutencao\/roupa-de-cama-descartavel\/\">Ver o resto da nossa gama de roupa de cama descart\u00e1vel<\/a><\/p>\n","protected":false},"excerpt":{"rendered":"<p>Fronha descart\u00e1vel Descri\u00e7\u00e3o da nossa fronha de almofada PLP n\u00e3o tecido branco 60 x 60 + 10 cm<\/p>\n","protected":false},"featured_media":221100,"template":"","meta":{"_acf_changed":false},"product_brand":[],"product_cat":[1222,1436],"product_tag":[],"class_list":{"0":"post-24048","1":"product","2":"type-product","3":"status-publish","4":"has-post-thumbnail","6":"product_cat-higiene-e-manutencao","7":"product_cat-roupa-de-cama-descartavel","9":"first","10":"instock","11":"taxable","12":"shipping-taxable","13":"purchasable","14":"product-type-simple"},"acf":[],"yoast_head":"<!-- This site is optimized with the Yoast SEO Premium plugin v26.6 (Yoast SEO v26.6) - https:\/\/yoast.com\/wordpress\/plugins\/seo\/ -->\n<title>Fronha de Almofada Descart\u00e1vel PLP N\u00e3o Tecido Branco - 60 x 60 + 10 cm<\/title>\n<meta name=\"description\" content=\"Descubra a fronha de almofada descart\u00e1vel PLP n\u00e3o tecida branca 60 x 60 + 10 cm. Perfeita para hot\u00e9is, cl\u00ednicas e particulares, vendida \u00e0 unidade\" \/>\n<meta name=\"robots\" content=\"index, follow, max-snippet:-1, max-image-preview:large, max-video-preview:-1\" \/>\n<link rel=\"canonical\" href=\"https:\/\/www.csj-emballages.com\/pt-pt\/produit\/fronha-plp-nao-tecida-branca-60-x-60-10-cm\/\" \/>\n<meta property=\"og:locale\" content=\"pt_PT\" \/>\n<meta property=\"og:type\" content=\"article\" \/>\n<meta property=\"og:title\" content=\"Fronha de almofada descart\u00e1vel PLP n\u00e3o tecido branco 60 x 60 + 10 cm, embalagem de 200 unidades\" \/>\n<meta property=\"og:description\" content=\"Descubra a fronha de almofada descart\u00e1vel PLP n\u00e3o tecida branca 60 x 60 + 10 cm. Perfeita para hot\u00e9is, cl\u00ednicas e particulares, vendida \u00e0 unidade\" \/>\n<meta property=\"og:url\" content=\"https:\/\/www.csj-emballages.com\/pt-pt\/produit\/fronha-plp-nao-tecida-branca-60-x-60-10-cm\/\" \/>\n<meta property=\"og:site_name\" content=\"CSJ Emballages\" \/>\n<meta property=\"article:publisher\" content=\"https:\/\/www.facebook.com\/csjemballages\" \/>\n<meta property=\"article:modified_time\" content=\"2026-04-16T00:17:28+00:00\" \/>\n<meta property=\"og:image\" content=\"https:\/\/www.csj-emballages.com\/wp-content\/uploads\/2024\/03\/Taie-oreiller-60x60-1.webp\" \/>\n\t<meta property=\"og:image:width\" content=\"800\" \/>\n\t<meta property=\"og:image:height\" content=\"800\" \/>\n\t<meta property=\"og:image:type\" content=\"image\/webp\" \/>\n<meta name=\"twitter:card\" content=\"summary_large_image\" \/>\n<meta name=\"twitter:label1\" content=\"Tempo estimado de leitura\" \/>\n\t<meta name=\"twitter:data1\" content=\"1 minuto\" \/>\n<script type=\"application\/ld+json\" class=\"yoast-schema-graph\">{\"@context\":\"https:\/\/schema.org\",\"@graph\":[{\"@type\":\"WebPage\",\"@id\":\"https:\/\/www.csj-emballages.com\/pt-pt\/produit\/fronha-plp-nao-tecida-branca-60-x-60-10-cm\/\",\"url\":\"https:\/\/www.csj-emballages.com\/pt-pt\/produit\/fronha-plp-nao-tecida-branca-60-x-60-10-cm\/\",\"name\":\"Fronha de Almofada Descart\u00e1vel PLP N\u00e3o Tecido Branco - 60 x 60 + 10 cm\",\"isPartOf\":{\"@id\":\"https:\/\/www.csj-emballages.com\/pt-pt\/#website\"},\"primaryImageOfPage\":{\"@id\":\"https:\/\/www.csj-emballages.com\/pt-pt\/produit\/fronha-plp-nao-tecida-branca-60-x-60-10-cm\/#primaryimage\"},\"image\":{\"@id\":\"https:\/\/www.csj-emballages.com\/pt-pt\/produit\/fronha-plp-nao-tecida-branca-60-x-60-10-cm\/#primaryimage\"},\"thumbnailUrl\":\"https:\/\/www.csj-emballages.com\/wp-content\/uploads\/2024\/03\/Taie-oreiller-60x60-1.webp\",\"datePublished\":\"2024-03-01T15:47:32+00:00\",\"dateModified\":\"2026-04-16T00:17:28+00:00\",\"description\":\"Descubra a fronha de almofada descart\u00e1vel PLP n\u00e3o tecida branca 60 x 60 + 10 cm. Perfeita para hot\u00e9is, cl\u00ednicas e particulares, vendida \u00e0 unidade\",\"breadcrumb\":{\"@id\":\"https:\/\/www.csj-emballages.com\/pt-pt\/produit\/fronha-plp-nao-tecida-branca-60-x-60-10-cm\/#breadcrumb\"},\"inLanguage\":\"pt-PT\",\"potentialAction\":[{\"@type\":\"ReadAction\",\"target\":[\"https:\/\/www.csj-emballages.com\/pt-pt\/produit\/fronha-plp-nao-tecida-branca-60-x-60-10-cm\/\"]}]},{\"@type\":\"ImageObject\",\"inLanguage\":\"pt-PT\",\"@id\":\"https:\/\/www.csj-emballages.com\/pt-pt\/produit\/fronha-plp-nao-tecida-branca-60-x-60-10-cm\/#primaryimage\",\"url\":\"https:\/\/www.csj-emballages.com\/wp-content\/uploads\/2024\/03\/Taie-oreiller-60x60-1.webp\",\"contentUrl\":\"https:\/\/www.csj-emballages.com\/wp-content\/uploads\/2024\/03\/Taie-oreiller-60x60-1.webp\",\"width\":800,\"height\":800,\"caption\":\"taie oreiller jetable\"},{\"@type\":\"BreadcrumbList\",\"@id\":\"https:\/\/www.csj-emballages.com\/pt-pt\/produit\/fronha-plp-nao-tecida-branca-60-x-60-10-cm\/#breadcrumb\",\"itemListElement\":[{\"@type\":\"ListItem\",\"position\":1,\"name\":\"Acolhimento\",\"item\":\"https:\/\/www.csj-emballages.com\/pt-pt\/universo-das-embalagens-alimentares\/\"},{\"@type\":\"ListItem\",\"position\":2,\"name\":\"Shop\",\"item\":\"https:\/\/www.csj-emballages.com\/shop\/\"},{\"@type\":\"ListItem\",\"position\":3,\"name\":\"Fronha de almofada descart\u00e1vel PLP n\u00e3o tecido branco 60 x 60 + 10 cm, embalagem de 200 unidades\"}]},{\"@type\":\"WebSite\",\"@id\":\"https:\/\/www.csj-emballages.com\/pt-pt\/#website\",\"url\":\"https:\/\/www.csj-emballages.com\/pt-pt\/\",\"name\":\"CSJ Emballages\",\"description\":\"\",\"publisher\":{\"@id\":\"https:\/\/www.csj-emballages.com\/pt-pt\/#organization\"},\"potentialAction\":[{\"@type\":\"SearchAction\",\"target\":{\"@type\":\"EntryPoint\",\"urlTemplate\":\"https:\/\/www.csj-emballages.com\/pt-pt\/?s={search_term_string}\"},\"query-input\":{\"@type\":\"PropertyValueSpecification\",\"valueRequired\":true,\"valueName\":\"search_term_string\"}}],\"inLanguage\":\"pt-PT\"},{\"@type\":\"Organization\",\"@id\":\"https:\/\/www.csj-emballages.com\/pt-pt\/#Organization\/\",\"name\":\"CSJ Emballages\",\"url\":\"https:\/\/www.csj-emballages.com\/pt-pt\/\",\"logo\":{\"@type\":\"ImageObject\",\"inLanguage\":\"pt-PT\",\"@id\":\"https:\/\/www.csj-emballages.com\/pt-pt\/#\/schema\/logo\/image\/\",\"url\":\"https:\/\/www.csj-emballages.com\/wp-content\/uploads\/2023\/10\/logo_csj.webp\",\"contentUrl\":\"https:\/\/www.csj-emballages.com\/wp-content\/uploads\/2023\/10\/logo_csj.webp\",\"width\":250,\"height\":95,\"caption\":\"CSJ Emballages\"},\"image\":{\"@id\":\"https:\/\/www.csj-emballages.com\/pt-pt\/#\/schema\/logo\/image\/\"},\"sameAs\":[\"https:\/\/www.facebook.com\/csjemballages\"],\"address\":{\"@type\":\"PostalAddress\",\"streetAddress\":\"ZI La Lechere\",\"addressLocality\":\"Patornay\",\"postalCode\":\"39130\",\"addressCountry\":\"FR\"},\"contactPoint\":[{\"@type\":\"ContactPoint\",\"contactType\":\"Service client\",\"telephone\":\"0384254272\",\"email\":\"contact@csj-emballages.com\"}]}]}<\/script>\n<!-- \/ Yoast SEO Premium plugin. -->","yoast_head_json":{"title":"Fronha de Almofada Descart\u00e1vel PLP N\u00e3o Tecido Branco - 60 x 60 + 10 cm","description":"Descubra a fronha de almofada descart\u00e1vel PLP n\u00e3o tecida branca 60 x 60 + 10 cm. Perfeita para hot\u00e9is, cl\u00ednicas e particulares, vendida \u00e0 unidade","robots":{"index":"index","follow":"follow","max-snippet":"max-snippet:-1","max-image-preview":"max-image-preview:large","max-video-preview":"max-video-preview:-1"},"canonical":"https:\/\/www.csj-emballages.com\/pt-pt\/produit\/fronha-plp-nao-tecida-branca-60-x-60-10-cm\/","og_locale":"pt_PT","og_type":"article","og_title":"Fronha de almofada descart\u00e1vel PLP n\u00e3o tecido branco 60 x 60 + 10 cm, embalagem de 200 unidades","og_description":"Descubra a fronha de almofada descart\u00e1vel PLP n\u00e3o tecida branca 60 x 60 + 10 cm. Perfeita para hot\u00e9is, cl\u00ednicas e particulares, vendida \u00e0 unidade","og_url":"https:\/\/www.csj-emballages.com\/pt-pt\/produit\/fronha-plp-nao-tecida-branca-60-x-60-10-cm\/","og_site_name":"CSJ Emballages","article_publisher":"https:\/\/www.facebook.com\/csjemballages","article_modified_time":"2026-04-16T00:17:28+00:00","og_image":[{"width":800,"height":800,"url":"https:\/\/www.csj-emballages.com\/wp-content\/uploads\/2024\/03\/Taie-oreiller-60x60-1.webp","type":"image\/webp"}],"twitter_card":"summary_large_image","twitter_misc":{"Tempo estimado de leitura":"1 minuto"},"schema":{"@context":"https:\/\/schema.org","@graph":[{"@type":"WebPage","@id":"https:\/\/www.csj-emballages.com\/pt-pt\/produit\/fronha-plp-nao-tecida-branca-60-x-60-10-cm\/","url":"https:\/\/www.csj-emballages.com\/pt-pt\/produit\/fronha-plp-nao-tecida-branca-60-x-60-10-cm\/","name":"Fronha de Almofada Descart\u00e1vel PLP N\u00e3o Tecido Branco - 60 x 60 + 10 cm","isPartOf":{"@id":"https:\/\/www.csj-emballages.com\/pt-pt\/#website"},"primaryImageOfPage":{"@id":"https:\/\/www.csj-emballages.com\/pt-pt\/produit\/fronha-plp-nao-tecida-branca-60-x-60-10-cm\/#primaryimage"},"image":{"@id":"https:\/\/www.csj-emballages.com\/pt-pt\/produit\/fronha-plp-nao-tecida-branca-60-x-60-10-cm\/#primaryimage"},"thumbnailUrl":"https:\/\/www.csj-emballages.com\/wp-content\/uploads\/2024\/03\/Taie-oreiller-60x60-1.webp","datePublished":"2024-03-01T15:47:32+00:00","dateModified":"2026-04-16T00:17:28+00:00","description":"Descubra a fronha de almofada descart\u00e1vel PLP n\u00e3o tecida branca 60 x 60 + 10 cm. Perfeita para hot\u00e9is, cl\u00ednicas e particulares, vendida \u00e0 unidade","breadcrumb":{"@id":"https:\/\/www.csj-emballages.com\/pt-pt\/produit\/fronha-plp-nao-tecida-branca-60-x-60-10-cm\/#breadcrumb"},"inLanguage":"pt-PT","potentialAction":[{"@type":"ReadAction","target":["https:\/\/www.csj-emballages.com\/pt-pt\/produit\/fronha-plp-nao-tecida-branca-60-x-60-10-cm\/"]}]},{"@type":"ImageObject","inLanguage":"pt-PT","@id":"https:\/\/www.csj-emballages.com\/pt-pt\/produit\/fronha-plp-nao-tecida-branca-60-x-60-10-cm\/#primaryimage","url":"https:\/\/www.csj-emballages.com\/wp-content\/uploads\/2024\/03\/Taie-oreiller-60x60-1.webp","contentUrl":"https:\/\/www.csj-emballages.com\/wp-content\/uploads\/2024\/03\/Taie-oreiller-60x60-1.webp","width":800,"height":800,"caption":"taie oreiller jetable"},{"@type":"BreadcrumbList","@id":"https:\/\/www.csj-emballages.com\/pt-pt\/produit\/fronha-plp-nao-tecida-branca-60-x-60-10-cm\/#breadcrumb","itemListElement":[{"@type":"ListItem","position":1,"name":"Acolhimento","item":"https:\/\/www.csj-emballages.com\/pt-pt\/universo-das-embalagens-alimentares\/"},{"@type":"ListItem","position":2,"name":"Shop","item":"https:\/\/www.csj-emballages.com\/shop\/"},{"@type":"ListItem","position":3,"name":"Fronha de almofada descart\u00e1vel PLP n\u00e3o tecido branco 60 x 60 + 10 cm, embalagem de 200 unidades"}]},{"@type":"WebSite","@id":"https:\/\/www.csj-emballages.com\/pt-pt\/#website","url":"https:\/\/www.csj-emballages.com\/pt-pt\/","name":"CSJ Emballages","description":"","publisher":{"@id":"https:\/\/www.csj-emballages.com\/pt-pt\/#organization"},"potentialAction":[{"@type":"SearchAction","target":{"@type":"EntryPoint","urlTemplate":"https:\/\/www.csj-emballages.com\/pt-pt\/?s={search_term_string}"},"query-input":{"@type":"PropertyValueSpecification","valueRequired":true,"valueName":"search_term_string"}}],"inLanguage":"pt-PT"},{"@type":"Organization","@id":"https:\/\/www.csj-emballages.com\/pt-pt\/#Organization\/","name":"CSJ Emballages","url":"https:\/\/www.csj-emballages.com\/pt-pt\/","logo":{"@type":"ImageObject","inLanguage":"pt-PT","@id":"https:\/\/www.csj-emballages.com\/pt-pt\/#\/schema\/logo\/image\/","url":"https:\/\/www.csj-emballages.com\/wp-content\/uploads\/2023\/10\/logo_csj.webp","contentUrl":"https:\/\/www.csj-emballages.com\/wp-content\/uploads\/2023\/10\/logo_csj.webp","width":250,"height":95,"caption":"CSJ Emballages"},"image":{"@id":"https:\/\/www.csj-emballages.com\/pt-pt\/#\/schema\/logo\/image\/"},"sameAs":["https:\/\/www.facebook.com\/csjemballages"],"address":{"@type":"PostalAddress","streetAddress":"ZI La Lechere","addressLocality":"Patornay","postalCode":"39130","addressCountry":"FR"},"contactPoint":[{"@type":"ContactPoint","contactType":"Service client","telephone":"0384254272","email":"contact@csj-emballages.com"}]}]}},"df_price":49.92,"df_sale_price":"","df_regular_price":49.92,"df_image_link":"https:\/\/www.csj-emballages.com\/wp-content\/uploads\/2024\/03\/Taie-oreiller-60x60-1-300x300.webp","tiered_pricing_type":"fixed","tiered_pricing_fixed_rules":[],"tiered_pricing_percentage_rules":[],"tiered_pricing_minimum":1,"tiered_pricing_roles_data":[],"_links":{"self":[{"href":"https:\/\/www.csj-emballages.com\/pt-pt\/wp-json\/wp\/v2\/product\/24048","targetHints":{"allow":["GET"]}}],"collection":[{"href":"https:\/\/www.csj-emballages.com\/pt-pt\/wp-json\/wp\/v2\/product"}],"about":[{"href":"https:\/\/www.csj-emballages.com\/pt-pt\/wp-json\/wp\/v2\/types\/product"}],"wp:featuredmedia":[{"embeddable":true,"href":"https:\/\/www.csj-emballages.com\/pt-pt\/wp-json\/wp\/v2\/media\/221100"}],"wp:attachment":[{"href":"https:\/\/www.csj-emballages.com\/pt-pt\/wp-json\/wp\/v2\/media?parent=24048"}],"wp:term":[{"taxonomy":"product_brand","embeddable":true,"href":"https:\/\/www.csj-emballages.com\/pt-pt\/wp-json\/wp\/v2\/product_brand?post=24048"},{"taxonomy":"product_cat","embeddable":true,"href":"https:\/\/www.csj-emballages.com\/pt-pt\/wp-json\/wp\/v2\/product_cat?post=24048"},{"taxonomy":"product_tag","embeddable":true,"href":"https:\/\/www.csj-emballages.com\/pt-pt\/wp-json\/wp\/v2\/product_tag?post=24048"}],"curies":[{"name":"wp","href":"https:\/\/api.w.org\/{rel}","templated":true}]}}