{"id":24024,"date":"2024-03-01T16:47:33","date_gmt":"2024-03-01T15:47:33","guid":{"rendered":"https:\/\/u15jnbdpoq.preview.infomaniak.website\/produit\/10-toques-de-papel-plissado-ajustaveis-de-230-mm\/"},"modified":"2026-04-03T02:22:41","modified_gmt":"2026-04-03T00:22:41","slug":"10-toques-de-papel-plissado-ajustaveis-de-230-mm","status":"publish","type":"product","link":"https:\/\/www.csj-emballages.com\/pt-pt\/produit\/10-toques-de-papel-plissado-ajustaveis-de-230-mm\/","title":{"rendered":"Toque de papel plissado branco ajust\u00e1vel 230 mm por 10"},"content":{"rendered":"<h2>Toque de papel<\/h2>\n<hr>\n<h3>Descubra o nosso toque de papel plissado branco ajust\u00e1vel 230 mm por 10<\/h3>\n<p><!--more--><\/p>\n<p data-start=\"203\" data-end=\"562\">Cl\u00e1ssico, pr\u00e1tico e sempre eficaz, o <strong data-start=\"248\" data-end=\"283\">toque de papel plissado branco<\/strong> continua a ser indispens\u00e1vel para exibir um vestu\u00e1rio limpo e profissional na cozinha. Com a sua altura de <strong data-start=\"388\" data-end=\"398\">230 mm<\/strong>, confere imediatamente um verdadeiro aspeto de chefe, respeitando as regras de higiene. Assim que o colocamos, d\u00e1 o tom: aqui, trabalha-se a s\u00e9rio.  <\/p>\n<p data-start=\"564\" data-end=\"913\">Fabricado em papel leve, este <strong>toque<\/strong> \u00e9 f\u00e1cil de usar durante todo o servi\u00e7o. N\u00e3o \u00e9 quente, n\u00e3o restringe os movimentos e \u00e9 rapidamente esquecido. Gra\u00e7as ao seu <strong data-start=\"743\" data-end=\"763\">sistema ajust\u00e1vel<\/strong>, adapta-se a todos os tamanhos de cabe\u00e7a sem apertar. Um simples ajuste \u00e9 suficiente para que permane\u00e7a no lugar, mesmo durante os momentos de maior stress.   <\/p>\n<p data-start=\"915\" data-end=\"1311\">O seu <strong data-start=\"919\" data-end=\"939\">plissado elegante<\/strong> confere um toque tradicional muito apreciado na restaura\u00e7\u00e3o. Quer seja na cozinha, na padaria, na pastelaria ou em eventos culin\u00e1rios, refor\u00e7a a imagem profissional da sua equipa, garantindo ao mesmo tempo uma boa higiene capilar. Al\u00e9m disso, a sua <strong>cor branca<\/strong> transmite uma impress\u00e3o de limpeza e rigor, essencial nos neg\u00f3cios de alimenta\u00e7\u00e3o.  <\/p>\n<p data-start=\"1313\" data-end=\"1560\">Vendido <strong data-start=\"1320\" data-end=\"1337\">em lote de 10<\/strong>, este <strong>toque<\/strong> \u00e9 perfeito para equipar uma pequena equipa, completar um stock ou responder a uma necessidade pontual. De utiliza\u00e7\u00e3o \u00fanica, permite trabalhar em condi\u00e7\u00f5es limpas sem restri\u00e7\u00f5es de lavagem ou manuten\u00e7\u00e3o. <\/p>\n<p data-start=\"1562\" data-end=\"1719\">Em resumo, este <strong>toque de papel<\/strong> plissado \u00e9 simples, eficaz e sempre adequado. Combina conforto, higiene e apresenta\u00e7\u00e3o cuidada, sem exagerar. <\/p>\n<p data-start=\"1562\" data-end=\"1719\">\n<p data-start=\"1562\" data-end=\"1719\"><!--more--><\/p>\n<h4 data-start=\"1562\" data-end=\"1719\">Vantagens :<\/h4>\n<ul>\n<li data-start=\"1747\" data-end=\"1792\"><strong>Altura de 230 mm<\/strong> para um aspeto profissional.<\/li>\n<li data-start=\"1795\" data-end=\"1831\"><strong>Papel leve<\/strong> e agrad\u00e1vel de usar.<\/li>\n<li data-start=\"1834\" data-end=\"1869\">Tamanho ajust\u00e1vel, adapta-se a todos.<\/li>\n<li data-start=\"1872\" data-end=\"1904\">Plissado tradicional elegante.<\/li>\n<li data-start=\"1907\" data-end=\"1956\">Ideal para cozinha, pastelaria e padaria.<\/li>\n<li data-start=\"1959\" data-end=\"1985\">Embalagem pr\u00e1tica de <strong>10 unidades<\/strong>.<\/li>\n<li data-start=\"1959\" data-end=\"1985\">Ajust\u00e1vel para uma circunfer\u00eancia da cabe\u00e7a de 56 a 64 cm aproximadamente<\/li>\n<\/ul>\n<p>&nbsp;<\/p>\n<p><!--more--><\/p>\n<h4>Outras informa\u00e7\u00f5es :<\/h4>\n<ul>\n<li><strong>Embalagem:<\/strong> Pacote de 10<\/li>\n<li><strong>Altura<\/strong> <strong>:<\/strong> 23 cm<\/li>\n<li><strong>Banda:<\/strong> 8,5 cm<\/li>\n<li><strong>Cor: <\/strong>Branco<\/li>\n<li><strong>Espessura:<\/strong> 70 g\/m\u00b2<\/li>\n<li><strong>Material:<\/strong> Papel<\/li>\n<\/ul>\n<p>&nbsp;<\/p>\n<p><!--more--><\/p>\n<p><a href=\"https:\/\/www.csj-emballages.com\/categorie-produit\/hygiene-et-entretiens\/equipements-individuels\/?_gl=1*3fy4i0*_up*MQ..*_ga*MTY1ODY1Mjg3OS4xNzY5Njk4MzI1*_ga_YNVJLRSSZT*czE3Njk2OTgzMjQkbzEkZzAkdDE3Njk2OTgzMzAkajU0JGwwJGgxNTA2NTE1NTg0\">Consulte o resto da nossa gama de equipamentos individuais<\/a><\/p>\n","protected":false},"excerpt":{"rendered":"<p>Toque de papel Descubra o nosso toque de papel plissado branco ajust\u00e1vel 230 mm por 10<\/p>\n","protected":false},"featured_media":262819,"template":"","meta":{"_acf_changed":false},"product_brand":[],"product_cat":[1222,2326,3608],"product_tag":[],"class_list":{"0":"post-24024","1":"product","2":"type-product","3":"status-publish","4":"has-post-thumbnail","6":"product_cat-higiene-e-manutencao","7":"product_cat-equipamento-individual","8":"product_cat-toques-pt-pt","10":"first","11":"instock","12":"taxable","13":"shipping-taxable","14":"purchasable","15":"product-type-simple"},"acf":[],"yoast_head":"<!-- This site is optimized with the Yoast SEO Premium plugin v26.6 (Yoast SEO v26.6) - https:\/\/yoast.com\/wordpress\/plugins\/seo\/ -->\n<title>Toque de Papel Plissado Branco Ajust\u00e1vel 230 mm por 10<\/title>\n<meta name=\"description\" content=\"Toque de papel plissado branco ajust\u00e1vel 230 mm vendido por 10. Leve, higi\u00e9nico e ideal para uma apresenta\u00e7\u00e3o profissional na cozinha.\" \/>\n<meta name=\"robots\" content=\"index, follow, max-snippet:-1, max-image-preview:large, max-video-preview:-1\" \/>\n<link rel=\"canonical\" href=\"https:\/\/www.csj-emballages.com\/pt-pt\/produit\/10-toques-de-papel-plissado-ajustaveis-de-230-mm\/\" \/>\n<meta property=\"og:locale\" content=\"pt_PT\" \/>\n<meta property=\"og:type\" content=\"article\" \/>\n<meta property=\"og:title\" content=\"Toque de papel plissado branco ajust\u00e1vel 230 mm por 10\" \/>\n<meta property=\"og:description\" content=\"Toque de papel plissado branco ajust\u00e1vel 230 mm vendido por 10. Leve, higi\u00e9nico e ideal para uma apresenta\u00e7\u00e3o profissional na cozinha.\" \/>\n<meta property=\"og:url\" content=\"https:\/\/www.csj-emballages.com\/pt-pt\/produit\/10-toques-de-papel-plissado-ajustaveis-de-230-mm\/\" \/>\n<meta property=\"og:site_name\" content=\"CSJ Emballages\" \/>\n<meta property=\"article:publisher\" content=\"https:\/\/www.facebook.com\/csjemballages\" \/>\n<meta property=\"article:modified_time\" content=\"2026-04-03T00:22:41+00:00\" \/>\n<meta property=\"og:image\" content=\"https:\/\/www.csj-emballages.com\/wp-content\/uploads\/2024\/03\/Toque-en-papier.webp\" \/>\n\t<meta property=\"og:image:width\" content=\"799\" \/>\n\t<meta property=\"og:image:height\" content=\"800\" \/>\n\t<meta property=\"og:image:type\" content=\"image\/webp\" \/>\n<meta name=\"twitter:card\" content=\"summary_large_image\" \/>\n<meta name=\"twitter:label1\" content=\"Tempo estimado de leitura\" \/>\n\t<meta name=\"twitter:data1\" content=\"2 minutos\" \/>\n<script type=\"application\/ld+json\" class=\"yoast-schema-graph\">{\"@context\":\"https:\/\/schema.org\",\"@graph\":[{\"@type\":\"WebPage\",\"@id\":\"https:\/\/www.csj-emballages.com\/pt-pt\/produit\/10-toques-de-papel-plissado-ajustaveis-de-230-mm\/\",\"url\":\"https:\/\/www.csj-emballages.com\/pt-pt\/produit\/10-toques-de-papel-plissado-ajustaveis-de-230-mm\/\",\"name\":\"Toque de Papel Plissado Branco Ajust\u00e1vel 230 mm por 10\",\"isPartOf\":{\"@id\":\"https:\/\/www.csj-emballages.com\/pt-pt\/#website\"},\"primaryImageOfPage\":{\"@id\":\"https:\/\/www.csj-emballages.com\/pt-pt\/produit\/10-toques-de-papel-plissado-ajustaveis-de-230-mm\/#primaryimage\"},\"image\":{\"@id\":\"https:\/\/www.csj-emballages.com\/pt-pt\/produit\/10-toques-de-papel-plissado-ajustaveis-de-230-mm\/#primaryimage\"},\"thumbnailUrl\":\"https:\/\/www.csj-emballages.com\/wp-content\/uploads\/2024\/03\/Toque-en-papier.webp\",\"datePublished\":\"2024-03-01T15:47:33+00:00\",\"dateModified\":\"2026-04-03T00:22:41+00:00\",\"description\":\"Toque de papel plissado branco ajust\u00e1vel 230 mm vendido por 10. Leve, higi\u00e9nico e ideal para uma apresenta\u00e7\u00e3o profissional na cozinha.\",\"breadcrumb\":{\"@id\":\"https:\/\/www.csj-emballages.com\/pt-pt\/produit\/10-toques-de-papel-plissado-ajustaveis-de-230-mm\/#breadcrumb\"},\"inLanguage\":\"pt-PT\",\"potentialAction\":[{\"@type\":\"ReadAction\",\"target\":[\"https:\/\/www.csj-emballages.com\/pt-pt\/produit\/10-toques-de-papel-plissado-ajustaveis-de-230-mm\/\"]}]},{\"@type\":\"ImageObject\",\"inLanguage\":\"pt-PT\",\"@id\":\"https:\/\/www.csj-emballages.com\/pt-pt\/produit\/10-toques-de-papel-plissado-ajustaveis-de-230-mm\/#primaryimage\",\"url\":\"https:\/\/www.csj-emballages.com\/wp-content\/uploads\/2024\/03\/Toque-en-papier.webp\",\"contentUrl\":\"https:\/\/www.csj-emballages.com\/wp-content\/uploads\/2024\/03\/Toque-en-papier.webp\",\"width\":799,\"height\":800,\"caption\":\"Toque en papier\"},{\"@type\":\"BreadcrumbList\",\"@id\":\"https:\/\/www.csj-emballages.com\/pt-pt\/produit\/10-toques-de-papel-plissado-ajustaveis-de-230-mm\/#breadcrumb\",\"itemListElement\":[{\"@type\":\"ListItem\",\"position\":1,\"name\":\"Acolhimento\",\"item\":\"https:\/\/www.csj-emballages.com\/pt-pt\/universo-das-embalagens-alimentares\/\"},{\"@type\":\"ListItem\",\"position\":2,\"name\":\"Shop\",\"item\":\"https:\/\/www.csj-emballages.com\/shop\/\"},{\"@type\":\"ListItem\",\"position\":3,\"name\":\"Toque de papel plissado branco ajust\u00e1vel 230 mm por 10\"}]},{\"@type\":\"WebSite\",\"@id\":\"https:\/\/www.csj-emballages.com\/pt-pt\/#website\",\"url\":\"https:\/\/www.csj-emballages.com\/pt-pt\/\",\"name\":\"CSJ Emballages\",\"description\":\"\",\"publisher\":{\"@id\":\"https:\/\/www.csj-emballages.com\/pt-pt\/#organization\"},\"potentialAction\":[{\"@type\":\"SearchAction\",\"target\":{\"@type\":\"EntryPoint\",\"urlTemplate\":\"https:\/\/www.csj-emballages.com\/pt-pt\/?s={search_term_string}\"},\"query-input\":{\"@type\":\"PropertyValueSpecification\",\"valueRequired\":true,\"valueName\":\"search_term_string\"}}],\"inLanguage\":\"pt-PT\"},{\"@type\":\"Organization\",\"@id\":\"https:\/\/www.csj-emballages.com\/pt-pt\/#Organization\/\",\"name\":\"CSJ Emballages\",\"url\":\"https:\/\/www.csj-emballages.com\/pt-pt\/\",\"logo\":{\"@type\":\"ImageObject\",\"inLanguage\":\"pt-PT\",\"@id\":\"https:\/\/www.csj-emballages.com\/pt-pt\/#\/schema\/logo\/image\/\",\"url\":\"https:\/\/www.csj-emballages.com\/wp-content\/uploads\/2023\/10\/logo_csj.webp\",\"contentUrl\":\"https:\/\/www.csj-emballages.com\/wp-content\/uploads\/2023\/10\/logo_csj.webp\",\"width\":250,\"height\":95,\"caption\":\"CSJ Emballages\"},\"image\":{\"@id\":\"https:\/\/www.csj-emballages.com\/pt-pt\/#\/schema\/logo\/image\/\"},\"sameAs\":[\"https:\/\/www.facebook.com\/csjemballages\"],\"address\":{\"@type\":\"PostalAddress\",\"streetAddress\":\"ZI La Lechere\",\"addressLocality\":\"Patornay\",\"postalCode\":\"39130\",\"addressCountry\":\"FR\"},\"contactPoint\":[{\"@type\":\"ContactPoint\",\"contactType\":\"Service client\",\"telephone\":\"0384254272\",\"email\":\"contact@csj-emballages.com\"}]}]}<\/script>\n<!-- \/ Yoast SEO Premium plugin. -->","yoast_head_json":{"title":"Toque de Papel Plissado Branco Ajust\u00e1vel 230 mm por 10","description":"Toque de papel plissado branco ajust\u00e1vel 230 mm vendido por 10. Leve, higi\u00e9nico e ideal para uma apresenta\u00e7\u00e3o profissional na cozinha.","robots":{"index":"index","follow":"follow","max-snippet":"max-snippet:-1","max-image-preview":"max-image-preview:large","max-video-preview":"max-video-preview:-1"},"canonical":"https:\/\/www.csj-emballages.com\/pt-pt\/produit\/10-toques-de-papel-plissado-ajustaveis-de-230-mm\/","og_locale":"pt_PT","og_type":"article","og_title":"Toque de papel plissado branco ajust\u00e1vel 230 mm por 10","og_description":"Toque de papel plissado branco ajust\u00e1vel 230 mm vendido por 10. Leve, higi\u00e9nico e ideal para uma apresenta\u00e7\u00e3o profissional na cozinha.","og_url":"https:\/\/www.csj-emballages.com\/pt-pt\/produit\/10-toques-de-papel-plissado-ajustaveis-de-230-mm\/","og_site_name":"CSJ Emballages","article_publisher":"https:\/\/www.facebook.com\/csjemballages","article_modified_time":"2026-04-03T00:22:41+00:00","og_image":[{"width":799,"height":800,"url":"https:\/\/www.csj-emballages.com\/wp-content\/uploads\/2024\/03\/Toque-en-papier.webp","type":"image\/webp"}],"twitter_card":"summary_large_image","twitter_misc":{"Tempo estimado de leitura":"2 minutos"},"schema":{"@context":"https:\/\/schema.org","@graph":[{"@type":"WebPage","@id":"https:\/\/www.csj-emballages.com\/pt-pt\/produit\/10-toques-de-papel-plissado-ajustaveis-de-230-mm\/","url":"https:\/\/www.csj-emballages.com\/pt-pt\/produit\/10-toques-de-papel-plissado-ajustaveis-de-230-mm\/","name":"Toque de Papel Plissado Branco Ajust\u00e1vel 230 mm por 10","isPartOf":{"@id":"https:\/\/www.csj-emballages.com\/pt-pt\/#website"},"primaryImageOfPage":{"@id":"https:\/\/www.csj-emballages.com\/pt-pt\/produit\/10-toques-de-papel-plissado-ajustaveis-de-230-mm\/#primaryimage"},"image":{"@id":"https:\/\/www.csj-emballages.com\/pt-pt\/produit\/10-toques-de-papel-plissado-ajustaveis-de-230-mm\/#primaryimage"},"thumbnailUrl":"https:\/\/www.csj-emballages.com\/wp-content\/uploads\/2024\/03\/Toque-en-papier.webp","datePublished":"2024-03-01T15:47:33+00:00","dateModified":"2026-04-03T00:22:41+00:00","description":"Toque de papel plissado branco ajust\u00e1vel 230 mm vendido por 10. Leve, higi\u00e9nico e ideal para uma apresenta\u00e7\u00e3o profissional na cozinha.","breadcrumb":{"@id":"https:\/\/www.csj-emballages.com\/pt-pt\/produit\/10-toques-de-papel-plissado-ajustaveis-de-230-mm\/#breadcrumb"},"inLanguage":"pt-PT","potentialAction":[{"@type":"ReadAction","target":["https:\/\/www.csj-emballages.com\/pt-pt\/produit\/10-toques-de-papel-plissado-ajustaveis-de-230-mm\/"]}]},{"@type":"ImageObject","inLanguage":"pt-PT","@id":"https:\/\/www.csj-emballages.com\/pt-pt\/produit\/10-toques-de-papel-plissado-ajustaveis-de-230-mm\/#primaryimage","url":"https:\/\/www.csj-emballages.com\/wp-content\/uploads\/2024\/03\/Toque-en-papier.webp","contentUrl":"https:\/\/www.csj-emballages.com\/wp-content\/uploads\/2024\/03\/Toque-en-papier.webp","width":799,"height":800,"caption":"Toque en papier"},{"@type":"BreadcrumbList","@id":"https:\/\/www.csj-emballages.com\/pt-pt\/produit\/10-toques-de-papel-plissado-ajustaveis-de-230-mm\/#breadcrumb","itemListElement":[{"@type":"ListItem","position":1,"name":"Acolhimento","item":"https:\/\/www.csj-emballages.com\/pt-pt\/universo-das-embalagens-alimentares\/"},{"@type":"ListItem","position":2,"name":"Shop","item":"https:\/\/www.csj-emballages.com\/shop\/"},{"@type":"ListItem","position":3,"name":"Toque de papel plissado branco ajust\u00e1vel 230 mm por 10"}]},{"@type":"WebSite","@id":"https:\/\/www.csj-emballages.com\/pt-pt\/#website","url":"https:\/\/www.csj-emballages.com\/pt-pt\/","name":"CSJ Emballages","description":"","publisher":{"@id":"https:\/\/www.csj-emballages.com\/pt-pt\/#organization"},"potentialAction":[{"@type":"SearchAction","target":{"@type":"EntryPoint","urlTemplate":"https:\/\/www.csj-emballages.com\/pt-pt\/?s={search_term_string}"},"query-input":{"@type":"PropertyValueSpecification","valueRequired":true,"valueName":"search_term_string"}}],"inLanguage":"pt-PT"},{"@type":"Organization","@id":"https:\/\/www.csj-emballages.com\/pt-pt\/#Organization\/","name":"CSJ Emballages","url":"https:\/\/www.csj-emballages.com\/pt-pt\/","logo":{"@type":"ImageObject","inLanguage":"pt-PT","@id":"https:\/\/www.csj-emballages.com\/pt-pt\/#\/schema\/logo\/image\/","url":"https:\/\/www.csj-emballages.com\/wp-content\/uploads\/2023\/10\/logo_csj.webp","contentUrl":"https:\/\/www.csj-emballages.com\/wp-content\/uploads\/2023\/10\/logo_csj.webp","width":250,"height":95,"caption":"CSJ Emballages"},"image":{"@id":"https:\/\/www.csj-emballages.com\/pt-pt\/#\/schema\/logo\/image\/"},"sameAs":["https:\/\/www.facebook.com\/csjemballages"],"address":{"@type":"PostalAddress","streetAddress":"ZI La Lechere","addressLocality":"Patornay","postalCode":"39130","addressCountry":"FR"},"contactPoint":[{"@type":"ContactPoint","contactType":"Service client","telephone":"0384254272","email":"contact@csj-emballages.com"}]}]}},"df_price":4.63,"df_sale_price":"","df_regular_price":4.63,"df_image_link":"https:\/\/www.csj-emballages.com\/wp-content\/uploads\/2024\/03\/Toque-en-papier-300x300.webp","tiered_pricing_type":"fixed","tiered_pricing_fixed_rules":[],"tiered_pricing_percentage_rules":[],"tiered_pricing_minimum":1,"tiered_pricing_roles_data":[],"_links":{"self":[{"href":"https:\/\/www.csj-emballages.com\/pt-pt\/wp-json\/wp\/v2\/product\/24024","targetHints":{"allow":["GET"]}}],"collection":[{"href":"https:\/\/www.csj-emballages.com\/pt-pt\/wp-json\/wp\/v2\/product"}],"about":[{"href":"https:\/\/www.csj-emballages.com\/pt-pt\/wp-json\/wp\/v2\/types\/product"}],"wp:featuredmedia":[{"embeddable":true,"href":"https:\/\/www.csj-emballages.com\/pt-pt\/wp-json\/wp\/v2\/media\/262819"}],"wp:attachment":[{"href":"https:\/\/www.csj-emballages.com\/pt-pt\/wp-json\/wp\/v2\/media?parent=24024"}],"wp:term":[{"taxonomy":"product_brand","embeddable":true,"href":"https:\/\/www.csj-emballages.com\/pt-pt\/wp-json\/wp\/v2\/product_brand?post=24024"},{"taxonomy":"product_cat","embeddable":true,"href":"https:\/\/www.csj-emballages.com\/pt-pt\/wp-json\/wp\/v2\/product_cat?post=24024"},{"taxonomy":"product_tag","embeddable":true,"href":"https:\/\/www.csj-emballages.com\/pt-pt\/wp-json\/wp\/v2\/product_tag?post=24024"}],"curies":[{"name":"wp","href":"https:\/\/api.w.org\/{rel}","templated":true}]}}