{"id":240003,"date":"2025-07-31T16:04:04","date_gmt":"2025-07-31T14:04:04","guid":{"rendered":"https:\/\/www.csj-emballages.com\/produit\/aparas-de-madeira-natural-5-kg\/"},"modified":"2026-03-12T16:09:21","modified_gmt":"2026-03-12T15:09:21","slug":"aparas-de-madeira-natural-5-kg","status":"publish","type":"product","link":"https:\/\/www.csj-emballages.com\/pt-pt\/produit\/aparas-de-madeira-natural-5-kg\/","title":{"rendered":"Aparas de madeira natural 5 kg"},"content":{"rendered":"<h2 id=\"prod-h1\" class=\"prod-details__name prod__name\">Curling de madeira<\/h2>\n<div style=\"font-family: Roboto, sans-serif;\">\n<div style=\"font-family: Roboto, sans-serif;\">\n<div style=\"font-family: Roboto, sans-serif;\">\n<div style=\"font-family: Roboto, sans-serif;\">\n<div style=\"font-family: Roboto, sans-serif;\">\n<div style=\"font-family: Roboto, sans-serif;\">\n<hr>\n<h3>Descri\u00e7\u00e3o das nossas aparas de madeira natural 5 kg<\/h3>\n<p><!--more--><\/p>\n<\/div>\n<\/div>\n<\/div>\n<\/div>\n<\/div>\n<\/div>\n<p data-start=\"232\" data-end=\"548\"><strong>O friso de madeira natural<\/strong> \u00e9 indispens\u00e1vel para quem procura uma forma atractiva, pr\u00e1tica e ecol\u00f3gica de proteger ou expor produtos. Esta <strong>caixa de 5 kg<\/strong> cont\u00e9m um engaste leve mas resistente feito de <strong>madeira 100% natural<\/strong>, n\u00e3o tratada e <strong>biodegrad\u00e1vel<\/strong>. <\/p>\n<p data-start=\"550\" data-end=\"953\">Ideal para profissionais de embalagem, artes\u00e3os, comerciantes de vinho e at\u00e9 mesmo para consumidores atentos aos pormenores, este <strong>engaste de madeira<\/strong> \u00e9 perfeito para proteger os seus artigos fr\u00e1geis durante o transporte ou apresenta\u00e7\u00f5es de presentes. Encaixa facilmente em caixas, cestos ou estojos e pode ser utilizado para fixar garrafas, copos, jarros, objectos decorativos ou produtos artesanais. <\/p>\n<p data-start=\"955\" data-end=\"1286\">Gra\u00e7as \u00e0 sua textura flex\u00edvel e ao seu <strong>aspeto natural<\/strong>, confere um verdadeiro toque de autenticidade \u00e0s suas encomendas. Refor\u00e7a a imagem artesanal ou topo de gama dos seus produtos. Tamb\u00e9m utilizado em composi\u00e7\u00f5es de Natal, cestos gourmet ou expositores de lojas, \u00e9 t\u00e3o atrativo pela sua apar\u00eancia como pela sua fun\u00e7\u00e3o.  <\/p>\n<p data-start=\"1288\" data-end=\"1543\">Vendida em <strong>caixas de 5 kg<\/strong>, esta embalagem generosa \u00e9 t\u00e3o adequada para profissionais com grandes necessidades como para utilizadores regulares. Em suma, \u00e9 uma escolha respons\u00e1vel, est\u00e9tica e econ\u00f3mica para valorizar a sua embalagem e proteger eficazmente os seus produtos. <\/p>\n<p><!--more--><\/p>\n<div style=\"font-family: Roboto, sans-serif;\">\n<div style=\"font-family: Roboto, sans-serif;\">\n<div style=\"font-family: Roboto, sans-serif;\">\n<div style=\"font-family: Roboto, sans-serif;\">\n<div style=\"font-family: Roboto, sans-serif;\">\n<div style=\"font-family: Roboto, sans-serif;\">\n<p><strong>Vantagens :<\/strong><\/p>\n<ul>\n<li>Madeira 100% natural, n\u00e3o tratada e biodegrad\u00e1vel.<\/li>\n<li>Proporciona uma prote\u00e7\u00e3o eficaz contra os choques durante o transporte.<\/li>\n<li>Proporciona um acabamento quente e natural.<\/li>\n<li><strong>Vers\u00e1til<\/strong>: ideal para caixas, cestos de oferta, encomendas e decora\u00e7\u00f5es.<\/li>\n<li><strong>Caixa de 5 kg<\/strong>: boa rela\u00e7\u00e3o volume\/peso para uma utiliza\u00e7\u00e3o frequente.<\/li>\n<\/ul>\n<p>&nbsp;<\/p>\n<\/div>\n<\/div>\n<\/div>\n<\/div>\n<\/div>\n<\/div>\n<p><!--more--><\/p>\n<h4>Outras informa\u00e7\u00f5es :<\/h4>\n<ul>\n<li><strong>Embalagem<\/strong>: Caixa de 5 kg<\/li>\n<li><strong>Material<\/strong>: Madeira<\/li>\n<\/ul>\n<p>&nbsp;<\/p>\n<p><!--more--><\/p>\n<p>Encontre o nosso papel pardo encravado aqui: <span style=\"color: #d12727;\"><a style=\"color: #d12727;\" href=\"https:\/\/www.csj-emballages.com\/es\/produit\/papel-de-embalaje-interkraft-1m-x-400ml\/\"><span style=\"color: #d12727;\">PB1X400<\/span><\/a><\/span><\/p>\n<p>&nbsp;<\/p>\n<p><!--more--><\/p>\n<p><a href=\"https:\/\/www.csj-emballages.com\/pt-pt\/categorie-produit\/embalagem-de-alimentos\/talho-e-charcutaria\/copos-jarras-copos\/verrines-pt-pt\/colheres-garfos\/\">Ver o resto da nossa gama de engastes<\/a><\/p>\n","protected":false},"excerpt":{"rendered":"<p>Curling de madeira Descri\u00e7\u00e3o das nossas aparas de madeira natural 5 kg<\/p>\n","protected":false},"featured_media":239987,"template":"","meta":{"_acf_changed":false},"product_brand":[],"product_cat":[1141,1482,3922,9388],"product_tag":[],"class_list":{"0":"post-240003","1":"product","2":"type-product","3":"status-publish","4":"has-post-thumbnail","6":"product_cat-embalagem-de-alimentos","7":"product_cat-loja-e-armazem","8":"product_cat-acessorios-e-equipamentos-pt-pt","9":"product_cat-frisado","11":"first","12":"outofstock","13":"taxable","14":"shipping-taxable","15":"purchasable","16":"product-type-simple"},"acf":[],"yoast_head":"<!-- This site is optimized with the Yoast SEO Premium plugin v26.6 (Yoast SEO v26.6) - https:\/\/yoast.com\/wordpress\/plugins\/seo\/ -->\n<title>Aparas de madeira natural 5 kg<\/title>\n<meta name=\"description\" content=\"Crimpado de madeira natural de 5 kg ideal para proteger e valorizar os seus produtos em caixas de oferta, pacotes ou cestos. Uma solu\u00e7\u00e3o ecol\u00f3gica e elegante.\" \/>\n<meta name=\"robots\" content=\"index, follow, max-snippet:-1, max-image-preview:large, max-video-preview:-1\" \/>\n<link rel=\"canonical\" href=\"https:\/\/www.csj-emballages.com\/pt-pt\/produit\/aparas-de-madeira-natural-5-kg\/\" \/>\n<meta property=\"og:locale\" content=\"pt_PT\" \/>\n<meta property=\"og:type\" content=\"article\" \/>\n<meta property=\"og:title\" content=\"Aparas de madeira natural 5 kg\" \/>\n<meta property=\"og:description\" content=\"Crimpado de madeira natural de 5 kg ideal para proteger e valorizar os seus produtos em caixas de oferta, pacotes ou cestos. Uma solu\u00e7\u00e3o ecol\u00f3gica e elegante.\" \/>\n<meta property=\"og:url\" content=\"https:\/\/www.csj-emballages.com\/pt-pt\/produit\/aparas-de-madeira-natural-5-kg\/\" \/>\n<meta property=\"og:site_name\" content=\"CSJ Emballages\" \/>\n<meta property=\"article:publisher\" content=\"https:\/\/www.facebook.com\/csjemballages\" \/>\n<meta property=\"article:modified_time\" content=\"2026-03-12T15:09:21+00:00\" \/>\n<meta property=\"og:image\" content=\"https:\/\/www.csj-emballages.com\/wp-content\/uploads\/2025\/07\/80370.webp\" \/>\n\t<meta property=\"og:image:width\" content=\"800\" \/>\n\t<meta property=\"og:image:height\" content=\"800\" \/>\n\t<meta property=\"og:image:type\" content=\"image\/webp\" \/>\n<meta name=\"twitter:card\" content=\"summary_large_image\" \/>\n<meta name=\"twitter:label1\" content=\"Tempo estimado de leitura\" \/>\n\t<meta name=\"twitter:data1\" content=\"1 minuto\" \/>\n<script type=\"application\/ld+json\" class=\"yoast-schema-graph\">{\"@context\":\"https:\/\/schema.org\",\"@graph\":[{\"@type\":\"WebPage\",\"@id\":\"https:\/\/www.csj-emballages.com\/pt-pt\/produit\/aparas-de-madeira-natural-5-kg\/\",\"url\":\"https:\/\/www.csj-emballages.com\/pt-pt\/produit\/aparas-de-madeira-natural-5-kg\/\",\"name\":\"Aparas de madeira natural 5 kg\",\"isPartOf\":{\"@id\":\"https:\/\/www.csj-emballages.com\/pt-pt\/#website\"},\"primaryImageOfPage\":{\"@id\":\"https:\/\/www.csj-emballages.com\/pt-pt\/produit\/aparas-de-madeira-natural-5-kg\/#primaryimage\"},\"image\":{\"@id\":\"https:\/\/www.csj-emballages.com\/pt-pt\/produit\/aparas-de-madeira-natural-5-kg\/#primaryimage\"},\"thumbnailUrl\":\"https:\/\/www.csj-emballages.com\/wp-content\/uploads\/2025\/07\/80370.webp\",\"datePublished\":\"2025-07-31T14:04:04+00:00\",\"dateModified\":\"2026-03-12T15:09:21+00:00\",\"description\":\"Crimpado de madeira natural de 5 kg ideal para proteger e valorizar os seus produtos em caixas de oferta, pacotes ou cestos. Uma solu\u00e7\u00e3o ecol\u00f3gica e elegante.\",\"breadcrumb\":{\"@id\":\"https:\/\/www.csj-emballages.com\/pt-pt\/produit\/aparas-de-madeira-natural-5-kg\/#breadcrumb\"},\"inLanguage\":\"pt-PT\",\"potentialAction\":[{\"@type\":\"ReadAction\",\"target\":[\"https:\/\/www.csj-emballages.com\/pt-pt\/produit\/aparas-de-madeira-natural-5-kg\/\"]}]},{\"@type\":\"ImageObject\",\"inLanguage\":\"pt-PT\",\"@id\":\"https:\/\/www.csj-emballages.com\/pt-pt\/produit\/aparas-de-madeira-natural-5-kg\/#primaryimage\",\"url\":\"https:\/\/www.csj-emballages.com\/wp-content\/uploads\/2025\/07\/80370.webp\",\"contentUrl\":\"https:\/\/www.csj-emballages.com\/wp-content\/uploads\/2025\/07\/80370.webp\",\"width\":800,\"height\":800,\"caption\":\"Frisure de bois\"},{\"@type\":\"BreadcrumbList\",\"@id\":\"https:\/\/www.csj-emballages.com\/pt-pt\/produit\/aparas-de-madeira-natural-5-kg\/#breadcrumb\",\"itemListElement\":[{\"@type\":\"ListItem\",\"position\":1,\"name\":\"Acolhimento\",\"item\":\"https:\/\/www.csj-emballages.com\/pt-pt\/universo-das-embalagens-alimentares\/\"},{\"@type\":\"ListItem\",\"position\":2,\"name\":\"Shop\",\"item\":\"https:\/\/www.csj-emballages.com\/shop\/\"},{\"@type\":\"ListItem\",\"position\":3,\"name\":\"Aparas de madeira natural 5 kg\"}]},{\"@type\":\"WebSite\",\"@id\":\"https:\/\/www.csj-emballages.com\/pt-pt\/#website\",\"url\":\"https:\/\/www.csj-emballages.com\/pt-pt\/\",\"name\":\"CSJ Emballages\",\"description\":\"\",\"publisher\":{\"@id\":\"https:\/\/www.csj-emballages.com\/pt-pt\/#organization\"},\"potentialAction\":[{\"@type\":\"SearchAction\",\"target\":{\"@type\":\"EntryPoint\",\"urlTemplate\":\"https:\/\/www.csj-emballages.com\/pt-pt\/?s={search_term_string}\"},\"query-input\":{\"@type\":\"PropertyValueSpecification\",\"valueRequired\":true,\"valueName\":\"search_term_string\"}}],\"inLanguage\":\"pt-PT\"},{\"@type\":\"Organization\",\"@id\":\"https:\/\/www.csj-emballages.com\/pt-pt\/#Organization\/\",\"name\":\"CSJ Emballages\",\"url\":\"https:\/\/www.csj-emballages.com\/pt-pt\/\",\"logo\":{\"@type\":\"ImageObject\",\"inLanguage\":\"pt-PT\",\"@id\":\"https:\/\/www.csj-emballages.com\/pt-pt\/#\/schema\/logo\/image\/\",\"url\":\"https:\/\/www.csj-emballages.com\/wp-content\/uploads\/2023\/10\/logo_csj.webp\",\"contentUrl\":\"https:\/\/www.csj-emballages.com\/wp-content\/uploads\/2023\/10\/logo_csj.webp\",\"width\":250,\"height\":95,\"caption\":\"CSJ Emballages\"},\"image\":{\"@id\":\"https:\/\/www.csj-emballages.com\/pt-pt\/#\/schema\/logo\/image\/\"},\"sameAs\":[\"https:\/\/www.facebook.com\/csjemballages\"],\"address\":{\"@type\":\"PostalAddress\",\"streetAddress\":\"ZI La Lechere\",\"addressLocality\":\"Patornay\",\"postalCode\":\"39130\",\"addressCountry\":\"FR\"},\"contactPoint\":[{\"@type\":\"ContactPoint\",\"contactType\":\"Service client\",\"telephone\":\"0384254272\",\"email\":\"contact@csj-emballages.com\"}]}]}<\/script>\n<!-- \/ Yoast SEO Premium plugin. -->","yoast_head_json":{"title":"Aparas de madeira natural 5 kg","description":"Crimpado de madeira natural de 5 kg ideal para proteger e valorizar os seus produtos em caixas de oferta, pacotes ou cestos. Uma solu\u00e7\u00e3o ecol\u00f3gica e elegante.","robots":{"index":"index","follow":"follow","max-snippet":"max-snippet:-1","max-image-preview":"max-image-preview:large","max-video-preview":"max-video-preview:-1"},"canonical":"https:\/\/www.csj-emballages.com\/pt-pt\/produit\/aparas-de-madeira-natural-5-kg\/","og_locale":"pt_PT","og_type":"article","og_title":"Aparas de madeira natural 5 kg","og_description":"Crimpado de madeira natural de 5 kg ideal para proteger e valorizar os seus produtos em caixas de oferta, pacotes ou cestos. Uma solu\u00e7\u00e3o ecol\u00f3gica e elegante.","og_url":"https:\/\/www.csj-emballages.com\/pt-pt\/produit\/aparas-de-madeira-natural-5-kg\/","og_site_name":"CSJ Emballages","article_publisher":"https:\/\/www.facebook.com\/csjemballages","article_modified_time":"2026-03-12T15:09:21+00:00","og_image":[{"width":800,"height":800,"url":"https:\/\/www.csj-emballages.com\/wp-content\/uploads\/2025\/07\/80370.webp","type":"image\/webp"}],"twitter_card":"summary_large_image","twitter_misc":{"Tempo estimado de leitura":"1 minuto"},"schema":{"@context":"https:\/\/schema.org","@graph":[{"@type":"WebPage","@id":"https:\/\/www.csj-emballages.com\/pt-pt\/produit\/aparas-de-madeira-natural-5-kg\/","url":"https:\/\/www.csj-emballages.com\/pt-pt\/produit\/aparas-de-madeira-natural-5-kg\/","name":"Aparas de madeira natural 5 kg","isPartOf":{"@id":"https:\/\/www.csj-emballages.com\/pt-pt\/#website"},"primaryImageOfPage":{"@id":"https:\/\/www.csj-emballages.com\/pt-pt\/produit\/aparas-de-madeira-natural-5-kg\/#primaryimage"},"image":{"@id":"https:\/\/www.csj-emballages.com\/pt-pt\/produit\/aparas-de-madeira-natural-5-kg\/#primaryimage"},"thumbnailUrl":"https:\/\/www.csj-emballages.com\/wp-content\/uploads\/2025\/07\/80370.webp","datePublished":"2025-07-31T14:04:04+00:00","dateModified":"2026-03-12T15:09:21+00:00","description":"Crimpado de madeira natural de 5 kg ideal para proteger e valorizar os seus produtos em caixas de oferta, pacotes ou cestos. Uma solu\u00e7\u00e3o ecol\u00f3gica e elegante.","breadcrumb":{"@id":"https:\/\/www.csj-emballages.com\/pt-pt\/produit\/aparas-de-madeira-natural-5-kg\/#breadcrumb"},"inLanguage":"pt-PT","potentialAction":[{"@type":"ReadAction","target":["https:\/\/www.csj-emballages.com\/pt-pt\/produit\/aparas-de-madeira-natural-5-kg\/"]}]},{"@type":"ImageObject","inLanguage":"pt-PT","@id":"https:\/\/www.csj-emballages.com\/pt-pt\/produit\/aparas-de-madeira-natural-5-kg\/#primaryimage","url":"https:\/\/www.csj-emballages.com\/wp-content\/uploads\/2025\/07\/80370.webp","contentUrl":"https:\/\/www.csj-emballages.com\/wp-content\/uploads\/2025\/07\/80370.webp","width":800,"height":800,"caption":"Frisure de bois"},{"@type":"BreadcrumbList","@id":"https:\/\/www.csj-emballages.com\/pt-pt\/produit\/aparas-de-madeira-natural-5-kg\/#breadcrumb","itemListElement":[{"@type":"ListItem","position":1,"name":"Acolhimento","item":"https:\/\/www.csj-emballages.com\/pt-pt\/universo-das-embalagens-alimentares\/"},{"@type":"ListItem","position":2,"name":"Shop","item":"https:\/\/www.csj-emballages.com\/shop\/"},{"@type":"ListItem","position":3,"name":"Aparas de madeira natural 5 kg"}]},{"@type":"WebSite","@id":"https:\/\/www.csj-emballages.com\/pt-pt\/#website","url":"https:\/\/www.csj-emballages.com\/pt-pt\/","name":"CSJ Emballages","description":"","publisher":{"@id":"https:\/\/www.csj-emballages.com\/pt-pt\/#organization"},"potentialAction":[{"@type":"SearchAction","target":{"@type":"EntryPoint","urlTemplate":"https:\/\/www.csj-emballages.com\/pt-pt\/?s={search_term_string}"},"query-input":{"@type":"PropertyValueSpecification","valueRequired":true,"valueName":"search_term_string"}}],"inLanguage":"pt-PT"},{"@type":"Organization","@id":"https:\/\/www.csj-emballages.com\/pt-pt\/#Organization\/","name":"CSJ Emballages","url":"https:\/\/www.csj-emballages.com\/pt-pt\/","logo":{"@type":"ImageObject","inLanguage":"pt-PT","@id":"https:\/\/www.csj-emballages.com\/pt-pt\/#\/schema\/logo\/image\/","url":"https:\/\/www.csj-emballages.com\/wp-content\/uploads\/2023\/10\/logo_csj.webp","contentUrl":"https:\/\/www.csj-emballages.com\/wp-content\/uploads\/2023\/10\/logo_csj.webp","width":250,"height":95,"caption":"CSJ Emballages"},"image":{"@id":"https:\/\/www.csj-emballages.com\/pt-pt\/#\/schema\/logo\/image\/"},"sameAs":["https:\/\/www.facebook.com\/csjemballages"],"address":{"@type":"PostalAddress","streetAddress":"ZI La Lechere","addressLocality":"Patornay","postalCode":"39130","addressCountry":"FR"},"contactPoint":[{"@type":"ContactPoint","contactType":"Service client","telephone":"0384254272","email":"contact@csj-emballages.com"}]}]}},"df_price":34.14,"df_sale_price":"","df_regular_price":34.14,"df_image_link":"https:\/\/www.csj-emballages.com\/wp-content\/uploads\/2025\/07\/80370-300x300.webp","tiered_pricing_type":"fixed","tiered_pricing_fixed_rules":[],"tiered_pricing_percentage_rules":[],"tiered_pricing_minimum":1,"tiered_pricing_roles_data":[],"_links":{"self":[{"href":"https:\/\/www.csj-emballages.com\/pt-pt\/wp-json\/wp\/v2\/product\/240003","targetHints":{"allow":["GET"]}}],"collection":[{"href":"https:\/\/www.csj-emballages.com\/pt-pt\/wp-json\/wp\/v2\/product"}],"about":[{"href":"https:\/\/www.csj-emballages.com\/pt-pt\/wp-json\/wp\/v2\/types\/product"}],"wp:featuredmedia":[{"embeddable":true,"href":"https:\/\/www.csj-emballages.com\/pt-pt\/wp-json\/wp\/v2\/media\/239987"}],"wp:attachment":[{"href":"https:\/\/www.csj-emballages.com\/pt-pt\/wp-json\/wp\/v2\/media?parent=240003"}],"wp:term":[{"taxonomy":"product_brand","embeddable":true,"href":"https:\/\/www.csj-emballages.com\/pt-pt\/wp-json\/wp\/v2\/product_brand?post=240003"},{"taxonomy":"product_cat","embeddable":true,"href":"https:\/\/www.csj-emballages.com\/pt-pt\/wp-json\/wp\/v2\/product_cat?post=240003"},{"taxonomy":"product_tag","embeddable":true,"href":"https:\/\/www.csj-emballages.com\/pt-pt\/wp-json\/wp\/v2\/product_tag?post=240003"}],"curies":[{"name":"wp","href":"https:\/\/api.w.org\/{rel}","templated":true}]}}